{"id":1137248,"date":"2024-06-11T19:07:02","date_gmt":"2024-06-11T18:07:02","guid":{"rendered":"https:\/\/positiveprints.com\/?post_type=product&#038;p=1137248"},"modified":"2026-04-28T13:48:29","modified_gmt":"2026-04-28T12:48:29","slug":"verliebt-verlobt-verheiratet-leinwandbild","status":"publish","type":"product","link":"https:\/\/positiveprints.com\/de\/produkt\/verliebt-verlobt-verheiratet-leinwandbild\/","title":{"rendered":"Verliebt Verlobt Verheiratet Leinwandbild"},"content":{"rendered":"<p>Suchst du nach einem einzigartigen und bedeutungsvollen Hochzeitsgeschenk? Unsere Karte \u201eVerliebt Verlobt Verheiratet\u201c als Leinwandbild ist die perfekte Wahl. Diese personalisierte Leinwand zeigt drei Karten, die jeweils einen wichtigen Meilenstein in der Beziehung des Paares hervorheben: wo sie sich kennengelernt, verlobt und geheiratet haben.<\/p>\r\n<h2>Erstelle ein \u201eVerliebt Verlobt Verheiratet\u201c Leinwandbild<\/h2>\r\n<p>Mit unserem \u201eVerliebt Verlobt Verheiratet\u201c Leinwandbild kannst du ein wirklich einzigartiges St\u00fcck erstellen. Rufe unseren einfachen Online-Creator auf, um loszulegen. W\u00e4hle die Form und die Kartenfarben \u2013 verwende unsere vordefinierten Farbschemata oder passe die Farben selbst an. Gebe als N\u00e4chstes die drei besonderen Orte ein: wo sich das Paar kennengelernt hat, wo es sich verlobt hat und wo es geheiratet hat. Du kannst hinein- und herauszoomen, um jede Karte genau so zu gestalten, wie du m\u00f6chtest. F\u00fcge herzf\u00f6rmige Markierungen hinzu, um die genauen Orte zu bestimmen und f\u00fcge unter jeder der Karten Titel und drei benutzerdefinierte Texte hinzu, z. B. \u201eWo wir uns kennengelernt haben\u201c, \u201eWo wir uns verlobt haben\u201c und \u201eWo wir uns das Jawort gegeben haben\u201c.<\/p>\r\n<h2>Perfektes Geschenk f\u00fcr besondere Anl\u00e4sse<\/h2>\r\n<p>Unsere \u201eVerliebt Verlobt Verheiratet\u201c Leinwandbild ist ein ideales Geschenk f\u00fcr Freunde, die geheiratet haben. Stelle dir die Freude vor, wenn das gl\u00fcckliche Paar eine personalisierte Leinwand erh\u00e4lt, auf der die drei wichtigsten Meilensteine \u200b\u200bihrer Beziehung festgehalten sind.<\/p>\r\n<h2>Warum solltest du dich f\u00fcr unsere Leinwandkarte \u201eVerliebt Verlobt Verheiratet\u201c entscheiden?<\/h2>\r\n<p>Mit unserer Vielzahl an Leinwandoptionen ist es ganz einfach, das richtige Format auszuw\u00e4hlen, sodass die Karte an jeder Wand fantastisch aussehen wird. Die Bestellung ist ganz einfach \u2013 besuche einfach unsere Website, gebe den gew\u00fcnschten Ort ein, passe die Karte an, f\u00fcge eine pers\u00f6nliche Nachricht hinzu, w\u00e4hle dein Leinwandformat und gebe deine Bestellung auf. Wir k\u00fcmmern uns um den Rest und sorgen daf\u00fcr, dass deine Leinwand mit Sorgfalt hergestellt und geliefert wird.<\/p>\r\n<p>Mache ein Geschenk, das f\u00fcr immer gesch\u00e4tzt wird. Die Leinwandkarte \u201eVerliebt Verlobt Verheiratet\u201c ist eine bleibende Hommage an die besonderen Orte, an denen sich die Liebesgeschichte des Paares abspielte und ist damit ein kreatives und bedeutungsvolles Geschenk f\u00fcr jedes frisch verheiratete Paar.<\/p>","protected":false},"excerpt":{"rendered":"<ul class=\"check-list\">\n<li>Feiere drei Meilensteine einer Beziehung mit einer personalisierten Karte, das einem einzigartigen und gef\u00fchlvollen Andenken in Ehren halten wird<\/li>\n<li>Markiere einen besonderen Ort mit einem ausgew\u00e4hlten Symbol<\/li>\n<li>In 3 einfachen Schritten anpassen<\/li>\n<li>F\u00fcge einen aussagekr\u00e4ftigen personalisierten Text hinzu<\/li>\n<li>Schaue dir bei jedem Schritt eine Vorschau deines Designs an<\/li>\n<\/ul>\n","protected":false},"featured_media":1161262,"template":"","meta":[],"product_brand":[],"product_cat":[11142,8200,8209,105,11169,11163,11166,7926,7639,7750,7798],"product_tag":[16240,8478],"class_list":{"0":"post-1137248","1":"product","2":"type-product","3":"status-publish","4":"has-post-thumbnail","6":"product_cat-leinwand","7":"product_cat-fur-sie-de","8":"product_cat-fur-ihn-de","9":"product_cat-alle-produkte","10":"product_cat-jahrestag-geschenk-fur-paare","11":"product_cat-jahrestag-geschenke-fur-sie","12":"product_cat-jahrestag-geschenk-fur-ihn","13":"product_cat-brautduschen-geschenke","14":"product_cat-geschenke-fur-deinen-ehemann","15":"product_cat-geschenke-fur-deine-ehefrau","16":"product_cat-geschenke-fur-paare","17":"product_tag-personalisierte-leinwande","18":"product_tag-wedding-de","20":"first","21":"instock","22":"sale","23":"taxable","24":"shipping-taxable","25":"purchasable","26":"product-type-variable"},"yoast_head":"<!-- This site is optimized with the Yoast SEO Premium plugin v27.2 (Yoast SEO v27.2) - https:\/\/yoast.com\/product\/yoast-seo-premium-wordpress\/ -->\n<title>Verliebt Verlobt Verheiratet Leinwandbild - Positive Prints<\/title>\n<meta name=\"description\" content=\"Unsere Verliebt Verlobt Verheiratet Leinwandbild ist ein ideales Geschenk f\u00fcr Freunde, die geheiratet haben.\" \/>\n<meta name=\"robots\" content=\"index, follow, max-snippet:-1, max-image-preview:large, max-video-preview:-1\" \/>\n<link rel=\"canonical\" href=\"https:\/\/positiveprints.com\/de\/produkt\/verliebt-verlobt-verheiratet-leinwandbild\/\" \/>\n<meta property=\"og:locale\" content=\"de_DE\" \/>\n<meta property=\"og:type\" content=\"article\" \/>\n<meta property=\"og:title\" content=\"Verliebt Verlobt Verheiratet Leinwandbild\" \/>\n<meta property=\"og:description\" content=\"Feiere drei Meilensteine einer Beziehung mit einer personalisierten Karte, das einem einzigartigen und gef\u00fchlvollen Andenken in Ehren halten wird Markiere einen besonderen Ort mit einem ausgew\u00e4hlten Symbol In 3 einfachen Schritten anpassen F\u00fcge einen aussagekr\u00e4ftigen personalisierten Text hinzu Schaue dir bei jedem Schritt eine Vorschau deines Designs an\" \/>\n<meta property=\"og:url\" content=\"https:\/\/positiveprints.com\/de\/produkt\/verliebt-verlobt-verheiratet-leinwandbild\/\" \/>\n<meta property=\"og:site_name\" content=\"Positive Prints\" \/>\n<meta property=\"article:publisher\" content=\"https:\/\/www.facebook.com\/positiveprintscom\" \/>\n<meta property=\"article:modified_time\" content=\"2026-04-28T12:48:29+00:00\" \/>\n<meta property=\"og:image\" content=\"https:\/\/positiveprints.com\/wp-content\/uploads\/2024\/07\/Verliebt-Verlobt-Verheiratet-Leinwandbild.jpg\" \/>\n\t<meta property=\"og:image:width\" content=\"1080\" \/>\n\t<meta property=\"og:image:height\" content=\"1080\" \/>\n\t<meta property=\"og:image:type\" content=\"image\/jpeg\" \/>\n<meta name=\"twitter:card\" content=\"summary_large_image\" \/>\n<!-- \/ Yoast SEO Premium plugin. -->","yoast_head_json":{"title":"Verliebt Verlobt Verheiratet Leinwandbild - Positive Prints","description":"Unsere Verliebt Verlobt Verheiratet Leinwandbild ist ein ideales Geschenk f\u00fcr Freunde, die geheiratet haben.","robots":{"index":"index","follow":"follow","max-snippet":"max-snippet:-1","max-image-preview":"max-image-preview:large","max-video-preview":"max-video-preview:-1"},"canonical":"https:\/\/positiveprints.com\/de\/produkt\/verliebt-verlobt-verheiratet-leinwandbild\/","og_locale":"de_DE","og_type":"article","og_title":"Verliebt Verlobt Verheiratet Leinwandbild","og_description":"Feiere drei Meilensteine einer Beziehung mit einer personalisierten Karte, das einem einzigartigen und gef\u00fchlvollen Andenken in Ehren halten wird Markiere einen besonderen Ort mit einem ausgew\u00e4hlten Symbol In 3 einfachen Schritten anpassen F\u00fcge einen aussagekr\u00e4ftigen personalisierten Text hinzu Schaue dir bei jedem Schritt eine Vorschau deines Designs an","og_url":"https:\/\/positiveprints.com\/de\/produkt\/verliebt-verlobt-verheiratet-leinwandbild\/","og_site_name":"Positive Prints","article_publisher":"https:\/\/www.facebook.com\/positiveprintscom","article_modified_time":"2026-04-28T12:48:29+00:00","og_image":[{"width":1080,"height":1080,"url":"https:\/\/positiveprints.com\/wp-content\/uploads\/2024\/07\/Verliebt-Verlobt-Verheiratet-Leinwandbild.jpg","type":"image\/jpeg"}],"twitter_card":"summary_large_image","schema":{"@context":"https:\/\/schema.org","@graph":[{"@type":["WebPage","ItemPage"],"@id":"https:\/\/positiveprints.com\/de\/produkt\/verliebt-verlobt-verheiratet-leinwandbild\/","url":"https:\/\/positiveprints.com\/de\/produkt\/verliebt-verlobt-verheiratet-leinwandbild\/","name":"Verliebt Verlobt Verheiratet Leinwandbild - Positive Prints","isPartOf":{"@id":"https:\/\/positiveprints.com\/de\/#website"},"primaryImageOfPage":{"@id":"https:\/\/positiveprints.com\/de\/produkt\/verliebt-verlobt-verheiratet-leinwandbild\/#primaryimage"},"image":{"@id":"https:\/\/positiveprints.com\/de\/produkt\/verliebt-verlobt-verheiratet-leinwandbild\/#primaryimage"},"thumbnailUrl":"https:\/\/positiveprints.com\/wp-content\/uploads\/2024\/07\/Verliebt-Verlobt-Verheiratet-Leinwandbild.jpg","datePublished":"2024-06-11T18:07:02+00:00","dateModified":"2026-04-28T12:48:29+00:00","description":"Unsere Verliebt Verlobt Verheiratet Leinwandbild ist ein ideales Geschenk f\u00fcr Freunde, die geheiratet haben.","breadcrumb":{"@id":"https:\/\/positiveprints.com\/de\/produkt\/verliebt-verlobt-verheiratet-leinwandbild\/#breadcrumb"},"inLanguage":"de","potentialAction":[{"@type":"ReadAction","target":["https:\/\/positiveprints.com\/de\/produkt\/verliebt-verlobt-verheiratet-leinwandbild\/"]}]},{"@type":"ImageObject","inLanguage":"de","@id":"https:\/\/positiveprints.com\/de\/produkt\/verliebt-verlobt-verheiratet-leinwandbild\/#primaryimage","url":"https:\/\/positiveprints.com\/wp-content\/uploads\/2024\/07\/Verliebt-Verlobt-Verheiratet-Leinwandbild.jpg","contentUrl":"https:\/\/positiveprints.com\/wp-content\/uploads\/2024\/07\/Verliebt-Verlobt-Verheiratet-Leinwandbild.jpg","width":1080,"height":1080},{"@type":"BreadcrumbList","@id":"https:\/\/positiveprints.com\/de\/produkt\/verliebt-verlobt-verheiratet-leinwandbild\/#breadcrumb","itemListElement":[{"@type":"ListItem","position":1,"name":"Startseite","item":"https:\/\/positiveprints.com\/de\/"},{"@type":"ListItem","position":2,"name":"Produkte","item":"https:\/\/positiveprints.com\/de\/shop\/"},{"@type":"ListItem","position":3,"name":"Verliebt Verlobt Verheiratet Leinwandbild"}]},{"@type":"WebSite","@id":"https:\/\/positiveprints.com\/de\/#website","url":"https:\/\/positiveprints.com\/de\/","name":"Positive Prints","description":"Amazing Custom Personalized Gifts","publisher":{"@id":"https:\/\/positiveprints.com\/de\/#organization"},"potentialAction":[{"@type":"SearchAction","target":{"@type":"EntryPoint","urlTemplate":"https:\/\/positiveprints.com\/de\/?s={search_term_string}"},"query-input":{"@type":"PropertyValueSpecification","valueRequired":true,"valueName":"search_term_string"}}],"inLanguage":"de"},{"@type":"Organization","@id":"https:\/\/positiveprints.com\/de\/#organization","name":"Positive Prints","alternateName":"Positive Prints","url":"https:\/\/positiveprints.com\/de\/","logo":{"@type":"ImageObject","inLanguage":"de","@id":"https:\/\/positiveprints.com\/de\/#\/schema\/logo\/image\/","url":"https:\/\/positiveprints.com\/wp-content\/uploads\/2026\/03\/245815646_1337939713319158_5671353136411139666_n.png","contentUrl":"https:\/\/positiveprints.com\/wp-content\/uploads\/2026\/03\/245815646_1337939713319158_5671353136411139666_n.png","width":800,"height":800,"caption":"Positive Prints"},"image":{"@id":"https:\/\/positiveprints.com\/de\/#\/schema\/logo\/image\/"},"sameAs":["https:\/\/www.facebook.com\/positiveprintscom","https:\/\/www.instagram.com\/positiveprintscom\/","https:\/\/www.tiktok.com\/@positiveprintscom","https:\/\/www.pinterest.com\/positiveprintscom\/"]}]}},"jetpack_sharing_enabled":true,"_links":{"self":[{"href":"https:\/\/positiveprints.com\/de\/wp-json\/wp\/v2\/product\/1137248","targetHints":{"allow":["GET"]}}],"collection":[{"href":"https:\/\/positiveprints.com\/de\/wp-json\/wp\/v2\/product"}],"about":[{"href":"https:\/\/positiveprints.com\/de\/wp-json\/wp\/v2\/types\/product"}],"wp:featuredmedia":[{"embeddable":true,"href":"https:\/\/positiveprints.com\/de\/wp-json\/wp\/v2\/media\/1161262"}],"wp:attachment":[{"href":"https:\/\/positiveprints.com\/de\/wp-json\/wp\/v2\/media?parent=1137248"}],"wp:term":[{"taxonomy":"product_brand","embeddable":true,"href":"https:\/\/positiveprints.com\/de\/wp-json\/wp\/v2\/product_brand?post=1137248"},{"taxonomy":"product_cat","embeddable":true,"href":"https:\/\/positiveprints.com\/de\/wp-json\/wp\/v2\/product_cat?post=1137248"},{"taxonomy":"product_tag","embeddable":true,"href":"https:\/\/positiveprints.com\/de\/wp-json\/wp\/v2\/product_tag?post=1137248"}],"curies":[{"name":"wp","href":"https:\/\/api.w.org\/{rel}","templated":true}]}}