{"id":1137229,"date":"2024-06-11T18:01:06","date_gmt":"2024-06-11T17:01:06","guid":{"rendered":"https:\/\/positiveprints.com\/?post_type=product&#038;p=1137229"},"modified":"2026-04-18T04:13:08","modified_gmt":"2026-04-18T03:13:08","slug":"verlobungskarte-auf-leinwand","status":"publish","type":"product","link":"https:\/\/positiveprints.com\/de\/produkt\/verlobungskarte-auf-leinwand\/","title":{"rendered":"Verlobungskarte auf Leinwand"},"content":{"rendered":"<p>Du suchst ein einzigartiges und herzliches Geschenk f\u00fcr ein verlobtes Paar? Unsere Verlobungskarte auf Leinwand ist die perfekte Wahl. Hebe den besonderen Ort, an dem der Heiratsantrag stattfand, mit einer wundersch\u00f6nen, personalisierten Karte hervor.<\/p>\r\n\r\n<h2>Erstelle eine Verlobungskarte auf Leinwand<\/h2>\r\n\r\n<p>Mit unserer Verlobungskarte auf Leinwand kannst du ein wirklich einzigartiges St\u00fcck erstellen. Rufe unseren einfachen Online-Editor auf, um loszulegen. W\u00e4hle die Form und die Kartenfarben \u2013 verwende unsere vordefinierten Farbschemata oder passe die Farben selbst an. Gebe als N\u00e4chstes den Ort ein, an dem die Verlobung stattfand. Du kannst hinein- und herauszoomen, um die Karte genau so zu gestalten, wie du m\u00f6chtest. F\u00fcge eine herzf\u00f6rmige Markierung hinzu, um den genauen Ort zu bestimmen und f\u00fcge unten eine pers\u00f6nliche Nachricht ein, z. B. \u201eSie hat Ja gesagt\u201c oder \u201eWo alles begann\u201c.<\/p>\r\n\r\n<h2>Perfektes Geschenk f\u00fcr besondere Anl\u00e4sse<\/h2>\r\n\r\n<p>Unsere Verlobungskarte auf Leinwand ist ein ideales Geschenk f\u00fcr Freunde, die sich verlobt haben. Stelle dir die Freude vor, wenn das gl\u00fcckliche Paar eine personalisierte Leinwand erh\u00e4lt, die den besonderen Ort festh\u00e4lt, an dem sie den n\u00e4chsten Schritt auf ihrer gemeinsamen Reise gemacht haben.<\/p>\r\n\r\n<h2>Warum solltest du dich f\u00fcr unsere Verlobungskarte auf Leinwand entscheiden?<\/h2>\r\n\r\n<p>Mit unserer Vielzahl an Leinwandoptionen ist es ganz einfach, das richtige Format auszuw\u00e4hlen, sodass die Karte an jeder Wand fantastisch aussehen wird. Die Bestellung ist ganz einfach \u2013 besuche einfach unsere Website, gebe den gew\u00fcnschten Ort ein, passe die Karte an, f\u00fcge eine pers\u00f6nliche Nachricht hinzu, w\u00e4hle dein Leinwandformat und gebe deine Bestellung auf. Wir k\u00fcmmern uns um den Rest und sorgen daf\u00fcr, dass deine Leinwand mit Sorgfalt hergestellt und geliefert wird.<\/p>\r\n\r\n<p>Mache ein Geschenk, das f\u00fcr immer in Erinnerung bleibt. Die Verlobungskartenleinwand ist eine bleibende Hommage an den besonderen Ort, an dem der Heiratsantrag stattfand, und ist somit ein kreatives und bedeutungsvolles Geschenk f\u00fcr jedes verlobte Paar.<\/p>","protected":false},"excerpt":{"rendered":"<ul class=\"check-list\">\n<li>Markiere den besonderen Ort, an dem der Heiratsantrag stattfand<\/li>\n<li>Markiere einen besonderen Ort mit einem ausgew\u00e4hlten Symbol<\/li>\n<li>In 3 einfachen Schritten anpassen<\/li>\n<li>F\u00fcge einen aussagekr\u00e4ftigen personalisierten Text hinzu<\/li>\n<li>Schaue dir bei jedem Schritt eine Vorschau deines Designs an<\/li>\n<\/ul>\n","protected":false},"featured_media":1159836,"template":"","meta":[],"product_brand":[],"product_cat":[11142,105],"product_tag":[16240,8433],"class_list":{"0":"post-1137229","1":"product","2":"type-product","3":"status-publish","4":"has-post-thumbnail","6":"product_cat-leinwand","7":"product_cat-alle-produkte","8":"product_tag-personalisierte-leinwande","9":"product_tag-verlobung","11":"first","12":"instock","13":"sale","14":"taxable","15":"shipping-taxable","16":"purchasable","17":"product-type-variable"},"yoast_head":"<!-- This site is optimized with the Yoast SEO Premium plugin v27.2 (Yoast SEO v27.2) - https:\/\/yoast.com\/product\/yoast-seo-premium-wordpress\/ -->\n<title>Verlobungskarte auf Leinwand - Positive Prints<\/title>\n<meta name=\"description\" content=\"Suchst du nach einem einzigartigen Geschenk f\u00fcr ein verlobtes Paar? Hebe den besonderen Ort hervor, an dem der Heiratsantrag stattfand, mit einer wundersch\u00f6nen Verlobungskartenleinwand.\" \/>\n<meta name=\"robots\" content=\"index, follow, max-snippet:-1, max-image-preview:large, max-video-preview:-1\" \/>\n<link rel=\"canonical\" href=\"https:\/\/positiveprints.com\/de\/produkt\/verlobungskarte-auf-leinwand\/\" \/>\n<meta property=\"og:locale\" content=\"de_DE\" \/>\n<meta property=\"og:type\" content=\"article\" \/>\n<meta property=\"og:title\" content=\"Verlobungskarte auf Leinwand\" \/>\n<meta property=\"og:description\" content=\"Markiere den besonderen Ort, an dem der Heiratsantrag stattfand Markiere einen besonderen Ort mit einem ausgew\u00e4hlten Symbol In 3 einfachen Schritten anpassen F\u00fcge einen aussagekr\u00e4ftigen personalisierten Text hinzu Schaue dir bei jedem Schritt eine Vorschau deines Designs an\" \/>\n<meta property=\"og:url\" content=\"https:\/\/positiveprints.com\/de\/produkt\/verlobungskarte-auf-leinwand\/\" \/>\n<meta property=\"og:site_name\" content=\"Positive Prints\" \/>\n<meta property=\"article:publisher\" content=\"https:\/\/www.facebook.com\/positiveprintscom\" \/>\n<meta property=\"article:modified_time\" content=\"2026-04-18T03:13:08+00:00\" \/>\n<meta property=\"og:image\" content=\"https:\/\/positiveprints.com\/wp-content\/uploads\/2024\/07\/Verlobungskarte-auf-Leinwand.jpg\" \/>\n\t<meta property=\"og:image:width\" content=\"1080\" \/>\n\t<meta property=\"og:image:height\" content=\"1080\" \/>\n\t<meta property=\"og:image:type\" content=\"image\/jpeg\" \/>\n<meta name=\"twitter:card\" content=\"summary_large_image\" \/>\n<meta name=\"twitter:label1\" content=\"Gesch\u00e4tzte Lesezeit\" \/>\n\t<meta name=\"twitter:data1\" content=\"2\u00a0Minuten\" \/>\n<!-- \/ Yoast SEO Premium plugin. -->","yoast_head_json":{"title":"Verlobungskarte auf Leinwand - Positive Prints","description":"Suchst du nach einem einzigartigen Geschenk f\u00fcr ein verlobtes Paar? Hebe den besonderen Ort hervor, an dem der Heiratsantrag stattfand, mit einer wundersch\u00f6nen Verlobungskartenleinwand.","robots":{"index":"index","follow":"follow","max-snippet":"max-snippet:-1","max-image-preview":"max-image-preview:large","max-video-preview":"max-video-preview:-1"},"canonical":"https:\/\/positiveprints.com\/de\/produkt\/verlobungskarte-auf-leinwand\/","og_locale":"de_DE","og_type":"article","og_title":"Verlobungskarte auf Leinwand","og_description":"Markiere den besonderen Ort, an dem der Heiratsantrag stattfand Markiere einen besonderen Ort mit einem ausgew\u00e4hlten Symbol In 3 einfachen Schritten anpassen F\u00fcge einen aussagekr\u00e4ftigen personalisierten Text hinzu Schaue dir bei jedem Schritt eine Vorschau deines Designs an","og_url":"https:\/\/positiveprints.com\/de\/produkt\/verlobungskarte-auf-leinwand\/","og_site_name":"Positive Prints","article_publisher":"https:\/\/www.facebook.com\/positiveprintscom","article_modified_time":"2026-04-18T03:13:08+00:00","og_image":[{"width":1080,"height":1080,"url":"https:\/\/positiveprints.com\/wp-content\/uploads\/2024\/07\/Verlobungskarte-auf-Leinwand.jpg","type":"image\/jpeg"}],"twitter_card":"summary_large_image","twitter_misc":{"Gesch\u00e4tzte Lesezeit":"2\u00a0Minuten"},"schema":{"@context":"https:\/\/schema.org","@graph":[{"@type":["WebPage","ItemPage"],"@id":"https:\/\/positiveprints.com\/de\/produkt\/verlobungskarte-auf-leinwand\/","url":"https:\/\/positiveprints.com\/de\/produkt\/verlobungskarte-auf-leinwand\/","name":"Verlobungskarte auf Leinwand - Positive Prints","isPartOf":{"@id":"https:\/\/positiveprints.com\/de\/#website"},"primaryImageOfPage":{"@id":"https:\/\/positiveprints.com\/de\/produkt\/verlobungskarte-auf-leinwand\/#primaryimage"},"image":{"@id":"https:\/\/positiveprints.com\/de\/produkt\/verlobungskarte-auf-leinwand\/#primaryimage"},"thumbnailUrl":"https:\/\/positiveprints.com\/wp-content\/uploads\/2024\/07\/Verlobungskarte-auf-Leinwand.jpg","datePublished":"2024-06-11T17:01:06+00:00","dateModified":"2026-04-18T03:13:08+00:00","description":"Suchst du nach einem einzigartigen Geschenk f\u00fcr ein verlobtes Paar? Hebe den besonderen Ort hervor, an dem der Heiratsantrag stattfand, mit einer wundersch\u00f6nen Verlobungskartenleinwand.","breadcrumb":{"@id":"https:\/\/positiveprints.com\/de\/produkt\/verlobungskarte-auf-leinwand\/#breadcrumb"},"inLanguage":"de","potentialAction":[{"@type":"ReadAction","target":["https:\/\/positiveprints.com\/de\/produkt\/verlobungskarte-auf-leinwand\/"]}]},{"@type":"ImageObject","inLanguage":"de","@id":"https:\/\/positiveprints.com\/de\/produkt\/verlobungskarte-auf-leinwand\/#primaryimage","url":"https:\/\/positiveprints.com\/wp-content\/uploads\/2024\/07\/Verlobungskarte-auf-Leinwand.jpg","contentUrl":"https:\/\/positiveprints.com\/wp-content\/uploads\/2024\/07\/Verlobungskarte-auf-Leinwand.jpg","width":1080,"height":1080},{"@type":"BreadcrumbList","@id":"https:\/\/positiveprints.com\/de\/produkt\/verlobungskarte-auf-leinwand\/#breadcrumb","itemListElement":[{"@type":"ListItem","position":1,"name":"Startseite","item":"https:\/\/positiveprints.com\/de\/"},{"@type":"ListItem","position":2,"name":"Produkte","item":"https:\/\/positiveprints.com\/de\/shop\/"},{"@type":"ListItem","position":3,"name":"Verlobungskarte auf Leinwand"}]},{"@type":"WebSite","@id":"https:\/\/positiveprints.com\/de\/#website","url":"https:\/\/positiveprints.com\/de\/","name":"Positive Prints","description":"Amazing Custom Personalized Gifts","publisher":{"@id":"https:\/\/positiveprints.com\/de\/#organization"},"potentialAction":[{"@type":"SearchAction","target":{"@type":"EntryPoint","urlTemplate":"https:\/\/positiveprints.com\/de\/?s={search_term_string}"},"query-input":{"@type":"PropertyValueSpecification","valueRequired":true,"valueName":"search_term_string"}}],"inLanguage":"de"},{"@type":"Organization","@id":"https:\/\/positiveprints.com\/de\/#organization","name":"Positive Prints","alternateName":"Positive Prints","url":"https:\/\/positiveprints.com\/de\/","logo":{"@type":"ImageObject","inLanguage":"de","@id":"https:\/\/positiveprints.com\/de\/#\/schema\/logo\/image\/","url":"https:\/\/positiveprints.com\/wp-content\/uploads\/2026\/03\/245815646_1337939713319158_5671353136411139666_n.png","contentUrl":"https:\/\/positiveprints.com\/wp-content\/uploads\/2026\/03\/245815646_1337939713319158_5671353136411139666_n.png","width":800,"height":800,"caption":"Positive Prints"},"image":{"@id":"https:\/\/positiveprints.com\/de\/#\/schema\/logo\/image\/"},"sameAs":["https:\/\/www.facebook.com\/positiveprintscom","https:\/\/www.instagram.com\/positiveprintscom\/","https:\/\/www.tiktok.com\/@positiveprintscom","https:\/\/www.pinterest.com\/positiveprintscom\/"]}]}},"jetpack_sharing_enabled":true,"_links":{"self":[{"href":"https:\/\/positiveprints.com\/de\/wp-json\/wp\/v2\/product\/1137229","targetHints":{"allow":["GET"]}}],"collection":[{"href":"https:\/\/positiveprints.com\/de\/wp-json\/wp\/v2\/product"}],"about":[{"href":"https:\/\/positiveprints.com\/de\/wp-json\/wp\/v2\/types\/product"}],"wp:featuredmedia":[{"embeddable":true,"href":"https:\/\/positiveprints.com\/de\/wp-json\/wp\/v2\/media\/1159836"}],"wp:attachment":[{"href":"https:\/\/positiveprints.com\/de\/wp-json\/wp\/v2\/media?parent=1137229"}],"wp:term":[{"taxonomy":"product_brand","embeddable":true,"href":"https:\/\/positiveprints.com\/de\/wp-json\/wp\/v2\/product_brand?post=1137229"},{"taxonomy":"product_cat","embeddable":true,"href":"https:\/\/positiveprints.com\/de\/wp-json\/wp\/v2\/product_cat?post=1137229"},{"taxonomy":"product_tag","embeddable":true,"href":"https:\/\/positiveprints.com\/de\/wp-json\/wp\/v2\/product_tag?post=1137229"}],"curies":[{"name":"wp","href":"https:\/\/api.w.org\/{rel}","templated":true}]}}