{"id":1131915,"date":"2024-05-24T13:19:44","date_gmt":"2024-05-24T12:19:44","guid":{"rendered":"https:\/\/positiveprints.com\/?post_type=product&#038;p=1131915"},"modified":"2026-04-03T02:52:06","modified_gmt":"2026-04-03T01:52:06","slug":"jubilaeum-schmuck-mit-strichzeichnungen","status":"publish","type":"product","link":"https:\/\/positiveprints.com\/de\/produkt\/jubilaeum-schmuck-mit-strichzeichnungen\/","title":{"rendered":"Kette mit One Line Art Gravur zum Jubil\u00e4um"},"content":{"rendered":"<p>Suchst du nach einem einzigartigen und bedeutungsvollen Geschenk zum Jahrestag? Unser Jubil\u00e4umsschmuck mit Strichzeichnungen ist die perfekte Wahl. Verwandele deine wertvollen Erinnerungen in einen atemberaubenden Anh\u00e4nger mit einer handgezeichneten Strichzeichnung basierend auf deinem eigenen Foto.<\/p>\n\n\n\n<h2>Erstelle deinen Jubil\u00e4umsschmuck mit Strichzeichnungen <\/h2>\n\n\n\n<p>Mit unserem Jubil\u00e4umsschmuck mit Strichzeichnungen ist jeder Anh\u00e4nger einzigartig. Unsere talentierten K\u00fcnstler zeichnen jedes Design von Hand aus deinem Foto und erstellen wundersch\u00f6ne minimalistische Strichzeichnungen. Auf der R\u00fcckseite kannst du eine benutzerdefinierte Nachricht wie dein Hochzeitsdatum oder eine pers\u00f6nliche Notiz wie \u201eF\u00fcr immer Dein\u201c hinzuf\u00fcgen.<\/p>\n\n\n\n<p>Mit unserem benutzerfreundlichen Online-Editor kannst du dein Foto ganz einfach hochladen und deine benutzerdefinierte Nachricht hinzuf\u00fcgen. Jeder Anh\u00e4nger, ob ein schlanker Kreis oder gepaart mit einer 45-cm-Kette, wird sorgf\u00e4ltig lasergraviert, um perfekte Details und Haltbarkeit zu gew\u00e4hrleisten.<\/p>\n\n\n\n<h2>Perfektes Geschenk f\u00fcr Jubil\u00e4en<\/h2>\n\n\n\n<p>Unser Jubil\u00e4umsschmuck mit Strichzeichnungen ist ein perfektes Geschenk f\u00fcr deine Frau und macht jeden Jahrestag unvergesslich. Stelle dir ihre Freude vor, wenn sie einen personalisierten Anh\u00e4nger sieht, der einen besonderen Moment auf sch\u00f6ne, k\u00fcnstlerische Weise festh\u00e4lt.<\/p>\n\n\n\n<h2>Warum solltest du dich f\u00fcr unseren Jubil\u00e4umsschmuck mit Strichzeichnungen entscheiden?<\/h2>\n\n\n\n<p>Die Bestellung ist ganz einfach. Besuche unsere Website, lade dein Foto hoch, f\u00fcge deine individuelle Nachricht hinzu, w\u00e4hle das gew\u00fcnschte Material und gebe deine Bestellung auf. Wir k\u00fcmmern uns um den Rest und sorgen daf\u00fcr, dass dein Anh\u00e4nger mit gr\u00f6\u00dfter Sorgfalt graviert und verpackt wird.<\/p>\n\n\n\n<p>Mache ein Geschenk, das f\u00fcr immer gesch\u00e4tzt wird. Lasse den Jubil\u00e4umsschmuck mit Strichzeichnungen als bleibende Hommage an eure wertvollsten Momente dienen und feiere eure Liebe auf kreative und bedeutungsvolle Weise.<\/p>","protected":false},"excerpt":{"rendered":"<ul class=\"check-list\">\n<li>Lasse unsere K\u00fcnstler einzigartige Linien aus deinem Foto zeichnen<\/li>\n<li>Jeder Anh\u00e4nger ist aus hochwertigem 14-kar\u00e4tigem Sterlingsilber gefertigt, lasergraviert und von Hand vollendet<\/li>\n<li>W\u00e4hle je nach Anlass einen herzlichen Text<\/li>\n<li>In nur 2 Minuten individuell gestalten<\/li>\n<li>Bei jedem Schritt eine Vorschau deines Designs anzeigen<\/li>\n<\/ul>\n","protected":false},"featured_media":1534151,"template":"","meta":[],"product_brand":[],"product_cat":[105,7750,7782,8200,11163,9261,5327,9726],"product_tag":[14749],"class_list":{"0":"post-1131915","1":"product","2":"type-product","3":"status-publish","4":"has-post-thumbnail","6":"product_cat-alle-produkte","7":"product_cat-geschenke-fur-deine-ehefrau","8":"product_cat-geschenke-fur-deine-freundin","9":"product_cat-fur-sie-de","10":"product_cat-jahrestag-geschenke-fur-sie","11":"product_cat-jewelry-de","12":"product_cat-jubilaumsgeschenke","13":"product_cat-personalisierte-line-art-schmuck","14":"product_tag-anniversary-de","16":"first","17":"instock","18":"sale","19":"taxable","20":"shipping-taxable","21":"purchasable","22":"product-type-variable"},"yoast_head":"<!-- This site is optimized with the Yoast SEO Premium plugin v27.2 (Yoast SEO v27.2) - https:\/\/yoast.com\/product\/yoast-seo-premium-wordpress\/ -->\n<title>Kette mit One Line Art Gravur zum Jubil\u00e4um - Positive Prints<\/title>\n<meta name=\"description\" content=\"Suchst du nach einem einzigartigen und bedeutungsvollen Jubil\u00e4umsgeschenk? Unser Jubil\u00e4umsschmuck mit Strichzeichnungen ist die perfekte Wahl. Hole dir dieses jetzt!\" \/>\n<meta name=\"robots\" content=\"index, follow, max-snippet:-1, max-image-preview:large, max-video-preview:-1\" \/>\n<link rel=\"canonical\" href=\"https:\/\/positiveprints.com\/de\/produkt\/jubilaeum-schmuck-mit-strichzeichnungen\/\" \/>\n<meta property=\"og:locale\" content=\"de_DE\" \/>\n<meta property=\"og:type\" content=\"article\" \/>\n<meta property=\"og:title\" content=\"Kette mit One Line Art Gravur zum Jubil\u00e4um\" \/>\n<meta property=\"og:description\" content=\"Lasse unsere K\u00fcnstler einzigartige Linien aus deinem Foto zeichnen  Jeder Anh\u00e4nger ist aus hochwertigem 14-kar\u00e4tigem Sterlingsilber gefertigt, lasergraviert und von Hand vollendet  W\u00e4hle je nach Anlass einen herzlichen Text  In nur 2 Minuten individuell gestalten  Bei jedem Schritt eine Vorschau deines Designs anzeigen\" \/>\n<meta property=\"og:url\" content=\"https:\/\/positiveprints.com\/de\/produkt\/jubilaeum-schmuck-mit-strichzeichnungen\/\" \/>\n<meta property=\"og:site_name\" content=\"Positive Prints\" \/>\n<meta property=\"article:publisher\" content=\"https:\/\/www.facebook.com\/positiveprintscom\" \/>\n<meta property=\"article:modified_time\" content=\"2026-04-03T01:52:06+00:00\" \/>\n<meta property=\"og:image\" content=\"https:\/\/positiveprints.com\/wp-content\/uploads\/2025\/10\/MAIN_DE_Kette-mit-One-Line-Art-Gravur-zum-Jubila\u0308um.webp\" \/>\n\t<meta property=\"og:image:width\" content=\"2500\" \/>\n\t<meta property=\"og:image:height\" content=\"2500\" \/>\n\t<meta property=\"og:image:type\" content=\"image\/webp\" \/>\n<meta name=\"twitter:card\" content=\"summary_large_image\" \/>\n<meta name=\"twitter:label1\" content=\"Gesch\u00e4tzte Lesezeit\" \/>\n\t<meta name=\"twitter:data1\" content=\"2\u00a0Minuten\" \/>\n<!-- \/ Yoast SEO Premium plugin. -->","yoast_head_json":{"title":"Kette mit One Line Art Gravur zum Jubil\u00e4um - Positive Prints","description":"Suchst du nach einem einzigartigen und bedeutungsvollen Jubil\u00e4umsgeschenk? Unser Jubil\u00e4umsschmuck mit Strichzeichnungen ist die perfekte Wahl. Hole dir dieses jetzt!","robots":{"index":"index","follow":"follow","max-snippet":"max-snippet:-1","max-image-preview":"max-image-preview:large","max-video-preview":"max-video-preview:-1"},"canonical":"https:\/\/positiveprints.com\/de\/produkt\/jubilaeum-schmuck-mit-strichzeichnungen\/","og_locale":"de_DE","og_type":"article","og_title":"Kette mit One Line Art Gravur zum Jubil\u00e4um","og_description":"Lasse unsere K\u00fcnstler einzigartige Linien aus deinem Foto zeichnen  Jeder Anh\u00e4nger ist aus hochwertigem 14-kar\u00e4tigem Sterlingsilber gefertigt, lasergraviert und von Hand vollendet  W\u00e4hle je nach Anlass einen herzlichen Text  In nur 2 Minuten individuell gestalten  Bei jedem Schritt eine Vorschau deines Designs anzeigen","og_url":"https:\/\/positiveprints.com\/de\/produkt\/jubilaeum-schmuck-mit-strichzeichnungen\/","og_site_name":"Positive Prints","article_publisher":"https:\/\/www.facebook.com\/positiveprintscom","article_modified_time":"2026-04-03T01:52:06+00:00","og_image":[{"width":2500,"height":2500,"url":"https:\/\/positiveprints.com\/wp-content\/uploads\/2025\/10\/MAIN_DE_Kette-mit-One-Line-Art-Gravur-zum-Jubila\u0308um.webp","type":"image\/webp"}],"twitter_card":"summary_large_image","twitter_misc":{"Gesch\u00e4tzte Lesezeit":"2\u00a0Minuten"},"schema":{"@context":"https:\/\/schema.org","@graph":[{"@type":["WebPage","ItemPage"],"@id":"https:\/\/positiveprints.com\/de\/produkt\/jubilaeum-schmuck-mit-strichzeichnungen\/","url":"https:\/\/positiveprints.com\/de\/produkt\/jubilaeum-schmuck-mit-strichzeichnungen\/","name":"Kette mit One Line Art Gravur zum Jubil\u00e4um - Positive Prints","isPartOf":{"@id":"https:\/\/positiveprints.com\/de\/#website"},"primaryImageOfPage":{"@id":"https:\/\/positiveprints.com\/de\/produkt\/jubilaeum-schmuck-mit-strichzeichnungen\/#primaryimage"},"image":{"@id":"https:\/\/positiveprints.com\/de\/produkt\/jubilaeum-schmuck-mit-strichzeichnungen\/#primaryimage"},"thumbnailUrl":"https:\/\/positiveprints.com\/wp-content\/uploads\/2025\/10\/MAIN_DE_Kette-mit-One-Line-Art-Gravur-zum-Jubila\u0308um.webp","datePublished":"2024-05-24T12:19:44+00:00","dateModified":"2026-04-03T01:52:06+00:00","description":"Suchst du nach einem einzigartigen und bedeutungsvollen Jubil\u00e4umsgeschenk? Unser Jubil\u00e4umsschmuck mit Strichzeichnungen ist die perfekte Wahl. Hole dir dieses jetzt!","breadcrumb":{"@id":"https:\/\/positiveprints.com\/de\/produkt\/jubilaeum-schmuck-mit-strichzeichnungen\/#breadcrumb"},"inLanguage":"de","potentialAction":[{"@type":"ReadAction","target":["https:\/\/positiveprints.com\/de\/produkt\/jubilaeum-schmuck-mit-strichzeichnungen\/"]}]},{"@type":"ImageObject","inLanguage":"de","@id":"https:\/\/positiveprints.com\/de\/produkt\/jubilaeum-schmuck-mit-strichzeichnungen\/#primaryimage","url":"https:\/\/positiveprints.com\/wp-content\/uploads\/2025\/10\/MAIN_DE_Kette-mit-One-Line-Art-Gravur-zum-Jubila\u0308um.webp","contentUrl":"https:\/\/positiveprints.com\/wp-content\/uploads\/2025\/10\/MAIN_DE_Kette-mit-One-Line-Art-Gravur-zum-Jubila\u0308um.webp","width":2500,"height":2500},{"@type":"BreadcrumbList","@id":"https:\/\/positiveprints.com\/de\/produkt\/jubilaeum-schmuck-mit-strichzeichnungen\/#breadcrumb","itemListElement":[{"@type":"ListItem","position":1,"name":"Startseite","item":"https:\/\/positiveprints.com\/de\/"},{"@type":"ListItem","position":2,"name":"Produkte","item":"https:\/\/positiveprints.com\/de\/shop\/"},{"@type":"ListItem","position":3,"name":"Kette mit One Line Art Gravur zum Jubil\u00e4um"}]},{"@type":"WebSite","@id":"https:\/\/positiveprints.com\/de\/#website","url":"https:\/\/positiveprints.com\/de\/","name":"Positive Prints","description":"Amazing Custom Personalized Gifts","publisher":{"@id":"https:\/\/positiveprints.com\/de\/#organization"},"potentialAction":[{"@type":"SearchAction","target":{"@type":"EntryPoint","urlTemplate":"https:\/\/positiveprints.com\/de\/?s={search_term_string}"},"query-input":{"@type":"PropertyValueSpecification","valueRequired":true,"valueName":"search_term_string"}}],"inLanguage":"de"},{"@type":"Organization","@id":"https:\/\/positiveprints.com\/de\/#organization","name":"Positive Prints","alternateName":"Positive Prints","url":"https:\/\/positiveprints.com\/de\/","logo":{"@type":"ImageObject","inLanguage":"de","@id":"https:\/\/positiveprints.com\/de\/#\/schema\/logo\/image\/","url":"https:\/\/positiveprints.com\/wp-content\/uploads\/2026\/03\/245815646_1337939713319158_5671353136411139666_n.png","contentUrl":"https:\/\/positiveprints.com\/wp-content\/uploads\/2026\/03\/245815646_1337939713319158_5671353136411139666_n.png","width":800,"height":800,"caption":"Positive Prints"},"image":{"@id":"https:\/\/positiveprints.com\/de\/#\/schema\/logo\/image\/"},"sameAs":["https:\/\/www.facebook.com\/positiveprintscom","https:\/\/www.instagram.com\/positiveprintscom\/","https:\/\/www.tiktok.com\/@positiveprintscom","https:\/\/www.pinterest.com\/positiveprintscom\/"]}]}},"jetpack_sharing_enabled":true,"_links":{"self":[{"href":"https:\/\/positiveprints.com\/de\/wp-json\/wp\/v2\/product\/1131915","targetHints":{"allow":["GET"]}}],"collection":[{"href":"https:\/\/positiveprints.com\/de\/wp-json\/wp\/v2\/product"}],"about":[{"href":"https:\/\/positiveprints.com\/de\/wp-json\/wp\/v2\/types\/product"}],"wp:featuredmedia":[{"embeddable":true,"href":"https:\/\/positiveprints.com\/de\/wp-json\/wp\/v2\/media\/1534151"}],"wp:attachment":[{"href":"https:\/\/positiveprints.com\/de\/wp-json\/wp\/v2\/media?parent=1131915"}],"wp:term":[{"taxonomy":"product_brand","embeddable":true,"href":"https:\/\/positiveprints.com\/de\/wp-json\/wp\/v2\/product_brand?post=1131915"},{"taxonomy":"product_cat","embeddable":true,"href":"https:\/\/positiveprints.com\/de\/wp-json\/wp\/v2\/product_cat?post=1131915"},{"taxonomy":"product_tag","embeddable":true,"href":"https:\/\/positiveprints.com\/de\/wp-json\/wp\/v2\/product_tag?post=1131915"}],"curies":[{"name":"wp","href":"https:\/\/api.w.org\/{rel}","templated":true}]}}