{"id":1120738,"date":"2024-05-14T09:57:58","date_gmt":"2024-05-14T08:57:58","guid":{"rendered":"https:\/\/positiveprints.com\/?post_type=product&#038;p=1120738"},"modified":"2026-04-12T20:59:44","modified_gmt":"2026-04-12T19:59:44","slug":"poster-mit-definition-zuhause","status":"publish","type":"product","link":"https:\/\/positiveprints.com\/de\/produkt\/poster-mit-definition-zuhause\/","title":{"rendered":"Poster mit Definition Zuhause"},"content":{"rendered":"<p>Suchst du nach einem herzlichen und einzigartigen Einweihungsgeschenk? Unser Zuhaus-Definition-Poster ist der perfekte personalisierte Druck. Halte fest, was \u201eZuhause\u201c bedeutet, mit einer benutzerdefinierten Definition und einem Foto, das eine pers\u00f6nliche Note verleiht.<\/p>\r\n\r\n<h2>Personalisierungsoptionen und kreative Freiheit<\/h2>\r\n\r\n<p>Mit unserem Definitionsposter \u201cZuhause\u201d kannst du \u201eZuhause\u201c auf deine eigene Weise definieren. Ob es ein Ort der Liebe, des Trostes oder der Familie ist, du hast die Wahl. Definiere es in eigenen Worten: lustig, emotional oder besonders.<\/p>\r\n\r\n<p>Erstelle einen einzigartigen Druck, indem du dein eigenes Foto hochl\u00e4dst, das die Definition begleitet. W\u00e4hle aus unseren vordefinierten Definitionen oder erstelle deine eigene \u2013 lustige, emotionale oder zutiefst bedeutungsvolle Version. Passe dein Poster noch weiter an, indem du das perfekte Farbschema ausw\u00e4hlst oder selbst mit Farben spielst, um den Hintergrund und die Schriftart an deinen Stil und deine Stimmung anzupassen.<\/p>\r\n\r\n<h2>Perfektes Geschenk zur Einweihung und f\u00fcr neue H\u00e4user<\/h2>\r\n\r\n<p>Ob zur Einweihung, f\u00fcr ein neues Zuhause oder einfach so, unser Zuhause-Definition-Poster ist ein unvergessliches Geschenk. Stelle dir das L\u00e4cheln auf den Gesichtern der Beschenkten.<\/p>\r\n\r\n<h2>Warum solltest du dich f\u00fcr unser Zuhause-Definition-Poster entscheiden?<\/h2>\r\n\r\n<p>Zeige es stolz in deinem neuen Zuhause oder verschenke es als aufmerksames Geschenk und lasse das Zuhause-Definition-Poster eine bleibende Erinnerung daran sein, was ein Haus zu einem Zuhause macht. Feiere die W\u00e4rme, Liebe und Erinnerungen, die ein Zuhause auf kreative und bedeutungsvolle Weise besonders machen.<\/p>\r\n\r\n<p>Display it proudly in your new home or give it as a thoughtful gift, and let the Home Definition Poster be a lasting reminder of what makes a house a home. Celebrate the warmth, love, and memories that make home special in a creative and meaningful way.<\/p>","protected":false},"excerpt":{"rendered":"<ul class=\"check-list\">\n<li>Erstelle deine pers\u00f6nliche Definition<\/li>\n<li>F\u00fcge dein eigenes Foto hinzu<\/li>\n<li>In 3 einfachen Schritten anpassen<\/li>\n<li>W\u00e4hle eine Vorlage oder werde kreativ<\/li>\n<li>Sehe dir bei jedem Schritt eine Vorschau deines Designs an<\/li>\n<\/ul>\n","protected":false},"featured_media":1125234,"template":"","meta":[],"product_brand":[],"product_cat":[105,9735,5300,7846,9761],"product_tag":[9078],"class_list":{"0":"post-1120738","1":"product","2":"type-product","3":"status-publish","4":"has-post-thumbnail","6":"product_cat-alle-produkte","7":"product_cat-definition-de","8":"product_cat-einzugsgeschenke","9":"product_cat-geschenke-fur-deine-familie","10":"product_cat-trending-label-de","11":"product_tag-housewarming-de-2","13":"first","14":"instock","15":"sale","16":"taxable","17":"shipping-taxable","18":"purchasable","19":"product-type-variable"},"yoast_head":"<!-- This site is optimized with the Yoast SEO Premium plugin v27.2 (Yoast SEO v27.2) - https:\/\/yoast.com\/product\/yoast-seo-premium-wordpress\/ -->\n<title>Poster mit Definition Zuhause - Positive Prints<\/title>\n<meta name=\"description\" content=\"Suchst du nach einem herzlichen und einzigartigen Einweihungsgeschenk? Unser Zuhause-Definition-Poster ist der perfekte personalisierte Druck.\" \/>\n<meta name=\"robots\" content=\"index, follow, max-snippet:-1, max-image-preview:large, max-video-preview:-1\" \/>\n<link rel=\"canonical\" href=\"https:\/\/positiveprints.com\/de\/produkt\/poster-mit-definition-zuhause\/\" \/>\n<meta property=\"og:locale\" content=\"de_DE\" \/>\n<meta property=\"og:type\" content=\"article\" \/>\n<meta property=\"og:title\" content=\"Poster mit Definition Zuhause\" \/>\n<meta property=\"og:description\" content=\"Erstelle deine pers\u00f6nliche Definition F\u00fcge dein eigenes Foto hinzu In 3 einfachen Schritten anpassen W\u00e4hle eine Vorlage oder werde kreativ Sehe dir bei jedem Schritt eine Vorschau deines Designs an\" \/>\n<meta property=\"og:url\" content=\"https:\/\/positiveprints.com\/de\/produkt\/poster-mit-definition-zuhause\/\" \/>\n<meta property=\"og:site_name\" content=\"Positive Prints\" \/>\n<meta property=\"article:publisher\" content=\"https:\/\/www.facebook.com\/positiveprintscom\" \/>\n<meta property=\"article:modified_time\" content=\"2026-04-12T19:59:44+00:00\" \/>\n<meta property=\"og:image\" content=\"https:\/\/positiveprints.com\/wp-content\/uploads\/2024\/06\/Poster-mit-Definition-Zuhause.jpg\" \/>\n\t<meta property=\"og:image:width\" content=\"1080\" \/>\n\t<meta property=\"og:image:height\" content=\"1080\" \/>\n\t<meta property=\"og:image:type\" content=\"image\/jpeg\" \/>\n<meta name=\"twitter:card\" content=\"summary_large_image\" \/>\n<meta name=\"twitter:label1\" content=\"Gesch\u00e4tzte Lesezeit\" \/>\n\t<meta name=\"twitter:data1\" content=\"2\u00a0Minuten\" \/>\n<!-- \/ Yoast SEO Premium plugin. -->","yoast_head_json":{"title":"Poster mit Definition Zuhause - Positive Prints","description":"Suchst du nach einem herzlichen und einzigartigen Einweihungsgeschenk? Unser Zuhause-Definition-Poster ist der perfekte personalisierte Druck.","robots":{"index":"index","follow":"follow","max-snippet":"max-snippet:-1","max-image-preview":"max-image-preview:large","max-video-preview":"max-video-preview:-1"},"canonical":"https:\/\/positiveprints.com\/de\/produkt\/poster-mit-definition-zuhause\/","og_locale":"de_DE","og_type":"article","og_title":"Poster mit Definition Zuhause","og_description":"Erstelle deine pers\u00f6nliche Definition F\u00fcge dein eigenes Foto hinzu In 3 einfachen Schritten anpassen W\u00e4hle eine Vorlage oder werde kreativ Sehe dir bei jedem Schritt eine Vorschau deines Designs an","og_url":"https:\/\/positiveprints.com\/de\/produkt\/poster-mit-definition-zuhause\/","og_site_name":"Positive Prints","article_publisher":"https:\/\/www.facebook.com\/positiveprintscom","article_modified_time":"2026-04-12T19:59:44+00:00","og_image":[{"width":1080,"height":1080,"url":"https:\/\/positiveprints.com\/wp-content\/uploads\/2024\/06\/Poster-mit-Definition-Zuhause.jpg","type":"image\/jpeg"}],"twitter_card":"summary_large_image","twitter_misc":{"Gesch\u00e4tzte Lesezeit":"2\u00a0Minuten"},"schema":{"@context":"https:\/\/schema.org","@graph":[{"@type":["WebPage","ItemPage"],"@id":"https:\/\/positiveprints.com\/de\/produkt\/poster-mit-definition-zuhause\/","url":"https:\/\/positiveprints.com\/de\/produkt\/poster-mit-definition-zuhause\/","name":"Poster mit Definition Zuhause - Positive Prints","isPartOf":{"@id":"https:\/\/positiveprints.com\/de\/#website"},"primaryImageOfPage":{"@id":"https:\/\/positiveprints.com\/de\/produkt\/poster-mit-definition-zuhause\/#primaryimage"},"image":{"@id":"https:\/\/positiveprints.com\/de\/produkt\/poster-mit-definition-zuhause\/#primaryimage"},"thumbnailUrl":"https:\/\/positiveprints.com\/wp-content\/uploads\/2024\/06\/Poster-mit-Definition-Zuhause.jpg","datePublished":"2024-05-14T08:57:58+00:00","dateModified":"2026-04-12T19:59:44+00:00","description":"Suchst du nach einem herzlichen und einzigartigen Einweihungsgeschenk? Unser Zuhause-Definition-Poster ist der perfekte personalisierte Druck.","breadcrumb":{"@id":"https:\/\/positiveprints.com\/de\/produkt\/poster-mit-definition-zuhause\/#breadcrumb"},"inLanguage":"de","potentialAction":[{"@type":"ReadAction","target":["https:\/\/positiveprints.com\/de\/produkt\/poster-mit-definition-zuhause\/"]}]},{"@type":"ImageObject","inLanguage":"de","@id":"https:\/\/positiveprints.com\/de\/produkt\/poster-mit-definition-zuhause\/#primaryimage","url":"https:\/\/positiveprints.com\/wp-content\/uploads\/2024\/06\/Poster-mit-Definition-Zuhause.jpg","contentUrl":"https:\/\/positiveprints.com\/wp-content\/uploads\/2024\/06\/Poster-mit-Definition-Zuhause.jpg","width":1080,"height":1080},{"@type":"BreadcrumbList","@id":"https:\/\/positiveprints.com\/de\/produkt\/poster-mit-definition-zuhause\/#breadcrumb","itemListElement":[{"@type":"ListItem","position":1,"name":"Startseite","item":"https:\/\/positiveprints.com\/de\/"},{"@type":"ListItem","position":2,"name":"Produkte","item":"https:\/\/positiveprints.com\/de\/shop\/"},{"@type":"ListItem","position":3,"name":"Poster mit Definition Zuhause"}]},{"@type":"WebSite","@id":"https:\/\/positiveprints.com\/de\/#website","url":"https:\/\/positiveprints.com\/de\/","name":"Positive Prints","description":"Amazing Custom Personalized Gifts","publisher":{"@id":"https:\/\/positiveprints.com\/de\/#organization"},"potentialAction":[{"@type":"SearchAction","target":{"@type":"EntryPoint","urlTemplate":"https:\/\/positiveprints.com\/de\/?s={search_term_string}"},"query-input":{"@type":"PropertyValueSpecification","valueRequired":true,"valueName":"search_term_string"}}],"inLanguage":"de"},{"@type":"Organization","@id":"https:\/\/positiveprints.com\/de\/#organization","name":"Positive Prints","alternateName":"Positive Prints","url":"https:\/\/positiveprints.com\/de\/","logo":{"@type":"ImageObject","inLanguage":"de","@id":"https:\/\/positiveprints.com\/de\/#\/schema\/logo\/image\/","url":"https:\/\/positiveprints.com\/wp-content\/uploads\/2026\/03\/245815646_1337939713319158_5671353136411139666_n.png","contentUrl":"https:\/\/positiveprints.com\/wp-content\/uploads\/2026\/03\/245815646_1337939713319158_5671353136411139666_n.png","width":800,"height":800,"caption":"Positive Prints"},"image":{"@id":"https:\/\/positiveprints.com\/de\/#\/schema\/logo\/image\/"},"sameAs":["https:\/\/www.facebook.com\/positiveprintscom","https:\/\/www.instagram.com\/positiveprintscom\/","https:\/\/www.tiktok.com\/@positiveprintscom","https:\/\/www.pinterest.com\/positiveprintscom\/"]}]}},"jetpack_sharing_enabled":true,"_links":{"self":[{"href":"https:\/\/positiveprints.com\/de\/wp-json\/wp\/v2\/product\/1120738","targetHints":{"allow":["GET"]}}],"collection":[{"href":"https:\/\/positiveprints.com\/de\/wp-json\/wp\/v2\/product"}],"about":[{"href":"https:\/\/positiveprints.com\/de\/wp-json\/wp\/v2\/types\/product"}],"wp:featuredmedia":[{"embeddable":true,"href":"https:\/\/positiveprints.com\/de\/wp-json\/wp\/v2\/media\/1125234"}],"wp:attachment":[{"href":"https:\/\/positiveprints.com\/de\/wp-json\/wp\/v2\/media?parent=1120738"}],"wp:term":[{"taxonomy":"product_brand","embeddable":true,"href":"https:\/\/positiveprints.com\/de\/wp-json\/wp\/v2\/product_brand?post=1120738"},{"taxonomy":"product_cat","embeddable":true,"href":"https:\/\/positiveprints.com\/de\/wp-json\/wp\/v2\/product_cat?post=1120738"},{"taxonomy":"product_tag","embeddable":true,"href":"https:\/\/positiveprints.com\/de\/wp-json\/wp\/v2\/product_tag?post=1120738"}],"curies":[{"name":"wp","href":"https:\/\/api.w.org\/{rel}","templated":true}]}}