{"id":1110370,"date":"2024-04-22T19:11:14","date_gmt":"2024-04-22T18:11:14","guid":{"rendered":"https:\/\/positiveprints.com\/product\/personalisierte-mondphasen-schmuck\/"},"modified":"2026-04-23T11:05:19","modified_gmt":"2026-04-23T10:05:19","slug":"personalisierte-mondphasen-schmuck","status":"publish","type":"product","link":"https:\/\/positiveprints.com\/de\/produkt\/personalisierte-mondphasen-schmuck\/","title":{"rendered":"Kette mit dem Mond"},"content":{"rendered":"<p>Hast du dich jemals gefragt, wie du einen Moment festhalten und diesen nah am Herzen tragen kannst? Mit unserer <strong>Kette mit dem Mond<\/strong> kannst du genau das tun. Doch was macht diesen Schmuck so besonders?<\/p>\n\n\n\n<h2>Kreiere dein einzigartiges Schmuckst\u00fcck<\/h2>\n\n\n\n<p>Mit unserer <strong>Kette mit dem Mond<\/strong> kannst du einen einzigartigen Anh\u00e4nger kreieren, der deine einzigartige Geschichte erz\u00e4hlt. Gebe in unserem Online-Editor einfach die genaue Uhrzeit und das Datum deines besonderen Moments ein. Ganz gleich, ob es der Tag ist, an dem du deinen Seelenverwandten kennengelernt hast, das Datum deiner Hochzeit oder ein anderer denkw\u00fcrdiger Anlass, wir erfassen die Mondphase genau von diesem Moment an.<\/p>\n\n\n\n<p>Aber das ist noch nicht alles \u2013 du kannst auch eine individuelle Nachricht auf der R\u00fcckseite des Anh\u00e4ngers hinzuf\u00fcgen, um ihn noch pers\u00f6nlicher zu machen.<\/p>\n\n\n\n<p>Jeder Anh\u00e4nger, ganz gleich, ob es sich um einen eleganten Kreis oder eine 45 cm lange Kette handelt, wird einer sorgf\u00e4ltigen Lasergravur unterzogen, um Pr\u00e4zision und Haltbarkeit zu gew\u00e4hrleisten. Das bedeutet, dass dein einzigartiges Schmuckst\u00fcck die Zeit \u00fcberdauern wird, genau wie deine wertvollen Erinnerungen.<\/p>\n\n\n\n<h2><strong>Kette mit dem Mond<\/strong>: Geschenk mit Bedeutung<\/h2>\n\n\n\n<p>Suchst du das perfekte Geschenk f\u00fcr einen geliebten Menschen? Unsere <strong>Kette mit dem Mond<\/strong> ist die Antwort. Stelle dir die Freunde vor, wenn du einen Anh\u00e4nger mit der Mondphase vom Tag eurer ersten Begegnung oder vom Tag deiner Geburt siehst. Es ist eine nachdenkliche Geste, die dein Herz ber\u00fchren wird.<\/p>\n\n\n\n<p>Die Bestellung ist ganz einfach: Besuche einfach unsere Website, gib die relevanten Details ein, passe deine Nachricht an, w\u00e4hle dein bevorzugtes Material und die bevorzugte Kettenoption und gebe deine Bestellung auf. Wir k\u00fcmmern uns um den Rest und sorgen daf\u00fcr, dass dein Anh\u00e4nger sch\u00f6n in einer Schmuckschatulle verpackt wird, komplett mit einer Pflegeanleitung und einem speziellen Tuch zum Reinigen.<\/p>\n\n\n\n<p>Egal, ob du einen Meilenstein feiern, an einen besonderen Moment erinnern oder einfach jemandem zeigen m\u00f6chtest, dass dir diese Person am Herzen liegt, unsere <strong>Kette mit dem Mond<\/strong> ist die perfekte M\u00f6glichkeit, deine Liebe auszudr\u00fccken und bleibende Erinnerungen zu schaffen. Warum also warten? Beginne noch heute mit der Gestaltung deines Unikats!<\/p>","protected":false},"excerpt":{"rendered":"<ul class=\"check-list\">\n<li>Anh\u00e4nger mit einem Durchmesser von 20 mm, gefertigt aus hochwertigem Sterlingsilber, lasergraviert und von Hand vollendet<\/li>\n<li>W\u00e4hle je nach Anlass einen herzlichen Text aus<\/li>\n<li>Bearbeite dein Design in nur 2 Minuten<\/li>\n<li>Sieh das Ergebnis sofort \u2013 die interaktive Vorschau erm\u00f6glicht dir, jedes Detail direkt anzupassen<\/li>\n<\/ul>\n","protected":false},"featured_media":1537303,"template":"","meta":[],"product_brand":[],"product_cat":[8200,9261,12252,11649,105,5327,11163,5252,389,11203,5287,7958,7590,7926,5266,11349,11361,11343,15038,11367,11346,11370,11358,7686,7766,7782,7719,7702,7735,7750,7830,390,11233],"product_tag":[11891,9352,11887,14749,15205,15908,14752,9340,9312,9323,9789,15484,13317,13422,11733,11714,11743],"class_list":{"0":"post-1110370","1":"product","2":"type-product","3":"status-publish","4":"has-post-thumbnail","6":"product_cat-fur-sie-de","7":"product_cat-jewelry-de","8":"product_cat-jewelry-basic-de","9":"product_cat-mond-schmuck","10":"product_cat-alle-produkte","11":"product_cat-jubilaumsgeschenke","12":"product_cat-jahrestag-geschenke-fur-sie","13":"product_cat-babygeburtsgeschenke","14":"product_cat-geburtstagsgeschenke","15":"product_cat-geburtstagsgeschenk-fuer-frauen","16":"product_cat-verlobungsgeschenke","17":"product_cat-geschenke-fur-baby-shower-geschenkideen-de","18":"product_cat-taufgeschenke","19":"product_cat-brautduschen-geschenke","20":"product_cat-weihnachtsgeschenke","21":"product_cat-weihnachtsgeschenke-fur-frauen","22":"product_cat-weihnachtsgeschenke-fur-die-mama","23":"product_cat-weihnachtsgeschenke-fur-die-oma","24":"product_cat-weihnachtsgeschenke-fur-freunde","25":"product_cat-weihnachtsgeschenke-fur-die-schwester","26":"product_cat-weihnachtsgeschenke-fur-die-freundin","27":"product_cat-weihnachtsgeschenke-fur-die-frau","28":"product_cat-weihnachtsgeschenke-fur-die-kinder","29":"product_cat-geschenke-fur-wichtige-frauen-in-deinem-leben","30":"product_cat-geschenke-fur-deine-tochter","31":"product_cat-geschenke-fur-deine-freundin","32":"product_cat-geschenke-fur-deine-oma","33":"product_cat-geschenke-fur-mama","34":"product_cat-geschenke-fur-schwester","35":"product_cat-geschenke-fur-deine-ehefrau","36":"product_cat-geschenke-fur-freunde","37":"product_cat-geschenke-zum-valentinstag-geschenkideen-de","38":"product_cat-valentinstagsgeschenke-fur-frauen","39":"product_tag-anhanger-de-2","40":"product_tag-anhanger","41":"product_tag-anhanger-de","42":"product_tag-anniversary-de","43":"product_tag-christmas-gifts-for-friends-de","44":"product_tag-christmas-gifts-for-mom-de","45":"product_tag-creators-de-2","46":"product_tag-halskette","47":"product_tag-kette-de","48":"product_tag-medaillon-de","49":"product_tag-mond","50":"product_tag-mondkette-de","51":"product_tag-weihnachtsgeschenk-fur-die-oma","52":"product_tag-weihnachtsgeschenk-fur-die-schwester","53":"product_tag-weihnachtsgeschenke-fur-die-frau","54":"product_tag-weihnachtsgeschenke-fur-die-freundin","55":"product_tag-weihnachtsgeschenke-fuer-sie","57":"first","58":"instock","59":"sale","60":"taxable","61":"shipping-taxable","62":"purchasable","63":"product-type-variable"},"yoast_head":"<!-- This site is optimized with the Yoast SEO Premium plugin v27.2 (Yoast SEO v27.2) - https:\/\/yoast.com\/product\/yoast-seo-premium-wordpress\/ -->\n<title>Kette mit dem Mond - Positive Prints<\/title>\n<meta name=\"description\" content=\"Halte zeitlose Momente mit personalisierten Mondphasenanh\u00e4ngern fest. Erstelle dein Unikat noch heute online!\" \/>\n<meta name=\"robots\" content=\"index, follow, max-snippet:-1, max-image-preview:large, max-video-preview:-1\" \/>\n<link rel=\"canonical\" href=\"https:\/\/positiveprints.com\/de\/produkt\/personalisierte-mondphasen-schmuck\/\" \/>\n<meta property=\"og:locale\" content=\"de_DE\" \/>\n<meta property=\"og:type\" content=\"article\" \/>\n<meta property=\"og:title\" content=\"Kette mit dem Mond\" \/>\n<meta property=\"og:description\" content=\"Anh\u00e4nger mit einem Durchmesser von 20 mm, gefertigt aus hochwertigem Sterlingsilber, lasergraviert und von Hand vollendet  W\u00e4hle je nach Anlass einen herzlichen Text aus  Bearbeite dein Design in nur 2 Minuten  Sieh das Ergebnis sofort \u2013 die interaktive Vorschau erm\u00f6glicht dir, jedes Detail direkt anzupassen\" \/>\n<meta property=\"og:url\" content=\"https:\/\/positiveprints.com\/de\/produkt\/personalisierte-mondphasen-schmuck\/\" \/>\n<meta property=\"og:site_name\" content=\"Positive Prints\" \/>\n<meta property=\"article:publisher\" content=\"https:\/\/www.facebook.com\/positiveprintscom\" \/>\n<meta property=\"article:modified_time\" content=\"2026-04-23T10:05:19+00:00\" \/>\n<meta property=\"og:image\" content=\"https:\/\/positiveprints.com\/wp-content\/uploads\/2025\/10\/PACKSHOT_DE_Kette-mit-dem-Mond.webp\" \/>\n\t<meta property=\"og:image:width\" content=\"1450\" \/>\n\t<meta property=\"og:image:height\" content=\"1450\" \/>\n\t<meta property=\"og:image:type\" content=\"image\/webp\" \/>\n<meta name=\"twitter:card\" content=\"summary_large_image\" \/>\n<!-- \/ Yoast SEO Premium plugin. -->","yoast_head_json":{"title":"Kette mit dem Mond - Positive Prints","description":"Halte zeitlose Momente mit personalisierten Mondphasenanh\u00e4ngern fest. Erstelle dein Unikat noch heute online!","robots":{"index":"index","follow":"follow","max-snippet":"max-snippet:-1","max-image-preview":"max-image-preview:large","max-video-preview":"max-video-preview:-1"},"canonical":"https:\/\/positiveprints.com\/de\/produkt\/personalisierte-mondphasen-schmuck\/","og_locale":"de_DE","og_type":"article","og_title":"Kette mit dem Mond","og_description":"Anh\u00e4nger mit einem Durchmesser von 20 mm, gefertigt aus hochwertigem Sterlingsilber, lasergraviert und von Hand vollendet  W\u00e4hle je nach Anlass einen herzlichen Text aus  Bearbeite dein Design in nur 2 Minuten  Sieh das Ergebnis sofort \u2013 die interaktive Vorschau erm\u00f6glicht dir, jedes Detail direkt anzupassen","og_url":"https:\/\/positiveprints.com\/de\/produkt\/personalisierte-mondphasen-schmuck\/","og_site_name":"Positive Prints","article_publisher":"https:\/\/www.facebook.com\/positiveprintscom","article_modified_time":"2026-04-23T10:05:19+00:00","og_image":[{"width":1450,"height":1450,"url":"https:\/\/positiveprints.com\/wp-content\/uploads\/2025\/10\/PACKSHOT_DE_Kette-mit-dem-Mond.webp","type":"image\/webp"}],"twitter_card":"summary_large_image","schema":{"@context":"https:\/\/schema.org","@graph":[{"@type":["WebPage","ItemPage"],"@id":"https:\/\/positiveprints.com\/de\/produkt\/personalisierte-mondphasen-schmuck\/","url":"https:\/\/positiveprints.com\/de\/produkt\/personalisierte-mondphasen-schmuck\/","name":"Kette mit dem Mond - Positive Prints","isPartOf":{"@id":"https:\/\/positiveprints.com\/de\/#website"},"primaryImageOfPage":{"@id":"https:\/\/positiveprints.com\/de\/produkt\/personalisierte-mondphasen-schmuck\/#primaryimage"},"image":{"@id":"https:\/\/positiveprints.com\/de\/produkt\/personalisierte-mondphasen-schmuck\/#primaryimage"},"thumbnailUrl":"https:\/\/positiveprints.com\/wp-content\/uploads\/2025\/10\/PACKSHOT_DE_Kette-mit-dem-Mond.webp","datePublished":"2024-04-22T18:11:14+00:00","dateModified":"2026-04-23T10:05:19+00:00","description":"Halte zeitlose Momente mit personalisierten Mondphasenanh\u00e4ngern fest. Erstelle dein Unikat noch heute online!","breadcrumb":{"@id":"https:\/\/positiveprints.com\/de\/produkt\/personalisierte-mondphasen-schmuck\/#breadcrumb"},"inLanguage":"de","potentialAction":[{"@type":"ReadAction","target":["https:\/\/positiveprints.com\/de\/produkt\/personalisierte-mondphasen-schmuck\/"]}]},{"@type":"ImageObject","inLanguage":"de","@id":"https:\/\/positiveprints.com\/de\/produkt\/personalisierte-mondphasen-schmuck\/#primaryimage","url":"https:\/\/positiveprints.com\/wp-content\/uploads\/2025\/10\/PACKSHOT_DE_Kette-mit-dem-Mond.webp","contentUrl":"https:\/\/positiveprints.com\/wp-content\/uploads\/2025\/10\/PACKSHOT_DE_Kette-mit-dem-Mond.webp","width":1450,"height":1450},{"@type":"BreadcrumbList","@id":"https:\/\/positiveprints.com\/de\/produkt\/personalisierte-mondphasen-schmuck\/#breadcrumb","itemListElement":[{"@type":"ListItem","position":1,"name":"Startseite","item":"https:\/\/positiveprints.com\/de\/"},{"@type":"ListItem","position":2,"name":"Produkte","item":"https:\/\/positiveprints.com\/de\/shop\/"},{"@type":"ListItem","position":3,"name":"Kette mit dem Mond"}]},{"@type":"WebSite","@id":"https:\/\/positiveprints.com\/de\/#website","url":"https:\/\/positiveprints.com\/de\/","name":"Positive Prints","description":"Amazing Custom Personalized Gifts","publisher":{"@id":"https:\/\/positiveprints.com\/de\/#organization"},"potentialAction":[{"@type":"SearchAction","target":{"@type":"EntryPoint","urlTemplate":"https:\/\/positiveprints.com\/de\/?s={search_term_string}"},"query-input":{"@type":"PropertyValueSpecification","valueRequired":true,"valueName":"search_term_string"}}],"inLanguage":"de"},{"@type":"Organization","@id":"https:\/\/positiveprints.com\/de\/#organization","name":"Positive Prints","alternateName":"Positive Prints","url":"https:\/\/positiveprints.com\/de\/","logo":{"@type":"ImageObject","inLanguage":"de","@id":"https:\/\/positiveprints.com\/de\/#\/schema\/logo\/image\/","url":"https:\/\/positiveprints.com\/wp-content\/uploads\/2026\/03\/245815646_1337939713319158_5671353136411139666_n.png","contentUrl":"https:\/\/positiveprints.com\/wp-content\/uploads\/2026\/03\/245815646_1337939713319158_5671353136411139666_n.png","width":800,"height":800,"caption":"Positive Prints"},"image":{"@id":"https:\/\/positiveprints.com\/de\/#\/schema\/logo\/image\/"},"sameAs":["https:\/\/www.facebook.com\/positiveprintscom","https:\/\/www.instagram.com\/positiveprintscom\/","https:\/\/www.tiktok.com\/@positiveprintscom","https:\/\/www.pinterest.com\/positiveprintscom\/"]}]}},"jetpack_sharing_enabled":true,"_links":{"self":[{"href":"https:\/\/positiveprints.com\/de\/wp-json\/wp\/v2\/product\/1110370","targetHints":{"allow":["GET"]}}],"collection":[{"href":"https:\/\/positiveprints.com\/de\/wp-json\/wp\/v2\/product"}],"about":[{"href":"https:\/\/positiveprints.com\/de\/wp-json\/wp\/v2\/types\/product"}],"wp:featuredmedia":[{"embeddable":true,"href":"https:\/\/positiveprints.com\/de\/wp-json\/wp\/v2\/media\/1537303"}],"wp:attachment":[{"href":"https:\/\/positiveprints.com\/de\/wp-json\/wp\/v2\/media?parent=1110370"}],"wp:term":[{"taxonomy":"product_brand","embeddable":true,"href":"https:\/\/positiveprints.com\/de\/wp-json\/wp\/v2\/product_brand?post=1110370"},{"taxonomy":"product_cat","embeddable":true,"href":"https:\/\/positiveprints.com\/de\/wp-json\/wp\/v2\/product_cat?post=1110370"},{"taxonomy":"product_tag","embeddable":true,"href":"https:\/\/positiveprints.com\/de\/wp-json\/wp\/v2\/product_tag?post=1110370"}],"curies":[{"name":"wp","href":"https:\/\/api.w.org\/{rel}","templated":true}]}}