{"id":1090856,"date":"2024-03-28T19:13:40","date_gmt":"2024-03-28T18:13:40","guid":{"rendered":"https:\/\/positiveprints.com\/?post_type=product&#038;p=1090856"},"modified":"2026-04-12T21:11:06","modified_gmt":"2026-04-12T20:11:06","slug":"4-bilder-mama-fotocollage","status":"publish","type":"product","link":"https:\/\/positiveprints.com\/de\/produkt\/4-bilder-mama-fotocollage\/","title":{"rendered":"4-Bilder-Mama-Fotocollage"},"content":{"rendered":"<p>Suchst du nach der perfekten M\u00f6glichkeit, deine Liebe und Wertsch\u00e4tzung f\u00fcr deine Mutter auszudr\u00fccken? Unsere \u201e4-Bilder-Mama-Fotocollage\u201c ist die ideale Wahl! Mit dem anpassbaren Design und den durchdachten Funktionen wird diese Collage mit Sicherheit zu einem gesch\u00e4tzten Andenken f\u00fcr deine Mutter.<\/p>\r\n\r\n<h2>Erstelle deine 4-Bilder-Mama-Fotocollage<\/h2>\r\n\r\n<p>Das Entwerfen deiner personalisierten Collage ist mit unserem benutzerfreundlichen Online-Editor ganz einfach. In nur drei einfachen Schritten kannst du ein individuelles Meisterwerk erstellen, das die Essenz eurer Beziehung einf\u00e4ngt. W\u00e4hle zun\u00e4chst ein Thema f\u00fcr deine Collage aus. Unsere Themensammlung bietet f\u00fcr jede Mutter etwas. Zu jedem Thema geh\u00f6rt eine elegante Handschrift, die der Collage einen Hauch von Raffinesse verleiht.<\/p>\r\n\r\n<p>Als n\u00e4chstes f\u00fcgst du der Collage vier deiner Lieblingsfotos hinzu. Vom Familienurlaub bis hin zu allt\u00e4glichen Momenten erwecken diese Fotos deine Collage zum Leben und schaffen eine aussagekr\u00e4ftige Darstellung deiner Bindung zu deiner Mutter. Mit unserem intuitiven Editor kannst du deine Fotos ganz einfach hochladen und das perfekte Layout anordnen. W\u00e4hle abschlie\u00dfend aus, wie deine Collage angezeigt werden soll. Ganz gleich, ob du ein gedrucktes oder gerahmtes Poster, eine Leinwand oder eine Datei zum sofortigen digitalen Download bevorzugst, wir bieten eine Vielzahl von Optionen, die deinen Anforderungen gerecht werden.<\/p>\r\n\r\n<h2>Das perfekte Geschenk f\u00fcr deine Mama<\/h2>\r\n\r\n<p>Schenke deiner Mutter mit unserer personalisierten \u201e4-Bilder-Mama-Fotocollage\u201c ein Geschenk, das ihr f\u00fcr immer in Erinnerung bleiben wird. Ob zum Muttertag, ihrem Geburtstag oder einfach so, diese Collage ist eine einzigartige M\u00f6glichkeit, deiner Mutter zu zeigen, wie viel sie dir bedeutet. Bestelle noch heute und mache den Tag deiner Mutter zu etwas ganz Besonderem!<\/p>","protected":false},"excerpt":{"rendered":"<ul class=\"check-list\">\n<li>Erinnere deine Mutter an die besonderen Momente, die ihr gemeinsam verbracht habt und lasse diese Erinnerungen lebendig werden<\/li>\n<li>F\u00fcge Textnoten hinzu, um jedes Geschenk zu etwas Besonderem und Bedeutungsvollem zu machen<\/li>\n<li>Passe es in nur 2 Minuten an<\/li>\n<li>W\u00e4hle eine Vorlage oder werde kreativ<\/li>\n<li>Sehe dir bei jedem Schritt eine Vorschau deines Designs an<\/li>\n<\/ul>\n","protected":false},"featured_media":1096340,"template":"","meta":[],"product_brand":[],"product_cat":[105,7498,11364,11361,7702,7278,5266],"product_tag":[15908,12551,12550,15905,15906,8405,11740],"class_list":{"0":"post-1090856","1":"product","2":"type-product","3":"status-publish","4":"has-post-thumbnail","6":"product_cat-alle-produkte","7":"product_cat-foto-de","8":"product_cat-weihnachtsgeschenke-fur-die-eltern","9":"product_cat-weihnachtsgeschenke-fur-die-mama","10":"product_cat-geschenke-fur-mama","11":"product_cat-muttertagsgeschenke","12":"product_cat-weihnachtsgeschenke","13":"product_tag-christmas-gifts-for-mom-de","14":"product_tag-mama-de-2","15":"product_tag-mama-de","16":"product_tag-mommy-de","17":"product_tag-mother-de-2","18":"product_tag-mother-de","19":"product_tag-weihnachtsgeschenke-fuer-die-mama","21":"first","22":"instock","23":"sale","24":"taxable","25":"shipping-taxable","26":"purchasable","27":"product-type-variable"},"yoast_head":"<!-- This site is optimized with the Yoast SEO Premium plugin v27.2 (Yoast SEO v27.2) - https:\/\/yoast.com\/product\/yoast-seo-premium-wordpress\/ -->\n<title>4-Bilder-Mama-Fotocollage - Positive Prints<\/title>\n<meta name=\"description\" content=\"Halte wertvolle Erinnerungen mit der \u201c4-Bilder-Mama-Fotocollage\u201d fest. Einfach zu entwerfen, anzupassen und zu drucken. Das perfekte Geschenk f\u00fcr Mamas besonderen Tag!\" \/>\n<meta name=\"robots\" content=\"index, follow, max-snippet:-1, max-image-preview:large, max-video-preview:-1\" \/>\n<link rel=\"canonical\" href=\"https:\/\/positiveprints.com\/de\/produkt\/4-bilder-mama-fotocollage\/\" \/>\n<meta property=\"og:locale\" content=\"de_DE\" \/>\n<meta property=\"og:type\" content=\"article\" \/>\n<meta property=\"og:title\" content=\"4-Bilder-Mama-Fotocollage\" \/>\n<meta property=\"og:description\" content=\"Erinnere deine Mutter an die besonderen Momente, die ihr gemeinsam verbracht habt und lasse diese Erinnerungen lebendig werden F\u00fcge Textnoten hinzu, um jedes Geschenk zu etwas Besonderem und Bedeutungsvollem zu machen Passe es in nur 2 Minuten an W\u00e4hle eine Vorlage oder werde kreativ Sehe dir bei jedem Schritt eine Vorschau deines Designs an\" \/>\n<meta property=\"og:url\" content=\"https:\/\/positiveprints.com\/de\/produkt\/4-bilder-mama-fotocollage\/\" \/>\n<meta property=\"og:site_name\" content=\"Positive Prints\" \/>\n<meta property=\"article:publisher\" content=\"https:\/\/www.facebook.com\/positiveprintscom\" \/>\n<meta property=\"article:modified_time\" content=\"2026-04-12T20:11:06+00:00\" \/>\n<meta property=\"og:image\" content=\"https:\/\/positiveprints.com\/wp-content\/uploads\/2024\/04\/4-Bilder-Mama-Fotocollage.jpg\" \/>\n\t<meta property=\"og:image:width\" content=\"1080\" \/>\n\t<meta property=\"og:image:height\" content=\"1080\" \/>\n\t<meta property=\"og:image:type\" content=\"image\/jpeg\" \/>\n<meta name=\"twitter:card\" content=\"summary_large_image\" \/>\n<meta name=\"twitter:label1\" content=\"Gesch\u00e4tzte Lesezeit\" \/>\n\t<meta name=\"twitter:data1\" content=\"2\u00a0Minuten\" \/>\n<!-- \/ Yoast SEO Premium plugin. -->","yoast_head_json":{"title":"4-Bilder-Mama-Fotocollage - Positive Prints","description":"Halte wertvolle Erinnerungen mit der \u201c4-Bilder-Mama-Fotocollage\u201d fest. Einfach zu entwerfen, anzupassen und zu drucken. Das perfekte Geschenk f\u00fcr Mamas besonderen Tag!","robots":{"index":"index","follow":"follow","max-snippet":"max-snippet:-1","max-image-preview":"max-image-preview:large","max-video-preview":"max-video-preview:-1"},"canonical":"https:\/\/positiveprints.com\/de\/produkt\/4-bilder-mama-fotocollage\/","og_locale":"de_DE","og_type":"article","og_title":"4-Bilder-Mama-Fotocollage","og_description":"Erinnere deine Mutter an die besonderen Momente, die ihr gemeinsam verbracht habt und lasse diese Erinnerungen lebendig werden F\u00fcge Textnoten hinzu, um jedes Geschenk zu etwas Besonderem und Bedeutungsvollem zu machen Passe es in nur 2 Minuten an W\u00e4hle eine Vorlage oder werde kreativ Sehe dir bei jedem Schritt eine Vorschau deines Designs an","og_url":"https:\/\/positiveprints.com\/de\/produkt\/4-bilder-mama-fotocollage\/","og_site_name":"Positive Prints","article_publisher":"https:\/\/www.facebook.com\/positiveprintscom","article_modified_time":"2026-04-12T20:11:06+00:00","og_image":[{"width":1080,"height":1080,"url":"https:\/\/positiveprints.com\/wp-content\/uploads\/2024\/04\/4-Bilder-Mama-Fotocollage.jpg","type":"image\/jpeg"}],"twitter_card":"summary_large_image","twitter_misc":{"Gesch\u00e4tzte Lesezeit":"2\u00a0Minuten"},"schema":{"@context":"https:\/\/schema.org","@graph":[{"@type":["WebPage","ItemPage"],"@id":"https:\/\/positiveprints.com\/de\/produkt\/4-bilder-mama-fotocollage\/","url":"https:\/\/positiveprints.com\/de\/produkt\/4-bilder-mama-fotocollage\/","name":"4-Bilder-Mama-Fotocollage - Positive Prints","isPartOf":{"@id":"https:\/\/positiveprints.com\/de\/#website"},"primaryImageOfPage":{"@id":"https:\/\/positiveprints.com\/de\/produkt\/4-bilder-mama-fotocollage\/#primaryimage"},"image":{"@id":"https:\/\/positiveprints.com\/de\/produkt\/4-bilder-mama-fotocollage\/#primaryimage"},"thumbnailUrl":"https:\/\/positiveprints.com\/wp-content\/uploads\/2024\/04\/4-Bilder-Mama-Fotocollage.jpg","datePublished":"2024-03-28T18:13:40+00:00","dateModified":"2026-04-12T20:11:06+00:00","description":"Halte wertvolle Erinnerungen mit der \u201c4-Bilder-Mama-Fotocollage\u201d fest. Einfach zu entwerfen, anzupassen und zu drucken. Das perfekte Geschenk f\u00fcr Mamas besonderen Tag!","breadcrumb":{"@id":"https:\/\/positiveprints.com\/de\/produkt\/4-bilder-mama-fotocollage\/#breadcrumb"},"inLanguage":"de","potentialAction":[{"@type":"ReadAction","target":["https:\/\/positiveprints.com\/de\/produkt\/4-bilder-mama-fotocollage\/"]}]},{"@type":"ImageObject","inLanguage":"de","@id":"https:\/\/positiveprints.com\/de\/produkt\/4-bilder-mama-fotocollage\/#primaryimage","url":"https:\/\/positiveprints.com\/wp-content\/uploads\/2024\/04\/4-Bilder-Mama-Fotocollage.jpg","contentUrl":"https:\/\/positiveprints.com\/wp-content\/uploads\/2024\/04\/4-Bilder-Mama-Fotocollage.jpg","width":1080,"height":1080,"caption":"4-Bilder-Mama-Fotocollage"},{"@type":"BreadcrumbList","@id":"https:\/\/positiveprints.com\/de\/produkt\/4-bilder-mama-fotocollage\/#breadcrumb","itemListElement":[{"@type":"ListItem","position":1,"name":"Startseite","item":"https:\/\/positiveprints.com\/de\/"},{"@type":"ListItem","position":2,"name":"Produkte","item":"https:\/\/positiveprints.com\/de\/shop\/"},{"@type":"ListItem","position":3,"name":"4-Bilder-Mama-Fotocollage"}]},{"@type":"WebSite","@id":"https:\/\/positiveprints.com\/de\/#website","url":"https:\/\/positiveprints.com\/de\/","name":"Positive Prints","description":"Amazing Custom Personalized Gifts","publisher":{"@id":"https:\/\/positiveprints.com\/de\/#organization"},"potentialAction":[{"@type":"SearchAction","target":{"@type":"EntryPoint","urlTemplate":"https:\/\/positiveprints.com\/de\/?s={search_term_string}"},"query-input":{"@type":"PropertyValueSpecification","valueRequired":true,"valueName":"search_term_string"}}],"inLanguage":"de"},{"@type":"Organization","@id":"https:\/\/positiveprints.com\/de\/#organization","name":"Positive Prints","alternateName":"Positive Prints","url":"https:\/\/positiveprints.com\/de\/","logo":{"@type":"ImageObject","inLanguage":"de","@id":"https:\/\/positiveprints.com\/de\/#\/schema\/logo\/image\/","url":"https:\/\/positiveprints.com\/wp-content\/uploads\/2026\/03\/245815646_1337939713319158_5671353136411139666_n.png","contentUrl":"https:\/\/positiveprints.com\/wp-content\/uploads\/2026\/03\/245815646_1337939713319158_5671353136411139666_n.png","width":800,"height":800,"caption":"Positive Prints"},"image":{"@id":"https:\/\/positiveprints.com\/de\/#\/schema\/logo\/image\/"},"sameAs":["https:\/\/www.facebook.com\/positiveprintscom","https:\/\/www.instagram.com\/positiveprintscom\/","https:\/\/www.tiktok.com\/@positiveprintscom","https:\/\/www.pinterest.com\/positiveprintscom\/"]}]}},"jetpack_sharing_enabled":true,"_links":{"self":[{"href":"https:\/\/positiveprints.com\/de\/wp-json\/wp\/v2\/product\/1090856","targetHints":{"allow":["GET"]}}],"collection":[{"href":"https:\/\/positiveprints.com\/de\/wp-json\/wp\/v2\/product"}],"about":[{"href":"https:\/\/positiveprints.com\/de\/wp-json\/wp\/v2\/types\/product"}],"wp:featuredmedia":[{"embeddable":true,"href":"https:\/\/positiveprints.com\/de\/wp-json\/wp\/v2\/media\/1096340"}],"wp:attachment":[{"href":"https:\/\/positiveprints.com\/de\/wp-json\/wp\/v2\/media?parent=1090856"}],"wp:term":[{"taxonomy":"product_brand","embeddable":true,"href":"https:\/\/positiveprints.com\/de\/wp-json\/wp\/v2\/product_brand?post=1090856"},{"taxonomy":"product_cat","embeddable":true,"href":"https:\/\/positiveprints.com\/de\/wp-json\/wp\/v2\/product_cat?post=1090856"},{"taxonomy":"product_tag","embeddable":true,"href":"https:\/\/positiveprints.com\/de\/wp-json\/wp\/v2\/product_tag?post=1090856"}],"curies":[{"name":"wp","href":"https:\/\/api.w.org\/{rel}","templated":true}]}}