{"id":1089784,"date":"2024-03-28T11:39:12","date_gmt":"2024-03-28T10:39:12","guid":{"rendered":"https:\/\/positiveprints.com\/?post_type=product&#038;p=1089784"},"modified":"2026-04-28T13:54:34","modified_gmt":"2026-04-28T12:54:34","slug":"definition-poster-abschluss","status":"publish","type":"product","link":"https:\/\/positiveprints.com\/de\/produkt\/definition-poster-abschluss\/","title":{"rendered":"Definition-Poster: Abschluss"},"content":{"rendered":"<p>Suchst du nach einer unvergesslichen M\u00f6glichkeit, den Meilenstein eines Abschlusses zu feiern? Unser \u201eAbschluss-Definitionsposter\u201c ist die perfekte Wahl! Mit dieser personalisierten Wandkunst kannst du eine einzigartige Hommage an den Absolventen schaffen und seine\/ihre harte Arbeit, Erfolge und Zukunftsziele feiern.<\/p>\r\n\r\n<h2>Erstelle dein Abschluss-Definitionsposter<\/h2>\r\n\r\n<p>Mit unserem benutzerfreundlichen Online-Editor ist die Gestaltung deines \u201eAbschluss-Definitionsposters\u201c ein Kinderspiel. Befolge drei einfache Schritte, um ein individuelles Meisterwerk zu erstellen. W\u00e4hle zun\u00e4chst ein Layout aus, das den Stil und die Pers\u00f6nlichkeit der\/des Absolvent:in widerspiegelt und verleihen diesem dann deine pers\u00f6nliche Note, indem du ein Foto hochl\u00e4dst und das von dir gew\u00e4hlte Wort zusammen mit einer Definition eingibst.<\/p>\r\n\r\n<p>Du kannst aus unserer Auswahl an inspirierenden Definitionen w\u00e4hlen oder deine eigene Botschaft verfassen, um den\/die Absolvent:in zu inspirieren, wenn er\/sie sein n\u00e4chstes Kapitel beginnt. Ganz gleich, ob es um die Hochschule, das Gymnasium oder einen anderen akademischen Erfolg geht, unser Poster ist das perfekte Geschenk, um Erfolge zu w\u00fcrdigen.<\/p>\r\n\r\n<h2>Perfektes Geschenk f\u00fcr jeden Absolvent:in<\/h2>\r\n\r\n<p>Sobald dein Design perfektioniert ist, w\u00e4hle aus einer Reihe von Optionen, darunter gerahmte Drucke, Leinwanddrucke oder sofortige digitale Downloads. Dies ist eine einzigartige M\u00f6glichkeit, Erfolge zu w\u00fcrdigen und deine Unterst\u00fctzung beim \u00dcbergang in die n\u00e4chste Phase der Lebensreise zu zeigen.<\/p>\r\n\r\n<p>Schenke dem\/der Absolvent:in mit unserem personalisierten \u201eAbschluss-Definitionsposter\u201c ein Geschenk, das er\/sie f\u00fcr immer in Ehren halten wird. Bestelle noch heute und feiere den Erfolg mit Stil!<\/p>","protected":false},"excerpt":{"rendered":"<ul class=\"check-list\">\n<li>Erstelle eine pers\u00f6nliche Definition von deines Abschlusses<\/li>\n<li>F\u00fcge dein gew\u00fcnschtes Foto hinzu<\/li>\n<li>Passe dein Poster in 3 einfachen Schritten an<\/li>\n<li>W\u00e4hle eine Vorlage oder werde kreativ<\/li>\n<li>Sehe dir bei jedem Schritt eine Vorschau deines Designs an<\/li>\n<\/ul>\n","protected":false},"featured_media":1090645,"template":"","meta":[],"product_brand":[],"product_cat":[7910,105,9735,9761],"product_tag":[8492],"class_list":{"0":"post-1089784","1":"product","2":"type-product","3":"status-publish","4":"has-post-thumbnail","6":"product_cat-geschenk-zum-abschluss","7":"product_cat-alle-produkte","8":"product_cat-definition-de","9":"product_cat-trending-label-de","10":"product_tag-graduation-de","12":"first","13":"instock","14":"sale","15":"taxable","16":"shipping-taxable","17":"purchasable","18":"product-type-variable"},"yoast_head":"<!-- This site is optimized with the Yoast SEO Premium plugin v27.2 (Yoast SEO v27.2) - https:\/\/yoast.com\/product\/yoast-seo-premium-wordpress\/ -->\n<title>Definition-Poster: Abschluss - Positive Prints<\/title>\n<meta name=\"description\" content=\"Gedenke den Meilenstein des Abschlusses mit unserem \u201eAbschluss-Definition-Poster&quot;. W\u00e4hle dein Lieblingswort und -design. Perfekt, um Erfolge zu feiern!\" \/>\n<meta name=\"robots\" content=\"index, follow, max-snippet:-1, max-image-preview:large, max-video-preview:-1\" \/>\n<link rel=\"canonical\" href=\"https:\/\/positiveprints.com\/de\/produkt\/definition-poster-abschluss\/\" \/>\n<meta property=\"og:locale\" content=\"de_DE\" \/>\n<meta property=\"og:type\" content=\"article\" \/>\n<meta property=\"og:title\" content=\"Definition-Poster: Abschluss\" \/>\n<meta property=\"og:description\" content=\"Erstelle eine pers\u00f6nliche Definition von deines Abschlusses F\u00fcge dein gew\u00fcnschtes Foto hinzu Passe dein Poster in 3 einfachen Schritten an W\u00e4hle eine Vorlage oder werde kreativ Sehe dir bei jedem Schritt eine Vorschau deines Designs an\" \/>\n<meta property=\"og:url\" content=\"https:\/\/positiveprints.com\/de\/produkt\/definition-poster-abschluss\/\" \/>\n<meta property=\"og:site_name\" content=\"Positive Prints\" \/>\n<meta property=\"article:publisher\" content=\"https:\/\/www.facebook.com\/positiveprintscom\" \/>\n<meta property=\"article:modified_time\" content=\"2026-04-28T12:54:34+00:00\" \/>\n<meta property=\"og:image\" content=\"https:\/\/positiveprints.com\/wp-content\/uploads\/2024\/03\/Definition-Poster-Abschluss.jpg\" \/>\n\t<meta property=\"og:image:width\" content=\"1080\" \/>\n\t<meta property=\"og:image:height\" content=\"1080\" \/>\n\t<meta property=\"og:image:type\" content=\"image\/jpeg\" \/>\n<meta name=\"twitter:card\" content=\"summary_large_image\" \/>\n<!-- \/ Yoast SEO Premium plugin. -->","yoast_head_json":{"title":"Definition-Poster: Abschluss - Positive Prints","description":"Gedenke den Meilenstein des Abschlusses mit unserem \u201eAbschluss-Definition-Poster\". W\u00e4hle dein Lieblingswort und -design. Perfekt, um Erfolge zu feiern!","robots":{"index":"index","follow":"follow","max-snippet":"max-snippet:-1","max-image-preview":"max-image-preview:large","max-video-preview":"max-video-preview:-1"},"canonical":"https:\/\/positiveprints.com\/de\/produkt\/definition-poster-abschluss\/","og_locale":"de_DE","og_type":"article","og_title":"Definition-Poster: Abschluss","og_description":"Erstelle eine pers\u00f6nliche Definition von deines Abschlusses F\u00fcge dein gew\u00fcnschtes Foto hinzu Passe dein Poster in 3 einfachen Schritten an W\u00e4hle eine Vorlage oder werde kreativ Sehe dir bei jedem Schritt eine Vorschau deines Designs an","og_url":"https:\/\/positiveprints.com\/de\/produkt\/definition-poster-abschluss\/","og_site_name":"Positive Prints","article_publisher":"https:\/\/www.facebook.com\/positiveprintscom","article_modified_time":"2026-04-28T12:54:34+00:00","og_image":[{"width":1080,"height":1080,"url":"https:\/\/positiveprints.com\/wp-content\/uploads\/2024\/03\/Definition-Poster-Abschluss.jpg","type":"image\/jpeg"}],"twitter_card":"summary_large_image","schema":{"@context":"https:\/\/schema.org","@graph":[{"@type":["WebPage","ItemPage"],"@id":"https:\/\/positiveprints.com\/de\/produkt\/definition-poster-abschluss\/","url":"https:\/\/positiveprints.com\/de\/produkt\/definition-poster-abschluss\/","name":"Definition-Poster: Abschluss - Positive Prints","isPartOf":{"@id":"https:\/\/positiveprints.com\/de\/#website"},"primaryImageOfPage":{"@id":"https:\/\/positiveprints.com\/de\/produkt\/definition-poster-abschluss\/#primaryimage"},"image":{"@id":"https:\/\/positiveprints.com\/de\/produkt\/definition-poster-abschluss\/#primaryimage"},"thumbnailUrl":"https:\/\/positiveprints.com\/wp-content\/uploads\/2024\/03\/Definition-Poster-Abschluss.jpg","datePublished":"2024-03-28T10:39:12+00:00","dateModified":"2026-04-28T12:54:34+00:00","description":"Gedenke den Meilenstein des Abschlusses mit unserem \u201eAbschluss-Definition-Poster\". W\u00e4hle dein Lieblingswort und -design. Perfekt, um Erfolge zu feiern!","breadcrumb":{"@id":"https:\/\/positiveprints.com\/de\/produkt\/definition-poster-abschluss\/#breadcrumb"},"inLanguage":"de","potentialAction":[{"@type":"ReadAction","target":["https:\/\/positiveprints.com\/de\/produkt\/definition-poster-abschluss\/"]}]},{"@type":"ImageObject","inLanguage":"de","@id":"https:\/\/positiveprints.com\/de\/produkt\/definition-poster-abschluss\/#primaryimage","url":"https:\/\/positiveprints.com\/wp-content\/uploads\/2024\/03\/Definition-Poster-Abschluss.jpg","contentUrl":"https:\/\/positiveprints.com\/wp-content\/uploads\/2024\/03\/Definition-Poster-Abschluss.jpg","width":1080,"height":1080,"caption":"Definition-Poster Abschluss"},{"@type":"BreadcrumbList","@id":"https:\/\/positiveprints.com\/de\/produkt\/definition-poster-abschluss\/#breadcrumb","itemListElement":[{"@type":"ListItem","position":1,"name":"Startseite","item":"https:\/\/positiveprints.com\/de\/"},{"@type":"ListItem","position":2,"name":"Produkte","item":"https:\/\/positiveprints.com\/de\/shop\/"},{"@type":"ListItem","position":3,"name":"Definition-Poster: Abschluss"}]},{"@type":"WebSite","@id":"https:\/\/positiveprints.com\/de\/#website","url":"https:\/\/positiveprints.com\/de\/","name":"Positive Prints","description":"Amazing Custom Personalized Gifts","publisher":{"@id":"https:\/\/positiveprints.com\/de\/#organization"},"potentialAction":[{"@type":"SearchAction","target":{"@type":"EntryPoint","urlTemplate":"https:\/\/positiveprints.com\/de\/?s={search_term_string}"},"query-input":{"@type":"PropertyValueSpecification","valueRequired":true,"valueName":"search_term_string"}}],"inLanguage":"de"},{"@type":"Organization","@id":"https:\/\/positiveprints.com\/de\/#organization","name":"Positive Prints","alternateName":"Positive Prints","url":"https:\/\/positiveprints.com\/de\/","logo":{"@type":"ImageObject","inLanguage":"de","@id":"https:\/\/positiveprints.com\/de\/#\/schema\/logo\/image\/","url":"https:\/\/positiveprints.com\/wp-content\/uploads\/2026\/03\/245815646_1337939713319158_5671353136411139666_n.png","contentUrl":"https:\/\/positiveprints.com\/wp-content\/uploads\/2026\/03\/245815646_1337939713319158_5671353136411139666_n.png","width":800,"height":800,"caption":"Positive Prints"},"image":{"@id":"https:\/\/positiveprints.com\/de\/#\/schema\/logo\/image\/"},"sameAs":["https:\/\/www.facebook.com\/positiveprintscom","https:\/\/www.instagram.com\/positiveprintscom\/","https:\/\/www.tiktok.com\/@positiveprintscom","https:\/\/www.pinterest.com\/positiveprintscom\/"]}]}},"jetpack_sharing_enabled":true,"_links":{"self":[{"href":"https:\/\/positiveprints.com\/de\/wp-json\/wp\/v2\/product\/1089784","targetHints":{"allow":["GET"]}}],"collection":[{"href":"https:\/\/positiveprints.com\/de\/wp-json\/wp\/v2\/product"}],"about":[{"href":"https:\/\/positiveprints.com\/de\/wp-json\/wp\/v2\/types\/product"}],"wp:featuredmedia":[{"embeddable":true,"href":"https:\/\/positiveprints.com\/de\/wp-json\/wp\/v2\/media\/1090645"}],"wp:attachment":[{"href":"https:\/\/positiveprints.com\/de\/wp-json\/wp\/v2\/media?parent=1089784"}],"wp:term":[{"taxonomy":"product_brand","embeddable":true,"href":"https:\/\/positiveprints.com\/de\/wp-json\/wp\/v2\/product_brand?post=1089784"},{"taxonomy":"product_cat","embeddable":true,"href":"https:\/\/positiveprints.com\/de\/wp-json\/wp\/v2\/product_cat?post=1089784"},{"taxonomy":"product_tag","embeddable":true,"href":"https:\/\/positiveprints.com\/de\/wp-json\/wp\/v2\/product_tag?post=1089784"}],"curies":[{"name":"wp","href":"https:\/\/api.w.org\/{rel}","templated":true}]}}