{"id":1089771,"date":"2024-03-28T10:09:38","date_gmt":"2024-03-28T09:09:38","guid":{"rendered":"https:\/\/positiveprints.com\/?post_type=product&#038;p=1089771"},"modified":"2026-04-03T02:56:16","modified_gmt":"2026-04-03T01:56:16","slug":"definition-poster-mama","status":"publish","type":"product","link":"https:\/\/positiveprints.com\/de\/produkt\/definition-poster-mama\/","title":{"rendered":"Mama Definition Poster"},"content":{"rendered":"<p>Suchst du nach einer besonderen M\u00f6glichkeit, deine Mutterfigur zu feiern? Suche nicht weite! Wir haben das perfekt Geschenk f\u00fcr dich: unser Definition-Poster. Mit endlosen M\u00f6glichkeiten kannst du ein einzigartiges Wandkunstwerk schaffen, das deine pers\u00f6nliche Definition von deiner Mutter widerspiegelt.<\/p>\r\n\r\n<h2>Personalisiertes Poster zur Definition deiner perfekten Mutter<\/h2>\r\n\r\n<p>Gebe deiner Mutter das Gef\u00fchl, etwas ganz Besonderes zu sein. Gestalte das Definitionsposter deiner Mama, das speziell auf sie zugeschnitten ist. W\u00e4hle ihr Lieblingswort \u2013 sei es \u201eMama\u201c, \u201eMami\u201c, \u201eMutter\u201c oder einen besonderen Spitznamen, der dir am Herzen liegt. Tauche dann in unsere Designkollektion ein, um eines zu finden, das perfekt zu deinem Stil passt.<\/p>\r\n\r\n\r\n<p>Dank unseres einfachen Online-Editors k\u00f6nnte die Erstellung dieses herzlichen Geschenks nicht einfacher sein. Zun\u00e4chst w\u00e4hlst du ein Layout aus, das dir ins Auge f\u00e4llt. F\u00fcge als N\u00e4chstes eine pers\u00f6nliche Note hinzu, indem du ein Foto hochl\u00e4dst und das von dir gew\u00e4hlte Wort zusammen mit einer Definition eingibst. Du kannst sogar kreativ werden und deine eigene Definition finden, die die einzigartige Pers\u00f6nlichkeit und die Eigenarten deiner Mutter widerspiegelt. W\u00e4hle schlie\u00dflich aus unserem Angebot an Optionen, darunter gerahmte Bilder, gedruckte Poster, Leinwanddrucke oder sofortige digitale Downloads.<\/p>\r\n\r\n<h2>Perfektes Geschenk f\u00fcr jeden Anlass<\/h2>\r\n\r\n<p>Egal zu welchem Anlass \u2013 ob Muttertag, Geburtstag, Weihnachten oder einfach nur ein ganz normaler Tag, an dem du deine Mama zeigen m\u00f6chtest, wie sehr sie dir am Herzen liegt interessieren \u2013 das \u201eDefinition-Poster: Mama\u201c wird ihr mit Sicherheit ein L\u00e4cheln ins Gesicht zaubern. Es ist ein aufmerksames und herzliches Geschenk, das je nach gew\u00e4hlter Definition lustig, sentimental oder irgendetwas dazwischen sein kann. Gib ihr das Gef\u00fchl, geliebt und gesch\u00e4tzt zu werden, mit einem personalisierten Geschenk, an dem sie viele Jahre lang Freude haben wird!<\/p>","protected":false},"excerpt":{"rendered":"<ul class=\"check-list\">\n<li>Erstelle eine pers\u00f6nliche Definition von deiner Mama<\/li>\n<li>F\u00fcge dein gew\u00fcnschtes Foto hinzu<\/li>\n<li>Passe dein Poster in 3 einfachen Schritten an<\/li>\n<li>W\u00e4hle eine Vorlage oder werde kreativ<\/li>\n<li>Sehe dir bei jedem Schritt eine Vorschau deines Designs an<\/li>\n<\/ul>\n","protected":false},"featured_media":1090109,"template":"","meta":[],"product_brand":[],"product_cat":[105,7958,9735,11361,7814,7702,7278,9761,5266],"product_tag":[15908,12550,12551,15905,15906,8405,11740],"class_list":{"0":"post-1089771","1":"product","2":"type-product","3":"status-publish","4":"has-post-thumbnail","6":"product_cat-alle-produkte","7":"product_cat-geschenke-fur-baby-shower-geschenkideen-de","8":"product_cat-definition-de","9":"product_cat-weihnachtsgeschenke-fur-die-mama","10":"product_cat-geschenke-fur-frisch-gewordene-eltern","11":"product_cat-geschenke-fur-mama","12":"product_cat-muttertagsgeschenke","13":"product_cat-trending-label-de","14":"product_cat-weihnachtsgeschenke","15":"product_tag-christmas-gifts-for-mom-de","16":"product_tag-mama-de","17":"product_tag-mama-de-2","18":"product_tag-mommy-de","19":"product_tag-mother-de-2","20":"product_tag-mother-de","21":"product_tag-weihnachtsgeschenke-fuer-die-mama","23":"first","24":"instock","25":"sale","26":"taxable","27":"shipping-taxable","28":"purchasable","29":"product-type-variable"},"yoast_head":"<!-- This site is optimized with the Yoast SEO Premium plugin v27.2 (Yoast SEO v27.2) - https:\/\/yoast.com\/product\/yoast-seo-premium-wordpress\/ -->\n<title>Mama Definition Poster - Positive Prints<\/title>\n<meta name=\"description\" content=\"Schaffe mit unserem personalisierten \u201eDefinition-Poster: Mama\u201c eine herzliche Hommage an deine Mutter. W\u00e4hle dein Lieblingswort und -design.\" \/>\n<meta name=\"robots\" content=\"index, follow, max-snippet:-1, max-image-preview:large, max-video-preview:-1\" \/>\n<link rel=\"canonical\" href=\"https:\/\/positiveprints.com\/de\/produkt\/definition-poster-mama\/\" \/>\n<meta property=\"og:locale\" content=\"de_DE\" \/>\n<meta property=\"og:type\" content=\"article\" \/>\n<meta property=\"og:title\" content=\"Mama Definition Poster\" \/>\n<meta property=\"og:description\" content=\"Erstelle eine pers\u00f6nliche Definition von deiner Mama F\u00fcge dein gew\u00fcnschtes Foto hinzu Passe dein Poster in 3 einfachen Schritten an W\u00e4hle eine Vorlage oder werde kreativ Sehe dir bei jedem Schritt eine Vorschau deines Designs an\" \/>\n<meta property=\"og:url\" content=\"https:\/\/positiveprints.com\/de\/produkt\/definition-poster-mama\/\" \/>\n<meta property=\"og:site_name\" content=\"Positive Prints\" \/>\n<meta property=\"article:publisher\" content=\"https:\/\/www.facebook.com\/positiveprintscom\" \/>\n<meta property=\"article:modified_time\" content=\"2026-04-03T01:56:16+00:00\" \/>\n<meta property=\"og:image\" content=\"https:\/\/positiveprints.com\/wp-content\/uploads\/2024\/03\/Definition-Poster-Mama.jpg\" \/>\n\t<meta property=\"og:image:width\" content=\"1080\" \/>\n\t<meta property=\"og:image:height\" content=\"1080\" \/>\n\t<meta property=\"og:image:type\" content=\"image\/jpeg\" \/>\n<meta name=\"twitter:card\" content=\"summary_large_image\" \/>\n<meta name=\"twitter:label1\" content=\"Gesch\u00e4tzte Lesezeit\" \/>\n\t<meta name=\"twitter:data1\" content=\"2\u00a0Minuten\" \/>\n<!-- \/ Yoast SEO Premium plugin. -->","yoast_head_json":{"title":"Mama Definition Poster - Positive Prints","description":"Schaffe mit unserem personalisierten \u201eDefinition-Poster: Mama\u201c eine herzliche Hommage an deine Mutter. W\u00e4hle dein Lieblingswort und -design.","robots":{"index":"index","follow":"follow","max-snippet":"max-snippet:-1","max-image-preview":"max-image-preview:large","max-video-preview":"max-video-preview:-1"},"canonical":"https:\/\/positiveprints.com\/de\/produkt\/definition-poster-mama\/","og_locale":"de_DE","og_type":"article","og_title":"Mama Definition Poster","og_description":"Erstelle eine pers\u00f6nliche Definition von deiner Mama F\u00fcge dein gew\u00fcnschtes Foto hinzu Passe dein Poster in 3 einfachen Schritten an W\u00e4hle eine Vorlage oder werde kreativ Sehe dir bei jedem Schritt eine Vorschau deines Designs an","og_url":"https:\/\/positiveprints.com\/de\/produkt\/definition-poster-mama\/","og_site_name":"Positive Prints","article_publisher":"https:\/\/www.facebook.com\/positiveprintscom","article_modified_time":"2026-04-03T01:56:16+00:00","og_image":[{"width":1080,"height":1080,"url":"https:\/\/positiveprints.com\/wp-content\/uploads\/2024\/03\/Definition-Poster-Mama.jpg","type":"image\/jpeg"}],"twitter_card":"summary_large_image","twitter_misc":{"Gesch\u00e4tzte Lesezeit":"2\u00a0Minuten"},"schema":{"@context":"https:\/\/schema.org","@graph":[{"@type":["WebPage","ItemPage"],"@id":"https:\/\/positiveprints.com\/de\/produkt\/definition-poster-mama\/","url":"https:\/\/positiveprints.com\/de\/produkt\/definition-poster-mama\/","name":"Mama Definition Poster - Positive Prints","isPartOf":{"@id":"https:\/\/positiveprints.com\/de\/#website"},"primaryImageOfPage":{"@id":"https:\/\/positiveprints.com\/de\/produkt\/definition-poster-mama\/#primaryimage"},"image":{"@id":"https:\/\/positiveprints.com\/de\/produkt\/definition-poster-mama\/#primaryimage"},"thumbnailUrl":"https:\/\/positiveprints.com\/wp-content\/uploads\/2024\/03\/Definition-Poster-Mama.jpg","datePublished":"2024-03-28T09:09:38+00:00","dateModified":"2026-04-03T01:56:16+00:00","description":"Schaffe mit unserem personalisierten \u201eDefinition-Poster: Mama\u201c eine herzliche Hommage an deine Mutter. W\u00e4hle dein Lieblingswort und -design.","breadcrumb":{"@id":"https:\/\/positiveprints.com\/de\/produkt\/definition-poster-mama\/#breadcrumb"},"inLanguage":"de","potentialAction":[{"@type":"ReadAction","target":["https:\/\/positiveprints.com\/de\/produkt\/definition-poster-mama\/"]}]},{"@type":"ImageObject","inLanguage":"de","@id":"https:\/\/positiveprints.com\/de\/produkt\/definition-poster-mama\/#primaryimage","url":"https:\/\/positiveprints.com\/wp-content\/uploads\/2024\/03\/Definition-Poster-Mama.jpg","contentUrl":"https:\/\/positiveprints.com\/wp-content\/uploads\/2024\/03\/Definition-Poster-Mama.jpg","width":1080,"height":1080,"caption":"Definition-Poster Mama"},{"@type":"BreadcrumbList","@id":"https:\/\/positiveprints.com\/de\/produkt\/definition-poster-mama\/#breadcrumb","itemListElement":[{"@type":"ListItem","position":1,"name":"Startseite","item":"https:\/\/positiveprints.com\/de\/"},{"@type":"ListItem","position":2,"name":"Produkte","item":"https:\/\/positiveprints.com\/de\/shop\/"},{"@type":"ListItem","position":3,"name":"Mama Definition Poster"}]},{"@type":"WebSite","@id":"https:\/\/positiveprints.com\/de\/#website","url":"https:\/\/positiveprints.com\/de\/","name":"Positive Prints","description":"Amazing Custom Personalized Gifts","publisher":{"@id":"https:\/\/positiveprints.com\/de\/#organization"},"potentialAction":[{"@type":"SearchAction","target":{"@type":"EntryPoint","urlTemplate":"https:\/\/positiveprints.com\/de\/?s={search_term_string}"},"query-input":{"@type":"PropertyValueSpecification","valueRequired":true,"valueName":"search_term_string"}}],"inLanguage":"de"},{"@type":"Organization","@id":"https:\/\/positiveprints.com\/de\/#organization","name":"Positive Prints","alternateName":"Positive Prints","url":"https:\/\/positiveprints.com\/de\/","logo":{"@type":"ImageObject","inLanguage":"de","@id":"https:\/\/positiveprints.com\/de\/#\/schema\/logo\/image\/","url":"https:\/\/positiveprints.com\/wp-content\/uploads\/2026\/03\/245815646_1337939713319158_5671353136411139666_n.png","contentUrl":"https:\/\/positiveprints.com\/wp-content\/uploads\/2026\/03\/245815646_1337939713319158_5671353136411139666_n.png","width":800,"height":800,"caption":"Positive Prints"},"image":{"@id":"https:\/\/positiveprints.com\/de\/#\/schema\/logo\/image\/"},"sameAs":["https:\/\/www.facebook.com\/positiveprintscom","https:\/\/www.instagram.com\/positiveprintscom\/","https:\/\/www.tiktok.com\/@positiveprintscom","https:\/\/www.pinterest.com\/positiveprintscom\/"]}]}},"jetpack_sharing_enabled":true,"_links":{"self":[{"href":"https:\/\/positiveprints.com\/de\/wp-json\/wp\/v2\/product\/1089771","targetHints":{"allow":["GET"]}}],"collection":[{"href":"https:\/\/positiveprints.com\/de\/wp-json\/wp\/v2\/product"}],"about":[{"href":"https:\/\/positiveprints.com\/de\/wp-json\/wp\/v2\/types\/product"}],"wp:featuredmedia":[{"embeddable":true,"href":"https:\/\/positiveprints.com\/de\/wp-json\/wp\/v2\/media\/1090109"}],"wp:attachment":[{"href":"https:\/\/positiveprints.com\/de\/wp-json\/wp\/v2\/media?parent=1089771"}],"wp:term":[{"taxonomy":"product_brand","embeddable":true,"href":"https:\/\/positiveprints.com\/de\/wp-json\/wp\/v2\/product_brand?post=1089771"},{"taxonomy":"product_cat","embeddable":true,"href":"https:\/\/positiveprints.com\/de\/wp-json\/wp\/v2\/product_cat?post=1089771"},{"taxonomy":"product_tag","embeddable":true,"href":"https:\/\/positiveprints.com\/de\/wp-json\/wp\/v2\/product_tag?post=1089771"}],"curies":[{"name":"wp","href":"https:\/\/api.w.org\/{rel}","templated":true}]}}