{"id":1054346,"date":"2024-01-22T12:47:05","date_gmt":"2024-01-22T11:47:05","guid":{"rendered":"https:\/\/positiveprints.com\/?post_type=product&#038;p=1054346"},"modified":"2026-04-28T14:00:31","modified_gmt":"2026-04-28T13:00:31","slug":"wo-alles-begann-schmuck","status":"publish","type":"product","link":"https:\/\/positiveprints.com\/de\/produkt\/wo-alles-begann-schmuck\/","title":{"rendered":"Kette &#8211; Wo alles begann"},"content":{"rendered":"<p>Wolltest du schon immer die Essenz dessen, wo alles begann, auf besondere und einzigartige Weise einfangen? Dein Wunsch wird mit unserem personalisierten \u201eWo alles begann\u201c-Schmuck erf\u00fcllt \u2013 ein von Herzen kommendes St\u00fcck, mit dem du die Magie deiner Herkunftsgeschichte \u00fcberall hin mitnehmen kannst. Es ist nicht nur ein Schmuckst\u00fcck. Es ist ein bedeutungsvolles Geschenk, um die Anf\u00e4nge noch einmal zu erleben oder wichtige Meilensteine zu feiern.<\/p>\n\n\n\n<h2>Erstelle ein individuelles Andenken \u201eWo alles begann\u201c<\/h2>\n\n\n\n<p>Erstelle ein individuelles Andenken, indem du den Ort und die Worte ausw\u00e4hlst, die einen besonderen Platz in deinem Herzen einnehmen. M\u00f6chtest du dieser wichtigen Stelle eine symbolische Note verleihen? Dies gelingt dir m\u00fchelos in drei einfachen Schritten. Zeige bei jedem Schritt eine Vorschau deines Entwurfs an, um sicherzustellen, dass er die Essenz dessen einf\u00e4ngt, wo alles begann.<\/p>\n\n\n\n<h2>Silber-Eleganz<\/h2>\n\n\n\n<p>Ganz gleich, ob du einen klassischen Kreisanh\u00e4nger oder eine mit einer 45 cm langen Kette bevorzugst, jedes St\u00fcck wird einer sorgf\u00e4ltigen Lasergravur unterzogen und verwandelt deine wertvollen Erinnerungen in ein tragbares Meisterwerk.<\/p>\n\n\n\n<h2>Mit Liebe verpackt \u2013 Eine Kiste voller Erinnerungen<\/h2>\n\n\n\n<p>Dein personalisierter Anh\u00e4nger findet seinen Platz in einer sorgf\u00e4ltig gestalteten Schmuckschatulle. Beim \u00d6ffnen findest du eine Pflegeanleitung und ein spezielles Tuch, damit dein Schmuck immer gl\u00e4nzt. Unser Ziel ist es, ein so besonderes Erlebnis wie eure Liebesgeschichte zu bieten. Mache dich bereit, die Magie dessen, wo alles begann, mit unserem personalisierten \u201eWo alles begann\u201c-Schmuck noch einmal zu erleben \u2013 eine zeitlose M\u00f6glichkeit, die Essenz deiner Reise bei sich zu tragen!<\/p>","protected":false},"excerpt":{"rendered":"<ul class=\"check-list\">\n<li>Personalisiere deine \u201eWo alles begann\u201c-Halskette \u2013 trage die Geschichte, feiere den Anfang und bewahre sie f\u00fcr immer in Ehren<\/li>\n<li>Passe deinen Anh\u00e4nger an, mit der Standortgravur auf der einen Seite und deinem pers\u00f6nlichen Text auf der anderen Seite<\/li>\n<li>Anh\u00e4nger mit einem Durchmesser von 20 mm, gefertigt aus hochwertigem Sterlingsilber, lasergraviert und von Hand vollendet<\/li>\n<li>Bearbeite dein Design in nur 2 Minuten<\/li>\n<li>Sehe dir bei jedem Schritt eine Vorschau deines Designs an<\/li>\n<\/ul>\n","protected":false},"featured_media":1544416,"template":"","meta":[],"product_brand":[],"product_cat":[9261,12186,105,7686],"product_tag":[9352,9072,9340,9312,9323],"class_list":{"0":"post-1054346","1":"product","2":"type-product","3":"status-publish","4":"has-post-thumbnail","6":"product_cat-jewelry-de","7":"product_cat-outline-map-jewelry-de","8":"product_cat-alle-produkte","9":"product_cat-geschenke-fur-wichtige-frauen-in-deinem-leben","10":"product_tag-anhanger","11":"product_tag-couples-de-2","12":"product_tag-halskette","13":"product_tag-kette-de","14":"product_tag-medaillon-de","16":"first","17":"instock","18":"sale","19":"taxable","20":"shipping-taxable","21":"purchasable","22":"product-type-variable"},"yoast_head":"<!-- This site is optimized with the Yoast SEO Premium plugin v27.2 (Yoast SEO v27.2) - https:\/\/yoast.com\/product\/yoast-seo-premium-wordpress\/ -->\n<title>Kette - Wo alles begann - Positive Prints<\/title>\n<meta name=\"description\" content=\"Personalisierter \u201eWo alles begann\u201c-Schmuck \u2013 ein von Herzen kommendes St\u00fcck, mit dem du die Magie eurer Herkunftsgeschichte \u00fcberallhin mitnehmen kannst.\" \/>\n<meta name=\"robots\" content=\"index, follow, max-snippet:-1, max-image-preview:large, max-video-preview:-1\" \/>\n<link rel=\"canonical\" href=\"https:\/\/positiveprints.com\/de\/produkt\/wo-alles-begann-schmuck\/\" \/>\n<meta property=\"og:locale\" content=\"de_DE\" \/>\n<meta property=\"og:type\" content=\"article\" \/>\n<meta property=\"og:title\" content=\"Kette - Wo alles begann\" \/>\n<meta property=\"og:description\" content=\"Personalisiere deine \u201eWo alles begann\u201c-Halskette \u2013 trage die Geschichte, feiere den Anfang und bewahre sie f\u00fcr immer in Ehren  Passe deinen Anh\u00e4nger an, mit der Standortgravur auf der einen Seite und deinem pers\u00f6nlichen Text auf der anderen Seite   Anh\u00e4nger mit einem Durchmesser von 20 mm, gefertigt aus hochwertigem Sterlingsilber, lasergraviert und von Hand vollendet   Bearbeite dein Design in nur 2 Minuten   Sehe dir bei jedem Schritt eine Vorschau deines Designs an\" \/>\n<meta property=\"og:url\" content=\"https:\/\/positiveprints.com\/de\/produkt\/wo-alles-begann-schmuck\/\" \/>\n<meta property=\"og:site_name\" content=\"Positive Prints\" \/>\n<meta property=\"article:publisher\" content=\"https:\/\/www.facebook.com\/positiveprintscom\" \/>\n<meta property=\"article:modified_time\" content=\"2026-04-28T13:00:31+00:00\" \/>\n<meta property=\"og:image\" content=\"https:\/\/positiveprints.com\/wp-content\/uploads\/2025\/10\/Kette-Wo-alles-begann-1.webp\" \/>\n\t<meta property=\"og:image:width\" content=\"2280\" \/>\n\t<meta property=\"og:image:height\" content=\"2280\" \/>\n\t<meta property=\"og:image:type\" content=\"image\/webp\" \/>\n<meta name=\"twitter:card\" content=\"summary_large_image\" \/>\n<!-- \/ Yoast SEO Premium plugin. -->","yoast_head_json":{"title":"Kette - Wo alles begann - Positive Prints","description":"Personalisierter \u201eWo alles begann\u201c-Schmuck \u2013 ein von Herzen kommendes St\u00fcck, mit dem du die Magie eurer Herkunftsgeschichte \u00fcberallhin mitnehmen kannst.","robots":{"index":"index","follow":"follow","max-snippet":"max-snippet:-1","max-image-preview":"max-image-preview:large","max-video-preview":"max-video-preview:-1"},"canonical":"https:\/\/positiveprints.com\/de\/produkt\/wo-alles-begann-schmuck\/","og_locale":"de_DE","og_type":"article","og_title":"Kette - Wo alles begann","og_description":"Personalisiere deine \u201eWo alles begann\u201c-Halskette \u2013 trage die Geschichte, feiere den Anfang und bewahre sie f\u00fcr immer in Ehren  Passe deinen Anh\u00e4nger an, mit der Standortgravur auf der einen Seite und deinem pers\u00f6nlichen Text auf der anderen Seite   Anh\u00e4nger mit einem Durchmesser von 20 mm, gefertigt aus hochwertigem Sterlingsilber, lasergraviert und von Hand vollendet   Bearbeite dein Design in nur 2 Minuten   Sehe dir bei jedem Schritt eine Vorschau deines Designs an","og_url":"https:\/\/positiveprints.com\/de\/produkt\/wo-alles-begann-schmuck\/","og_site_name":"Positive Prints","article_publisher":"https:\/\/www.facebook.com\/positiveprintscom","article_modified_time":"2026-04-28T13:00:31+00:00","og_image":[{"width":2280,"height":2280,"url":"https:\/\/positiveprints.com\/wp-content\/uploads\/2025\/10\/Kette-Wo-alles-begann-1.webp","type":"image\/webp"}],"twitter_card":"summary_large_image","schema":{"@context":"https:\/\/schema.org","@graph":[{"@type":["WebPage","ItemPage"],"@id":"https:\/\/positiveprints.com\/de\/produkt\/wo-alles-begann-schmuck\/","url":"https:\/\/positiveprints.com\/de\/produkt\/wo-alles-begann-schmuck\/","name":"Kette - Wo alles begann - Positive Prints","isPartOf":{"@id":"https:\/\/positiveprints.com\/de\/#website"},"primaryImageOfPage":{"@id":"https:\/\/positiveprints.com\/de\/produkt\/wo-alles-begann-schmuck\/#primaryimage"},"image":{"@id":"https:\/\/positiveprints.com\/de\/produkt\/wo-alles-begann-schmuck\/#primaryimage"},"thumbnailUrl":"https:\/\/positiveprints.com\/wp-content\/uploads\/2025\/10\/Kette-Wo-alles-begann-1.webp","datePublished":"2024-01-22T11:47:05+00:00","dateModified":"2026-04-28T13:00:31+00:00","description":"Personalisierter \u201eWo alles begann\u201c-Schmuck \u2013 ein von Herzen kommendes St\u00fcck, mit dem du die Magie eurer Herkunftsgeschichte \u00fcberallhin mitnehmen kannst.","breadcrumb":{"@id":"https:\/\/positiveprints.com\/de\/produkt\/wo-alles-begann-schmuck\/#breadcrumb"},"inLanguage":"de","potentialAction":[{"@type":"ReadAction","target":["https:\/\/positiveprints.com\/de\/produkt\/wo-alles-begann-schmuck\/"]}]},{"@type":"ImageObject","inLanguage":"de","@id":"https:\/\/positiveprints.com\/de\/produkt\/wo-alles-begann-schmuck\/#primaryimage","url":"https:\/\/positiveprints.com\/wp-content\/uploads\/2025\/10\/Kette-Wo-alles-begann-1.webp","contentUrl":"https:\/\/positiveprints.com\/wp-content\/uploads\/2025\/10\/Kette-Wo-alles-begann-1.webp","width":2280,"height":2280},{"@type":"BreadcrumbList","@id":"https:\/\/positiveprints.com\/de\/produkt\/wo-alles-begann-schmuck\/#breadcrumb","itemListElement":[{"@type":"ListItem","position":1,"name":"Startseite","item":"https:\/\/positiveprints.com\/de\/"},{"@type":"ListItem","position":2,"name":"Produkte","item":"https:\/\/positiveprints.com\/de\/shop\/"},{"@type":"ListItem","position":3,"name":"Kette &#8211; Wo alles begann"}]},{"@type":"WebSite","@id":"https:\/\/positiveprints.com\/de\/#website","url":"https:\/\/positiveprints.com\/de\/","name":"Positive Prints","description":"Amazing Custom Personalized Gifts","publisher":{"@id":"https:\/\/positiveprints.com\/de\/#organization"},"potentialAction":[{"@type":"SearchAction","target":{"@type":"EntryPoint","urlTemplate":"https:\/\/positiveprints.com\/de\/?s={search_term_string}"},"query-input":{"@type":"PropertyValueSpecification","valueRequired":true,"valueName":"search_term_string"}}],"inLanguage":"de"},{"@type":"Organization","@id":"https:\/\/positiveprints.com\/de\/#organization","name":"Positive Prints","alternateName":"Positive Prints","url":"https:\/\/positiveprints.com\/de\/","logo":{"@type":"ImageObject","inLanguage":"de","@id":"https:\/\/positiveprints.com\/de\/#\/schema\/logo\/image\/","url":"https:\/\/positiveprints.com\/wp-content\/uploads\/2026\/03\/245815646_1337939713319158_5671353136411139666_n.png","contentUrl":"https:\/\/positiveprints.com\/wp-content\/uploads\/2026\/03\/245815646_1337939713319158_5671353136411139666_n.png","width":800,"height":800,"caption":"Positive Prints"},"image":{"@id":"https:\/\/positiveprints.com\/de\/#\/schema\/logo\/image\/"},"sameAs":["https:\/\/www.facebook.com\/positiveprintscom","https:\/\/www.instagram.com\/positiveprintscom\/","https:\/\/www.tiktok.com\/@positiveprintscom","https:\/\/www.pinterest.com\/positiveprintscom\/"]}]}},"jetpack_sharing_enabled":true,"_links":{"self":[{"href":"https:\/\/positiveprints.com\/de\/wp-json\/wp\/v2\/product\/1054346","targetHints":{"allow":["GET"]}}],"collection":[{"href":"https:\/\/positiveprints.com\/de\/wp-json\/wp\/v2\/product"}],"about":[{"href":"https:\/\/positiveprints.com\/de\/wp-json\/wp\/v2\/types\/product"}],"wp:featuredmedia":[{"embeddable":true,"href":"https:\/\/positiveprints.com\/de\/wp-json\/wp\/v2\/media\/1544416"}],"wp:attachment":[{"href":"https:\/\/positiveprints.com\/de\/wp-json\/wp\/v2\/media?parent=1054346"}],"wp:term":[{"taxonomy":"product_brand","embeddable":true,"href":"https:\/\/positiveprints.com\/de\/wp-json\/wp\/v2\/product_brand?post=1054346"},{"taxonomy":"product_cat","embeddable":true,"href":"https:\/\/positiveprints.com\/de\/wp-json\/wp\/v2\/product_cat?post=1054346"},{"taxonomy":"product_tag","embeddable":true,"href":"https:\/\/positiveprints.com\/de\/wp-json\/wp\/v2\/product_tag?post=1054346"}],"curies":[{"name":"wp","href":"https:\/\/api.w.org\/{rel}","templated":true}]}}