{"id":1054323,"date":"2024-01-22T12:27:05","date_gmt":"2024-01-22T11:27:05","guid":{"rendered":"https:\/\/positiveprints.com\/?post_type=product&#038;p=1054323"},"modified":"2026-04-23T11:10:26","modified_gmt":"2026-04-23T10:10:26","slug":"wo-wir-uns-trafen-personalisierter-schmuck","status":"publish","type":"product","link":"https:\/\/positiveprints.com\/de\/produkt\/wo-wir-uns-trafen-personalisierter-schmuck\/","title":{"rendered":"Wo wir uns trafen \u2013 personalisierte Kette"},"content":{"rendered":"<p>Hast du dich jemals gefragt, wie du den Ort, an dem ihr euch zum ersten Mal getroffen habt, in ein besonderes und einzigartiges Geschenk verwandeln kannst? Dann ist unser personalisierte \u201eWo wir uns trafen\u201d-Schmuck die Antwort! Es ist wie Magie, die man tragen kann \u2013 eine coole Halskette, die euch immer an eure besondere Verbindung erinnert. Perfekt zum Verschenken als \u201eWo wir uns kennengelernt haben\u201c-Geschenk oder zum Feiern von Jubil\u00e4en.<\/p>\n\n\n\n<h2>Erstelle ein individuelles \u201eWo wir uns trafen\u201c-Geschenk<\/h2>\n\n\n\n<p>Hier kommt der Spa\u00df:Du kannst die Stelle und die W\u00f6rter ausw\u00e4hlen, die du auf deiner Halskette haben m\u00f6chten. M\u00f6chtest du ein kleines Symbol hinzuf\u00fcgen, um diesen besonderen Ort zu markieren? Das kannst du auch! Es ist super einfach und du kannst bei jedem Schritt sehen, wie es aussehen wird.<\/p>\n\n\n\n<h2>Geschenk in Silber<\/h2>\n\n\n\n<p>Jeder Anh\u00e4nger, ob kreisf\u00f6rmig oder mit einer 45 cm langen Kette, erh\u00e4lt eine besondere Behandlung mit Lasergravur. So wird der Nachthimmel zu etwas, das man tragen kann! Und rate was? Die kleine Markierung auf dem Anh\u00e4nger und der Kette bedeutet, dass es echt und von hervorragender Qualit\u00e4t ist.<\/p>\n\n\n\n<h2>Sorgf\u00e4ltig verpackt \u2013 eine Geschenkbox voller Liebe<\/h2>\n\n\n\n<p>Aber das ist nicht alles! Wir verpacken deinen besonderen Anh\u00e4nger eine sch\u00f6ne Schmuckschachtel. Wenn du es \u00f6ffnest, findest du eine Pflegeanleitung und ein spezielles Tuch zum Reinigen. Wir m\u00f6chten, dass dein Erlebnis genauso gro\u00dfartig ist wie eure Liebesgeschichte. Mache dich also bereit, eure Reise mit unserem personalisierten \u201eWo wir uns trafen\u201c-Schmuck zu etwas ganz Besonderem zu machen \u2013 eine magische Art, eure Erinnerungen bei sich zu tragen!<\/p>","protected":false},"excerpt":{"rendered":"<ul class=\"check-list\">\n<li>Umarme den Zauber deiner Reise mit einer personalisierten \u201eWo wir uns trafen\u201c-Halskette \u2013 tragen eine Erinnerung an die einzigartige Verbindung, die ihr teilt<\/li>\n<li>Passe deinen Anh\u00e4nger an, mit der Standortgravur auf der einen Seite und deinem pers\u00f6nlichen Text auf der anderen Seite<\/li>\n<li>Anh\u00e4nger mit einem Durchmesser von 20 mm, gefertigt aus hochwertigem Sterlingsilber, lasergraviert und von Hand vollendet<\/li>\n<li>Bearbeite dein Design in nur 2 Minuten<\/li>\n<li>Sehe dir bei jedem Schritt eine Vorschau deines Designs an<\/li>\n<\/ul>\n","protected":false},"featured_media":1538894,"template":"","meta":[],"product_brand":[],"product_cat":[8200,9261,12252,12186,105,5327,11163,7686,7782,7750,390,11233],"product_tag":[9352,14749,9340,9312,9323],"class_list":{"0":"post-1054323","1":"product","2":"type-product","3":"status-publish","4":"has-post-thumbnail","6":"product_cat-fur-sie-de","7":"product_cat-jewelry-de","8":"product_cat-jewelry-basic-de","9":"product_cat-outline-map-jewelry-de","10":"product_cat-alle-produkte","11":"product_cat-jubilaumsgeschenke","12":"product_cat-jahrestag-geschenke-fur-sie","13":"product_cat-geschenke-fur-wichtige-frauen-in-deinem-leben","14":"product_cat-geschenke-fur-deine-freundin","15":"product_cat-geschenke-fur-deine-ehefrau","16":"product_cat-geschenke-zum-valentinstag-geschenkideen-de","17":"product_cat-valentinstagsgeschenke-fur-frauen","18":"product_tag-anhanger","19":"product_tag-anniversary-de","20":"product_tag-halskette","21":"product_tag-kette-de","22":"product_tag-medaillon-de","24":"first","25":"instock","26":"sale","27":"taxable","28":"shipping-taxable","29":"purchasable","30":"product-type-variable"},"yoast_head":"<!-- This site is optimized with the Yoast SEO Premium plugin v27.2 (Yoast SEO v27.2) - https:\/\/yoast.com\/product\/yoast-seo-premium-wordpress\/ -->\n<title>Wo wir uns trafen \u2013 personalisierte Kette - Positive Prints<\/title>\n<meta name=\"description\" content=\"Hast du dich jemals gefragt, wie du den Ort, an dem ihr euch zum ersten Mal getroffen habt, in ein besonderes und einzigartiges Geschenk verwandeln k\u00f6nntest? Dann ist unser personalisierter \u201eWo wir uns trafen\u201c-Schmuck die Antwort!\" \/>\n<meta name=\"robots\" content=\"index, follow, max-snippet:-1, max-image-preview:large, max-video-preview:-1\" \/>\n<link rel=\"canonical\" href=\"https:\/\/positiveprints.com\/de\/produkt\/wo-wir-uns-trafen-personalisierter-schmuck\/\" \/>\n<meta property=\"og:locale\" content=\"de_DE\" \/>\n<meta property=\"og:type\" content=\"article\" \/>\n<meta property=\"og:title\" content=\"Wo wir uns trafen \u2013 personalisierte Kette\" \/>\n<meta property=\"og:description\" content=\"Umarme den Zauber deiner Reise mit einer personalisierten \u201eWo wir uns trafen\u201c-Halskette \u2013 tragen eine Erinnerung an die einzigartige Verbindung, die ihr teilt  Passe deinen Anh\u00e4nger an, mit der Standortgravur auf der einen Seite und deinem pers\u00f6nlichen Text auf der anderen Seite   Anh\u00e4nger mit einem Durchmesser von 20 mm, gefertigt aus hochwertigem Sterlingsilber, lasergraviert und von Hand vollendet   Bearbeite dein Design in nur 2 Minuten   Sehe dir bei jedem Schritt eine Vorschau deines Designs an\" \/>\n<meta property=\"og:url\" content=\"https:\/\/positiveprints.com\/de\/produkt\/wo-wir-uns-trafen-personalisierter-schmuck\/\" \/>\n<meta property=\"og:site_name\" content=\"Positive Prints\" \/>\n<meta property=\"article:publisher\" content=\"https:\/\/www.facebook.com\/positiveprintscom\" \/>\n<meta property=\"article:modified_time\" content=\"2026-04-23T10:10:26+00:00\" \/>\n<meta property=\"og:image\" content=\"https:\/\/positiveprints.com\/wp-content\/uploads\/2025\/10\/PACKSHOT-Wo-wir-uns-trafen-\u2013-personalisierte-Kette.webp\" \/>\n\t<meta property=\"og:image:width\" content=\"1450\" \/>\n\t<meta property=\"og:image:height\" content=\"1450\" \/>\n\t<meta property=\"og:image:type\" content=\"image\/webp\" \/>\n<meta name=\"twitter:card\" content=\"summary_large_image\" \/>\n<meta name=\"twitter:label1\" content=\"Gesch\u00e4tzte Lesezeit\" \/>\n\t<meta name=\"twitter:data1\" content=\"2\u00a0Minuten\" \/>\n<!-- \/ Yoast SEO Premium plugin. -->","yoast_head_json":{"title":"Wo wir uns trafen \u2013 personalisierte Kette - Positive Prints","description":"Hast du dich jemals gefragt, wie du den Ort, an dem ihr euch zum ersten Mal getroffen habt, in ein besonderes und einzigartiges Geschenk verwandeln k\u00f6nntest? Dann ist unser personalisierter \u201eWo wir uns trafen\u201c-Schmuck die Antwort!","robots":{"index":"index","follow":"follow","max-snippet":"max-snippet:-1","max-image-preview":"max-image-preview:large","max-video-preview":"max-video-preview:-1"},"canonical":"https:\/\/positiveprints.com\/de\/produkt\/wo-wir-uns-trafen-personalisierter-schmuck\/","og_locale":"de_DE","og_type":"article","og_title":"Wo wir uns trafen \u2013 personalisierte Kette","og_description":"Umarme den Zauber deiner Reise mit einer personalisierten \u201eWo wir uns trafen\u201c-Halskette \u2013 tragen eine Erinnerung an die einzigartige Verbindung, die ihr teilt  Passe deinen Anh\u00e4nger an, mit der Standortgravur auf der einen Seite und deinem pers\u00f6nlichen Text auf der anderen Seite   Anh\u00e4nger mit einem Durchmesser von 20 mm, gefertigt aus hochwertigem Sterlingsilber, lasergraviert und von Hand vollendet   Bearbeite dein Design in nur 2 Minuten   Sehe dir bei jedem Schritt eine Vorschau deines Designs an","og_url":"https:\/\/positiveprints.com\/de\/produkt\/wo-wir-uns-trafen-personalisierter-schmuck\/","og_site_name":"Positive Prints","article_publisher":"https:\/\/www.facebook.com\/positiveprintscom","article_modified_time":"2026-04-23T10:10:26+00:00","og_image":[{"width":1450,"height":1450,"url":"https:\/\/positiveprints.com\/wp-content\/uploads\/2025\/10\/PACKSHOT-Wo-wir-uns-trafen-\u2013-personalisierte-Kette.webp","type":"image\/webp"}],"twitter_card":"summary_large_image","twitter_misc":{"Gesch\u00e4tzte Lesezeit":"2\u00a0Minuten"},"schema":{"@context":"https:\/\/schema.org","@graph":[{"@type":["WebPage","ItemPage"],"@id":"https:\/\/positiveprints.com\/de\/produkt\/wo-wir-uns-trafen-personalisierter-schmuck\/","url":"https:\/\/positiveprints.com\/de\/produkt\/wo-wir-uns-trafen-personalisierter-schmuck\/","name":"Wo wir uns trafen \u2013 personalisierte Kette - Positive Prints","isPartOf":{"@id":"https:\/\/positiveprints.com\/de\/#website"},"primaryImageOfPage":{"@id":"https:\/\/positiveprints.com\/de\/produkt\/wo-wir-uns-trafen-personalisierter-schmuck\/#primaryimage"},"image":{"@id":"https:\/\/positiveprints.com\/de\/produkt\/wo-wir-uns-trafen-personalisierter-schmuck\/#primaryimage"},"thumbnailUrl":"https:\/\/positiveprints.com\/wp-content\/uploads\/2025\/10\/PACKSHOT-Wo-wir-uns-trafen-\u2013-personalisierte-Kette.webp","datePublished":"2024-01-22T11:27:05+00:00","dateModified":"2026-04-23T10:10:26+00:00","description":"Hast du dich jemals gefragt, wie du den Ort, an dem ihr euch zum ersten Mal getroffen habt, in ein besonderes und einzigartiges Geschenk verwandeln k\u00f6nntest? Dann ist unser personalisierter \u201eWo wir uns trafen\u201c-Schmuck die Antwort!","breadcrumb":{"@id":"https:\/\/positiveprints.com\/de\/produkt\/wo-wir-uns-trafen-personalisierter-schmuck\/#breadcrumb"},"inLanguage":"de","potentialAction":[{"@type":"ReadAction","target":["https:\/\/positiveprints.com\/de\/produkt\/wo-wir-uns-trafen-personalisierter-schmuck\/"]}]},{"@type":"ImageObject","inLanguage":"de","@id":"https:\/\/positiveprints.com\/de\/produkt\/wo-wir-uns-trafen-personalisierter-schmuck\/#primaryimage","url":"https:\/\/positiveprints.com\/wp-content\/uploads\/2025\/10\/PACKSHOT-Wo-wir-uns-trafen-\u2013-personalisierte-Kette.webp","contentUrl":"https:\/\/positiveprints.com\/wp-content\/uploads\/2025\/10\/PACKSHOT-Wo-wir-uns-trafen-\u2013-personalisierte-Kette.webp","width":1450,"height":1450},{"@type":"BreadcrumbList","@id":"https:\/\/positiveprints.com\/de\/produkt\/wo-wir-uns-trafen-personalisierter-schmuck\/#breadcrumb","itemListElement":[{"@type":"ListItem","position":1,"name":"Startseite","item":"https:\/\/positiveprints.com\/de\/"},{"@type":"ListItem","position":2,"name":"Produkte","item":"https:\/\/positiveprints.com\/de\/shop\/"},{"@type":"ListItem","position":3,"name":"Wo wir uns trafen \u2013 personalisierte Kette"}]},{"@type":"WebSite","@id":"https:\/\/positiveprints.com\/de\/#website","url":"https:\/\/positiveprints.com\/de\/","name":"Positive Prints","description":"Amazing Custom Personalized Gifts","publisher":{"@id":"https:\/\/positiveprints.com\/de\/#organization"},"potentialAction":[{"@type":"SearchAction","target":{"@type":"EntryPoint","urlTemplate":"https:\/\/positiveprints.com\/de\/?s={search_term_string}"},"query-input":{"@type":"PropertyValueSpecification","valueRequired":true,"valueName":"search_term_string"}}],"inLanguage":"de"},{"@type":"Organization","@id":"https:\/\/positiveprints.com\/de\/#organization","name":"Positive Prints","alternateName":"Positive Prints","url":"https:\/\/positiveprints.com\/de\/","logo":{"@type":"ImageObject","inLanguage":"de","@id":"https:\/\/positiveprints.com\/de\/#\/schema\/logo\/image\/","url":"https:\/\/positiveprints.com\/wp-content\/uploads\/2026\/03\/245815646_1337939713319158_5671353136411139666_n.png","contentUrl":"https:\/\/positiveprints.com\/wp-content\/uploads\/2026\/03\/245815646_1337939713319158_5671353136411139666_n.png","width":800,"height":800,"caption":"Positive Prints"},"image":{"@id":"https:\/\/positiveprints.com\/de\/#\/schema\/logo\/image\/"},"sameAs":["https:\/\/www.facebook.com\/positiveprintscom","https:\/\/www.instagram.com\/positiveprintscom\/","https:\/\/www.tiktok.com\/@positiveprintscom","https:\/\/www.pinterest.com\/positiveprintscom\/"]}]}},"jetpack_sharing_enabled":true,"_links":{"self":[{"href":"https:\/\/positiveprints.com\/de\/wp-json\/wp\/v2\/product\/1054323","targetHints":{"allow":["GET"]}}],"collection":[{"href":"https:\/\/positiveprints.com\/de\/wp-json\/wp\/v2\/product"}],"about":[{"href":"https:\/\/positiveprints.com\/de\/wp-json\/wp\/v2\/types\/product"}],"wp:featuredmedia":[{"embeddable":true,"href":"https:\/\/positiveprints.com\/de\/wp-json\/wp\/v2\/media\/1538894"}],"wp:attachment":[{"href":"https:\/\/positiveprints.com\/de\/wp-json\/wp\/v2\/media?parent=1054323"}],"wp:term":[{"taxonomy":"product_brand","embeddable":true,"href":"https:\/\/positiveprints.com\/de\/wp-json\/wp\/v2\/product_brand?post=1054323"},{"taxonomy":"product_cat","embeddable":true,"href":"https:\/\/positiveprints.com\/de\/wp-json\/wp\/v2\/product_cat?post=1054323"},{"taxonomy":"product_tag","embeddable":true,"href":"https:\/\/positiveprints.com\/de\/wp-json\/wp\/v2\/product_tag?post=1054323"}],"curies":[{"name":"wp","href":"https:\/\/api.w.org\/{rel}","templated":true}]}}