{"id":1048684,"date":"2024-01-22T11:13:42","date_gmt":"2024-01-22T10:13:42","guid":{"rendered":"https:\/\/positiveprints.com\/?post_type=product&#038;p=1048684"},"modified":"2026-04-03T02:59:07","modified_gmt":"2026-04-03T01:59:07","slug":"die-nacht-in-der-wir-uns-trafen-schmuck","status":"publish","type":"product","link":"https:\/\/positiveprints.com\/de\/produkt\/die-nacht-in-der-wir-uns-trafen-schmuck\/","title":{"rendered":"Die Nacht, in der wir uns trafen \u2013 personalisierte Kette"},"content":{"rendered":"<p>Suchst du ein besonderes Geschenk? Entdecke unseren \u201eDie Nacht, in der wir uns trafen\u201c-Schmuck, eine tragbare Hommage an eure einzigartige Liebesgeschichte.<\/p>\n\n\n\n<h2>Kreiere deinen eigenen Sternenschmuck<\/h2>\n\n\n\n<p>Entdecke Schmuck, der besondere Momente festh\u00e4lt, ewige Liebe symbolisiert und Freude bereitet. Dieser Anh\u00e4nger ist die perfekte Wahl, um deinen Erinnerungen eine pers\u00f6nliche Note zu verleihen.<\/p>\n\n\n\n<p>Kreiere deine eigene besondere Halskette mit unserem \u201eDie Nacht, in der wir uns trafen\u201c-Design. W\u00e4hle die Zeit und den Ort, an dem ihr euch zum ersten Mal getroffen habt und unsere Technologie erstellt von diesem Moment an ein Bild des Nachthimmels.<\/p>\n\n\n\n<p>Die Vorderseite des Anh\u00e4ngers zeigt die Sterne eurer besonderen Nacht, w\u00e4hrend auf der R\u00fcckseite Datum und Ort angegeben sind. Mache es noch spezieller mit einer s\u00fc\u00dfen Nachricht wie \u201eDie Nacht, in der wir uns trafen\u201c oder \u201cF\u00fcr immer\u201c.<\/p>\n\n\n\n<h2>Hochwertige Handwerkskunst f\u00fcr dauerhafte Sch\u00f6nheit<\/h2>\n\n\n\n<p>Unser Anh\u00e4nger ist sorgf\u00e4ltig verarbeitet, damit er lange sch\u00f6n aussieht. W\u00e4hle aus zwei besonderen Materialien, Sterlingsilber 925, um die Bedeutung eurer Verbindung zu unterstreichen.<\/p>\n\n\n\n<p>Jeder Anh\u00e4nger, ob kreisf\u00f6rmig oder mit 45 cm langer Kette, wird einer Lasergravur unterzogen, um den Nachthimmel in ein tragbares Kunstwerk zu verwandeln. Eine kleine Markierung am Anh\u00e4nger und an der Kette sorgt f\u00fcr echte und gute Qualit\u00e4t.<\/p>\n\n\n\n<p>Wir legen deinen Anh\u00e4nger in eine sch\u00f6ne Schmuckschatulle mit einer Pflegeanleitung und einem speziellen Tuch zum Reinigen. Dies zeigt, wie sehr es uns am Herzen liegt, dir ein besonderes Erlebnis zu bieten, das genauso prickelnd ist wie deine Liebesgeschichte.<\/p>\n\n\n\n<h2>Bringe jeden Moment zum Strahlen<\/h2>\n\n\n\n<p>Mache dein Geschenk zu etwas ganz Besonderem mit dem \u201cDie Nacht, in der wir uns trafen\u201d-Schmuck. W\u00e4hle das Material aus, das dir gef\u00e4llt, verleihe dem Nachthimmel seine eigene Note und seh dir die detaillierte Arbeit an, die Erinnerungen in eine wundersch\u00f6ne Halskette verwandelt.<\/p>\n\n\n\n\n\n<p>Unser individueller Schmuck ist ein bleibendes Symbol eurer Liebe. Verpasse nicht die Chance, einen Moment zu schaffen, der f\u00fcr immer in Erinnerung bleibt \u2013 hole dir jetzt deinen \u201eDie Nacht, in der wir uns trafen\u201c-Schmuck und verschenke ein St\u00fcck der Sterne an jemanden, der dir am Herzen liegt.<\/p>","protected":false},"excerpt":{"rendered":"<ul class=\"check-list\">\n<li>Verewige den Zauber des besonderen Abends, um eure kosmische Verbindung zu feiern<\/li>\n<li>Anh\u00e4nger mit einem Durchmesser von 20 mm, gefertigt aus hochwertigem Sterlingsilber, lasergraviert und von Hand vollendet<\/li>\n<li>W\u00e4hle je nach Anlass einen herzlichen Text aus<\/li>\n<li>Bearbeite dein Design in nur 2 Minuten<\/li>\n<li>Sehe dir bei jedem Schritt eine Vorschau deines Designs an<\/li>\n<\/ul>\n","protected":false},"featured_media":1542194,"template":"","meta":[],"product_brand":[],"product_cat":[105,7750,7782,11370,11346,7686,11349,8200,11163,9261,12252,5327,3116,9608,9761,390,11233,5266],"product_tag":[9352,14749,15450,9340,9312,9323,11733,11714],"class_list":{"0":"post-1048684","1":"product","2":"type-product","3":"status-publish","4":"has-post-thumbnail","6":"product_cat-alle-produkte","7":"product_cat-geschenke-fur-deine-ehefrau","8":"product_cat-geschenke-fur-deine-freundin","9":"product_cat-weihnachtsgeschenke-fur-die-frau","10":"product_cat-weihnachtsgeschenke-fur-die-freundin","11":"product_cat-geschenke-fur-wichtige-frauen-in-deinem-leben","12":"product_cat-weihnachtsgeschenke-fur-frauen","13":"product_cat-fur-sie-de","14":"product_cat-jahrestag-geschenke-fur-sie","15":"product_cat-jewelry-de","16":"product_cat-jewelry-basic-de","17":"product_cat-jubilaumsgeschenke","18":"product_cat-star-de-2","19":"product_cat-sternenhimmel-schmuck-de","20":"product_cat-trending-label-de","21":"product_cat-geschenke-zum-valentinstag-geschenkideen-de","22":"product_cat-valentinstagsgeschenke-fur-frauen","23":"product_cat-weihnachtsgeschenke","24":"product_tag-anhanger","25":"product_tag-anniversary-de","26":"product_tag-der-himmel-unter-dem-wir-uns-trafen-de","27":"product_tag-halskette","28":"product_tag-kette-de","29":"product_tag-medaillon-de","30":"product_tag-weihnachtsgeschenke-fur-die-frau","31":"product_tag-weihnachtsgeschenke-fur-die-freundin","33":"first","34":"instock","35":"sale","36":"taxable","37":"shipping-taxable","38":"purchasable","39":"product-type-variable"},"yoast_head":"<!-- This site is optimized with the Yoast SEO Premium plugin v27.2 (Yoast SEO v27.2) - https:\/\/yoast.com\/product\/yoast-seo-premium-wordpress\/ -->\n<title>Die Nacht, in der wir uns trafen \u2013 Kette - Positive Prints<\/title>\n<meta name=\"description\" content=\"Suchst du ein besonderes Geschenk? Entdecke unseren \u201eDie Nacht, in der wir uns trafen\u201c-Schmuck, eine tragbare Hommage an eure einzigartige Liebesgeschichte.\" \/>\n<meta name=\"robots\" content=\"index, follow, max-snippet:-1, max-image-preview:large, max-video-preview:-1\" \/>\n<link rel=\"canonical\" href=\"https:\/\/positiveprints.com\/de\/produkt\/die-nacht-in-der-wir-uns-trafen-schmuck\/\" \/>\n<meta property=\"og:locale\" content=\"de_DE\" \/>\n<meta property=\"og:type\" content=\"article\" \/>\n<meta property=\"og:title\" content=\"Die Nacht, in der wir uns trafen \u2013 personalisierte Kette\" \/>\n<meta property=\"og:description\" content=\"Verewige den Zauber des besonderen Abends, um eure kosmische Verbindung zu feiern  Anh\u00e4nger mit einem Durchmesser von 20 mm, gefertigt aus hochwertigem Sterlingsilber, lasergraviert und von Hand vollendet   W\u00e4hle je nach Anlass einen herzlichen Text aus   Bearbeite dein Design in nur 2 Minuten   Sehe dir bei jedem Schritt eine Vorschau deines Designs an\" \/>\n<meta property=\"og:url\" content=\"https:\/\/positiveprints.com\/de\/produkt\/die-nacht-in-der-wir-uns-trafen-schmuck\/\" \/>\n<meta property=\"og:site_name\" content=\"Positive Prints\" \/>\n<meta property=\"article:publisher\" content=\"https:\/\/www.facebook.com\/positiveprintscom\" \/>\n<meta property=\"article:modified_time\" content=\"2026-04-03T01:59:07+00:00\" \/>\n<meta property=\"og:image\" content=\"https:\/\/positiveprints.com\/wp-content\/uploads\/2025\/10\/PACKSHOT_DE_Die-Nacht-in-der-wir-uns-trafen-\u2013-personalisierte-Kette.webp\" \/>\n\t<meta property=\"og:image:width\" content=\"2280\" \/>\n\t<meta property=\"og:image:height\" content=\"2280\" \/>\n\t<meta property=\"og:image:type\" content=\"image\/webp\" \/>\n<meta name=\"twitter:card\" content=\"summary_large_image\" \/>\n<meta name=\"twitter:label1\" content=\"Gesch\u00e4tzte Lesezeit\" \/>\n\t<meta name=\"twitter:data1\" content=\"2\u00a0Minuten\" \/>\n<!-- \/ Yoast SEO Premium plugin. -->","yoast_head_json":{"title":"Die Nacht, in der wir uns trafen \u2013 Kette - Positive Prints","description":"Suchst du ein besonderes Geschenk? Entdecke unseren \u201eDie Nacht, in der wir uns trafen\u201c-Schmuck, eine tragbare Hommage an eure einzigartige Liebesgeschichte.","robots":{"index":"index","follow":"follow","max-snippet":"max-snippet:-1","max-image-preview":"max-image-preview:large","max-video-preview":"max-video-preview:-1"},"canonical":"https:\/\/positiveprints.com\/de\/produkt\/die-nacht-in-der-wir-uns-trafen-schmuck\/","og_locale":"de_DE","og_type":"article","og_title":"Die Nacht, in der wir uns trafen \u2013 personalisierte Kette","og_description":"Verewige den Zauber des besonderen Abends, um eure kosmische Verbindung zu feiern  Anh\u00e4nger mit einem Durchmesser von 20 mm, gefertigt aus hochwertigem Sterlingsilber, lasergraviert und von Hand vollendet   W\u00e4hle je nach Anlass einen herzlichen Text aus   Bearbeite dein Design in nur 2 Minuten   Sehe dir bei jedem Schritt eine Vorschau deines Designs an","og_url":"https:\/\/positiveprints.com\/de\/produkt\/die-nacht-in-der-wir-uns-trafen-schmuck\/","og_site_name":"Positive Prints","article_publisher":"https:\/\/www.facebook.com\/positiveprintscom","article_modified_time":"2026-04-03T01:59:07+00:00","og_image":[{"width":2280,"height":2280,"url":"https:\/\/positiveprints.com\/wp-content\/uploads\/2025\/10\/PACKSHOT_DE_Die-Nacht-in-der-wir-uns-trafen-\u2013-personalisierte-Kette.webp","type":"image\/webp"}],"twitter_card":"summary_large_image","twitter_misc":{"Gesch\u00e4tzte Lesezeit":"2\u00a0Minuten"},"schema":{"@context":"https:\/\/schema.org","@graph":[{"@type":["WebPage","ItemPage"],"@id":"https:\/\/positiveprints.com\/de\/produkt\/die-nacht-in-der-wir-uns-trafen-schmuck\/","url":"https:\/\/positiveprints.com\/de\/produkt\/die-nacht-in-der-wir-uns-trafen-schmuck\/","name":"Die Nacht, in der wir uns trafen \u2013 Kette - Positive Prints","isPartOf":{"@id":"https:\/\/positiveprints.com\/de\/#website"},"primaryImageOfPage":{"@id":"https:\/\/positiveprints.com\/de\/produkt\/die-nacht-in-der-wir-uns-trafen-schmuck\/#primaryimage"},"image":{"@id":"https:\/\/positiveprints.com\/de\/produkt\/die-nacht-in-der-wir-uns-trafen-schmuck\/#primaryimage"},"thumbnailUrl":"https:\/\/positiveprints.com\/wp-content\/uploads\/2025\/10\/PACKSHOT_DE_Die-Nacht-in-der-wir-uns-trafen-\u2013-personalisierte-Kette.webp","datePublished":"2024-01-22T10:13:42+00:00","dateModified":"2026-04-03T01:59:07+00:00","description":"Suchst du ein besonderes Geschenk? Entdecke unseren \u201eDie Nacht, in der wir uns trafen\u201c-Schmuck, eine tragbare Hommage an eure einzigartige Liebesgeschichte.","breadcrumb":{"@id":"https:\/\/positiveprints.com\/de\/produkt\/die-nacht-in-der-wir-uns-trafen-schmuck\/#breadcrumb"},"inLanguage":"de","potentialAction":[{"@type":"ReadAction","target":["https:\/\/positiveprints.com\/de\/produkt\/die-nacht-in-der-wir-uns-trafen-schmuck\/"]}]},{"@type":"ImageObject","inLanguage":"de","@id":"https:\/\/positiveprints.com\/de\/produkt\/die-nacht-in-der-wir-uns-trafen-schmuck\/#primaryimage","url":"https:\/\/positiveprints.com\/wp-content\/uploads\/2025\/10\/PACKSHOT_DE_Die-Nacht-in-der-wir-uns-trafen-\u2013-personalisierte-Kette.webp","contentUrl":"https:\/\/positiveprints.com\/wp-content\/uploads\/2025\/10\/PACKSHOT_DE_Die-Nacht-in-der-wir-uns-trafen-\u2013-personalisierte-Kette.webp","width":2280,"height":2280},{"@type":"BreadcrumbList","@id":"https:\/\/positiveprints.com\/de\/produkt\/die-nacht-in-der-wir-uns-trafen-schmuck\/#breadcrumb","itemListElement":[{"@type":"ListItem","position":1,"name":"Startseite","item":"https:\/\/positiveprints.com\/de\/"},{"@type":"ListItem","position":2,"name":"Produkte","item":"https:\/\/positiveprints.com\/de\/shop\/"},{"@type":"ListItem","position":3,"name":"Die Nacht, in der wir uns trafen \u2013 personalisierte Kette"}]},{"@type":"WebSite","@id":"https:\/\/positiveprints.com\/de\/#website","url":"https:\/\/positiveprints.com\/de\/","name":"Positive Prints","description":"Amazing Custom Personalized Gifts","publisher":{"@id":"https:\/\/positiveprints.com\/de\/#organization"},"potentialAction":[{"@type":"SearchAction","target":{"@type":"EntryPoint","urlTemplate":"https:\/\/positiveprints.com\/de\/?s={search_term_string}"},"query-input":{"@type":"PropertyValueSpecification","valueRequired":true,"valueName":"search_term_string"}}],"inLanguage":"de"},{"@type":"Organization","@id":"https:\/\/positiveprints.com\/de\/#organization","name":"Positive Prints","alternateName":"Positive Prints","url":"https:\/\/positiveprints.com\/de\/","logo":{"@type":"ImageObject","inLanguage":"de","@id":"https:\/\/positiveprints.com\/de\/#\/schema\/logo\/image\/","url":"https:\/\/positiveprints.com\/wp-content\/uploads\/2026\/03\/245815646_1337939713319158_5671353136411139666_n.png","contentUrl":"https:\/\/positiveprints.com\/wp-content\/uploads\/2026\/03\/245815646_1337939713319158_5671353136411139666_n.png","width":800,"height":800,"caption":"Positive Prints"},"image":{"@id":"https:\/\/positiveprints.com\/de\/#\/schema\/logo\/image\/"},"sameAs":["https:\/\/www.facebook.com\/positiveprintscom","https:\/\/www.instagram.com\/positiveprintscom\/","https:\/\/www.tiktok.com\/@positiveprintscom","https:\/\/www.pinterest.com\/positiveprintscom\/"]}]}},"jetpack_sharing_enabled":true,"_links":{"self":[{"href":"https:\/\/positiveprints.com\/de\/wp-json\/wp\/v2\/product\/1048684","targetHints":{"allow":["GET"]}}],"collection":[{"href":"https:\/\/positiveprints.com\/de\/wp-json\/wp\/v2\/product"}],"about":[{"href":"https:\/\/positiveprints.com\/de\/wp-json\/wp\/v2\/types\/product"}],"wp:featuredmedia":[{"embeddable":true,"href":"https:\/\/positiveprints.com\/de\/wp-json\/wp\/v2\/media\/1542194"}],"wp:attachment":[{"href":"https:\/\/positiveprints.com\/de\/wp-json\/wp\/v2\/media?parent=1048684"}],"wp:term":[{"taxonomy":"product_brand","embeddable":true,"href":"https:\/\/positiveprints.com\/de\/wp-json\/wp\/v2\/product_brand?post=1048684"},{"taxonomy":"product_cat","embeddable":true,"href":"https:\/\/positiveprints.com\/de\/wp-json\/wp\/v2\/product_cat?post=1048684"},{"taxonomy":"product_tag","embeddable":true,"href":"https:\/\/positiveprints.com\/de\/wp-json\/wp\/v2\/product_tag?post=1048684"}],"curies":[{"name":"wp","href":"https:\/\/api.w.org\/{rel}","templated":true}]}}