{"id":10355,"date":"2019-11-26T23:42:16","date_gmt":"2019-11-26T22:42:16","guid":{"rendered":"https:\/\/positiveprints.com\/product\/benutzerdefinierte-landerkarten\/"},"modified":"2026-04-18T09:19:50","modified_gmt":"2026-04-18T08:19:50","slug":"stadtplan-poster","status":"publish","type":"product","link":"https:\/\/positiveprints.com\/de\/produkt\/stadtplan-poster\/","title":{"rendered":"Stadtplan als Poster"},"content":{"rendered":"<p>Unser benutzerdefiniertes Poster eines Stadtplans erh\u00e4ltst du als personalisierten digitalen Download, in Form eines einzigartigen Kissenbezugs oder als ein gedrucktes Poster in Museumsqualit\u00e4t. Also: Wo ist dein Lieblingsort?<\/p>\r\n\r\n<h2 class=\"grenB f24 cblue\" style=\"margin-top: 3rem\">Benutzerdefiniertes Poster einer Stadtkarte deines Lieblingsortes<\/h2>\r\n\r\n<p style=\"margin-top: 1rem\">Nichts zieht das Auge an wie ein benutzerdefinierter Kartendruck in Postergr\u00f6\u00dfe, der an deiner Wand h\u00e4ngt. Jetzt kannst du von \u00fcberall auf der Welt einen Stadtplandruck deines Lieblingssorts erstellen. Unser benutzerdefinierter Kartenersteller bietet dir alle Werkzeuge, um deine Karte nach Form, Design, Standort und Kartenmarkierungen zu personalisieren. Lasse dir dein individuelles Stadtplan als Poster, Kissen-\/bezug oder als sofortigen digitalen Download liefern.<\/p>\r\n\r\n<h2 class=\"grenB f24 cblue\" style=\"margin-top: 3rem\">Stadtkarten Poster drucken &#8211; ein Geschenk f\u00fcr die Reisenden<\/h2>\r\n\r\n<p style=\"margin-top: 1rem\">Wenig anderes definiert jemanden wie seine Heimatstadt oder die Orte, die er bereist hat. Immer auf der Suche nach einem einzigartigen und pers\u00f6nlichen Geschenk? Eine benutzerdefinierte Kartenkunst macht einen wunderbaren Wandbehang und ein Geschenk, das du oder der gl\u00fcckliche Beschenkte f\u00fcr die kommenden Jahre sch\u00e4tzen wird. Erstelle eine Karte deiner Heimatstadt, markiere deinen Geburtsort oder deine Lieblingsferienstadt!<\/p>\r\n\r\n\r\n<h2 class=\"grenB f24 cblue\" style=\"margin-top: 3rem\">Benutzerfreundlicher Stadtplankreator<\/h2>\r\n\r\n<p style=\"margin-top: 1rem\">W\u00e4hle mit unserem Kartenersteller, der mit Daten von <a href=\"https:\/\/www.openstreetmap.de\/\">OpenStreetMap <\/a>ausgestattet ist, einen beliebigen Ort auf der Welt aus. W\u00e4hle aus dem digitalen Atlas eine Stadt, ein Bundesland oder ein Land aus, und unser Kartenkreator macht sich an die Arbeit, um die K\u00fcstenlinien, Stra\u00dfen, Sehensw\u00fcrdigkeiten und Wasserstra\u00dfen hervorzuheben, die f\u00fcr deinen Standort einzigartig sind. Erstelle eine quadratische, kreisf\u00f6rmige oder herzf\u00f6rmige benutzerdefinierte Kartengrafik &#038; w\u00e4hle aus einer beliebigen Anzahl von Farbschemata aus.<\/p>\r\n\r\n\r\n<h2 class=\"grenB f24 cblue\" style=\"margin-top: 3rem\">Stadtplankunst &#8211; gro\u00dfe Idee f\u00fcr Innenarchitektur<\/h2>\r\n\r\n<p style=\"margin-top: 1rem\">Eine benutzerdefinierte Stadtplankunst bringt deine Innenarchitektur auf eine ganz neue Ebene. Diese Wandabdr\u00fccke sind ideal f\u00fcr G\u00e4stezimmer oder zur Dekoration deines Airbnbs. Besucher werden das lokale Flair lieben. M\u00f6chtest du eine softere Note hinzuf\u00fcgen? Lasse deinen Stadtplan auf einem Kissen drucken, um G\u00e4stezimmer, Sitzecken und Wohnzimmer zu beleben.<\/p>\r\n\r\n<ul>\r\n<li>Gedruckte Poster sind im Quer- und Hochformat erh\u00e4ltlich, einschlie\u00dflich 16 x 12, 36 x 24 und 24 x 18 Zoll oder 100 x 70, 70 x 50 und 40 x 30 cm. Unsere Poster werden auf hochwertigem Papier gedruckt, um die Rahmung zum Kinderspiel zu machen.<\/li>\r\n<li>Sofortige Downloads werden dir als PNG-Dateien geliefert. Die meisten professionellen Drucker k\u00f6nnen mit den angegebenen Verh\u00e4ltnissen arbeiten, um deinen benutzerdefinierten Kartengdruck auf die ideale Gr\u00f6\u00dfe zu skalieren. Um die sch\u00f6nsten Ergebnisse zu erzielen, empfehlen wir die Plakate auf 180g mattem Papier zu drucken. <\/li>\r\n<\/ul>\r\n\r\n<p style=\"margin-top: 1rem\">Suchst du nach minimalistischer Wandkunst mit k\u00fcnstlerischem Flair? Schaue dir unsere benutzerdefinierten Land- und <a href=\"https:\/\/positiveprints.com\/de\/produkt\/individuelle-landkarte\/\">Landeskartendrucke <\/a>an!<\/p>","protected":false},"excerpt":{"rendered":"<ul class=\"check-list\">\n<li>Markiere eine besondere Stelle mit einem ausgew\u00e4hlten Symbol<\/li>\n<li>Passe dein Kunstwerk in 3 einfachen Schritten an<\/li>\n<li>F\u00fcge einen aussagekr\u00e4ftigen personalisierten Text hinzu<\/li>\n<li>Sieh das Ergebnis sofort \u2013 die interaktive Vorschau erm\u00f6glicht dir, jedes Detail direkt anzupassen<\/li>\n<\/ul>\n","protected":false},"featured_media":1604348,"template":"","meta":[],"product_brand":[],"product_cat":[15110,8244,263,7189,11514,11520,11523,11526,11609,11610,11611,11612],"product_tag":[14752,13652],"class_list":{"0":"post-10355","1":"product","2":"type-product","3":"status-publish","4":"has-post-thumbnail","6":"product_cat-bestsellers-menu-de","7":"product_cat-digital-products-de","8":"product_cat-creators-de-2","9":"product_cat-map-de","10":"product_cat-18-geburtstag","11":"product_cat-21-geburtstag","12":"product_cat-30-geburtstag","13":"product_cat-40-geburtstag","14":"product_cat-50-geburtstag","15":"product_cat-60-geburtstag","16":"product_cat-70-geburtstag","17":"product_cat-80-geburtstag","18":"product_tag-creators-de-2","19":"product_tag-karte-mit-koordinaten","21":"first","22":"instock","23":"sale","24":"taxable","25":"shipping-taxable","26":"purchasable","27":"product-type-variable"},"yoast_head":"<!-- This site is optimized with the Yoast SEO Premium plugin v27.2 (Yoast SEO v27.2) - https:\/\/yoast.com\/product\/yoast-seo-premium-wordpress\/ -->\n<title>Stadtplan Poster - Individuelle Stadtkarten Poster - Positive Prints<\/title>\n<meta name=\"description\" content=\"Erstellen Sie Ihr eigenes Stadtplan poster oder bestellen Sie einen druckbaren Stadtkarten Poster. Hochwertiger Druck.\" \/>\n<meta name=\"robots\" content=\"index, follow, max-snippet:-1, max-image-preview:large, max-video-preview:-1\" \/>\n<link rel=\"canonical\" href=\"https:\/\/positiveprints.com\/de\/produkt\/stadtplan-poster\/\" \/>\n<meta property=\"og:locale\" content=\"de_DE\" \/>\n<meta property=\"og:type\" content=\"article\" \/>\n<meta property=\"og:title\" content=\"Stadtplan als Poster\" \/>\n<meta property=\"og:description\" content=\"Markiere eine besondere Stelle mit einem ausgew\u00e4hlten Symbol    Passe dein Kunstwerk in 3 einfachen Schritten an    F\u00fcge einen aussagekr\u00e4ftigen personalisierten Text hinzu    Sieh das Ergebnis sofort \u2013 die interaktive Vorschau erm\u00f6glicht dir, jedes Detail direkt anzupassen\" \/>\n<meta property=\"og:url\" content=\"https:\/\/positiveprints.com\/de\/produkt\/stadtplan-poster\/\" \/>\n<meta property=\"og:site_name\" content=\"Positive Prints\" \/>\n<meta property=\"article:publisher\" content=\"https:\/\/www.facebook.com\/positiveprintscom\" \/>\n<meta property=\"article:modified_time\" content=\"2026-04-18T08:19:50+00:00\" \/>\n<meta property=\"og:image\" content=\"https:\/\/positiveprints.com\/wp-content\/uploads\/2024\/10\/Packshot_DE_our-first-date-product-image.webp\" \/>\n\t<meta property=\"og:image:width\" content=\"1450\" \/>\n\t<meta property=\"og:image:height\" content=\"1450\" \/>\n\t<meta property=\"og:image:type\" content=\"image\/webp\" \/>\n<meta name=\"twitter:card\" content=\"summary_large_image\" \/>\n<meta name=\"twitter:label1\" content=\"Gesch\u00e4tzte Lesezeit\" \/>\n\t<meta name=\"twitter:data1\" content=\"2\u00a0Minuten\" \/>\n<!-- \/ Yoast SEO Premium plugin. -->","yoast_head_json":{"title":"Stadtplan Poster - Individuelle Stadtkarten Poster - Positive Prints","description":"Erstellen Sie Ihr eigenes Stadtplan poster oder bestellen Sie einen druckbaren Stadtkarten Poster. Hochwertiger Druck.","robots":{"index":"index","follow":"follow","max-snippet":"max-snippet:-1","max-image-preview":"max-image-preview:large","max-video-preview":"max-video-preview:-1"},"canonical":"https:\/\/positiveprints.com\/de\/produkt\/stadtplan-poster\/","og_locale":"de_DE","og_type":"article","og_title":"Stadtplan als Poster","og_description":"Markiere eine besondere Stelle mit einem ausgew\u00e4hlten Symbol    Passe dein Kunstwerk in 3 einfachen Schritten an    F\u00fcge einen aussagekr\u00e4ftigen personalisierten Text hinzu    Sieh das Ergebnis sofort \u2013 die interaktive Vorschau erm\u00f6glicht dir, jedes Detail direkt anzupassen","og_url":"https:\/\/positiveprints.com\/de\/produkt\/stadtplan-poster\/","og_site_name":"Positive Prints","article_publisher":"https:\/\/www.facebook.com\/positiveprintscom","article_modified_time":"2026-04-18T08:19:50+00:00","og_image":[{"width":1450,"height":1450,"url":"https:\/\/positiveprints.com\/wp-content\/uploads\/2024\/10\/Packshot_DE_our-first-date-product-image.webp","type":"image\/webp"}],"twitter_card":"summary_large_image","twitter_misc":{"Gesch\u00e4tzte Lesezeit":"2\u00a0Minuten"},"schema":{"@context":"https:\/\/schema.org","@graph":[{"@type":["WebPage","ItemPage"],"@id":"https:\/\/positiveprints.com\/de\/produkt\/stadtplan-poster\/","url":"https:\/\/positiveprints.com\/de\/produkt\/stadtplan-poster\/","name":"Stadtplan Poster - Individuelle Stadtkarten Poster - Positive Prints","isPartOf":{"@id":"https:\/\/positiveprints.com\/de\/#website"},"primaryImageOfPage":{"@id":"https:\/\/positiveprints.com\/de\/produkt\/stadtplan-poster\/#primaryimage"},"image":{"@id":"https:\/\/positiveprints.com\/de\/produkt\/stadtplan-poster\/#primaryimage"},"thumbnailUrl":"https:\/\/positiveprints.com\/wp-content\/uploads\/2026\/01\/Packshot_DE_Stadtplan-als-Poster.webp","datePublished":"2019-11-26T22:42:16+00:00","dateModified":"2026-04-18T08:19:50+00:00","description":"Erstellen Sie Ihr eigenes Stadtplan poster oder bestellen Sie einen druckbaren Stadtkarten Poster. Hochwertiger Druck.","breadcrumb":{"@id":"https:\/\/positiveprints.com\/de\/produkt\/stadtplan-poster\/#breadcrumb"},"inLanguage":"de","potentialAction":[{"@type":"ReadAction","target":["https:\/\/positiveprints.com\/de\/produkt\/stadtplan-poster\/"]}]},{"@type":"ImageObject","inLanguage":"de","@id":"https:\/\/positiveprints.com\/de\/produkt\/stadtplan-poster\/#primaryimage","url":"https:\/\/positiveprints.com\/wp-content\/uploads\/2026\/01\/Packshot_DE_Stadtplan-als-Poster.webp","contentUrl":"https:\/\/positiveprints.com\/wp-content\/uploads\/2026\/01\/Packshot_DE_Stadtplan-als-Poster.webp","width":1450,"height":1450},{"@type":"BreadcrumbList","@id":"https:\/\/positiveprints.com\/de\/produkt\/stadtplan-poster\/#breadcrumb","itemListElement":[{"@type":"ListItem","position":1,"name":"Startseite","item":"https:\/\/positiveprints.com\/de\/"},{"@type":"ListItem","position":2,"name":"Produkte","item":"https:\/\/positiveprints.com\/de\/shop\/"},{"@type":"ListItem","position":3,"name":"Stadtplan als Poster"}]},{"@type":"WebSite","@id":"https:\/\/positiveprints.com\/de\/#website","url":"https:\/\/positiveprints.com\/de\/","name":"Positive Prints","description":"Amazing Custom Personalized Gifts","publisher":{"@id":"https:\/\/positiveprints.com\/de\/#organization"},"potentialAction":[{"@type":"SearchAction","target":{"@type":"EntryPoint","urlTemplate":"https:\/\/positiveprints.com\/de\/?s={search_term_string}"},"query-input":{"@type":"PropertyValueSpecification","valueRequired":true,"valueName":"search_term_string"}}],"inLanguage":"de"},{"@type":"Organization","@id":"https:\/\/positiveprints.com\/de\/#organization","name":"Positive Prints","alternateName":"Positive Prints","url":"https:\/\/positiveprints.com\/de\/","logo":{"@type":"ImageObject","inLanguage":"de","@id":"https:\/\/positiveprints.com\/de\/#\/schema\/logo\/image\/","url":"https:\/\/positiveprints.com\/wp-content\/uploads\/2026\/03\/245815646_1337939713319158_5671353136411139666_n.png","contentUrl":"https:\/\/positiveprints.com\/wp-content\/uploads\/2026\/03\/245815646_1337939713319158_5671353136411139666_n.png","width":800,"height":800,"caption":"Positive Prints"},"image":{"@id":"https:\/\/positiveprints.com\/de\/#\/schema\/logo\/image\/"},"sameAs":["https:\/\/www.facebook.com\/positiveprintscom","https:\/\/www.instagram.com\/positiveprintscom\/","https:\/\/www.tiktok.com\/@positiveprintscom","https:\/\/www.pinterest.com\/positiveprintscom\/"]}]}},"jetpack_sharing_enabled":true,"_links":{"self":[{"href":"https:\/\/positiveprints.com\/de\/wp-json\/wp\/v2\/product\/10355","targetHints":{"allow":["GET"]}}],"collection":[{"href":"https:\/\/positiveprints.com\/de\/wp-json\/wp\/v2\/product"}],"about":[{"href":"https:\/\/positiveprints.com\/de\/wp-json\/wp\/v2\/types\/product"}],"wp:featuredmedia":[{"embeddable":true,"href":"https:\/\/positiveprints.com\/de\/wp-json\/wp\/v2\/media\/1604348"}],"wp:attachment":[{"href":"https:\/\/positiveprints.com\/de\/wp-json\/wp\/v2\/media?parent=10355"}],"wp:term":[{"taxonomy":"product_brand","embeddable":true,"href":"https:\/\/positiveprints.com\/de\/wp-json\/wp\/v2\/product_brand?post=10355"},{"taxonomy":"product_cat","embeddable":true,"href":"https:\/\/positiveprints.com\/de\/wp-json\/wp\/v2\/product_cat?post=10355"},{"taxonomy":"product_tag","embeddable":true,"href":"https:\/\/positiveprints.com\/de\/wp-json\/wp\/v2\/product_tag?post=10355"}],"curies":[{"name":"wp","href":"https:\/\/api.w.org\/{rel}","templated":true}]}}