{"id":379686,"date":"2022-11-18T14:56:45","date_gmt":"2022-11-18T13:56:45","guid":{"rendered":"https:\/\/positiveprints.com\/discount-code\/"},"modified":"2025-12-03T12:10:31","modified_gmt":"2025-12-03T10:10:31","slug":"rabattcode","status":"publish","type":"page","link":"https:\/\/positiveprints.com\/de\/rabattcode\/","title":{"rendered":"Rabattcode"},"content":{"rendered":"<div class=\"st\">\n\n<h1 class=\"grenB f28\">Suchst du nach einem Rabattcode f\u00fcr Positive Prints?<\/h1>\n\n<p style=\"margin-top: 1rem\">Wir haben einige M\u00f6glichkeiten f\u00fcr dich, wie du sparen kannst!<\/p>\n\n<h2 class=\"grenB f24 cblue;\" style=\"margin-top: 3rem; margin-bottom: 1rem; color: #f77147;\">Ganzj\u00e4hrige Rabatte<\/h2>\n<h3 class=\"grenB f18 cblue\" style=\"margin-top: 3rem\">Kaufe oder mehr Produkte und profitiere von Rabatten<\/h3>\n\n<p style=\"margin-top: 1rem\">Kaufe zwei Produkte und erhalte 25 % Rabatt auf das zweite Produkt oder kaufe drei oder mehr Produkte und erhalte 20 % Rabatt auf deine gesamte Bestellung! Diese Rabatte werden automatisch in deinem Warenkorb angewendet, sodass du keinen Aktionscode eingeben musst. So einfach geht&#8217;s!<\/p>\n<br><br><br>\n\n<div id=\"newsletter\" class=\"f1\">\r\n            <h3 class=\"grenB\">Bleibe auf dem Laufenden<\/h3>\r\n            <p class=\"mT2 mB2\">Lass uns Freunde werden. Melde dich an, um erste Informationen zu neuen Produkten, Werbeaktionen, 6% Rabatt auf deinen ersten Einkauf und andere Neuigkeiten zu erhalten.<\/p>\r\n            <span class=\"success dN f16\">Danke f\u00fcrs Abonnieren<\/span>\r\n            <input id=\"newsletter_name_input\" autocomplete=\"given-name\" name=\"first-name\" placeholder=\"Vorname\" \/>\r\n            <input id=\"newsletter_input\" autocomplete=\"email\" name=\"email\" type=\"email\" class=\"mT05\" placeholder=\"E-Mail-Adresse\" \/>\r\n            <p style=\"font-size:10px; margin-top:8px;line-height:14px;\">Indem du uns deine E-Mail-Adresse mitteilst, willigst du in die Datenverarbeitung zum Zwecke des Newsletter-Versands ein. Wir tun dies in \u00dcbereinstimmung mit der DSGVO und unserer Datenschutzerkl\u00e4rung. Du kannst deine Einwilligung jederzeit widerrufen.<\/p>\r\n            <button onclick=\"subscribe_to_newsletter(this)\" class=\"btn orB mT1 mW100\">Anmelden<\/button>\r\n        <\/div>\t\n\n\n\n<h2 class=\"grenB f24 cblue\" style=\"margin-top: 3rem; color: #f77147;\">Spezielle Promo-Angebote<\/h2>\n<p style=\"margin-top: 1rem\">Wir haben Rabattcodes f\u00fcr besondere Veranstaltungen \u2013 schau also regelm\u00e4\u00dfig vorbei!<\/p>\n\n\n\n\n\n<p style=\"margin: 1rem auto;\"><a href=\"https:\/\/positiveprints.com\/de\/product-creators\/de-2\/\" class=\"btn orB mT1 long\" style=\"text-decoration:none!important; color:#ffffff!important;\">Lege los<\/a><\/p>\n\n\n<\/div><p><\/p>","protected":false},"excerpt":{"rendered":"<p>Suchst du nach einem Rabattcode f\u00fcr Positive Prints? Wir haben einige M\u00f6glichkeiten f\u00fcr dich, wie du sparen kannst! Ganzj\u00e4hrige Rabatte Kaufe oder mehr Produkte und profitiere von Rabatten Kaufe zwei Produkte und erhalte 25 % Rabatt auf das zweite Produkt oder kaufe drei oder mehr Produkte und erhalte 20 % Rabatt auf deine gesamte Bestellung! [&hellip;]<\/p>\n","protected":false},"author":22,"featured_media":0,"parent":0,"menu_order":0,"comment_status":"closed","ping_status":"closed","template":"informational-page.php","meta":{"footnotes":""},"class_list":["post-379686","page","type-page","status-publish","hentry"],"yoast_head":"<!-- This site is optimized with the Yoast SEO Premium plugin v27.2 (Yoast SEO v27.2) - https:\/\/yoast.com\/product\/yoast-seo-premium-wordpress\/ -->\n<title>Promo Code, Discount, and Coupons - Positive Prints<\/title>\n<meta name=\"description\" content=\"Looking for a discount code to use at Positive Prints? We\u2019ve got a few ways for you to save! Check our latest promo code\" \/>\n<meta name=\"robots\" content=\"index, follow, max-snippet:-1, max-image-preview:large, max-video-preview:-1\" \/>\n<link rel=\"canonical\" href=\"https:\/\/positiveprints.com\/de\/rabattcode\/\" \/>\n<meta property=\"og:locale\" content=\"de_DE\" \/>\n<meta property=\"og:type\" content=\"article\" \/>\n<meta property=\"og:title\" content=\"Rabattcode\" \/>\n<meta property=\"og:description\" content=\"Suchst du nach einem Rabattcode f\u00fcr Positive Prints? Wir haben einige M\u00f6glichkeiten f\u00fcr dich, wie du sparen kannst! Ganzj\u00e4hrige Rabatte Kaufe oder mehr\" \/>\n<meta property=\"og:url\" content=\"https:\/\/positiveprints.com\/de\/rabattcode\/\" \/>\n<meta property=\"og:site_name\" content=\"Positive Prints\" \/>\n<meta property=\"article:publisher\" content=\"https:\/\/www.facebook.com\/positiveprintscom\" \/>\n<meta property=\"article:modified_time\" content=\"2025-12-03T10:10:31+00:00\" \/>\n<meta property=\"og:image\" content=\"https:\/\/positiveprints.com\/wp-content\/uploads\/2026\/03\/Open-graph-2026-1200x630-1.jpg\" \/>\n\t<meta property=\"og:image:width\" content=\"1200\" \/>\n\t<meta property=\"og:image:height\" content=\"630\" \/>\n\t<meta property=\"og:image:type\" content=\"image\/jpeg\" \/>\n<meta name=\"twitter:card\" content=\"summary_large_image\" \/>\n<!-- \/ Yoast SEO Premium plugin. -->","yoast_head_json":{"title":"Promo Code, Discount, and Coupons - Positive Prints","description":"Looking for a discount code to use at Positive Prints? We\u2019ve got a few ways for you to save! Check our latest promo code","robots":{"index":"index","follow":"follow","max-snippet":"max-snippet:-1","max-image-preview":"max-image-preview:large","max-video-preview":"max-video-preview:-1"},"canonical":"https:\/\/positiveprints.com\/de\/rabattcode\/","og_locale":"de_DE","og_type":"article","og_title":"Rabattcode","og_description":"Suchst du nach einem Rabattcode f\u00fcr Positive Prints? Wir haben einige M\u00f6glichkeiten f\u00fcr dich, wie du sparen kannst! Ganzj\u00e4hrige Rabatte Kaufe oder mehr","og_url":"https:\/\/positiveprints.com\/de\/rabattcode\/","og_site_name":"Positive Prints","article_publisher":"https:\/\/www.facebook.com\/positiveprintscom","article_modified_time":"2025-12-03T10:10:31+00:00","og_image":[{"width":1200,"height":630,"url":"https:\/\/positiveprints.com\/wp-content\/uploads\/2026\/03\/Open-graph-2026-1200x630-1.jpg","type":"image\/jpeg"}],"twitter_card":"summary_large_image","schema":{"@context":"https:\/\/schema.org","@graph":[{"@type":"WebPage","@id":"https:\/\/positiveprints.com\/de\/rabattcode\/","url":"https:\/\/positiveprints.com\/de\/rabattcode\/","name":"Promo Code, Discount, and Coupons - Positive Prints","isPartOf":{"@id":"https:\/\/positiveprints.com\/de\/#website"},"datePublished":"2022-11-18T13:56:45+00:00","dateModified":"2025-12-03T10:10:31+00:00","description":"Looking for a discount code to use at Positive Prints? We\u2019ve got a few ways for you to save! Check our latest promo code","breadcrumb":{"@id":"https:\/\/positiveprints.com\/de\/rabattcode\/#breadcrumb"},"inLanguage":"de","potentialAction":[{"@type":"ReadAction","target":["https:\/\/positiveprints.com\/de\/rabattcode\/"]}]},{"@type":"BreadcrumbList","@id":"https:\/\/positiveprints.com\/de\/rabattcode\/#breadcrumb","itemListElement":[{"@type":"ListItem","position":1,"name":"Startseite","item":"https:\/\/positiveprints.com\/de\/"},{"@type":"ListItem","position":2,"name":"Rabattcode"}]},{"@type":"WebSite","@id":"https:\/\/positiveprints.com\/de\/#website","url":"https:\/\/positiveprints.com\/de\/","name":"Positive Prints","description":"Amazing Custom Personalized Gifts","publisher":{"@id":"https:\/\/positiveprints.com\/de\/#organization"},"potentialAction":[{"@type":"SearchAction","target":{"@type":"EntryPoint","urlTemplate":"https:\/\/positiveprints.com\/de\/?s={search_term_string}"},"query-input":{"@type":"PropertyValueSpecification","valueRequired":true,"valueName":"search_term_string"}}],"inLanguage":"de"},{"@type":"Organization","@id":"https:\/\/positiveprints.com\/de\/#organization","name":"Positive Prints","alternateName":"Positive Prints","url":"https:\/\/positiveprints.com\/de\/","logo":{"@type":"ImageObject","inLanguage":"de","@id":"https:\/\/positiveprints.com\/de\/#\/schema\/logo\/image\/","url":"https:\/\/positiveprints.com\/wp-content\/uploads\/2026\/03\/245815646_1337939713319158_5671353136411139666_n.png","contentUrl":"https:\/\/positiveprints.com\/wp-content\/uploads\/2026\/03\/245815646_1337939713319158_5671353136411139666_n.png","width":800,"height":800,"caption":"Positive Prints"},"image":{"@id":"https:\/\/positiveprints.com\/de\/#\/schema\/logo\/image\/"},"sameAs":["https:\/\/www.facebook.com\/positiveprintscom","https:\/\/www.instagram.com\/positiveprintscom\/","https:\/\/www.tiktok.com\/@positiveprintscom","https:\/\/www.pinterest.com\/positiveprintscom\/"]}]}},"jetpack_sharing_enabled":true,"_links":{"self":[{"href":"https:\/\/positiveprints.com\/de\/wp-json\/wp\/v2\/pages\/379686","targetHints":{"allow":["GET"]}}],"collection":[{"href":"https:\/\/positiveprints.com\/de\/wp-json\/wp\/v2\/pages"}],"about":[{"href":"https:\/\/positiveprints.com\/de\/wp-json\/wp\/v2\/types\/page"}],"author":[{"embeddable":true,"href":"https:\/\/positiveprints.com\/de\/wp-json\/wp\/v2\/users\/22"}],"replies":[{"embeddable":true,"href":"https:\/\/positiveprints.com\/de\/wp-json\/wp\/v2\/comments?post=379686"}],"version-history":[{"count":0,"href":"https:\/\/positiveprints.com\/de\/wp-json\/wp\/v2\/pages\/379686\/revisions"}],"wp:attachment":[{"href":"https:\/\/positiveprints.com\/de\/wp-json\/wp\/v2\/media?parent=379686"}],"curies":[{"name":"wp","href":"https:\/\/api.w.org\/{rel}","templated":true}]}}