{"id":10674,"date":"2020-03-29T17:04:04","date_gmt":"2020-03-29T17:04:04","guid":{"rendered":"https:\/\/positiveprints.com\/datenschutz\/"},"modified":"2023-03-09T16:51:26","modified_gmt":"2023-03-09T15:51:26","slug":"datenschutz","status":"publish","type":"page","link":"https:\/\/positiveprints.com\/de\/datenschutz\/","title":{"rendered":"DATENSCHUTZ"},"content":{"rendered":"<h1 class=\"grenB\" style=\"text-align: center;\" id=\"h-datenschutz-und-cookie-richtlinien\"><strong>Datenschutz- und Cookie-Richtlinien<\/strong><\/h1><p><\/p><div style=\"height:30px\" aria-hidden=\"true\" class=\"wp-block-spacer\"><\/div><p><strong>Allgemeine Information<\/strong><\/p><p>Diese Datenschutz- und Cookie-Richtlinien legen Regeln f\u00fcr die Verarbeitung und den Schutz personenbezogener Daten und die Verwendung von Cookies und anderen Technologien fest, wie beispielsweise Google Analytics, Facebook-Pixel im Zusammenhang mit der Nutzung der Website durch die Benutzer, Store und Social-Media-Profile, die vom Administrator betrieben werden.<\/p><div style=\"height:30px\" aria-hidden=\"true\" class=\"wp-block-spacer\"><\/div><p><strong>\u00a71. Definitionen<\/strong><\/p><ol class=\"wp-block-list\"><li>F\u00fcr die Zwecke dieser Datenschutzrichtlinie werden die folgenden Begriffe wie folgt definiert:<\/li>\n\n<li><strong>Administrator <\/strong>&#8211; Positive Prints Sp. z o.o. mit Sitz in Warschau, ul. Pu\u0142awska 145, (Postleitzahl 02-715), eingetragen im Unternehmerregister des Bezirksgerichts der Hauptstadt Warschau in Warschau, XIII. Wirtschaftsabteilung des Landesgerichtsregisters, unter der KRS-Nummer 0000839033, NIP-Nummer 9512500986, Regon 38597711.<\/li>\n\n<li><strong>Website <\/strong>\u2013 die unter http:\/\/positiveprints.com verf\u00fcgbare Website, auf der der Online-Shop verf\u00fcgbar ist.<\/li>\n\n<li><strong>Benutzer <\/strong>\u2013 jede Person, die den Inhalt der Website durchsucht.<\/li>\n\n<li><strong>GDPR <\/strong>&#8211; <strong>Verordnung <\/strong>(EU) 2016\/679 des Europ\u00e4ischen Parlaments und des Rates vom 27. April 2016 zum Schutz nat\u00fcrlicher Personen bei der Verarbeitung personenbezogener Daten, zum freien Datenverkehr und zur Aufhebung der Richtlinie 95\/46 \/ EG.<\/li><\/ol><div style=\"height:30px\" aria-hidden=\"true\" class=\"wp-block-spacer\"><\/div><p><strong>\u00a72. Pers\u00f6nliche Daten<\/strong><\/p><ol class=\"wp-block-list\"><li>Der Administrator der personenbezogenen Daten des Benutzers im Sinne der DSGVO ist der Administrator.<\/li>\n\n<li>Der Benutzer kann seine personenbezogenen Daten unter anderem \u00fcber die auf der Website und im Store verf\u00fcgbaren Formulare sowie L\u00f6sungen wie Instant Messaging und Social-Media-Profile an den Administrator \u00fcbermitteln.<\/li>\n\n<li>Die Rechtsgrundlage f\u00fcr die Verarbeitung der personenbezogenen Daten der Benutzer kann die freiwillige, spezifische, informierte und eindeutige Zustimmung des Benutzers sein, die mit dem entsprechenden Formular auf der Website ausgedr\u00fcckt wird. Personenbezogene Daten k\u00f6nnen auch in F\u00e4llen verarbeitet werden, in denen der Administrator berechtigt ist, personenbezogene Daten aufgrund gesetzlicher Bestimmungen oder zur Erf\u00fcllung eines zwischen den Parteien geschlossenen Vertrags sowie aufgrund eines berechtigten Interesses des Administrators zu verarbeiten. Besonders:<br><br><strong>[DAS BESTELL-FORMULAR]<\/strong><\/li><\/ol><p>Personenbezogene Daten, die der Benutzer dem Administrator im Rahmen des im Online-Shop verf\u00fcgbaren Bestellformulars zur Verf\u00fcgung stellt, werden verarbeitet, um den \u00fcber den Shop abgeschlossenen Vertrag zu erf\u00fcllen. Rechtsgrundlage f\u00fcr die Verarbeitung sind der Vertrag und Ma\u00dfnahmen, die auf Anfrage der betroffenen Person vor Vertragsschluss durchgef\u00fchrt werden (Art. 6 Abs. 1 lit. b DSGVO). Die Angabe personenbezogener Daten durch den Benutzer ist freiwillig, aber notwendig, damit der Benutzer einen Vertrag mit dem Administrator abschlie\u00dfen kann. Diese Daten werden f\u00fcr die Dauer der Bestellung verarbeitet. Nach Abschluss der Bestellung verarbeitet der Administrator personenbezogene Daten, um die gesetzlichen Verpflichtungen zu erf\u00fcllen, die dem Administrator obliegen, z. . Der Verwalter verarbeitet sie f\u00fcr einen Zeitraum von 5 Jahren ab dem Ende des Steuerjahres, in dem der Verkauf stattgefunden hat. Administrator der oben genannten Er verarbeitet personenbezogene Daten auch im Falle m\u00f6glicher Anspr\u00fcche auf der Grundlage des berechtigten Interesses des Administrators (Artikel 6 (1) (f) der DSGVO) bis zum Ablauf der Verj\u00e4hrungsfrist f\u00fcr zivilrechtliche Anspr\u00fcche.<\/p><ul class=\"wp-block-list\" start=\"2\"><li><strong>[NEWSLETTER-ANMELDUNGSFORMULAR]<\/strong><\/li><\/ul><p>Personenbezogene Daten, die der Benutzer dem Administrator im Rahmen des Newsletter-Anmeldeformulars zur Verf\u00fcgung stellt, werden verarbeitet, um dem Benutzer einen Newsletter zu senden, der unter anderem Folgendes enth\u00e4lt Informationen \u00fcber Produkte, Neuigkeiten und Aktionen. Die Angabe personenbezogener Daten durch den Benutzer ist freiwillig, aber notwendig, damit der Benutzer den Newsletter abonnieren und erhalten kann. Die Datenverarbeitung zu diesem Zweck erfolgt nur mit Einwilligung des Nutzers (Rechtsgrundlage: Art. 6 Abs. 1 lit. a DSGVO), die der Nutzer im Newsletter-Anmeldeformular abgeben und jederzeit widerrufen kann. Diese Daten werden verarbeitet, bis der Newsletter nicht mehr vom Administrator gesendet wird oder bis der Benutzer seine Zustimmung widerruft.<\/p><ul class=\"wp-block-list\" start=\"3\"><li><strong>[KONTAKT-FORMULAR]<\/strong><\/li><\/ul><p>Personenbezogene Daten, die der Benutzer dem Administrator im Rahmen des Kontaktformulars oder in einer E-Mail an die auf der Website angegebene Adresse des Administrators \u00fcbermittelt, werden verarbeitet, um die gesendete Anfrage zu beantworten. Die Bereitstellung personenbezogener Daten durch den Benutzer ist freiwillig, aber notwendig, damit der Benutzer eine Antwort erh\u00e4lt. Die Datenverarbeitung zu diesem Zweck erfolgt auf der Grundlage des berechtigten Interesses des Administrators (Artikel 6 (1) (f) der DSGVO). Diese Daten werden bis zum Abschluss der Korrespondenz sowie bis zum Ablauf der Verj\u00e4hrungsfrist f\u00fcr zivilrechtliche Anspr\u00fcche verarbeitet.<\/p><ul class=\"wp-block-list\" start=\"4\"><li><strong>[FORMULAR ZUM HINZUF\u00dcGEN DER STELLUNGNAHME]<\/strong><\/li><\/ul><p>Personenbezogene Daten, die der Benutzer dem Administrator im Rahmen des Meinungsformulars zur Verf\u00fcgung stellt, werden verarbeitet, um die Meinung des Benutzers auf der Website anzuzeigen. Die Angabe personenbezogener Daten durch den Benutzer ist freiwillig, aber notwendig, damit der Benutzer eine Meinung abgeben kann. Die Datenverarbeitung zu diesem Zweck erfolgt auf Grundlage einer Einwilligung des Nutzers (Art. 6 Abs. 1 lit. a DSGVO). Diese Daten werden verarbeitet, solange die Website besteht oder bis der Benutzer seine Zustimmung widerruft.<\/p><ul class=\"wp-block-list\" start=\"4\"><li>[<strong><strong>ANMELDUNGSFORMULAR F\u00dcR DEN WETTBEWERB]<\/strong><\/strong><\/li><\/ul><p>Personenbezogene Daten, die der Benutzer dem Administrator im Rahmen der Bewerbung f\u00fcr den Wettbewerb zur Verf\u00fcgung stellt, werden verarbeitet, um die M\u00f6glichkeit der Teilnahme am Wettbewerb zu gew\u00e4hrleisten und die Verpflichtungen zu erf\u00fcllen, die sich aus dem \u00f6ffentlichen Versprechen ergeben, bei dem es sich um den Wettbewerb handelt und der im angegeben ist Wettbewerbsregeln. Die Angabe personenbezogener Daten ist freiwillig, aber notwendig, damit der Nutzer am Gewinnspiel teilnehmen kann. Die Datenverarbeitung zu diesem Zweck erfolgt auf Grundlage der berechtigten Interessen des Administrators (Art. 6 Abs. 1 lit. f DSGVO). Diese Daten werden f\u00fcr die Zeit verarbeitet, die f\u00fcr die Durchf\u00fchrung des Gewinnspiels und die Gewinnermittlung sowie bis zur Verj\u00e4hrung etwaiger Anspr\u00fcche erforderlich ist.<\/p><p><\/p><p><strong>[<strong><strong>ANMELDUNGSFORMULAR F\u00dcR DEN WETTBEWERB]<\/strong><\/strong><\/strong><\/p><p>Personenbezogene Daten, die der Benutzer dem Administrator im Rahmen des SAVE MY DESIGN-Dienstes zur Verf\u00fcgung stellt, werden verarbeitet, um dem Benutzer den Zugriff auf das von ihm erstellte Projekt mithilfe des auf der Website verf\u00fcgbaren Assistenten zu erm\u00f6glichen. Der Zugriff ist ab dem Zeitpunkt der Nutzung des Dienstes 30 Tage lang m\u00f6glich. Die Bereitstellung personenbezogener Daten durch den Benutzer ist freiwillig, aber notwendig, damit der Benutzer den Dienst nutzen kann. Die Datenverarbeitung zu diesem Zweck erfolgt auf Grundlage der Einwilligung des Nutzers (Rechtsgrundlage: Art. 6 Abs. 1 lit. a DSGVO). Diese Daten werden 30 Tage lang oder bis zum Widerruf der Einwilligung durch den Benutzer verarbeitet.<\/p><ol class=\"wp-block-list\" start=\"4\"><li>Der Administrator kann personenbezogene Daten anderen Stellen anvertrauen, mit deren Hilfe er die in den vorherigen Punkten angegebenen Ziele umsetzt (z &#8221; Portale, Buchhaltungsunternehmen, Kurier, ein Unternehmen, das eine E-Mail-Anwendung bereitstellt).<\/li>\n\n<li>Die personenbezogenen Daten des Benutzers k\u00f6nnen zust\u00e4ndigen Beh\u00f6rden zur Verf\u00fcgung gestellt werden, wenn dies nach geltendem Recht erforderlich ist.<\/li>\n\n<li>Die personenbezogenen Daten des Nutzers werden nicht an Empf\u00e4nger aus Drittl\u00e4ndern oder internationalen Organisationen \u00fcbermittelt, die kein angemessenes Schutzniveau bieten. Das angemessene Schutzniveau muss durch einen entsprechenden Beschluss der Europ\u00e4ischen Kommission oder ein anderes verbindliches Rechtsinstrument best\u00e4tigt werden.<\/li>\n\n<li>Der Administrator garantiert die Vertraulichkeit aller ihm zur Verf\u00fcgung gestellten personenbezogenen Daten.<\/li>\n\n<li>Personenbezogene Daten werden mit der gebotenen Sorgfalt erhoben und ordnungsgem\u00e4\u00df vor dem Zugriff Unbefugter gesch\u00fctzt, und ihre Verarbeitung erfolgt in \u00dcbereinstimmung mit und unter den Bedingungen, die im Einzelnen aufgef\u00fchrt sind in:<\/li><\/ol><ul class=\"wp-block-list\"><li>Verordnung (EU) 2016\/679 des Europ\u00e4ischen Parlaments und des Rates vom 27. April 2016 zum Schutz nat\u00fcrlicher Personen bei der Verarbeitung personenbezogener Daten, zum freien Datenverkehr und zur Aufhebung der Richtlinie 95\/46\/EG,<\/li>\n\n<li>das Gesetz vom 18. Juli 2002 \u00fcber die Erbringung elektronischer Dienstleistungen,<\/li>\n\n<li>das Gesetz vom 10. Mai 2018 zum Schutz personenbezogener Daten.<\/li><\/ul><div style=\"height:30px\" aria-hidden=\"true\" class=\"wp-block-spacer\"><\/div><p><strong>\u00a73. Nutzerrechte<\/strong><\/p><ol class=\"wp-block-list\"><li>Der Benutzer hat die Rechte im Zusammenhang mit der Verarbeitung seiner personenbezogenen Daten, einschlie\u00dflich:<\/li><\/ol><ul class=\"wp-block-list\"><li>das Recht auf Datenzugriff,<\/li>\n\n<li>das Recht auf Berichtigung der Daten,<\/li>\n\n<li>das Recht auf Einschr\u00e4nkung der Datenverarbeitung,<\/li>\n\n<li>das Recht auf Widerspruch gegen die Datenverarbeitung,<\/li>\n\n<li>das Recht auf L\u00f6schung von Daten (das sogenannte Recht auf Vergessenwerden),<\/li>\n\n<li>das Recht auf Daten\u00fcbertragbarkeit,<\/li>\n\n<li>das Recht, eine Beschwerde bei der Aufsichtsbeh\u00f6rde in Bezug auf die Verarbeitung personenbezogener Daten durch den Administrator einzureichen<\/li><\/ul><p>2. Der Benutzer hat das Recht, seine Zustimmung jederzeit zu widerrufen, wenn der Benutzer sie zuvor erkl\u00e4rt hat.<\/p><p>3. Um seine Rechte auszu\u00fcben, sollte der Benutzer eine entsprechende Anfrage an die folgende Adresse senden: hello@positiveprints.com<\/p><div style=\"height:30px\" aria-hidden=\"true\" class=\"wp-block-spacer\"><\/div><p><strong>\u00a74. Cookies und andere Informationen<\/strong><\/p><ol class=\"wp-block-list\"><li>Wenn der Benutzer die Website nutzt, werden die Daten des Benutzers automatisch erfasst. Zu diesen Daten geh\u00f6ren unter anderem: IP-Adresse, Domainname, Browsertyp, Betriebssystemtyp. Diese Daten k\u00f6nnen durch Cookies (sog. Cookies) gesammelt und auch in den Serverprotokollen gespeichert werden.<\/li>\n\n<li>Cookie-Dateien (sog. Cookies) sind Dateien, die an einen Computer oder ein anderes Ger\u00e4t (z. B. Laptop, Smartphone, Tablet) des Benutzers gesendet und dort gespeichert werden, wenn Sie auf der Website surfen. Cookies merken sich die Vorlieben und das Verhalten des Benutzers, wodurch die Qualit\u00e4t der bereitgestellten Dienste, die Suchergebnisse und die Genauigkeit der angezeigten Informationen, einschlie\u00dflich Werbung, und die anonyme Verfolgung der Vorlieben des Benutzers verbessert werden k\u00f6nnen. Die aktuelle Liste der auf der Website verwendeten Cookies ist \u00fcber die auf der Website verf\u00fcgbare Cookie-Leiste verf\u00fcgbar.<\/li>\n\n<li>Der Nutzer kann seine Zustimmung zur Verwendung von Cookies auf seinem Endger\u00e4t \u00fcber die auf der Website verf\u00fcgbare Cookie-Leiste ausdr\u00fccken. Dies kann auch \u00fcber die Einstellungen des auf dem Ger\u00e4t des Benutzers installierten Browsers erfolgen. Ebenso kann der Nutzer seine Einwilligung jederzeit widerrufen oder deren Umfang \u00e4ndern.<\/li>\n\n<li>Der Benutzer kann auch vorhandene Cookies von seinem Ger\u00e4t l\u00f6schen, indem er die entsprechenden Funktionen des Webbrowsers, Programme zu diesem Zweck oder Tools verwendet, die unter dem vom Benutzer verwendeten Betriebssystem verf\u00fcgbar sind.<\/li>\n\n<li>Die in den Serverprotokollen gespeicherten Daten oder die Verwendung von Cookies werden vom Administrator in keiner Weise mit bestimmten Benutzern der Website kombiniert und von ihm nicht zur Identifizierung des Benutzers verwendet. Die Serverprotokolle werden zur Verwaltung der Website verwendet, und ihr Inhalt wird an niemanden weitergegeben, au\u00dfer an diejenigen, die zur Verwaltung des Servers berechtigt sind.<\/li>\n\n<li>Die Website verwendet Technologien, die die Aktionen des Benutzers w\u00e4hrend der Nutzung der Website anonym aufzeichnen. Diese beinhalten:<\/li><\/ol><ul class=\"wp-block-list\"><li>Google Analytics \u2013 wird verwendet, um Website-Statistiken zu analysieren,<\/li>\n\n<li>Facebook-Pixel \u2013 wird verwendet, um Facebook-Werbung zu verwalten und zu optimieren.<\/li><\/ul><ol class=\"wp-block-list\" start=\"7\"><li>Die vollst\u00e4ndige Liste der Cookies von Drittanbietern ist in den Cookie-Einstellungen verf\u00fcgbar.<\/li>\n\n<li>Die durch diese Tools erhaltenen Daten werden vom Administrator in keiner Weise mit bestimmten Benutzern der Website kombiniert und von ihm ohne seine ausdr\u00fcckliche Zustimmung nicht zur Identifizierung des Benutzers verwendet. Es ist jedoch zu beachten, dass diese Daten von Stellen verarbeitet werden, die die oben genannten Daten bereitstellen Technologien und kann sie mit Daten \u00fcber den Benutzer kombinieren, die diese Stellen aus anderen Quellen gesammelt haben.<\/li><\/ol><div style=\"height:30px\" aria-hidden=\"true\" class=\"wp-block-spacer\"><\/div><p><strong>\u00a75. Zweck der Verwendung der Daten<\/strong><\/p><ol class=\"wp-block-list\"><li>Die Folge des Einsatzes von Cookies sowie der in \u00a7 4 Ziff 6 wird die Website, ihren Inhalt und das Produktangebot auf die Bed\u00fcrfnisse des Benutzers optimieren.<\/li>\n\n<li>Die im vorherigen Punkt genannten Daten werden vom Administrator zu folgenden Zwecken verwendet:<\/li><\/ol><ul class=\"wp-block-list\"><li>ordnungsgem\u00e4\u00dfes Funktionieren, Konfiguration und Sicherheit der Website,<\/li>\n\n<li>Benutzerauthentifizierung im Zusammenhang mit der Nutzung der Dienste des Shops und Aufrechterhaltung der Sitzung des Benutzers nach dem Einloggen,<\/li>\n\n<li>Analyse, Recherche und Pr\u00fcfung von Website-Aufrufen,<\/li>\n\n<li>sowie f\u00fcr statistische und Marketingzwecke.<\/li><\/ul><div style=\"height:30px\" aria-hidden=\"true\" class=\"wp-block-spacer\"><\/div><p><strong>\u00a76. Schlussbestimmungen<\/strong><\/p><ol class=\"wp-block-list\"><li>Dieses Dokument kann \u00c4nderungen enthalten, die durch die Entwicklung der Internettechnologie, Gesetzes\u00e4nderungen zum Schutz personenbezogener Daten und die Entwicklung unserer Website und unseres Shops beeinflusst werden k\u00f6nnen. Alle \u00c4nderungen werden den Benutzern unverz\u00fcglich, sichtbar und verst\u00e4ndlich mitgeteilt.<\/li>\n\n<li>Bitte sende Fragen oder Kommentare bez\u00fcglich der Datenschutzrichtlinie und Cookies an die folgende Adresse: info@positiveprints.com<\/li><\/ol><p><\/p>","protected":false},"excerpt":{"rendered":"<p>Datenschutz- und Cookie-RichtlinienAllgemeine InformationDiese Datenschutz- und Cookie-Richtlinien legen Regeln f\u00fcr die Verarbeitung und den Schutz personenbezogener Daten und die Verwendung von Cookies und anderen Technologien fest, wie beispielsweise Google Analytics, Facebook-Pixel im Zusammenhang mit der Nutzung der Website durch die Benutzer, Store und Social-Media-Profile, die vom Administrator betrieben werden.\u00a71. Definitionen\u00a72. Pers\u00f6nliche DatenPersonenbezogene Daten, die der [&hellip;]<\/p>\n","protected":false},"author":1,"featured_media":0,"parent":0,"menu_order":0,"comment_status":"closed","ping_status":"closed","template":"informational-page.php","meta":{"footnotes":""},"class_list":["post-10674","page","type-page","status-publish","hentry"],"yoast_head":"<!-- This site is optimized with the Yoast SEO Premium plugin v27.2 (Yoast SEO v27.2) - https:\/\/yoast.com\/product\/yoast-seo-premium-wordpress\/ -->\n<title>Datenschutz - Positive Prints<\/title>\n<meta name=\"description\" content=\"Bei Anbahnung, Abschluss, Abwicklung und R\u00fcckabwicklung eines Kaufvertrages werden von uns Daten im Rahmen der gesetzlichen Bestimmungen erhoben, gespeichert und verarbeitet.\" \/>\n<meta name=\"robots\" content=\"noindex, follow\" \/>\n<meta property=\"og:locale\" content=\"de_DE\" \/>\n<meta property=\"og:type\" content=\"article\" \/>\n<meta property=\"og:title\" content=\"DATENSCHUTZ\" \/>\n<meta property=\"og:description\" content=\"Datenschutz- und Cookie-Richtlinien Allgemeine Information Diese Datenschutz- und Cookie-Richtlinien legen Regeln f\u00fcr die Verarbeitung und den Schutz\" \/>\n<meta property=\"og:url\" content=\"https:\/\/positiveprints.com\/de\/datenschutz\/\" \/>\n<meta property=\"og:site_name\" content=\"Positive Prints\" \/>\n<meta property=\"article:publisher\" content=\"https:\/\/www.facebook.com\/positiveprintscom\" \/>\n<meta property=\"article:modified_time\" content=\"2023-03-09T15:51:26+00:00\" \/>\n<meta property=\"og:image\" content=\"https:\/\/positiveprints.com\/wp-content\/uploads\/2026\/03\/Open-graph-2026-1200x630-1.jpg\" \/>\n\t<meta property=\"og:image:width\" content=\"1200\" \/>\n\t<meta property=\"og:image:height\" content=\"630\" \/>\n\t<meta property=\"og:image:type\" content=\"image\/jpeg\" \/>\n<meta name=\"twitter:card\" content=\"summary_large_image\" \/>\n<meta name=\"twitter:label1\" content=\"Gesch\u00e4tzte Lesezeit\" \/>\n\t<meta name=\"twitter:data1\" content=\"8\u00a0Minuten\" \/>\n<!-- \/ Yoast SEO Premium plugin. -->","yoast_head_json":{"title":"Datenschutz - Positive Prints","description":"Bei Anbahnung, Abschluss, Abwicklung und R\u00fcckabwicklung eines Kaufvertrages werden von uns Daten im Rahmen der gesetzlichen Bestimmungen erhoben, gespeichert und verarbeitet.","robots":{"index":"noindex","follow":"follow"},"og_locale":"de_DE","og_type":"article","og_title":"DATENSCHUTZ","og_description":"Datenschutz- und Cookie-Richtlinien Allgemeine Information Diese Datenschutz- und Cookie-Richtlinien legen Regeln f\u00fcr die Verarbeitung und den Schutz","og_url":"https:\/\/positiveprints.com\/de\/datenschutz\/","og_site_name":"Positive Prints","article_publisher":"https:\/\/www.facebook.com\/positiveprintscom","article_modified_time":"2023-03-09T15:51:26+00:00","og_image":[{"width":1200,"height":630,"url":"https:\/\/positiveprints.com\/wp-content\/uploads\/2026\/03\/Open-graph-2026-1200x630-1.jpg","type":"image\/jpeg"}],"twitter_card":"summary_large_image","twitter_misc":{"Gesch\u00e4tzte Lesezeit":"8\u00a0Minuten"},"schema":{"@context":"https:\/\/schema.org","@graph":[{"@type":"WebPage","@id":"https:\/\/positiveprints.com\/de\/datenschutz\/","url":"https:\/\/positiveprints.com\/de\/datenschutz\/","name":"Datenschutz - Positive Prints","isPartOf":{"@id":"https:\/\/positiveprints.com\/de\/#website"},"datePublished":"2020-03-29T17:04:04+00:00","dateModified":"2023-03-09T15:51:26+00:00","description":"Bei Anbahnung, Abschluss, Abwicklung und R\u00fcckabwicklung eines Kaufvertrages werden von uns Daten im Rahmen der gesetzlichen Bestimmungen erhoben, gespeichert und verarbeitet.","breadcrumb":{"@id":"https:\/\/positiveprints.com\/de\/datenschutz\/#breadcrumb"},"inLanguage":"de","potentialAction":[{"@type":"ReadAction","target":["https:\/\/positiveprints.com\/de\/datenschutz\/"]}]},{"@type":"BreadcrumbList","@id":"https:\/\/positiveprints.com\/de\/datenschutz\/#breadcrumb","itemListElement":[{"@type":"ListItem","position":1,"name":"Startseite","item":"https:\/\/positiveprints.com\/de\/"},{"@type":"ListItem","position":2,"name":"DATENSCHUTZ"}]},{"@type":"WebSite","@id":"https:\/\/positiveprints.com\/de\/#website","url":"https:\/\/positiveprints.com\/de\/","name":"Positive Prints","description":"Amazing Custom Personalized Gifts","publisher":{"@id":"https:\/\/positiveprints.com\/de\/#organization"},"potentialAction":[{"@type":"SearchAction","target":{"@type":"EntryPoint","urlTemplate":"https:\/\/positiveprints.com\/de\/?s={search_term_string}"},"query-input":{"@type":"PropertyValueSpecification","valueRequired":true,"valueName":"search_term_string"}}],"inLanguage":"de"},{"@type":"Organization","@id":"https:\/\/positiveprints.com\/de\/#organization","name":"Positive Prints","alternateName":"Positive Prints","url":"https:\/\/positiveprints.com\/de\/","logo":{"@type":"ImageObject","inLanguage":"de","@id":"https:\/\/positiveprints.com\/de\/#\/schema\/logo\/image\/","url":"https:\/\/positiveprints.com\/wp-content\/uploads\/2026\/03\/245815646_1337939713319158_5671353136411139666_n.png","contentUrl":"https:\/\/positiveprints.com\/wp-content\/uploads\/2026\/03\/245815646_1337939713319158_5671353136411139666_n.png","width":800,"height":800,"caption":"Positive Prints"},"image":{"@id":"https:\/\/positiveprints.com\/de\/#\/schema\/logo\/image\/"},"sameAs":["https:\/\/www.facebook.com\/positiveprintscom","https:\/\/www.instagram.com\/positiveprintscom\/","https:\/\/www.tiktok.com\/@positiveprintscom","https:\/\/www.pinterest.com\/positiveprintscom\/"]}]}},"jetpack_sharing_enabled":true,"_links":{"self":[{"href":"https:\/\/positiveprints.com\/de\/wp-json\/wp\/v2\/pages\/10674","targetHints":{"allow":["GET"]}}],"collection":[{"href":"https:\/\/positiveprints.com\/de\/wp-json\/wp\/v2\/pages"}],"about":[{"href":"https:\/\/positiveprints.com\/de\/wp-json\/wp\/v2\/types\/page"}],"author":[{"embeddable":true,"href":"https:\/\/positiveprints.com\/de\/wp-json\/wp\/v2\/users\/1"}],"replies":[{"embeddable":true,"href":"https:\/\/positiveprints.com\/de\/wp-json\/wp\/v2\/comments?post=10674"}],"version-history":[{"count":0,"href":"https:\/\/positiveprints.com\/de\/wp-json\/wp\/v2\/pages\/10674\/revisions"}],"wp:attachment":[{"href":"https:\/\/positiveprints.com\/de\/wp-json\/wp\/v2\/media?parent=10674"}],"curies":[{"name":"wp","href":"https:\/\/api.w.org\/{rel}","templated":true}]}}