{"id":953476,"date":"2023-06-01T20:16:55","date_gmt":"2023-06-01T19:16:55","guid":{"rendered":"https:\/\/positiveprints.com\/product\/fotocollage-mit-namen-und-buchstaben\/"},"modified":"2026-04-03T03:14:48","modified_gmt":"2026-04-03T02:14:48","slug":"fotocollage-mit-namen-und-buchstaben","status":"publish","type":"product","link":"https:\/\/positiveprints.com\/de-ch\/produkt\/fotocollage-mit-namen-und-buchstaben\/","title":{"rendered":"Fotocollage mit Namen und Buchstaben"},"content":{"rendered":"","protected":false},"excerpt":{"rendered":"<ul class=\"check-list\">\n<li>F\u00fcge einen aussagekr\u00e4ftigen personalisierten Text hinzu<\/li>\n<li>Passe dein Kunstwerk in 3 einfachen Schritten an<\/li>\n<li>W\u00e4hle eine Vorlage oder werde kreativ<\/li>\n<li>Schau dir bei jedem Schritt eine Vorschau deines Designs an<\/li>\n<\/ul>\n","protected":false},"featured_media":1679274,"template":"","meta":[],"product_brand":[],"product_cat":[11515,11521,11524,11527,11613,11614,11615,11644,4905,9282,7631,7648,7680,7663,11360,8203,8015,5344,11205,11208,8821,5275],"product_tag":[16580,16749,17078,16746,16755,16569],"class_list":{"0":"post-953476","1":"product","2":"type-product","3":"status-publish","4":"has-post-thumbnail","6":"product_cat-18-geburtstag-de-ch","7":"product_cat-21-geburtstag-de-ch","8":"product_cat-30-geburtstag-de-ch","9":"product_cat-40-geburtstag-de-ch","10":"product_cat-50-geburtstag-de-ch","11":"product_cat-60-geburtstag-de-ch","12":"product_cat-70-geburtstag-de-ch","13":"product_cat-80-geburtstag-de-ch","14":"product_cat-alle-produkte-de-ch","15":"product_cat-bestsellers-label-ch","16":"product_cat-geschenke-fur-bruder-de-ch","17":"product_cat-geschenke-fur-deinen-ehemann","18":"product_cat-geschenke-fur-deinen-freund-de-ch","19":"product_cat-geschenke-fur-deinen-sohn-de-ch","20":"product_cat-weihnachtsgeschenke-fur-die-kinder-de-ch","21":"product_cat-fur-ihn","22":"product_cat-geschenke-fur-manner-de-ch","23":"product_cat-geburtstagsgeschenke-de-ch","24":"product_cat-geburtstagsgeschenk-fur-frauen-de-ch","25":"product_cat-geburtstagsgeschenk-fur-manner-de-ch","26":"product_cat-photo-letter-de-ch","27":"product_cat-weihnachtsgeschenke-de-ch","28":"product_tag-ehemann-de-ch","29":"product_tag-geschenke-fur-ehemann-de-ch","30":"product_tag-geschenke-fuer-freund-de-ch","31":"product_tag-geschenke-fuer-ihn-de-ch","32":"product_tag-geschenke-fuer-maenner","33":"product_tag-maenner-de-ch","35":"first","36":"instock","37":"sale","38":"taxable","39":"shipping-taxable","40":"purchasable","41":"product-type-variable"},"yoast_head":"<!-- This site is optimized with the Yoast SEO Premium plugin v27.2 (Yoast SEO v27.2) - https:\/\/yoast.com\/product\/yoast-seo-premium-wordpress\/ -->\n<title>Fotocollage mit Namen und Buchstaben - Positive Prints<\/title>\n<meta name=\"description\" content=\"Gestalte eine einzigartige Buchstaben-Fotocollage mit besonderen Momenten und einem Namen und mache dein Geschenk unvergesslich.\" \/>\n<meta name=\"robots\" content=\"index, follow, max-snippet:-1, max-image-preview:large, max-video-preview:-1\" \/>\n<link rel=\"canonical\" href=\"https:\/\/positiveprints.com\/de-ch\/produkt\/fotocollage-mit-namen-und-buchstaben\/\" \/>\n<meta property=\"og:locale\" content=\"de_DE\" \/>\n<meta property=\"og:type\" content=\"article\" \/>\n<meta property=\"og:title\" content=\"Fotocollage mit Namen und Buchstaben\" \/>\n<meta property=\"og:description\" content=\"F\u00fcge einen aussagekr\u00e4ftigen personalisierten Text hinzu  Passe dein Kunstwerk in 3 einfachen Schritten an  W\u00e4hle eine Vorlage oder werde kreativ  Schau dir bei jedem Schritt eine Vorschau deines Designs an\" \/>\n<meta property=\"og:url\" content=\"https:\/\/positiveprints.com\/de-ch\/produkt\/fotocollage-mit-namen-und-buchstaben\/\" \/>\n<meta property=\"og:site_name\" content=\"Positive Prints\" \/>\n<meta property=\"article:publisher\" content=\"https:\/\/www.facebook.com\/positiveprintscom\" \/>\n<meta property=\"article:modified_time\" content=\"2026-04-03T02:14:48+00:00\" \/>\n<meta property=\"og:image\" content=\"https:\/\/positiveprints.com\/wp-content\/uploads\/2024\/11\/Packshot_DE_Name-Letter-Photo-Collage-product-image.webp\" \/>\n\t<meta property=\"og:image:width\" content=\"1450\" \/>\n\t<meta property=\"og:image:height\" content=\"1450\" \/>\n\t<meta property=\"og:image:type\" content=\"image\/webp\" \/>\n<meta name=\"twitter:card\" content=\"summary_large_image\" \/>\n<meta name=\"twitter:label1\" content=\"Gesch\u00e4tzte Lesezeit\" \/>\n\t<meta name=\"twitter:data1\" content=\"1\u00a0Minute\" \/>\n<!-- \/ Yoast SEO Premium plugin. -->","yoast_head_json":{"title":"Fotocollage mit Namen und Buchstaben - Positive Prints","description":"Gestalte eine einzigartige Buchstaben-Fotocollage mit besonderen Momenten und einem Namen und mache dein Geschenk unvergesslich.","robots":{"index":"index","follow":"follow","max-snippet":"max-snippet:-1","max-image-preview":"max-image-preview:large","max-video-preview":"max-video-preview:-1"},"canonical":"https:\/\/positiveprints.com\/de-ch\/produkt\/fotocollage-mit-namen-und-buchstaben\/","og_locale":"de_DE","og_type":"article","og_title":"Fotocollage mit Namen und Buchstaben","og_description":"F\u00fcge einen aussagekr\u00e4ftigen personalisierten Text hinzu  Passe dein Kunstwerk in 3 einfachen Schritten an  W\u00e4hle eine Vorlage oder werde kreativ  Schau dir bei jedem Schritt eine Vorschau deines Designs an","og_url":"https:\/\/positiveprints.com\/de-ch\/produkt\/fotocollage-mit-namen-und-buchstaben\/","og_site_name":"Positive Prints","article_publisher":"https:\/\/www.facebook.com\/positiveprintscom","article_modified_time":"2026-04-03T02:14:48+00:00","og_image":[{"width":1450,"height":1450,"url":"https:\/\/positiveprints.com\/wp-content\/uploads\/2024\/11\/Packshot_DE_Name-Letter-Photo-Collage-product-image.webp","type":"image\/webp"}],"twitter_card":"summary_large_image","twitter_misc":{"Gesch\u00e4tzte Lesezeit":"1\u00a0Minute"},"schema":{"@context":"https:\/\/schema.org","@graph":[{"@type":["WebPage","ItemPage"],"@id":"https:\/\/positiveprints.com\/de-ch\/produkt\/fotocollage-mit-namen-und-buchstaben\/","url":"https:\/\/positiveprints.com\/de-ch\/produkt\/fotocollage-mit-namen-und-buchstaben\/","name":"Fotocollage mit Namen und Buchstaben - Positive Prints","isPartOf":{"@id":"https:\/\/positiveprints.com\/de-ch\/#website"},"primaryImageOfPage":{"@id":"https:\/\/positiveprints.com\/de-ch\/produkt\/fotocollage-mit-namen-und-buchstaben\/#primaryimage"},"image":{"@id":"https:\/\/positiveprints.com\/de-ch\/produkt\/fotocollage-mit-namen-und-buchstaben\/#primaryimage"},"thumbnailUrl":"https:\/\/positiveprints.com\/wp-content\/uploads\/2026\/03\/Name_DE-Packshot.webp","datePublished":"2023-06-01T19:16:55+00:00","dateModified":"2026-04-03T02:14:48+00:00","description":"Gestalte eine einzigartige Buchstaben-Fotocollage mit besonderen Momenten und einem Namen und mache dein Geschenk unvergesslich.","breadcrumb":{"@id":"https:\/\/positiveprints.com\/de-ch\/produkt\/fotocollage-mit-namen-und-buchstaben\/#breadcrumb"},"inLanguage":"de-CH","potentialAction":[{"@type":"ReadAction","target":["https:\/\/positiveprints.com\/de-ch\/produkt\/fotocollage-mit-namen-und-buchstaben\/"]}]},{"@type":"ImageObject","inLanguage":"de-CH","@id":"https:\/\/positiveprints.com\/de-ch\/produkt\/fotocollage-mit-namen-und-buchstaben\/#primaryimage","url":"https:\/\/positiveprints.com\/wp-content\/uploads\/2026\/03\/Name_DE-Packshot.webp","contentUrl":"https:\/\/positiveprints.com\/wp-content\/uploads\/2026\/03\/Name_DE-Packshot.webp","width":1450,"height":1450},{"@type":"BreadcrumbList","@id":"https:\/\/positiveprints.com\/de-ch\/produkt\/fotocollage-mit-namen-und-buchstaben\/#breadcrumb","itemListElement":[{"@type":"ListItem","position":1,"name":"Home","item":"https:\/\/positiveprints.com\/de-ch\/"},{"@type":"ListItem","position":2,"name":"Produkte","item":"https:\/\/positiveprints.com\/de-ch\/shop\/"},{"@type":"ListItem","position":3,"name":"Fotocollage mit Namen und Buchstaben"}]},{"@type":"WebSite","@id":"https:\/\/positiveprints.com\/de-ch\/#website","url":"https:\/\/positiveprints.com\/de-ch\/","name":"Positive Prints","description":"Amazing Custom Personalized Gifts","publisher":{"@id":"https:\/\/positiveprints.com\/de-ch\/#organization"},"potentialAction":[{"@type":"SearchAction","target":{"@type":"EntryPoint","urlTemplate":"https:\/\/positiveprints.com\/de-ch\/?s={search_term_string}"},"query-input":{"@type":"PropertyValueSpecification","valueRequired":true,"valueName":"search_term_string"}}],"inLanguage":"de-CH"},{"@type":"Organization","@id":"https:\/\/positiveprints.com\/de-ch\/#organization","name":"Positive Prints","alternateName":"Positive Prints","url":"https:\/\/positiveprints.com\/de-ch\/","logo":{"@type":"ImageObject","inLanguage":"de-CH","@id":"https:\/\/positiveprints.com\/de-ch\/#\/schema\/logo\/image\/","url":"https:\/\/positiveprints.com\/wp-content\/uploads\/2026\/03\/245815646_1337939713319158_5671353136411139666_n.png","contentUrl":"https:\/\/positiveprints.com\/wp-content\/uploads\/2026\/03\/245815646_1337939713319158_5671353136411139666_n.png","width":800,"height":800,"caption":"Positive Prints"},"image":{"@id":"https:\/\/positiveprints.com\/de-ch\/#\/schema\/logo\/image\/"},"sameAs":["https:\/\/www.facebook.com\/positiveprintscom","https:\/\/www.instagram.com\/positiveprintscom\/","https:\/\/www.tiktok.com\/@positiveprintscom","https:\/\/www.pinterest.com\/positiveprintscom\/"]}]}},"jetpack_sharing_enabled":true,"_links":{"self":[{"href":"https:\/\/positiveprints.com\/de-ch\/wp-json\/wp\/v2\/product\/953476","targetHints":{"allow":["GET"]}}],"collection":[{"href":"https:\/\/positiveprints.com\/de-ch\/wp-json\/wp\/v2\/product"}],"about":[{"href":"https:\/\/positiveprints.com\/de-ch\/wp-json\/wp\/v2\/types\/product"}],"wp:featuredmedia":[{"embeddable":true,"href":"https:\/\/positiveprints.com\/de-ch\/wp-json\/wp\/v2\/media\/1679274"}],"wp:attachment":[{"href":"https:\/\/positiveprints.com\/de-ch\/wp-json\/wp\/v2\/media?parent=953476"}],"wp:term":[{"taxonomy":"product_brand","embeddable":true,"href":"https:\/\/positiveprints.com\/de-ch\/wp-json\/wp\/v2\/product_brand?post=953476"},{"taxonomy":"product_cat","embeddable":true,"href":"https:\/\/positiveprints.com\/de-ch\/wp-json\/wp\/v2\/product_cat?post=953476"},{"taxonomy":"product_tag","embeddable":true,"href":"https:\/\/positiveprints.com\/de-ch\/wp-json\/wp\/v2\/product_tag?post=953476"}],"curies":[{"name":"wp","href":"https:\/\/api.w.org\/{rel}","templated":true}]}}