{"id":639957,"date":"2021-07-31T20:22:49","date_gmt":"2021-07-31T19:22:49","guid":{"rendered":"https:\/\/positiveprints.com\/product\/unser-erster-kuss-karte\/"},"modified":"2026-04-03T03:55:34","modified_gmt":"2026-04-03T02:55:34","slug":"unser-erster-kuss-karte","status":"publish","type":"product","link":"https:\/\/positiveprints.com\/de-ch\/produkt\/unser-erster-kuss-karte\/","title":{"rendered":"\u201eUnser erster Kuss\u201c-Karte"},"content":{"rendered":"<p>Dein erster Kuss war einer von vielen weiteren. Auch wenn ihr inzwischen vielleicht den \u00dcberblick verloren habt, macht es Spa\u00df, auf den einen Kuss zur\u00fcckzublicken, mit dem alles begann. Feiere die Liebe mit einer \u201eUnser erster Kuss\u201c-Karte von Positive Prints.<\/p>\r\n\r\n\r\n\r\n<h2 class=\"grenB f24 cblue\" style=\"margin-top: 3rem\">Was ist eine \u201eUnser erster Kuss\u201c-Karte?<\/h2>\r\n\r\n\r\n\r\n<p style=\"margin-top: 1rem\">Der erste Kuss eines Paares ist magisch. Es ist der Moment, in dem ihr eure Beziehung auf ein neues Niveau bringt und diese besondere Verbindung zueinander sp\u00fcrt, die vielleicht ein Leben lang anh\u00e4lt. Eine Karte \u201eUnser erster Kuss\u201c ist eine Momentaufnahme dieser besonderen Zeit in deinem Leben und zeigt den genauen Ort an, an dem ihr euren ersten Kuss geteilt haben. Wir verwandeln diese Karte in ein individuelles Kunstwerk, das ihr in eurem Zuhause ausstellen k\u00f6nnt und das immer an dieses Kapitel eurer Beziehung erinnert.<\/p>\r\n\r\n\r\n\r\n<h2 class=\"grenB f24 cblue\" style=\"margin-top: 3rem\">Geschenkideen f\u00fcr eine \u201eUnser erster Kuss\u201c-Karte<\/h2>\r\n\r\n\r\n\r\n<p style=\"margin-top: 1rem\">Es ist etwas Au\u00dfergew\u00f6hnliches und \u00dcberraschendes, eine individuelle Karte zu verschenken und zu erhalten. Es ist etwas, womit dein geliebter Mensch vermutlich nicht gerechnet hat. Es ist ein Geschenk, das man nicht einfach von der Stange kaufen kann. Um deine Ideen in eine Illustration umzusetzen, sind besondere \u00dcberlegungen und Aufmerksamkeit erforderlich.<\/p>\r\n\r\n\r\n\r\n<p style=\"margin-top: 1rem\">Wenn du auf der Suche nach einem einzigartigen Geschenk zum Valentinstag, zum Jahrestag oder sogar zu Ihrem eigenen Hochzeitstag bist, \u00fcberrasche deine Liebsten mit einer Karte, die speziell f\u00fcr sie angefertigt wurde.<\/p>\r\n\r\n\r\n\r\n<p style=\"margin-top: 1rem\">Bei Positive Prints haben wir die harte Arbeit f\u00fcr dich erledigt. Das Design ist gr\u00f6\u00dftenteils fertig, aber es fehlt die pers\u00f6nliche Note! Gebe die Details wie den Ort eures ersten Kusses ein und wir k\u00fcmmern uns um den Rest! F\u00fcge Zitate, Liedtexte, Spr\u00fcche oder andere besondere Gef\u00fchle hinzu, um dein Geschenk noch einzigartiger zu machen.<\/p>\r\n\r\n\r\n\r\n<h2 class=\"grenB f24 cblue\" style=\"margin-top: 3rem\">Individualisiere deine Karte mit Positive Prints<\/h2>\r\n\r\n\r\n\r\n<p style=\"margin-top: 1rem\">Positive Prints bietet dir mehrere M\u00f6glichkeiten, deine \u201eUnser erster Kuss\u201c-Karte individuell anzupassen und sie wirklich einzigartig zu machen. W\u00e4hle zun\u00e4chst eines unserer voreingestellten Kartendesigns und Farbschemata aus. Probiere die verschiedenen Optionen aus und beobachte, wie deine \u00c4nderungen zum Leben erweckt werden!<\/p>\r\n\r\n\r\n\r\n<p style=\"margin-top: 1rem\">Du kannst zus\u00e4tzliche Anpassungen vornehmen, indem du den Ort eures ersten Kusses mit deinem Partner ausw\u00e4hlt. F\u00fcge eine einzigartige Nachricht hinzu, die deine Karte zum Leben erweckt: ein besonderes Datum, den Namen des Ortes, ein Zitat aus einem Gedicht oder Lied oder etwas, das ihr euch sagt.<\/p>\r\n\r\n\r\n\r\n<p style=\"margin-top: 1rem\">Gerne drucken wir deine Karte in unseren Druckereien aus und versenden sie an jeden Ort der Welt. F\u00fcr eine schnellere Verf\u00fcgbarkeit kannst du dich jedoch auch f\u00fcr einen digitalen Download entscheiden und die Karte an dir E-Mail-Posteingang senden lassen. Wir bieten auch Drucke auf Leinwand sowie gerahmte Poster an, sodass du noch mehr M\u00f6glichkeiten hast, dein Geschenk individuell zu gestalten!<\/p>\r\n\r\n\r\n\r\n<h2 class=\"grenB f24 cblue\" style=\"margin-top: 3rem\">Beginne damit, eine eurer wertvollsten Erinnerungen wiederherzustellen!<\/h2>\r\n\r\n\r\n\r\n<p style=\"margin-top: 1rem\">Euer erste Kuss war ein wichtiger Schritt in eurer Beziehung. Verwandele diese Erinnerung in eine Erinnerung, die ein Leben lang oder l\u00e4nger anh\u00e4lt. Beginne noch heute mit deinem Kartendruck von Positive Prints!<\/p>","protected":false},"excerpt":{"rendered":"<ul class=\"check-list\">\n<li>Markiere eine besondere Stelle mit einem ausgew\u00e4hlten Symbol<\/li>\n<li>Passe dein Kunstwerk in 3 einfachen Schritten an<\/li>\n<li>F\u00fcge einen aussagekr\u00e4ftigen personalisierten Text hinzu<\/li>\n<li>Sieh das Ergebnis sofort \u2013 die interaktive Vorschau erm\u00f6glicht dir, jedes Detail direkt anzupassen<\/li>\n<\/ul>\n","protected":false},"featured_media":1461504,"template":"","meta":[],"product_brand":[],"product_cat":[4905,8015,7695,7199],"product_tag":[9074],"class_list":{"0":"post-639957","1":"product","2":"type-product","3":"status-publish","4":"has-post-thumbnail","6":"product_cat-alle-produkte-de-ch","7":"product_cat-geschenke-fur-manner-de-ch","8":"product_cat-geschenke-fur-wichtige-frauen-in-deinem-leben-de-ch","9":"product_cat-map-de-ch","10":"product_tag-couples-de-ch-2","12":"first","13":"instock","14":"sale","15":"taxable","16":"shipping-taxable","17":"purchasable","18":"product-type-variable"},"yoast_head":"<!-- This site is optimized with the Yoast SEO Premium plugin v27.2 (Yoast SEO v27.2) - https:\/\/yoast.com\/product\/yoast-seo-premium-wordpress\/ -->\n<title>Unser erster Kuss-Karte - Positive Prints<\/title>\n<meta name=\"description\" content=\"Euer erste Kuss war ein wichtiger Schritt in eurer Beziehung. Verwandele diese Erinnerung in eine Erinnerung, die ein Leben lang oder l\u00e4nger anh\u00e4lt.\" \/>\n<meta name=\"robots\" content=\"index, follow, max-snippet:-1, max-image-preview:large, max-video-preview:-1\" \/>\n<link rel=\"canonical\" href=\"https:\/\/positiveprints.com\/de-ch\/produkt\/unser-erster-kuss-karte\/\" \/>\n<meta property=\"og:locale\" content=\"de_DE\" \/>\n<meta property=\"og:type\" content=\"article\" \/>\n<meta property=\"og:title\" content=\"\u201eUnser erster Kuss\u201c-Karte\" \/>\n<meta property=\"og:description\" content=\"Markiere eine besondere Stelle mit einem ausgew\u00e4hlten Symbol  Passe dein Kunstwerk in 3 einfachen Schritten an  F\u00fcge einen aussagekr\u00e4ftigen personalisierten Text hinzu  Sieh das Ergebnis sofort \u2013 die interaktive Vorschau erm\u00f6glicht dir, jedes Detail direkt anzupassen\" \/>\n<meta property=\"og:url\" content=\"https:\/\/positiveprints.com\/de-ch\/produkt\/unser-erster-kuss-karte\/\" \/>\n<meta property=\"og:site_name\" content=\"Positive Prints\" \/>\n<meta property=\"article:publisher\" content=\"https:\/\/www.facebook.com\/positiveprintscom\" \/>\n<meta property=\"article:modified_time\" content=\"2026-04-03T02:55:34+00:00\" \/>\n<meta property=\"og:image\" content=\"https:\/\/positiveprints.com\/wp-content\/uploads\/2025\/06\/Packshot_DE_\u201eUnser-erster-Kuss-Karte.webp\" \/>\n\t<meta property=\"og:image:width\" content=\"1450\" \/>\n\t<meta property=\"og:image:height\" content=\"1450\" \/>\n\t<meta property=\"og:image:type\" content=\"image\/webp\" \/>\n<meta name=\"twitter:card\" content=\"summary_large_image\" \/>\n<meta name=\"twitter:label1\" content=\"Gesch\u00e4tzte Lesezeit\" \/>\n\t<meta name=\"twitter:data1\" content=\"3\u00a0Minuten\" \/>\n<!-- \/ Yoast SEO Premium plugin. -->","yoast_head_json":{"title":"Unser erster Kuss-Karte - Positive Prints","description":"Euer erste Kuss war ein wichtiger Schritt in eurer Beziehung. Verwandele diese Erinnerung in eine Erinnerung, die ein Leben lang oder l\u00e4nger anh\u00e4lt.","robots":{"index":"index","follow":"follow","max-snippet":"max-snippet:-1","max-image-preview":"max-image-preview:large","max-video-preview":"max-video-preview:-1"},"canonical":"https:\/\/positiveprints.com\/de-ch\/produkt\/unser-erster-kuss-karte\/","og_locale":"de_DE","og_type":"article","og_title":"\u201eUnser erster Kuss\u201c-Karte","og_description":"Markiere eine besondere Stelle mit einem ausgew\u00e4hlten Symbol  Passe dein Kunstwerk in 3 einfachen Schritten an  F\u00fcge einen aussagekr\u00e4ftigen personalisierten Text hinzu  Sieh das Ergebnis sofort \u2013 die interaktive Vorschau erm\u00f6glicht dir, jedes Detail direkt anzupassen","og_url":"https:\/\/positiveprints.com\/de-ch\/produkt\/unser-erster-kuss-karte\/","og_site_name":"Positive Prints","article_publisher":"https:\/\/www.facebook.com\/positiveprintscom","article_modified_time":"2026-04-03T02:55:34+00:00","og_image":[{"width":1450,"height":1450,"url":"https:\/\/positiveprints.com\/wp-content\/uploads\/2025\/06\/Packshot_DE_\u201eUnser-erster-Kuss-Karte.webp","type":"image\/webp"}],"twitter_card":"summary_large_image","twitter_misc":{"Gesch\u00e4tzte Lesezeit":"3\u00a0Minuten"},"schema":{"@context":"https:\/\/schema.org","@graph":[{"@type":["WebPage","ItemPage"],"@id":"https:\/\/positiveprints.com\/de-ch\/produkt\/unser-erster-kuss-karte\/","url":"https:\/\/positiveprints.com\/de-ch\/produkt\/unser-erster-kuss-karte\/","name":"Unser erster Kuss-Karte - Positive Prints","isPartOf":{"@id":"https:\/\/positiveprints.com\/de-ch\/#website"},"primaryImageOfPage":{"@id":"https:\/\/positiveprints.com\/de-ch\/produkt\/unser-erster-kuss-karte\/#primaryimage"},"image":{"@id":"https:\/\/positiveprints.com\/de-ch\/produkt\/unser-erster-kuss-karte\/#primaryimage"},"thumbnailUrl":"https:\/\/positiveprints.com\/wp-content\/uploads\/2025\/06\/Packshot_DE_\u201eUnser-erster-Kuss-Karte.webp","datePublished":"2021-07-31T19:22:49+00:00","dateModified":"2026-04-03T02:55:34+00:00","description":"Euer erste Kuss war ein wichtiger Schritt in eurer Beziehung. Verwandele diese Erinnerung in eine Erinnerung, die ein Leben lang oder l\u00e4nger anh\u00e4lt.","breadcrumb":{"@id":"https:\/\/positiveprints.com\/de-ch\/produkt\/unser-erster-kuss-karte\/#breadcrumb"},"inLanguage":"de-CH","potentialAction":[{"@type":"ReadAction","target":["https:\/\/positiveprints.com\/de-ch\/produkt\/unser-erster-kuss-karte\/"]}]},{"@type":"ImageObject","inLanguage":"de-CH","@id":"https:\/\/positiveprints.com\/de-ch\/produkt\/unser-erster-kuss-karte\/#primaryimage","url":"https:\/\/positiveprints.com\/wp-content\/uploads\/2025\/06\/Packshot_DE_\u201eUnser-erster-Kuss-Karte.webp","contentUrl":"https:\/\/positiveprints.com\/wp-content\/uploads\/2025\/06\/Packshot_DE_\u201eUnser-erster-Kuss-Karte.webp","width":1450,"height":1450},{"@type":"BreadcrumbList","@id":"https:\/\/positiveprints.com\/de-ch\/produkt\/unser-erster-kuss-karte\/#breadcrumb","itemListElement":[{"@type":"ListItem","position":1,"name":"Home","item":"https:\/\/positiveprints.com\/de-ch\/"},{"@type":"ListItem","position":2,"name":"Produkte","item":"https:\/\/positiveprints.com\/de-ch\/shop\/"},{"@type":"ListItem","position":3,"name":"\u201eUnser erster Kuss\u201c-Karte"}]},{"@type":"WebSite","@id":"https:\/\/positiveprints.com\/de-ch\/#website","url":"https:\/\/positiveprints.com\/de-ch\/","name":"Positive Prints","description":"Amazing Custom Personalized Gifts","publisher":{"@id":"https:\/\/positiveprints.com\/de-ch\/#organization"},"potentialAction":[{"@type":"SearchAction","target":{"@type":"EntryPoint","urlTemplate":"https:\/\/positiveprints.com\/de-ch\/?s={search_term_string}"},"query-input":{"@type":"PropertyValueSpecification","valueRequired":true,"valueName":"search_term_string"}}],"inLanguage":"de-CH"},{"@type":"Organization","@id":"https:\/\/positiveprints.com\/de-ch\/#organization","name":"Positive Prints","alternateName":"Positive Prints","url":"https:\/\/positiveprints.com\/de-ch\/","logo":{"@type":"ImageObject","inLanguage":"de-CH","@id":"https:\/\/positiveprints.com\/de-ch\/#\/schema\/logo\/image\/","url":"https:\/\/positiveprints.com\/wp-content\/uploads\/2026\/03\/245815646_1337939713319158_5671353136411139666_n.png","contentUrl":"https:\/\/positiveprints.com\/wp-content\/uploads\/2026\/03\/245815646_1337939713319158_5671353136411139666_n.png","width":800,"height":800,"caption":"Positive Prints"},"image":{"@id":"https:\/\/positiveprints.com\/de-ch\/#\/schema\/logo\/image\/"},"sameAs":["https:\/\/www.facebook.com\/positiveprintscom","https:\/\/www.instagram.com\/positiveprintscom\/","https:\/\/www.tiktok.com\/@positiveprintscom","https:\/\/www.pinterest.com\/positiveprintscom\/"]}]}},"jetpack_sharing_enabled":true,"_links":{"self":[{"href":"https:\/\/positiveprints.com\/de-ch\/wp-json\/wp\/v2\/product\/639957","targetHints":{"allow":["GET"]}}],"collection":[{"href":"https:\/\/positiveprints.com\/de-ch\/wp-json\/wp\/v2\/product"}],"about":[{"href":"https:\/\/positiveprints.com\/de-ch\/wp-json\/wp\/v2\/types\/product"}],"wp:featuredmedia":[{"embeddable":true,"href":"https:\/\/positiveprints.com\/de-ch\/wp-json\/wp\/v2\/media\/1461504"}],"wp:attachment":[{"href":"https:\/\/positiveprints.com\/de-ch\/wp-json\/wp\/v2\/media?parent=639957"}],"wp:term":[{"taxonomy":"product_brand","embeddable":true,"href":"https:\/\/positiveprints.com\/de-ch\/wp-json\/wp\/v2\/product_brand?post=639957"},{"taxonomy":"product_cat","embeddable":true,"href":"https:\/\/positiveprints.com\/de-ch\/wp-json\/wp\/v2\/product_cat?post=639957"},{"taxonomy":"product_tag","embeddable":true,"href":"https:\/\/positiveprints.com\/de-ch\/wp-json\/wp\/v2\/product_tag?post=639957"}],"curies":[{"name":"wp","href":"https:\/\/api.w.org\/{rel}","templated":true}]}}