{"id":639933,"date":"2021-08-13T10:12:42","date_gmt":"2021-08-13T09:12:42","guid":{"rendered":"https:\/\/positiveprints.com\/product\/unser-erstes-date-karte\/"},"modified":"2026-04-18T08:23:05","modified_gmt":"2026-04-18T07:23:05","slug":"unser-erstes-date-karte","status":"publish","type":"product","link":"https:\/\/positiveprints.com\/de-ch\/produkt\/unser-erstes-date-karte\/","title":{"rendered":"\u201eUnser erstes Date\u201c Karte"},"content":{"rendered":"<p>Jede Liebesgeschichte beginnt mit einem ersten Date. Es k\u00f6nnte sich um eine geplante Verlobung oder einen inoffiziellen Ausflug handeln. Ganz gleich, wie es passiert ist, mit der Karte \u201eUnser erstes Date\u201c kannst du auf den Ort zur\u00fcckblicken, an dem alles begann.<\/p>\r\n<h2 class=\"grenB f24 cblue\" style=\"margin-top: 3rem\">Was ist eigentlich eine Karte \u201eUnser erstes Date\u201c?<\/h2>\r\n<p style=\"margin-top: 1rem\">Jeder Schritt, den du und dein Partner jemals im Leben gemacht habt, hat dazu gef\u00fchrt, dass ihr einander gefunden habt. Eine Karte \u201eUnser erstes Date\u201c zeigt eine Momentaufnahme eurer Reise und den Moment, in dem ihr diese gemeinsame Reise begonnen habt.<\/p>\r\n<p style=\"margin-top: 1rem\">Vielleicht hat euch ja ein Freund einander vorgestellt oder ihr habt euch bei einem Spaziergang im Park kennengelernt. Oder vielleicht hat das Schicksal die Sache selbst in die Hand genommen und euch beide zur richtigen Zeit f\u00fcr ein zuf\u00e4lliges Treffen am richtigen Ort platziert. Du kannst diesen Moment mit einem wundersch\u00f6nen Kunstwerk in euren Erinnerungen festhalten.<\/p>\r\n<h2 class=\"grenB f24 cblue\" style=\"margin-top: 3rem\">Geschenkideen f\u00fcr Verlobungen und Hochzeiten<\/h2>\r\n<p style=\"margin-top: 1rem\">Eine Karte \u201eUnser erstes Date\u201c ist eines unserer beliebtesten Jubil\u00e4umsgeschenke. Es zeigt eine Karte des Ortes deiner Wahl mit einer einfachen Herzform \u00fcber genau die Stelle, an der ihr euer erstes Date erlebt habt. Viele unserer Kunden bei Positive Prints entscheiden sich daf\u00fcr, ihrem Ehepartner oder zuk\u00fcnftigen Ehepartner an seinem Hochzeitstag, Jubil\u00e4um oder einer Verlobungsfeier eine Karte \u201eUnser erstes Date\u201c zu schenken. Es ist eine so sch\u00f6ne Art, auf eine der ersten gemeinsamen Erinnerungen zur\u00fcckzublicken.<\/p>\r\n<p style=\"margin-top: 1rem\">Um den Kartenentwurf zu vervollst\u00e4ndigen, f\u00fcge eine benutzerdefinierte Nachricht hinzu, die diesen Moment zum Leben erweckt. Dabei kann es sich um das Datum und die Uhrzeit eures ersten Dates, euren ersten Kinobesuch oder Konzertgang oder sogar um ein Zitat oder einen Liedtext von der Veranstaltung handeln. Die M\u00f6glichkeiten sind endlos!<\/p>\r\n<h2 class=\"grenB f24 cblue\" style=\"margin-top: 3rem\">So passt du deine Karte an<\/h2>\r\n<p style=\"margin-top: 1rem\">Wenn du bereit bist, deinen Liebsten ein Kunstwerk zu schenken, das sie f\u00fcr immer in ihrem Herzen tragen werden, ist Positive Prints f\u00fcr dich da. Unser Kartenersteller nutzt modernste GPS-Technologie, um eine \u00e4u\u00dferst detaillierte und genaue Karte des Ortes zu erstellen, an dem ihr euch zum ersten Mal getroffen habt.<\/p>\r\n<p style=\"margin-top: 1rem\">Beginne mit der Auswahl deines Designs. Unsere benutzerdefinierten Karten sind in runder, quadratischer oder herzf\u00f6rmiger Form erh\u00e4ltlich, um das gew\u00fcnschte Erscheinungsbild zu erzielen. W\u00e4hle eines unserer vordefinierten Farbschemata oder erstelle einfach dein eigenes, passend zu deinem pers\u00f6nlichen Stil.<\/p>\r\n<p style=\"margin-top: 1rem\">Passe deine Karte noch weiter an, indem du den Ort eures ersten Dates ausw\u00e4hlst und eine herzf\u00f6rmige Stecknadel platzierst. F\u00fcge eine Nachricht hinzu, um die Aussagekraft deiner Karte zu erh\u00f6hen.<\/p>\r\n<p style=\"margin-top: 1rem\">Zu guter Letzt kannst du aus einer Vielzahl von M\u00f6glichkeiten w\u00e4hlen, dein erstes Datumskartengeschenk zu erhalten: gedruckter Ausdruck, digitaler Download, Druck auf Leinwand oder ein gerahmtes Poster.<\/p>\r\n<h2 class=\"grenB f24 cblue\" style=\"margin-top: 3rem\">Denke immer an den Ort eures ersten Dates<\/h2>\r\n<p style=\"margin-top: 1rem\">Schaue voller Freude auf dein erstes Date zur\u00fcck. Beginne noch heute mit der Erstellung deines individuellen Kartengeschenks \u201eUnser erstes Date\u201c!<\/p>","protected":false},"excerpt":{"rendered":"<ul class=\"check-list\">\n<li>Markiere eine besondere Stelle mit einem ausgew\u00e4hlten Symbol<\/li>\n<li>Passe dein Kunstwerk in 3 einfachen Schritten an<\/li>\n<li>F\u00fcge einen aussagekr\u00e4ftigen personalisierten Text hinzu<\/li>\n<li>Sieh das Ergebnis sofort \u2013 die interaktive Vorschau erm\u00f6glicht dir, jedes Detail direkt anzupassen<\/li>\n<\/ul>\n","protected":false},"featured_media":1213679,"template":"","meta":[],"product_brand":[],"product_cat":[7199],"product_tag":[14821],"class_list":{"0":"post-639933","1":"product","2":"type-product","3":"status-publish","4":"has-post-thumbnail","6":"product_cat-map-de-ch","7":"product_tag-anniversary-de-ch","9":"first","10":"instock","11":"sale","12":"taxable","13":"shipping-taxable","14":"purchasable","15":"product-type-variable"},"yoast_head":"<!-- This site is optimized with the Yoast SEO Premium plugin v27.2 (Yoast SEO v27.2) - https:\/\/yoast.com\/product\/yoast-seo-premium-wordpress\/ -->\n<title>Plakat &quot;Unser erstes Date&quot; \u2013 Geschenk zum ersten Date \u2013 Positive Prints<\/title>\n<meta name=\"description\" content=\"Wo war euer erstes Date mit deinem Lieblingsmenschen? Halte diese Erinnerung mit einer \u201eUnser erstes Date\u201c-Karte fest \u2013 das perfekte Geschenk zum Jahrestag.\" \/>\n<meta name=\"robots\" content=\"index, follow, max-snippet:-1, max-image-preview:large, max-video-preview:-1\" \/>\n<link rel=\"canonical\" href=\"https:\/\/positiveprints.com\/de-ch\/produkt\/unser-erstes-date-karte\/\" \/>\n<meta property=\"og:locale\" content=\"de_DE\" \/>\n<meta property=\"og:type\" content=\"article\" \/>\n<meta property=\"og:title\" content=\"\u201eUnser erstes Date\u201c Karte\" \/>\n<meta property=\"og:description\" content=\"Markiere eine besondere Stelle mit einem ausgew\u00e4hlten Symbol  Passe dein Kunstwerk in 3 einfachen Schritten an  F\u00fcge einen aussagekr\u00e4ftigen personalisierten Text hinzu  Sieh das Ergebnis sofort \u2013 die interaktive Vorschau erm\u00f6glicht dir, jedes Detail direkt anzupassen\" \/>\n<meta property=\"og:url\" content=\"https:\/\/positiveprints.com\/de-ch\/produkt\/unser-erstes-date-karte\/\" \/>\n<meta property=\"og:site_name\" content=\"Positive Prints\" \/>\n<meta property=\"article:publisher\" content=\"https:\/\/www.facebook.com\/positiveprintscom\" \/>\n<meta property=\"article:modified_time\" content=\"2026-04-18T07:23:05+00:00\" \/>\n<meta property=\"og:image\" content=\"https:\/\/positiveprints.com\/wp-content\/uploads\/2024\/10\/Packshot_DE_our-first-date-map-product-image.webp\" \/>\n\t<meta property=\"og:image:width\" content=\"1450\" \/>\n\t<meta property=\"og:image:height\" content=\"1450\" \/>\n\t<meta property=\"og:image:type\" content=\"image\/webp\" \/>\n<meta name=\"twitter:card\" content=\"summary_large_image\" \/>\n<meta name=\"twitter:label1\" content=\"Gesch\u00e4tzte Lesezeit\" \/>\n\t<meta name=\"twitter:data1\" content=\"3\u00a0Minuten\" \/>\n<!-- \/ Yoast SEO Premium plugin. -->","yoast_head_json":{"title":"Plakat \"Unser erstes Date\" \u2013 Geschenk zum ersten Date \u2013 Positive Prints","description":"Wo war euer erstes Date mit deinem Lieblingsmenschen? Halte diese Erinnerung mit einer \u201eUnser erstes Date\u201c-Karte fest \u2013 das perfekte Geschenk zum Jahrestag.","robots":{"index":"index","follow":"follow","max-snippet":"max-snippet:-1","max-image-preview":"max-image-preview:large","max-video-preview":"max-video-preview:-1"},"canonical":"https:\/\/positiveprints.com\/de-ch\/produkt\/unser-erstes-date-karte\/","og_locale":"de_DE","og_type":"article","og_title":"\u201eUnser erstes Date\u201c Karte","og_description":"Markiere eine besondere Stelle mit einem ausgew\u00e4hlten Symbol  Passe dein Kunstwerk in 3 einfachen Schritten an  F\u00fcge einen aussagekr\u00e4ftigen personalisierten Text hinzu  Sieh das Ergebnis sofort \u2013 die interaktive Vorschau erm\u00f6glicht dir, jedes Detail direkt anzupassen","og_url":"https:\/\/positiveprints.com\/de-ch\/produkt\/unser-erstes-date-karte\/","og_site_name":"Positive Prints","article_publisher":"https:\/\/www.facebook.com\/positiveprintscom","article_modified_time":"2026-04-18T07:23:05+00:00","og_image":[{"width":1450,"height":1450,"url":"https:\/\/positiveprints.com\/wp-content\/uploads\/2024\/10\/Packshot_DE_our-first-date-map-product-image.webp","type":"image\/webp"}],"twitter_card":"summary_large_image","twitter_misc":{"Gesch\u00e4tzte Lesezeit":"3\u00a0Minuten"},"schema":{"@context":"https:\/\/schema.org","@graph":[{"@type":["WebPage","ItemPage"],"@id":"https:\/\/positiveprints.com\/de-ch\/produkt\/unser-erstes-date-karte\/","url":"https:\/\/positiveprints.com\/de-ch\/produkt\/unser-erstes-date-karte\/","name":"Plakat \"Unser erstes Date\" \u2013 Geschenk zum ersten Date \u2013 Positive Prints","isPartOf":{"@id":"https:\/\/positiveprints.com\/de-ch\/#website"},"primaryImageOfPage":{"@id":"https:\/\/positiveprints.com\/de-ch\/produkt\/unser-erstes-date-karte\/#primaryimage"},"image":{"@id":"https:\/\/positiveprints.com\/de-ch\/produkt\/unser-erstes-date-karte\/#primaryimage"},"thumbnailUrl":"https:\/\/positiveprints.com\/wp-content\/uploads\/2024\/10\/Packshot_DE_our-first-date-map-product-image.webp","datePublished":"2021-08-13T09:12:42+00:00","dateModified":"2026-04-18T07:23:05+00:00","description":"Wo war euer erstes Date mit deinem Lieblingsmenschen? Halte diese Erinnerung mit einer \u201eUnser erstes Date\u201c-Karte fest \u2013 das perfekte Geschenk zum Jahrestag.","breadcrumb":{"@id":"https:\/\/positiveprints.com\/de-ch\/produkt\/unser-erstes-date-karte\/#breadcrumb"},"inLanguage":"de-CH","potentialAction":[{"@type":"ReadAction","target":["https:\/\/positiveprints.com\/de-ch\/produkt\/unser-erstes-date-karte\/"]}]},{"@type":"ImageObject","inLanguage":"de-CH","@id":"https:\/\/positiveprints.com\/de-ch\/produkt\/unser-erstes-date-karte\/#primaryimage","url":"https:\/\/positiveprints.com\/wp-content\/uploads\/2024\/10\/Packshot_DE_our-first-date-map-product-image.webp","contentUrl":"https:\/\/positiveprints.com\/wp-content\/uploads\/2024\/10\/Packshot_DE_our-first-date-map-product-image.webp","width":1450,"height":1450},{"@type":"BreadcrumbList","@id":"https:\/\/positiveprints.com\/de-ch\/produkt\/unser-erstes-date-karte\/#breadcrumb","itemListElement":[{"@type":"ListItem","position":1,"name":"Home","item":"https:\/\/positiveprints.com\/de-ch\/"},{"@type":"ListItem","position":2,"name":"Produkte","item":"https:\/\/positiveprints.com\/de-ch\/shop\/"},{"@type":"ListItem","position":3,"name":"\u201eUnser erstes Date\u201c Karte"}]},{"@type":"WebSite","@id":"https:\/\/positiveprints.com\/de-ch\/#website","url":"https:\/\/positiveprints.com\/de-ch\/","name":"Positive Prints","description":"Amazing Custom Personalized Gifts","publisher":{"@id":"https:\/\/positiveprints.com\/de-ch\/#organization"},"potentialAction":[{"@type":"SearchAction","target":{"@type":"EntryPoint","urlTemplate":"https:\/\/positiveprints.com\/de-ch\/?s={search_term_string}"},"query-input":{"@type":"PropertyValueSpecification","valueRequired":true,"valueName":"search_term_string"}}],"inLanguage":"de-CH"},{"@type":"Organization","@id":"https:\/\/positiveprints.com\/de-ch\/#organization","name":"Positive Prints","alternateName":"Positive Prints","url":"https:\/\/positiveprints.com\/de-ch\/","logo":{"@type":"ImageObject","inLanguage":"de-CH","@id":"https:\/\/positiveprints.com\/de-ch\/#\/schema\/logo\/image\/","url":"https:\/\/positiveprints.com\/wp-content\/uploads\/2026\/03\/245815646_1337939713319158_5671353136411139666_n.png","contentUrl":"https:\/\/positiveprints.com\/wp-content\/uploads\/2026\/03\/245815646_1337939713319158_5671353136411139666_n.png","width":800,"height":800,"caption":"Positive Prints"},"image":{"@id":"https:\/\/positiveprints.com\/de-ch\/#\/schema\/logo\/image\/"},"sameAs":["https:\/\/www.facebook.com\/positiveprintscom","https:\/\/www.instagram.com\/positiveprintscom\/","https:\/\/www.tiktok.com\/@positiveprintscom","https:\/\/www.pinterest.com\/positiveprintscom\/"]}]}},"jetpack_sharing_enabled":true,"_links":{"self":[{"href":"https:\/\/positiveprints.com\/de-ch\/wp-json\/wp\/v2\/product\/639933","targetHints":{"allow":["GET"]}}],"collection":[{"href":"https:\/\/positiveprints.com\/de-ch\/wp-json\/wp\/v2\/product"}],"about":[{"href":"https:\/\/positiveprints.com\/de-ch\/wp-json\/wp\/v2\/types\/product"}],"wp:featuredmedia":[{"embeddable":true,"href":"https:\/\/positiveprints.com\/de-ch\/wp-json\/wp\/v2\/media\/1213679"}],"wp:attachment":[{"href":"https:\/\/positiveprints.com\/de-ch\/wp-json\/wp\/v2\/media?parent=639933"}],"wp:term":[{"taxonomy":"product_brand","embeddable":true,"href":"https:\/\/positiveprints.com\/de-ch\/wp-json\/wp\/v2\/product_brand?post=639933"},{"taxonomy":"product_cat","embeddable":true,"href":"https:\/\/positiveprints.com\/de-ch\/wp-json\/wp\/v2\/product_cat?post=639933"},{"taxonomy":"product_tag","embeddable":true,"href":"https:\/\/positiveprints.com\/de-ch\/wp-json\/wp\/v2\/product_tag?post=639933"}],"curies":[{"name":"wp","href":"https:\/\/api.w.org\/{rel}","templated":true}]}}