{"id":614053,"date":"2023-04-24T12:10:41","date_gmt":"2023-04-24T11:10:41","guid":{"rendered":"https:\/\/positiveprints.com\/product\/verliebt-verlobt-verheiratet-eure-sternenkarte\/"},"modified":"2026-04-12T22:24:30","modified_gmt":"2026-04-12T21:24:30","slug":"verliebt-verlobt-verheiratet-eure-sternenkarte","status":"publish","type":"product","link":"https:\/\/positiveprints.com\/de-ch\/produkt\/verliebt-verlobt-verheiratet-eure-sternenkarte\/","title":{"rendered":"\u201cVerliebt, verlobt, verheiratet\u201d &#8211; eure Sternenkarte"},"content":{"rendered":"<p style=\"margin-top: 1rem\">Suchst du nach dem perfekten Hochzeitsgeschenk, das eure Liebesgeschichte in einem wundersch\u00f6nen Druck festh\u00e4lt? Die \u201cVerliebt, verlobt, verheiratet\u201d-Sternkarte ist das perfekte personalisierte Andenken, um eure Liebe zu feiern.<\/p>\r\n\r\n\r\n<p style=\"margin-top: 1rem\">Dieser besondere Druck zeigt drei individuelle Sternenkarten, die drei magische Momente in eurem Leben als Paar festhalten. Die erste Sternenkarte zeigt den Moment, in dem ihr euch getroffen oder bereits verliebt habt. Die zweite Karte zeigt die Himmelsansicht vom Tag eurer Verlobung &#8211; mit den Worten \u201everlobt\u201c darunter. Und schlie\u00dflich zeigt die dritte Sternenkarte die funkelnden Sterne eurer Hochzeitsnacht &#8211; das Wort \u201everheiratet\u201c rundet dein Kunstwerk ab.<\/p>\r\n\r\n\r\n<p style=\"margin-top: 1rem\">Das Erstellen eurer \u201cVerliebt, verlobt, verheiratet\u201d-Sternkarte ist ganz einfach! W\u00e4hle mit unserem Online-Kreator dein Lieblingsdesign und deine Lieblingsfarbe. Du kannst sogar kreisf\u00f6rmige oder herzf\u00f6rmige Karten w\u00e4hlen. Auch die Farben kannst du nach deinen W\u00fcnschen anpassen. Gebe einfach die Daten und Orte f\u00fcr jede der drei benutzerdefinierten Sternenkarten ein. Dann siehst du, wie dein individuelles Kunstwerk bei jedem Schritt aussieht. Wenn du mit dem Design zufrieden bist, w\u00e4hle das bevorzugte Format und die bevorzugte Gr\u00f6\u00dfe deines Kunstwerks aus. Ob es sich um ein gedrucktes oder gerahmtes Poster, eine Leinwand oder eine Datei zum sofortigen digitalen Download handelt, wir haben die perfekte Option f\u00fcr deine Bed\u00fcrfnisse.<\/p>\r\n\r\n\r\n<p style=\"margin-top: 1rem\">Bestelle noch heute deine \u201cVerliebt, verlobt, verheiratet\u201d-Sternkarte. Feiere eure Liebe mit einem sch\u00f6nen und sentimentalen Geschenk, an dem ihr ein Leben lang Freude haben werdet.<\/p>","protected":false},"excerpt":{"rendered":"<ul class=\"check-list\">\n<li>Entwerfe eigene Sternenkarte, die den Himmel von 3 verschiedenen Orten und Daten darstellt<\/li>\n<li>F\u00fcge Sternbilder und die Milchstra\u00dfe hinzu<\/li>\n<li>Passe es in 3 einfachen Schritten<\/li>\n<li>F\u00fcge einen aussagekr\u00e4ftigen personalisierten Text hinzu<\/li>\n<li>Sieh das Ergebnis sofort \u2013 die interaktive Vorschau erm\u00f6glicht dir, jedes Detail direkt anzupassen<\/li>\n<\/ul>\n","protected":false},"featured_media":1258027,"template":"","meta":[],"product_brand":[],"product_cat":[4905,7935,7648,5309,11168,11171,11165,5336,9104],"product_tag":[15516,8487],"class_list":{"0":"post-614053","1":"product","2":"type-product","3":"status-publish","4":"has-post-thumbnail","6":"product_cat-alle-produkte-de-ch","7":"product_cat-brautduschen-geschenke-de-ch","8":"product_cat-geschenke-fur-deinen-ehemann","9":"product_cat-hochzeitsgeschenke-de-ch","10":"product_cat-jahrestag-geschenk-fur-ihn-de-ch","11":"product_cat-jahrestag-geschenk-fur-paare-de-ch","12":"product_cat-jahrestag-geschenke-fur-sie-de-ch","13":"product_cat-jubilaumsgeschenke-de-ch","14":"product_cat-trio-stars-de-ch","15":"product_tag-unsere-liebesgeschichte","16":"product_tag-wedding-de-ch","18":"first","19":"instock","20":"sale","21":"taxable","22":"shipping-taxable","23":"purchasable","24":"product-type-variable"},"yoast_head":"<!-- This site is optimized with the Yoast SEO Premium plugin v27.2 (Yoast SEO v27.2) - https:\/\/yoast.com\/product\/yoast-seo-premium-wordpress\/ -->\n<title>Verliebt Verlobt Verheiratet Sternenkarte - Positive Prints<\/title>\n<meta name=\"description\" content=\"Bestelle noch heute eure \u201cVerliebt, verlobt, verheiratet\u201d-Sternkarte und feiere eure Liebe mit einem wundersch\u00f6nen und sentimentalen Geschenk, an dem ihr euch ein Leben lang Freude haben werdet.\" \/>\n<meta name=\"robots\" content=\"index, follow, max-snippet:-1, max-image-preview:large, max-video-preview:-1\" \/>\n<link rel=\"canonical\" href=\"https:\/\/positiveprints.com\/de-ch\/produkt\/verliebt-verlobt-verheiratet-eure-sternenkarte\/\" \/>\n<meta property=\"og:locale\" content=\"de_DE\" \/>\n<meta property=\"og:type\" content=\"article\" \/>\n<meta property=\"og:title\" content=\"\u201cVerliebt, verlobt, verheiratet\u201d - eure Sternenkarte\" \/>\n<meta property=\"og:description\" content=\"Entwerfe eigene Sternenkarte, die den Himmel von 3 verschiedenen Orten und Daten darstellt F\u00fcge Sternbilder und die Milchstra\u00dfe hinzu Passe es in 3 einfachen Schritten F\u00fcge einen aussagekr\u00e4ftigen personalisierten Text hinzu Sieh das Ergebnis sofort \u2013 die interaktive Vorschau erm\u00f6glicht dir, jedes Detail direkt anzupassen\" \/>\n<meta property=\"og:url\" content=\"https:\/\/positiveprints.com\/de-ch\/produkt\/verliebt-verlobt-verheiratet-eure-sternenkarte\/\" \/>\n<meta property=\"og:site_name\" content=\"Positive Prints\" \/>\n<meta property=\"article:publisher\" content=\"https:\/\/www.facebook.com\/positiveprintscom\" \/>\n<meta property=\"article:modified_time\" content=\"2026-04-12T21:24:30+00:00\" \/>\n<meta property=\"og:image\" content=\"https:\/\/positiveprints.com\/wp-content\/uploads\/2024\/11\/Packshot_DE_Met-Engaged-Married-Star-Map-product-image-.webp\" \/>\n\t<meta property=\"og:image:width\" content=\"1450\" \/>\n\t<meta property=\"og:image:height\" content=\"1450\" \/>\n\t<meta property=\"og:image:type\" content=\"image\/webp\" \/>\n<meta name=\"twitter:card\" content=\"summary_large_image\" \/>\n<meta name=\"twitter:label1\" content=\"Gesch\u00e4tzte Lesezeit\" \/>\n\t<meta name=\"twitter:data1\" content=\"1\u00a0Minute\" \/>\n<!-- \/ Yoast SEO Premium plugin. -->","yoast_head_json":{"title":"Verliebt Verlobt Verheiratet Sternenkarte - Positive Prints","description":"Bestelle noch heute eure \u201cVerliebt, verlobt, verheiratet\u201d-Sternkarte und feiere eure Liebe mit einem wundersch\u00f6nen und sentimentalen Geschenk, an dem ihr euch ein Leben lang Freude haben werdet.","robots":{"index":"index","follow":"follow","max-snippet":"max-snippet:-1","max-image-preview":"max-image-preview:large","max-video-preview":"max-video-preview:-1"},"canonical":"https:\/\/positiveprints.com\/de-ch\/produkt\/verliebt-verlobt-verheiratet-eure-sternenkarte\/","og_locale":"de_DE","og_type":"article","og_title":"\u201cVerliebt, verlobt, verheiratet\u201d - eure Sternenkarte","og_description":"Entwerfe eigene Sternenkarte, die den Himmel von 3 verschiedenen Orten und Daten darstellt F\u00fcge Sternbilder und die Milchstra\u00dfe hinzu Passe es in 3 einfachen Schritten F\u00fcge einen aussagekr\u00e4ftigen personalisierten Text hinzu Sieh das Ergebnis sofort \u2013 die interaktive Vorschau erm\u00f6glicht dir, jedes Detail direkt anzupassen","og_url":"https:\/\/positiveprints.com\/de-ch\/produkt\/verliebt-verlobt-verheiratet-eure-sternenkarte\/","og_site_name":"Positive Prints","article_publisher":"https:\/\/www.facebook.com\/positiveprintscom","article_modified_time":"2026-04-12T21:24:30+00:00","og_image":[{"width":1450,"height":1450,"url":"https:\/\/positiveprints.com\/wp-content\/uploads\/2024\/11\/Packshot_DE_Met-Engaged-Married-Star-Map-product-image-.webp","type":"image\/webp"}],"twitter_card":"summary_large_image","twitter_misc":{"Gesch\u00e4tzte Lesezeit":"1\u00a0Minute"},"schema":{"@context":"https:\/\/schema.org","@graph":[{"@type":["WebPage","ItemPage"],"@id":"https:\/\/positiveprints.com\/de-ch\/produkt\/verliebt-verlobt-verheiratet-eure-sternenkarte\/","url":"https:\/\/positiveprints.com\/de-ch\/produkt\/verliebt-verlobt-verheiratet-eure-sternenkarte\/","name":"Verliebt Verlobt Verheiratet Sternenkarte - Positive Prints","isPartOf":{"@id":"https:\/\/positiveprints.com\/de-ch\/#website"},"primaryImageOfPage":{"@id":"https:\/\/positiveprints.com\/de-ch\/produkt\/verliebt-verlobt-verheiratet-eure-sternenkarte\/#primaryimage"},"image":{"@id":"https:\/\/positiveprints.com\/de-ch\/produkt\/verliebt-verlobt-verheiratet-eure-sternenkarte\/#primaryimage"},"thumbnailUrl":"https:\/\/positiveprints.com\/wp-content\/uploads\/2024\/11\/Packshot_DE_Met-Engaged-Married-Star-Map-product-image-.webp","datePublished":"2023-04-24T11:10:41+00:00","dateModified":"2026-04-12T21:24:30+00:00","description":"Bestelle noch heute eure \u201cVerliebt, verlobt, verheiratet\u201d-Sternkarte und feiere eure Liebe mit einem wundersch\u00f6nen und sentimentalen Geschenk, an dem ihr euch ein Leben lang Freude haben werdet.","breadcrumb":{"@id":"https:\/\/positiveprints.com\/de-ch\/produkt\/verliebt-verlobt-verheiratet-eure-sternenkarte\/#breadcrumb"},"inLanguage":"de-CH","potentialAction":[{"@type":"ReadAction","target":["https:\/\/positiveprints.com\/de-ch\/produkt\/verliebt-verlobt-verheiratet-eure-sternenkarte\/"]}]},{"@type":"ImageObject","inLanguage":"de-CH","@id":"https:\/\/positiveprints.com\/de-ch\/produkt\/verliebt-verlobt-verheiratet-eure-sternenkarte\/#primaryimage","url":"https:\/\/positiveprints.com\/wp-content\/uploads\/2024\/11\/Packshot_DE_Met-Engaged-Married-Star-Map-product-image-.webp","contentUrl":"https:\/\/positiveprints.com\/wp-content\/uploads\/2024\/11\/Packshot_DE_Met-Engaged-Married-Star-Map-product-image-.webp","width":1450,"height":1450},{"@type":"BreadcrumbList","@id":"https:\/\/positiveprints.com\/de-ch\/produkt\/verliebt-verlobt-verheiratet-eure-sternenkarte\/#breadcrumb","itemListElement":[{"@type":"ListItem","position":1,"name":"Home","item":"https:\/\/positiveprints.com\/de-ch\/"},{"@type":"ListItem","position":2,"name":"Produkte","item":"https:\/\/positiveprints.com\/de-ch\/shop\/"},{"@type":"ListItem","position":3,"name":"\u201cVerliebt, verlobt, verheiratet\u201d &#8211; eure Sternenkarte"}]},{"@type":"WebSite","@id":"https:\/\/positiveprints.com\/de-ch\/#website","url":"https:\/\/positiveprints.com\/de-ch\/","name":"Positive Prints","description":"Amazing Custom Personalized Gifts","publisher":{"@id":"https:\/\/positiveprints.com\/de-ch\/#organization"},"potentialAction":[{"@type":"SearchAction","target":{"@type":"EntryPoint","urlTemplate":"https:\/\/positiveprints.com\/de-ch\/?s={search_term_string}"},"query-input":{"@type":"PropertyValueSpecification","valueRequired":true,"valueName":"search_term_string"}}],"inLanguage":"de-CH"},{"@type":"Organization","@id":"https:\/\/positiveprints.com\/de-ch\/#organization","name":"Positive Prints","alternateName":"Positive Prints","url":"https:\/\/positiveprints.com\/de-ch\/","logo":{"@type":"ImageObject","inLanguage":"de-CH","@id":"https:\/\/positiveprints.com\/de-ch\/#\/schema\/logo\/image\/","url":"https:\/\/positiveprints.com\/wp-content\/uploads\/2026\/03\/245815646_1337939713319158_5671353136411139666_n.png","contentUrl":"https:\/\/positiveprints.com\/wp-content\/uploads\/2026\/03\/245815646_1337939713319158_5671353136411139666_n.png","width":800,"height":800,"caption":"Positive Prints"},"image":{"@id":"https:\/\/positiveprints.com\/de-ch\/#\/schema\/logo\/image\/"},"sameAs":["https:\/\/www.facebook.com\/positiveprintscom","https:\/\/www.instagram.com\/positiveprintscom\/","https:\/\/www.tiktok.com\/@positiveprintscom","https:\/\/www.pinterest.com\/positiveprintscom\/"]}]}},"jetpack_sharing_enabled":true,"_links":{"self":[{"href":"https:\/\/positiveprints.com\/de-ch\/wp-json\/wp\/v2\/product\/614053","targetHints":{"allow":["GET"]}}],"collection":[{"href":"https:\/\/positiveprints.com\/de-ch\/wp-json\/wp\/v2\/product"}],"about":[{"href":"https:\/\/positiveprints.com\/de-ch\/wp-json\/wp\/v2\/types\/product"}],"wp:featuredmedia":[{"embeddable":true,"href":"https:\/\/positiveprints.com\/de-ch\/wp-json\/wp\/v2\/media\/1258027"}],"wp:attachment":[{"href":"https:\/\/positiveprints.com\/de-ch\/wp-json\/wp\/v2\/media?parent=614053"}],"wp:term":[{"taxonomy":"product_brand","embeddable":true,"href":"https:\/\/positiveprints.com\/de-ch\/wp-json\/wp\/v2\/product_brand?post=614053"},{"taxonomy":"product_cat","embeddable":true,"href":"https:\/\/positiveprints.com\/de-ch\/wp-json\/wp\/v2\/product_cat?post=614053"},{"taxonomy":"product_tag","embeddable":true,"href":"https:\/\/positiveprints.com\/de-ch\/wp-json\/wp\/v2\/product_tag?post=614053"}],"curies":[{"name":"wp","href":"https:\/\/api.w.org\/{rel}","templated":true}]}}