{"id":614044,"date":"2023-04-24T11:16:58","date_gmt":"2023-04-24T10:16:58","guid":{"rendered":"https:\/\/positiveprints.com\/product\/hallo-ja-ich-will-deine-sternenkarte\/"},"modified":"2026-04-28T14:21:21","modified_gmt":"2026-04-28T13:21:21","slug":"hallo-ja-ich-will-deine-sternenkarte","status":"publish","type":"product","link":"https:\/\/positiveprints.com\/de-ch\/produkt\/hallo-ja-ich-will-deine-sternenkarte\/","title":{"rendered":"\u201cHallo, ja, ich will\u201d &#8211; deine Sternenkarte"},"content":{"rendered":"<p style=\"margin-top: 1rem\">M\u00f6chtest du den Zauber eurer Liebesgeschichte in einem einzigen Druck festhalten? Begr\u00fc\u00dfe die Sternenkarte \u201eHallo, ja, ich will &#038; ich mache es!\u201c. Dieses personalisierte Jubil\u00e4umsgeschenk ist perfekt, um die Meilensteine eurer Beziehung zu feiern, egal ob es sich um euren Hochzeitstag, Valentinstag oder einen anderen besonderen Anlass handelt.<\/p>\r\n\r\n\r\n<p style=\"margin-top: 1rem\">Denke mit diesem einzigartigen Druck, der drei individuelle Sternenkarten zeigt, an die besonderen Momente in eurer Beziehung. Die erste Sternenkarte zeigt genau den Moment, in dem ihr euch kennengelernt habt, w\u00e4hrend die zweite den Tag eurer Verlobung mit den Worten \u201eJa, ich will\u201c zeigt. Und schlie\u00dflich zeigt die dritte Sternenkarte die Nacht eurer Hochzeit mit der \u00dcberschrift \u201eJa, ich mache es!\u201c.<\/p>\r\n\r\n\r\n<p style=\"margin-top: 1rem\">Das Erstellen eurer \u201eHallo, ja, ich will &#038; ich mache es!\u201c-Sternkarte ist ganz einfach! Gehe einfach zu unserem Online-Kreator, w\u00e4hle dein Lieblingsdesign und deine Lieblingsfarben und gebe die Daten und Orte f\u00fcr jede Sternenkarte ein. Du kannst zwischen kreisf\u00f6rmigen oder herzf\u00f6rmigen Karten w\u00e4hlen und sogar die Farben nach deinen W\u00fcnschen anpassen. Bei jeder Designentscheidung, die du treffen wirst, zeigt die Online-Vorschau genau, wie dein Kunstwerk aussehen wird. Und wenn du fertig bist, w\u00e4hle das Format und die Gr\u00f6\u00dfe, die am besten zu dir passt \u2013 egal, ob es sich um ein gedrucktes oder gerahmtes Poster, eine Leinwand oder eine Datei zum sofortigen digitalen Download handelt.<\/p>\r\n\r\n\r\n<p style=\"margin-top: 1rem\">Bestelle noch heute deine \u201eHallo, ja, ich will &#038; ich mache es!\u201c-Sternkarte und \u00fcberrasche deine Liebsten mit einem sentimentalen Geschenk, das sie f\u00fcr immer sch\u00e4tzen werden.<\/p>","protected":false},"excerpt":{"rendered":"<ul class=\"check-list\">\n<li>Entwerfe eigene Sternenkarte, die den Himmel von 3 verschiedenen Orten und Daten darstellt<\/li>\n<li>F\u00fcge Sternbilder und die Milchstra\u00dfe hinzu<\/li>\n<li>Passe es in 3 einfachen Schritten<\/li>\n<li>F\u00fcge einen aussagekr\u00e4ftigen personalisierten Text hinzu<\/li>\n<li>Sieh das Ergebnis sofort \u2013 die interaktive Vorschau erm\u00f6glicht dir, jedes Detail direkt anzupassen<\/li>\n<\/ul>\n","protected":false},"featured_media":1257476,"template":"","meta":[],"product_brand":[],"product_cat":[9104,4905],"product_tag":[14821,15516],"class_list":{"0":"post-614044","1":"product","2":"type-product","3":"status-publish","4":"has-post-thumbnail","6":"product_cat-trio-stars-de-ch","7":"product_cat-alle-produkte-de-ch","8":"product_tag-anniversary-de-ch","9":"product_tag-unsere-liebesgeschichte","11":"first","12":"instock","13":"sale","14":"taxable","15":"shipping-taxable","16":"purchasable","17":"product-type-variable"},"yoast_head":"<!-- This site is optimized with the Yoast SEO Premium plugin v27.2 (Yoast SEO v27.2) - https:\/\/yoast.com\/product\/yoast-seo-premium-wordpress\/ -->\n<title>\u201cHallo, ja, ich will\u201d - deine Sternenkarte - Positive Prints<\/title>\n<meta name=\"description\" content=\"Bestelle noch heute deine \u201eHallo, ja, ich will &amp; ich mache es!\u201c-Sternkarte und \u00fcberrasche deine Liebsten mit einem sentimentalen Geschenk, das sie f\u00fcr immer sch\u00e4tzen werden.\" \/>\n<meta name=\"robots\" content=\"index, follow, max-snippet:-1, max-image-preview:large, max-video-preview:-1\" \/>\n<link rel=\"canonical\" href=\"https:\/\/positiveprints.com\/de-ch\/produkt\/hallo-ja-ich-will-deine-sternenkarte\/\" \/>\n<meta property=\"og:locale\" content=\"de_DE\" \/>\n<meta property=\"og:type\" content=\"article\" \/>\n<meta property=\"og:title\" content=\"\u201cHallo, ja, ich will\u201d - deine Sternenkarte\" \/>\n<meta property=\"og:description\" content=\"Entwerfe eigene Sternenkarte, die den Himmel von 3 verschiedenen Orten und Daten darstellt F\u00fcge Sternbilder und die Milchstra\u00dfe hinzu Passe es in 3 einfachen Schritten F\u00fcge einen aussagekr\u00e4ftigen personalisierten Text hinzu Sieh das Ergebnis sofort \u2013 die interaktive Vorschau erm\u00f6glicht dir, jedes Detail direkt anzupassen\" \/>\n<meta property=\"og:url\" content=\"https:\/\/positiveprints.com\/de-ch\/produkt\/hallo-ja-ich-will-deine-sternenkarte\/\" \/>\n<meta property=\"og:site_name\" content=\"Positive Prints\" \/>\n<meta property=\"article:publisher\" content=\"https:\/\/www.facebook.com\/positiveprintscom\" \/>\n<meta property=\"article:modified_time\" content=\"2026-04-28T13:21:21+00:00\" \/>\n<meta property=\"og:image\" content=\"https:\/\/positiveprints.com\/wp-content\/uploads\/2024\/11\/Packshot_DE_Hello-Will-You-I-Do-Star-Map-product-image-.webp\" \/>\n\t<meta property=\"og:image:width\" content=\"1450\" \/>\n\t<meta property=\"og:image:height\" content=\"1450\" \/>\n\t<meta property=\"og:image:type\" content=\"image\/webp\" \/>\n<meta name=\"twitter:card\" content=\"summary_large_image\" \/>\n<!-- \/ Yoast SEO Premium plugin. -->","yoast_head_json":{"title":"\u201cHallo, ja, ich will\u201d - deine Sternenkarte - Positive Prints","description":"Bestelle noch heute deine \u201eHallo, ja, ich will & ich mache es!\u201c-Sternkarte und \u00fcberrasche deine Liebsten mit einem sentimentalen Geschenk, das sie f\u00fcr immer sch\u00e4tzen werden.","robots":{"index":"index","follow":"follow","max-snippet":"max-snippet:-1","max-image-preview":"max-image-preview:large","max-video-preview":"max-video-preview:-1"},"canonical":"https:\/\/positiveprints.com\/de-ch\/produkt\/hallo-ja-ich-will-deine-sternenkarte\/","og_locale":"de_DE","og_type":"article","og_title":"\u201cHallo, ja, ich will\u201d - deine Sternenkarte","og_description":"Entwerfe eigene Sternenkarte, die den Himmel von 3 verschiedenen Orten und Daten darstellt F\u00fcge Sternbilder und die Milchstra\u00dfe hinzu Passe es in 3 einfachen Schritten F\u00fcge einen aussagekr\u00e4ftigen personalisierten Text hinzu Sieh das Ergebnis sofort \u2013 die interaktive Vorschau erm\u00f6glicht dir, jedes Detail direkt anzupassen","og_url":"https:\/\/positiveprints.com\/de-ch\/produkt\/hallo-ja-ich-will-deine-sternenkarte\/","og_site_name":"Positive Prints","article_publisher":"https:\/\/www.facebook.com\/positiveprintscom","article_modified_time":"2026-04-28T13:21:21+00:00","og_image":[{"width":1450,"height":1450,"url":"https:\/\/positiveprints.com\/wp-content\/uploads\/2024\/11\/Packshot_DE_Hello-Will-You-I-Do-Star-Map-product-image-.webp","type":"image\/webp"}],"twitter_card":"summary_large_image","schema":{"@context":"https:\/\/schema.org","@graph":[{"@type":["WebPage","ItemPage"],"@id":"https:\/\/positiveprints.com\/de-ch\/produkt\/hallo-ja-ich-will-deine-sternenkarte\/","url":"https:\/\/positiveprints.com\/de-ch\/produkt\/hallo-ja-ich-will-deine-sternenkarte\/","name":"\u201cHallo, ja, ich will\u201d - deine Sternenkarte - Positive Prints","isPartOf":{"@id":"https:\/\/positiveprints.com\/de-ch\/#website"},"primaryImageOfPage":{"@id":"https:\/\/positiveprints.com\/de-ch\/produkt\/hallo-ja-ich-will-deine-sternenkarte\/#primaryimage"},"image":{"@id":"https:\/\/positiveprints.com\/de-ch\/produkt\/hallo-ja-ich-will-deine-sternenkarte\/#primaryimage"},"thumbnailUrl":"https:\/\/positiveprints.com\/wp-content\/uploads\/2024\/11\/Packshot_DE_Hello-Will-You-I-Do-Star-Map-product-image-.webp","datePublished":"2023-04-24T10:16:58+00:00","dateModified":"2026-04-28T13:21:21+00:00","description":"Bestelle noch heute deine \u201eHallo, ja, ich will & ich mache es!\u201c-Sternkarte und \u00fcberrasche deine Liebsten mit einem sentimentalen Geschenk, das sie f\u00fcr immer sch\u00e4tzen werden.","breadcrumb":{"@id":"https:\/\/positiveprints.com\/de-ch\/produkt\/hallo-ja-ich-will-deine-sternenkarte\/#breadcrumb"},"inLanguage":"de-CH","potentialAction":[{"@type":"ReadAction","target":["https:\/\/positiveprints.com\/de-ch\/produkt\/hallo-ja-ich-will-deine-sternenkarte\/"]}]},{"@type":"ImageObject","inLanguage":"de-CH","@id":"https:\/\/positiveprints.com\/de-ch\/produkt\/hallo-ja-ich-will-deine-sternenkarte\/#primaryimage","url":"https:\/\/positiveprints.com\/wp-content\/uploads\/2024\/11\/Packshot_DE_Hello-Will-You-I-Do-Star-Map-product-image-.webp","contentUrl":"https:\/\/positiveprints.com\/wp-content\/uploads\/2024\/11\/Packshot_DE_Hello-Will-You-I-Do-Star-Map-product-image-.webp","width":1450,"height":1450},{"@type":"BreadcrumbList","@id":"https:\/\/positiveprints.com\/de-ch\/produkt\/hallo-ja-ich-will-deine-sternenkarte\/#breadcrumb","itemListElement":[{"@type":"ListItem","position":1,"name":"Home","item":"https:\/\/positiveprints.com\/de-ch\/"},{"@type":"ListItem","position":2,"name":"Produkte","item":"https:\/\/positiveprints.com\/de-ch\/shop\/"},{"@type":"ListItem","position":3,"name":"\u201cHallo, ja, ich will\u201d &#8211; deine Sternenkarte"}]},{"@type":"WebSite","@id":"https:\/\/positiveprints.com\/de-ch\/#website","url":"https:\/\/positiveprints.com\/de-ch\/","name":"Positive Prints","description":"Amazing Custom Personalized Gifts","publisher":{"@id":"https:\/\/positiveprints.com\/de-ch\/#organization"},"potentialAction":[{"@type":"SearchAction","target":{"@type":"EntryPoint","urlTemplate":"https:\/\/positiveprints.com\/de-ch\/?s={search_term_string}"},"query-input":{"@type":"PropertyValueSpecification","valueRequired":true,"valueName":"search_term_string"}}],"inLanguage":"de-CH"},{"@type":"Organization","@id":"https:\/\/positiveprints.com\/de-ch\/#organization","name":"Positive Prints","alternateName":"Positive Prints","url":"https:\/\/positiveprints.com\/de-ch\/","logo":{"@type":"ImageObject","inLanguage":"de-CH","@id":"https:\/\/positiveprints.com\/de-ch\/#\/schema\/logo\/image\/","url":"https:\/\/positiveprints.com\/wp-content\/uploads\/2026\/03\/245815646_1337939713319158_5671353136411139666_n.png","contentUrl":"https:\/\/positiveprints.com\/wp-content\/uploads\/2026\/03\/245815646_1337939713319158_5671353136411139666_n.png","width":800,"height":800,"caption":"Positive Prints"},"image":{"@id":"https:\/\/positiveprints.com\/de-ch\/#\/schema\/logo\/image\/"},"sameAs":["https:\/\/www.facebook.com\/positiveprintscom","https:\/\/www.instagram.com\/positiveprintscom\/","https:\/\/www.tiktok.com\/@positiveprintscom","https:\/\/www.pinterest.com\/positiveprintscom\/"]}]}},"jetpack_sharing_enabled":true,"_links":{"self":[{"href":"https:\/\/positiveprints.com\/de-ch\/wp-json\/wp\/v2\/product\/614044","targetHints":{"allow":["GET"]}}],"collection":[{"href":"https:\/\/positiveprints.com\/de-ch\/wp-json\/wp\/v2\/product"}],"about":[{"href":"https:\/\/positiveprints.com\/de-ch\/wp-json\/wp\/v2\/types\/product"}],"wp:featuredmedia":[{"embeddable":true,"href":"https:\/\/positiveprints.com\/de-ch\/wp-json\/wp\/v2\/media\/1257476"}],"wp:attachment":[{"href":"https:\/\/positiveprints.com\/de-ch\/wp-json\/wp\/v2\/media?parent=614044"}],"wp:term":[{"taxonomy":"product_brand","embeddable":true,"href":"https:\/\/positiveprints.com\/de-ch\/wp-json\/wp\/v2\/product_brand?post=614044"},{"taxonomy":"product_cat","embeddable":true,"href":"https:\/\/positiveprints.com\/de-ch\/wp-json\/wp\/v2\/product_cat?post=614044"},{"taxonomy":"product_tag","embeddable":true,"href":"https:\/\/positiveprints.com\/de-ch\/wp-json\/wp\/v2\/product_tag?post=614044"}],"curies":[{"name":"wp","href":"https:\/\/api.w.org\/{rel}","templated":true}]}}