{"id":61339,"date":"2020-01-15T18:00:50","date_gmt":"2020-01-15T17:00:50","guid":{"rendered":"https:\/\/positiveprints.com\/product\/wo-alles-begann-karte\/"},"modified":"2026-04-18T09:18:07","modified_gmt":"2026-04-18T08:18:07","slug":"wo-alles-begann-karte","status":"publish","type":"product","link":"https:\/\/positiveprints.com\/de-ch\/produkt\/wo-alles-begann-karte\/","title":{"rendered":"Wo alles begann"},"content":{"rendered":"<p>Um sich f\u00fcr immer an einen besonderen Tag zu erinnern, ist die wo alles begann landkarte, eine hervorragende M\u00f6glichkeit, diesen Moment zu feiern und festzuhalten.<\/p>\r\n\r\n\r\n<p style=\"margin-top: 1rem\">Es ist eine magische Erfahrung, einen besonderen Menschen zum ersten Mal zu treffen. Es liegt eine unverwechselbare Energie in der Luft, vielleicht sogar ein leichtes Summen, das hilft, den Rest der Welt auszuschalten, sodass ihr euch nur aufeinander konzentrieren k\u00f6nnt. Um sich f\u00fcr immer an diesen Tag zu erinnern, ist eine Karte, auf der ihr euch kennengelernt habt, eine hervorragende M\u00f6glichkeit, diesen Moment zu feiern und festzuhalten.<\/p>\r\n\r\n<h2 class=\"grenB f24 cblue\" style=\"margin-top: 3rem\">Was ist eine Wo Alles Begann poster?<\/h2>\r\n\r\n<p style=\"margin-top: 1rem\">Egal, ob es sich um ein geplantes erstes Date oder eine zuf\u00e4llige Begegnung handelt, der Ort, an dem du die besondere Person in deinem Leben kennengelernt hast, ist von Wert. Eine Karte hebt diesen Ort auf eine Weise hervor, die euch als Paar etwas bedeuten wird.<\/p>\r\n\r\n<p style=\"margin-top: 1rem\">Benutzerdefinierte Karten k\u00f6nnen f\u00fcr jede Stadt, jedes Bundesland oder jeden Ort auf der Welt erstellt werden. Alles, was du brauchst, ist ein Standort, und unser geografischer benutzerdefinierter Kartenersteller erstellt eine Karte mit perfektem Ma\u00dfstab f\u00fcr dieses Gebiet. Vergr\u00f6\u00dfere oder verkleinere so viel, wie du es m\u00f6chtest, um das gew\u00fcnschte Layout zu erhalten, und markiere dann die genaue Stelle, an der ihr euch getroffen habt, um hervorzuheben, wo die ganze Magie begann.<\/p>\r\n\r\n<p style=\"margin-top: 1rem\">Wo Alles Begann Karten k\u00f6nnen zudem mit Textzeilen angepasst werden, die eure Bedeutung hervorheben. F\u00fcge eine liebevolle Nachricht hinzu oder gebe den Namen und das Datum an, an dem eure gemeinsame Reise begonnen hat. Es gibt keinen falschen Weg, um eure Erinnerungen zu verewigen!<\/p>\r\n\r\n<h2 class=\"grenB f24 cblue\" style=\"margin-top: 3rem\">Warum eine Karte erstellen Wo Alles Begann?<\/h2>\r\n\r\n<p style=\"margin-top: 1rem\">Wo alles begann&#8230; sind wirklich einzigartige Karten. Es ist nicht etwas, das man aus einem Regal in einem Gesch\u00e4ft holen oder aus einer Laune heraus entwerfen kann. Es erfordert ein wenig mehr Nachdenken und Kreativit\u00e4t, um eine Karte des Ortes zu erstellen, an dem du und eine besondere Person euch zum ersten Mal getroffen habt.<\/p>\r\n<p>Dies ist ein Grund, warum Karten ausgezeichnete Geschenke f\u00fcr die Menschen in deinem Leben sind! Merke, dass keine zwei Karten bei uns identisch sind und so kannst du sicherstellen, dass deine Karte exklusiv ist und nicht nochmal auf der Welt vorkommt.\r\n<\/p>\r\n\r\n\r\n<h2 class=\"grenB f24 cblue\" style=\"margin-top: 3rem\">Wie erstelle ich so eine Karte?<\/h2>\r\n\r\n<p style=\"margin-top: 1rem\">Mit Positive Prints erledigen wir die gesamte Designarbeit f\u00fcr dich, sodass du keine harte Arbeit oder Vermutungen anstellen m\u00fcsst! W\u00e4hle zun\u00e4chst die Form deiner Karte (Kreis, Herz oder Quadrat) und dann eines der wundersch\u00f6n gestalteten Farbschemata aus. Mit unseren Tools kannst du dir jede Auswahl in Echtzeit in der Vorschau anzeigen lassen, um ein Bild zu erhalten, das deinem Stil entspricht.<\/p>\r\n\r\n<p style=\"margin-top: 1rem\">Im n\u00e4chsten Schritt gibst du den Standort ein, um den Ort zu bestimmen, an dem ihr euch getroffen habt.  Dann f\u00fcgst du au\u00dferdem bis zu zwei Zeilen benutzerdefinierten Text hinzu, um \u00fcber euren speziellen Ort zu sprechen. Wenn du der Karte eine bestimmte Markierung hinzuf\u00fcgen m\u00f6chtest, kannst du die gew\u00fcnschte Markierungsform ausw\u00e4hlen. Diese wird an der von dir angegebenen Adresse angezeigt.<\/p>\r\n\r\n<p style=\"margin-top: 1rem\">Im letzten Schritt kannst du die Ausrichtung und Gr\u00f6\u00dfe deines Posters sowie das Druckformat ausw\u00e4hlen. Eine Option ist ein Hardcopy-Poster, das auf ein Papier von h\u00f6chster Qualit\u00e4t gedruckt wird, das ein Leben lang h\u00e4lt und direkt an deine Haust\u00fcr geliefert wird. Wenn du es eilig hast und schnell ein Geschenk ben\u00f6tigst, kannst du mit unserem sofortigen digitalen Download eine Datei zu deiner \u00f6rtlichen Druckerei bringen, damit du nicht auf den Versand warten musst. Zudem kannst du deine Karte als einen dekorativen Kissenbezug drucken lassen, das eure M\u00f6bel mit Liebe zu schm\u00fccken.<\/p>\r\n\r\n<p style=\"margin-top: 1rem\">At Positive Prints, du musst kein Profi ein, um Kunst zu entwerfen! Sobald du die drei Schritte abgeschlossen hast, kannst du auschecken und bezahlen. Den Rest erledigen wir!<\/p>\r\n\r\n<h2 class=\"grenB f24 cblue\" style=\"margin-top: 3rem\">Wo Alles Begann poster ist ein romantisches Geschenk<\/h2>\r\n\r\n<p style=\"margin-top: 1rem\"><a href=\"https:\/\/positiveprints.com\/de-ch\/produkt\/stadtplan-poster\/\">Benutzerdefinierte Stadtplan-Kunst<\/a> ist ein romantisches Geschenk, das deine Liebsten niemals erwarten, aber f\u00fcr immer sch\u00e4tzen werden. Jede Art von individueller Kunst zeigt ein zus\u00e4tzliches Ma\u00df an Gedanken und Sorgfalt bei der Auswahl deines Geschenks. Es eignet sich perfekt zum Einrahmen und erinnert st\u00e4ndig daran, wo alles begann. <br<br>Gebe eine Karte als Geschenk f\u00fcr:<\/p>\r\n\r\n<ul>\r\n<li>Geburtstage<\/li>\r\n<li>Jahrestage<\/li>\r\n<li>Weihnachten<\/li>\r\n<li>Muttertag<\/li>\r\n<li>Vatertag<\/li>\r\n<li>Valentinstag<\/li>\r\n<li>Verlobungen<\/li>\r\n<li>Hochzeiten<\/li>\r\n<\/ul>\r\n\r\n<p style=\"margin-top: 1rem\">Zudem: eine Karte des Ortes, an dem du deinen Lieblingsmenschen zum ersten Mal getroffen hast, kann ebenfalls besonders sein. Ihr k\u00f6nnt dann gemeinsam auf diesen Tag zur\u00fcckblicken. Sch\u00f6ne Momente f\u00fcr immer! <\/p>\r\n\r\n<p style=\"margin-top: 1rem\">Beginne schon jetzt mit der Erstellung deiner benutzerdefinierten Karte und verschenke ein sentimentales Geschenk, das bestimmt von deinem Lieblingsmenschen gesch\u00e4tzt wird!<\/p>","protected":false},"excerpt":{"rendered":"<ul class=\"check-list\">\n<li>Markiere eine besondere Stelle mit einem ausgew\u00e4hlten Symbol<\/li>\n<li>Passe dein Kunstwerk in 3 einfachen Schritten an<\/li>\n<li>F\u00fcge einen aussagekr\u00e4ftigen personalisierten Text hinzu<\/li>\n<li>Sieh das Ergebnis sofort \u2013 die interaktive Vorschau erm\u00f6glicht dir, jedes Detail direkt anzupassen<\/li>\n<\/ul>\n","protected":false},"featured_media":1216184,"template":"","meta":[],"product_brand":[],"product_cat":[4799,7935,7759,7791,7648,7680,8203,8015,7807,8199,7695,5344,11205,11208,11168,11171,11165,5336,7199,15852,9768,11235,11238,5283],"product_tag":[14821,15728,15742,15738,15737,15740,15739,15749,15744,15746],"class_list":{"0":"post-61339","1":"product","2":"type-product","3":"status-publish","4":"has-post-thumbnail","6":"product_cat-bestsellers-de-ch-2","7":"product_cat-brautduschen-geschenke-de-ch","8":"product_cat-geschenke-fur-deine-ehefrau-de-ch","9":"product_cat-geschenke-fur-deine-freundin-de-ch","10":"product_cat-geschenke-fur-deinen-ehemann","11":"product_cat-geschenke-fur-deinen-freund-de-ch","12":"product_cat-fur-ihn","13":"product_cat-geschenke-fur-manner-de-ch","14":"product_cat-geschenke-fur-paare-de-ch","15":"product_cat-fur-sie-de-ch","16":"product_cat-geschenke-fur-wichtige-frauen-in-deinem-leben-de-ch","17":"product_cat-geburtstagsgeschenke-de-ch","18":"product_cat-geburtstagsgeschenk-fur-frauen-de-ch","19":"product_cat-geburtstagsgeschenk-fur-manner-de-ch","20":"product_cat-jahrestag-geschenk-fur-ihn-de-ch","21":"product_cat-jahrestag-geschenk-fur-paare-de-ch","22":"product_cat-jahrestag-geschenke-fur-sie-de-ch","23":"product_cat-jubilaumsgeschenke-de-ch","24":"product_cat-map-de-ch","25":"product_cat-shop-bestsellers-de-ch","26":"product_cat-trending-label-de-ch","27":"product_cat-valentinstagsgeschenke-fur-frauen-de-ch","28":"product_cat-valentinstagsgeschenke-fur-manner-de-ch","29":"product_cat-verlobungsgeschenke","30":"product_tag-anniversary-de-ch","31":"product_tag-christmas-present-de-ch","32":"product_tag-regali-di-natale-per-donne-de-ch","33":"product_tag-regali-di-natale-per-il-fidanzato-de-ch","34":"product_tag-regali-di-natale-per-il-marito-de-ch","35":"product_tag-regali-di-natale-per-la-fidanzata-de-ch","36":"product_tag-regali-di-natale-per-la-moglie-de-ch","37":"product_tag-regali-di-natale-per-lei-de-ch","38":"product_tag-regali-di-natale-per-lui-de-ch","39":"product_tag-regali-di-natale-per-uomini-de-ch","41":"first","42":"instock","43":"sale","44":"taxable","45":"shipping-taxable","46":"purchasable","47":"product-type-variable"},"yoast_head":"<!-- This site is optimized with the Yoast SEO Premium plugin v27.2 (Yoast SEO v27.2) - https:\/\/yoast.com\/product\/yoast-seo-premium-wordpress\/ -->\n<title>Wo Alles Begann Karte - Kartengeschenk - Positive Prints<\/title>\n<meta name=\"description\" content=\"Wo Alles Begann Karten k\u00f6nnen mit Textzeilen angepasst werden. F\u00fcge eine liebevolle Nachricht hinzu und das Datum.\" \/>\n<meta name=\"robots\" content=\"index, follow, max-snippet:-1, max-image-preview:large, max-video-preview:-1\" \/>\n<link rel=\"canonical\" href=\"https:\/\/positiveprints.com\/de-ch\/produkt\/wo-alles-begann-karte\/\" \/>\n<meta property=\"og:locale\" content=\"de_DE\" \/>\n<meta property=\"og:type\" content=\"article\" \/>\n<meta property=\"og:title\" content=\"Wo alles begann\" \/>\n<meta property=\"og:description\" content=\"Markiere eine besondere Stelle mit einem ausgew\u00e4hlten Symbol    Passe dein Kunstwerk in 3 einfachen Schritten an    F\u00fcge einen aussagekr\u00e4ftigen personalisierten Text hinzu    Sieh das Ergebnis sofort \u2013 die interaktive Vorschau erm\u00f6glicht dir, jedes Detail direkt anzupassen\" \/>\n<meta property=\"og:url\" content=\"https:\/\/positiveprints.com\/de-ch\/produkt\/wo-alles-begann-karte\/\" \/>\n<meta property=\"og:site_name\" content=\"Positive Prints\" \/>\n<meta property=\"article:publisher\" content=\"https:\/\/www.facebook.com\/positiveprintscom\" \/>\n<meta property=\"article:modified_time\" content=\"2026-04-18T08:18:07+00:00\" \/>\n<meta property=\"og:image\" content=\"https:\/\/positiveprints.com\/wp-content\/uploads\/2024\/10\/Packshot_DE_where-we-met-product-image.webp\" \/>\n\t<meta property=\"og:image:width\" content=\"1450\" \/>\n\t<meta property=\"og:image:height\" content=\"1450\" \/>\n\t<meta property=\"og:image:type\" content=\"image\/webp\" \/>\n<meta name=\"twitter:card\" content=\"summary_large_image\" \/>\n<meta name=\"twitter:label1\" content=\"Gesch\u00e4tzte Lesezeit\" \/>\n\t<meta name=\"twitter:data1\" content=\"4\u00a0Minuten\" \/>\n<!-- \/ Yoast SEO Premium plugin. -->","yoast_head_json":{"title":"Wo Alles Begann Karte - Kartengeschenk - Positive Prints","description":"Wo Alles Begann Karten k\u00f6nnen mit Textzeilen angepasst werden. F\u00fcge eine liebevolle Nachricht hinzu und das Datum.","robots":{"index":"index","follow":"follow","max-snippet":"max-snippet:-1","max-image-preview":"max-image-preview:large","max-video-preview":"max-video-preview:-1"},"canonical":"https:\/\/positiveprints.com\/de-ch\/produkt\/wo-alles-begann-karte\/","og_locale":"de_DE","og_type":"article","og_title":"Wo alles begann","og_description":"Markiere eine besondere Stelle mit einem ausgew\u00e4hlten Symbol    Passe dein Kunstwerk in 3 einfachen Schritten an    F\u00fcge einen aussagekr\u00e4ftigen personalisierten Text hinzu    Sieh das Ergebnis sofort \u2013 die interaktive Vorschau erm\u00f6glicht dir, jedes Detail direkt anzupassen","og_url":"https:\/\/positiveprints.com\/de-ch\/produkt\/wo-alles-begann-karte\/","og_site_name":"Positive Prints","article_publisher":"https:\/\/www.facebook.com\/positiveprintscom","article_modified_time":"2026-04-18T08:18:07+00:00","og_image":[{"width":1450,"height":1450,"url":"https:\/\/positiveprints.com\/wp-content\/uploads\/2024\/10\/Packshot_DE_where-we-met-product-image.webp","type":"image\/webp"}],"twitter_card":"summary_large_image","twitter_misc":{"Gesch\u00e4tzte Lesezeit":"4\u00a0Minuten"},"schema":{"@context":"https:\/\/schema.org","@graph":[{"@type":["WebPage","ItemPage"],"@id":"https:\/\/positiveprints.com\/de-ch\/produkt\/wo-alles-begann-karte\/","url":"https:\/\/positiveprints.com\/de-ch\/produkt\/wo-alles-begann-karte\/","name":"Wo Alles Begann Karte - Kartengeschenk - Positive Prints","isPartOf":{"@id":"https:\/\/positiveprints.com\/de-ch\/#website"},"primaryImageOfPage":{"@id":"https:\/\/positiveprints.com\/de-ch\/produkt\/wo-alles-begann-karte\/#primaryimage"},"image":{"@id":"https:\/\/positiveprints.com\/de-ch\/produkt\/wo-alles-begann-karte\/#primaryimage"},"thumbnailUrl":"https:\/\/positiveprints.com\/wp-content\/uploads\/2024\/10\/Packshot_DE_where-we-met-product-image.webp","datePublished":"2020-01-15T17:00:50+00:00","dateModified":"2026-04-18T08:18:07+00:00","description":"Wo Alles Begann Karten k\u00f6nnen mit Textzeilen angepasst werden. F\u00fcge eine liebevolle Nachricht hinzu und das Datum.","breadcrumb":{"@id":"https:\/\/positiveprints.com\/de-ch\/produkt\/wo-alles-begann-karte\/#breadcrumb"},"inLanguage":"de-CH","potentialAction":[{"@type":"ReadAction","target":["https:\/\/positiveprints.com\/de-ch\/produkt\/wo-alles-begann-karte\/"]}]},{"@type":"ImageObject","inLanguage":"de-CH","@id":"https:\/\/positiveprints.com\/de-ch\/produkt\/wo-alles-begann-karte\/#primaryimage","url":"https:\/\/positiveprints.com\/wp-content\/uploads\/2024\/10\/Packshot_DE_where-we-met-product-image.webp","contentUrl":"https:\/\/positiveprints.com\/wp-content\/uploads\/2024\/10\/Packshot_DE_where-we-met-product-image.webp","width":1450,"height":1450,"caption":"Packshot_DE_where we met product image"},{"@type":"BreadcrumbList","@id":"https:\/\/positiveprints.com\/de-ch\/produkt\/wo-alles-begann-karte\/#breadcrumb","itemListElement":[{"@type":"ListItem","position":1,"name":"Home","item":"https:\/\/positiveprints.com\/de-ch\/"},{"@type":"ListItem","position":2,"name":"Produkte","item":"https:\/\/positiveprints.com\/de-ch\/shop\/"},{"@type":"ListItem","position":3,"name":"Wo alles begann"}]},{"@type":"WebSite","@id":"https:\/\/positiveprints.com\/de-ch\/#website","url":"https:\/\/positiveprints.com\/de-ch\/","name":"Positive Prints","description":"Amazing Custom Personalized Gifts","publisher":{"@id":"https:\/\/positiveprints.com\/de-ch\/#organization"},"potentialAction":[{"@type":"SearchAction","target":{"@type":"EntryPoint","urlTemplate":"https:\/\/positiveprints.com\/de-ch\/?s={search_term_string}"},"query-input":{"@type":"PropertyValueSpecification","valueRequired":true,"valueName":"search_term_string"}}],"inLanguage":"de-CH"},{"@type":"Organization","@id":"https:\/\/positiveprints.com\/de-ch\/#organization","name":"Positive Prints","alternateName":"Positive Prints","url":"https:\/\/positiveprints.com\/de-ch\/","logo":{"@type":"ImageObject","inLanguage":"de-CH","@id":"https:\/\/positiveprints.com\/de-ch\/#\/schema\/logo\/image\/","url":"https:\/\/positiveprints.com\/wp-content\/uploads\/2026\/03\/245815646_1337939713319158_5671353136411139666_n.png","contentUrl":"https:\/\/positiveprints.com\/wp-content\/uploads\/2026\/03\/245815646_1337939713319158_5671353136411139666_n.png","width":800,"height":800,"caption":"Positive Prints"},"image":{"@id":"https:\/\/positiveprints.com\/de-ch\/#\/schema\/logo\/image\/"},"sameAs":["https:\/\/www.facebook.com\/positiveprintscom","https:\/\/www.instagram.com\/positiveprintscom\/","https:\/\/www.tiktok.com\/@positiveprintscom","https:\/\/www.pinterest.com\/positiveprintscom\/"]}]}},"jetpack_sharing_enabled":true,"_links":{"self":[{"href":"https:\/\/positiveprints.com\/de-ch\/wp-json\/wp\/v2\/product\/61339","targetHints":{"allow":["GET"]}}],"collection":[{"href":"https:\/\/positiveprints.com\/de-ch\/wp-json\/wp\/v2\/product"}],"about":[{"href":"https:\/\/positiveprints.com\/de-ch\/wp-json\/wp\/v2\/types\/product"}],"wp:featuredmedia":[{"embeddable":true,"href":"https:\/\/positiveprints.com\/de-ch\/wp-json\/wp\/v2\/media\/1216184"}],"wp:attachment":[{"href":"https:\/\/positiveprints.com\/de-ch\/wp-json\/wp\/v2\/media?parent=61339"}],"wp:term":[{"taxonomy":"product_brand","embeddable":true,"href":"https:\/\/positiveprints.com\/de-ch\/wp-json\/wp\/v2\/product_brand?post=61339"},{"taxonomy":"product_cat","embeddable":true,"href":"https:\/\/positiveprints.com\/de-ch\/wp-json\/wp\/v2\/product_cat?post=61339"},{"taxonomy":"product_tag","embeddable":true,"href":"https:\/\/positiveprints.com\/de-ch\/wp-json\/wp\/v2\/product_tag?post=61339"}],"curies":[{"name":"wp","href":"https:\/\/api.w.org\/{rel}","templated":true}]}}