{"id":591077,"date":"2023-04-07T20:38:07","date_gmt":"2023-04-07T19:38:07","guid":{"rendered":"https:\/\/positiveprints.com\/product\/unsere-dreifache-sternenkarte-fuer-vaeter\/"},"modified":"2026-04-03T03:19:04","modified_gmt":"2026-04-03T02:19:04","slug":"unsere-dreifache-sternenkarte-fuer-vaeter","status":"publish","type":"product","link":"https:\/\/positiveprints.com\/de-ch\/produkt\/unsere-dreifache-sternenkarte-fuer-vaeter\/","title":{"rendered":"Unsere dreifache Sternenkarte f\u00fcr V\u00e4ter"},"content":{"rendered":"<p style=\"margin-top: 1rem\">Unsere dreifache Sternenkarte f\u00fcr V\u00e4ter ist das ultimative personalisierte Geschenk f\u00fcr deinen Vater zu jedem besonderen Anlass! Ob Vatertag, Geburtstag oder Weihnachten, dieser einzigartige Druck wird seinen Tag mit Sicherheit unvergesslich machen.<\/p>\r\n\r\n\r\n<p style=\"margin-top: 1rem\">Mit drei wundersch\u00f6nen Sternenkarten auf einem einzigen Poster ist dieses Geschenk vollst\u00e4ndig anpassbar. Eine der Karten zeigt das Geburtsdatum und den Geburtsort deines Vaters, w\u00e4hrend die anderen beiden Karten dir und deinen Geschwistern gewidmet sind.<\/p>\r\n\r\n\r\n<p style=\"margin-top: 1rem\">Mit unserem benutzerfreundlichen Online-Editor hast du die Freiheit, aus einer breiten Palette von Designs und Farben auszuw\u00e4hlen, um eine individuelle und atemberaubende dreifache Sternenkarte zu erstellen. Du kannst sogar eine pers\u00f6nliche Nachricht oder ein Zitat hinzuf\u00fcgen, um eine besondere Note dem Kunstwerk zu verleihen.<\/p>\r\n\r\n\r\n<p style=\"margin-top: 1rem\">Sobald du die perfekten Sternkarten entworfen hast, kannst du die Gr\u00f6\u00dfe und das Format ausw\u00e4hlen, die deinen Anforderungen am besten entsprechen. Wir bieten gedruckte oder gerahmte Poster, Leinw\u00e4nde oder eine sofortige digitale Download-Datei, sodass du ganz einfach die perfekte Option ausw\u00e4hlen kannst. Mache deinem Vater mit der dreifachen Sternenkarte ein bedeutungsvolles und unvergessliches Geschenk.<\/p>","protected":false},"excerpt":{"rendered":"<ul class=\"check-list\">\n<li>Feier das Vatersein und schenke deinem Vater ein unvergessliches Kunstwerk, das er f\u00fcr jahrelang sch\u00e4tzen und bewundern wird.<\/li>\n<li>F\u00fcge Sternbilder und die Milchstra\u00dfe hinzu<\/li>\n<li>Passe es in 3 einfachen Schritten<\/li>\n<li>F\u00fcge einen aussagekr\u00e4ftigen personalisierten Text hinzu<\/li>\n<li>Sieh das Ergebnis sofort \u2013 die interaktive Vorschau erm\u00f6glicht dir, jedes Detail direkt anzupassen<\/li>\n<\/ul>\n","protected":false},"featured_media":1258570,"template":"","meta":[],"product_brand":[],"product_cat":[9104,4905],"product_tag":[16472,8561],"class_list":{"0":"post-591077","1":"product","2":"type-product","3":"status-publish","4":"has-post-thumbnail","6":"product_cat-trio-stars-de-ch","7":"product_cat-alle-produkte-de-ch","8":"product_tag-father-de-ch-2","9":"product_tag-father-de-ch","11":"first","12":"instock","13":"sale","14":"taxable","15":"shipping-taxable","16":"purchasable","17":"product-type-variable"},"yoast_head":"<!-- This site is optimized with the Yoast SEO Premium plugin v27.2 (Yoast SEO v27.2) - https:\/\/yoast.com\/product\/yoast-seo-premium-wordpress\/ -->\n<title>Unsere dreifache Sternenkarte f\u00fcr V\u00e4ter - Positive Prints<\/title>\n<meta name=\"description\" content=\"Feiere die Vaterschaft und schenke deinem Vater ein wirklich zeitloses Kunstwerk, an dem er jahrelang Freude haben wird. Bestelle jetzt unsere dreifache Sternenkarte f\u00fcr V\u00e4ter!\" \/>\n<meta name=\"robots\" content=\"index, follow, max-snippet:-1, max-image-preview:large, max-video-preview:-1\" \/>\n<link rel=\"canonical\" href=\"https:\/\/positiveprints.com\/de-ch\/produkt\/unsere-dreifache-sternenkarte-fuer-vaeter\/\" \/>\n<meta property=\"og:locale\" content=\"de_DE\" \/>\n<meta property=\"og:type\" content=\"article\" \/>\n<meta property=\"og:title\" content=\"Unsere dreifache Sternenkarte f\u00fcr V\u00e4ter\" \/>\n<meta property=\"og:description\" content=\"Feier das Vatersein und schenke deinem Vater ein unvergessliches Kunstwerk, das er f\u00fcr jahrelang sch\u00e4tzen und bewundern wird. F\u00fcge Sternbilder und die Milchstra\u00dfe hinzu Passe es in 3 einfachen Schritten F\u00fcge einen aussagekr\u00e4ftigen personalisierten Text hinzu Sieh das Ergebnis sofort \u2013 die interaktive Vorschau erm\u00f6glicht dir, jedes Detail direkt anzupassen\" \/>\n<meta property=\"og:url\" content=\"https:\/\/positiveprints.com\/de-ch\/produkt\/unsere-dreifache-sternenkarte-fuer-vaeter\/\" \/>\n<meta property=\"og:site_name\" content=\"Positive Prints\" \/>\n<meta property=\"article:publisher\" content=\"https:\/\/www.facebook.com\/positiveprintscom\" \/>\n<meta property=\"article:modified_time\" content=\"2026-04-03T02:19:04+00:00\" \/>\n<meta property=\"og:image\" content=\"https:\/\/positiveprints.com\/wp-content\/uploads\/2024\/11\/Packshot_DE_Our-Dad-Triple-Star-Map-product-image-.webp\" \/>\n\t<meta property=\"og:image:width\" content=\"1450\" \/>\n\t<meta property=\"og:image:height\" content=\"1450\" \/>\n\t<meta property=\"og:image:type\" content=\"image\/webp\" \/>\n<meta name=\"twitter:card\" content=\"summary_large_image\" \/>\n<meta name=\"twitter:label1\" content=\"Gesch\u00e4tzte Lesezeit\" \/>\n\t<meta name=\"twitter:data1\" content=\"1\u00a0Minute\" \/>\n<!-- \/ Yoast SEO Premium plugin. -->","yoast_head_json":{"title":"Unsere dreifache Sternenkarte f\u00fcr V\u00e4ter - Positive Prints","description":"Feiere die Vaterschaft und schenke deinem Vater ein wirklich zeitloses Kunstwerk, an dem er jahrelang Freude haben wird. Bestelle jetzt unsere dreifache Sternenkarte f\u00fcr V\u00e4ter!","robots":{"index":"index","follow":"follow","max-snippet":"max-snippet:-1","max-image-preview":"max-image-preview:large","max-video-preview":"max-video-preview:-1"},"canonical":"https:\/\/positiveprints.com\/de-ch\/produkt\/unsere-dreifache-sternenkarte-fuer-vaeter\/","og_locale":"de_DE","og_type":"article","og_title":"Unsere dreifache Sternenkarte f\u00fcr V\u00e4ter","og_description":"Feier das Vatersein und schenke deinem Vater ein unvergessliches Kunstwerk, das er f\u00fcr jahrelang sch\u00e4tzen und bewundern wird. F\u00fcge Sternbilder und die Milchstra\u00dfe hinzu Passe es in 3 einfachen Schritten F\u00fcge einen aussagekr\u00e4ftigen personalisierten Text hinzu Sieh das Ergebnis sofort \u2013 die interaktive Vorschau erm\u00f6glicht dir, jedes Detail direkt anzupassen","og_url":"https:\/\/positiveprints.com\/de-ch\/produkt\/unsere-dreifache-sternenkarte-fuer-vaeter\/","og_site_name":"Positive Prints","article_publisher":"https:\/\/www.facebook.com\/positiveprintscom","article_modified_time":"2026-04-03T02:19:04+00:00","og_image":[{"width":1450,"height":1450,"url":"https:\/\/positiveprints.com\/wp-content\/uploads\/2024\/11\/Packshot_DE_Our-Dad-Triple-Star-Map-product-image-.webp","type":"image\/webp"}],"twitter_card":"summary_large_image","twitter_misc":{"Gesch\u00e4tzte Lesezeit":"1\u00a0Minute"},"schema":{"@context":"https:\/\/schema.org","@graph":[{"@type":["WebPage","ItemPage"],"@id":"https:\/\/positiveprints.com\/de-ch\/produkt\/unsere-dreifache-sternenkarte-fuer-vaeter\/","url":"https:\/\/positiveprints.com\/de-ch\/produkt\/unsere-dreifache-sternenkarte-fuer-vaeter\/","name":"Unsere dreifache Sternenkarte f\u00fcr V\u00e4ter - Positive Prints","isPartOf":{"@id":"https:\/\/positiveprints.com\/de-ch\/#website"},"primaryImageOfPage":{"@id":"https:\/\/positiveprints.com\/de-ch\/produkt\/unsere-dreifache-sternenkarte-fuer-vaeter\/#primaryimage"},"image":{"@id":"https:\/\/positiveprints.com\/de-ch\/produkt\/unsere-dreifache-sternenkarte-fuer-vaeter\/#primaryimage"},"thumbnailUrl":"https:\/\/positiveprints.com\/wp-content\/uploads\/2024\/11\/Packshot_DE_Our-Dad-Triple-Star-Map-product-image-.webp","datePublished":"2023-04-07T19:38:07+00:00","dateModified":"2026-04-03T02:19:04+00:00","description":"Feiere die Vaterschaft und schenke deinem Vater ein wirklich zeitloses Kunstwerk, an dem er jahrelang Freude haben wird. Bestelle jetzt unsere dreifache Sternenkarte f\u00fcr V\u00e4ter!","breadcrumb":{"@id":"https:\/\/positiveprints.com\/de-ch\/produkt\/unsere-dreifache-sternenkarte-fuer-vaeter\/#breadcrumb"},"inLanguage":"de-CH","potentialAction":[{"@type":"ReadAction","target":["https:\/\/positiveprints.com\/de-ch\/produkt\/unsere-dreifache-sternenkarte-fuer-vaeter\/"]}]},{"@type":"ImageObject","inLanguage":"de-CH","@id":"https:\/\/positiveprints.com\/de-ch\/produkt\/unsere-dreifache-sternenkarte-fuer-vaeter\/#primaryimage","url":"https:\/\/positiveprints.com\/wp-content\/uploads\/2024\/11\/Packshot_DE_Our-Dad-Triple-Star-Map-product-image-.webp","contentUrl":"https:\/\/positiveprints.com\/wp-content\/uploads\/2024\/11\/Packshot_DE_Our-Dad-Triple-Star-Map-product-image-.webp","width":1450,"height":1450},{"@type":"BreadcrumbList","@id":"https:\/\/positiveprints.com\/de-ch\/produkt\/unsere-dreifache-sternenkarte-fuer-vaeter\/#breadcrumb","itemListElement":[{"@type":"ListItem","position":1,"name":"Home","item":"https:\/\/positiveprints.com\/de-ch\/"},{"@type":"ListItem","position":2,"name":"Produkte","item":"https:\/\/positiveprints.com\/de-ch\/shop\/"},{"@type":"ListItem","position":3,"name":"Unsere dreifache Sternenkarte f\u00fcr V\u00e4ter"}]},{"@type":"WebSite","@id":"https:\/\/positiveprints.com\/de-ch\/#website","url":"https:\/\/positiveprints.com\/de-ch\/","name":"Positive Prints","description":"Amazing Custom Personalized Gifts","publisher":{"@id":"https:\/\/positiveprints.com\/de-ch\/#organization"},"potentialAction":[{"@type":"SearchAction","target":{"@type":"EntryPoint","urlTemplate":"https:\/\/positiveprints.com\/de-ch\/?s={search_term_string}"},"query-input":{"@type":"PropertyValueSpecification","valueRequired":true,"valueName":"search_term_string"}}],"inLanguage":"de-CH"},{"@type":"Organization","@id":"https:\/\/positiveprints.com\/de-ch\/#organization","name":"Positive Prints","alternateName":"Positive Prints","url":"https:\/\/positiveprints.com\/de-ch\/","logo":{"@type":"ImageObject","inLanguage":"de-CH","@id":"https:\/\/positiveprints.com\/de-ch\/#\/schema\/logo\/image\/","url":"https:\/\/positiveprints.com\/wp-content\/uploads\/2026\/03\/245815646_1337939713319158_5671353136411139666_n.png","contentUrl":"https:\/\/positiveprints.com\/wp-content\/uploads\/2026\/03\/245815646_1337939713319158_5671353136411139666_n.png","width":800,"height":800,"caption":"Positive Prints"},"image":{"@id":"https:\/\/positiveprints.com\/de-ch\/#\/schema\/logo\/image\/"},"sameAs":["https:\/\/www.facebook.com\/positiveprintscom","https:\/\/www.instagram.com\/positiveprintscom\/","https:\/\/www.tiktok.com\/@positiveprintscom","https:\/\/www.pinterest.com\/positiveprintscom\/"]}]}},"jetpack_sharing_enabled":true,"_links":{"self":[{"href":"https:\/\/positiveprints.com\/de-ch\/wp-json\/wp\/v2\/product\/591077","targetHints":{"allow":["GET"]}}],"collection":[{"href":"https:\/\/positiveprints.com\/de-ch\/wp-json\/wp\/v2\/product"}],"about":[{"href":"https:\/\/positiveprints.com\/de-ch\/wp-json\/wp\/v2\/types\/product"}],"wp:featuredmedia":[{"embeddable":true,"href":"https:\/\/positiveprints.com\/de-ch\/wp-json\/wp\/v2\/media\/1258570"}],"wp:attachment":[{"href":"https:\/\/positiveprints.com\/de-ch\/wp-json\/wp\/v2\/media?parent=591077"}],"wp:term":[{"taxonomy":"product_brand","embeddable":true,"href":"https:\/\/positiveprints.com\/de-ch\/wp-json\/wp\/v2\/product_brand?post=591077"},{"taxonomy":"product_cat","embeddable":true,"href":"https:\/\/positiveprints.com\/de-ch\/wp-json\/wp\/v2\/product_cat?post=591077"},{"taxonomy":"product_tag","embeddable":true,"href":"https:\/\/positiveprints.com\/de-ch\/wp-json\/wp\/v2\/product_tag?post=591077"}],"curies":[{"name":"wp","href":"https:\/\/api.w.org\/{rel}","templated":true}]}}