{"id":470379,"date":"2023-04-13T13:48:42","date_gmt":"2023-04-13T12:48:42","guid":{"rendered":"https:\/\/positiveprints.com\/product\/fotocollage-fuer-deine-oma\/"},"modified":"2026-04-12T22:30:08","modified_gmt":"2026-04-12T21:30:08","slug":"fotocollage-fuer-deine-oma","status":"publish","type":"product","link":"https:\/\/positiveprints.com\/de-ch\/produkt\/fotocollage-fuer-deine-oma\/","title":{"rendered":"Fotocollage f\u00fcr deine Oma"},"content":{"rendered":"<p style=\"margin-top: 1rem;\">Feiere die besondere Verbundenheit zwischen Gro\u00dfm\u00fcttern und ihren Enkelkindern mit der Oma-Buchstaben-Fotocollage von Positive Prints! Mit diesem einzigartigen und personalisierten Geschenk kannst du eine sch\u00f6ne und sentimentale Fotocollage aus deinen Lieblingsfotos in Form des Wortes &#8220;Oma&#8221; erstellen. Wenn du m\u00f6chtest, kannst du das Wort auch an den Namen deiner Gro\u00dfmutter oder ihren Lieblingsspitznamen anpassen, z. B. \u201eNana\u201c oder \u201eOmi\u201c.<\/p>\r\n<p style=\"margin-top: 1rem;\">Um deine eigene Oma-Brief-Fotocollage zu erstellen, gehe einfach zu unserem Online-Editor und lade deine bzw. eure Lieblingsfotos hoch. Jeder Buchstabe des gew\u00e4hlten Wortes wird aus den ausgew\u00e4hlten Fotos erstellt, wodurch ein einzigartiges, personalisiertes und von Herzen kommendes Geschenk entsteht. Du kannst aus verschiedenen Druckformaten w\u00e4hlen, darunter Poster, Leinwand- oder gerahmte Drucke oder digitale Download-Dateien zum Selbstausdrucken.<\/p>\r\n<p style=\"margin-top: 1rem;\">Mit den hochwertigen Druckmaterialien und -technologien von Positive Prints kannst du sicher sein, dass das Endprodukt umwerfend und professionell aussieht. Es ist ein Geschenk, das den Tag deiner Gro\u00dfmutter sicher versch\u00f6nern und als sch\u00f6ne Erinnerung an die gesch\u00e4tzten Momente dienen wird, die ihr miteinander geteilt habt.<\/p>\r\n<p style=\"margin-top: 1rem;\">Egal, ob du nach einem Geschenk f\u00fcr den Geburtstag deiner Gro\u00dfmutter, den Muttertag oder einen anderen besonderen Anlass suchst, Omas Buchstaben-Fotocollage ist das perfekte Geschenk, das sie f\u00fcr immer sch\u00e4tzen wird. Es ist eine sentimentale und einzigartige Art, deine besondere Verbundenheit mit deiner Gro\u00dfmutter zu feiern und ihr zu zeigen, wie viel sie dir bedeutet. Mit Positive Prints war das Erstellen einer sch\u00f6nen und personalisierten Oma-Buchstaben-Fotocollage nie einfacher!<\/p>","protected":false},"excerpt":{"rendered":"<ul class=\"check-list\">\n<li>F\u00fcge einen aussagekr\u00e4ftigen personalisierten Text hinzu<\/li>\n<li>Passe dein Kunstwerk in 3 einfachen Schritten an<\/li>\n<li>W\u00e4hle eine Vorlage oder werde kreativ<\/li>\n<li>Schau dir direkt den Effekt an \u2013 die interaktive Vorschau erm\u00f6glicht es dir dein Design in Echtzeit anzupassen<\/li>\n<\/ul>\n","protected":false},"featured_media":1670550,"template":"","meta":[],"product_brand":[],"product_cat":[4905,9282,11345,7728,8996,8821,5275],"product_tag":[15728,9457,8591,11718],"class_list":{"0":"post-470379","1":"product","2":"type-product","3":"status-publish","4":"has-post-thumbnail","6":"product_cat-alle-produkte-de-ch","7":"product_cat-bestsellers-label-ch","8":"product_cat-weihnachtsgeschenke-fur-die-oma-de-ch","9":"product_cat-geschenke-fur-deine-oma-de-ch","10":"product_cat-grosselterntag-de-ch","11":"product_cat-photo-letter-de-ch","12":"product_cat-weihnachtsgeschenke-de-ch","13":"product_tag-christmas-present-de-ch","14":"product_tag-grosmutter-de-ch","15":"product_tag-oma-de-ch","16":"product_tag-weihnachtsgeschenke-fuer-die-oma-de-ch","18":"first","19":"instock","20":"sale","21":"taxable","22":"shipping-taxable","23":"purchasable","24":"product-type-variable"},"yoast_head":"<!-- This site is optimized with the Yoast SEO Premium plugin v27.2 (Yoast SEO v27.2) - https:\/\/yoast.com\/product\/yoast-seo-premium-wordpress\/ -->\n<title>Fotocollage f\u00fcr deine Oma - Positive Prints<\/title>\n<meta name=\"description\" content=\"Suchst du ein personalisiertes und sinnvolles Geschenk f\u00fcr deine Oma? Wir, Positive Prints, haben das perfekte Geschenk f\u00fcr deine Oma - unsere Buchstaben-Fotocollage!\" \/>\n<meta name=\"robots\" content=\"index, follow, max-snippet:-1, max-image-preview:large, max-video-preview:-1\" \/>\n<link rel=\"canonical\" href=\"https:\/\/positiveprints.com\/de-ch\/produkt\/fotocollage-fuer-deine-oma\/\" \/>\n<meta property=\"og:locale\" content=\"de_DE\" \/>\n<meta property=\"og:type\" content=\"article\" \/>\n<meta property=\"og:title\" content=\"Fotocollage f\u00fcr deine Oma\" \/>\n<meta property=\"og:description\" content=\"F\u00fcge einen aussagekr\u00e4ftigen personalisierten Text hinzu  Passe dein Kunstwerk in 3 einfachen Schritten an  W\u00e4hle eine Vorlage oder werde kreativ  Schau dir direkt den Effekt an \u2013 die interaktive Vorschau erm\u00f6glicht es dir dein Design in Echtzeit anzupassen\" \/>\n<meta property=\"og:url\" content=\"https:\/\/positiveprints.com\/de-ch\/produkt\/fotocollage-fuer-deine-oma\/\" \/>\n<meta property=\"og:site_name\" content=\"Positive Prints\" \/>\n<meta property=\"article:publisher\" content=\"https:\/\/www.facebook.com\/positiveprintscom\" \/>\n<meta property=\"article:modified_time\" content=\"2026-04-12T21:30:08+00:00\" \/>\n<meta property=\"og:image\" content=\"https:\/\/positiveprints.com\/wp-content\/uploads\/2025\/03\/Packshot_DE_OMA.webp\" \/>\n\t<meta property=\"og:image:width\" content=\"1450\" \/>\n\t<meta property=\"og:image:height\" content=\"1450\" \/>\n\t<meta property=\"og:image:type\" content=\"image\/webp\" \/>\n<meta name=\"twitter:card\" content=\"summary_large_image\" \/>\n<meta name=\"twitter:label1\" content=\"Gesch\u00e4tzte Lesezeit\" \/>\n\t<meta name=\"twitter:data1\" content=\"2\u00a0Minuten\" \/>\n<!-- \/ Yoast SEO Premium plugin. -->","yoast_head_json":{"title":"Fotocollage f\u00fcr deine Oma - Positive Prints","description":"Suchst du ein personalisiertes und sinnvolles Geschenk f\u00fcr deine Oma? Wir, Positive Prints, haben das perfekte Geschenk f\u00fcr deine Oma - unsere Buchstaben-Fotocollage!","robots":{"index":"index","follow":"follow","max-snippet":"max-snippet:-1","max-image-preview":"max-image-preview:large","max-video-preview":"max-video-preview:-1"},"canonical":"https:\/\/positiveprints.com\/de-ch\/produkt\/fotocollage-fuer-deine-oma\/","og_locale":"de_DE","og_type":"article","og_title":"Fotocollage f\u00fcr deine Oma","og_description":"F\u00fcge einen aussagekr\u00e4ftigen personalisierten Text hinzu  Passe dein Kunstwerk in 3 einfachen Schritten an  W\u00e4hle eine Vorlage oder werde kreativ  Schau dir direkt den Effekt an \u2013 die interaktive Vorschau erm\u00f6glicht es dir dein Design in Echtzeit anzupassen","og_url":"https:\/\/positiveprints.com\/de-ch\/produkt\/fotocollage-fuer-deine-oma\/","og_site_name":"Positive Prints","article_publisher":"https:\/\/www.facebook.com\/positiveprintscom","article_modified_time":"2026-04-12T21:30:08+00:00","og_image":[{"width":1450,"height":1450,"url":"https:\/\/positiveprints.com\/wp-content\/uploads\/2025\/03\/Packshot_DE_OMA.webp","type":"image\/webp"}],"twitter_card":"summary_large_image","twitter_misc":{"Gesch\u00e4tzte Lesezeit":"2\u00a0Minuten"},"schema":{"@context":"https:\/\/schema.org","@graph":[{"@type":["WebPage","ItemPage"],"@id":"https:\/\/positiveprints.com\/de-ch\/produkt\/fotocollage-fuer-deine-oma\/","url":"https:\/\/positiveprints.com\/de-ch\/produkt\/fotocollage-fuer-deine-oma\/","name":"Fotocollage f\u00fcr deine Oma - Positive Prints","isPartOf":{"@id":"https:\/\/positiveprints.com\/de-ch\/#website"},"primaryImageOfPage":{"@id":"https:\/\/positiveprints.com\/de-ch\/produkt\/fotocollage-fuer-deine-oma\/#primaryimage"},"image":{"@id":"https:\/\/positiveprints.com\/de-ch\/produkt\/fotocollage-fuer-deine-oma\/#primaryimage"},"thumbnailUrl":"https:\/\/positiveprints.com\/wp-content\/uploads\/2026\/03\/oma_DE.webp","datePublished":"2023-04-13T12:48:42+00:00","dateModified":"2026-04-12T21:30:08+00:00","description":"Suchst du ein personalisiertes und sinnvolles Geschenk f\u00fcr deine Oma? Wir, Positive Prints, haben das perfekte Geschenk f\u00fcr deine Oma - unsere Buchstaben-Fotocollage!","breadcrumb":{"@id":"https:\/\/positiveprints.com\/de-ch\/produkt\/fotocollage-fuer-deine-oma\/#breadcrumb"},"inLanguage":"de-CH","potentialAction":[{"@type":"ReadAction","target":["https:\/\/positiveprints.com\/de-ch\/produkt\/fotocollage-fuer-deine-oma\/"]}]},{"@type":"ImageObject","inLanguage":"de-CH","@id":"https:\/\/positiveprints.com\/de-ch\/produkt\/fotocollage-fuer-deine-oma\/#primaryimage","url":"https:\/\/positiveprints.com\/wp-content\/uploads\/2026\/03\/oma_DE.webp","contentUrl":"https:\/\/positiveprints.com\/wp-content\/uploads\/2026\/03\/oma_DE.webp","width":1450,"height":1450},{"@type":"BreadcrumbList","@id":"https:\/\/positiveprints.com\/de-ch\/produkt\/fotocollage-fuer-deine-oma\/#breadcrumb","itemListElement":[{"@type":"ListItem","position":1,"name":"Home","item":"https:\/\/positiveprints.com\/de-ch\/"},{"@type":"ListItem","position":2,"name":"Produkte","item":"https:\/\/positiveprints.com\/de-ch\/shop\/"},{"@type":"ListItem","position":3,"name":"Fotocollage f\u00fcr deine Oma"}]},{"@type":"WebSite","@id":"https:\/\/positiveprints.com\/de-ch\/#website","url":"https:\/\/positiveprints.com\/de-ch\/","name":"Positive Prints","description":"Amazing Custom Personalized Gifts","publisher":{"@id":"https:\/\/positiveprints.com\/de-ch\/#organization"},"potentialAction":[{"@type":"SearchAction","target":{"@type":"EntryPoint","urlTemplate":"https:\/\/positiveprints.com\/de-ch\/?s={search_term_string}"},"query-input":{"@type":"PropertyValueSpecification","valueRequired":true,"valueName":"search_term_string"}}],"inLanguage":"de-CH"},{"@type":"Organization","@id":"https:\/\/positiveprints.com\/de-ch\/#organization","name":"Positive Prints","alternateName":"Positive Prints","url":"https:\/\/positiveprints.com\/de-ch\/","logo":{"@type":"ImageObject","inLanguage":"de-CH","@id":"https:\/\/positiveprints.com\/de-ch\/#\/schema\/logo\/image\/","url":"https:\/\/positiveprints.com\/wp-content\/uploads\/2026\/03\/245815646_1337939713319158_5671353136411139666_n.png","contentUrl":"https:\/\/positiveprints.com\/wp-content\/uploads\/2026\/03\/245815646_1337939713319158_5671353136411139666_n.png","width":800,"height":800,"caption":"Positive Prints"},"image":{"@id":"https:\/\/positiveprints.com\/de-ch\/#\/schema\/logo\/image\/"},"sameAs":["https:\/\/www.facebook.com\/positiveprintscom","https:\/\/www.instagram.com\/positiveprintscom\/","https:\/\/www.tiktok.com\/@positiveprintscom","https:\/\/www.pinterest.com\/positiveprintscom\/"]}]}},"jetpack_sharing_enabled":true,"_links":{"self":[{"href":"https:\/\/positiveprints.com\/de-ch\/wp-json\/wp\/v2\/product\/470379","targetHints":{"allow":["GET"]}}],"collection":[{"href":"https:\/\/positiveprints.com\/de-ch\/wp-json\/wp\/v2\/product"}],"about":[{"href":"https:\/\/positiveprints.com\/de-ch\/wp-json\/wp\/v2\/types\/product"}],"wp:featuredmedia":[{"embeddable":true,"href":"https:\/\/positiveprints.com\/de-ch\/wp-json\/wp\/v2\/media\/1670550"}],"wp:attachment":[{"href":"https:\/\/positiveprints.com\/de-ch\/wp-json\/wp\/v2\/media?parent=470379"}],"wp:term":[{"taxonomy":"product_brand","embeddable":true,"href":"https:\/\/positiveprints.com\/de-ch\/wp-json\/wp\/v2\/product_brand?post=470379"},{"taxonomy":"product_cat","embeddable":true,"href":"https:\/\/positiveprints.com\/de-ch\/wp-json\/wp\/v2\/product_cat?post=470379"},{"taxonomy":"product_tag","embeddable":true,"href":"https:\/\/positiveprints.com\/de-ch\/wp-json\/wp\/v2\/product_tag?post=470379"}],"curies":[{"name":"wp","href":"https:\/\/api.w.org\/{rel}","templated":true}]}}