{"id":458638,"date":"2021-10-27T15:35:22","date_gmt":"2021-10-27T14:35:22","guid":{"rendered":"https:\/\/positiveprints.com\/product\/toronto-karte-poster\/"},"modified":"2026-04-23T11:56:01","modified_gmt":"2026-04-23T10:56:01","slug":"toronto-map-poster-2","status":"publish","type":"product","link":"https:\/\/positiveprints.com\/de-ch\/produkt\/toronto-map-poster-2\/","title":{"rendered":"Toronto Karte Poster"},"content":{"rendered":"<br><br>\nNehmen Sie ein St\u00fcck Ihrer Lieblingsabenteuer mit nach Hause &#8211; mit unserem Toronto-Poster. Unsere hochwertigen Poster eignen sich hervorragend als Wandkunst und Geschenk!\n<br>\n<br>\n<h2>Holen Sie sich eine Karte von jeder Stadt der Welt<\/h2>\nKarten dienen nicht nur der Wegfindung. Sie erz\u00e4hlen auch Geschichten von Ihren Reisen und zeigen die Stra\u00dfen und Sehensw\u00fcrdigkeiten, auf denen einige der sch\u00f6nsten Momente Ihres Lebens stattgefunden haben. Wenn Sie einen Ort haben, der Ihnen am Herzen liegt, gibt es keine bessere M\u00f6glichkeit, diesen Ort zu w\u00fcrdigen, als ihn auf einem <a href=\"https:\/\/positiveprints.com\/product\/custom-map-art\/\">individuellen Stadtplanposter<\/a> festzuhalten.  \n<br><br>\nUnser Toronto-Kartenposter ist ma\u00dfstabsgetreu gezeichnet und verwendet die genauesten und aktuellsten Kartendaten. Ihre Lieblingsorte werden sofort zu einem Kunstwerk und spiegeln die Orte wider, die Ihnen am wichtigsten sind.  \n\n<br><br><br>\n<h2>Toronto Map Poster &#8211; Das perfekte Geschenk f\u00fcr alle Gelegenheiten!<\/h2> \nWenn Sie ein Gesp\u00fcr f\u00fcr das Einzigartige und Unerwartete haben, dann werden Sie es lieben, einen Torontomap-Druck zu verschenken! Unsere Karten sind wertvolle Andenken, die Ihre Familie oder Freunde lieben werden, aber vielleicht nie daran denken w\u00fcrden, sie selbst zu kaufen. Sie sind die perfekte \u00dcberraschung f\u00fcr Jubil\u00e4en, Geburtstage, Abschlussfeiern, Feiertage, Verlobungen, Hochzeiten und alle anderen wichtigen Ereignisse im Leben.  \n<br><br>\nJede Karte wird auf Bestellung angefertigt &#8211; SIE w\u00e4hlen die Stadt, das Farbschema und die feinen Details, und wir k\u00fcmmern uns um den Rest. Sie k\u00f6nnen sie auch mit individuellen Textzeilen personalisieren. F\u00fcgen Sie Details \u00fcber ein wichtiges Datum im Leben des Empf\u00e4ngers hinzu, wie z. B. eine Hochzeit, eine Verlobung, eine neue Karriere oder einen gro\u00dfen Umzug.  \n<br><br>\nF\u00fcgen Sie eine Kartenmarkierung eines bestimmten Ortes in Ihren Toronto-Kartendruck ein, um einen besonders wichtigen Ort hervorzuheben, der Toronto f\u00fcr Sie zu etwas Besonderem macht!  \n\n<br><br><br>\n<h2>Erz\u00e4hlen Sie Ihre Geschichte mit  \n  Karte Kunst<\/h2>\nEgal, wo Sie sich aufhalten, Ihre Lieblingsorte k\u00f6nnen in Ihrem Zuhause eine k\u00fcnstlerische, pers\u00f6nliche Geschichte erz\u00e4hlen.\n<br><br>\nViele haben sich gefragt, was Mauern sagen w\u00fcrden, wenn sie sprechen k\u00f6nnten. Mit unserer Toronto-Karte brauchen Sie sich nicht mehr zu wundern!  \n<br><br>\nJedes Mal, wenn Sie ein Stadtplanposter an Ihre W\u00e4nde h\u00e4ngen, erz\u00e4hlen Sie jedem Besucher, der Ihr Haus betritt, einen Teil Ihrer Lebensgeschichte. Sie k\u00f6nnen mit einem Stadtplan von Toronto beginnen und im Laufe der Zeit weitere Stadtdrucke an Ihre W\u00e4nde anbringen, wobei jeder einzelne ein anderes Kapitel Ihres Lebens darstellt.  \n<br><br>\nLassen Sie sich von Ihrer Toronto-Karte zu Ihren Reisen inspirieren &#8211; in der Vergangenheit und in der Zukunft. Jedes Mal, wenn Sie auf Ihre Karte schauen, k\u00f6nnen Sie sich an all die sch\u00f6nen Erinnerungen erinnern, die Sie an Ihren Lieblingsorten gemacht haben, und neue Orte f\u00fcr Ihre n\u00e4chsten Abenteuer finden.\n\n<br><br><br>\n<h2>Erstellen Sie Ihr Toronto Map Poster in wenigen Minuten!<\/h2>\nUnser benutzerfreundliches Toronto\n  map print maker verwandelt Sie in wenigen Minuten in einen Kartenk\u00fcnstler. Geben Sie einfach Ihre Daten ein, folgen Sie den Schritten und warten Sie auf die Lieferung! Sie k\u00f6nnen auch einen digitalen Ausdruck herunterladen, um Ihre Karte noch schneller zu erhalten.  \n<br><br>\nErstellen Sie eine Karte der St\u00e4dte, die f\u00fcr Sie eine besondere Bedeutung haben!  \n<br><br>\n\nLassen Sie sich von Ihrem Toronto-Poster zu Ihren Reisen inspirieren &#8211; in der Vergangenheit und in der Zukunft. Jedes Mal, wenn Sie auf Ihre Karte schauen, k\u00f6nnen Sie sich an all die sch\u00f6nen Erinnerungen erinnern, die Sie an Ihren Lieblingsorten gemacht haben, und neue Orte f\u00fcr Ihre n\u00e4chsten Abenteuer finden.","protected":false},"excerpt":{"rendered":"<ul class=\"check-list\">\n<li>Erleben Sie die bezaubernde Sch\u00f6nheit Torontos mit unserem detaillierten Kartenposter<\/li>\n<li>Markieren Sie eine besondere Stelle mit einem ausgew\u00e4hlten Symbol<\/li>\n<li>Anpassen in 3 einfachen Schritten<\/li>\n<li>W\u00e4hlen Sie eine Vorlage oder werden Sie kreativ<\/li>\n<li>Vorschau Ihres Entwurfs bei jedem Schritt<\/li>\n<\/ul>\n","protected":false},"featured_media":181741,"template":"","meta":[],"product_brand":[],"product_cat":[5714],"product_tag":[],"class_list":{"0":"post-458638","1":"product","2":"type-product","3":"status-publish","4":"has-post-thumbnail","6":"product_cat-canada-de-ch","8":"first","9":"instock","10":"sale","11":"taxable","12":"shipping-taxable","13":"purchasable","14":"product-type-variable"},"yoast_head":"<!-- This site is optimized with the Yoast SEO Premium plugin v27.2 (Yoast SEO v27.2) - https:\/\/yoast.com\/product\/yoast-seo-premium-wordpress\/ -->\n<title>Toronto Karte Poster - Ihre Stadtplan Kunst - Positive Prints<\/title>\n<meta name=\"description\" content=\"Nehmen Sie ein St\u00fcck Ihrer Lieblingsabenteuer mit nach Hause - mit unserem Toronto-Poster. Unsere hochwertigen Poster eignen sich hervorragend als Wandkunst!\" \/>\n<meta name=\"robots\" content=\"index, follow, max-snippet:-1, max-image-preview:large, max-video-preview:-1\" \/>\n<link rel=\"canonical\" href=\"https:\/\/positiveprints.com\/de-ch\/produkt\/toronto-map-poster-2\/\" \/>\n<meta property=\"og:locale\" content=\"de_DE\" \/>\n<meta property=\"og:type\" content=\"article\" \/>\n<meta property=\"og:title\" content=\"Toronto Karte Poster\" \/>\n<meta property=\"og:description\" content=\"Erleben Sie die bezaubernde Sch\u00f6nheit Torontos mit unserem detaillierten Kartenposter Markieren Sie eine besondere Stelle mit einem ausgew\u00e4hlten Symbol Anpassen in 3 einfachen Schritten W\u00e4hlen Sie eine Vorlage oder werden Sie kreativ Vorschau Ihres Entwurfs bei jedem Schritt\" \/>\n<meta property=\"og:url\" content=\"https:\/\/positiveprints.com\/de-ch\/produkt\/toronto-map-poster-2\/\" \/>\n<meta property=\"og:site_name\" content=\"Positive Prints\" \/>\n<meta property=\"article:publisher\" content=\"https:\/\/www.facebook.com\/positiveprintscom\" \/>\n<meta property=\"article:modified_time\" content=\"2026-04-23T10:56:01+00:00\" \/>\n<meta property=\"og:image\" content=\"https:\/\/positiveprints.com\/wp-content\/uploads\/2021\/10\/Toronto-poster.jpg\" \/>\n\t<meta property=\"og:image:width\" content=\"600\" \/>\n\t<meta property=\"og:image:height\" content=\"800\" \/>\n\t<meta property=\"og:image:type\" content=\"image\/jpeg\" \/>\n<meta name=\"twitter:card\" content=\"summary_large_image\" \/>\n<!-- \/ Yoast SEO Premium plugin. -->","yoast_head_json":{"title":"Toronto Karte Poster - Ihre Stadtplan Kunst - Positive Prints","description":"Nehmen Sie ein St\u00fcck Ihrer Lieblingsabenteuer mit nach Hause - mit unserem Toronto-Poster. Unsere hochwertigen Poster eignen sich hervorragend als Wandkunst!","robots":{"index":"index","follow":"follow","max-snippet":"max-snippet:-1","max-image-preview":"max-image-preview:large","max-video-preview":"max-video-preview:-1"},"canonical":"https:\/\/positiveprints.com\/de-ch\/produkt\/toronto-map-poster-2\/","og_locale":"de_DE","og_type":"article","og_title":"Toronto Karte Poster","og_description":"Erleben Sie die bezaubernde Sch\u00f6nheit Torontos mit unserem detaillierten Kartenposter Markieren Sie eine besondere Stelle mit einem ausgew\u00e4hlten Symbol Anpassen in 3 einfachen Schritten W\u00e4hlen Sie eine Vorlage oder werden Sie kreativ Vorschau Ihres Entwurfs bei jedem Schritt","og_url":"https:\/\/positiveprints.com\/de-ch\/produkt\/toronto-map-poster-2\/","og_site_name":"Positive Prints","article_publisher":"https:\/\/www.facebook.com\/positiveprintscom","article_modified_time":"2026-04-23T10:56:01+00:00","og_image":[{"width":600,"height":800,"url":"https:\/\/positiveprints.com\/wp-content\/uploads\/2021\/10\/Toronto-poster.jpg","type":"image\/jpeg"}],"twitter_card":"summary_large_image","schema":{"@context":"https:\/\/schema.org","@graph":[{"@type":["WebPage","ItemPage"],"@id":"https:\/\/positiveprints.com\/de-ch\/produkt\/toronto-map-poster-2\/","url":"https:\/\/positiveprints.com\/de-ch\/produkt\/toronto-map-poster-2\/","name":"Toronto Karte Poster - Ihre Stadtplan Kunst - Positive Prints","isPartOf":{"@id":"https:\/\/positiveprints.com\/de-ch\/#website"},"primaryImageOfPage":{"@id":"https:\/\/positiveprints.com\/de-ch\/produkt\/toronto-map-poster-2\/#primaryimage"},"image":{"@id":"https:\/\/positiveprints.com\/de-ch\/produkt\/toronto-map-poster-2\/#primaryimage"},"thumbnailUrl":"https:\/\/positiveprints.com\/wp-content\/uploads\/2021\/10\/Toronto-city-map-poster.jpg","datePublished":"2021-10-27T14:35:22+00:00","dateModified":"2026-04-23T10:56:01+00:00","description":"Nehmen Sie ein St\u00fcck Ihrer Lieblingsabenteuer mit nach Hause - mit unserem Toronto-Poster. Unsere hochwertigen Poster eignen sich hervorragend als Wandkunst!","breadcrumb":{"@id":"https:\/\/positiveprints.com\/de-ch\/produkt\/toronto-map-poster-2\/#breadcrumb"},"inLanguage":"de-CH","potentialAction":[{"@type":"ReadAction","target":["https:\/\/positiveprints.com\/de-ch\/produkt\/toronto-map-poster-2\/"]}]},{"@type":"ImageObject","inLanguage":"de-CH","@id":"https:\/\/positiveprints.com\/de-ch\/produkt\/toronto-map-poster-2\/#primaryimage","url":"https:\/\/positiveprints.com\/wp-content\/uploads\/2021\/10\/Toronto-city-map-poster.jpg","contentUrl":"https:\/\/positiveprints.com\/wp-content\/uploads\/2021\/10\/Toronto-city-map-poster.jpg","width":1080,"height":1080,"caption":"Unser Toronto-Kartenposter ist ma\u00dfstabsgetreu gezeichnet und verwendet die genauesten und aktuellsten Kartendaten."},{"@type":"BreadcrumbList","@id":"https:\/\/positiveprints.com\/de-ch\/produkt\/toronto-map-poster-2\/#breadcrumb","itemListElement":[{"@type":"ListItem","position":1,"name":"Home","item":"https:\/\/positiveprints.com\/de-ch\/"},{"@type":"ListItem","position":2,"name":"Produkte","item":"https:\/\/positiveprints.com\/de-ch\/shop\/"},{"@type":"ListItem","position":3,"name":"Toronto Karte Poster"}]},{"@type":"WebSite","@id":"https:\/\/positiveprints.com\/de-ch\/#website","url":"https:\/\/positiveprints.com\/de-ch\/","name":"Positive Prints","description":"Amazing Custom Personalized Gifts","publisher":{"@id":"https:\/\/positiveprints.com\/de-ch\/#organization"},"potentialAction":[{"@type":"SearchAction","target":{"@type":"EntryPoint","urlTemplate":"https:\/\/positiveprints.com\/de-ch\/?s={search_term_string}"},"query-input":{"@type":"PropertyValueSpecification","valueRequired":true,"valueName":"search_term_string"}}],"inLanguage":"de-CH"},{"@type":"Organization","@id":"https:\/\/positiveprints.com\/de-ch\/#organization","name":"Positive Prints","alternateName":"Positive Prints","url":"https:\/\/positiveprints.com\/de-ch\/","logo":{"@type":"ImageObject","inLanguage":"de-CH","@id":"https:\/\/positiveprints.com\/de-ch\/#\/schema\/logo\/image\/","url":"https:\/\/positiveprints.com\/wp-content\/uploads\/2026\/03\/245815646_1337939713319158_5671353136411139666_n.png","contentUrl":"https:\/\/positiveprints.com\/wp-content\/uploads\/2026\/03\/245815646_1337939713319158_5671353136411139666_n.png","width":800,"height":800,"caption":"Positive Prints"},"image":{"@id":"https:\/\/positiveprints.com\/de-ch\/#\/schema\/logo\/image\/"},"sameAs":["https:\/\/www.facebook.com\/positiveprintscom","https:\/\/www.instagram.com\/positiveprintscom\/","https:\/\/www.tiktok.com\/@positiveprintscom","https:\/\/www.pinterest.com\/positiveprintscom\/"]}]}},"jetpack_sharing_enabled":true,"_links":{"self":[{"href":"https:\/\/positiveprints.com\/de-ch\/wp-json\/wp\/v2\/product\/458638","targetHints":{"allow":["GET"]}}],"collection":[{"href":"https:\/\/positiveprints.com\/de-ch\/wp-json\/wp\/v2\/product"}],"about":[{"href":"https:\/\/positiveprints.com\/de-ch\/wp-json\/wp\/v2\/types\/product"}],"wp:featuredmedia":[{"embeddable":true,"href":"https:\/\/positiveprints.com\/de-ch\/wp-json\/wp\/v2\/media\/181741"}],"wp:attachment":[{"href":"https:\/\/positiveprints.com\/de-ch\/wp-json\/wp\/v2\/media?parent=458638"}],"wp:term":[{"taxonomy":"product_brand","embeddable":true,"href":"https:\/\/positiveprints.com\/de-ch\/wp-json\/wp\/v2\/product_brand?post=458638"},{"taxonomy":"product_cat","embeddable":true,"href":"https:\/\/positiveprints.com\/de-ch\/wp-json\/wp\/v2\/product_cat?post=458638"},{"taxonomy":"product_tag","embeddable":true,"href":"https:\/\/positiveprints.com\/de-ch\/wp-json\/wp\/v2\/product_tag?post=458638"}],"curies":[{"name":"wp","href":"https:\/\/api.w.org\/{rel}","templated":true}]}}