{"id":453409,"date":"2023-02-16T13:31:44","date_gmt":"2023-02-16T12:31:44","guid":{"rendered":"https:\/\/positiveprints.com\/product\/karte-des-elternhauses\/"},"modified":"2026-04-28T14:28:32","modified_gmt":"2026-04-28T13:28:32","slug":"karte-des-elternhauses","status":"publish","type":"product","link":"https:\/\/positiveprints.com\/de-ch\/produkt\/karte-des-elternhauses\/","title":{"rendered":"Karte des Elternhauses"},"content":{"rendered":"<p style=\"margin-top: 1rem\">Suchst du ein einzigartiges Geschenk f\u00fcr deine Eltern? Dann suche nicht weiter! Wir haben f\u00fcr dich die Karte deines Familienhauses! Mit seinen anpassbaren Optionen kannst du ein einzigartiges Geschenk kreieren, an dem deine Eltern jahrelang Freude haben werden. Warum \u00fcberraschst du sie also nicht heute mit diesem bedeutungsvollen und durchdachten Geschenk? Sie werden es sicher lieben!<\/p>\r\n\r\n<h2 class=\"grenB f24 cblue\" style=\"margin-top: 3rem\">Eine sch\u00f6ne Erinnerung an all die wunderbaren Erinnerungen<\/h2>\r\n\r\n<p style=\"margin-top: 1rem\">Die Elternhauskarte ist eine ausgezeichnete Wahl f\u00fcr diejenigen, die ein sinnvolles und durchdachtes Geschenk f\u00fcr ihre Eltern suchen. Diese personalisierte Karte wird deinen Eltern mit Sicherheit ein L\u00e4cheln ins Gesicht zaubern und wird eine sch\u00f6ne Erinnerung an all die wunderbaren Orte und Erinnerungen sein, die sie miteinander geteilt haben. Und weil sie individuell gestaltet werden kann, kannst du sicherstellen, dass die Elternhauskarte die einzigartige Geschichte deiner Eltern widerspiegelt und immer eine besondere Erinnerung an die Liebe zwischen euch bleibt.<\/p>\r\n\r\n<p style=\"margin-top: 1rem\">Die Elternhauskarte ist das perfekte Geschenk f\u00fcr jeden Anlass, egal ob es sich um den Jahrestag oder Geburtstag deiner Eltern handelt oder um ihnen einfach zu zeigen, wie wichtig sie dir sind. Diese personalisierte Karte wird deinen Eltern mit Sicherheit das Gef\u00fchl geben, besonders geliebt und besonders zu sein, da sie jedes Mal, wenn sie sie betrachten, an all die wunderbaren Orte und Erinnerungen erinnert werden, die sie miteinander geteilt haben.<\/p>\r\n\r\n<h2 class=\"grenB f24 cblue\" style=\"margin-top: 3rem\">Das Personalisieren einer Elternhauskarte ist einfach und macht Spa\u00df<\/h2>\r\n\r\n<p style=\"margin-top: 1rem\">Das Personalisieren einer Familienhauskarte ist einfach und macht Spa\u00df! Zuerst w\u00e4hlst du das Design deiner Karte aus. Dann gibst du den Ort ein, den du hervorheben und das Symbol, das du integrieren m\u00f6chtest. Auf Wunsch kannst du auch pers\u00f6nliche Nachrichten und Zitate schreiben! Sobald du deine Auswahl getroffen hast, kannst du die Gr\u00f6\u00dfe und das Format deines Drucks ausw\u00e4hlen. Du kannst zwischen einem Poster, einer Leinwand, einem gerahmten Kunstwerk oder einer Sofort-Download-Datei w\u00e4hlen, die du lokal drucken kannst. Mit so vielen Optionen zum Anpassen der Karte kannst du ein einzigartiges und bedeutungsvolles Geschenk erstellen, an dem deine Eltern jahrelang Freude haben werden!<\/p>\r\n\r\n\r\n\r\n<p style=\"margin-top: 3rem\">Bestelle noch heute die Elternhauskarte und mache deinen Eltern ein besonderes und bedeutungsvolles Geschenk, an das sie sich immer erinnern werden!<\/p>","protected":false},"excerpt":{"rendered":"<ul class=\"check-list\">\n<li>Erstelle eine Karte des Ortes, den du immer dein Zuhause nennen wirst<\/li>\n<li>F\u00fcge einen aussagekr\u00e4ftigen personalisierten Text hinzu<\/li>\n<li>Passen esin 3 einfachen Schritten<\/li>\n<li>W\u00e4hle eine Vorlage aus oder werde kreativ<\/li>\n<li>Sieh das Ergebnis sofort \u2013 die interaktive Vorschau erm\u00f6glicht dir, jedes Detail direkt anzupassen<\/li>\n<\/ul>\n","protected":false},"featured_media":656629,"template":"","meta":[],"product_brand":[],"product_cat":[4905,7199,5275,15062,11366],"product_tag":[16921,15494,8762,13463],"class_list":{"0":"post-453409","1":"product","2":"type-product","3":"status-publish","4":"has-post-thumbnail","6":"product_cat-alle-produkte-de-ch","7":"product_cat-map-de-ch","8":"product_cat-weihnachtsgeschenke-de-ch","9":"product_cat-weihnachtsgeschenke-fuer-familie-de-ch","10":"product_cat-weihnachtsgeschenke-fur-die-eltern-de-ch","11":"product_tag-christmas-gifts-for-family-de-ch","12":"product_tag-mama-und-papa","13":"product_tag-parents-de-ch","14":"product_tag-weihnachtsgeschenke-fur-die-familie-de-ch","16":"first","17":"instock","18":"sale","19":"taxable","20":"shipping-taxable","21":"purchasable","22":"product-type-variable"},"yoast_head":"<!-- This site is optimized with the Yoast SEO Premium plugin v27.2 (Yoast SEO v27.2) - https:\/\/yoast.com\/product\/yoast-seo-premium-wordpress\/ -->\n<title>Karte des Elternhauses - Positive Prints<\/title>\n<meta name=\"description\" content=\"Suchst du ein einzigartiges Geschenk f\u00fcr deine Eltern? Bestelle noch heute die Elternhauskarte und mache deinen Eltern ein besonderes und bedeutungsvolles Geschenk, an das sie sich immer erinnern werden!\" \/>\n<meta name=\"robots\" content=\"index, follow, max-snippet:-1, max-image-preview:large, max-video-preview:-1\" \/>\n<link rel=\"canonical\" href=\"https:\/\/positiveprints.com\/de-ch\/produkt\/karte-des-elternhauses\/\" \/>\n<meta property=\"og:locale\" content=\"de_DE\" \/>\n<meta property=\"og:type\" content=\"article\" \/>\n<meta property=\"og:title\" content=\"Karte des Elternhauses\" \/>\n<meta property=\"og:description\" content=\"Erstelle eine Karte des Ortes, den du immer dein Zuhause nennen wirst F\u00fcge einen aussagekr\u00e4ftigen personalisierten Text hinzu Passen esin 3 einfachen Schritten W\u00e4hle eine Vorlage aus oder werde kreativ Sieh das Ergebnis sofort \u2013 die interaktive Vorschau erm\u00f6glicht dir, jedes Detail direkt anzupassen\" \/>\n<meta property=\"og:url\" content=\"https:\/\/positiveprints.com\/de-ch\/produkt\/karte-des-elternhauses\/\" \/>\n<meta property=\"og:site_name\" content=\"Positive Prints\" \/>\n<meta property=\"article:publisher\" content=\"https:\/\/www.facebook.com\/positiveprintscom\" \/>\n<meta property=\"article:modified_time\" content=\"2026-04-28T13:28:32+00:00\" \/>\n<meta property=\"og:image\" content=\"https:\/\/positiveprints.com\/wp-content\/uploads\/2023\/08\/Karte-des-Elternhauses-1.jpg\" \/>\n\t<meta property=\"og:image:width\" content=\"1080\" \/>\n\t<meta property=\"og:image:height\" content=\"1080\" \/>\n\t<meta property=\"og:image:type\" content=\"image\/jpeg\" \/>\n<meta name=\"twitter:card\" content=\"summary_large_image\" \/>\n<!-- \/ Yoast SEO Premium plugin. -->","yoast_head_json":{"title":"Karte des Elternhauses - Positive Prints","description":"Suchst du ein einzigartiges Geschenk f\u00fcr deine Eltern? Bestelle noch heute die Elternhauskarte und mache deinen Eltern ein besonderes und bedeutungsvolles Geschenk, an das sie sich immer erinnern werden!","robots":{"index":"index","follow":"follow","max-snippet":"max-snippet:-1","max-image-preview":"max-image-preview:large","max-video-preview":"max-video-preview:-1"},"canonical":"https:\/\/positiveprints.com\/de-ch\/produkt\/karte-des-elternhauses\/","og_locale":"de_DE","og_type":"article","og_title":"Karte des Elternhauses","og_description":"Erstelle eine Karte des Ortes, den du immer dein Zuhause nennen wirst F\u00fcge einen aussagekr\u00e4ftigen personalisierten Text hinzu Passen esin 3 einfachen Schritten W\u00e4hle eine Vorlage aus oder werde kreativ Sieh das Ergebnis sofort \u2013 die interaktive Vorschau erm\u00f6glicht dir, jedes Detail direkt anzupassen","og_url":"https:\/\/positiveprints.com\/de-ch\/produkt\/karte-des-elternhauses\/","og_site_name":"Positive Prints","article_publisher":"https:\/\/www.facebook.com\/positiveprintscom","article_modified_time":"2026-04-28T13:28:32+00:00","og_image":[{"width":1080,"height":1080,"url":"https:\/\/positiveprints.com\/wp-content\/uploads\/2023\/08\/Karte-des-Elternhauses-1.jpg","type":"image\/jpeg"}],"twitter_card":"summary_large_image","schema":{"@context":"https:\/\/schema.org","@graph":[{"@type":["WebPage","ItemPage"],"@id":"https:\/\/positiveprints.com\/de-ch\/produkt\/karte-des-elternhauses\/","url":"https:\/\/positiveprints.com\/de-ch\/produkt\/karte-des-elternhauses\/","name":"Karte des Elternhauses - Positive Prints","isPartOf":{"@id":"https:\/\/positiveprints.com\/de-ch\/#website"},"primaryImageOfPage":{"@id":"https:\/\/positiveprints.com\/de-ch\/produkt\/karte-des-elternhauses\/#primaryimage"},"image":{"@id":"https:\/\/positiveprints.com\/de-ch\/produkt\/karte-des-elternhauses\/#primaryimage"},"thumbnailUrl":"https:\/\/positiveprints.com\/wp-content\/uploads\/2023\/08\/Karte-des-Elternhauses-1.jpg","datePublished":"2023-02-16T12:31:44+00:00","dateModified":"2026-04-28T13:28:32+00:00","description":"Suchst du ein einzigartiges Geschenk f\u00fcr deine Eltern? Bestelle noch heute die Elternhauskarte und mache deinen Eltern ein besonderes und bedeutungsvolles Geschenk, an das sie sich immer erinnern werden!","breadcrumb":{"@id":"https:\/\/positiveprints.com\/de-ch\/produkt\/karte-des-elternhauses\/#breadcrumb"},"inLanguage":"de-CH","potentialAction":[{"@type":"ReadAction","target":["https:\/\/positiveprints.com\/de-ch\/produkt\/karte-des-elternhauses\/"]}]},{"@type":"ImageObject","inLanguage":"de-CH","@id":"https:\/\/positiveprints.com\/de-ch\/produkt\/karte-des-elternhauses\/#primaryimage","url":"https:\/\/positiveprints.com\/wp-content\/uploads\/2023\/08\/Karte-des-Elternhauses-1.jpg","contentUrl":"https:\/\/positiveprints.com\/wp-content\/uploads\/2023\/08\/Karte-des-Elternhauses-1.jpg","width":1080,"height":1080,"caption":"Karte des Elternhauses"},{"@type":"BreadcrumbList","@id":"https:\/\/positiveprints.com\/de-ch\/produkt\/karte-des-elternhauses\/#breadcrumb","itemListElement":[{"@type":"ListItem","position":1,"name":"Home","item":"https:\/\/positiveprints.com\/de-ch\/"},{"@type":"ListItem","position":2,"name":"Produkte","item":"https:\/\/positiveprints.com\/de-ch\/shop\/"},{"@type":"ListItem","position":3,"name":"Karte des Elternhauses"}]},{"@type":"WebSite","@id":"https:\/\/positiveprints.com\/de-ch\/#website","url":"https:\/\/positiveprints.com\/de-ch\/","name":"Positive Prints","description":"Amazing Custom Personalized Gifts","publisher":{"@id":"https:\/\/positiveprints.com\/de-ch\/#organization"},"potentialAction":[{"@type":"SearchAction","target":{"@type":"EntryPoint","urlTemplate":"https:\/\/positiveprints.com\/de-ch\/?s={search_term_string}"},"query-input":{"@type":"PropertyValueSpecification","valueRequired":true,"valueName":"search_term_string"}}],"inLanguage":"de-CH"},{"@type":"Organization","@id":"https:\/\/positiveprints.com\/de-ch\/#organization","name":"Positive Prints","alternateName":"Positive Prints","url":"https:\/\/positiveprints.com\/de-ch\/","logo":{"@type":"ImageObject","inLanguage":"de-CH","@id":"https:\/\/positiveprints.com\/de-ch\/#\/schema\/logo\/image\/","url":"https:\/\/positiveprints.com\/wp-content\/uploads\/2026\/03\/245815646_1337939713319158_5671353136411139666_n.png","contentUrl":"https:\/\/positiveprints.com\/wp-content\/uploads\/2026\/03\/245815646_1337939713319158_5671353136411139666_n.png","width":800,"height":800,"caption":"Positive Prints"},"image":{"@id":"https:\/\/positiveprints.com\/de-ch\/#\/schema\/logo\/image\/"},"sameAs":["https:\/\/www.facebook.com\/positiveprintscom","https:\/\/www.instagram.com\/positiveprintscom\/","https:\/\/www.tiktok.com\/@positiveprintscom","https:\/\/www.pinterest.com\/positiveprintscom\/"]}]}},"jetpack_sharing_enabled":true,"_links":{"self":[{"href":"https:\/\/positiveprints.com\/de-ch\/wp-json\/wp\/v2\/product\/453409","targetHints":{"allow":["GET"]}}],"collection":[{"href":"https:\/\/positiveprints.com\/de-ch\/wp-json\/wp\/v2\/product"}],"about":[{"href":"https:\/\/positiveprints.com\/de-ch\/wp-json\/wp\/v2\/types\/product"}],"wp:featuredmedia":[{"embeddable":true,"href":"https:\/\/positiveprints.com\/de-ch\/wp-json\/wp\/v2\/media\/656629"}],"wp:attachment":[{"href":"https:\/\/positiveprints.com\/de-ch\/wp-json\/wp\/v2\/media?parent=453409"}],"wp:term":[{"taxonomy":"product_brand","embeddable":true,"href":"https:\/\/positiveprints.com\/de-ch\/wp-json\/wp\/v2\/product_brand?post=453409"},{"taxonomy":"product_cat","embeddable":true,"href":"https:\/\/positiveprints.com\/de-ch\/wp-json\/wp\/v2\/product_cat?post=453409"},{"taxonomy":"product_tag","embeddable":true,"href":"https:\/\/positiveprints.com\/de-ch\/wp-json\/wp\/v2\/product_tag?post=453409"}],"curies":[{"name":"wp","href":"https:\/\/api.w.org\/{rel}","templated":true}]}}