{"id":453313,"date":"2023-02-14T15:00:15","date_gmt":"2023-04-06T09:21:28","guid":{"rendered":"https:\/\/positiveprints.com\/product\/doppelkarte-fuer-papa\/"},"modified":"2026-04-03T03:21:56","modified_gmt":"2026-04-03T02:21:56","slug":"doppelkarte-fuer-papa","status":"publish","type":"product","link":"https:\/\/positiveprints.com\/de-ch\/produkt\/doppelkarte-fuer-papa\/","title":{"rendered":"Doppelkarte f\u00fcr Papa"},"content":{"rendered":"<p style=\"margin-top: 1rem\">Bist du auf der Suche nach dem perfekten Geschenk f\u00fcr deinen Papa? Dann suche nicht weiter! Unsere Doppelkarte f\u00fcr Papa ist da! Diese personalisierte Wandkunst ist ein bedeutungsvolles Geschenk, das den Vater sicher lieben wird. Du kannst es personalisieren, was es zu einem unglaublich besonderen und einzigartigen Geschenk macht. Es ist eine gro\u00dfartige M\u00f6glichkeit, Papa zu ehren und ihm zu zeigen, wie viel er dir bedeutet! Es ist sicher, dass er es die kommenden Jahre sch\u00e4tzen wird. Hole deinem Vater das perfekte Geschenk zum Vatertag oder Geburtstag und schenke ihm die Doppelkarte! Er wird sie lieben!<\/p>\r\n\r\n\r\n\r\n<h2 class=\"grenB f24 cblue\" style=\"margin-top: 3rem\">Personalisierte Wandkunst: Doppelkarte f\u00fcr Papa<\/h2>\r\n\r\n<p style=\"margin-top: 1rem\">Kein Vater kann ersetzt werden, und was der Vater seinen Kindern bedeutet, ist unbeschreiblich. Er ist eine S\u00e4ule der St\u00e4rke in ihrem Leben und unterst\u00fctzt sie durch die gl\u00fccklichsten Zeiten und die schwierigsten. Es ist nur richtig, dass er an dem Vatertag oder an seinem Geburtstag etwas ganz Besonderes verdient hat. Egal, ob es sich um ein Geschenk handelt, das er zeigen kann, oder um eine herzliche Karte, Papa verdient es zu wissen, wie sehr du ihn sch\u00e4tzt. Lass ihn wissen, dass er dir wichtig ist und danke ihm f\u00fcr alles, was er getan hat. Zeige deinem Vater, wie wichtig er dir ist!<\/p>\r\n\r\n<p style=\"margin-top: 1rem\">Mit der Wandkunst \u201cDoppelkarte f\u00fcr Papa\u201d kannst du deinem Vater ein personalisiertes und bedeutungsvolles Geschenk machen. Du kannst es nach Belieben personalisieren. W\u00e4hle Farben aus, die am besten passen, und f\u00fcge auch einen pers\u00f6nlichen Text hinzu. Es ist sicher, dass es f\u00fcr die kommenden Jahre gesch\u00e4tzt wird. Lasse deinen Papa wissen, wie viel er dir bedeutet, und stelle sicher, dass dieser Vatertag oder Papas Geburtstag wirklich etwas Besonderes ist! Mache deinem Vater das perfekte Geschenk mit der Wandkunst \u201cDoppelkarte f\u00fcr Papa\u201c. Er wird es lieben!<\/p>\r\n\r\n\r\n<h2 class=\"grenB f24 cblue\" style=\"margin-top: 3rem\">Gr\u00fcnde, warum Papa ein besonderes Geschenk verdient<\/h2>\r\n\r\n<p style=\"margin-top: 1rem\">Jeder Vater ist einzigartig und verdient es, gefeiert zu werden. Er war von Anfang an f\u00fcr dich da, hat dich angefeuert und dich auf dem Weg ermutigt. Papa stellt andere immer an die erste Stelle, also ist es an der Zeit, Papa an diesem Vatertag oder an seinem Geburtstag ins Rampenlicht zu r\u00fccken. Gebe deinem Vater etwas, was einzigartig ist.<\/p>\r\n\r\n<p style=\"margin-top: 1rem\">Zeige deinem Papa, wie sehr er dir am Herzen liegt, indem du ihm das perfekte Geschenk macht, um deine Wertsch\u00e4tzung und Dankbarkeit f\u00fcr alles zu zeigen, was er f\u00fcr dich getan hat. Lass deinen Papa wissen, dass seine harte Arbeit, sein Engagement und seine Liebe nicht unbemerkt geblieben sind! Er verdient etwas Besonderes am Vatertag oder an seinem Geburtstag. Bringe deinen Papa mit einem durchdachten und bedeutungsvollen Geschenk zum L\u00e4cheln! Daran wird er sich sicherlich noch viele Jahre erfreuen.<\/p>\r\n\r\n\r\n<p style=\"margin-top: 3rem\">Es ist an der Zeit, deinem Papa zu zeigen, wie sehr du all das sch\u00e4tzt, was er tut. Am Vatertag oder zu seinem Geburtstag, mache deinem Papa ein Geschenk, das er f\u00fcr immer sch\u00e4tzen wird. Unsere Doppelte-Wandkunst ist der perfekte Weg, um Papa zu ehren und ihm zu zeigen, wie sehr du dich f\u00fcr ihn interessierst. Schaffe mit diesem einzigartigen Wandbild etwas Sinnvolles und Pers\u00f6nliches f\u00fcr deinen Papa! Er wird es sicher lieben. Hole deinem Vater das perfekte Geschenk zum Vatertag oder zu seinem Geburtstag und schenke ihm die Doppelkarte als Wandkunst! Zeige mit einem besonderen und bedeutungsvollen Geschenk, wie sehr dankbar du bist, dass dein Papa dein Papa ist!<\/p>","protected":false},"excerpt":{"rendered":"<ul class=\"check-list\">\n<li>Entwerfe eine Karte mit den Orten, an denen dein Vater lebt \u2013 egal, wie viele Kilometer zwischen euch liegen<\/li>\n<li>Markiere zwei besondere Orte mit ausgew\u00e4hlten Symbolen<\/li>\n<li>Passe dein Kunstwerk in 3 einfachen Schritten an<\/li>\n<li>F\u00fcge einen aussagekr\u00e4ftigen personalisierten Text hinzu<\/li>\n<li>Sieh das Ergebnis sofort \u2013 die interaktive Vorschau erm\u00f6glicht dir, jedes Detail direkt anzupassen<\/li>\n<\/ul>\n","protected":false},"featured_media":1475722,"template":"","meta":[],"product_brand":[],"product_cat":[9121,4905,7983],"product_tag":[16472,8561],"class_list":{"0":"post-453313","1":"product","2":"type-product","3":"status-publish","4":"has-post-thumbnail","6":"product_cat-double-maps-de-ch","7":"product_cat-alle-produkte-de-ch","8":"product_cat-geschenke-fur-papa-de-ch","9":"product_tag-father-de-ch-2","10":"product_tag-father-de-ch","12":"first","13":"instock","14":"sale","15":"taxable","16":"shipping-taxable","17":"purchasable","18":"product-type-variable"},"yoast_head":"<!-- This site is optimized with the Yoast SEO Premium plugin v27.2 (Yoast SEO v27.2) - https:\/\/yoast.com\/product\/yoast-seo-premium-wordpress\/ -->\n<title>Doppelkarte f\u00fcr Papa - Positive Prints<\/title>\n<meta name=\"description\" content=\"Hole Papa das perfekte Geschenk zum Vatertag oder Papas Geburtstag und schenke deinem Papa eine Doppelkarte! Er wird diese bestimmt dieses Kunstwerk die kommenden Jahre sch\u00e4tzen.\" \/>\n<meta name=\"robots\" content=\"index, follow, max-snippet:-1, max-image-preview:large, max-video-preview:-1\" \/>\n<link rel=\"canonical\" href=\"https:\/\/positiveprints.com\/de-ch\/produkt\/doppelkarte-fuer-papa\/\" \/>\n<meta property=\"og:locale\" content=\"de_DE\" \/>\n<meta property=\"og:type\" content=\"article\" \/>\n<meta property=\"og:title\" content=\"Doppelkarte f\u00fcr Papa\" \/>\n<meta property=\"og:description\" content=\"Entwerfe eine Karte mit den Orten, an denen dein Vater lebt \u2013 egal, wie viele Kilometer zwischen euch liegen  Markiere zwei besondere Orte mit ausgew\u00e4hlten Symbolen  Passe dein Kunstwerk in 3 einfachen Schritten an  F\u00fcge einen aussagekr\u00e4ftigen personalisierten Text hinzu  Sieh das Ergebnis sofort \u2013 die interaktive Vorschau erm\u00f6glicht dir, jedes Detail direkt anzupassen\" \/>\n<meta property=\"og:url\" content=\"https:\/\/positiveprints.com\/de-ch\/produkt\/doppelkarte-fuer-papa\/\" \/>\n<meta property=\"og:site_name\" content=\"Positive Prints\" \/>\n<meta property=\"article:publisher\" content=\"https:\/\/www.facebook.com\/positiveprintscom\" \/>\n<meta property=\"article:modified_time\" content=\"2026-04-03T02:21:56+00:00\" \/>\n<meta property=\"og:image\" content=\"https:\/\/positiveprints.com\/wp-content\/uploads\/2023\/04\/Doppelkarte-fur-Papa.jpg\" \/>\n\t<meta property=\"og:image:width\" content=\"1080\" \/>\n\t<meta property=\"og:image:height\" content=\"1080\" \/>\n\t<meta property=\"og:image:type\" content=\"image\/jpeg\" \/>\n<meta name=\"twitter:card\" content=\"summary_large_image\" \/>\n<meta name=\"twitter:label1\" content=\"Gesch\u00e4tzte Lesezeit\" \/>\n\t<meta name=\"twitter:data1\" content=\"3\u00a0Minuten\" \/>\n<!-- \/ Yoast SEO Premium plugin. -->","yoast_head_json":{"title":"Doppelkarte f\u00fcr Papa - Positive Prints","description":"Hole Papa das perfekte Geschenk zum Vatertag oder Papas Geburtstag und schenke deinem Papa eine Doppelkarte! Er wird diese bestimmt dieses Kunstwerk die kommenden Jahre sch\u00e4tzen.","robots":{"index":"index","follow":"follow","max-snippet":"max-snippet:-1","max-image-preview":"max-image-preview:large","max-video-preview":"max-video-preview:-1"},"canonical":"https:\/\/positiveprints.com\/de-ch\/produkt\/doppelkarte-fuer-papa\/","og_locale":"de_DE","og_type":"article","og_title":"Doppelkarte f\u00fcr Papa","og_description":"Entwerfe eine Karte mit den Orten, an denen dein Vater lebt \u2013 egal, wie viele Kilometer zwischen euch liegen  Markiere zwei besondere Orte mit ausgew\u00e4hlten Symbolen  Passe dein Kunstwerk in 3 einfachen Schritten an  F\u00fcge einen aussagekr\u00e4ftigen personalisierten Text hinzu  Sieh das Ergebnis sofort \u2013 die interaktive Vorschau erm\u00f6glicht dir, jedes Detail direkt anzupassen","og_url":"https:\/\/positiveprints.com\/de-ch\/produkt\/doppelkarte-fuer-papa\/","og_site_name":"Positive Prints","article_publisher":"https:\/\/www.facebook.com\/positiveprintscom","article_modified_time":"2026-04-03T02:21:56+00:00","og_image":[{"width":1080,"height":1080,"url":"https:\/\/positiveprints.com\/wp-content\/uploads\/2023\/04\/Doppelkarte-fur-Papa.jpg","type":"image\/jpeg"}],"twitter_card":"summary_large_image","twitter_misc":{"Gesch\u00e4tzte Lesezeit":"3\u00a0Minuten"},"schema":{"@context":"https:\/\/schema.org","@graph":[{"@type":["WebPage","ItemPage"],"@id":"https:\/\/positiveprints.com\/de-ch\/produkt\/doppelkarte-fuer-papa\/","url":"https:\/\/positiveprints.com\/de-ch\/produkt\/doppelkarte-fuer-papa\/","name":"Doppelkarte f\u00fcr Papa - Positive Prints","isPartOf":{"@id":"https:\/\/positiveprints.com\/de-ch\/#website"},"primaryImageOfPage":{"@id":"https:\/\/positiveprints.com\/de-ch\/produkt\/doppelkarte-fuer-papa\/#primaryimage"},"image":{"@id":"https:\/\/positiveprints.com\/de-ch\/produkt\/doppelkarte-fuer-papa\/#primaryimage"},"thumbnailUrl":"https:\/\/positiveprints.com\/wp-content\/uploads\/2025\/07\/Packshot_DE_Doppelkarte-fu\u0308r-Papa.webp","datePublished":"2023-04-06T09:21:28+00:00","dateModified":"2026-04-03T02:21:56+00:00","description":"Hole Papa das perfekte Geschenk zum Vatertag oder Papas Geburtstag und schenke deinem Papa eine Doppelkarte! Er wird diese bestimmt dieses Kunstwerk die kommenden Jahre sch\u00e4tzen.","breadcrumb":{"@id":"https:\/\/positiveprints.com\/de-ch\/produkt\/doppelkarte-fuer-papa\/#breadcrumb"},"inLanguage":"de-CH","potentialAction":[{"@type":"ReadAction","target":["https:\/\/positiveprints.com\/de-ch\/produkt\/doppelkarte-fuer-papa\/"]}]},{"@type":"ImageObject","inLanguage":"de-CH","@id":"https:\/\/positiveprints.com\/de-ch\/produkt\/doppelkarte-fuer-papa\/#primaryimage","url":"https:\/\/positiveprints.com\/wp-content\/uploads\/2025\/07\/Packshot_DE_Doppelkarte-fu\u0308r-Papa.webp","contentUrl":"https:\/\/positiveprints.com\/wp-content\/uploads\/2025\/07\/Packshot_DE_Doppelkarte-fu\u0308r-Papa.webp","width":1450,"height":1450},{"@type":"BreadcrumbList","@id":"https:\/\/positiveprints.com\/de-ch\/produkt\/doppelkarte-fuer-papa\/#breadcrumb","itemListElement":[{"@type":"ListItem","position":1,"name":"Home","item":"https:\/\/positiveprints.com\/de-ch\/"},{"@type":"ListItem","position":2,"name":"Produkte","item":"https:\/\/positiveprints.com\/de-ch\/shop\/"},{"@type":"ListItem","position":3,"name":"Doppelkarte f\u00fcr Papa"}]},{"@type":"WebSite","@id":"https:\/\/positiveprints.com\/de-ch\/#website","url":"https:\/\/positiveprints.com\/de-ch\/","name":"Positive Prints","description":"Amazing Custom Personalized Gifts","publisher":{"@id":"https:\/\/positiveprints.com\/de-ch\/#organization"},"potentialAction":[{"@type":"SearchAction","target":{"@type":"EntryPoint","urlTemplate":"https:\/\/positiveprints.com\/de-ch\/?s={search_term_string}"},"query-input":{"@type":"PropertyValueSpecification","valueRequired":true,"valueName":"search_term_string"}}],"inLanguage":"de-CH"},{"@type":"Organization","@id":"https:\/\/positiveprints.com\/de-ch\/#organization","name":"Positive Prints","alternateName":"Positive Prints","url":"https:\/\/positiveprints.com\/de-ch\/","logo":{"@type":"ImageObject","inLanguage":"de-CH","@id":"https:\/\/positiveprints.com\/de-ch\/#\/schema\/logo\/image\/","url":"https:\/\/positiveprints.com\/wp-content\/uploads\/2026\/03\/245815646_1337939713319158_5671353136411139666_n.png","contentUrl":"https:\/\/positiveprints.com\/wp-content\/uploads\/2026\/03\/245815646_1337939713319158_5671353136411139666_n.png","width":800,"height":800,"caption":"Positive Prints"},"image":{"@id":"https:\/\/positiveprints.com\/de-ch\/#\/schema\/logo\/image\/"},"sameAs":["https:\/\/www.facebook.com\/positiveprintscom","https:\/\/www.instagram.com\/positiveprintscom\/","https:\/\/www.tiktok.com\/@positiveprintscom","https:\/\/www.pinterest.com\/positiveprintscom\/"]}]}},"jetpack_sharing_enabled":true,"_links":{"self":[{"href":"https:\/\/positiveprints.com\/de-ch\/wp-json\/wp\/v2\/product\/453313","targetHints":{"allow":["GET"]}}],"collection":[{"href":"https:\/\/positiveprints.com\/de-ch\/wp-json\/wp\/v2\/product"}],"about":[{"href":"https:\/\/positiveprints.com\/de-ch\/wp-json\/wp\/v2\/types\/product"}],"wp:featuredmedia":[{"embeddable":true,"href":"https:\/\/positiveprints.com\/de-ch\/wp-json\/wp\/v2\/media\/1475722"}],"wp:attachment":[{"href":"https:\/\/positiveprints.com\/de-ch\/wp-json\/wp\/v2\/media?parent=453313"}],"wp:term":[{"taxonomy":"product_brand","embeddable":true,"href":"https:\/\/positiveprints.com\/de-ch\/wp-json\/wp\/v2\/product_brand?post=453313"},{"taxonomy":"product_cat","embeddable":true,"href":"https:\/\/positiveprints.com\/de-ch\/wp-json\/wp\/v2\/product_cat?post=453313"},{"taxonomy":"product_tag","embeddable":true,"href":"https:\/\/positiveprints.com\/de-ch\/wp-json\/wp\/v2\/product_tag?post=453313"}],"curies":[{"name":"wp","href":"https:\/\/api.w.org\/{rel}","templated":true}]}}