{"id":453061,"date":"2023-02-13T11:58:04","date_gmt":"2023-04-05T14:41:23","guid":{"rendered":"https:\/\/positiveprints.com\/product\/als-die-beste-mutter-geboren-wurde\/"},"modified":"2026-04-18T06:14:35","modified_gmt":"2026-04-18T05:14:35","slug":"als-die-beste-mutter-geboren-wurde","status":"publish","type":"product","link":"https:\/\/positiveprints.com\/de-ch\/produkt\/als-die-beste-mutter-geboren-wurde\/","title":{"rendered":"Als die beste Mutter geboren wurde"},"content":{"rendered":"<p style=\"margin-top: 1rem\">Bist du auf der Suche nach dem perfekten Geschenk zum Muttertag oder zum Geburtstag von deiner Mama? Suche nicht weiter als die \u201cAls die beste Mutter geboren wurde\u201d, das ist deine benutzerdefinierte Sternenkarte, ein origineller, personalisierter Posterdruck oder eine Leinwand, die den Nachthimmel vom genauen Datum und Ort deiner Wahl einf\u00e4ngt.<\/p>\r\n\r\n<h2 class=\"grenB f24 cblue\" style=\"margin-top: 3rem\">Personalisierte Wandkunst \u201eAls die beste Mutter geboren wurde\u201c<\/h2>\r\n\r\n\r\n<p style=\"margin-top: 1rem\">Solange du deiner Mutter ein Geschenk von Herzen machst, wird sie es sicher zu sch\u00e4tzen wissen und es lieben, egal was passiert. Es gibt keine allgemeing\u00fcltige Antwort darauf, welche Art von Geschenk deiner Mutter eine Freude macht \u2013 jeder hat einen anderen Geschmack und andere Vorlieben. Deshalb machen wir es dir leicht, dein \u201cAls die beste Mutter geboren wurde\u201d-Poster oder deinen Leinwanddruck individuell zu gestalten.<\/p>\r\n\r\n\r\n\r\n<p style=\"margin-top: 1rem\">Gebe ein Datum und einen Ort in unseren benutzerfreundlichen Editor ein und wir sorgen daf\u00fcr, dass der Nachthimmel dieses Moments perfekt eingefangen wird. Du kannst dann aus vordefinierten Farben und Designs w\u00e4hlen oder es sogar selbst einf\u00e4rben. F\u00fcge unten einen pers\u00f6nlichen Text hinzu, um deine Liebe und Wertsch\u00e4tzung f\u00fcr deine Mutter auszudr\u00fccken.<\/p>\r\n\r\n\r\n\r\n<p style=\"margin-top: 1rem\">Dieses Poster wird einen wichtigen Meilenstein im Leben deiner Mutter festhalten und ist somit ein perfektes Geschenk, um ihren Geburtstag oder Muttertag zu feiern. Sie wird jedes Mal, wenn sie es sich ansieht, den Gedanken und die Sorgfalt zu sch\u00e4tzen wissen, die in dieses besondere Geschenk geflossen sind.<\/p>\r\n\r\n\r\n\r\n<h2 class=\"grenB f24 cblue\" style=\"margin-top: 3rem\">Besondere Art, sie zu ehren<\/h2>\r\n\r\n<p style=\"margin-top: 1rem\">M\u00fctter geh\u00f6ren zu den besonderen Menschen in unserem Leben \u2013 sie geben uns bedingungslose Liebe, Unterst\u00fctzung und F\u00fcrsorge. Jede Mutter verdient Anerkennung f\u00fcr all die erstaunlichen Dinge, die sie tut.<\/p>\r\n\r\n\r\n\r\n<p style=\"margin-top: 1rem\">Feiere sie mit diesem einzigartigen und personalisierten Nachthimmel ab dem Datum ihrer Geburt. Es ist eine besondere Art, sie zu ehren und zu zeigen, wie sehr du es sch\u00e4tzt, sie in deinem Leben zu haben. Wir bieten sogar die M\u00f6glichkeit, einen pers\u00f6nlichen Text auf dem Poster hinzuzuf\u00fcgen, was es zu einem perfekten Geschenk f\u00fcr deine Mama zum Geburtstag, zum Muttertag oder einfach nur zum Danke sagen macht. Zeige deiner Mutter mit diesem besonderen Wandbild, dass sie die beste Mutter der Welt ist!<\/p>\r\n\r\n\r\n\r\n\r\n\r\n<p style=\"margin-top: 1rem\">Egal, was du deiner Mutter schenken wirst, sie wird es sicher zu sch\u00e4tzen wissen. Mit dem \u201cAls die beste Mutter geboren wurde\u201d-Poster kannst du ihr zeigen, wie besonders und geliebt sie ist, indem du ein einzigartiges Wandbild erschaffst, das den Nachthimmel vom Moment ihrer Geburt an einf\u00e4ngt. Sie wird sicher wissen, wie sehr du dich f\u00fcr sie interessierst! Es ist der perfekte Weg, um die besondere Frau in deinem Leben zu ehren.<\/p>","protected":false},"excerpt":{"rendered":"<ul class=\"check-list\">\n<li>Ehre die Pr\u00e4senz deiner Ihrer Mutter in deinem Leben und erschaffe eine dauerhafte Hommage an eure Beziehung<\/li>\n<li>F\u00fcge Planeten, Sternbilder und die Milchstra\u00dfe hinzu<\/li>\n<li>Passe dein Kunstwerk in 3 einfachen Schritten an<\/li>\n<li>F\u00fcge einen aussagekr\u00e4ftigen personalisierten Text hinzu<\/li>\n<li>Sieh das Ergebnis sofort \u2013 die interaktive Vorschau erm\u00f6glicht dir, jedes Detail direkt anzupassen<\/li>\n<\/ul>\n","protected":false},"featured_media":1346249,"template":"","meta":[],"product_brand":[],"product_cat":[4905,4764],"product_tag":[8410],"class_list":{"0":"post-453061","1":"product","2":"type-product","3":"status-publish","4":"has-post-thumbnail","6":"product_cat-alle-produkte-de-ch","7":"product_cat-star-de-ch-2","8":"product_tag-mother-de-ch","10":"first","11":"instock","12":"sale","13":"taxable","14":"shipping-taxable","15":"purchasable","16":"product-type-variable"},"yoast_head":"<!-- This site is optimized with the Yoast SEO Premium plugin v27.2 (Yoast SEO v27.2) - https:\/\/yoast.com\/product\/yoast-seo-premium-wordpress\/ -->\n<title>Als die beste Mutter geboren wurde - Positive Prints<\/title>\n<meta name=\"description\" content=\"Bist du auf der Suche nach dem perfekten Geschenk zum Muttertag oder zum Geburtstag von deiner Mama? Suche nicht weiter als die \u201cAls die beste Mutter geboren wurde\u201d als benutzerdefinierte Sternenkarte.\" \/>\n<meta name=\"robots\" content=\"index, follow, max-snippet:-1, max-image-preview:large, max-video-preview:-1\" \/>\n<link rel=\"canonical\" href=\"https:\/\/positiveprints.com\/de-ch\/produkt\/als-die-beste-mutter-geboren-wurde\/\" \/>\n<meta property=\"og:locale\" content=\"de_DE\" \/>\n<meta property=\"og:type\" content=\"article\" \/>\n<meta property=\"og:title\" content=\"Als die beste Mutter geboren wurde\" \/>\n<meta property=\"og:description\" content=\"Ehre die Pr\u00e4senz deiner Ihrer Mutter in deinem Leben und erschaffe eine dauerhafte Hommage an eure Beziehung F\u00fcge Planeten, Sternbilder und die Milchstra\u00dfe hinzu Passe dein Kunstwerk in 3 einfachen Schritten an F\u00fcge einen aussagekr\u00e4ftigen personalisierten Text hinzu Sieh das Ergebnis sofort \u2013 die interaktive Vorschau erm\u00f6glicht dir, jedes Detail direkt anzupassen\" \/>\n<meta property=\"og:url\" content=\"https:\/\/positiveprints.com\/de-ch\/produkt\/als-die-beste-mutter-geboren-wurde\/\" \/>\n<meta property=\"og:site_name\" content=\"Positive Prints\" \/>\n<meta property=\"article:publisher\" content=\"https:\/\/www.facebook.com\/positiveprintscom\" \/>\n<meta property=\"article:modified_time\" content=\"2026-04-18T05:14:35+00:00\" \/>\n<meta property=\"og:image\" content=\"https:\/\/positiveprints.com\/wp-content\/uploads\/2025\/02\/Als-die-beste-Mutter-geboren-wurde-1.webp\" \/>\n\t<meta property=\"og:image:width\" content=\"1450\" \/>\n\t<meta property=\"og:image:height\" content=\"1450\" \/>\n\t<meta property=\"og:image:type\" content=\"image\/webp\" \/>\n<meta name=\"twitter:card\" content=\"summary_large_image\" \/>\n<meta name=\"twitter:label1\" content=\"Gesch\u00e4tzte Lesezeit\" \/>\n\t<meta name=\"twitter:data1\" content=\"2\u00a0Minuten\" \/>\n<!-- \/ Yoast SEO Premium plugin. -->","yoast_head_json":{"title":"Als die beste Mutter geboren wurde - Positive Prints","description":"Bist du auf der Suche nach dem perfekten Geschenk zum Muttertag oder zum Geburtstag von deiner Mama? Suche nicht weiter als die \u201cAls die beste Mutter geboren wurde\u201d als benutzerdefinierte Sternenkarte.","robots":{"index":"index","follow":"follow","max-snippet":"max-snippet:-1","max-image-preview":"max-image-preview:large","max-video-preview":"max-video-preview:-1"},"canonical":"https:\/\/positiveprints.com\/de-ch\/produkt\/als-die-beste-mutter-geboren-wurde\/","og_locale":"de_DE","og_type":"article","og_title":"Als die beste Mutter geboren wurde","og_description":"Ehre die Pr\u00e4senz deiner Ihrer Mutter in deinem Leben und erschaffe eine dauerhafte Hommage an eure Beziehung F\u00fcge Planeten, Sternbilder und die Milchstra\u00dfe hinzu Passe dein Kunstwerk in 3 einfachen Schritten an F\u00fcge einen aussagekr\u00e4ftigen personalisierten Text hinzu Sieh das Ergebnis sofort \u2013 die interaktive Vorschau erm\u00f6glicht dir, jedes Detail direkt anzupassen","og_url":"https:\/\/positiveprints.com\/de-ch\/produkt\/als-die-beste-mutter-geboren-wurde\/","og_site_name":"Positive Prints","article_publisher":"https:\/\/www.facebook.com\/positiveprintscom","article_modified_time":"2026-04-18T05:14:35+00:00","og_image":[{"width":1450,"height":1450,"url":"https:\/\/positiveprints.com\/wp-content\/uploads\/2025\/02\/Als-die-beste-Mutter-geboren-wurde-1.webp","type":"image\/webp"}],"twitter_card":"summary_large_image","twitter_misc":{"Gesch\u00e4tzte Lesezeit":"2\u00a0Minuten"},"schema":{"@context":"https:\/\/schema.org","@graph":[{"@type":["WebPage","ItemPage"],"@id":"https:\/\/positiveprints.com\/de-ch\/produkt\/als-die-beste-mutter-geboren-wurde\/","url":"https:\/\/positiveprints.com\/de-ch\/produkt\/als-die-beste-mutter-geboren-wurde\/","name":"Als die beste Mutter geboren wurde - Positive Prints","isPartOf":{"@id":"https:\/\/positiveprints.com\/de-ch\/#website"},"primaryImageOfPage":{"@id":"https:\/\/positiveprints.com\/de-ch\/produkt\/als-die-beste-mutter-geboren-wurde\/#primaryimage"},"image":{"@id":"https:\/\/positiveprints.com\/de-ch\/produkt\/als-die-beste-mutter-geboren-wurde\/#primaryimage"},"thumbnailUrl":"https:\/\/positiveprints.com\/wp-content\/uploads\/2025\/02\/Als-die-beste-Mutter-geboren-wurde-1.webp","datePublished":"2023-04-05T14:41:23+00:00","dateModified":"2026-04-18T05:14:35+00:00","description":"Bist du auf der Suche nach dem perfekten Geschenk zum Muttertag oder zum Geburtstag von deiner Mama? Suche nicht weiter als die \u201cAls die beste Mutter geboren wurde\u201d als benutzerdefinierte Sternenkarte.","breadcrumb":{"@id":"https:\/\/positiveprints.com\/de-ch\/produkt\/als-die-beste-mutter-geboren-wurde\/#breadcrumb"},"inLanguage":"de-CH","potentialAction":[{"@type":"ReadAction","target":["https:\/\/positiveprints.com\/de-ch\/produkt\/als-die-beste-mutter-geboren-wurde\/"]}]},{"@type":"ImageObject","inLanguage":"de-CH","@id":"https:\/\/positiveprints.com\/de-ch\/produkt\/als-die-beste-mutter-geboren-wurde\/#primaryimage","url":"https:\/\/positiveprints.com\/wp-content\/uploads\/2025\/02\/Als-die-beste-Mutter-geboren-wurde-1.webp","contentUrl":"https:\/\/positiveprints.com\/wp-content\/uploads\/2025\/02\/Als-die-beste-Mutter-geboren-wurde-1.webp","width":1450,"height":1450},{"@type":"BreadcrumbList","@id":"https:\/\/positiveprints.com\/de-ch\/produkt\/als-die-beste-mutter-geboren-wurde\/#breadcrumb","itemListElement":[{"@type":"ListItem","position":1,"name":"Home","item":"https:\/\/positiveprints.com\/de-ch\/"},{"@type":"ListItem","position":2,"name":"Produkte","item":"https:\/\/positiveprints.com\/de-ch\/shop\/"},{"@type":"ListItem","position":3,"name":"Als die beste Mutter geboren wurde"}]},{"@type":"WebSite","@id":"https:\/\/positiveprints.com\/de-ch\/#website","url":"https:\/\/positiveprints.com\/de-ch\/","name":"Positive Prints","description":"Amazing Custom Personalized Gifts","publisher":{"@id":"https:\/\/positiveprints.com\/de-ch\/#organization"},"potentialAction":[{"@type":"SearchAction","target":{"@type":"EntryPoint","urlTemplate":"https:\/\/positiveprints.com\/de-ch\/?s={search_term_string}"},"query-input":{"@type":"PropertyValueSpecification","valueRequired":true,"valueName":"search_term_string"}}],"inLanguage":"de-CH"},{"@type":"Organization","@id":"https:\/\/positiveprints.com\/de-ch\/#organization","name":"Positive Prints","alternateName":"Positive Prints","url":"https:\/\/positiveprints.com\/de-ch\/","logo":{"@type":"ImageObject","inLanguage":"de-CH","@id":"https:\/\/positiveprints.com\/de-ch\/#\/schema\/logo\/image\/","url":"https:\/\/positiveprints.com\/wp-content\/uploads\/2026\/03\/245815646_1337939713319158_5671353136411139666_n.png","contentUrl":"https:\/\/positiveprints.com\/wp-content\/uploads\/2026\/03\/245815646_1337939713319158_5671353136411139666_n.png","width":800,"height":800,"caption":"Positive Prints"},"image":{"@id":"https:\/\/positiveprints.com\/de-ch\/#\/schema\/logo\/image\/"},"sameAs":["https:\/\/www.facebook.com\/positiveprintscom","https:\/\/www.instagram.com\/positiveprintscom\/","https:\/\/www.tiktok.com\/@positiveprintscom","https:\/\/www.pinterest.com\/positiveprintscom\/"]}]}},"jetpack_sharing_enabled":true,"_links":{"self":[{"href":"https:\/\/positiveprints.com\/de-ch\/wp-json\/wp\/v2\/product\/453061","targetHints":{"allow":["GET"]}}],"collection":[{"href":"https:\/\/positiveprints.com\/de-ch\/wp-json\/wp\/v2\/product"}],"about":[{"href":"https:\/\/positiveprints.com\/de-ch\/wp-json\/wp\/v2\/types\/product"}],"wp:featuredmedia":[{"embeddable":true,"href":"https:\/\/positiveprints.com\/de-ch\/wp-json\/wp\/v2\/media\/1346249"}],"wp:attachment":[{"href":"https:\/\/positiveprints.com\/de-ch\/wp-json\/wp\/v2\/media?parent=453061"}],"wp:term":[{"taxonomy":"product_brand","embeddable":true,"href":"https:\/\/positiveprints.com\/de-ch\/wp-json\/wp\/v2\/product_brand?post=453061"},{"taxonomy":"product_cat","embeddable":true,"href":"https:\/\/positiveprints.com\/de-ch\/wp-json\/wp\/v2\/product_cat?post=453061"},{"taxonomy":"product_tag","embeddable":true,"href":"https:\/\/positiveprints.com\/de-ch\/wp-json\/wp\/v2\/product_tag?post=453061"}],"curies":[{"name":"wp","href":"https:\/\/api.w.org\/{rel}","templated":true}]}}