{"id":452998,"date":"2023-02-13T10:25:20","date_gmt":"2023-02-13T09:25:20","guid":{"rendered":"https:\/\/positiveprints.com\/product\/mutter-kind-karte\/"},"modified":"2026-04-12T22:42:40","modified_gmt":"2026-04-12T21:42:40","slug":"mutter-kind-karte","status":"publish","type":"product","link":"https:\/\/positiveprints.com\/de-ch\/produkt\/mutter-kind-karte\/","title":{"rendered":"Mutter-Kind-Karte"},"content":{"rendered":"<p style=\"margin-top: 1rem\">Suchst du nach dem perfekten Geschenk f\u00fcr Mama, um zu zeigen, wie sehr du dich f\u00fcr sie interessierst? Dann suche nicht weiter &#8211; die Mutter-Kind-Karte ist da! Es ist eine aufregende und einzigartige M\u00f6glichkeit, deine Mutter und sich selbst n\u00e4her zusammenzubringen. Mit diesem personalisierten Posterdruck oder dieser Leinwand wird es nicht nur zu einem aufmerksamen Geschenk, sondern bietet auch eine unvergessliche, greifbare M\u00f6glichkeit, zwei Orte zu verbinden.<\/p>\r\n\r\n\r\n\r\n<h2 class=\"grenB f24 cblue\" style=\"margin-top: 3rem\">So personalisierst du die Mutter-Kind-Karte<\/h2>\r\n\r\n<p style=\"margin-top: 1rem\">W\u00e4hle aus einem Herz, das in zwei Karten unterteilt ist, zwei Herzen, zwei Quadraten oder zwei Kreisen und passe die Farben an, um dein Geschenk einzigartig zu machen! Markiere die genaue Adresse von dir und deiner Mutter mit Herznadeln. Um das Ganze abzurunden, f\u00fcge einen benutzerdefinierten Text hinzu, in den du eure Namen, Adressen oder ein sentimentales Zitat oder einen Satz einf\u00fcgst, der f\u00fcr euch beide eine besondere Bedeutung hat.<\/p>\r\n\r\n<p style=\"margin-top: 1rem\">Nutze unseren benutzerfreundlichen Editor mit Online-Vorschau und gestalte das perfekte Geschenk f\u00fcr deine Mama! Lasse die Mutter-Kind-Karte deine Art sein, sie daran zu erinnern, wie sehr du sie liebst, egal wie weit ihr voneinander entfernt seid.<\/p>\r\n\r\n\r\n\r\n<h2 class=\"grenB f24 cblue\" style=\"margin-top: 3rem\">Bring Mama und dich n\u00e4her zusammen<\/h2>\r\n\r\n<p style=\"margin-top: 1rem\">Egal wie alt du bist, den Muttertag oder den Geburtstag deiner Mutter zu feiern, kann eine sch\u00f6ne Art sein, deine Wertsch\u00e4tzung f\u00fcr sie zu zeigen. Wenn du weit weg von deiner Mutter bist, ist die \u201cMutter-Kind\u201d-Karte eine einzigartige M\u00f6glichkeit, euch beide zu verbinden.<\/p> \r\n\r\n<p style=\"margin-top: 1rem\">Eine Karte mit dem Standort von dir und deiner Mutter kann ein sehr sentimentales Geschenk sein, wenn ihr nicht mehr zusammenlebt. Ein solches Geschenk ist sinnvoll, weil es die physische Distanz zwischen euch beiden einf\u00e4ngt, die symbolisiert, wie gro\u00df die emotionale Bindung zwischen euch beiden noch ist. Es erinnert deine Mutter auch daran, dass du in ihren Gedanken bist und dass sie trotz der Trennung immer in deinem Herzen bleiben wird. Au\u00dferdem ist es ein sch\u00f6nes Dekorationsst\u00fcck f\u00fcr das Wohnzimmer deiner Mutter!<\/p>\r\n\r\n\r\n<p style=\"margin-top: 3rem\">Kein Geschenk spricht lauter als das Geschenk der Liebe. Lasse die Mutter-Kind-Karte deine Art sein, auszudr\u00fccken, dass du dich interessierst, egal wie weit ihr voneinander entfernt seid. Werde kreativ mit unserem benutzerfreundlichen Editor und \u00fcberrasche deine Mutter mit dem perfekten sentimentalen Geschenk, um ihr zu zeigen, wie viel sie dir bedeutet.<\/p>","protected":false},"excerpt":{"rendered":"<ul class=\"check-list\">\n<li>Erstelle eine Karte, die deine Liebe feiert, egal wie weit ihr voneinander entfernt seid<\/li>\n<li>Markiere zwei besondere Orte mit ausgew\u00e4hlten Symbolen<\/li>\n<li>Passe dein Kunstwerk in 3 einfachen Schritten an<\/li>\n<li>F\u00fcge einen aussagekr\u00e4ftigen personalisierten Text hinzu<\/li>\n<li>Sieh das Ergebnis sofort \u2013 die interaktive Vorschau erm\u00f6glicht dir, jedes Detail direkt anzupassen<\/li>\n<\/ul>\n","protected":false},"featured_media":1467096,"template":"","meta":[],"product_brand":[],"product_cat":[4905,9121,11363,7711,7281,5275],"product_tag":[8410,11741],"class_list":{"0":"post-452998","1":"product","2":"type-product","3":"status-publish","4":"has-post-thumbnail","6":"product_cat-alle-produkte-de-ch","7":"product_cat-double-maps-de-ch","8":"product_cat-weihnachtsgeschenke-fur-die-mama-de-ch","9":"product_cat-geschenke-fur-mama-de-ch","10":"product_cat-muttertagsgeschenke-de-ch","11":"product_cat-weihnachtsgeschenke-de-ch","12":"product_tag-mother-de-ch","13":"product_tag-weihnachtsgeschenke-fuer-die-mama-de-ch","15":"first","16":"instock","17":"sale","18":"taxable","19":"shipping-taxable","20":"purchasable","21":"product-type-variable"},"yoast_head":"<!-- This site is optimized with the Yoast SEO Premium plugin v27.2 (Yoast SEO v27.2) - https:\/\/yoast.com\/product\/yoast-seo-premium-wordpress\/ -->\n<title>Mutter-Kind-Karte - Positive Prints<\/title>\n<meta name=\"description\" content=\"Kein Geschenk spricht lauter als das Geschenk der Liebe. Lasse die Mutter-Kind-Karte deine Art sein, auszudr\u00fccken, dass du dich interessierst, egal wie weit ihr voneinander entfernt seid.\" \/>\n<meta name=\"robots\" content=\"index, follow, max-snippet:-1, max-image-preview:large, max-video-preview:-1\" \/>\n<link rel=\"canonical\" href=\"https:\/\/positiveprints.com\/de-ch\/produkt\/mutter-kind-karte\/\" \/>\n<meta property=\"og:locale\" content=\"de_DE\" \/>\n<meta property=\"og:type\" content=\"article\" \/>\n<meta property=\"og:title\" content=\"Mutter-Kind-Karte\" \/>\n<meta property=\"og:description\" content=\"Erstelle eine Karte, die deine Liebe feiert, egal wie weit ihr voneinander entfernt seid Markiere zwei besondere Orte mit ausgew\u00e4hlten Symbolen Passe dein Kunstwerk in 3 einfachen Schritten an F\u00fcge einen aussagekr\u00e4ftigen personalisierten Text hinzu Sieh das Ergebnis sofort \u2013 die interaktive Vorschau erm\u00f6glicht dir, jedes Detail direkt anzupassen\" \/>\n<meta property=\"og:url\" content=\"https:\/\/positiveprints.com\/de-ch\/produkt\/mutter-kind-karte\/\" \/>\n<meta property=\"og:site_name\" content=\"Positive Prints\" \/>\n<meta property=\"article:publisher\" content=\"https:\/\/www.facebook.com\/positiveprintscom\" \/>\n<meta property=\"article:modified_time\" content=\"2026-04-12T21:42:40+00:00\" \/>\n<meta property=\"og:image\" content=\"https:\/\/positiveprints.com\/wp-content\/uploads\/2023\/04\/Mutter-Kind-Karte.jpg\" \/>\n\t<meta property=\"og:image:width\" content=\"1080\" \/>\n\t<meta property=\"og:image:height\" content=\"1080\" \/>\n\t<meta property=\"og:image:type\" content=\"image\/jpeg\" \/>\n<meta name=\"twitter:card\" content=\"summary_large_image\" \/>\n<meta name=\"twitter:label1\" content=\"Gesch\u00e4tzte Lesezeit\" \/>\n\t<meta name=\"twitter:data1\" content=\"2\u00a0Minuten\" \/>\n<!-- \/ Yoast SEO Premium plugin. -->","yoast_head_json":{"title":"Mutter-Kind-Karte - Positive Prints","description":"Kein Geschenk spricht lauter als das Geschenk der Liebe. Lasse die Mutter-Kind-Karte deine Art sein, auszudr\u00fccken, dass du dich interessierst, egal wie weit ihr voneinander entfernt seid.","robots":{"index":"index","follow":"follow","max-snippet":"max-snippet:-1","max-image-preview":"max-image-preview:large","max-video-preview":"max-video-preview:-1"},"canonical":"https:\/\/positiveprints.com\/de-ch\/produkt\/mutter-kind-karte\/","og_locale":"de_DE","og_type":"article","og_title":"Mutter-Kind-Karte","og_description":"Erstelle eine Karte, die deine Liebe feiert, egal wie weit ihr voneinander entfernt seid Markiere zwei besondere Orte mit ausgew\u00e4hlten Symbolen Passe dein Kunstwerk in 3 einfachen Schritten an F\u00fcge einen aussagekr\u00e4ftigen personalisierten Text hinzu Sieh das Ergebnis sofort \u2013 die interaktive Vorschau erm\u00f6glicht dir, jedes Detail direkt anzupassen","og_url":"https:\/\/positiveprints.com\/de-ch\/produkt\/mutter-kind-karte\/","og_site_name":"Positive Prints","article_publisher":"https:\/\/www.facebook.com\/positiveprintscom","article_modified_time":"2026-04-12T21:42:40+00:00","og_image":[{"width":1080,"height":1080,"url":"https:\/\/positiveprints.com\/wp-content\/uploads\/2023\/04\/Mutter-Kind-Karte.jpg","type":"image\/jpeg"}],"twitter_card":"summary_large_image","twitter_misc":{"Gesch\u00e4tzte Lesezeit":"2\u00a0Minuten"},"schema":{"@context":"https:\/\/schema.org","@graph":[{"@type":["WebPage","ItemPage"],"@id":"https:\/\/positiveprints.com\/de-ch\/produkt\/mutter-kind-karte\/","url":"https:\/\/positiveprints.com\/de-ch\/produkt\/mutter-kind-karte\/","name":"Mutter-Kind-Karte - Positive Prints","isPartOf":{"@id":"https:\/\/positiveprints.com\/de-ch\/#website"},"primaryImageOfPage":{"@id":"https:\/\/positiveprints.com\/de-ch\/produkt\/mutter-kind-karte\/#primaryimage"},"image":{"@id":"https:\/\/positiveprints.com\/de-ch\/produkt\/mutter-kind-karte\/#primaryimage"},"thumbnailUrl":"https:\/\/positiveprints.com\/wp-content\/uploads\/2025\/07\/Packshot_DE_Mutter-Kind-Karte.webp","datePublished":"2023-02-13T09:25:20+00:00","dateModified":"2026-04-12T21:42:40+00:00","description":"Kein Geschenk spricht lauter als das Geschenk der Liebe. Lasse die Mutter-Kind-Karte deine Art sein, auszudr\u00fccken, dass du dich interessierst, egal wie weit ihr voneinander entfernt seid.","breadcrumb":{"@id":"https:\/\/positiveprints.com\/de-ch\/produkt\/mutter-kind-karte\/#breadcrumb"},"inLanguage":"de-CH","potentialAction":[{"@type":"ReadAction","target":["https:\/\/positiveprints.com\/de-ch\/produkt\/mutter-kind-karte\/"]}]},{"@type":"ImageObject","inLanguage":"de-CH","@id":"https:\/\/positiveprints.com\/de-ch\/produkt\/mutter-kind-karte\/#primaryimage","url":"https:\/\/positiveprints.com\/wp-content\/uploads\/2025\/07\/Packshot_DE_Mutter-Kind-Karte.webp","contentUrl":"https:\/\/positiveprints.com\/wp-content\/uploads\/2025\/07\/Packshot_DE_Mutter-Kind-Karte.webp","width":1450,"height":1450,"caption":"Packshot_DE_Mutter-Kind-Karte"},{"@type":"BreadcrumbList","@id":"https:\/\/positiveprints.com\/de-ch\/produkt\/mutter-kind-karte\/#breadcrumb","itemListElement":[{"@type":"ListItem","position":1,"name":"Home","item":"https:\/\/positiveprints.com\/de-ch\/"},{"@type":"ListItem","position":2,"name":"Produkte","item":"https:\/\/positiveprints.com\/de-ch\/shop\/"},{"@type":"ListItem","position":3,"name":"Mutter-Kind-Karte"}]},{"@type":"WebSite","@id":"https:\/\/positiveprints.com\/de-ch\/#website","url":"https:\/\/positiveprints.com\/de-ch\/","name":"Positive Prints","description":"Amazing Custom Personalized Gifts","publisher":{"@id":"https:\/\/positiveprints.com\/de-ch\/#organization"},"potentialAction":[{"@type":"SearchAction","target":{"@type":"EntryPoint","urlTemplate":"https:\/\/positiveprints.com\/de-ch\/?s={search_term_string}"},"query-input":{"@type":"PropertyValueSpecification","valueRequired":true,"valueName":"search_term_string"}}],"inLanguage":"de-CH"},{"@type":"Organization","@id":"https:\/\/positiveprints.com\/de-ch\/#organization","name":"Positive Prints","alternateName":"Positive Prints","url":"https:\/\/positiveprints.com\/de-ch\/","logo":{"@type":"ImageObject","inLanguage":"de-CH","@id":"https:\/\/positiveprints.com\/de-ch\/#\/schema\/logo\/image\/","url":"https:\/\/positiveprints.com\/wp-content\/uploads\/2026\/03\/245815646_1337939713319158_5671353136411139666_n.png","contentUrl":"https:\/\/positiveprints.com\/wp-content\/uploads\/2026\/03\/245815646_1337939713319158_5671353136411139666_n.png","width":800,"height":800,"caption":"Positive Prints"},"image":{"@id":"https:\/\/positiveprints.com\/de-ch\/#\/schema\/logo\/image\/"},"sameAs":["https:\/\/www.facebook.com\/positiveprintscom","https:\/\/www.instagram.com\/positiveprintscom\/","https:\/\/www.tiktok.com\/@positiveprintscom","https:\/\/www.pinterest.com\/positiveprintscom\/"]}]}},"jetpack_sharing_enabled":true,"_links":{"self":[{"href":"https:\/\/positiveprints.com\/de-ch\/wp-json\/wp\/v2\/product\/452998","targetHints":{"allow":["GET"]}}],"collection":[{"href":"https:\/\/positiveprints.com\/de-ch\/wp-json\/wp\/v2\/product"}],"about":[{"href":"https:\/\/positiveprints.com\/de-ch\/wp-json\/wp\/v2\/types\/product"}],"wp:featuredmedia":[{"embeddable":true,"href":"https:\/\/positiveprints.com\/de-ch\/wp-json\/wp\/v2\/media\/1467096"}],"wp:attachment":[{"href":"https:\/\/positiveprints.com\/de-ch\/wp-json\/wp\/v2\/media?parent=452998"}],"wp:term":[{"taxonomy":"product_brand","embeddable":true,"href":"https:\/\/positiveprints.com\/de-ch\/wp-json\/wp\/v2\/product_brand?post=452998"},{"taxonomy":"product_cat","embeddable":true,"href":"https:\/\/positiveprints.com\/de-ch\/wp-json\/wp\/v2\/product_cat?post=452998"},{"taxonomy":"product_tag","embeddable":true,"href":"https:\/\/positiveprints.com\/de-ch\/wp-json\/wp\/v2\/product_tag?post=452998"}],"curies":[{"name":"wp","href":"https:\/\/api.w.org\/{rel}","templated":true}]}}