{"id":452747,"date":"2023-03-23T17:38:06","date_gmt":"2023-03-23T16:38:06","guid":{"rendered":"https:\/\/positiveprints.com\/product\/unsere-mutter-die-dreifachkarte\/"},"modified":"2026-04-12T22:35:28","modified_gmt":"2026-04-12T21:35:28","slug":"unsere-mutter-die-dreifachkarte","status":"publish","type":"product","link":"https:\/\/positiveprints.com\/de-ch\/produkt\/unsere-mutter-die-dreifachkarte\/","title":{"rendered":"Unsere Mutter: Die Dreifachkarte"},"content":{"rendered":"<p style=\"margin-top: 1rem\">Unsere \u201cDreifachkarte f\u00fcr deine Mama\u201d ist das perfekte personalisierte Geschenk f\u00fcr deine Mutter zu jedem besonderen Anlass! Ob Muttertag, Geburtstag oder Weihnachten, dieser einzigartige Druck wird ihr sicher den Tag vers\u00fc\u00dfen.<\/p>\r\n\r\n\r\n<p style=\"margin-top: 1rem\">Dieser Druck zeigt drei sch\u00f6ne Sternenkarten auf einem einzigen Poster, wodurch es vollst\u00e4ndig anpassbar ist. Eine der Sternenkarten zeigt das Datum und den Ort der Geburt deiner Mutter, w\u00e4hrend die anderen beiden Karten dir und deinen Geschwistern gewidmet sind.<\/p>\r\n\r\n\r\n<p style=\"margin-top: 1rem\">Mit unserem benutzerfreundlichen Online-Editor hast du die Freiheit, aus einer breiten Palette von Designs und Farben zu w\u00e4hlen, um eine einzigartige und atemberaubende Dreifach-Sternenkarte zu erstellen. Du kannst sogar eine besondere Note hinzuf\u00fcgen, indem du eine pers\u00f6nliche Nachricht oder ein Zitat eingibst.<\/p>\r\n\r\n\r\n<p style=\"margin-top: 1rem\">Sobald du die perfekten Sternkarten entworfen hast, kannst du die Gr\u00f6\u00dfe und das Format ausw\u00e4hlen, die deinen Anforderungen am besten entsprechen. Wir bieten gedruckte, gerahmte Poster, Leinwand oder eine sofortige digitale Download-Datei. Egal, ob du das Poster verschenken oder an die Wand h\u00e4ngen magst, du kannst ganz einfach die perfekte Option ausw\u00e4hlen.<\/p>","protected":false},"excerpt":{"rendered":"<ul class=\"check-list\">\n<li>Gebe jeder Mutter das Gef\u00fchl, etwas Besonderes zu sein und beeindrucke sie mit einer atemberaubenden Darstellung des Nachthimmels am Geburtsdatum ihrer Kinder<\/li>\n<li>F\u00fcge Sternbilder und die Milchstra\u00dfe hinzu<\/li>\n<li>Passe es in 3 einfachen Schritten<\/li>\n<li>F\u00fcge einen aussagekr\u00e4ftigen personalisierten Text hinzu<\/li>\n<li>Sehe dir dein  Design bei jedem Schritt in der Vorschau an<\/li>\n<\/ul>\n","protected":false},"featured_media":1262822,"template":"","meta":[],"product_brand":[],"product_cat":[4905,11363,7199,9104,5275],"product_tag":[12559,12558,8410,12560,11741],"class_list":{"0":"post-452747","1":"product","2":"type-product","3":"status-publish","4":"has-post-thumbnail","6":"product_cat-alle-produkte-de-ch","7":"product_cat-weihnachtsgeschenke-fur-die-mama-de-ch","8":"product_cat-map-de-ch","9":"product_cat-trio-stars-de-ch","10":"product_cat-weihnachtsgeschenke-de-ch","11":"product_tag-mama-de-ch-2","12":"product_tag-mama-de-ch","13":"product_tag-mother-de-ch","14":"product_tag-muttertag-de-ch","15":"product_tag-weihnachtsgeschenke-fuer-die-mama-de-ch","17":"first","18":"instock","19":"sale","20":"taxable","21":"shipping-taxable","22":"purchasable","23":"product-type-variable"},"yoast_head":"<!-- This site is optimized with the Yoast SEO Premium plugin v27.2 (Yoast SEO v27.2) - https:\/\/yoast.com\/product\/yoast-seo-premium-wordpress\/ -->\n<title>Unsere Mutter: Die Dreifachkarte - Positive Prints<\/title>\n<meta name=\"description\" content=\"Unsere \u201cDreifachkarte f\u00fcr deine Mama\u201d ist das perfekte personalisierte Geschenk f\u00fcr deine Mutter zu jedem besonderen Anlass! Dieser einzigartige Druck wird ihr sicher den Tag vers\u00fc\u00dfen. Bestelle direkt jetzt!\" \/>\n<meta name=\"robots\" content=\"index, follow, max-snippet:-1, max-image-preview:large, max-video-preview:-1\" \/>\n<link rel=\"canonical\" href=\"https:\/\/positiveprints.com\/de-ch\/produkt\/unsere-mutter-die-dreifachkarte\/\" \/>\n<meta property=\"og:locale\" content=\"de_DE\" \/>\n<meta property=\"og:type\" content=\"article\" \/>\n<meta property=\"og:title\" content=\"Unsere Mutter: Die Dreifachkarte\" \/>\n<meta property=\"og:description\" content=\"Gebe jeder Mutter das Gef\u00fchl, etwas Besonderes zu sein und beeindrucke sie mit einer atemberaubenden Darstellung des Nachthimmels am Geburtsdatum ihrer Kinder  F\u00fcge Sternbilder und die Milchstra\u00dfe hinzu  Passe es in 3 einfachen Schritten  F\u00fcge einen aussagekr\u00e4ftigen personalisierten Text hinzu  Sehe dir dein Design bei jedem Schritt in der Vorschau an\" \/>\n<meta property=\"og:url\" content=\"https:\/\/positiveprints.com\/de-ch\/produkt\/unsere-mutter-die-dreifachkarte\/\" \/>\n<meta property=\"og:site_name\" content=\"Positive Prints\" \/>\n<meta property=\"article:publisher\" content=\"https:\/\/www.facebook.com\/positiveprintscom\" \/>\n<meta property=\"article:modified_time\" content=\"2026-04-12T21:35:28+00:00\" \/>\n<meta property=\"og:image\" content=\"https:\/\/positiveprints.com\/wp-content\/uploads\/2024\/11\/Packshot_DE_Our-Mom-Triple-Star-Map-product-image-.webp\" \/>\n\t<meta property=\"og:image:width\" content=\"1450\" \/>\n\t<meta property=\"og:image:height\" content=\"1450\" \/>\n\t<meta property=\"og:image:type\" content=\"image\/webp\" \/>\n<meta name=\"twitter:card\" content=\"summary_large_image\" \/>\n<meta name=\"twitter:label1\" content=\"Gesch\u00e4tzte Lesezeit\" \/>\n\t<meta name=\"twitter:data1\" content=\"1\u00a0Minute\" \/>\n<!-- \/ Yoast SEO Premium plugin. -->","yoast_head_json":{"title":"Unsere Mutter: Die Dreifachkarte - Positive Prints","description":"Unsere \u201cDreifachkarte f\u00fcr deine Mama\u201d ist das perfekte personalisierte Geschenk f\u00fcr deine Mutter zu jedem besonderen Anlass! Dieser einzigartige Druck wird ihr sicher den Tag vers\u00fc\u00dfen. Bestelle direkt jetzt!","robots":{"index":"index","follow":"follow","max-snippet":"max-snippet:-1","max-image-preview":"max-image-preview:large","max-video-preview":"max-video-preview:-1"},"canonical":"https:\/\/positiveprints.com\/de-ch\/produkt\/unsere-mutter-die-dreifachkarte\/","og_locale":"de_DE","og_type":"article","og_title":"Unsere Mutter: Die Dreifachkarte","og_description":"Gebe jeder Mutter das Gef\u00fchl, etwas Besonderes zu sein und beeindrucke sie mit einer atemberaubenden Darstellung des Nachthimmels am Geburtsdatum ihrer Kinder  F\u00fcge Sternbilder und die Milchstra\u00dfe hinzu  Passe es in 3 einfachen Schritten  F\u00fcge einen aussagekr\u00e4ftigen personalisierten Text hinzu  Sehe dir dein Design bei jedem Schritt in der Vorschau an","og_url":"https:\/\/positiveprints.com\/de-ch\/produkt\/unsere-mutter-die-dreifachkarte\/","og_site_name":"Positive Prints","article_publisher":"https:\/\/www.facebook.com\/positiveprintscom","article_modified_time":"2026-04-12T21:35:28+00:00","og_image":[{"width":1450,"height":1450,"url":"https:\/\/positiveprints.com\/wp-content\/uploads\/2024\/11\/Packshot_DE_Our-Mom-Triple-Star-Map-product-image-.webp","type":"image\/webp"}],"twitter_card":"summary_large_image","twitter_misc":{"Gesch\u00e4tzte Lesezeit":"1\u00a0Minute"},"schema":{"@context":"https:\/\/schema.org","@graph":[{"@type":["WebPage","ItemPage"],"@id":"https:\/\/positiveprints.com\/de-ch\/produkt\/unsere-mutter-die-dreifachkarte\/","url":"https:\/\/positiveprints.com\/de-ch\/produkt\/unsere-mutter-die-dreifachkarte\/","name":"Unsere Mutter: Die Dreifachkarte - Positive Prints","isPartOf":{"@id":"https:\/\/positiveprints.com\/de-ch\/#website"},"primaryImageOfPage":{"@id":"https:\/\/positiveprints.com\/de-ch\/produkt\/unsere-mutter-die-dreifachkarte\/#primaryimage"},"image":{"@id":"https:\/\/positiveprints.com\/de-ch\/produkt\/unsere-mutter-die-dreifachkarte\/#primaryimage"},"thumbnailUrl":"https:\/\/positiveprints.com\/wp-content\/uploads\/2024\/11\/Packshot_DE_Our-Mom-Triple-Star-Map-product-image-.webp","datePublished":"2023-03-23T16:38:06+00:00","dateModified":"2026-04-12T21:35:28+00:00","description":"Unsere \u201cDreifachkarte f\u00fcr deine Mama\u201d ist das perfekte personalisierte Geschenk f\u00fcr deine Mutter zu jedem besonderen Anlass! Dieser einzigartige Druck wird ihr sicher den Tag vers\u00fc\u00dfen. Bestelle direkt jetzt!","breadcrumb":{"@id":"https:\/\/positiveprints.com\/de-ch\/produkt\/unsere-mutter-die-dreifachkarte\/#breadcrumb"},"inLanguage":"de-CH","potentialAction":[{"@type":"ReadAction","target":["https:\/\/positiveprints.com\/de-ch\/produkt\/unsere-mutter-die-dreifachkarte\/"]}]},{"@type":"ImageObject","inLanguage":"de-CH","@id":"https:\/\/positiveprints.com\/de-ch\/produkt\/unsere-mutter-die-dreifachkarte\/#primaryimage","url":"https:\/\/positiveprints.com\/wp-content\/uploads\/2024\/11\/Packshot_DE_Our-Mom-Triple-Star-Map-product-image-.webp","contentUrl":"https:\/\/positiveprints.com\/wp-content\/uploads\/2024\/11\/Packshot_DE_Our-Mom-Triple-Star-Map-product-image-.webp","width":1450,"height":1450},{"@type":"BreadcrumbList","@id":"https:\/\/positiveprints.com\/de-ch\/produkt\/unsere-mutter-die-dreifachkarte\/#breadcrumb","itemListElement":[{"@type":"ListItem","position":1,"name":"Home","item":"https:\/\/positiveprints.com\/de-ch\/"},{"@type":"ListItem","position":2,"name":"Produkte","item":"https:\/\/positiveprints.com\/de-ch\/shop\/"},{"@type":"ListItem","position":3,"name":"Unsere Mutter: Die Dreifachkarte"}]},{"@type":"WebSite","@id":"https:\/\/positiveprints.com\/de-ch\/#website","url":"https:\/\/positiveprints.com\/de-ch\/","name":"Positive Prints","description":"Amazing Custom Personalized Gifts","publisher":{"@id":"https:\/\/positiveprints.com\/de-ch\/#organization"},"potentialAction":[{"@type":"SearchAction","target":{"@type":"EntryPoint","urlTemplate":"https:\/\/positiveprints.com\/de-ch\/?s={search_term_string}"},"query-input":{"@type":"PropertyValueSpecification","valueRequired":true,"valueName":"search_term_string"}}],"inLanguage":"de-CH"},{"@type":"Organization","@id":"https:\/\/positiveprints.com\/de-ch\/#organization","name":"Positive Prints","alternateName":"Positive Prints","url":"https:\/\/positiveprints.com\/de-ch\/","logo":{"@type":"ImageObject","inLanguage":"de-CH","@id":"https:\/\/positiveprints.com\/de-ch\/#\/schema\/logo\/image\/","url":"https:\/\/positiveprints.com\/wp-content\/uploads\/2026\/03\/245815646_1337939713319158_5671353136411139666_n.png","contentUrl":"https:\/\/positiveprints.com\/wp-content\/uploads\/2026\/03\/245815646_1337939713319158_5671353136411139666_n.png","width":800,"height":800,"caption":"Positive Prints"},"image":{"@id":"https:\/\/positiveprints.com\/de-ch\/#\/schema\/logo\/image\/"},"sameAs":["https:\/\/www.facebook.com\/positiveprintscom","https:\/\/www.instagram.com\/positiveprintscom\/","https:\/\/www.tiktok.com\/@positiveprintscom","https:\/\/www.pinterest.com\/positiveprintscom\/"]}]}},"jetpack_sharing_enabled":true,"_links":{"self":[{"href":"https:\/\/positiveprints.com\/de-ch\/wp-json\/wp\/v2\/product\/452747","targetHints":{"allow":["GET"]}}],"collection":[{"href":"https:\/\/positiveprints.com\/de-ch\/wp-json\/wp\/v2\/product"}],"about":[{"href":"https:\/\/positiveprints.com\/de-ch\/wp-json\/wp\/v2\/types\/product"}],"wp:featuredmedia":[{"embeddable":true,"href":"https:\/\/positiveprints.com\/de-ch\/wp-json\/wp\/v2\/media\/1262822"}],"wp:attachment":[{"href":"https:\/\/positiveprints.com\/de-ch\/wp-json\/wp\/v2\/media?parent=452747"}],"wp:term":[{"taxonomy":"product_brand","embeddable":true,"href":"https:\/\/positiveprints.com\/de-ch\/wp-json\/wp\/v2\/product_brand?post=452747"},{"taxonomy":"product_cat","embeddable":true,"href":"https:\/\/positiveprints.com\/de-ch\/wp-json\/wp\/v2\/product_cat?post=452747"},{"taxonomy":"product_tag","embeddable":true,"href":"https:\/\/positiveprints.com\/de-ch\/wp-json\/wp\/v2\/product_tag?post=452747"}],"curies":[{"name":"wp","href":"https:\/\/api.w.org\/{rel}","templated":true}]}}