{"id":450901,"date":"2023-03-31T11:40:30","date_gmt":"2023-03-31T10:40:30","guid":{"rendered":"https:\/\/positiveprints.com\/product\/mein-kleines-baby\/"},"modified":"2026-04-18T06:04:45","modified_gmt":"2026-04-18T05:04:45","slug":"mein-kleines-baby","status":"publish","type":"product","link":"https:\/\/positiveprints.com\/de-ch\/produkt\/mein-kleines-baby\/","title":{"rendered":"Mein kleines Baby"},"content":{"rendered":"<p style=\"margin-top: 1rem\">Ein Kinderzimmer sollte ein Ort der Geborgenheit und Entspannung sein, an dem sich die Kleinen ausruhen k\u00f6nnen, aber auch die Eltern Trost finden k\u00f6nnen. Wenn du ein Kinderzimmer dekorierst, versch\u00f6nere es direkt mit einem Poster oder einer Leinwand \u201cMein kleines Baby\u201d. Es kann mit den Geburtsdaten des Babys wie Name, Datum und Ma\u00dfe personalisiert werden.<\/p>\n\n\n\n\n\n<h2 class=\"grenB f24 cblue\" style=\"margin-top: 3rem\">Personalisierte \u201cMein kleines Baby\u201d-Wandkunst<\/h2>\n\n\n\n<p style=\"margin-top: 1rem\">Die Wandkunst \u201eMein kleines Baby\u201c ist das perfekte Geschenk f\u00fcr frischgebackene M\u00fctter und V\u00e4ter. Egal, ob du nach einem einzigartigen Willkommensgeschenk f\u00fcr dein Baby oder einfach nur nach etwas Besonderem suchst, um die Geburt deines Babys zu feiern, suche nicht weiter. Unsere personalisierten Geburtsposter und Leinw\u00e4nde werden mit ihrer atemberaubenden Schreibschrift, leuchtenden Farben und durchdachten Designelementen mit Sicherheit Eindruck hinterlassen. Du verschenkst nicht nur ein wundersch\u00f6nes Kunstwerk, das Informationen \u00fcber dein Kind einf\u00e4ngt, sondern du kannst es auch personalisieren, es noch einzigartiger zu machen. Mit einer sofortigen Vorschaufunktion kannst du sicher sein, dass das, was du bestellst, genau das ist, was gedruckt wird \u2013 garantierte Genauigkeit, bevor es versendet wird.<\/p>\n\n\n\n<p style=\"margin-top: 1rem\">Unsere personalisierte Wandkunst \u201eMein kleines Baby\u201c ist einfach und praktisch! Gebe einfach die Geburtsinformationen deines Kindes ein, w\u00e4hle das Design und dann die gew\u00fcnschte Gr\u00f6\u00dfe des Posters oder der Leinwand aus. Du kannst bei Bedarf auch eine benutzerdefinierte Nachricht hinzuf\u00fcgen. Sobald du deine Informationen eingegeben hast, erstellt das System basierend auf deiner Auswahl eine sofortige Vorschau, damit du sicher sein kannst, dass es genau wie gew\u00fcnscht aussieht, bevor es gedruckt und versendet wird. Mit einer Vielzahl von verf\u00fcgbaren Farbschemata findest du sicher etwas, das perfekt in das Kinderzimmer passt und einen besonderen Touch mit Stil verleiht.<\/p>\n\n\n\n<h2 class=\"grenB f24 cblue\" style=\"margin-top: 3rem\">Zeige deine Liebe und F\u00fcrsorge<\/h2>\n\n\n\n<p style=\"margin-top: 1rem\">Freunde m\u00f6chten frischgebackenen M\u00fcttern oft Trost und Unterst\u00fctzung bringen, aber es ist schwer zu wissen, wo man anfangen soll. Eine der besten M\u00f6glichkeiten, deine Liebe und F\u00fcrsorge zu zeigen, ist einfach, Zeit mit ihnen zu verbringen. Egal, ob es sich um einen Telefonanruf oder eine Verabredung zum Kaffee handelt, um zuzuh\u00f6ren, wenn sie Geschichten \u00fcber ihre Schwangerschaft und Geburtserfahrungen erz\u00e4hlen, oder um ihnen zu Hause helfend zur Seite zu stehen, es wird immer gesch\u00e4tzt, sich zur Verf\u00fcgung zu stellen.<\/p>\n\n\n\n<p style=\"margin-top: 1rem\">Ein einzigartiges Geschenk kann auch eine besondere Erinnerung daran sein, wie sehr sie geliebt und unterst\u00fctzt werden. Anstatt der werdenden Mutter eine weitere Schachtel Windeln oder ein Set Babypuder zu geben, verschenke einfach eine greifbare Erinnerung daran, als sie ihre kleine Maus zum ersten Mal in den Armen gehalten hat. Gedruckt im Ma\u00dfstab 1:1 mit einer eleganten Schrift am unteren Rand, wird dieser Druck eine ewige Erinnerung sein, wo immer er aufgeh\u00e4ngt wird &#8211; an der Kinderzimmerwand oder in jedem anderen Raum im Haus!<\/p>\n\n\n\n<p style=\"margin-top: 3rem\">Warte nicht l\u00e4nger &#8211; bestelle noch heute ein personalisiertes Poster oder eine Leinwand von \u201cMein kleines Baby\u201d und stelle sicher, dass die Erinnerungen an die Geburtsdaten deines Neugeborenen ein Leben lang anhalten. Gebe frisch gewordenen Eltern eine einzigartige M\u00f6glichkeit, ihren Stolz und ihre Freude zu zeigen, und verleihe gleichzeitig dem Zimmer des Kindes eine besondere Note. Einfaches Rezept: ein atemberaubendes Design, stilvoll pr\u00e4sentiert!<\/p>","protected":false},"excerpt":{"rendered":"<ul class=\"check-list\">\n<li>Bewahre wertvolle Erinnerungen mit dem Geburtsposter \u2013 ein einzigartiges Geschenk, das frischgewordene Eltern f\u00fcr immer sch\u00e4tzen werden<\/li>\n<li>Erinnere an Geburtsdetails wie Name, Geburtsdatum, Gr\u00f6\u00dfe und Gewicht <\/li>\n<li>W\u00e4hle aus 7 Illustrationen und skaliere sie 1:1 auf die L\u00e4nge des Babys zum Zeitpunkt der Geburt<\/li>\n<li>Sieh das Ergebnis sofort \u2013 die interaktive Vorschau erm\u00f6glicht dir, jedes Detail direkt anzupassen<\/li>\n<\/ul>\n","protected":false},"featured_media":458223,"template":"","meta":[],"product_brand":[],"product_cat":[4905,4797],"product_tag":[8410],"class_list":{"0":"post-450901","1":"product","2":"type-product","3":"status-publish","4":"has-post-thumbnail","6":"product_cat-alle-produkte-de-ch","7":"product_cat-infant-de-ch-2","8":"product_tag-mother-de-ch","10":"first","11":"instock","12":"sale","13":"taxable","14":"shipping-taxable","15":"purchasable","16":"product-type-variable"},"yoast_head":"<!-- This site is optimized with the Yoast SEO Premium plugin v27.2 (Yoast SEO v27.2) - https:\/\/yoast.com\/product\/yoast-seo-premium-wordpress\/ -->\n<title>Mein kleines Baby - Positive Prints<\/title>\n<meta name=\"description\" content=\"Warte nicht l\u00e4nger \u2013 bestelle noch heute ein Poster oder eine Leinwand \u201cMein kleines Baby\u201d und stelle sicher, dass die Erinnerungen an die Geburtsdaten deines Neugeborenen ein Leben lang anhalten.\" \/>\n<meta name=\"robots\" content=\"index, follow, max-snippet:-1, max-image-preview:large, max-video-preview:-1\" \/>\n<link rel=\"canonical\" href=\"https:\/\/positiveprints.com\/de-ch\/produkt\/mein-kleines-baby\/\" \/>\n<meta property=\"og:locale\" content=\"de_DE\" \/>\n<meta property=\"og:type\" content=\"article\" \/>\n<meta property=\"og:title\" content=\"Mein kleines Baby\" \/>\n<meta property=\"og:description\" content=\"Bewahre wertvolle Erinnerungen mit dem Geburtsposter \u2013 ein einzigartiges Geschenk, das frischgewordene Eltern f\u00fcr immer sch\u00e4tzen werden Erinnere an Geburtsdetails wie Name, Geburtsdatum, Gr\u00f6\u00dfe und Gewicht  W\u00e4hle aus 7 Illustrationen und skaliere sie 1:1 auf die L\u00e4nge des Babys zum Zeitpunkt der Geburt Sieh das Ergebnis sofort \u2013 die interaktive Vorschau erm\u00f6glicht dir, jedes Detail direkt anzupassen\" \/>\n<meta property=\"og:url\" content=\"https:\/\/positiveprints.com\/de-ch\/produkt\/mein-kleines-baby\/\" \/>\n<meta property=\"og:site_name\" content=\"Positive Prints\" \/>\n<meta property=\"article:publisher\" content=\"https:\/\/www.facebook.com\/positiveprintscom\" \/>\n<meta property=\"article:modified_time\" content=\"2026-04-18T05:04:45+00:00\" \/>\n<meta property=\"og:image\" content=\"https:\/\/positiveprints.com\/wp-content\/uploads\/2023\/04\/Mein-kleines-Baby.jpg\" \/>\n\t<meta property=\"og:image:width\" content=\"1080\" \/>\n\t<meta property=\"og:image:height\" content=\"1080\" \/>\n\t<meta property=\"og:image:type\" content=\"image\/jpeg\" \/>\n<meta name=\"twitter:card\" content=\"summary_large_image\" \/>\n<meta name=\"twitter:label1\" content=\"Gesch\u00e4tzte Lesezeit\" \/>\n\t<meta name=\"twitter:data1\" content=\"3\u00a0Minuten\" \/>\n<!-- \/ Yoast SEO Premium plugin. -->","yoast_head_json":{"title":"Mein kleines Baby - Positive Prints","description":"Warte nicht l\u00e4nger \u2013 bestelle noch heute ein Poster oder eine Leinwand \u201cMein kleines Baby\u201d und stelle sicher, dass die Erinnerungen an die Geburtsdaten deines Neugeborenen ein Leben lang anhalten.","robots":{"index":"index","follow":"follow","max-snippet":"max-snippet:-1","max-image-preview":"max-image-preview:large","max-video-preview":"max-video-preview:-1"},"canonical":"https:\/\/positiveprints.com\/de-ch\/produkt\/mein-kleines-baby\/","og_locale":"de_DE","og_type":"article","og_title":"Mein kleines Baby","og_description":"Bewahre wertvolle Erinnerungen mit dem Geburtsposter \u2013 ein einzigartiges Geschenk, das frischgewordene Eltern f\u00fcr immer sch\u00e4tzen werden Erinnere an Geburtsdetails wie Name, Geburtsdatum, Gr\u00f6\u00dfe und Gewicht  W\u00e4hle aus 7 Illustrationen und skaliere sie 1:1 auf die L\u00e4nge des Babys zum Zeitpunkt der Geburt Sieh das Ergebnis sofort \u2013 die interaktive Vorschau erm\u00f6glicht dir, jedes Detail direkt anzupassen","og_url":"https:\/\/positiveprints.com\/de-ch\/produkt\/mein-kleines-baby\/","og_site_name":"Positive Prints","article_publisher":"https:\/\/www.facebook.com\/positiveprintscom","article_modified_time":"2026-04-18T05:04:45+00:00","og_image":[{"width":1080,"height":1080,"url":"https:\/\/positiveprints.com\/wp-content\/uploads\/2023\/04\/Mein-kleines-Baby.jpg","type":"image\/jpeg"}],"twitter_card":"summary_large_image","twitter_misc":{"Gesch\u00e4tzte Lesezeit":"3\u00a0Minuten"},"schema":{"@context":"https:\/\/schema.org","@graph":[{"@type":["WebPage","ItemPage"],"@id":"https:\/\/positiveprints.com\/de-ch\/produkt\/mein-kleines-baby\/","url":"https:\/\/positiveprints.com\/de-ch\/produkt\/mein-kleines-baby\/","name":"Mein kleines Baby - Positive Prints","isPartOf":{"@id":"https:\/\/positiveprints.com\/de-ch\/#website"},"primaryImageOfPage":{"@id":"https:\/\/positiveprints.com\/de-ch\/produkt\/mein-kleines-baby\/#primaryimage"},"image":{"@id":"https:\/\/positiveprints.com\/de-ch\/produkt\/mein-kleines-baby\/#primaryimage"},"thumbnailUrl":"https:\/\/positiveprints.com\/wp-content\/uploads\/2023\/04\/Mein-kleines-Baby.jpg","datePublished":"2023-03-31T10:40:30+00:00","dateModified":"2026-04-18T05:04:45+00:00","description":"Warte nicht l\u00e4nger \u2013 bestelle noch heute ein Poster oder eine Leinwand \u201cMein kleines Baby\u201d und stelle sicher, dass die Erinnerungen an die Geburtsdaten deines Neugeborenen ein Leben lang anhalten.","breadcrumb":{"@id":"https:\/\/positiveprints.com\/de-ch\/produkt\/mein-kleines-baby\/#breadcrumb"},"inLanguage":"de-CH","potentialAction":[{"@type":"ReadAction","target":["https:\/\/positiveprints.com\/de-ch\/produkt\/mein-kleines-baby\/"]}]},{"@type":"ImageObject","inLanguage":"de-CH","@id":"https:\/\/positiveprints.com\/de-ch\/produkt\/mein-kleines-baby\/#primaryimage","url":"https:\/\/positiveprints.com\/wp-content\/uploads\/2023\/04\/Mein-kleines-Baby.jpg","contentUrl":"https:\/\/positiveprints.com\/wp-content\/uploads\/2023\/04\/Mein-kleines-Baby.jpg","width":1080,"height":1080,"caption":"Mein kleines Baby"},{"@type":"BreadcrumbList","@id":"https:\/\/positiveprints.com\/de-ch\/produkt\/mein-kleines-baby\/#breadcrumb","itemListElement":[{"@type":"ListItem","position":1,"name":"Home","item":"https:\/\/positiveprints.com\/de-ch\/"},{"@type":"ListItem","position":2,"name":"Produkte","item":"https:\/\/positiveprints.com\/de-ch\/shop\/"},{"@type":"ListItem","position":3,"name":"Mein kleines Baby"}]},{"@type":"WebSite","@id":"https:\/\/positiveprints.com\/de-ch\/#website","url":"https:\/\/positiveprints.com\/de-ch\/","name":"Positive Prints","description":"Amazing Custom Personalized Gifts","publisher":{"@id":"https:\/\/positiveprints.com\/de-ch\/#organization"},"potentialAction":[{"@type":"SearchAction","target":{"@type":"EntryPoint","urlTemplate":"https:\/\/positiveprints.com\/de-ch\/?s={search_term_string}"},"query-input":{"@type":"PropertyValueSpecification","valueRequired":true,"valueName":"search_term_string"}}],"inLanguage":"de-CH"},{"@type":"Organization","@id":"https:\/\/positiveprints.com\/de-ch\/#organization","name":"Positive Prints","alternateName":"Positive Prints","url":"https:\/\/positiveprints.com\/de-ch\/","logo":{"@type":"ImageObject","inLanguage":"de-CH","@id":"https:\/\/positiveprints.com\/de-ch\/#\/schema\/logo\/image\/","url":"https:\/\/positiveprints.com\/wp-content\/uploads\/2026\/03\/245815646_1337939713319158_5671353136411139666_n.png","contentUrl":"https:\/\/positiveprints.com\/wp-content\/uploads\/2026\/03\/245815646_1337939713319158_5671353136411139666_n.png","width":800,"height":800,"caption":"Positive Prints"},"image":{"@id":"https:\/\/positiveprints.com\/de-ch\/#\/schema\/logo\/image\/"},"sameAs":["https:\/\/www.facebook.com\/positiveprintscom","https:\/\/www.instagram.com\/positiveprintscom\/","https:\/\/www.tiktok.com\/@positiveprintscom","https:\/\/www.pinterest.com\/positiveprintscom\/"]}]}},"jetpack_sharing_enabled":true,"_links":{"self":[{"href":"https:\/\/positiveprints.com\/de-ch\/wp-json\/wp\/v2\/product\/450901","targetHints":{"allow":["GET"]}}],"collection":[{"href":"https:\/\/positiveprints.com\/de-ch\/wp-json\/wp\/v2\/product"}],"about":[{"href":"https:\/\/positiveprints.com\/de-ch\/wp-json\/wp\/v2\/types\/product"}],"wp:featuredmedia":[{"embeddable":true,"href":"https:\/\/positiveprints.com\/de-ch\/wp-json\/wp\/v2\/media\/458223"}],"wp:attachment":[{"href":"https:\/\/positiveprints.com\/de-ch\/wp-json\/wp\/v2\/media?parent=450901"}],"wp:term":[{"taxonomy":"product_brand","embeddable":true,"href":"https:\/\/positiveprints.com\/de-ch\/wp-json\/wp\/v2\/product_brand?post=450901"},{"taxonomy":"product_cat","embeddable":true,"href":"https:\/\/positiveprints.com\/de-ch\/wp-json\/wp\/v2\/product_cat?post=450901"},{"taxonomy":"product_tag","embeddable":true,"href":"https:\/\/positiveprints.com\/de-ch\/wp-json\/wp\/v2\/product_tag?post=450901"}],"curies":[{"name":"wp","href":"https:\/\/api.w.org\/{rel}","templated":true}]}}