{"id":421609,"date":"2023-02-23T23:27:00","date_gmt":"2023-02-23T22:27:00","guid":{"rendered":"https:\/\/positiveprints.com\/product\/dreifache-sternenkarte\/"},"modified":"2026-04-18T06:09:43","modified_gmt":"2026-04-18T05:09:43","slug":"dreifache-sternenkarte","status":"publish","type":"product","link":"https:\/\/positiveprints.com\/de-ch\/produkt\/dreifache-sternenkarte\/","title":{"rendered":"Dreifache-Sternenkarte"},"content":{"rendered":"<p style=\"margin-top: 1rem\">Hinterlasse einen bleibenden Eindruck mit unserem personalisierten Dreifach-Sternenkarten-Geschenk \u2013 perfekt f\u00fcr Jubil\u00e4en, Hochzeiten oder Geburtstage! Mache dich bereit, einen besonderen Menschen aus deinem Leben mit diesem wundersch\u00f6nen Kunstwerk zu \u00fcberraschen. Lese weiter und finde heraus, warum dies ein Geschenk genau dieses sein wird, an das sich du oder der Beschenkte jahrelang erinnern werdet.<\/p>\r\n\r\n\r\n\r\n<h2 class=\"grenB f24 cblue\" style=\"margin-top: 3rem\">Was ist eine Dreifache-Sternenkarte?<\/h2>\r\n\r\n<p style=\"margin-top: 1rem\">Eine Dreifache-Sternenkarte ist der perfekte Weg, um deinen Liebsten zu zeigen, wie viel sie dir bedeuten. Dieses durchdachte und unikate Geschenk f\u00e4ngt drei bedeutungsvolle Momente in der Zeit ein und erm\u00f6glicht es dir, den Nachthimmel dieser Tage zu betrachten. Au\u00dferdem ist es mit seinen Personalisierungsoptionen sicher ein unvergessliches Geschenk, das deine Lieblingsperson jahrelang sch\u00e4tzen wird.<\/p>\r\n\r\n\r\n\r\n\r\n\r\n<h2 class=\"grenB f24 cblue\" style=\"margin-top: 3rem\">Wie erstelle ich ein Dreifache-Sternenkarte-Geschenk?<\/h2>\r\n\r\n<p style=\"margin-top: 1rem\">Das Erstellen deines personalisierten Dreifachen-Sternenkarten-Geschenks ist ein einfacher Vorgang. Beginne mit der Auswahl der drei bedeutungsvollen Daten, die du hervorheben m\u00f6chtest \u2013 es kann ein besonderer Moment sein, den du mit deiner geliebten Person geteilt hast, das Datum eines Geburtstags oder Jubil\u00e4ums oder jeder andere Tag, der in eurer Beziehung von Bedeutung ist. Passe dann deine Karte nach Wunsch mit Farben und Nachrichten an. Sobald du dein Design fertiggestellt hast, kannst du es in einer Vielzahl von Druckgr\u00f6\u00dfen oder als sofortigen digitalen Download versenden lassen.<\/p>\r\n\r\n\r\n\r\n<h2 class=\"grenB f24 cblue\" style=\"margin-top: 3rem\">Zeige jemandem, wie wichtig er dir ist<\/h2>\r\n\r\n\r\n\r\n<p style=\"margin-top: 1rem\">Personalisierte Geschenke sind eine wirklich einzigartige und bedeutungsvolle M\u00f6glichkeit, jemandem zu zeigen, wie sehr er uns am Herzen liegt. Im Gegensatz zu generischen Artikeln aus dem Ladenregal haben personalisierte Geschenke eine ganz besondere Note, die nicht kopiert werden kann \u2013 sie erm\u00f6glichen es dir, ein pers\u00f6nliches Flair hinzuzuf\u00fcgen, um es zu etwas Einzigartigem zu machen. Wenn jemand ein personalisiertes Geschenk erh\u00e4lt, wei\u00df er au\u00dferdem, dass es nur f\u00fcr ihn gemacht wurde, was es umso spezieller und unvergesslicher macht. Personalisierte Geschenke werden sicher lange in Erinnerung bleiben, nachdem ein generischer Artikel vergessen wurde.<\/p>\r\n\r\n\r\n\r\n<p style=\"margin-top: 1rem\">Verpasse diese fantastische Gelegenheit nicht , jemandem zu zeigen, wie sehr du dich f\u00fcr diese Person interessiert \u2013 bestelle noch heute deinen personalisierten Dreifachen-Sternenkarten-Druck oder eine Leinwand! Es ist sicher ein unvergessliches Geschenk, an das du dich oder die beschenkte Person noch viele Jahre erinnern werdent<\/p>","protected":false},"excerpt":{"rendered":"<ul class=\"check-list\">\n<li>F\u00fcge Sternbilder und die Milchstra\u00dfe hinzu<\/li>\n<li>Passe es in 3 einfachen Schritten<\/li>\n<li>F\u00fcge einen aussagekr\u00e4ftigen personalisierten Text hinzu<\/li>\n<li>Sehe dir dein  Design bei jedem Schritt in der Vorschau an<\/li>\n<\/ul>\n","protected":false},"featured_media":1240790,"template":"","meta":[],"product_brand":[],"product_cat":[11500,11509,11512,11503,11518,11506,11601,4905,4763,8251,8015,7695,9104],"product_tag":[14819],"class_list":{"0":"post-421609","1":"product","2":"type-product","3":"status-publish","4":"has-post-thumbnail","6":"product_cat-1-jahrestag-de-ch","7":"product_cat-10-jahrestag-de-ch","8":"product_cat-15-jahrestag-de-ch","9":"product_cat-2-jahrestag-de-ch","10":"product_cat-20-jahrestag-de-ch","11":"product_cat-5-jahrestag-de-ch","12":"product_cat-50-jahrestag-de-ch","13":"product_cat-alle-produkte-de-ch","14":"product_cat-creators-de-ch-2","15":"product_cat-digital-products-de-ch","16":"product_cat-geschenke-fur-manner-de-ch","17":"product_cat-geschenke-fur-wichtige-frauen-in-deinem-leben-de-ch","18":"product_cat-trio-stars-de-ch","19":"product_tag-creators-de-ch-2","21":"first","22":"instock","23":"sale","24":"taxable","25":"shipping-taxable","26":"purchasable","27":"product-type-variable"},"yoast_head":"<!-- This site is optimized with the Yoast SEO Premium plugin v27.2 (Yoast SEO v27.2) - https:\/\/yoast.com\/product\/yoast-seo-premium-wordpress\/ -->\n<title>Dreifache-Sternenkarte - Positive Prints<\/title>\n<meta name=\"description\" content=\"Hinterlasse einen bleibenden Eindruck mit unserem personalisierten Dreifach-Sternenkarten-Geschenk \u2013 perfekt f\u00fcr Jubil\u00e4en, Hochzeiten oder Geburtstage! Hol es dir jetzt!\" \/>\n<meta name=\"robots\" content=\"index, follow, max-snippet:-1, max-image-preview:large, max-video-preview:-1\" \/>\n<link rel=\"canonical\" href=\"https:\/\/positiveprints.com\/de-ch\/produkt\/dreifache-sternenkarte\/\" \/>\n<meta property=\"og:locale\" content=\"de_DE\" \/>\n<meta property=\"og:type\" content=\"article\" \/>\n<meta property=\"og:title\" content=\"Dreifache-Sternenkarte\" \/>\n<meta property=\"og:description\" content=\"F\u00fcge Sternbilder und die Milchstra\u00dfe hinzu  Passe es in 3 einfachen Schritten  F\u00fcge einen aussagekr\u00e4ftigen personalisierten Text hinzu  Sehe dir dein Design bei jedem Schritt in der Vorschau an\" \/>\n<meta property=\"og:url\" content=\"https:\/\/positiveprints.com\/de-ch\/produkt\/dreifache-sternenkarte\/\" \/>\n<meta property=\"og:site_name\" content=\"Positive Prints\" \/>\n<meta property=\"article:publisher\" content=\"https:\/\/www.facebook.com\/positiveprintscom\" \/>\n<meta property=\"article:modified_time\" content=\"2026-04-18T05:09:43+00:00\" \/>\n<meta property=\"og:image\" content=\"https:\/\/positiveprints.com\/wp-content\/uploads\/2024\/10\/Packshot_DE_Triple-Star-Map-product-image-1.webp\" \/>\n\t<meta property=\"og:image:width\" content=\"1450\" \/>\n\t<meta property=\"og:image:height\" content=\"1450\" \/>\n\t<meta property=\"og:image:type\" content=\"image\/webp\" \/>\n<meta name=\"twitter:card\" content=\"summary_large_image\" \/>\n<meta name=\"twitter:label1\" content=\"Gesch\u00e4tzte Lesezeit\" \/>\n\t<meta name=\"twitter:data1\" content=\"2\u00a0Minuten\" \/>\n<!-- \/ Yoast SEO Premium plugin. -->","yoast_head_json":{"title":"Dreifache-Sternenkarte - Positive Prints","description":"Hinterlasse einen bleibenden Eindruck mit unserem personalisierten Dreifach-Sternenkarten-Geschenk \u2013 perfekt f\u00fcr Jubil\u00e4en, Hochzeiten oder Geburtstage! Hol es dir jetzt!","robots":{"index":"index","follow":"follow","max-snippet":"max-snippet:-1","max-image-preview":"max-image-preview:large","max-video-preview":"max-video-preview:-1"},"canonical":"https:\/\/positiveprints.com\/de-ch\/produkt\/dreifache-sternenkarte\/","og_locale":"de_DE","og_type":"article","og_title":"Dreifache-Sternenkarte","og_description":"F\u00fcge Sternbilder und die Milchstra\u00dfe hinzu  Passe es in 3 einfachen Schritten  F\u00fcge einen aussagekr\u00e4ftigen personalisierten Text hinzu  Sehe dir dein Design bei jedem Schritt in der Vorschau an","og_url":"https:\/\/positiveprints.com\/de-ch\/produkt\/dreifache-sternenkarte\/","og_site_name":"Positive Prints","article_publisher":"https:\/\/www.facebook.com\/positiveprintscom","article_modified_time":"2026-04-18T05:09:43+00:00","og_image":[{"width":1450,"height":1450,"url":"https:\/\/positiveprints.com\/wp-content\/uploads\/2024\/10\/Packshot_DE_Triple-Star-Map-product-image-1.webp","type":"image\/webp"}],"twitter_card":"summary_large_image","twitter_misc":{"Gesch\u00e4tzte Lesezeit":"2\u00a0Minuten"},"schema":{"@context":"https:\/\/schema.org","@graph":[{"@type":["WebPage","ItemPage"],"@id":"https:\/\/positiveprints.com\/de-ch\/produkt\/dreifache-sternenkarte\/","url":"https:\/\/positiveprints.com\/de-ch\/produkt\/dreifache-sternenkarte\/","name":"Dreifache-Sternenkarte - Positive Prints","isPartOf":{"@id":"https:\/\/positiveprints.com\/de-ch\/#website"},"primaryImageOfPage":{"@id":"https:\/\/positiveprints.com\/de-ch\/produkt\/dreifache-sternenkarte\/#primaryimage"},"image":{"@id":"https:\/\/positiveprints.com\/de-ch\/produkt\/dreifache-sternenkarte\/#primaryimage"},"thumbnailUrl":"https:\/\/positiveprints.com\/wp-content\/uploads\/2024\/10\/Packshot_DE_Triple-Star-Map-product-image-1.webp","datePublished":"2023-02-23T22:27:00+00:00","dateModified":"2026-04-18T05:09:43+00:00","description":"Hinterlasse einen bleibenden Eindruck mit unserem personalisierten Dreifach-Sternenkarten-Geschenk \u2013 perfekt f\u00fcr Jubil\u00e4en, Hochzeiten oder Geburtstage! Hol es dir jetzt!","breadcrumb":{"@id":"https:\/\/positiveprints.com\/de-ch\/produkt\/dreifache-sternenkarte\/#breadcrumb"},"inLanguage":"de-CH","potentialAction":[{"@type":"ReadAction","target":["https:\/\/positiveprints.com\/de-ch\/produkt\/dreifache-sternenkarte\/"]}]},{"@type":"ImageObject","inLanguage":"de-CH","@id":"https:\/\/positiveprints.com\/de-ch\/produkt\/dreifache-sternenkarte\/#primaryimage","url":"https:\/\/positiveprints.com\/wp-content\/uploads\/2024\/10\/Packshot_DE_Triple-Star-Map-product-image-1.webp","contentUrl":"https:\/\/positiveprints.com\/wp-content\/uploads\/2024\/10\/Packshot_DE_Triple-Star-Map-product-image-1.webp","width":1450,"height":1450},{"@type":"BreadcrumbList","@id":"https:\/\/positiveprints.com\/de-ch\/produkt\/dreifache-sternenkarte\/#breadcrumb","itemListElement":[{"@type":"ListItem","position":1,"name":"Home","item":"https:\/\/positiveprints.com\/de-ch\/"},{"@type":"ListItem","position":2,"name":"Produkte","item":"https:\/\/positiveprints.com\/de-ch\/shop\/"},{"@type":"ListItem","position":3,"name":"Dreifache-Sternenkarte"}]},{"@type":"WebSite","@id":"https:\/\/positiveprints.com\/de-ch\/#website","url":"https:\/\/positiveprints.com\/de-ch\/","name":"Positive Prints","description":"Amazing Custom Personalized Gifts","publisher":{"@id":"https:\/\/positiveprints.com\/de-ch\/#organization"},"potentialAction":[{"@type":"SearchAction","target":{"@type":"EntryPoint","urlTemplate":"https:\/\/positiveprints.com\/de-ch\/?s={search_term_string}"},"query-input":{"@type":"PropertyValueSpecification","valueRequired":true,"valueName":"search_term_string"}}],"inLanguage":"de-CH"},{"@type":"Organization","@id":"https:\/\/positiveprints.com\/de-ch\/#organization","name":"Positive Prints","alternateName":"Positive Prints","url":"https:\/\/positiveprints.com\/de-ch\/","logo":{"@type":"ImageObject","inLanguage":"de-CH","@id":"https:\/\/positiveprints.com\/de-ch\/#\/schema\/logo\/image\/","url":"https:\/\/positiveprints.com\/wp-content\/uploads\/2026\/03\/245815646_1337939713319158_5671353136411139666_n.png","contentUrl":"https:\/\/positiveprints.com\/wp-content\/uploads\/2026\/03\/245815646_1337939713319158_5671353136411139666_n.png","width":800,"height":800,"caption":"Positive Prints"},"image":{"@id":"https:\/\/positiveprints.com\/de-ch\/#\/schema\/logo\/image\/"},"sameAs":["https:\/\/www.facebook.com\/positiveprintscom","https:\/\/www.instagram.com\/positiveprintscom\/","https:\/\/www.tiktok.com\/@positiveprintscom","https:\/\/www.pinterest.com\/positiveprintscom\/"]}]}},"jetpack_sharing_enabled":true,"_links":{"self":[{"href":"https:\/\/positiveprints.com\/de-ch\/wp-json\/wp\/v2\/product\/421609","targetHints":{"allow":["GET"]}}],"collection":[{"href":"https:\/\/positiveprints.com\/de-ch\/wp-json\/wp\/v2\/product"}],"about":[{"href":"https:\/\/positiveprints.com\/de-ch\/wp-json\/wp\/v2\/types\/product"}],"wp:featuredmedia":[{"embeddable":true,"href":"https:\/\/positiveprints.com\/de-ch\/wp-json\/wp\/v2\/media\/1240790"}],"wp:attachment":[{"href":"https:\/\/positiveprints.com\/de-ch\/wp-json\/wp\/v2\/media?parent=421609"}],"wp:term":[{"taxonomy":"product_brand","embeddable":true,"href":"https:\/\/positiveprints.com\/de-ch\/wp-json\/wp\/v2\/product_brand?post=421609"},{"taxonomy":"product_cat","embeddable":true,"href":"https:\/\/positiveprints.com\/de-ch\/wp-json\/wp\/v2\/product_cat?post=421609"},{"taxonomy":"product_tag","embeddable":true,"href":"https:\/\/positiveprints.com\/de-ch\/wp-json\/wp\/v2\/product_tag?post=421609"}],"curies":[{"name":"wp","href":"https:\/\/api.w.org\/{rel}","templated":true}]}}