{"id":392335,"date":"2022-12-07T09:12:30","date_gmt":"2022-12-07T08:12:30","guid":{"rendered":"https:\/\/positiveprints.com\/product\/liebeskarte\/"},"modified":"2026-04-07T15:25:18","modified_gmt":"2026-04-07T14:25:18","slug":"liebeskarte","status":"publish","type":"product","link":"https:\/\/positiveprints.com\/de-ch\/produkt\/liebeskarte\/","title":{"rendered":"Liebeskarte"},"content":{"rendered":"<p style=\"margin-top: 1rem\">Bringe die Liebe auf eine ganz neue Ebene mit unseren Liebeskarte! Egal, ob du und deine Liebe an zwei verschiedenen Orten aufgewachsen seid oder es bedeutungsvolle Orte gibt, an die ihr euch immer zusammen erinnern werdet, die Liebeskarte erm\u00f6glicht es euch, an einen einzigartigen Ort zu gedenken.<\/p>\r\n\r\n\r\n<h2 class=\"grenB f24 cblue\" style=\"margin-top: 3rem\">Orte, die f\u00fcr dich und deine Liebsten wichtig sind<\/h2>\r\n\r\n<p style=\"margin-top: 1rem\">Es gibt etwas so Besonderes an den Orten, die tiefe, bedeutungsvolle Liebesgeschichten f\u00fcr dich und deinen Partner in sich haben. Ob es der Ort ist, an dem ihr aufgewachsen seid, wo ihr euch sich zum ersten Mal getroffen habt, euren ersten Kuss hattet, euch verlobt oder geheiratet hab oder sogar der Ort eures ersten gemeinsamen Zuhauses &#8211; diese Orte sind ein wichtiger Teil dessen, was zwei verliebte Menschen verbindet.<\/p>\r\n\r\n<p style=\"margin-top: 1rem\">Liebe verwischt alles andere und kann kleine Momente wie Monumentale aussehen lassen; Orte wie diese zu halten, wird diese Zeiten f\u00fcr immer bewahren. Egal, ob ihr gelegentlich zu einem Besuch zur\u00fcckkehrt oder einfach nur die Erinnerungen online miteinander teilt, das Gedenken an die Orte, die zwei Liebende miteinander verbinden, bringt mehr Liebe in eure Beziehung &#8211; und in den Rest eures Lebens.<\/p>\r\n\r\n\r\n<h2 class=\"grenB f24 cblue\" style=\"margin-top: 3rem\">Personalisiere eure Liebeskarte<\/h2>\r\n\r\n<p style=\"margin-top: 1rem\">Zeige deine Liebe mit einer Liebeskarte! Diese personalisierten Karten zeigen zwei Lokalisierungen an &#8211; deine und die deiner Liebsten. Eine herzf\u00f6rmige Karte, auf der die Orte nebeneinander aufgef\u00fchrt sind, an denen ihr aufgewachsen seid, bietet eine sch\u00f6ne M\u00f6glichkeit, eurer Liebesgeschichte zu gedenken.<\/p>\r\n\r\n<p style=\"margin-top: 1rem\">Passe das Poster oder den Leinwanddruck mit Farben und Text weiter an und schaffen Sie eine einzigartige Darstellung der Liebe in der Visualisierung. Wenn Sie fertig sind, k\u00f6nnen Sie es entweder als gerahmte Drucke, Leinw\u00e4nde, digitale Dateien oder einfach nur normale Poster bestellen &#8211; was auch immer Ihrem Geschmack entspricht! Halte alle besonderen Momente zusammen fest, indem du die Liebe mit einer Liebeskarte bewahrst!<\/p>","protected":false},"excerpt":{"rendered":"<ul class=\"check-list\">\n<li>Halte mit unserem personalisierten Kartenposter die Essenz von zwei besonderen Orten fest<\/li>\n<li>Markiere zwei besondere Orte mit ausgew\u00e4hlten Symbolen<\/li>\n<li>Passe dein Kunstwerk in 3 einfachen Schritten an<\/li>\n<li>F\u00fcge einen aussagekr\u00e4ftigen personalisierten Text hinzu<\/li>\n<li>Sieh das Ergebnis sofort \u2013 die interaktive Vorschau erm\u00f6glicht dir, jedes Detail direkt anzupassen<\/li>\n<\/ul>\n","protected":false},"featured_media":1476142,"template":"","meta":[],"product_brand":[],"product_cat":[4905,7935,9121,7759,7791,7648,7680,8203,8015,8199,7695,11168,11171,11165,5336,5320,11235,11238],"product_tag":[9074],"class_list":{"0":"post-392335","1":"product","2":"type-product","3":"status-publish","4":"has-post-thumbnail","6":"product_cat-alle-produkte-de-ch","7":"product_cat-brautduschen-geschenke-de-ch","8":"product_cat-double-maps-de-ch","9":"product_cat-geschenke-fur-deine-ehefrau-de-ch","10":"product_cat-geschenke-fur-deine-freundin-de-ch","11":"product_cat-geschenke-fur-deinen-ehemann","12":"product_cat-geschenke-fur-deinen-freund-de-ch","13":"product_cat-fur-ihn","14":"product_cat-geschenke-fur-manner-de-ch","15":"product_cat-fur-sie-de-ch","16":"product_cat-geschenke-fur-wichtige-frauen-in-deinem-leben-de-ch","17":"product_cat-jahrestag-geschenk-fur-ihn-de-ch","18":"product_cat-jahrestag-geschenk-fur-paare-de-ch","19":"product_cat-jahrestag-geschenke-fur-sie-de-ch","20":"product_cat-jubilaumsgeschenke-de-ch","21":"product_cat-geschenke-zum-valentinstag-de-ch","22":"product_cat-valentinstagsgeschenke-fur-frauen-de-ch","23":"product_cat-valentinstagsgeschenke-fur-manner-de-ch","24":"product_tag-couples-de-ch-2","26":"first","27":"instock","28":"sale","29":"taxable","30":"shipping-taxable","31":"purchasable","32":"product-type-variable"},"yoast_head":"<!-- This site is optimized with the Yoast SEO Premium plugin v27.2 (Yoast SEO v27.2) - https:\/\/yoast.com\/product\/yoast-seo-premium-wordpress\/ -->\n<title>Liebeskarte - Positive Prints<\/title>\n<meta name=\"description\" content=\"Bringe die Liebe auf eine ganz neue Ebene mit unseren Liebeskarte!\" \/>\n<meta name=\"robots\" content=\"index, follow, max-snippet:-1, max-image-preview:large, max-video-preview:-1\" \/>\n<link rel=\"canonical\" href=\"https:\/\/positiveprints.com\/de-ch\/produkt\/liebeskarte\/\" \/>\n<meta property=\"og:locale\" content=\"de_DE\" \/>\n<meta property=\"og:type\" content=\"article\" \/>\n<meta property=\"og:title\" content=\"Liebeskarte\" \/>\n<meta property=\"og:description\" content=\"Halte mit unserem personalisierten Kartenposter die Essenz von zwei besonderen Orten fest Markiere zwei besondere Orte mit ausgew\u00e4hlten Symbolen Passe dein Kunstwerk in 3 einfachen Schritten an F\u00fcge einen aussagekr\u00e4ftigen personalisierten Text hinzu Sieh das Ergebnis sofort \u2013 die interaktive Vorschau erm\u00f6glicht dir, jedes Detail direkt anzupassen\" \/>\n<meta property=\"og:url\" content=\"https:\/\/positiveprints.com\/de-ch\/produkt\/liebeskarte\/\" \/>\n<meta property=\"og:site_name\" content=\"Positive Prints\" \/>\n<meta property=\"article:publisher\" content=\"https:\/\/www.facebook.com\/positiveprintscom\" \/>\n<meta property=\"article:modified_time\" content=\"2026-04-07T14:25:18+00:00\" \/>\n<meta property=\"og:image\" content=\"https:\/\/positiveprints.com\/wp-content\/uploads\/2023\/01\/Liebeskarte.jpg\" \/>\n\t<meta property=\"og:image:width\" content=\"1080\" \/>\n\t<meta property=\"og:image:height\" content=\"1080\" \/>\n\t<meta property=\"og:image:type\" content=\"image\/jpeg\" \/>\n<meta name=\"twitter:card\" content=\"summary_large_image\" \/>\n<meta name=\"twitter:label1\" content=\"Gesch\u00e4tzte Lesezeit\" \/>\n\t<meta name=\"twitter:data1\" content=\"2\u00a0Minuten\" \/>\n<!-- \/ Yoast SEO Premium plugin. -->","yoast_head_json":{"title":"Liebeskarte - Positive Prints","description":"Bringe die Liebe auf eine ganz neue Ebene mit unseren Liebeskarte!","robots":{"index":"index","follow":"follow","max-snippet":"max-snippet:-1","max-image-preview":"max-image-preview:large","max-video-preview":"max-video-preview:-1"},"canonical":"https:\/\/positiveprints.com\/de-ch\/produkt\/liebeskarte\/","og_locale":"de_DE","og_type":"article","og_title":"Liebeskarte","og_description":"Halte mit unserem personalisierten Kartenposter die Essenz von zwei besonderen Orten fest Markiere zwei besondere Orte mit ausgew\u00e4hlten Symbolen Passe dein Kunstwerk in 3 einfachen Schritten an F\u00fcge einen aussagekr\u00e4ftigen personalisierten Text hinzu Sieh das Ergebnis sofort \u2013 die interaktive Vorschau erm\u00f6glicht dir, jedes Detail direkt anzupassen","og_url":"https:\/\/positiveprints.com\/de-ch\/produkt\/liebeskarte\/","og_site_name":"Positive Prints","article_publisher":"https:\/\/www.facebook.com\/positiveprintscom","article_modified_time":"2026-04-07T14:25:18+00:00","og_image":[{"width":1080,"height":1080,"url":"https:\/\/positiveprints.com\/wp-content\/uploads\/2023\/01\/Liebeskarte.jpg","type":"image\/jpeg"}],"twitter_card":"summary_large_image","twitter_misc":{"Gesch\u00e4tzte Lesezeit":"2\u00a0Minuten"},"schema":{"@context":"https:\/\/schema.org","@graph":[{"@type":["WebPage","ItemPage"],"@id":"https:\/\/positiveprints.com\/de-ch\/produkt\/liebeskarte\/","url":"https:\/\/positiveprints.com\/de-ch\/produkt\/liebeskarte\/","name":"Liebeskarte - Positive Prints","isPartOf":{"@id":"https:\/\/positiveprints.com\/de-ch\/#website"},"primaryImageOfPage":{"@id":"https:\/\/positiveprints.com\/de-ch\/produkt\/liebeskarte\/#primaryimage"},"image":{"@id":"https:\/\/positiveprints.com\/de-ch\/produkt\/liebeskarte\/#primaryimage"},"thumbnailUrl":"https:\/\/positiveprints.com\/wp-content\/uploads\/2025\/07\/Packshot_DE_Liebeskarte.webp","datePublished":"2022-12-07T08:12:30+00:00","dateModified":"2026-04-07T14:25:18+00:00","description":"Bringe die Liebe auf eine ganz neue Ebene mit unseren Liebeskarte!","breadcrumb":{"@id":"https:\/\/positiveprints.com\/de-ch\/produkt\/liebeskarte\/#breadcrumb"},"inLanguage":"de-CH","potentialAction":[{"@type":"ReadAction","target":["https:\/\/positiveprints.com\/de-ch\/produkt\/liebeskarte\/"]}]},{"@type":"ImageObject","inLanguage":"de-CH","@id":"https:\/\/positiveprints.com\/de-ch\/produkt\/liebeskarte\/#primaryimage","url":"https:\/\/positiveprints.com\/wp-content\/uploads\/2025\/07\/Packshot_DE_Liebeskarte.webp","contentUrl":"https:\/\/positiveprints.com\/wp-content\/uploads\/2025\/07\/Packshot_DE_Liebeskarte.webp","width":1450,"height":1450},{"@type":"BreadcrumbList","@id":"https:\/\/positiveprints.com\/de-ch\/produkt\/liebeskarte\/#breadcrumb","itemListElement":[{"@type":"ListItem","position":1,"name":"Home","item":"https:\/\/positiveprints.com\/de-ch\/"},{"@type":"ListItem","position":2,"name":"Produkte","item":"https:\/\/positiveprints.com\/de-ch\/shop\/"},{"@type":"ListItem","position":3,"name":"Liebeskarte"}]},{"@type":"WebSite","@id":"https:\/\/positiveprints.com\/de-ch\/#website","url":"https:\/\/positiveprints.com\/de-ch\/","name":"Positive Prints","description":"Amazing Custom Personalized Gifts","publisher":{"@id":"https:\/\/positiveprints.com\/de-ch\/#organization"},"potentialAction":[{"@type":"SearchAction","target":{"@type":"EntryPoint","urlTemplate":"https:\/\/positiveprints.com\/de-ch\/?s={search_term_string}"},"query-input":{"@type":"PropertyValueSpecification","valueRequired":true,"valueName":"search_term_string"}}],"inLanguage":"de-CH"},{"@type":"Organization","@id":"https:\/\/positiveprints.com\/de-ch\/#organization","name":"Positive Prints","alternateName":"Positive Prints","url":"https:\/\/positiveprints.com\/de-ch\/","logo":{"@type":"ImageObject","inLanguage":"de-CH","@id":"https:\/\/positiveprints.com\/de-ch\/#\/schema\/logo\/image\/","url":"https:\/\/positiveprints.com\/wp-content\/uploads\/2026\/03\/245815646_1337939713319158_5671353136411139666_n.png","contentUrl":"https:\/\/positiveprints.com\/wp-content\/uploads\/2026\/03\/245815646_1337939713319158_5671353136411139666_n.png","width":800,"height":800,"caption":"Positive Prints"},"image":{"@id":"https:\/\/positiveprints.com\/de-ch\/#\/schema\/logo\/image\/"},"sameAs":["https:\/\/www.facebook.com\/positiveprintscom","https:\/\/www.instagram.com\/positiveprintscom\/","https:\/\/www.tiktok.com\/@positiveprintscom","https:\/\/www.pinterest.com\/positiveprintscom\/"]}]}},"jetpack_sharing_enabled":true,"_links":{"self":[{"href":"https:\/\/positiveprints.com\/de-ch\/wp-json\/wp\/v2\/product\/392335","targetHints":{"allow":["GET"]}}],"collection":[{"href":"https:\/\/positiveprints.com\/de-ch\/wp-json\/wp\/v2\/product"}],"about":[{"href":"https:\/\/positiveprints.com\/de-ch\/wp-json\/wp\/v2\/types\/product"}],"wp:featuredmedia":[{"embeddable":true,"href":"https:\/\/positiveprints.com\/de-ch\/wp-json\/wp\/v2\/media\/1476142"}],"wp:attachment":[{"href":"https:\/\/positiveprints.com\/de-ch\/wp-json\/wp\/v2\/media?parent=392335"}],"wp:term":[{"taxonomy":"product_brand","embeddable":true,"href":"https:\/\/positiveprints.com\/de-ch\/wp-json\/wp\/v2\/product_brand?post=392335"},{"taxonomy":"product_cat","embeddable":true,"href":"https:\/\/positiveprints.com\/de-ch\/wp-json\/wp\/v2\/product_cat?post=392335"},{"taxonomy":"product_tag","embeddable":true,"href":"https:\/\/positiveprints.com\/de-ch\/wp-json\/wp\/v2\/product_tag?post=392335"}],"curies":[{"name":"wp","href":"https:\/\/api.w.org\/{rel}","templated":true}]}}