{"id":381699,"date":"2022-10-07T09:00:40","date_gmt":"2022-10-07T08:00:40","guid":{"rendered":"https:\/\/positiveprints.com\/product\/aus-einem-haus-wurde-ein-zuhause\/"},"modified":"2026-04-12T22:55:58","modified_gmt":"2026-04-12T21:55:58","slug":"aus-einem-haus-wurde-ein-zuhause","status":"publish","type":"product","link":"https:\/\/positiveprints.com\/de-ch\/produkt\/aus-einem-haus-wurde-ein-zuhause\/","title":{"rendered":"Aus einem Haus wurde ein Zuhause"},"content":{"rendered":"","protected":false},"excerpt":{"rendered":"<ul class=\"check-list\">\n<li>Mache dein Zuhause zu etwas Besonderem mit einer atemberaubenden Sternenkarte, die die Geschichte deines Hauses und die Erinnerungen erz\u00e4hlt, die in seinen Mauern gemacht wurden<\/li>\n<li>F\u00fcge Planeten, Sternbilder und die Milchstra\u00dfe hinzu<\/li>\n<li>Passe dein Kunstwerk in 3 einfachen Schritten an<\/li>\n<li>F\u00fcge einen aussagekr\u00e4ftigen personalisierten Text hinzu<\/li>\n<li>Sieh das Ergebnis sofort \u2013 die interaktive Vorschau erm\u00f6glicht dir, jedes Detail direkt anzupassen<\/li>\n<\/ul>\n","protected":false},"featured_media":1338315,"template":"","meta":[],"product_brand":[],"product_cat":[5298,7855,8015,7695,4764],"product_tag":[9080],"class_list":{"0":"post-381699","1":"product","2":"type-product","3":"status-publish","4":"has-post-thumbnail","6":"product_cat-einzugsgeschenke-de-ch","7":"product_cat-geschenke-fur-deine-familie-de-ch","8":"product_cat-geschenke-fur-manner-de-ch","9":"product_cat-geschenke-fur-wichtige-frauen-in-deinem-leben-de-ch","10":"product_cat-star-de-ch-2","11":"product_tag-housewarming-de-ch-2","13":"first","14":"instock","15":"sale","16":"taxable","17":"shipping-taxable","18":"purchasable","19":"product-type-variable"},"yoast_head":"<!-- This site is optimized with the Yoast SEO Premium plugin v27.2 (Yoast SEO v27.2) - https:\/\/yoast.com\/product\/yoast-seo-premium-wordpress\/ -->\n<title>Aus einem Haus wurde ein Zuhause - Positive Prints<\/title>\n<meta name=\"description\" content=\"Erstelle &quot;Aus einem Haus wurde ein Zuhause&quot; Sternkartendruck. Dies ist eine sch\u00f6ne und pers\u00f6nliche Art, sich an den Tag zu erinnern, an dem dein Haus zu einem Zuhause wurde.\" \/>\n<meta name=\"robots\" content=\"index, follow, max-snippet:-1, max-image-preview:large, max-video-preview:-1\" \/>\n<link rel=\"canonical\" href=\"https:\/\/positiveprints.com\/de-ch\/produkt\/aus-einem-haus-wurde-ein-zuhause\/\" \/>\n<meta property=\"og:locale\" content=\"de_DE\" \/>\n<meta property=\"og:type\" content=\"article\" \/>\n<meta property=\"og:title\" content=\"Aus einem Haus wurde ein Zuhause\" \/>\n<meta property=\"og:description\" content=\"Mache dein Zuhause zu etwas Besonderem mit einer atemberaubenden Sternenkarte, die die Geschichte deines Hauses und die Erinnerungen erz\u00e4hlt, die in seinen Mauern gemacht wurden F\u00fcge Planeten, Sternbilder und die Milchstra\u00dfe hinzu Passe dein Kunstwerk in 3 einfachen Schritten an F\u00fcge einen aussagekr\u00e4ftigen personalisierten Text hinzu Sieh das Ergebnis sofort \u2013 die interaktive Vorschau erm\u00f6glicht dir, jedes Detail direkt anzupassen\" \/>\n<meta property=\"og:url\" content=\"https:\/\/positiveprints.com\/de-ch\/produkt\/aus-einem-haus-wurde-ein-zuhause\/\" \/>\n<meta property=\"og:site_name\" content=\"Positive Prints\" \/>\n<meta property=\"article:publisher\" content=\"https:\/\/www.facebook.com\/positiveprintscom\" \/>\n<meta property=\"article:modified_time\" content=\"2026-04-12T21:55:58+00:00\" \/>\n<meta property=\"og:image\" content=\"https:\/\/positiveprints.com\/wp-content\/uploads\/2025\/01\/Aus-einem-Haus-wurde-ein-Zuhause-1.webp\" \/>\n\t<meta property=\"og:image:width\" content=\"1450\" \/>\n\t<meta property=\"og:image:height\" content=\"1450\" \/>\n\t<meta property=\"og:image:type\" content=\"image\/webp\" \/>\n<meta name=\"twitter:card\" content=\"summary_large_image\" \/>\n<!-- \/ Yoast SEO Premium plugin. -->","yoast_head_json":{"title":"Aus einem Haus wurde ein Zuhause - Positive Prints","description":"Erstelle \"Aus einem Haus wurde ein Zuhause\" Sternkartendruck. Dies ist eine sch\u00f6ne und pers\u00f6nliche Art, sich an den Tag zu erinnern, an dem dein Haus zu einem Zuhause wurde.","robots":{"index":"index","follow":"follow","max-snippet":"max-snippet:-1","max-image-preview":"max-image-preview:large","max-video-preview":"max-video-preview:-1"},"canonical":"https:\/\/positiveprints.com\/de-ch\/produkt\/aus-einem-haus-wurde-ein-zuhause\/","og_locale":"de_DE","og_type":"article","og_title":"Aus einem Haus wurde ein Zuhause","og_description":"Mache dein Zuhause zu etwas Besonderem mit einer atemberaubenden Sternenkarte, die die Geschichte deines Hauses und die Erinnerungen erz\u00e4hlt, die in seinen Mauern gemacht wurden F\u00fcge Planeten, Sternbilder und die Milchstra\u00dfe hinzu Passe dein Kunstwerk in 3 einfachen Schritten an F\u00fcge einen aussagekr\u00e4ftigen personalisierten Text hinzu Sieh das Ergebnis sofort \u2013 die interaktive Vorschau erm\u00f6glicht dir, jedes Detail direkt anzupassen","og_url":"https:\/\/positiveprints.com\/de-ch\/produkt\/aus-einem-haus-wurde-ein-zuhause\/","og_site_name":"Positive Prints","article_publisher":"https:\/\/www.facebook.com\/positiveprintscom","article_modified_time":"2026-04-12T21:55:58+00:00","og_image":[{"width":1450,"height":1450,"url":"https:\/\/positiveprints.com\/wp-content\/uploads\/2025\/01\/Aus-einem-Haus-wurde-ein-Zuhause-1.webp","type":"image\/webp"}],"twitter_card":"summary_large_image","schema":{"@context":"https:\/\/schema.org","@graph":[{"@type":["WebPage","ItemPage"],"@id":"https:\/\/positiveprints.com\/de-ch\/produkt\/aus-einem-haus-wurde-ein-zuhause\/","url":"https:\/\/positiveprints.com\/de-ch\/produkt\/aus-einem-haus-wurde-ein-zuhause\/","name":"Aus einem Haus wurde ein Zuhause - Positive Prints","isPartOf":{"@id":"https:\/\/positiveprints.com\/de-ch\/#website"},"primaryImageOfPage":{"@id":"https:\/\/positiveprints.com\/de-ch\/produkt\/aus-einem-haus-wurde-ein-zuhause\/#primaryimage"},"image":{"@id":"https:\/\/positiveprints.com\/de-ch\/produkt\/aus-einem-haus-wurde-ein-zuhause\/#primaryimage"},"thumbnailUrl":"https:\/\/positiveprints.com\/wp-content\/uploads\/2025\/01\/Aus-einem-Haus-wurde-ein-Zuhause-1.webp","datePublished":"2022-10-07T08:00:40+00:00","dateModified":"2026-04-12T21:55:58+00:00","description":"Erstelle \"Aus einem Haus wurde ein Zuhause\" Sternkartendruck. Dies ist eine sch\u00f6ne und pers\u00f6nliche Art, sich an den Tag zu erinnern, an dem dein Haus zu einem Zuhause wurde.","breadcrumb":{"@id":"https:\/\/positiveprints.com\/de-ch\/produkt\/aus-einem-haus-wurde-ein-zuhause\/#breadcrumb"},"inLanguage":"de-CH","potentialAction":[{"@type":"ReadAction","target":["https:\/\/positiveprints.com\/de-ch\/produkt\/aus-einem-haus-wurde-ein-zuhause\/"]}]},{"@type":"ImageObject","inLanguage":"de-CH","@id":"https:\/\/positiveprints.com\/de-ch\/produkt\/aus-einem-haus-wurde-ein-zuhause\/#primaryimage","url":"https:\/\/positiveprints.com\/wp-content\/uploads\/2025\/01\/Aus-einem-Haus-wurde-ein-Zuhause-1.webp","contentUrl":"https:\/\/positiveprints.com\/wp-content\/uploads\/2025\/01\/Aus-einem-Haus-wurde-ein-Zuhause-1.webp","width":1450,"height":1450},{"@type":"BreadcrumbList","@id":"https:\/\/positiveprints.com\/de-ch\/produkt\/aus-einem-haus-wurde-ein-zuhause\/#breadcrumb","itemListElement":[{"@type":"ListItem","position":1,"name":"Home","item":"https:\/\/positiveprints.com\/de-ch\/"},{"@type":"ListItem","position":2,"name":"Produkte","item":"https:\/\/positiveprints.com\/de-ch\/shop\/"},{"@type":"ListItem","position":3,"name":"Aus einem Haus wurde ein Zuhause"}]},{"@type":"WebSite","@id":"https:\/\/positiveprints.com\/de-ch\/#website","url":"https:\/\/positiveprints.com\/de-ch\/","name":"Positive Prints","description":"Amazing Custom Personalized Gifts","publisher":{"@id":"https:\/\/positiveprints.com\/de-ch\/#organization"},"potentialAction":[{"@type":"SearchAction","target":{"@type":"EntryPoint","urlTemplate":"https:\/\/positiveprints.com\/de-ch\/?s={search_term_string}"},"query-input":{"@type":"PropertyValueSpecification","valueRequired":true,"valueName":"search_term_string"}}],"inLanguage":"de-CH"},{"@type":"Organization","@id":"https:\/\/positiveprints.com\/de-ch\/#organization","name":"Positive Prints","alternateName":"Positive Prints","url":"https:\/\/positiveprints.com\/de-ch\/","logo":{"@type":"ImageObject","inLanguage":"de-CH","@id":"https:\/\/positiveprints.com\/de-ch\/#\/schema\/logo\/image\/","url":"https:\/\/positiveprints.com\/wp-content\/uploads\/2026\/03\/245815646_1337939713319158_5671353136411139666_n.png","contentUrl":"https:\/\/positiveprints.com\/wp-content\/uploads\/2026\/03\/245815646_1337939713319158_5671353136411139666_n.png","width":800,"height":800,"caption":"Positive Prints"},"image":{"@id":"https:\/\/positiveprints.com\/de-ch\/#\/schema\/logo\/image\/"},"sameAs":["https:\/\/www.facebook.com\/positiveprintscom","https:\/\/www.instagram.com\/positiveprintscom\/","https:\/\/www.tiktok.com\/@positiveprintscom","https:\/\/www.pinterest.com\/positiveprintscom\/"]}]}},"jetpack_sharing_enabled":true,"_links":{"self":[{"href":"https:\/\/positiveprints.com\/de-ch\/wp-json\/wp\/v2\/product\/381699","targetHints":{"allow":["GET"]}}],"collection":[{"href":"https:\/\/positiveprints.com\/de-ch\/wp-json\/wp\/v2\/product"}],"about":[{"href":"https:\/\/positiveprints.com\/de-ch\/wp-json\/wp\/v2\/types\/product"}],"wp:featuredmedia":[{"embeddable":true,"href":"https:\/\/positiveprints.com\/de-ch\/wp-json\/wp\/v2\/media\/1338315"}],"wp:attachment":[{"href":"https:\/\/positiveprints.com\/de-ch\/wp-json\/wp\/v2\/media?parent=381699"}],"wp:term":[{"taxonomy":"product_brand","embeddable":true,"href":"https:\/\/positiveprints.com\/de-ch\/wp-json\/wp\/v2\/product_brand?post=381699"},{"taxonomy":"product_cat","embeddable":true,"href":"https:\/\/positiveprints.com\/de-ch\/wp-json\/wp\/v2\/product_cat?post=381699"},{"taxonomy":"product_tag","embeddable":true,"href":"https:\/\/positiveprints.com\/de-ch\/wp-json\/wp\/v2\/product_tag?post=381699"}],"curies":[{"name":"wp","href":"https:\/\/api.w.org\/{rel}","templated":true}]}}