{"id":369083,"date":"2022-11-15T12:54:27","date_gmt":"2022-11-15T11:54:27","guid":{"rendered":"https:\/\/positiveprints.com\/product\/liebe-kennt-keine-entfernung\/"},"modified":"2026-04-18T06:21:59","modified_gmt":"2026-04-18T05:21:59","slug":"liebe-kennt-keine-entfernung","status":"publish","type":"product","link":"https:\/\/positiveprints.com\/de-ch\/produkt\/liebe-kennt-keine-entfernung\/","title":{"rendered":"Liebe Kennt Keine Entfernung"},"content":{"rendered":"<p style=\"margin-top: 1rem\">Egal wie gro\u00df die Entfernung zwischen euch ist, dieser Druck wird deine Liebsten daran erinnern, wie stark deine Liebe ist. Liebe kennt keine Entfernung und dieses personalisierte Kartengeschenk ist die perfekte M\u00f6glichkeit, deine Liebsten daran zu erinnern!<\/p>\r\n\r\n\r\n<h2 class=\"grenB f24 cblue\" style=\"margin-top: 3rem\">Feiere besondere Anl\u00e4sse<\/h2>\r\n\r\n<p style=\"margin-top: 1rem\">Liebe kennt keine Distanz. Es ist ein Sprichwort, das oft verwendet wird, um die St\u00e4rke von Paaren zu beschreiben, die eine Fernbeziehung f\u00fchren. Und es stimmt \u2013 Liebe kennt wirklich keine Distanz. Auch wenn ihr k\u00f6rperlich nicht zusammen sein k\u00f6nnt, gibt es viele M\u00f6glichkeiten, die Flamme eurer Beziehung am Leben zu erhalten.<\/p>\r\n\r\n\r\n\r\n<p style=\"margin-top: 1rem\">Eine M\u00f6glichkeit, dies zu erreichen, besteht darin, sich jede Woche Zeit f\u00fcr ein Telefongespr\u00e4ch oder einen Video-Chat zu nehmen. Dies ist wichtig, um den \u00dcberblick \u00fcber den Alltag zu behalten und Gedanken und Gef\u00fchle auszutauschen. Eine weitere M\u00f6glichkeit, in Verbindung zu bleiben, besteht darin, all die besonderen Anl\u00e4sse zu feiern, auch wenn ihr nicht pers\u00f6nlich zusammen sein k\u00f6nnt. Lege Wert darauf, an Geburtstagen, Jubil\u00e4en und anderen Feiertagen ein besonderes Geschenk zu verschicken. Und schlie\u00dflich solltest du die kleinen Dinge nicht vergessen. Manchmal ist es der einfache Akt des Versendens einer Textnachricht oder eines Guten-Morgen-Anrufs, der den Unterschied ausmachen kann, ob du dich einem geliebten Menschen nahe f\u00fchlst, egal wie weit er entfernt ist. Liebe kennt wirklich keine Distanz.<\/p>\r\n\r\n\r\n\r\n<h2 class=\"grenB f24 cblue\" style=\"margin-top: 3rem\">Erstelle eine personalisierte \u201eLiebe kennt keine Entfernung\u201c-Karte<\/h2>\r\n\r\n\r\n<p style=\"margin-top: 1rem\">Es gibt nichts Sch\u00f6neres, als mit der Person, die man liebt, im selben Raum zu sein, aber manchmal k\u00f6nnen uns Umst\u00e4nde, die au\u00dferhalb unserer Kontrolle liegen, voneinander trennen. Unabh\u00e4ngig davon, ob du eine Fernbeziehung f\u00fchrst oder dein geliebter Mensch einfach weit weg ist, kann es schwierig sein, sich nahe zu f\u00fchlen. Aber es besteht kein Grund zur Verzweiflung \u2013 mit ein wenig Kreativit\u00e4t kannst du eure besonderen Momente trotzdem gemeinsam feiern, egal wie weit ihr voneinander entfernt seid.<\/p>\r\n\r\n\r\n\r\n<p style=\"margin-top: 1rem\">Ein personalisierter Druck ist ein wunderbares Geschenk und eine tolle M\u00f6glichkeit, jemandem nahe zu sein, auch wenn man meilenweit voneinander entfernt ist. W\u00e4hle einfach ein Kartendesign, gebe deinen Standort und einen f\u00fcr deine Lieblingsperson ein und f\u00fcge einen pers\u00f6nlichen Text hinzu, um ein einzigartiges Geschenk zu erstellen. Du kannst auch die Farben und die Schriftart ausw\u00e4hlen, um es noch pers\u00f6nlicher zu gestalten.<\/p>\r\n\r\n\r\n\r\n<p style=\"margin-top: 1rem\">Mit einem personalisierten Druck kannst du alle besonderen Momente des Lebens gemeinsam feiern, egal wie weit ihr voneinander entfernt seid. Bestelle also noch heute euren Druck \u2013 und denke daran: Liebe kennt keine Entfernung.<\/p>","protected":false},"excerpt":{"rendered":"<ul class=\"check-list\">\n<li>Markiere zwei besondere Orte mit ausgew\u00e4hlten Symbolen<\/li>\n<li>Passe dein Kunstwerk in 3 einfachen Schritten an<\/li>\n<li>F\u00fcge einen aussagekr\u00e4ftigen personalisierten Text hinzu<\/li>\n<li>Sieh das Ergebnis sofort \u2013 die interaktive Vorschau erm\u00f6glicht dir, jedes Detail direkt anzupassen<\/li>\n<\/ul>\n","protected":false},"featured_media":1465326,"template":"","meta":[],"product_brand":[],"product_cat":[4905,9121,7631,7855,7791,7775,7680,7663,11330,11342,11366,11348,11345,11351,7839,8203,11353,8015,7728,7615,7807,7744,8199,7695,8996,5320,11235,11238,5275],"product_tag":[9074,15738,15740,15749,15744,14831,14832,13322,13318,11709,11715,11751,11744],"class_list":{"0":"post-369083","1":"product","2":"type-product","3":"status-publish","4":"has-post-thumbnail","6":"product_cat-alle-produkte-de-ch","7":"product_cat-double-maps-de-ch","8":"product_cat-geschenke-fur-bruder-de-ch","9":"product_cat-geschenke-fur-deine-familie-de-ch","10":"product_cat-geschenke-fur-deine-freundin-de-ch","11":"product_cat-geschenke-fur-deine-tochter-de-ch","12":"product_cat-geschenke-fur-deinen-freund-de-ch","13":"product_cat-geschenke-fur-deinen-sohn-de-ch","14":"product_cat-weihnachtsgeschenke-fur-den-freund-de-ch","15":"product_cat-weihnachtsgeschenke-fur-den-opa-de-ch","16":"product_cat-weihnachtsgeschenke-fur-die-eltern-de-ch","17":"product_cat-weihnachtsgeschenke-fur-die-freundin-de-ch","18":"product_cat-weihnachtsgeschenke-fur-die-oma-de-ch","19":"product_cat-weihnachtsgeschenke-fur-frauen-de-ch","20":"product_cat-geschenke-fur-freunde-de-ch","21":"product_cat-fur-ihn","22":"product_cat-weihnachtsgeschenke-fur-manner-de-ch","23":"product_cat-geschenke-fur-manner-de-ch","24":"product_cat-geschenke-fur-deine-oma-de-ch","25":"product_cat-geschenke-fur-opa-de-ch","26":"product_cat-geschenke-fur-paare-de-ch","27":"product_cat-geschenke-fur-schwester-de-ch","28":"product_cat-fur-sie-de-ch","29":"product_cat-geschenke-fur-wichtige-frauen-in-deinem-leben-de-ch","30":"product_cat-grosselterntag-de-ch","31":"product_cat-geschenke-zum-valentinstag-de-ch","32":"product_cat-valentinstagsgeschenke-fur-frauen-de-ch","33":"product_cat-valentinstagsgeschenke-fur-manner-de-ch","34":"product_cat-weihnachtsgeschenke-de-ch","35":"product_tag-couples-de-ch-2","36":"product_tag-regali-di-natale-per-il-fidanzato-de-ch","37":"product_tag-regali-di-natale-per-la-fidanzata-de-ch","38":"product_tag-regali-di-natale-per-lei-de-ch","39":"product_tag-regali-di-natale-per-lui-de-ch","40":"product_tag-valentines-day-de-ch","41":"product_tag-valentines-day-gift-de-ch","42":"product_tag-weihnachtsgeschenk-fur-den-opa-de-ch","43":"product_tag-weihnachtsgeschenk-fur-die-oma-de-ch","44":"product_tag-weihnachtsgeschenke-fuer-den-freund-de-ch","45":"product_tag-weihnachtsgeschenke-fuer-die-freundin","46":"product_tag-weihnachtsgeschenke-fuer-ihn-de-ch","47":"product_tag-weihnachtsgeschenke-fuer-sie-de-ch","49":"first","50":"instock","51":"sale","52":"taxable","53":"shipping-taxable","54":"purchasable","55":"product-type-variable"},"yoast_head":"<!-- This site is optimized with the Yoast SEO Premium plugin v27.2 (Yoast SEO v27.2) - https:\/\/yoast.com\/product\/yoast-seo-premium-wordpress\/ -->\n<title>Liebe Kennt Keine Entfernung - Positive Prints<\/title>\n<meta name=\"description\" content=\"Die personalisierten Karten werden als ein einziges Bild erstellt, aber zeigen zwei wichtige Orte in Ihrem Leben\" \/>\n<meta name=\"robots\" content=\"index, follow, max-snippet:-1, max-image-preview:large, max-video-preview:-1\" \/>\n<link rel=\"canonical\" href=\"https:\/\/positiveprints.com\/de-ch\/produkt\/liebe-kennt-keine-entfernung\/\" \/>\n<meta property=\"og:locale\" content=\"de_DE\" \/>\n<meta property=\"og:type\" content=\"article\" \/>\n<meta property=\"og:title\" content=\"Liebe Kennt Keine Entfernung\" \/>\n<meta property=\"og:description\" content=\"Markiere zwei besondere Orte mit ausgew\u00e4hlten Symbolen    Passe dein Kunstwerk in 3 einfachen Schritten an    F\u00fcge einen aussagekr\u00e4ftigen personalisierten Text hinzu    Sieh das Ergebnis sofort \u2013 die interaktive Vorschau erm\u00f6glicht dir, jedes Detail direkt anzupassen\" \/>\n<meta property=\"og:url\" content=\"https:\/\/positiveprints.com\/de-ch\/produkt\/liebe-kennt-keine-entfernung\/\" \/>\n<meta property=\"og:site_name\" content=\"Positive Prints\" \/>\n<meta property=\"article:publisher\" content=\"https:\/\/www.facebook.com\/positiveprintscom\" \/>\n<meta property=\"article:modified_time\" content=\"2026-04-18T05:21:59+00:00\" \/>\n<meta property=\"og:image\" content=\"https:\/\/positiveprints.com\/wp-content\/uploads\/2022\/12\/Liebe-Kennt-Keine-Entfernung.jpg\" \/>\n\t<meta property=\"og:image:width\" content=\"1080\" \/>\n\t<meta property=\"og:image:height\" content=\"1080\" \/>\n\t<meta property=\"og:image:type\" content=\"image\/jpeg\" \/>\n<meta name=\"twitter:card\" content=\"summary_large_image\" \/>\n<meta name=\"twitter:label1\" content=\"Gesch\u00e4tzte Lesezeit\" \/>\n\t<meta name=\"twitter:data1\" content=\"2\u00a0Minuten\" \/>\n<!-- \/ Yoast SEO Premium plugin. -->","yoast_head_json":{"title":"Liebe Kennt Keine Entfernung - Positive Prints","description":"Die personalisierten Karten werden als ein einziges Bild erstellt, aber zeigen zwei wichtige Orte in Ihrem Leben","robots":{"index":"index","follow":"follow","max-snippet":"max-snippet:-1","max-image-preview":"max-image-preview:large","max-video-preview":"max-video-preview:-1"},"canonical":"https:\/\/positiveprints.com\/de-ch\/produkt\/liebe-kennt-keine-entfernung\/","og_locale":"de_DE","og_type":"article","og_title":"Liebe Kennt Keine Entfernung","og_description":"Markiere zwei besondere Orte mit ausgew\u00e4hlten Symbolen    Passe dein Kunstwerk in 3 einfachen Schritten an    F\u00fcge einen aussagekr\u00e4ftigen personalisierten Text hinzu    Sieh das Ergebnis sofort \u2013 die interaktive Vorschau erm\u00f6glicht dir, jedes Detail direkt anzupassen","og_url":"https:\/\/positiveprints.com\/de-ch\/produkt\/liebe-kennt-keine-entfernung\/","og_site_name":"Positive Prints","article_publisher":"https:\/\/www.facebook.com\/positiveprintscom","article_modified_time":"2026-04-18T05:21:59+00:00","og_image":[{"width":1080,"height":1080,"url":"https:\/\/positiveprints.com\/wp-content\/uploads\/2022\/12\/Liebe-Kennt-Keine-Entfernung.jpg","type":"image\/jpeg"}],"twitter_card":"summary_large_image","twitter_misc":{"Gesch\u00e4tzte Lesezeit":"2\u00a0Minuten"},"schema":{"@context":"https:\/\/schema.org","@graph":[{"@type":["WebPage","ItemPage"],"@id":"https:\/\/positiveprints.com\/de-ch\/produkt\/liebe-kennt-keine-entfernung\/","url":"https:\/\/positiveprints.com\/de-ch\/produkt\/liebe-kennt-keine-entfernung\/","name":"Liebe Kennt Keine Entfernung - Positive Prints","isPartOf":{"@id":"https:\/\/positiveprints.com\/de-ch\/#website"},"primaryImageOfPage":{"@id":"https:\/\/positiveprints.com\/de-ch\/produkt\/liebe-kennt-keine-entfernung\/#primaryimage"},"image":{"@id":"https:\/\/positiveprints.com\/de-ch\/produkt\/liebe-kennt-keine-entfernung\/#primaryimage"},"thumbnailUrl":"https:\/\/positiveprints.com\/wp-content\/uploads\/2025\/06\/Packshot_DE_Liebe-kennt-keine-Entfernung.webp","datePublished":"2022-11-15T11:54:27+00:00","dateModified":"2026-04-18T05:21:59+00:00","description":"Die personalisierten Karten werden als ein einziges Bild erstellt, aber zeigen zwei wichtige Orte in Ihrem Leben","breadcrumb":{"@id":"https:\/\/positiveprints.com\/de-ch\/produkt\/liebe-kennt-keine-entfernung\/#breadcrumb"},"inLanguage":"de-CH","potentialAction":[{"@type":"ReadAction","target":["https:\/\/positiveprints.com\/de-ch\/produkt\/liebe-kennt-keine-entfernung\/"]}]},{"@type":"ImageObject","inLanguage":"de-CH","@id":"https:\/\/positiveprints.com\/de-ch\/produkt\/liebe-kennt-keine-entfernung\/#primaryimage","url":"https:\/\/positiveprints.com\/wp-content\/uploads\/2025\/06\/Packshot_DE_Liebe-kennt-keine-Entfernung.webp","contentUrl":"https:\/\/positiveprints.com\/wp-content\/uploads\/2025\/06\/Packshot_DE_Liebe-kennt-keine-Entfernung.webp","width":1450,"height":1450},{"@type":"BreadcrumbList","@id":"https:\/\/positiveprints.com\/de-ch\/produkt\/liebe-kennt-keine-entfernung\/#breadcrumb","itemListElement":[{"@type":"ListItem","position":1,"name":"Home","item":"https:\/\/positiveprints.com\/de-ch\/"},{"@type":"ListItem","position":2,"name":"Produkte","item":"https:\/\/positiveprints.com\/de-ch\/shop\/"},{"@type":"ListItem","position":3,"name":"Liebe Kennt Keine Entfernung"}]},{"@type":"WebSite","@id":"https:\/\/positiveprints.com\/de-ch\/#website","url":"https:\/\/positiveprints.com\/de-ch\/","name":"Positive Prints","description":"Amazing Custom Personalized Gifts","publisher":{"@id":"https:\/\/positiveprints.com\/de-ch\/#organization"},"potentialAction":[{"@type":"SearchAction","target":{"@type":"EntryPoint","urlTemplate":"https:\/\/positiveprints.com\/de-ch\/?s={search_term_string}"},"query-input":{"@type":"PropertyValueSpecification","valueRequired":true,"valueName":"search_term_string"}}],"inLanguage":"de-CH"},{"@type":"Organization","@id":"https:\/\/positiveprints.com\/de-ch\/#organization","name":"Positive Prints","alternateName":"Positive Prints","url":"https:\/\/positiveprints.com\/de-ch\/","logo":{"@type":"ImageObject","inLanguage":"de-CH","@id":"https:\/\/positiveprints.com\/de-ch\/#\/schema\/logo\/image\/","url":"https:\/\/positiveprints.com\/wp-content\/uploads\/2026\/03\/245815646_1337939713319158_5671353136411139666_n.png","contentUrl":"https:\/\/positiveprints.com\/wp-content\/uploads\/2026\/03\/245815646_1337939713319158_5671353136411139666_n.png","width":800,"height":800,"caption":"Positive Prints"},"image":{"@id":"https:\/\/positiveprints.com\/de-ch\/#\/schema\/logo\/image\/"},"sameAs":["https:\/\/www.facebook.com\/positiveprintscom","https:\/\/www.instagram.com\/positiveprintscom\/","https:\/\/www.tiktok.com\/@positiveprintscom","https:\/\/www.pinterest.com\/positiveprintscom\/"]}]}},"jetpack_sharing_enabled":true,"_links":{"self":[{"href":"https:\/\/positiveprints.com\/de-ch\/wp-json\/wp\/v2\/product\/369083","targetHints":{"allow":["GET"]}}],"collection":[{"href":"https:\/\/positiveprints.com\/de-ch\/wp-json\/wp\/v2\/product"}],"about":[{"href":"https:\/\/positiveprints.com\/de-ch\/wp-json\/wp\/v2\/types\/product"}],"wp:featuredmedia":[{"embeddable":true,"href":"https:\/\/positiveprints.com\/de-ch\/wp-json\/wp\/v2\/media\/1465326"}],"wp:attachment":[{"href":"https:\/\/positiveprints.com\/de-ch\/wp-json\/wp\/v2\/media?parent=369083"}],"wp:term":[{"taxonomy":"product_brand","embeddable":true,"href":"https:\/\/positiveprints.com\/de-ch\/wp-json\/wp\/v2\/product_brand?post=369083"},{"taxonomy":"product_cat","embeddable":true,"href":"https:\/\/positiveprints.com\/de-ch\/wp-json\/wp\/v2\/product_cat?post=369083"},{"taxonomy":"product_tag","embeddable":true,"href":"https:\/\/positiveprints.com\/de-ch\/wp-json\/wp\/v2\/product_tag?post=369083"}],"curies":[{"name":"wp","href":"https:\/\/api.w.org\/{rel}","templated":true}]}}