{"id":362188,"date":"2022-08-23T13:10:06","date_gmt":"2022-08-23T12:10:06","guid":{"rendered":"https:\/\/positiveprints.com\/product\/familienfoto-wandkunst\/"},"modified":"2026-04-12T23:10:03","modified_gmt":"2026-04-12T22:10:03","slug":"familienfoto-wandkunst","status":"publish","type":"product","link":"https:\/\/positiveprints.com\/de-ch\/produkt\/familienfoto-wandkunst\/","title":{"rendered":"Familienfoto-Wandkunst"},"content":{"rendered":"","protected":false},"excerpt":{"rendered":"<ul class=\"check-list\">\n<li>Erwecke Familienerinnerungen zum Leben und pr\u00e4sentiere dein Lieblingsfamilienfoto auf einzigartige und stilvolle Weise<\/li>\n<li>F\u00fcge Text\u00fcberlagerungen hinzu, um jedes Geschenk besonders und bedeutungsvoll zu machen<\/li>\n<li>Passe es in 3 einfachen Schritten<\/li>\n<li>Sieh das Ergebnis sofort \u2013 die interaktive Vorschau erm\u00f6glicht dir, jedes Detail direkt anzupassen<\/li>\n<\/ul>\n","protected":false},"featured_media":333512,"template":"","meta":[],"product_brand":[],"product_cat":[5260,5298,7502,7855,7775,7663,11366,11360,15062,7823,8996,5275],"product_tag":[16921,8543,13463],"class_list":{"0":"post-362188","1":"product","2":"type-product","3":"status-publish","4":"has-post-thumbnail","6":"product_cat-babygeburtsgeschenke-de-ch","7":"product_cat-einzugsgeschenke-de-ch","8":"product_cat-foto-de-ch","9":"product_cat-geschenke-fur-deine-familie-de-ch","10":"product_cat-geschenke-fur-deine-tochter-de-ch","11":"product_cat-geschenke-fur-deinen-sohn-de-ch","12":"product_cat-weihnachtsgeschenke-fur-die-eltern-de-ch","13":"product_cat-weihnachtsgeschenke-fur-die-kinder-de-ch","14":"product_cat-weihnachtsgeschenke-fuer-familie-de-ch","15":"product_cat-geschenke-fur-frisch-gewordene-eltern-de-ch","16":"product_cat-grosselterntag-de-ch","17":"product_cat-weihnachtsgeschenke-de-ch","18":"product_tag-christmas-gifts-for-family-de-ch","19":"product_tag-family-de-ch","20":"product_tag-weihnachtsgeschenke-fur-die-familie-de-ch","22":"first","23":"instock","24":"sale","25":"taxable","26":"shipping-taxable","27":"purchasable","28":"product-type-variable"},"yoast_head":"<!-- This site is optimized with the Yoast SEO Premium plugin v27.2 (Yoast SEO v27.2) - https:\/\/yoast.com\/product\/yoast-seo-premium-wordpress\/ -->\n<title>Familienfoto-Wandkunst - Positive Prints<\/title>\n<meta name=\"description\" content=\"Deine wachsende Familie ist etwas, worauf du stolz sein kannst. Halte die sch\u00f6nsten Momente f\u00fcr immer mit unserer Familienfoto-Wandkunst fest.\" \/>\n<meta name=\"robots\" content=\"index, follow, max-snippet:-1, max-image-preview:large, max-video-preview:-1\" \/>\n<link rel=\"canonical\" href=\"https:\/\/positiveprints.com\/de-ch\/produkt\/familienfoto-wandkunst\/\" \/>\n<meta property=\"og:locale\" content=\"de_DE\" \/>\n<meta property=\"og:type\" content=\"article\" \/>\n<meta property=\"og:title\" content=\"Familienfoto-Wandkunst\" \/>\n<meta property=\"og:description\" content=\"Erwecke Familienerinnerungen zum Leben und pr\u00e4sentiere dein Lieblingsfamilienfoto auf einzigartige und stilvolle Weise F\u00fcge Text\u00fcberlagerungen hinzu, um jedes Geschenk besonders und bedeutungsvoll zu machen Passe es in 3 einfachen Schritten Sieh das Ergebnis sofort \u2013 die interaktive Vorschau erm\u00f6glicht dir, jedes Detail direkt anzupassen\" \/>\n<meta property=\"og:url\" content=\"https:\/\/positiveprints.com\/de-ch\/produkt\/familienfoto-wandkunst\/\" \/>\n<meta property=\"og:site_name\" content=\"Positive Prints\" \/>\n<meta property=\"article:publisher\" content=\"https:\/\/www.facebook.com\/positiveprintscom\" \/>\n<meta property=\"article:modified_time\" content=\"2026-04-12T22:10:03+00:00\" \/>\n<meta property=\"og:image\" content=\"https:\/\/positiveprints.com\/wp-content\/uploads\/2022\/08\/family-photo-wall-art.jpg\" \/>\n\t<meta property=\"og:image:width\" content=\"1080\" \/>\n\t<meta property=\"og:image:height\" content=\"1080\" \/>\n\t<meta property=\"og:image:type\" content=\"image\/jpeg\" \/>\n<meta name=\"twitter:card\" content=\"summary_large_image\" \/>\n<!-- \/ Yoast SEO Premium plugin. -->","yoast_head_json":{"title":"Familienfoto-Wandkunst - Positive Prints","description":"Deine wachsende Familie ist etwas, worauf du stolz sein kannst. Halte die sch\u00f6nsten Momente f\u00fcr immer mit unserer Familienfoto-Wandkunst fest.","robots":{"index":"index","follow":"follow","max-snippet":"max-snippet:-1","max-image-preview":"max-image-preview:large","max-video-preview":"max-video-preview:-1"},"canonical":"https:\/\/positiveprints.com\/de-ch\/produkt\/familienfoto-wandkunst\/","og_locale":"de_DE","og_type":"article","og_title":"Familienfoto-Wandkunst","og_description":"Erwecke Familienerinnerungen zum Leben und pr\u00e4sentiere dein Lieblingsfamilienfoto auf einzigartige und stilvolle Weise F\u00fcge Text\u00fcberlagerungen hinzu, um jedes Geschenk besonders und bedeutungsvoll zu machen Passe es in 3 einfachen Schritten Sieh das Ergebnis sofort \u2013 die interaktive Vorschau erm\u00f6glicht dir, jedes Detail direkt anzupassen","og_url":"https:\/\/positiveprints.com\/de-ch\/produkt\/familienfoto-wandkunst\/","og_site_name":"Positive Prints","article_publisher":"https:\/\/www.facebook.com\/positiveprintscom","article_modified_time":"2026-04-12T22:10:03+00:00","og_image":[{"width":1080,"height":1080,"url":"https:\/\/positiveprints.com\/wp-content\/uploads\/2022\/08\/family-photo-wall-art.jpg","type":"image\/jpeg"}],"twitter_card":"summary_large_image","schema":{"@context":"https:\/\/schema.org","@graph":[{"@type":["WebPage","ItemPage"],"@id":"https:\/\/positiveprints.com\/de-ch\/produkt\/familienfoto-wandkunst\/","url":"https:\/\/positiveprints.com\/de-ch\/produkt\/familienfoto-wandkunst\/","name":"Familienfoto-Wandkunst - Positive Prints","isPartOf":{"@id":"https:\/\/positiveprints.com\/de-ch\/#website"},"primaryImageOfPage":{"@id":"https:\/\/positiveprints.com\/de-ch\/produkt\/familienfoto-wandkunst\/#primaryimage"},"image":{"@id":"https:\/\/positiveprints.com\/de-ch\/produkt\/familienfoto-wandkunst\/#primaryimage"},"thumbnailUrl":"https:\/\/positiveprints.com\/wp-content\/uploads\/2022\/08\/family-photo-wall-art.jpg","datePublished":"2022-08-23T12:10:06+00:00","dateModified":"2026-04-12T22:10:03+00:00","description":"Deine wachsende Familie ist etwas, worauf du stolz sein kannst. Halte die sch\u00f6nsten Momente f\u00fcr immer mit unserer Familienfoto-Wandkunst fest.","breadcrumb":{"@id":"https:\/\/positiveprints.com\/de-ch\/produkt\/familienfoto-wandkunst\/#breadcrumb"},"inLanguage":"de-CH","potentialAction":[{"@type":"ReadAction","target":["https:\/\/positiveprints.com\/de-ch\/produkt\/familienfoto-wandkunst\/"]}]},{"@type":"ImageObject","inLanguage":"de-CH","@id":"https:\/\/positiveprints.com\/de-ch\/produkt\/familienfoto-wandkunst\/#primaryimage","url":"https:\/\/positiveprints.com\/wp-content\/uploads\/2022\/08\/family-photo-wall-art.jpg","contentUrl":"https:\/\/positiveprints.com\/wp-content\/uploads\/2022\/08\/family-photo-wall-art.jpg","width":1080,"height":1080,"caption":"High-quality family photo prints that are perfect for framing and hanging"},{"@type":"BreadcrumbList","@id":"https:\/\/positiveprints.com\/de-ch\/produkt\/familienfoto-wandkunst\/#breadcrumb","itemListElement":[{"@type":"ListItem","position":1,"name":"Home","item":"https:\/\/positiveprints.com\/de-ch\/"},{"@type":"ListItem","position":2,"name":"Produkte","item":"https:\/\/positiveprints.com\/de-ch\/shop\/"},{"@type":"ListItem","position":3,"name":"Familienfoto-Wandkunst"}]},{"@type":"WebSite","@id":"https:\/\/positiveprints.com\/de-ch\/#website","url":"https:\/\/positiveprints.com\/de-ch\/","name":"Positive Prints","description":"Amazing Custom Personalized Gifts","publisher":{"@id":"https:\/\/positiveprints.com\/de-ch\/#organization"},"potentialAction":[{"@type":"SearchAction","target":{"@type":"EntryPoint","urlTemplate":"https:\/\/positiveprints.com\/de-ch\/?s={search_term_string}"},"query-input":{"@type":"PropertyValueSpecification","valueRequired":true,"valueName":"search_term_string"}}],"inLanguage":"de-CH"},{"@type":"Organization","@id":"https:\/\/positiveprints.com\/de-ch\/#organization","name":"Positive Prints","alternateName":"Positive Prints","url":"https:\/\/positiveprints.com\/de-ch\/","logo":{"@type":"ImageObject","inLanguage":"de-CH","@id":"https:\/\/positiveprints.com\/de-ch\/#\/schema\/logo\/image\/","url":"https:\/\/positiveprints.com\/wp-content\/uploads\/2026\/03\/245815646_1337939713319158_5671353136411139666_n.png","contentUrl":"https:\/\/positiveprints.com\/wp-content\/uploads\/2026\/03\/245815646_1337939713319158_5671353136411139666_n.png","width":800,"height":800,"caption":"Positive Prints"},"image":{"@id":"https:\/\/positiveprints.com\/de-ch\/#\/schema\/logo\/image\/"},"sameAs":["https:\/\/www.facebook.com\/positiveprintscom","https:\/\/www.instagram.com\/positiveprintscom\/","https:\/\/www.tiktok.com\/@positiveprintscom","https:\/\/www.pinterest.com\/positiveprintscom\/"]}]}},"jetpack_sharing_enabled":true,"_links":{"self":[{"href":"https:\/\/positiveprints.com\/de-ch\/wp-json\/wp\/v2\/product\/362188","targetHints":{"allow":["GET"]}}],"collection":[{"href":"https:\/\/positiveprints.com\/de-ch\/wp-json\/wp\/v2\/product"}],"about":[{"href":"https:\/\/positiveprints.com\/de-ch\/wp-json\/wp\/v2\/types\/product"}],"wp:featuredmedia":[{"embeddable":true,"href":"https:\/\/positiveprints.com\/de-ch\/wp-json\/wp\/v2\/media\/333512"}],"wp:attachment":[{"href":"https:\/\/positiveprints.com\/de-ch\/wp-json\/wp\/v2\/media?parent=362188"}],"wp:term":[{"taxonomy":"product_brand","embeddable":true,"href":"https:\/\/positiveprints.com\/de-ch\/wp-json\/wp\/v2\/product_brand?post=362188"},{"taxonomy":"product_cat","embeddable":true,"href":"https:\/\/positiveprints.com\/de-ch\/wp-json\/wp\/v2\/product_cat?post=362188"},{"taxonomy":"product_tag","embeddable":true,"href":"https:\/\/positiveprints.com\/de-ch\/wp-json\/wp\/v2\/product_tag?post=362188"}],"curies":[{"name":"wp","href":"https:\/\/api.w.org\/{rel}","templated":true}]}}