{"id":361358,"date":"2022-08-25T15:26:41","date_gmt":"2022-08-25T14:26:41","guid":{"rendered":"https:\/\/positiveprints.com\/product\/hochzeits-willkommensschil\/"},"modified":"2026-04-18T06:40:24","modified_gmt":"2026-04-18T05:40:24","slug":"hochzeits-willkommensschil","status":"publish","type":"product","link":"https:\/\/positiveprints.com\/de-ch\/produkt\/hochzeits-willkommensschil\/","title":{"rendered":"Hochzeits-Willkommensschilder"},"content":{"rendered":"Wenn es euer Hochzeitstag ist, m\u00f6chtest du sicherlich, dass jedes Detail perfekt ist. Das Anbringen eines Hochzeits-Willkommensschilds kann den Ton f\u00fcr das gesamte Erlebnis festlegen und deine G\u00e4ste mit offenen Armen begr\u00fc\u00dfen.\n\n<h2 class=\"grenB f24 cblue\" style=\"margin-top: 3rem;\">Warum ein Hochzeits-Willkommensplakat erstellen?<\/h2>\n\n<p style=\"margin-top: 1rem;\">Die Planung einer Hochzeit kann ein ziemliches Unterfangen sein, vor allem wenn man alle Details bedenkt. Aber genau das macht eine Hochzeit so sch\u00f6n und einzigartig \u2013 die feinen Details. Ein Willkommensplakat zur Hochzeit ist ein Muss f\u00fcr jede Hochzeit.<\/p>\n\n<p style=\"margin-top: 1rem;\">Da du nicht vor Ort sein wirst, um jeden Gast bei seiner Ankunft pers\u00f6nlich zu begr\u00fc\u00dfen, kann unser Hochzeits-Willkommensplakat dies f\u00fcr dich erledigen. Platziere es auf einer Staffelei am Veranstaltungsort, damit die G\u00e4ste wissen, dass sie am richtigen Ort sind. Bringe es dann in deinen Empfangssaal, um das Haupt-Thema eurer Hochzeit zu verdeutlichen. Es ist eine kleine Geste, die eine gro\u00dfe Wirkung haben kann und zudem auf den Hochzeitsfotos gro\u00dfartig aussieht!<\/p>\n\n\n\n<h2 class=\"grenB f24 cblue\" style=\"margin-top: 3rem;\">Wie es funktioniert? Ganz einfach!<\/h2>\n\n<p style=\"margin-top: 1rem;\">Du hast kein Designerauge? Versuchst du das Hochzeitsschild von Grund auf neu anzufertigen? Das ist nicht n\u00f6tig! Bei Positive Prints haben wir dir eigentlich die Arbeit bei der Erstellung individueller Fotodrucke abgenommen und bieten dir in wenigen Minuten ein hochwertiges Poster. W\u00e4hle aus einer vorgefertigten Designvorlage, lade deine eigenen Bilder hoch und passen diese mit einem pers\u00f6nlichen Text an. F\u00fcge einen Namen, das Datum und die Uhrzeit der Hochzeit, den Namen des Veranstaltungsortes oder andere Details hinzu, die dir helfen werden, mit Freude an diesen Tag zur\u00fcckzublicken.<\/p>\n\n<p style=\"margin-top: 1rem;\">Entscheide dann, wie du den individuellen Hochzeitsdruck erhalten m\u00f6chtest. Wir bieten weltweiten Versand f\u00fcr unsere Premium-Poster und Drucke auf Leinwand an. Oder, wenn du das Poster schneller ben\u00f6tigen solltest, w\u00e4hle einfach die digitale Datei aus und drucke sie in deine \u00f6rtlichen Druckerei aus.<\/p>\n\n\n\n<h2 class=\"grenB f24 cblue\" style=\"margin-top: 3rem;\">Sch\u00e4tz euren Hochzeitstag f\u00fcr immer<\/h2>\n\n<p style=\"margin-top: 1rem;\">Eure Hochzeit ist im Handumdrehen vorbei, und nur eure Erinnerungen, Bilder und Videos helfen euch, diese magischen Momente noch einmal zu erleben. Mit einem Hochzeits-Willkommensschild hast du einen weiteren kleinen Teil eures Tages, der noch lange nach der Hochzeit anh\u00e4lt. Erstelle noch heute euer Hochzeits-Willkommensplakat!<\/p>","protected":false},"excerpt":{"rendered":"<ul class=\"check-list\">\n<li>Mache deinen Hochzeitstag noch spezieller: Verleihe der Hochzeitsdekoration einen Hauch von Eleganz und begr\u00fc\u00dfe deine G\u00e4ste stilvoll<\/li>\n<li>F\u00fcge Text\u00fcberlagerungen hinzu, um jedes Geschenk besonders und bedeutungsvoll zu machen<\/li>\n<li>Passe es in 3 einfachen Schritten<\/li>\n<li>Sieh das Ergebnis sofort \u2013 die interaktive Vorschau erm\u00f6glicht dir, jedes Detail direkt anzupassen<\/li>\n<\/ul>\n","protected":false},"featured_media":335198,"template":"","meta":[],"product_brand":[],"product_cat":[7502,7935],"product_tag":[8487],"class_list":{"0":"post-361358","1":"product","2":"type-product","3":"status-publish","4":"has-post-thumbnail","6":"product_cat-foto-de-ch","7":"product_cat-brautduschen-geschenke-de-ch","8":"product_tag-wedding-de-ch","10":"first","11":"instock","12":"sale","13":"taxable","14":"shipping-taxable","15":"purchasable","16":"product-type-variable"},"yoast_head":"<!-- This site is optimized with the Yoast SEO Premium plugin v27.2 (Yoast SEO v27.2) - https:\/\/yoast.com\/product\/yoast-seo-premium-wordpress\/ -->\n<title>Hochzeits-Willkommensschilder - Positive Prints<\/title>\n<meta name=\"description\" content=\"Begr\u00fc\u00dfe deine Hochzeitsg\u00e4ste stilvoll mit einem Hochzeits-Willkommensschild. F\u00fcge ein Bild des zuk\u00fcnftigen Brautpaares hinzu und passen es an.\" \/>\n<meta name=\"robots\" content=\"index, follow, max-snippet:-1, max-image-preview:large, max-video-preview:-1\" \/>\n<link rel=\"canonical\" href=\"https:\/\/positiveprints.com\/de-ch\/produkt\/hochzeits-willkommensschil\/\" \/>\n<meta property=\"og:locale\" content=\"de_DE\" \/>\n<meta property=\"og:type\" content=\"article\" \/>\n<meta property=\"og:title\" content=\"Hochzeits-Willkommensschilder\" \/>\n<meta property=\"og:description\" content=\"Mache deinen Hochzeitstag noch spezieller: Verleihe der Hochzeitsdekoration einen Hauch von Eleganz und begr\u00fc\u00dfe deine G\u00e4ste stilvoll F\u00fcge Text\u00fcberlagerungen hinzu, um jedes Geschenk besonders und bedeutungsvoll zu machen Passe es in 3 einfachen Schritten Sieh das Ergebnis sofort \u2013 die interaktive Vorschau erm\u00f6glicht dir, jedes Detail direkt anzupassen\" \/>\n<meta property=\"og:url\" content=\"https:\/\/positiveprints.com\/de-ch\/produkt\/hochzeits-willkommensschil\/\" \/>\n<meta property=\"og:site_name\" content=\"Positive Prints\" \/>\n<meta property=\"article:publisher\" content=\"https:\/\/www.facebook.com\/positiveprintscom\" \/>\n<meta property=\"article:modified_time\" content=\"2026-04-18T05:40:24+00:00\" \/>\n<meta property=\"og:image\" content=\"https:\/\/positiveprints.com\/wp-content\/uploads\/2022\/08\/wedding-welcome-sign.jpg\" \/>\n\t<meta property=\"og:image:width\" content=\"1080\" \/>\n\t<meta property=\"og:image:height\" content=\"1080\" \/>\n\t<meta property=\"og:image:type\" content=\"image\/jpeg\" \/>\n<meta name=\"twitter:card\" content=\"summary_large_image\" \/>\n<!-- \/ Yoast SEO Premium plugin. -->","yoast_head_json":{"title":"Hochzeits-Willkommensschilder - Positive Prints","description":"Begr\u00fc\u00dfe deine Hochzeitsg\u00e4ste stilvoll mit einem Hochzeits-Willkommensschild. F\u00fcge ein Bild des zuk\u00fcnftigen Brautpaares hinzu und passen es an.","robots":{"index":"index","follow":"follow","max-snippet":"max-snippet:-1","max-image-preview":"max-image-preview:large","max-video-preview":"max-video-preview:-1"},"canonical":"https:\/\/positiveprints.com\/de-ch\/produkt\/hochzeits-willkommensschil\/","og_locale":"de_DE","og_type":"article","og_title":"Hochzeits-Willkommensschilder","og_description":"Mache deinen Hochzeitstag noch spezieller: Verleihe der Hochzeitsdekoration einen Hauch von Eleganz und begr\u00fc\u00dfe deine G\u00e4ste stilvoll F\u00fcge Text\u00fcberlagerungen hinzu, um jedes Geschenk besonders und bedeutungsvoll zu machen Passe es in 3 einfachen Schritten Sieh das Ergebnis sofort \u2013 die interaktive Vorschau erm\u00f6glicht dir, jedes Detail direkt anzupassen","og_url":"https:\/\/positiveprints.com\/de-ch\/produkt\/hochzeits-willkommensschil\/","og_site_name":"Positive Prints","article_publisher":"https:\/\/www.facebook.com\/positiveprintscom","article_modified_time":"2026-04-18T05:40:24+00:00","og_image":[{"width":1080,"height":1080,"url":"https:\/\/positiveprints.com\/wp-content\/uploads\/2022\/08\/wedding-welcome-sign.jpg","type":"image\/jpeg"}],"twitter_card":"summary_large_image","schema":{"@context":"https:\/\/schema.org","@graph":[{"@type":["WebPage","ItemPage"],"@id":"https:\/\/positiveprints.com\/de-ch\/produkt\/hochzeits-willkommensschil\/","url":"https:\/\/positiveprints.com\/de-ch\/produkt\/hochzeits-willkommensschil\/","name":"Hochzeits-Willkommensschilder - Positive Prints","isPartOf":{"@id":"https:\/\/positiveprints.com\/de-ch\/#website"},"primaryImageOfPage":{"@id":"https:\/\/positiveprints.com\/de-ch\/produkt\/hochzeits-willkommensschil\/#primaryimage"},"image":{"@id":"https:\/\/positiveprints.com\/de-ch\/produkt\/hochzeits-willkommensschil\/#primaryimage"},"thumbnailUrl":"https:\/\/positiveprints.com\/wp-content\/uploads\/2022\/08\/wedding-welcome-sign.jpg","datePublished":"2022-08-25T14:26:41+00:00","dateModified":"2026-04-18T05:40:24+00:00","description":"Begr\u00fc\u00dfe deine Hochzeitsg\u00e4ste stilvoll mit einem Hochzeits-Willkommensschild. F\u00fcge ein Bild des zuk\u00fcnftigen Brautpaares hinzu und passen es an.","breadcrumb":{"@id":"https:\/\/positiveprints.com\/de-ch\/produkt\/hochzeits-willkommensschil\/#breadcrumb"},"inLanguage":"de-CH","potentialAction":[{"@type":"ReadAction","target":["https:\/\/positiveprints.com\/de-ch\/produkt\/hochzeits-willkommensschil\/"]}]},{"@type":"ImageObject","inLanguage":"de-CH","@id":"https:\/\/positiveprints.com\/de-ch\/produkt\/hochzeits-willkommensschil\/#primaryimage","url":"https:\/\/positiveprints.com\/wp-content\/uploads\/2022\/08\/wedding-welcome-sign.jpg","contentUrl":"https:\/\/positiveprints.com\/wp-content\/uploads\/2022\/08\/wedding-welcome-sign.jpg","width":1080,"height":1080,"caption":"Customize your wedding welcome sign with fonts, dates, and details"},{"@type":"BreadcrumbList","@id":"https:\/\/positiveprints.com\/de-ch\/produkt\/hochzeits-willkommensschil\/#breadcrumb","itemListElement":[{"@type":"ListItem","position":1,"name":"Home","item":"https:\/\/positiveprints.com\/de-ch\/"},{"@type":"ListItem","position":2,"name":"Produkte","item":"https:\/\/positiveprints.com\/de-ch\/shop\/"},{"@type":"ListItem","position":3,"name":"Hochzeits-Willkommensschilder"}]},{"@type":"WebSite","@id":"https:\/\/positiveprints.com\/de-ch\/#website","url":"https:\/\/positiveprints.com\/de-ch\/","name":"Positive Prints","description":"Amazing Custom Personalized Gifts","publisher":{"@id":"https:\/\/positiveprints.com\/de-ch\/#organization"},"potentialAction":[{"@type":"SearchAction","target":{"@type":"EntryPoint","urlTemplate":"https:\/\/positiveprints.com\/de-ch\/?s={search_term_string}"},"query-input":{"@type":"PropertyValueSpecification","valueRequired":true,"valueName":"search_term_string"}}],"inLanguage":"de-CH"},{"@type":"Organization","@id":"https:\/\/positiveprints.com\/de-ch\/#organization","name":"Positive Prints","alternateName":"Positive Prints","url":"https:\/\/positiveprints.com\/de-ch\/","logo":{"@type":"ImageObject","inLanguage":"de-CH","@id":"https:\/\/positiveprints.com\/de-ch\/#\/schema\/logo\/image\/","url":"https:\/\/positiveprints.com\/wp-content\/uploads\/2026\/03\/245815646_1337939713319158_5671353136411139666_n.png","contentUrl":"https:\/\/positiveprints.com\/wp-content\/uploads\/2026\/03\/245815646_1337939713319158_5671353136411139666_n.png","width":800,"height":800,"caption":"Positive Prints"},"image":{"@id":"https:\/\/positiveprints.com\/de-ch\/#\/schema\/logo\/image\/"},"sameAs":["https:\/\/www.facebook.com\/positiveprintscom","https:\/\/www.instagram.com\/positiveprintscom\/","https:\/\/www.tiktok.com\/@positiveprintscom","https:\/\/www.pinterest.com\/positiveprintscom\/"]}]}},"jetpack_sharing_enabled":true,"_links":{"self":[{"href":"https:\/\/positiveprints.com\/de-ch\/wp-json\/wp\/v2\/product\/361358","targetHints":{"allow":["GET"]}}],"collection":[{"href":"https:\/\/positiveprints.com\/de-ch\/wp-json\/wp\/v2\/product"}],"about":[{"href":"https:\/\/positiveprints.com\/de-ch\/wp-json\/wp\/v2\/types\/product"}],"wp:featuredmedia":[{"embeddable":true,"href":"https:\/\/positiveprints.com\/de-ch\/wp-json\/wp\/v2\/media\/335198"}],"wp:attachment":[{"href":"https:\/\/positiveprints.com\/de-ch\/wp-json\/wp\/v2\/media?parent=361358"}],"wp:term":[{"taxonomy":"product_brand","embeddable":true,"href":"https:\/\/positiveprints.com\/de-ch\/wp-json\/wp\/v2\/product_brand?post=361358"},{"taxonomy":"product_cat","embeddable":true,"href":"https:\/\/positiveprints.com\/de-ch\/wp-json\/wp\/v2\/product_cat?post=361358"},{"taxonomy":"product_tag","embeddable":true,"href":"https:\/\/positiveprints.com\/de-ch\/wp-json\/wp\/v2\/product_tag?post=361358"}],"curies":[{"name":"wp","href":"https:\/\/api.w.org\/{rel}","templated":true}]}}