{"id":361323,"date":"2022-02-21T22:18:26","date_gmt":"2022-02-21T21:18:26","guid":{"rendered":"https:\/\/positiveprints.com\/product\/hochzeitskarte\/"},"modified":"2026-04-18T07:02:04","modified_gmt":"2026-04-18T06:02:04","slug":"hochzeitskarte","status":"publish","type":"product","link":"https:\/\/positiveprints.com\/de-ch\/produkt\/hochzeitskarte\/","title":{"rendered":"Eure Hochzeitskarte"},"content":{"rendered":"<p>Euer Hochzeitstag ist ein Meilenstein, der begann, lange bevor du deine Schuhe, dein Kleid, deinen Veranstaltungsort und feine Blumen ausgew\u00e4hlt hast. Feiere den Tag f\u00fcr den Rest deines Lebens gemeinsam mit einer individuellen Hochzeitskarte als Geschenk.<\/p>\r\n\r\n\r\n<h2 class=\"grenB f24 cblue\" style=\"margin-top: 3rem\">Was ist eine Hochzeitskarte?<\/h2>\r\n\r\n<p style=\"margin-top: 1rem\">Eure individuelle Hochzeitskarte kann den Ort veranschaulichen, an dem du deine gro\u00dfe Liebe zum ersten Mal getroffen hast, den Ort, an dem ihr euch verlobt oder \u201eJa\u201c gesagt habt! Unsere Karten zeigen ein herzf\u00f6rmiges Symbol daf\u00fcr, wo eure Magie geschah, sodass ihr an diesen Ort immer wieder denken k\u00f6nnt.<\/p>\r\n\r\n<h2 class=\"grenB f24 cblue\" style=\"margin-top: 3rem\">Ideen f\u00fcr ein Hochzeitskartengeschenk<\/h2>\r\n\r\n<p style=\"margin-top: 1rem\">Eine personalisierte Hochzeitskarte als Geschenk ist eine wunderbare M\u00f6glichkeit, einen Teil eurer Liebesgeschichte zu veranschaulichen. Es ist ein Kunstwerk, das f\u00fcr jedes Paar einzigartig ist, das \u00fcber Generationen weitergegeben werden kann und einen Blick zur\u00fcck in die Vergangenheit bietet.<\/p>\r\n\r\n<p style=\"margin-top: 1rem\">Um das Beste aus deinem wertvollen Geschenk zu machen, kannst du dieses mit einem pers\u00f6nlichen Text, Lied-Lyrics, Zitaten, Daten oder allem, was es noch sentimentaler macht, individuell gestalten. Zu unseren Favoriten geh\u00f6ren:<\/p>\r\n\r\n<p style=\"margin-top: 1rem\">\r\n\u2022 \u201eDie Ewigkeit beginnt.\u201c<br>\r\n\u2022 \u201eDas tue ich&#8230; f\u00fcr immer.\u201c<br>\r\n\u2022 \u201eDu bist mein Heute und alle meine Morgen.\u201c<br>\r\n\u2022 \u201eUnd die beiden werden eins werden.\u201c<br>\r\n\u2022 \u201eGemeinsam bauen wir ein Leben auf, das wir lieben.\u201c<\/p>\r\n\r\n<p style=\"margin-top: 1rem\">Viele unserer Kunden bei Positive Prints entscheiden sich f\u00fcr ein Hochzeitskartengeschenk, um einen geliebten Menschen an seinem Jahrestag, Valentinstag, Geburtstag oder einem anderen Feiertag zu \u00fcberraschen. Oder wenn du ein besonderes Paar in deinem Leben feierst, kannst du dieses mit einer Hochzeitskarte \u00fcberraschen, die das erste Kunstwerk in ihrem neuen Zuhause sein wird.<\/p>\r\n\r\n<p style=\"margin-top: 1rem\">Wie du die Geschichte verewigst, liegt ganz bei dir!<\/p>\r\n\r\n<h2 class=\"grenB f24 cblue\" style=\"margin-top: 3rem\">Personalisiere deine Hochzeitskarte mit Positive Prints<\/h2>\r\n\r\n<p style=\"margin-top: 1rem\">Jede Karte, die wir bei Positive Prints erstellen, nutzt die modernste GPS-Technologie und gibt dir die totale Kontrolle \u00fcber das endg\u00fcltige Design. Mit unserem Kartenersteller kannst du ganz einfach ausw\u00e4hlen, wie dein individueller Kartendruck aussehen soll.<\/p>\r\n\r\n<p style=\"margin-top: 1rem\">Jedes Hochzeitsgeschenk beginnt mit einem grundlegenden Design. W\u00e4hle die Form und das Farbschema deiner Karte aus, einschlie\u00dflich einzigartiger Optionen wie Strandglas- oder Vintage-Farben oder erstelle dein eigenes Farbschema, das zu deiner Inneneinrichtung passt.<\/p>\r\n\r\n<p style=\"margin-top: 1rem\">W\u00e4hle als N\u00e4chstes den Ort des besonderen Tages. Dies kann die Adresse deines Hochzeitsortes, der Ort des ersten Dates oder der Ort sein, an dem die Beschenkten beschlossen haben, f\u00fcr immer zusammen zu verbringen. F\u00fcge einen benutzerdefinierten Text ein, um die Bedeutung des Ortes hervorzuheben, z. B. den Namen des Ortes oder das Datum des besonderen Tages. Oder verwende ein Lieblingszitat oder eine Lieblingsgedichtzeile. Es gibt keinen falschen Weg zur Individualisierung!<\/p>\r\n\r\n<p style=\"margin-top: 1rem\">W\u00e4hle zu guter Letzt aus, wie du deine Hochzeitskarte erhalten m\u00f6chtest: als digitalen Download, Papierdruck oder Druck auf einer Leinwand.<\/p>\r\n\r\n<h2 class=\"grenB f24 cblue\" style=\"margin-top: 3rem\">Beginne mit der Erstellung deiner individuellen Hochzeitskarte!<\/h2>\r\n\r\n<p style=\"margin-top: 1rem\">Jede Hochzeitskarte ist wirklich einzigartig. Jede Liebe ist wie keine andere und verdient es, geteilt zu werden. Erstelle einen individuellen Hochzeitskartendruck!<\/p>","protected":false},"excerpt":{"rendered":"<ul class=\"check-list\">\n<li>Markiere eine besondere Stelle mit einem ausgew\u00e4hlten Symbol<\/li>\n<li>Passe dein Kunstwerk in 3 einfachen Schritten an<\/li>\n<li>F\u00fcge einen aussagekr\u00e4ftigen personalisierten Text hinzu<\/li>\n<li>Sieh das Ergebnis sofort \u2013 die interaktive Vorschau erm\u00f6glicht dir, jedes Detail direkt anzupassen<\/li>\n<\/ul>\n","protected":false},"featured_media":1213944,"template":"","meta":[],"product_brand":[],"product_cat":[9282,7935,5309,7199,9768],"product_tag":[13787,8487,15600],"class_list":{"0":"post-361323","1":"product","2":"type-product","3":"status-publish","4":"has-post-thumbnail","6":"product_cat-bestsellers-label-ch","7":"product_cat-brautduschen-geschenke-de-ch","8":"product_cat-hochzeitsgeschenke-de-ch","9":"product_cat-map-de-ch","10":"product_cat-trending-label-de-ch","11":"product_tag-hochzeitslocation-karte-de-ch","12":"product_tag-wedding-de-ch","13":"product_tag-wo-wir-geheiratet-haben","15":"first","16":"instock","17":"sale","18":"taxable","19":"shipping-taxable","20":"purchasable","21":"product-type-variable"},"yoast_head":"<!-- This site is optimized with the Yoast SEO Premium plugin v27.2 (Yoast SEO v27.2) - https:\/\/yoast.com\/product\/yoast-seo-premium-wordpress\/ -->\n<title>Eure Hochzeitskarte - Positive Prints<\/title>\n<meta name=\"description\" content=\"Ein individuelles Kartengeschenk f\u00fcr die Hochzeit ist eine wunderbare M\u00f6glichkeit, einen Teil deiner Liebesgeschichte zu veranschaulichen.\" \/>\n<meta name=\"robots\" content=\"index, follow, max-snippet:-1, max-image-preview:large, max-video-preview:-1\" \/>\n<link rel=\"canonical\" href=\"https:\/\/positiveprints.com\/de-ch\/produkt\/hochzeitskarte\/\" \/>\n<meta property=\"og:locale\" content=\"de_DE\" \/>\n<meta property=\"og:type\" content=\"article\" \/>\n<meta property=\"og:title\" content=\"Eure Hochzeitskarte\" \/>\n<meta property=\"og:description\" content=\"Markiere eine besondere Stelle mit einem ausgew\u00e4hlten Symbol  Passe dein Kunstwerk in 3 einfachen Schritten an  F\u00fcge einen aussagekr\u00e4ftigen personalisierten Text hinzu  Sieh das Ergebnis sofort \u2013 die interaktive Vorschau erm\u00f6glicht dir, jedes Detail direkt anzupassen\" \/>\n<meta property=\"og:url\" content=\"https:\/\/positiveprints.com\/de-ch\/produkt\/hochzeitskarte\/\" \/>\n<meta property=\"og:site_name\" content=\"Positive Prints\" \/>\n<meta property=\"article:publisher\" content=\"https:\/\/www.facebook.com\/positiveprintscom\" \/>\n<meta property=\"article:modified_time\" content=\"2026-04-18T06:02:04+00:00\" \/>\n<meta property=\"og:image\" content=\"https:\/\/positiveprints.com\/wp-content\/uploads\/2024\/10\/Packshot_DE_wedding-map-product-image.webp\" \/>\n\t<meta property=\"og:image:width\" content=\"1450\" \/>\n\t<meta property=\"og:image:height\" content=\"1450\" \/>\n\t<meta property=\"og:image:type\" content=\"image\/webp\" \/>\n<meta name=\"twitter:card\" content=\"summary_large_image\" \/>\n<meta name=\"twitter:label1\" content=\"Gesch\u00e4tzte Lesezeit\" \/>\n\t<meta name=\"twitter:data1\" content=\"2\u00a0Minuten\" \/>\n<!-- \/ Yoast SEO Premium plugin. -->","yoast_head_json":{"title":"Eure Hochzeitskarte - Positive Prints","description":"Ein individuelles Kartengeschenk f\u00fcr die Hochzeit ist eine wunderbare M\u00f6glichkeit, einen Teil deiner Liebesgeschichte zu veranschaulichen.","robots":{"index":"index","follow":"follow","max-snippet":"max-snippet:-1","max-image-preview":"max-image-preview:large","max-video-preview":"max-video-preview:-1"},"canonical":"https:\/\/positiveprints.com\/de-ch\/produkt\/hochzeitskarte\/","og_locale":"de_DE","og_type":"article","og_title":"Eure Hochzeitskarte","og_description":"Markiere eine besondere Stelle mit einem ausgew\u00e4hlten Symbol  Passe dein Kunstwerk in 3 einfachen Schritten an  F\u00fcge einen aussagekr\u00e4ftigen personalisierten Text hinzu  Sieh das Ergebnis sofort \u2013 die interaktive Vorschau erm\u00f6glicht dir, jedes Detail direkt anzupassen","og_url":"https:\/\/positiveprints.com\/de-ch\/produkt\/hochzeitskarte\/","og_site_name":"Positive Prints","article_publisher":"https:\/\/www.facebook.com\/positiveprintscom","article_modified_time":"2026-04-18T06:02:04+00:00","og_image":[{"width":1450,"height":1450,"url":"https:\/\/positiveprints.com\/wp-content\/uploads\/2024\/10\/Packshot_DE_wedding-map-product-image.webp","type":"image\/webp"}],"twitter_card":"summary_large_image","twitter_misc":{"Gesch\u00e4tzte Lesezeit":"2\u00a0Minuten"},"schema":{"@context":"https:\/\/schema.org","@graph":[{"@type":["WebPage","ItemPage"],"@id":"https:\/\/positiveprints.com\/de-ch\/produkt\/hochzeitskarte\/","url":"https:\/\/positiveprints.com\/de-ch\/produkt\/hochzeitskarte\/","name":"Eure Hochzeitskarte - Positive Prints","isPartOf":{"@id":"https:\/\/positiveprints.com\/de-ch\/#website"},"primaryImageOfPage":{"@id":"https:\/\/positiveprints.com\/de-ch\/produkt\/hochzeitskarte\/#primaryimage"},"image":{"@id":"https:\/\/positiveprints.com\/de-ch\/produkt\/hochzeitskarte\/#primaryimage"},"thumbnailUrl":"https:\/\/positiveprints.com\/wp-content\/uploads\/2024\/10\/Packshot_DE_wedding-map-product-image.webp","datePublished":"2022-02-21T21:18:26+00:00","dateModified":"2026-04-18T06:02:04+00:00","description":"Ein individuelles Kartengeschenk f\u00fcr die Hochzeit ist eine wunderbare M\u00f6glichkeit, einen Teil deiner Liebesgeschichte zu veranschaulichen.","breadcrumb":{"@id":"https:\/\/positiveprints.com\/de-ch\/produkt\/hochzeitskarte\/#breadcrumb"},"inLanguage":"de-CH","potentialAction":[{"@type":"ReadAction","target":["https:\/\/positiveprints.com\/de-ch\/produkt\/hochzeitskarte\/"]}]},{"@type":"ImageObject","inLanguage":"de-CH","@id":"https:\/\/positiveprints.com\/de-ch\/produkt\/hochzeitskarte\/#primaryimage","url":"https:\/\/positiveprints.com\/wp-content\/uploads\/2024\/10\/Packshot_DE_wedding-map-product-image.webp","contentUrl":"https:\/\/positiveprints.com\/wp-content\/uploads\/2024\/10\/Packshot_DE_wedding-map-product-image.webp","width":1450,"height":1450,"caption":"Packshot_DE_wedding map product image"},{"@type":"BreadcrumbList","@id":"https:\/\/positiveprints.com\/de-ch\/produkt\/hochzeitskarte\/#breadcrumb","itemListElement":[{"@type":"ListItem","position":1,"name":"Home","item":"https:\/\/positiveprints.com\/de-ch\/"},{"@type":"ListItem","position":2,"name":"Produkte","item":"https:\/\/positiveprints.com\/de-ch\/shop\/"},{"@type":"ListItem","position":3,"name":"Eure Hochzeitskarte"}]},{"@type":"WebSite","@id":"https:\/\/positiveprints.com\/de-ch\/#website","url":"https:\/\/positiveprints.com\/de-ch\/","name":"Positive Prints","description":"Amazing Custom Personalized Gifts","publisher":{"@id":"https:\/\/positiveprints.com\/de-ch\/#organization"},"potentialAction":[{"@type":"SearchAction","target":{"@type":"EntryPoint","urlTemplate":"https:\/\/positiveprints.com\/de-ch\/?s={search_term_string}"},"query-input":{"@type":"PropertyValueSpecification","valueRequired":true,"valueName":"search_term_string"}}],"inLanguage":"de-CH"},{"@type":"Organization","@id":"https:\/\/positiveprints.com\/de-ch\/#organization","name":"Positive Prints","alternateName":"Positive Prints","url":"https:\/\/positiveprints.com\/de-ch\/","logo":{"@type":"ImageObject","inLanguage":"de-CH","@id":"https:\/\/positiveprints.com\/de-ch\/#\/schema\/logo\/image\/","url":"https:\/\/positiveprints.com\/wp-content\/uploads\/2026\/03\/245815646_1337939713319158_5671353136411139666_n.png","contentUrl":"https:\/\/positiveprints.com\/wp-content\/uploads\/2026\/03\/245815646_1337939713319158_5671353136411139666_n.png","width":800,"height":800,"caption":"Positive Prints"},"image":{"@id":"https:\/\/positiveprints.com\/de-ch\/#\/schema\/logo\/image\/"},"sameAs":["https:\/\/www.facebook.com\/positiveprintscom","https:\/\/www.instagram.com\/positiveprintscom\/","https:\/\/www.tiktok.com\/@positiveprintscom","https:\/\/www.pinterest.com\/positiveprintscom\/"]}]}},"jetpack_sharing_enabled":true,"_links":{"self":[{"href":"https:\/\/positiveprints.com\/de-ch\/wp-json\/wp\/v2\/product\/361323","targetHints":{"allow":["GET"]}}],"collection":[{"href":"https:\/\/positiveprints.com\/de-ch\/wp-json\/wp\/v2\/product"}],"about":[{"href":"https:\/\/positiveprints.com\/de-ch\/wp-json\/wp\/v2\/types\/product"}],"wp:featuredmedia":[{"embeddable":true,"href":"https:\/\/positiveprints.com\/de-ch\/wp-json\/wp\/v2\/media\/1213944"}],"wp:attachment":[{"href":"https:\/\/positiveprints.com\/de-ch\/wp-json\/wp\/v2\/media?parent=361323"}],"wp:term":[{"taxonomy":"product_brand","embeddable":true,"href":"https:\/\/positiveprints.com\/de-ch\/wp-json\/wp\/v2\/product_brand?post=361323"},{"taxonomy":"product_cat","embeddable":true,"href":"https:\/\/positiveprints.com\/de-ch\/wp-json\/wp\/v2\/product_cat?post=361323"},{"taxonomy":"product_tag","embeddable":true,"href":"https:\/\/positiveprints.com\/de-ch\/wp-json\/wp\/v2\/product_tag?post=361323"}],"curies":[{"name":"wp","href":"https:\/\/api.w.org\/{rel}","templated":true}]}}