{"id":359296,"date":"2022-07-21T12:33:18","date_gmt":"2022-07-21T11:33:18","guid":{"rendered":"https:\/\/positiveprints.com\/product\/benutzerdefinierte-lieder-schallwellen-kunst\/"},"modified":"2026-04-03T03:31:39","modified_gmt":"2026-04-03T02:31:39","slug":"benutzerdefinierte-lieder-schallwellen-kunst","status":"publish","type":"product","link":"https:\/\/positiveprints.com\/de-ch\/produkt\/benutzerdefinierte-lieder-schallwellen-kunst\/","title":{"rendered":"Benutzerdefinierte Schallwellen-Kunst mit deiner Lieblingsmusik"},"content":{"rendered":"Musik n\u00e4hrt unsere Ohren und beruhigt unsere Seelen. Und jetzt ist es sogar ein Hingucker. Unsere personalisierten Song-Geschenkposter erstellen individuelle Schallwellen-Kunst aus dem Song deiner Wahl.\r\n<h2 class=\"grenB f24 cblue\" style=\"margin-top: 3rem;\">Was ist Musik-Schallwellenkunst?<\/h2>\r\n<p style=\"margin-top: 1rem;\">Jeder Ton, den du h\u00f6rst, sei es ein Lied oder eine Rede, breitet sich in Schallwellen aus. Wir k\u00f6nnen sie mit blo\u00dfem Auge nicht erkennen, aber die richtige Software kann dem Klang ein visuelles Element hinzuf\u00fcgen. Genau das machen wir mit unserer individuellen Song- Schallwellen-Kunst.<\/p>\r\n<p style=\"margin-top: 1rem;\">Wir nehmen dein Lieblingslied und verwandeln es in ein visuelles Kunstwerk. Sehe, wie dein Song aussieht und erlebe seine Magie auf eine ganz neue Weise. Mit dem eingebetteten QR-Code kannst du das Lied scannen und abspielen, damit es jeder h\u00f6ren kann.<\/p>\r\n\r\n<h2 class=\"grenB f24 cblue\" style=\"margin-top: 3rem;\">Verwandele deinen Lieblingssong in individuelle Song-Schallwellen-Kunst<\/h2>\r\n<p style=\"margin-top: 1rem;\">Positive Prints \u00fcbernimmt die ganze schwere Arbeit f\u00fcr dich, wenn es darum geht, deinen Song in Musik-Schallwellen-Kunst zu verwandeln. Lade eine Audiodatei des Songs deiner Wahl hoch und w\u00e4hle dann eine unserer vorgefertigten Vorlagen aus, die deinen Song auf sch\u00f6ne Weise darstellen. Du kannst deinen Druck mit einem Text aus dem Lied, dem Namen des Liedes oder allem, was deiner Kunst mehr Bedeutung verleiht, individuell gestalten.<\/p>\r\n<p style=\"margin-top: 1rem;\">Wir liefern unsere individuelle Song-Schallwellen-Kunst als hochwertige Posterdrucke, Drucke auf Leinwand oder als digitale Dateien, die du sofort herunterladen und in deinem \u00f6rtlichen Gesch\u00e4ft ausdrucken lassen kannst. F\u00fcge einen Rahmen hinzu, h\u00e4nge ihn bei sich zu Hause auf und machen dich bereit, deine Freunde oder Familie zu begeistern. Es ist auch eine gro\u00dfartige Idee, wenn du auf der Suche nach einzigartigen Einweihungsgeschenken bist.<\/p>\r\n\r\n<h2 class=\"grenB f24 cblue\" style=\"margin-top: 3rem;\">Schenke Inspiration!<\/h2>\r\n<p style=\"margin-top: 1rem;\">Individuelle Song-Schallwellen-Kunst ist das perfekte Geschenk f\u00fcr Hochzeiten, Verlobungen, Abschlussfeiern, Geburten, Pensionierungen oder jeden Anlass, bei dem du deinem Leben einen Soundtrack hinzuf\u00fcgen m\u00f6chtest. Es ist ein Geschenk, das von Herzen kommt und das deine Lieben nicht kommen sehen!<\/p>","protected":false},"excerpt":{"rendered":"<ul class=\"check-list\">\n<li>Einfach eine Audiodatei hochladen<\/li>\n<li>F\u00fcge einen QR-Code hinzu und scannen ihn, um dein Lieblingssong abzuspielen<\/li>\n<li>Passe dein Kunstwerk in 3 einfachen Schritten an<\/li>\n<li>W\u00e4hle eine Vorlage oder werde kreativ<\/li>\n<\/ul>\n","protected":false},"featured_media":1277662,"template":"","meta":[],"product_brand":[],"product_cat":[8199,8203,11171,11165,11168,5344,11515,11521,11524,11527,11613,11614,11615,11644,11205,11208,5298,5275,11351,11353,11368,11333,11348,11330,11371,11357,11360,7680,7631,7648,7663,7775,7791,7744,7759,7807,7855,7839,7488],"product_tag":[15410,15091,9414,15738,15737,15740,15739,15749,15744,13424,13453,11738,11709,11730,11715,11751,11744],"class_list":{"0":"post-359296","1":"product","2":"type-product","3":"status-publish","4":"has-post-thumbnail","6":"product_cat-fur-sie-de-ch","7":"product_cat-fur-ihn","8":"product_cat-jahrestag-geschenk-fur-paare-de-ch","9":"product_cat-jahrestag-geschenke-fur-sie-de-ch","10":"product_cat-jahrestag-geschenk-fur-ihn-de-ch","11":"product_cat-geburtstagsgeschenke-de-ch","12":"product_cat-18-geburtstag-de-ch","13":"product_cat-21-geburtstag-de-ch","14":"product_cat-30-geburtstag-de-ch","15":"product_cat-40-geburtstag-de-ch","16":"product_cat-50-geburtstag-de-ch","17":"product_cat-60-geburtstag-de-ch","18":"product_cat-70-geburtstag-de-ch","19":"product_cat-80-geburtstag-de-ch","20":"product_cat-geburtstagsgeschenk-fur-frauen-de-ch","21":"product_cat-geburtstagsgeschenk-fur-manner-de-ch","22":"product_cat-einzugsgeschenke-de-ch","23":"product_cat-weihnachtsgeschenke-de-ch","24":"product_cat-weihnachtsgeschenke-fur-frauen-de-ch","25":"product_cat-weihnachtsgeschenke-fur-manner-de-ch","26":"product_cat-weihnachtsgeschenke-fur-die-schwester-de-ch","27":"product_cat-weihnachtsgeschenke-fur-den-bruder-de-ch","28":"product_cat-weihnachtsgeschenke-fur-die-freundin-de-ch","29":"product_cat-weihnachtsgeschenke-fur-den-freund-de-ch","30":"product_cat-weihnachtsgeschenke-fur-die-frau-de-ch","31":"product_cat-weihnachtsgeschenke-fur-den-ehemann-de-ch","32":"product_cat-weihnachtsgeschenke-fur-die-kinder-de-ch","33":"product_cat-geschenke-fur-deinen-freund-de-ch","34":"product_cat-geschenke-fur-bruder-de-ch","35":"product_cat-geschenke-fur-deinen-ehemann","36":"product_cat-geschenke-fur-deinen-sohn-de-ch","37":"product_cat-geschenke-fur-deine-tochter-de-ch","38":"product_cat-geschenke-fur-deine-freundin-de-ch","39":"product_cat-geschenke-fur-schwester-de-ch","40":"product_cat-geschenke-fur-deine-ehefrau-de-ch","41":"product_cat-geschenke-fur-paare-de-ch","42":"product_cat-geschenke-fur-deine-familie-de-ch","43":"product_cat-geschenke-fur-freunde-de-ch","44":"product_cat-soundwave-de-ch","45":"product_tag-audio-de-ch","46":"product_tag-birthday-es-de-ch","47":"product_tag-musik-de-ch","48":"product_tag-regali-di-natale-per-il-fidanzato-de-ch","49":"product_tag-regali-di-natale-per-il-marito-de-ch","50":"product_tag-regali-di-natale-per-la-fidanzata-de-ch","51":"product_tag-regali-di-natale-per-la-moglie-de-ch","52":"product_tag-regali-di-natale-per-lei-de-ch","53":"product_tag-regali-di-natale-per-lui-de-ch","54":"product_tag-weihnachtsgeschenk-fur-die-schwester-de-ch","55":"product_tag-weihnachtsgeschenke-fur-den-bruder-de-ch","56":"product_tag-weihnachtsgeschenke-fuer-den-ehemann-de-ch","57":"product_tag-weihnachtsgeschenke-fuer-den-freund-de-ch","58":"product_tag-weihnachtsgeschenke-fur-die-frau-de-ch","59":"product_tag-weihnachtsgeschenke-fuer-die-freundin","60":"product_tag-weihnachtsgeschenke-fuer-ihn-de-ch","61":"product_tag-weihnachtsgeschenke-fuer-sie-de-ch","63":"first","64":"instock","65":"sale","66":"taxable","67":"shipping-taxable","68":"purchasable","69":"product-type-variable"},"yoast_head":"<!-- This site is optimized with the Yoast SEO Premium plugin v27.2 (Yoast SEO v27.2) - https:\/\/yoast.com\/product\/yoast-seo-premium-wordpress\/ -->\n<title>Schallwellen-Kunst mit deiner Lieblingsmusik - Positive Prints<\/title>\n<meta name=\"description\" content=\"Verwandele deinen Lieblingssong in benutzerdefinierte Song-Schallwellen-Kunst. Sehe die Musik, die dich anspricht, in Aktion und scanne dann einen QR-Code, um sie abzuspielen!\" \/>\n<meta name=\"robots\" content=\"index, follow, max-snippet:-1, max-image-preview:large, max-video-preview:-1\" \/>\n<link rel=\"canonical\" href=\"https:\/\/positiveprints.com\/de-ch\/produkt\/benutzerdefinierte-lieder-schallwellen-kunst\/\" \/>\n<meta property=\"og:locale\" content=\"de_DE\" \/>\n<meta property=\"og:type\" content=\"article\" \/>\n<meta property=\"og:title\" content=\"Benutzerdefinierte Schallwellen-Kunst mit deiner Lieblingsmusik\" \/>\n<meta property=\"og:description\" content=\"Einfach eine Audiodatei hochladen  F\u00fcge einen QR-Code hinzu und scannen ihn, um dein Lieblingssong abzuspielen  Passe dein Kunstwerk in 3 einfachen Schritten an  W\u00e4hle eine Vorlage oder werde kreativ\" \/>\n<meta property=\"og:url\" content=\"https:\/\/positiveprints.com\/de-ch\/produkt\/benutzerdefinierte-lieder-schallwellen-kunst\/\" \/>\n<meta property=\"og:site_name\" content=\"Positive Prints\" \/>\n<meta property=\"article:publisher\" content=\"https:\/\/www.facebook.com\/positiveprintscom\" \/>\n<meta property=\"article:modified_time\" content=\"2026-04-03T02:31:39+00:00\" \/>\n<meta property=\"og:image\" content=\"https:\/\/positiveprints.com\/wp-content\/uploads\/2024\/11\/Packshot_DE_Custom-Song-Soundwave-Art-product-image-.webp\" \/>\n\t<meta property=\"og:image:width\" content=\"1450\" \/>\n\t<meta property=\"og:image:height\" content=\"1450\" \/>\n\t<meta property=\"og:image:type\" content=\"image\/webp\" \/>\n<meta name=\"twitter:card\" content=\"summary_large_image\" \/>\n<meta name=\"twitter:label1\" content=\"Gesch\u00e4tzte Lesezeit\" \/>\n\t<meta name=\"twitter:data1\" content=\"2\u00a0Minuten\" \/>\n<!-- \/ Yoast SEO Premium plugin. -->","yoast_head_json":{"title":"Schallwellen-Kunst mit deiner Lieblingsmusik - Positive Prints","description":"Verwandele deinen Lieblingssong in benutzerdefinierte Song-Schallwellen-Kunst. Sehe die Musik, die dich anspricht, in Aktion und scanne dann einen QR-Code, um sie abzuspielen!","robots":{"index":"index","follow":"follow","max-snippet":"max-snippet:-1","max-image-preview":"max-image-preview:large","max-video-preview":"max-video-preview:-1"},"canonical":"https:\/\/positiveprints.com\/de-ch\/produkt\/benutzerdefinierte-lieder-schallwellen-kunst\/","og_locale":"de_DE","og_type":"article","og_title":"Benutzerdefinierte Schallwellen-Kunst mit deiner Lieblingsmusik","og_description":"Einfach eine Audiodatei hochladen  F\u00fcge einen QR-Code hinzu und scannen ihn, um dein Lieblingssong abzuspielen  Passe dein Kunstwerk in 3 einfachen Schritten an  W\u00e4hle eine Vorlage oder werde kreativ","og_url":"https:\/\/positiveprints.com\/de-ch\/produkt\/benutzerdefinierte-lieder-schallwellen-kunst\/","og_site_name":"Positive Prints","article_publisher":"https:\/\/www.facebook.com\/positiveprintscom","article_modified_time":"2026-04-03T02:31:39+00:00","og_image":[{"width":1450,"height":1450,"url":"https:\/\/positiveprints.com\/wp-content\/uploads\/2024\/11\/Packshot_DE_Custom-Song-Soundwave-Art-product-image-.webp","type":"image\/webp"}],"twitter_card":"summary_large_image","twitter_misc":{"Gesch\u00e4tzte Lesezeit":"2\u00a0Minuten"},"schema":{"@context":"https:\/\/schema.org","@graph":[{"@type":["WebPage","ItemPage"],"@id":"https:\/\/positiveprints.com\/de-ch\/produkt\/benutzerdefinierte-lieder-schallwellen-kunst\/","url":"https:\/\/positiveprints.com\/de-ch\/produkt\/benutzerdefinierte-lieder-schallwellen-kunst\/","name":"Schallwellen-Kunst mit deiner Lieblingsmusik - Positive Prints","isPartOf":{"@id":"https:\/\/positiveprints.com\/de-ch\/#website"},"primaryImageOfPage":{"@id":"https:\/\/positiveprints.com\/de-ch\/produkt\/benutzerdefinierte-lieder-schallwellen-kunst\/#primaryimage"},"image":{"@id":"https:\/\/positiveprints.com\/de-ch\/produkt\/benutzerdefinierte-lieder-schallwellen-kunst\/#primaryimage"},"thumbnailUrl":"https:\/\/positiveprints.com\/wp-content\/uploads\/2024\/11\/Packshot_DE_Custom-Song-Soundwave-Art-product-image-.webp","datePublished":"2022-07-21T11:33:18+00:00","dateModified":"2026-04-03T02:31:39+00:00","description":"Verwandele deinen Lieblingssong in benutzerdefinierte Song-Schallwellen-Kunst. Sehe die Musik, die dich anspricht, in Aktion und scanne dann einen QR-Code, um sie abzuspielen!","breadcrumb":{"@id":"https:\/\/positiveprints.com\/de-ch\/produkt\/benutzerdefinierte-lieder-schallwellen-kunst\/#breadcrumb"},"inLanguage":"de-CH","potentialAction":[{"@type":"ReadAction","target":["https:\/\/positiveprints.com\/de-ch\/produkt\/benutzerdefinierte-lieder-schallwellen-kunst\/"]}]},{"@type":"ImageObject","inLanguage":"de-CH","@id":"https:\/\/positiveprints.com\/de-ch\/produkt\/benutzerdefinierte-lieder-schallwellen-kunst\/#primaryimage","url":"https:\/\/positiveprints.com\/wp-content\/uploads\/2024\/11\/Packshot_DE_Custom-Song-Soundwave-Art-product-image-.webp","contentUrl":"https:\/\/positiveprints.com\/wp-content\/uploads\/2024\/11\/Packshot_DE_Custom-Song-Soundwave-Art-product-image-.webp","width":1450,"height":1450},{"@type":"BreadcrumbList","@id":"https:\/\/positiveprints.com\/de-ch\/produkt\/benutzerdefinierte-lieder-schallwellen-kunst\/#breadcrumb","itemListElement":[{"@type":"ListItem","position":1,"name":"Home","item":"https:\/\/positiveprints.com\/de-ch\/"},{"@type":"ListItem","position":2,"name":"Produkte","item":"https:\/\/positiveprints.com\/de-ch\/shop\/"},{"@type":"ListItem","position":3,"name":"Benutzerdefinierte Schallwellen-Kunst mit deiner Lieblingsmusik"}]},{"@type":"WebSite","@id":"https:\/\/positiveprints.com\/de-ch\/#website","url":"https:\/\/positiveprints.com\/de-ch\/","name":"Positive Prints","description":"Amazing Custom Personalized Gifts","publisher":{"@id":"https:\/\/positiveprints.com\/de-ch\/#organization"},"potentialAction":[{"@type":"SearchAction","target":{"@type":"EntryPoint","urlTemplate":"https:\/\/positiveprints.com\/de-ch\/?s={search_term_string}"},"query-input":{"@type":"PropertyValueSpecification","valueRequired":true,"valueName":"search_term_string"}}],"inLanguage":"de-CH"},{"@type":"Organization","@id":"https:\/\/positiveprints.com\/de-ch\/#organization","name":"Positive Prints","alternateName":"Positive Prints","url":"https:\/\/positiveprints.com\/de-ch\/","logo":{"@type":"ImageObject","inLanguage":"de-CH","@id":"https:\/\/positiveprints.com\/de-ch\/#\/schema\/logo\/image\/","url":"https:\/\/positiveprints.com\/wp-content\/uploads\/2026\/03\/245815646_1337939713319158_5671353136411139666_n.png","contentUrl":"https:\/\/positiveprints.com\/wp-content\/uploads\/2026\/03\/245815646_1337939713319158_5671353136411139666_n.png","width":800,"height":800,"caption":"Positive Prints"},"image":{"@id":"https:\/\/positiveprints.com\/de-ch\/#\/schema\/logo\/image\/"},"sameAs":["https:\/\/www.facebook.com\/positiveprintscom","https:\/\/www.instagram.com\/positiveprintscom\/","https:\/\/www.tiktok.com\/@positiveprintscom","https:\/\/www.pinterest.com\/positiveprintscom\/"]}]}},"jetpack_sharing_enabled":true,"_links":{"self":[{"href":"https:\/\/positiveprints.com\/de-ch\/wp-json\/wp\/v2\/product\/359296","targetHints":{"allow":["GET"]}}],"collection":[{"href":"https:\/\/positiveprints.com\/de-ch\/wp-json\/wp\/v2\/product"}],"about":[{"href":"https:\/\/positiveprints.com\/de-ch\/wp-json\/wp\/v2\/types\/product"}],"wp:featuredmedia":[{"embeddable":true,"href":"https:\/\/positiveprints.com\/de-ch\/wp-json\/wp\/v2\/media\/1277662"}],"wp:attachment":[{"href":"https:\/\/positiveprints.com\/de-ch\/wp-json\/wp\/v2\/media?parent=359296"}],"wp:term":[{"taxonomy":"product_brand","embeddable":true,"href":"https:\/\/positiveprints.com\/de-ch\/wp-json\/wp\/v2\/product_brand?post=359296"},{"taxonomy":"product_cat","embeddable":true,"href":"https:\/\/positiveprints.com\/de-ch\/wp-json\/wp\/v2\/product_cat?post=359296"},{"taxonomy":"product_tag","embeddable":true,"href":"https:\/\/positiveprints.com\/de-ch\/wp-json\/wp\/v2\/product_tag?post=359296"}],"curies":[{"name":"wp","href":"https:\/\/api.w.org\/{rel}","templated":true}]}}