{"id":356752,"date":"2022-09-02T10:20:29","date_gmt":"2022-09-02T09:20:29","guid":{"rendered":"https:\/\/positiveprints.com\/product\/digitale-koordinatenkunst\/"},"modified":"2026-04-28T14:35:16","modified_gmt":"2026-04-28T13:35:16","slug":"digitale-koordinatenkunst","status":"publish","type":"product","link":"https:\/\/positiveprints.com\/de-ch\/produkt\/digitale-koordinatenkunst\/","title":{"rendered":"Digitale Koordinatenkunst"},"content":{"rendered":"","protected":false},"excerpt":{"rendered":"<ul class=\"check-list\">\n<li>Erstelle ein einzigartiges Kunstwerk mit den genauen Koordinaten eines beliebigen Ortes auf dem Planeten und bringe die Erinnerungen zur\u00fcck zu dir nach Hause<\/li>\n<li>Sofort nach dem Kauf verf\u00fcgbar<\/li>\n<li>Kann im Format deiner Wahl gedruckt werden<\/li>\n<li>Hochwertige JPEG-Dateien mit 300 dpi<\/li>\n<li>Sieh das Ergebnis sofort \u2013 die interaktive Vorschau erm\u00f6glicht dir, jedes Detail direkt anzupassen<\/li>\n<\/ul>\n","protected":false},"featured_media":198677,"template":"","meta":[],"product_brand":[],"product_cat":[8251,7179,7583],"product_tag":[8729],"class_list":{"0":"post-356752","1":"product","2":"type-product","3":"status-publish","4":"has-post-thumbnail","6":"product_cat-digital-products-de-ch","7":"product_cat-coordinates-de-ch","8":"product_cat-last-minute-geschenkideen-de-ch","9":"product_tag-last-minute-de-ch","11":"first","12":"instock","13":"sale","14":"taxable","15":"shipping-taxable","16":"purchasable","17":"product-type-variable"},"yoast_head":"<!-- This site is optimized with the Yoast SEO Premium plugin v27.2 (Yoast SEO v27.2) - https:\/\/yoast.com\/product\/yoast-seo-premium-wordpress\/ -->\n<title>Digitale Koordinatenkunst - Positive Prints<\/title>\n<meta name=\"description\" content=\"Wenn du nach einem Last-Minute-Geschenk suchst \u2013 digitale Koordinatenkunst ist eine perfekte Wahl! Sofort nach dem Kauf verf\u00fcgbar.\" \/>\n<meta name=\"robots\" content=\"index, follow, max-snippet:-1, max-image-preview:large, max-video-preview:-1\" \/>\n<link rel=\"canonical\" href=\"https:\/\/positiveprints.com\/de-ch\/produkt\/digitale-koordinatenkunst\/\" \/>\n<meta property=\"og:locale\" content=\"de_DE\" \/>\n<meta property=\"og:type\" content=\"article\" \/>\n<meta property=\"og:title\" content=\"Digitale Koordinatenkunst\" \/>\n<meta property=\"og:description\" content=\"Erstelle ein einzigartiges Kunstwerk mit den genauen Koordinaten eines beliebigen Ortes auf dem Planeten und bringe die Erinnerungen zur\u00fcck zu dir nach Hause Sofort nach dem Kauf verf\u00fcgbar Kann im Format deiner Wahl gedruckt werden Hochwertige JPEG-Dateien mit 300 dpi Sieh das Ergebnis sofort \u2013 die interaktive Vorschau erm\u00f6glicht dir, jedes Detail direkt anzupassen\" \/>\n<meta property=\"og:url\" content=\"https:\/\/positiveprints.com\/de-ch\/produkt\/digitale-koordinatenkunst\/\" \/>\n<meta property=\"og:site_name\" content=\"Positive Prints\" \/>\n<meta property=\"article:publisher\" content=\"https:\/\/www.facebook.com\/positiveprintscom\" \/>\n<meta property=\"article:modified_time\" content=\"2026-04-28T13:35:16+00:00\" \/>\n<meta property=\"og:image\" content=\"https:\/\/positiveprints.com\/wp-content\/uploads\/2021\/07\/koordinaten-poster-1.jpg\" \/>\n\t<meta property=\"og:image:width\" content=\"1080\" \/>\n\t<meta property=\"og:image:height\" content=\"1080\" \/>\n\t<meta property=\"og:image:type\" content=\"image\/jpeg\" \/>\n<meta name=\"twitter:card\" content=\"summary_large_image\" \/>\n<!-- \/ Yoast SEO Premium plugin. -->","yoast_head_json":{"title":"Digitale Koordinatenkunst - Positive Prints","description":"Wenn du nach einem Last-Minute-Geschenk suchst \u2013 digitale Koordinatenkunst ist eine perfekte Wahl! Sofort nach dem Kauf verf\u00fcgbar.","robots":{"index":"index","follow":"follow","max-snippet":"max-snippet:-1","max-image-preview":"max-image-preview:large","max-video-preview":"max-video-preview:-1"},"canonical":"https:\/\/positiveprints.com\/de-ch\/produkt\/digitale-koordinatenkunst\/","og_locale":"de_DE","og_type":"article","og_title":"Digitale Koordinatenkunst","og_description":"Erstelle ein einzigartiges Kunstwerk mit den genauen Koordinaten eines beliebigen Ortes auf dem Planeten und bringe die Erinnerungen zur\u00fcck zu dir nach Hause Sofort nach dem Kauf verf\u00fcgbar Kann im Format deiner Wahl gedruckt werden Hochwertige JPEG-Dateien mit 300 dpi Sieh das Ergebnis sofort \u2013 die interaktive Vorschau erm\u00f6glicht dir, jedes Detail direkt anzupassen","og_url":"https:\/\/positiveprints.com\/de-ch\/produkt\/digitale-koordinatenkunst\/","og_site_name":"Positive Prints","article_publisher":"https:\/\/www.facebook.com\/positiveprintscom","article_modified_time":"2026-04-28T13:35:16+00:00","og_image":[{"width":1080,"height":1080,"url":"https:\/\/positiveprints.com\/wp-content\/uploads\/2021\/07\/koordinaten-poster-1.jpg","type":"image\/jpeg"}],"twitter_card":"summary_large_image","schema":{"@context":"https:\/\/schema.org","@graph":[{"@type":["WebPage","ItemPage"],"@id":"https:\/\/positiveprints.com\/de-ch\/produkt\/digitale-koordinatenkunst\/","url":"https:\/\/positiveprints.com\/de-ch\/produkt\/digitale-koordinatenkunst\/","name":"Digitale Koordinatenkunst - Positive Prints","isPartOf":{"@id":"https:\/\/positiveprints.com\/de-ch\/#website"},"primaryImageOfPage":{"@id":"https:\/\/positiveprints.com\/de-ch\/produkt\/digitale-koordinatenkunst\/#primaryimage"},"image":{"@id":"https:\/\/positiveprints.com\/de-ch\/produkt\/digitale-koordinatenkunst\/#primaryimage"},"thumbnailUrl":"https:\/\/positiveprints.com\/wp-content\/uploads\/2021\/07\/koordinaten-poster-1.jpg","datePublished":"2022-09-02T09:20:29+00:00","dateModified":"2026-04-28T13:35:16+00:00","description":"Wenn du nach einem Last-Minute-Geschenk suchst \u2013 digitale Koordinatenkunst ist eine perfekte Wahl! Sofort nach dem Kauf verf\u00fcgbar.","breadcrumb":{"@id":"https:\/\/positiveprints.com\/de-ch\/produkt\/digitale-koordinatenkunst\/#breadcrumb"},"inLanguage":"de-CH","potentialAction":[{"@type":"ReadAction","target":["https:\/\/positiveprints.com\/de-ch\/produkt\/digitale-koordinatenkunst\/"]}]},{"@type":"ImageObject","inLanguage":"de-CH","@id":"https:\/\/positiveprints.com\/de-ch\/produkt\/digitale-koordinatenkunst\/#primaryimage","url":"https:\/\/positiveprints.com\/wp-content\/uploads\/2021\/07\/koordinaten-poster-1.jpg","contentUrl":"https:\/\/positiveprints.com\/wp-content\/uploads\/2021\/07\/koordinaten-poster-1.jpg","width":1080,"height":1080,"caption":"F\u00fcr die Orte, die dir am wichtigsten sind, sind unsere Koordinaten Poster eine sch\u00f6ne M\u00f6glichkeit, Tribut zu zollen und deine Erinnerungen in sch\u00f6ne Andenken zu verwandeln. Erstelle jetzt."},{"@type":"BreadcrumbList","@id":"https:\/\/positiveprints.com\/de-ch\/produkt\/digitale-koordinatenkunst\/#breadcrumb","itemListElement":[{"@type":"ListItem","position":1,"name":"Home","item":"https:\/\/positiveprints.com\/de-ch\/"},{"@type":"ListItem","position":2,"name":"Produkte","item":"https:\/\/positiveprints.com\/de-ch\/shop\/"},{"@type":"ListItem","position":3,"name":"Digitale Koordinatenkunst"}]},{"@type":"WebSite","@id":"https:\/\/positiveprints.com\/de-ch\/#website","url":"https:\/\/positiveprints.com\/de-ch\/","name":"Positive Prints","description":"Amazing Custom Personalized Gifts","publisher":{"@id":"https:\/\/positiveprints.com\/de-ch\/#organization"},"potentialAction":[{"@type":"SearchAction","target":{"@type":"EntryPoint","urlTemplate":"https:\/\/positiveprints.com\/de-ch\/?s={search_term_string}"},"query-input":{"@type":"PropertyValueSpecification","valueRequired":true,"valueName":"search_term_string"}}],"inLanguage":"de-CH"},{"@type":"Organization","@id":"https:\/\/positiveprints.com\/de-ch\/#organization","name":"Positive Prints","alternateName":"Positive Prints","url":"https:\/\/positiveprints.com\/de-ch\/","logo":{"@type":"ImageObject","inLanguage":"de-CH","@id":"https:\/\/positiveprints.com\/de-ch\/#\/schema\/logo\/image\/","url":"https:\/\/positiveprints.com\/wp-content\/uploads\/2026\/03\/245815646_1337939713319158_5671353136411139666_n.png","contentUrl":"https:\/\/positiveprints.com\/wp-content\/uploads\/2026\/03\/245815646_1337939713319158_5671353136411139666_n.png","width":800,"height":800,"caption":"Positive Prints"},"image":{"@id":"https:\/\/positiveprints.com\/de-ch\/#\/schema\/logo\/image\/"},"sameAs":["https:\/\/www.facebook.com\/positiveprintscom","https:\/\/www.instagram.com\/positiveprintscom\/","https:\/\/www.tiktok.com\/@positiveprintscom","https:\/\/www.pinterest.com\/positiveprintscom\/"]}]}},"jetpack_sharing_enabled":true,"_links":{"self":[{"href":"https:\/\/positiveprints.com\/de-ch\/wp-json\/wp\/v2\/product\/356752","targetHints":{"allow":["GET"]}}],"collection":[{"href":"https:\/\/positiveprints.com\/de-ch\/wp-json\/wp\/v2\/product"}],"about":[{"href":"https:\/\/positiveprints.com\/de-ch\/wp-json\/wp\/v2\/types\/product"}],"wp:featuredmedia":[{"embeddable":true,"href":"https:\/\/positiveprints.com\/de-ch\/wp-json\/wp\/v2\/media\/198677"}],"wp:attachment":[{"href":"https:\/\/positiveprints.com\/de-ch\/wp-json\/wp\/v2\/media?parent=356752"}],"wp:term":[{"taxonomy":"product_brand","embeddable":true,"href":"https:\/\/positiveprints.com\/de-ch\/wp-json\/wp\/v2\/product_brand?post=356752"},{"taxonomy":"product_cat","embeddable":true,"href":"https:\/\/positiveprints.com\/de-ch\/wp-json\/wp\/v2\/product_cat?post=356752"},{"taxonomy":"product_tag","embeddable":true,"href":"https:\/\/positiveprints.com\/de-ch\/wp-json\/wp\/v2\/product_tag?post=356752"}],"curies":[{"name":"wp","href":"https:\/\/api.w.org\/{rel}","templated":true}]}}