{"id":324101,"date":"2022-06-30T11:20:57","date_gmt":"2022-06-30T10:20:57","guid":{"rendered":"https:\/\/positiveprints.com\/product\/photo-wall-art\/"},"modified":"2026-04-18T06:57:19","modified_gmt":"2026-04-18T05:57:19","slug":"personalisierte-fotowandkunst","status":"publish","type":"product","link":"https:\/\/positiveprints.com\/de-ch\/produkt\/personalisierte-fotowandkunst\/","title":{"rendered":"Personalisierte Fotowandkunst"},"content":{"rendered":"<p>Fotogeschenke halten deine wertvollsten Erinnerungen fest, damit du dich ein Leben lang daran erfreuen kannst. Erstelle eine eigene personalisierte Fotowandkunst und teile diese mit deinen Lieblingsmenschen!<\/p>\r\n\r\n\r\n\r\n<h2 class=\"grenB f24 cblue\" style=\"margin-top: 3rem\">Warum personalisierte Fotowandkunst verschenken?<\/h2>\r\n\r\n\r\n\r\n<p style=\"margin-top: 1rem\">All diese unbezahlbaren Fotos auf Ihrem Telefon sind Momente eines gut gelebten Lebens. Es ist erstaunlich, was ein einziges Foto bewirken kann, um all deine wertvollen Erinnerungen auszul\u00f6sen und dich in einige der gl\u00fccklichsten Zeiten deines Lebens zur\u00fcckzuversetzen. Teile diese Momente mit den Menschen, die du liebst, indem du deine Ire wertvollen Fotos in personalisierte Wandkunst verwandelst.<\/p>\r\n\r\n\r\n\r\n<p style=\"margin-top: 1rem\">Wandkunst erz\u00e4hlt allen, die sie sehen, eine Geschichte. Es spiegelt den Raum einer Person wider und hilft, ihre einzigartige Geschichte zu teilen. Erstklassige Fotokunst kann \u00fcber Generationen weitergegeben werden und hilft dabei, Familienerinnerungen, Geschichten und Geschichten zu bewahren, die Magie am Leben zu erhalten.<\/p>\r\n\r\n\r\n\r\n<h2 class=\"grenB f24 cblue\" style=\"margin-top: 3rem\">Wie es funktioniert<\/h2>\r\n\r\n\r\n\r\n<p style=\"margin-top: 1rem\">Unsere einfache Bearbeitungssoftware hilft dir, jedes Foto in ein Kunstwerk zu verwandeln \u2013 so einfach wie 1, 2, 3! Lade einfach dein Bild hoch, f\u00fcge eine gew\u00fcnschten Text hinzu und w\u00e4hle eine Fotogr\u00f6\u00dfe und andere Details aus. Unser Editor ist intuitiv und benutzerfreundlich und wird in Echtzeit aktualisiert, damit du sehen kannst, wie deine Fotogeschenke zum Leben erweckt werden.<\/p>\r\n\r\n\r\n\r\n<p style=\"margin-top: 1rem\">W\u00e4hle aus einer Vielzahl g\u00e4ngiger Gr\u00f6\u00dfen, die alle auf den hochwertigsten Materialien gedruckt sind, die zum Verschenken bereit sind. W\u00e4hle aus Posterdrucken oder Fotodrucken auf Leinwand oder entscheide dich f\u00fcr eine digitale Variante deines Kunstwerks, die du herunterladen und lokal ausdrucken kannst. Alle unsere personalisierten Fotowandkunst-Geschenke werden weltweit versendet.<\/p>\r\n\r\n\r\n\r\n<h2 class=\"grenB f24 cblue\" style=\"margin-top: 3rem\">Inspirierende Fotogeschenke mit personalisierten Drucken<\/h2>\r\n\r\n\r\n\r\n<p style=\"margin-top: 1rem\">Es gibt nichts Sch\u00f6neres, als ein individuelles Fotogeschenk zu verschenken (oder zu erhalten!). Es erfordert ein wenig mehr Nachdenken und M\u00fche, aber die Auswirkungen sind es immer wert.<\/p>\r\n\r\n\r\n\r\n<p style=\"margin-top: 1rem\">Bei Positive Prints machen wir es einfacher denn je, personalisierte Fotowandkunst zu erstellen und zu teilen, indem wir den Gro\u00dfteil der schweren Arbeit f\u00fcr dich erledigen. Es ist ein wirklich einzigartiges Geschenk, das deine Liebsten jahrelang sch\u00e4tzen werden. Leg\u2019 los! Worauf wartest du?<\/p>","protected":false},"excerpt":{"rendered":"<ul class=\"check-list\">\n<li>Verwandele deine Fotos sofort in personalisierte Geschenke<\/li>\n<li>F\u00fcge Text\u00fcberlagerungen hinzu, um jedes Geschenk besonders und bedeutungsvoll zu machen<\/li>\n<li>Passe es in 3 einfachen Schritten<\/li>\n<li>Sieh das Ergebnis sofort \u2013 die interaktive Vorschau erm\u00f6glicht dir, jedes Detail direkt anzupassen<\/li>\n<\/ul>\n","protected":false},"featured_media":1552867,"template":"","meta":[],"product_brand":[],"product_cat":[15117,8251,4763,7502],"product_tag":[14819,14817,16920],"class_list":{"0":"post-324101","1":"product","2":"type-product","3":"status-publish","4":"has-post-thumbnail","6":"product_cat-bestsellers-menu-de-ch","7":"product_cat-digital-products-de-ch","8":"product_cat-creators-de-ch-2","9":"product_cat-foto-de-ch","10":"product_tag-creators-de-ch-2","11":"product_tag-custom-photo-de-ch","12":"product_tag-personalized-photo-poster-de-ch","14":"first","15":"instock","16":"sale","17":"taxable","18":"shipping-taxable","19":"purchasable","20":"product-type-variable"},"yoast_head":"<!-- This site is optimized with the Yoast SEO Premium plugin v27.2 (Yoast SEO v27.2) - https:\/\/yoast.com\/product\/yoast-seo-premium-wordpress\/ -->\n<title>Personalisierte Fotowandkunst - Positive Prints<\/title>\n<meta name=\"description\" content=\"Personalisierte Fotowandkunst ist das perfekte Geschenk f\u00fcr deine Liebsten. Verwandele deine Fotos mit personalisierten Drucken in Geschenke \u2013 es ist so einfach wie 1, 2, 3!\" \/>\n<meta name=\"robots\" content=\"index, follow, max-snippet:-1, max-image-preview:large, max-video-preview:-1\" \/>\n<link rel=\"canonical\" href=\"https:\/\/positiveprints.com\/de-ch\/produkt\/personalisierte-fotowandkunst\/\" \/>\n<meta property=\"og:locale\" content=\"de_DE\" \/>\n<meta property=\"og:type\" content=\"article\" \/>\n<meta property=\"og:title\" content=\"Personalisierte Fotowandkunst\" \/>\n<meta property=\"og:description\" content=\"Verwandele deine Fotos sofort in personalisierte Geschenke F\u00fcge Text\u00fcberlagerungen hinzu, um jedes Geschenk besonders und bedeutungsvoll zu machen Passe es in 3 einfachen Schritten Sieh das Ergebnis sofort \u2013 die interaktive Vorschau erm\u00f6glicht dir, jedes Detail direkt anzupassen\" \/>\n<meta property=\"og:url\" content=\"https:\/\/positiveprints.com\/de-ch\/produkt\/personalisierte-fotowandkunst\/\" \/>\n<meta property=\"og:site_name\" content=\"Positive Prints\" \/>\n<meta property=\"article:publisher\" content=\"https:\/\/www.facebook.com\/positiveprintscom\" \/>\n<meta property=\"article:modified_time\" content=\"2026-04-18T05:57:19+00:00\" \/>\n<meta property=\"og:image\" content=\"https:\/\/positiveprints.com\/wp-content\/uploads\/2022\/06\/photo-wall-art.jpg\" \/>\n\t<meta property=\"og:image:width\" content=\"1080\" \/>\n\t<meta property=\"og:image:height\" content=\"1080\" \/>\n\t<meta property=\"og:image:type\" content=\"image\/jpeg\" \/>\n<meta name=\"twitter:card\" content=\"summary_large_image\" \/>\n<meta name=\"twitter:label1\" content=\"Gesch\u00e4tzte Lesezeit\" \/>\n\t<meta name=\"twitter:data1\" content=\"2\u00a0Minuten\" \/>\n<!-- \/ Yoast SEO Premium plugin. -->","yoast_head_json":{"title":"Personalisierte Fotowandkunst - Positive Prints","description":"Personalisierte Fotowandkunst ist das perfekte Geschenk f\u00fcr deine Liebsten. Verwandele deine Fotos mit personalisierten Drucken in Geschenke \u2013 es ist so einfach wie 1, 2, 3!","robots":{"index":"index","follow":"follow","max-snippet":"max-snippet:-1","max-image-preview":"max-image-preview:large","max-video-preview":"max-video-preview:-1"},"canonical":"https:\/\/positiveprints.com\/de-ch\/produkt\/personalisierte-fotowandkunst\/","og_locale":"de_DE","og_type":"article","og_title":"Personalisierte Fotowandkunst","og_description":"Verwandele deine Fotos sofort in personalisierte Geschenke F\u00fcge Text\u00fcberlagerungen hinzu, um jedes Geschenk besonders und bedeutungsvoll zu machen Passe es in 3 einfachen Schritten Sieh das Ergebnis sofort \u2013 die interaktive Vorschau erm\u00f6glicht dir, jedes Detail direkt anzupassen","og_url":"https:\/\/positiveprints.com\/de-ch\/produkt\/personalisierte-fotowandkunst\/","og_site_name":"Positive Prints","article_publisher":"https:\/\/www.facebook.com\/positiveprintscom","article_modified_time":"2026-04-18T05:57:19+00:00","og_image":[{"width":1080,"height":1080,"url":"https:\/\/positiveprints.com\/wp-content\/uploads\/2022\/06\/photo-wall-art.jpg","type":"image\/jpeg"}],"twitter_card":"summary_large_image","twitter_misc":{"Gesch\u00e4tzte Lesezeit":"2\u00a0Minuten"},"schema":{"@context":"https:\/\/schema.org","@graph":[{"@type":["WebPage","ItemPage"],"@id":"https:\/\/positiveprints.com\/de-ch\/produkt\/personalisierte-fotowandkunst\/","url":"https:\/\/positiveprints.com\/de-ch\/produkt\/personalisierte-fotowandkunst\/","name":"Personalisierte Fotowandkunst - Positive Prints","isPartOf":{"@id":"https:\/\/positiveprints.com\/de-ch\/#website"},"primaryImageOfPage":{"@id":"https:\/\/positiveprints.com\/de-ch\/produkt\/personalisierte-fotowandkunst\/#primaryimage"},"image":{"@id":"https:\/\/positiveprints.com\/de-ch\/produkt\/personalisierte-fotowandkunst\/#primaryimage"},"thumbnailUrl":"https:\/\/positiveprints.com\/wp-content\/uploads\/2025\/10\/Personalisierte-Fotowandkunst-7.webp","datePublished":"2022-06-30T10:20:57+00:00","dateModified":"2026-04-18T05:57:19+00:00","description":"Personalisierte Fotowandkunst ist das perfekte Geschenk f\u00fcr deine Liebsten. Verwandele deine Fotos mit personalisierten Drucken in Geschenke \u2013 es ist so einfach wie 1, 2, 3!","breadcrumb":{"@id":"https:\/\/positiveprints.com\/de-ch\/produkt\/personalisierte-fotowandkunst\/#breadcrumb"},"inLanguage":"de-CH","potentialAction":[{"@type":"ReadAction","target":["https:\/\/positiveprints.com\/de-ch\/produkt\/personalisierte-fotowandkunst\/"]}]},{"@type":"ImageObject","inLanguage":"de-CH","@id":"https:\/\/positiveprints.com\/de-ch\/produkt\/personalisierte-fotowandkunst\/#primaryimage","url":"https:\/\/positiveprints.com\/wp-content\/uploads\/2025\/10\/Personalisierte-Fotowandkunst-7.webp","contentUrl":"https:\/\/positiveprints.com\/wp-content\/uploads\/2025\/10\/Personalisierte-Fotowandkunst-7.webp","width":1450,"height":1450},{"@type":"BreadcrumbList","@id":"https:\/\/positiveprints.com\/de-ch\/produkt\/personalisierte-fotowandkunst\/#breadcrumb","itemListElement":[{"@type":"ListItem","position":1,"name":"Home","item":"https:\/\/positiveprints.com\/de-ch\/"},{"@type":"ListItem","position":2,"name":"Produkte","item":"https:\/\/positiveprints.com\/de-ch\/shop\/"},{"@type":"ListItem","position":3,"name":"Personalisierte Fotowandkunst"}]},{"@type":"WebSite","@id":"https:\/\/positiveprints.com\/de-ch\/#website","url":"https:\/\/positiveprints.com\/de-ch\/","name":"Positive Prints","description":"Amazing Custom Personalized Gifts","publisher":{"@id":"https:\/\/positiveprints.com\/de-ch\/#organization"},"potentialAction":[{"@type":"SearchAction","target":{"@type":"EntryPoint","urlTemplate":"https:\/\/positiveprints.com\/de-ch\/?s={search_term_string}"},"query-input":{"@type":"PropertyValueSpecification","valueRequired":true,"valueName":"search_term_string"}}],"inLanguage":"de-CH"},{"@type":"Organization","@id":"https:\/\/positiveprints.com\/de-ch\/#organization","name":"Positive Prints","alternateName":"Positive Prints","url":"https:\/\/positiveprints.com\/de-ch\/","logo":{"@type":"ImageObject","inLanguage":"de-CH","@id":"https:\/\/positiveprints.com\/de-ch\/#\/schema\/logo\/image\/","url":"https:\/\/positiveprints.com\/wp-content\/uploads\/2026\/03\/245815646_1337939713319158_5671353136411139666_n.png","contentUrl":"https:\/\/positiveprints.com\/wp-content\/uploads\/2026\/03\/245815646_1337939713319158_5671353136411139666_n.png","width":800,"height":800,"caption":"Positive Prints"},"image":{"@id":"https:\/\/positiveprints.com\/de-ch\/#\/schema\/logo\/image\/"},"sameAs":["https:\/\/www.facebook.com\/positiveprintscom","https:\/\/www.instagram.com\/positiveprintscom\/","https:\/\/www.tiktok.com\/@positiveprintscom","https:\/\/www.pinterest.com\/positiveprintscom\/"]}]}},"jetpack_sharing_enabled":true,"_links":{"self":[{"href":"https:\/\/positiveprints.com\/de-ch\/wp-json\/wp\/v2\/product\/324101","targetHints":{"allow":["GET"]}}],"collection":[{"href":"https:\/\/positiveprints.com\/de-ch\/wp-json\/wp\/v2\/product"}],"about":[{"href":"https:\/\/positiveprints.com\/de-ch\/wp-json\/wp\/v2\/types\/product"}],"wp:featuredmedia":[{"embeddable":true,"href":"https:\/\/positiveprints.com\/de-ch\/wp-json\/wp\/v2\/media\/1552867"}],"wp:attachment":[{"href":"https:\/\/positiveprints.com\/de-ch\/wp-json\/wp\/v2\/media?parent=324101"}],"wp:term":[{"taxonomy":"product_brand","embeddable":true,"href":"https:\/\/positiveprints.com\/de-ch\/wp-json\/wp\/v2\/product_brand?post=324101"},{"taxonomy":"product_cat","embeddable":true,"href":"https:\/\/positiveprints.com\/de-ch\/wp-json\/wp\/v2\/product_cat?post=324101"},{"taxonomy":"product_tag","embeddable":true,"href":"https:\/\/positiveprints.com\/de-ch\/wp-json\/wp\/v2\/product_tag?post=324101"}],"curies":[{"name":"wp","href":"https:\/\/api.w.org\/{rel}","templated":true}]}}