{"id":244814,"date":"2022-02-09T21:43:30","date_gmt":"2022-02-09T20:43:30","guid":{"rendered":"https:\/\/positiveprints.com\/product\/karte-zuhause-ist-wo-meine-mutter-ist\/"},"modified":"2026-04-12T23:22:58","modified_gmt":"2026-04-12T22:22:58","slug":"karte-zuhause-ist-wo-meine-mutter-ist","status":"publish","type":"product","link":"https:\/\/positiveprints.com\/de-ch\/produkt\/karte-zuhause-ist-wo-meine-mutter-ist\/","title":{"rendered":"Zuhause ist, wo meine Mutter ist"},"content":{"rendered":"<h2 class=\"grenB f24 cblue\">Zuhause ist, wo meine Mutter ist<\/h2>\r\n<p style=\"margin-top: 1rem\">Jede Mutter wei\u00df, dass ihre Kinder eines Tages das Nest verlassen werden, aber das Zuhause wird immer ein besonderer Ort sein. Egal wo du auf der Welt lebst, es gibt immer einen Ort, an den du zur\u00fcckkehren kannst. Und dieser besondere Ort ist es wert, gefeiert zu werden. Aus diesem Grund haben wir unsere benutzerdefinierte Karte \u201eZuhause ist, wo meine Mutter ist\u201c eingef\u00fchrt.<\/p>\r\n<p style=\"margin-top: 1rem\">Dieses sch\u00f6ne Kartenkunstwerk zeigt einen Ort deiner Wahl mit allen Details, die  du auf einer Karte finden m\u00f6chtest. Lasse eine Stecknadel an dem Ort fallen, an dem dein Zuhause ist, um deiner Mutter zu zeigen, dass sie dir immer am Herzen liegt. Unsere Karten sind das perfekte Muttertagsgeschenk und k\u00f6nnen vollst\u00e4ndig angepasst werden, damit diese besonders sind.<\/p>\r\n<h2 class=\"grenB f24 cblue\" style=\"margin-top: 3rem\">Erstelle dein Kartengeschenk f\u00fcr Mama in 3 einfachen Schritten<\/h2>\r\n<p style=\"margin-top: 1rem\">Positive Prints hat mit seiner Karte \u201eZuhause ist, wo meine Mutter ist\u201c die meiste harte Arbeit f\u00fcr dich erledigt. Unser interaktiver Editor f\u00fchrt dich Schritt f\u00fcr Schritt durch, um ein wandw\u00fcrdiges Kunstwerk zu schaffen, das deine Mutter jedes Mal sch\u00e4tzen wird, wenn sie es sieht. <\/p>\r\n<p style=\"margin-top: 1rem\">W\u00e4hle aus einem unserer professionellen Designs und Farbschemata, um dem Stil deiner Mutter zu entsprechen. F\u00fcge dann einzigartigen Details hinzu, einschlie\u00dflich eines Standorts und mehrerer Textzeilen. F\u00fcge ein Zitat, Liedtexte oder irgendetwas hinzu, das deine Karte zu etwas Besonderem macht. W\u00e4hle dann aus einer Reihe von Druckgr\u00f6\u00dfen oder unserer sofortigen digitalen Download-Option. Betrachte das Geschenk f\u00fcr Mama als erledigt!<\/p>\r\n<p style=\"margin-top: 1rem\">Beginne noch heute mit der Erstellung deiner Karte.<\/p>","protected":false},"excerpt":{"rendered":"<ul class=\"check-list\">\n<li>Sch\u00e4tze die Bindung zwischen dir und deiner Mutter und zeige ihr, wie viel Liebe und Trost sie in dein Leben bringt<\/li>\n<li>Markiere eine besondere Stelle mit einem ausgew\u00e4hlten Symbol<\/li>\n<li>Passe dein Kunstwerk in 3 einfachen Schritten an<\/li>\n<li>F\u00fcge einen aussagekr\u00e4ftigen personalisierten Text hinzu<\/li>\n<li>Sieh das Ergebnis sofort \u2013 die interaktive Vorschau erm\u00f6glicht dir, jedes Detail direkt anzupassen<\/li>\n<\/ul>\n","protected":false},"featured_media":1696912,"template":"","meta":[],"product_brand":[],"product_cat":[7199,5275,11363],"product_tag":[11741],"class_list":{"0":"post-244814","1":"product","2":"type-product","3":"status-publish","4":"has-post-thumbnail","6":"product_cat-map-de-ch","7":"product_cat-weihnachtsgeschenke-de-ch","8":"product_cat-weihnachtsgeschenke-fur-die-mama-de-ch","9":"product_tag-weihnachtsgeschenke-fuer-die-mama-de-ch","11":"first","12":"instock","13":"sale","14":"taxable","15":"shipping-taxable","16":"purchasable","17":"product-type-variable"},"yoast_head":"<!-- This site is optimized with the Yoast SEO Premium plugin v27.2 (Yoast SEO v27.2) - https:\/\/yoast.com\/product\/yoast-seo-premium-wordpress\/ -->\n<title>Zuhause ist, wo meine Mutter ist - Geschenk f\u00fcr Mama - Positive Prints<\/title>\n<meta name=\"description\" content=\"Unsere Karten sind das perfekte Muttertagsgeschenk und k\u00f6nnen vollst\u00e4ndig angepasst werden, damit diese besonders sind.\" \/>\n<meta name=\"robots\" content=\"index, follow, max-snippet:-1, max-image-preview:large, max-video-preview:-1\" \/>\n<link rel=\"canonical\" href=\"https:\/\/positiveprints.com\/de-ch\/produkt\/karte-zuhause-ist-wo-meine-mutter-ist\/\" \/>\n<meta property=\"og:locale\" content=\"de_DE\" \/>\n<meta property=\"og:type\" content=\"article\" \/>\n<meta property=\"og:title\" content=\"Zuhause ist, wo meine Mutter ist\" \/>\n<meta property=\"og:description\" content=\"Sch\u00e4tze die Bindung zwischen dir und deiner Mutter und zeige ihr, wie viel Liebe und Trost sie in dein Leben bringt Markiere eine besondere Stelle mit einem ausgew\u00e4hlten Symbol Passe dein Kunstwerk in 3 einfachen Schritten an F\u00fcge einen aussagekr\u00e4ftigen personalisierten Text hinzu Sieh das Ergebnis sofort \u2013 die interaktive Vorschau erm\u00f6glicht dir, jedes Detail direkt anzupassen\" \/>\n<meta property=\"og:url\" content=\"https:\/\/positiveprints.com\/de-ch\/produkt\/karte-zuhause-ist-wo-meine-mutter-ist\/\" \/>\n<meta property=\"og:site_name\" content=\"Positive Prints\" \/>\n<meta property=\"article:publisher\" content=\"https:\/\/www.facebook.com\/positiveprintscom\" \/>\n<meta property=\"article:modified_time\" content=\"2026-04-12T22:22:58+00:00\" \/>\n<meta property=\"og:image\" content=\"https:\/\/positiveprints.com\/wp-content\/uploads\/2025\/02\/Zuhause-ist-wo-meine-Mutter-ist-1.webp\" \/>\n\t<meta property=\"og:image:width\" content=\"1450\" \/>\n\t<meta property=\"og:image:height\" content=\"1450\" \/>\n\t<meta property=\"og:image:type\" content=\"image\/webp\" \/>\n<meta name=\"twitter:card\" content=\"summary_large_image\" \/>\n<meta name=\"twitter:label1\" content=\"Gesch\u00e4tzte Lesezeit\" \/>\n\t<meta name=\"twitter:data1\" content=\"1\u00a0Minute\" \/>\n<!-- \/ Yoast SEO Premium plugin. -->","yoast_head_json":{"title":"Zuhause ist, wo meine Mutter ist - Geschenk f\u00fcr Mama - Positive Prints","description":"Unsere Karten sind das perfekte Muttertagsgeschenk und k\u00f6nnen vollst\u00e4ndig angepasst werden, damit diese besonders sind.","robots":{"index":"index","follow":"follow","max-snippet":"max-snippet:-1","max-image-preview":"max-image-preview:large","max-video-preview":"max-video-preview:-1"},"canonical":"https:\/\/positiveprints.com\/de-ch\/produkt\/karte-zuhause-ist-wo-meine-mutter-ist\/","og_locale":"de_DE","og_type":"article","og_title":"Zuhause ist, wo meine Mutter ist","og_description":"Sch\u00e4tze die Bindung zwischen dir und deiner Mutter und zeige ihr, wie viel Liebe und Trost sie in dein Leben bringt Markiere eine besondere Stelle mit einem ausgew\u00e4hlten Symbol Passe dein Kunstwerk in 3 einfachen Schritten an F\u00fcge einen aussagekr\u00e4ftigen personalisierten Text hinzu Sieh das Ergebnis sofort \u2013 die interaktive Vorschau erm\u00f6glicht dir, jedes Detail direkt anzupassen","og_url":"https:\/\/positiveprints.com\/de-ch\/produkt\/karte-zuhause-ist-wo-meine-mutter-ist\/","og_site_name":"Positive Prints","article_publisher":"https:\/\/www.facebook.com\/positiveprintscom","article_modified_time":"2026-04-12T22:22:58+00:00","og_image":[{"width":1450,"height":1450,"url":"https:\/\/positiveprints.com\/wp-content\/uploads\/2025\/02\/Zuhause-ist-wo-meine-Mutter-ist-1.webp","type":"image\/webp"}],"twitter_card":"summary_large_image","twitter_misc":{"Gesch\u00e4tzte Lesezeit":"1\u00a0Minute"},"schema":{"@context":"https:\/\/schema.org","@graph":[{"@type":["WebPage","ItemPage"],"@id":"https:\/\/positiveprints.com\/de-ch\/produkt\/karte-zuhause-ist-wo-meine-mutter-ist\/","url":"https:\/\/positiveprints.com\/de-ch\/produkt\/karte-zuhause-ist-wo-meine-mutter-ist\/","name":"Zuhause ist, wo meine Mutter ist - Geschenk f\u00fcr Mama - Positive Prints","isPartOf":{"@id":"https:\/\/positiveprints.com\/de-ch\/#website"},"primaryImageOfPage":{"@id":"https:\/\/positiveprints.com\/de-ch\/produkt\/karte-zuhause-ist-wo-meine-mutter-ist\/#primaryimage"},"image":{"@id":"https:\/\/positiveprints.com\/de-ch\/produkt\/karte-zuhause-ist-wo-meine-mutter-ist\/#primaryimage"},"thumbnailUrl":"https:\/\/positiveprints.com\/wp-content\/uploads\/2026\/04\/Packshot_DE_XX-Zuhause-ist-wo-meine-Mama-ist-Karte.webp","datePublished":"2022-02-09T20:43:30+00:00","dateModified":"2026-04-12T22:22:58+00:00","description":"Unsere Karten sind das perfekte Muttertagsgeschenk und k\u00f6nnen vollst\u00e4ndig angepasst werden, damit diese besonders sind.","breadcrumb":{"@id":"https:\/\/positiveprints.com\/de-ch\/produkt\/karte-zuhause-ist-wo-meine-mutter-ist\/#breadcrumb"},"inLanguage":"de-CH","potentialAction":[{"@type":"ReadAction","target":["https:\/\/positiveprints.com\/de-ch\/produkt\/karte-zuhause-ist-wo-meine-mutter-ist\/"]}]},{"@type":"ImageObject","inLanguage":"de-CH","@id":"https:\/\/positiveprints.com\/de-ch\/produkt\/karte-zuhause-ist-wo-meine-mutter-ist\/#primaryimage","url":"https:\/\/positiveprints.com\/wp-content\/uploads\/2026\/04\/Packshot_DE_XX-Zuhause-ist-wo-meine-Mama-ist-Karte.webp","contentUrl":"https:\/\/positiveprints.com\/wp-content\/uploads\/2026\/04\/Packshot_DE_XX-Zuhause-ist-wo-meine-Mama-ist-Karte.webp","width":1450,"height":1450},{"@type":"BreadcrumbList","@id":"https:\/\/positiveprints.com\/de-ch\/produkt\/karte-zuhause-ist-wo-meine-mutter-ist\/#breadcrumb","itemListElement":[{"@type":"ListItem","position":1,"name":"Home","item":"https:\/\/positiveprints.com\/de-ch\/"},{"@type":"ListItem","position":2,"name":"Produkte","item":"https:\/\/positiveprints.com\/de-ch\/shop\/"},{"@type":"ListItem","position":3,"name":"Zuhause ist, wo meine Mutter ist"}]},{"@type":"WebSite","@id":"https:\/\/positiveprints.com\/de-ch\/#website","url":"https:\/\/positiveprints.com\/de-ch\/","name":"Positive Prints","description":"Amazing Custom Personalized Gifts","publisher":{"@id":"https:\/\/positiveprints.com\/de-ch\/#organization"},"potentialAction":[{"@type":"SearchAction","target":{"@type":"EntryPoint","urlTemplate":"https:\/\/positiveprints.com\/de-ch\/?s={search_term_string}"},"query-input":{"@type":"PropertyValueSpecification","valueRequired":true,"valueName":"search_term_string"}}],"inLanguage":"de-CH"},{"@type":"Organization","@id":"https:\/\/positiveprints.com\/de-ch\/#organization","name":"Positive Prints","alternateName":"Positive Prints","url":"https:\/\/positiveprints.com\/de-ch\/","logo":{"@type":"ImageObject","inLanguage":"de-CH","@id":"https:\/\/positiveprints.com\/de-ch\/#\/schema\/logo\/image\/","url":"https:\/\/positiveprints.com\/wp-content\/uploads\/2026\/03\/245815646_1337939713319158_5671353136411139666_n.png","contentUrl":"https:\/\/positiveprints.com\/wp-content\/uploads\/2026\/03\/245815646_1337939713319158_5671353136411139666_n.png","width":800,"height":800,"caption":"Positive Prints"},"image":{"@id":"https:\/\/positiveprints.com\/de-ch\/#\/schema\/logo\/image\/"},"sameAs":["https:\/\/www.facebook.com\/positiveprintscom","https:\/\/www.instagram.com\/positiveprintscom\/","https:\/\/www.tiktok.com\/@positiveprintscom","https:\/\/www.pinterest.com\/positiveprintscom\/"]}]}},"jetpack_sharing_enabled":true,"_links":{"self":[{"href":"https:\/\/positiveprints.com\/de-ch\/wp-json\/wp\/v2\/product\/244814","targetHints":{"allow":["GET"]}}],"collection":[{"href":"https:\/\/positiveprints.com\/de-ch\/wp-json\/wp\/v2\/product"}],"about":[{"href":"https:\/\/positiveprints.com\/de-ch\/wp-json\/wp\/v2\/types\/product"}],"wp:featuredmedia":[{"embeddable":true,"href":"https:\/\/positiveprints.com\/de-ch\/wp-json\/wp\/v2\/media\/1696912"}],"wp:attachment":[{"href":"https:\/\/positiveprints.com\/de-ch\/wp-json\/wp\/v2\/media?parent=244814"}],"wp:term":[{"taxonomy":"product_brand","embeddable":true,"href":"https:\/\/positiveprints.com\/de-ch\/wp-json\/wp\/v2\/product_brand?post=244814"},{"taxonomy":"product_cat","embeddable":true,"href":"https:\/\/positiveprints.com\/de-ch\/wp-json\/wp\/v2\/product_cat?post=244814"},{"taxonomy":"product_tag","embeddable":true,"href":"https:\/\/positiveprints.com\/de-ch\/wp-json\/wp\/v2\/product_tag?post=244814"}],"curies":[{"name":"wp","href":"https:\/\/api.w.org\/{rel}","templated":true}]}}