{"id":244799,"date":"2022-02-10T13:48:48","date_gmt":"2022-02-10T12:48:48","guid":{"rendered":"https:\/\/positiveprints.com\/product\/der-tag-an-dem-du-meine-mama-wurdest\/"},"modified":"2026-04-03T03:34:23","modified_gmt":"2026-04-03T02:34:23","slug":"der-tag-an-dem-du-meine-mama-wurdest","status":"publish","type":"product","link":"https:\/\/positiveprints.com\/de-ch\/produkt\/der-tag-an-dem-du-meine-mama-wurdest\/","title":{"rendered":"Der Tag, an dem du meine Mama wurdest"},"content":{"rendered":"<h2 class=\"grenB f24 cblue\">Warum eine Sternenkarte als Muttertagsgeschenk verschenken?<\/h2>\r\n<p style=\"margin-top: 1rem\">Der Himmel sieht jede Nacht ein wenig anders aus. Von den Bewegungsphasen bis zu den Positionen der Sterne, Planeten und Himmelsk\u00f6rper ist jede Nacht unseres Daseins wirklich einzigartig. Und in der Nacht, in der du geboren wurdest \u2013 die Nacht, in der deine Mutter deine Mutter wurde \u2013 richtete sich das gesamte Universum auf eine Weise aus, wie es noch nie zuvor der Fall war. Das ist sicherlich etwas zu feiern!<\/p>\r\n<p style=\"margin-top: 1rem\">Mit unseren benutzerdefinierten Sternenkartengeschenken stellen wir den Nachthimmel so nach, wie er aussah, als du die Welt betreten hast. Der Tag, an dem deine Mutter deine Mutter wurde, war wirklich einer der gl\u00fccklichsten Tage ihres Lebens und diese Karte des Nachthimmels ist eine sch\u00f6ne M\u00f6glichkeit, diesen Tag f\u00fcr immer aufzubewahren. <\/p>\r\n<h2 class=\"grenB f24 cblue\" style=\"margin-top: 3rem\">Gestalte dein Geschenk f\u00fcr Mama in 3 einfachen Schritten<\/h2>\r\n<p style=\"margin-top: 1rem\">Jede Sternenkarte wird auf Bestellung basierend auf dem Datum deiner Wahl ma\u00dfgefertigt. Wir verwenden zuverl\u00e4ssige Sternenkartendaten, die von Hipparcos-2 gesammelt wurden, um die Sterne und Konstellationen gem\u00e4\u00df dem Datum und dem Standort auf der Erde zu diesem Zeitpunkt genau zu kartieren.<\/p>\r\n<p style=\"margin-top: 1rem\">Positive Prints erledigt mit unserem interaktiven Editor die meiste Arbeit f\u00fcr dich. Beobachte, wie dein Design zum Leben erwacht, w\u00e4hrend du deine Sternenkarte anpasst. W\u00e4hle aus einer Vielzahl vorgefertigter Farbschemata und Kartenformen und f\u00fcge dann die feinen Details hinzu, die deine Karte einzigartig machen. Verwandele dein Design dann in eine gedruckte oder digitale Datei als perfektes Geschenk f\u00fcr Mama. Dein Kunstwerk ist bereit zum Verschenken. <\/p>\r\n<p style=\"margin-top: 1rem\">Zum Muttertag oder zu besonderen Anl\u00e4ssen Positive Prints hilft dur dabei, einzigartige Geschenke f\u00fcr deine Mutter zu kreieren. Beginne noch heute!<\/p>","protected":false},"excerpt":{"rendered":"<ul class=\"check-list\">\n<li>F\u00fcge Planeten, Sternbilder und die Milchstra\u00dfe hinzu<\/li>\n<li>Passe dein Kunstwerk in 3 einfachen Schritten an<\/li>\n<li>F\u00fcge einen aussagekr\u00e4ftigen personalisierten Text hinzu<\/li>\n<li>Sieh das Ergebnis sofort \u2013 die interaktive Vorschau erm\u00f6glicht dir, jedes Detail direkt anzupassen<\/li>\n<\/ul>\n","protected":false},"featured_media":1225147,"template":"","meta":[],"product_brand":[],"product_cat":[9282,11366,11363,7711,7281,15852,4764,5275],"product_tag":[15556,15540,12561,12558,12559,8410,11741],"class_list":{"0":"post-244799","1":"product","2":"type-product","3":"status-publish","4":"has-post-thumbnail","6":"product_cat-bestsellers-label-ch","7":"product_cat-weihnachtsgeschenke-fur-die-eltern-de-ch","8":"product_cat-weihnachtsgeschenke-fur-die-mama-de-ch","9":"product_cat-geschenke-fur-mama-de-ch","10":"product_cat-muttertagsgeschenke-de-ch","11":"product_cat-shop-bestsellers-de-ch","12":"product_cat-star-de-ch-2","13":"product_cat-weihnachtsgeschenke-de-ch","14":"product_tag-die-beste-mama","15":"product_tag-geschenk-fur-mama-de-ch-2","16":"product_tag-geschenk-fur-mama-de-ch","17":"product_tag-mama-de-ch","18":"product_tag-mama-de-ch-2","19":"product_tag-mother-de-ch","20":"product_tag-weihnachtsgeschenke-fuer-die-mama-de-ch","22":"first","23":"instock","24":"sale","25":"taxable","26":"shipping-taxable","27":"purchasable","28":"product-type-variable"},"yoast_head":"<!-- This site is optimized with the Yoast SEO Premium plugin v27.2 (Yoast SEO v27.2) - https:\/\/yoast.com\/product\/yoast-seo-premium-wordpress\/ -->\n<title>Der Tag, an dem du meine Mama wurdest - Positive Prints<\/title>\n<meta name=\"description\" content=\"Zum Muttertag oder zu besonderen Anl\u00e4ssen Positive Prints hilft dur dabei, einzigartige Geschenke f\u00fcr deine Mutter zu kreieren.\" \/>\n<meta name=\"robots\" content=\"index, follow, max-snippet:-1, max-image-preview:large, max-video-preview:-1\" \/>\n<link rel=\"canonical\" href=\"https:\/\/positiveprints.com\/de-ch\/produkt\/der-tag-an-dem-du-meine-mama-wurdest\/\" \/>\n<meta property=\"og:locale\" content=\"de_DE\" \/>\n<meta property=\"og:type\" content=\"article\" \/>\n<meta property=\"og:title\" content=\"Der Tag, an dem du meine Mama wurdest\" \/>\n<meta property=\"og:description\" content=\"F\u00fcge Planeten, Sternbilder und die Milchstra\u00dfe hinzu Passe dein Kunstwerk in 3 einfachen Schritten an F\u00fcge einen aussagekr\u00e4ftigen personalisierten Text hinzu Sieh das Ergebnis sofort \u2013 die interaktive Vorschau erm\u00f6glicht dir, jedes Detail direkt anzupassen\" \/>\n<meta property=\"og:url\" content=\"https:\/\/positiveprints.com\/de-ch\/produkt\/der-tag-an-dem-du-meine-mama-wurdest\/\" \/>\n<meta property=\"og:site_name\" content=\"Positive Prints\" \/>\n<meta property=\"article:publisher\" content=\"https:\/\/www.facebook.com\/positiveprintscom\" \/>\n<meta property=\"article:modified_time\" content=\"2026-04-03T02:34:23+00:00\" \/>\n<meta property=\"og:image\" content=\"https:\/\/positiveprints.com\/wp-content\/uploads\/2024\/10\/Packshot_DE_The-Day-You-Became-My-Mommy-product-image.webp\" \/>\n\t<meta property=\"og:image:width\" content=\"1450\" \/>\n\t<meta property=\"og:image:height\" content=\"1450\" \/>\n\t<meta property=\"og:image:type\" content=\"image\/webp\" \/>\n<meta name=\"twitter:card\" content=\"summary_large_image\" \/>\n<meta name=\"twitter:label1\" content=\"Gesch\u00e4tzte Lesezeit\" \/>\n\t<meta name=\"twitter:data1\" content=\"2\u00a0Minuten\" \/>\n<!-- \/ Yoast SEO Premium plugin. -->","yoast_head_json":{"title":"Der Tag, an dem du meine Mama wurdest - Positive Prints","description":"Zum Muttertag oder zu besonderen Anl\u00e4ssen Positive Prints hilft dur dabei, einzigartige Geschenke f\u00fcr deine Mutter zu kreieren.","robots":{"index":"index","follow":"follow","max-snippet":"max-snippet:-1","max-image-preview":"max-image-preview:large","max-video-preview":"max-video-preview:-1"},"canonical":"https:\/\/positiveprints.com\/de-ch\/produkt\/der-tag-an-dem-du-meine-mama-wurdest\/","og_locale":"de_DE","og_type":"article","og_title":"Der Tag, an dem du meine Mama wurdest","og_description":"F\u00fcge Planeten, Sternbilder und die Milchstra\u00dfe hinzu Passe dein Kunstwerk in 3 einfachen Schritten an F\u00fcge einen aussagekr\u00e4ftigen personalisierten Text hinzu Sieh das Ergebnis sofort \u2013 die interaktive Vorschau erm\u00f6glicht dir, jedes Detail direkt anzupassen","og_url":"https:\/\/positiveprints.com\/de-ch\/produkt\/der-tag-an-dem-du-meine-mama-wurdest\/","og_site_name":"Positive Prints","article_publisher":"https:\/\/www.facebook.com\/positiveprintscom","article_modified_time":"2026-04-03T02:34:23+00:00","og_image":[{"width":1450,"height":1450,"url":"https:\/\/positiveprints.com\/wp-content\/uploads\/2024\/10\/Packshot_DE_The-Day-You-Became-My-Mommy-product-image.webp","type":"image\/webp"}],"twitter_card":"summary_large_image","twitter_misc":{"Gesch\u00e4tzte Lesezeit":"2\u00a0Minuten"},"schema":{"@context":"https:\/\/schema.org","@graph":[{"@type":["WebPage","ItemPage"],"@id":"https:\/\/positiveprints.com\/de-ch\/produkt\/der-tag-an-dem-du-meine-mama-wurdest\/","url":"https:\/\/positiveprints.com\/de-ch\/produkt\/der-tag-an-dem-du-meine-mama-wurdest\/","name":"Der Tag, an dem du meine Mama wurdest - Positive Prints","isPartOf":{"@id":"https:\/\/positiveprints.com\/de-ch\/#website"},"primaryImageOfPage":{"@id":"https:\/\/positiveprints.com\/de-ch\/produkt\/der-tag-an-dem-du-meine-mama-wurdest\/#primaryimage"},"image":{"@id":"https:\/\/positiveprints.com\/de-ch\/produkt\/der-tag-an-dem-du-meine-mama-wurdest\/#primaryimage"},"thumbnailUrl":"https:\/\/positiveprints.com\/wp-content\/uploads\/2024\/10\/Packshot_DE_The-Day-You-Became-My-Mommy-product-image.webp","datePublished":"2022-02-10T12:48:48+00:00","dateModified":"2026-04-03T02:34:23+00:00","description":"Zum Muttertag oder zu besonderen Anl\u00e4ssen Positive Prints hilft dur dabei, einzigartige Geschenke f\u00fcr deine Mutter zu kreieren.","breadcrumb":{"@id":"https:\/\/positiveprints.com\/de-ch\/produkt\/der-tag-an-dem-du-meine-mama-wurdest\/#breadcrumb"},"inLanguage":"de-CH","potentialAction":[{"@type":"ReadAction","target":["https:\/\/positiveprints.com\/de-ch\/produkt\/der-tag-an-dem-du-meine-mama-wurdest\/"]}]},{"@type":"ImageObject","inLanguage":"de-CH","@id":"https:\/\/positiveprints.com\/de-ch\/produkt\/der-tag-an-dem-du-meine-mama-wurdest\/#primaryimage","url":"https:\/\/positiveprints.com\/wp-content\/uploads\/2024\/10\/Packshot_DE_The-Day-You-Became-My-Mommy-product-image.webp","contentUrl":"https:\/\/positiveprints.com\/wp-content\/uploads\/2024\/10\/Packshot_DE_The-Day-You-Became-My-Mommy-product-image.webp","width":1450,"height":1450},{"@type":"BreadcrumbList","@id":"https:\/\/positiveprints.com\/de-ch\/produkt\/der-tag-an-dem-du-meine-mama-wurdest\/#breadcrumb","itemListElement":[{"@type":"ListItem","position":1,"name":"Home","item":"https:\/\/positiveprints.com\/de-ch\/"},{"@type":"ListItem","position":2,"name":"Produkte","item":"https:\/\/positiveprints.com\/de-ch\/shop\/"},{"@type":"ListItem","position":3,"name":"Der Tag, an dem du meine Mama wurdest"}]},{"@type":"WebSite","@id":"https:\/\/positiveprints.com\/de-ch\/#website","url":"https:\/\/positiveprints.com\/de-ch\/","name":"Positive Prints","description":"Amazing Custom Personalized Gifts","publisher":{"@id":"https:\/\/positiveprints.com\/de-ch\/#organization"},"potentialAction":[{"@type":"SearchAction","target":{"@type":"EntryPoint","urlTemplate":"https:\/\/positiveprints.com\/de-ch\/?s={search_term_string}"},"query-input":{"@type":"PropertyValueSpecification","valueRequired":true,"valueName":"search_term_string"}}],"inLanguage":"de-CH"},{"@type":"Organization","@id":"https:\/\/positiveprints.com\/de-ch\/#organization","name":"Positive Prints","alternateName":"Positive Prints","url":"https:\/\/positiveprints.com\/de-ch\/","logo":{"@type":"ImageObject","inLanguage":"de-CH","@id":"https:\/\/positiveprints.com\/de-ch\/#\/schema\/logo\/image\/","url":"https:\/\/positiveprints.com\/wp-content\/uploads\/2026\/03\/245815646_1337939713319158_5671353136411139666_n.png","contentUrl":"https:\/\/positiveprints.com\/wp-content\/uploads\/2026\/03\/245815646_1337939713319158_5671353136411139666_n.png","width":800,"height":800,"caption":"Positive Prints"},"image":{"@id":"https:\/\/positiveprints.com\/de-ch\/#\/schema\/logo\/image\/"},"sameAs":["https:\/\/www.facebook.com\/positiveprintscom","https:\/\/www.instagram.com\/positiveprintscom\/","https:\/\/www.tiktok.com\/@positiveprintscom","https:\/\/www.pinterest.com\/positiveprintscom\/"]}]}},"jetpack_sharing_enabled":true,"_links":{"self":[{"href":"https:\/\/positiveprints.com\/de-ch\/wp-json\/wp\/v2\/product\/244799","targetHints":{"allow":["GET"]}}],"collection":[{"href":"https:\/\/positiveprints.com\/de-ch\/wp-json\/wp\/v2\/product"}],"about":[{"href":"https:\/\/positiveprints.com\/de-ch\/wp-json\/wp\/v2\/types\/product"}],"wp:featuredmedia":[{"embeddable":true,"href":"https:\/\/positiveprints.com\/de-ch\/wp-json\/wp\/v2\/media\/1225147"}],"wp:attachment":[{"href":"https:\/\/positiveprints.com\/de-ch\/wp-json\/wp\/v2\/media?parent=244799"}],"wp:term":[{"taxonomy":"product_brand","embeddable":true,"href":"https:\/\/positiveprints.com\/de-ch\/wp-json\/wp\/v2\/product_brand?post=244799"},{"taxonomy":"product_cat","embeddable":true,"href":"https:\/\/positiveprints.com\/de-ch\/wp-json\/wp\/v2\/product_cat?post=244799"},{"taxonomy":"product_tag","embeddable":true,"href":"https:\/\/positiveprints.com\/de-ch\/wp-json\/wp\/v2\/product_tag?post=244799"}],"curies":[{"name":"wp","href":"https:\/\/api.w.org\/{rel}","templated":true}]}}