{"id":244726,"date":"2022-01-25T21:10:25","date_gmt":"2022-01-25T20:10:25","guid":{"rendered":"https:\/\/positiveprints.com\/product\/mutterkarte-fur-weite-distanzen\/"},"modified":"2026-04-23T11:51:59","modified_gmt":"2026-04-23T10:51:59","slug":"mutterkarte-fur-weite-distanzen","status":"publish","type":"product","link":"https:\/\/positiveprints.com\/de-ch\/produkt\/mutterkarte-fur-weite-distanzen\/","title":{"rendered":"Mutterkarte f\u00fcr weite Distanzen"},"content":{"rendered":"<h2 class=\"grenB f24 cblue\">Ferngeschenke f\u00fcr Mama<\/h2>\r\n<p style=\"margin-top: 1rem\">Zuhause ist, wo deine Mutter ist, und diese wundersch\u00f6ne, individuell gestaltete Mutterkarte f\u00fcr weite Distanzen hilft dir, sie nah an deinem Herzen zu behalten. Mit diesem dreifachen Kartenformat kannst du drei kleine Karten innerhalb desselben Drucks anpassen \u2013 und die M\u00f6glichkeiten sind endlos!<\/p>\r\n<p style=\"margin-top: 1rem\">Erstelle eine Karte, auf der das aktuelle Zuhause jedes Kindes angezeigt wird, um die Entfernung zu verk\u00fcrzen. Oder, wenn du und deine Familie im Laufe deiner Kindheit umgezogen seid, k\u00f6nnte jede Karte eines deiner H\u00e4user darstellen. Oder du k\u00f6nnest besondere Orte ausw\u00e4hlen, an denen du die sch\u00f6nsten Erinnerungen mit deiner Mutter geteilt hast, sei es ein beliebter Urlaubsort, eine Aktivit\u00e4t oder sogar das Zuhause deiner Kindheit. <\/p>\r\n<p style=\"margin-top: 1rem\">Es ist deiner Karte, dein Weg \u2013 und sie f\u00fchrt direkt zu einem der ganz besonderen Menschen auf dieser Welt.<\/p>\r\n<h2 class=\"grenB f24 cblue\" style=\"margin-top: 3rem\">Bestelle deine Karte als Muttertagsgeschenk!<\/h2>\r\n<p style=\"margin-top: 1rem\">Positive Prints beseitigt das R\u00e4tselraten beim Entwerfen benutzerdefinierter Kartengrafiken. Mit unserem interaktiven Editor kannst du die Form, den Stil, die Farben und den Text auf deiner \u201eLong Distance Mom Map\u201c ausw\u00e4hlen. Beobachte, wie dein Design zum Leben erwacht, w\u00e4hrend du deinen Druck anpasst, um deine Geschichte zu erz\u00e4hlen.<\/p>\r\n<p style=\"margin-top: 1rem\">Wir drucken alle unsere benutzerdefinierten Karten auf Papier oder Leinwand in Museumsqualit\u00e4t in einer Reihe von Standardgr\u00f6\u00dfen. Zudem kannst du eine digitale Datei anfordern, die du sofort verschenken kannst. Wir versenden alle unsere gedruckten Poster und Leinwandbilder in die ganze Welt. <\/p>\r\n<p style=\"margin-top: 1rem\">Schenke benutzerdefinierte Kartengrafiken, die Mama ein Leben lang sch\u00e4tzen kann! Beginne noch heute.<\/p>","protected":false},"excerpt":{"rendered":"<ul class=\"check-list\">\n<li>Zeige deiner Mutter, wie viel sie dir bedeutet: Hebe einen die besonderen Orte hervor, die euch beide verbindet, auch wenn ihr meilenweit voneinander entfernt seid\n<\/li>\n<li>Markiere genaue Adressen mit einem ausgew\u00e4hlten Symbol<\/li>\n<li>Passe dein Kunstwerk in 3 einfachen Schritten an<\/li>\n<li>F\u00fcge einen aussagekr\u00e4ftigen personalisierten Text hinzu<\/li>\n<li>Sieh das Ergebnis sofort \u2013 die interaktive Vorschau erm\u00f6glicht dir, jedes Detail direkt anzupassen<\/li>\n<\/ul>\n","protected":false},"featured_media":1348104,"template":"","meta":[],"product_brand":[],"product_cat":[5275,11363,7227],"product_tag":[11741],"class_list":{"0":"post-244726","1":"product","2":"type-product","3":"status-publish","4":"has-post-thumbnail","6":"product_cat-weihnachtsgeschenke-de-ch","7":"product_cat-weihnachtsgeschenke-fur-die-mama-de-ch","8":"product_cat-triple-maps-de-ch","9":"product_tag-weihnachtsgeschenke-fuer-die-mama-de-ch","11":"first","12":"instock","13":"sale","14":"taxable","15":"shipping-taxable","16":"purchasable","17":"product-type-variable"},"yoast_head":"<!-- This site is optimized with the Yoast SEO Premium plugin v27.2 (Yoast SEO v27.2) - https:\/\/yoast.com\/product\/yoast-seo-premium-wordpress\/ -->\n<title>Mutterkarte f\u00fcr weite Distanzen - Geschenke f\u00fcr Mama - Positive Prints<\/title>\n<meta name=\"description\" content=\"Erstelle eine Karte, auf der das aktuelle Zuhause jedes Kindes angezeigt wird, um die Entfernung zu verk\u00fcrzen.\" \/>\n<meta name=\"robots\" content=\"index, follow, max-snippet:-1, max-image-preview:large, max-video-preview:-1\" \/>\n<link rel=\"canonical\" href=\"https:\/\/positiveprints.com\/de-ch\/produkt\/mutterkarte-fur-weite-distanzen\/\" \/>\n<meta property=\"og:locale\" content=\"de_DE\" \/>\n<meta property=\"og:type\" content=\"article\" \/>\n<meta property=\"og:title\" content=\"Mutterkarte f\u00fcr weite Distanzen\" \/>\n<meta property=\"og:description\" content=\"Zeige deiner Mutter, wie viel sie dir bedeutet: Hebe einen die besonderen Orte hervor, die euch beide verbindet, auch wenn ihr meilenweit voneinander entfernt seid  Markiere genaue Adressen mit einem ausgew\u00e4hlten Symbol Passe dein Kunstwerk in 3 einfachen Schritten an F\u00fcge einen aussagekr\u00e4ftigen personalisierten Text hinzu Sieh das Ergebnis sofort \u2013 die interaktive Vorschau erm\u00f6glicht dir, jedes Detail direkt anzupassen\" \/>\n<meta property=\"og:url\" content=\"https:\/\/positiveprints.com\/de-ch\/produkt\/mutterkarte-fur-weite-distanzen\/\" \/>\n<meta property=\"og:site_name\" content=\"Positive Prints\" \/>\n<meta property=\"article:publisher\" content=\"https:\/\/www.facebook.com\/positiveprintscom\" \/>\n<meta property=\"article:modified_time\" content=\"2026-04-23T10:51:59+00:00\" \/>\n<meta property=\"og:image\" content=\"https:\/\/positiveprints.com\/wp-content\/uploads\/2025\/02\/Mutterkarte-fu\u0308r-weite-Distanzen-1.webp\" \/>\n\t<meta property=\"og:image:width\" content=\"1450\" \/>\n\t<meta property=\"og:image:height\" content=\"1450\" \/>\n\t<meta property=\"og:image:type\" content=\"image\/webp\" \/>\n<meta name=\"twitter:card\" content=\"summary_large_image\" \/>\n<meta name=\"twitter:label1\" content=\"Gesch\u00e4tzte Lesezeit\" \/>\n\t<meta name=\"twitter:data1\" content=\"2\u00a0Minuten\" \/>\n<!-- \/ Yoast SEO Premium plugin. -->","yoast_head_json":{"title":"Mutterkarte f\u00fcr weite Distanzen - Geschenke f\u00fcr Mama - Positive Prints","description":"Erstelle eine Karte, auf der das aktuelle Zuhause jedes Kindes angezeigt wird, um die Entfernung zu verk\u00fcrzen.","robots":{"index":"index","follow":"follow","max-snippet":"max-snippet:-1","max-image-preview":"max-image-preview:large","max-video-preview":"max-video-preview:-1"},"canonical":"https:\/\/positiveprints.com\/de-ch\/produkt\/mutterkarte-fur-weite-distanzen\/","og_locale":"de_DE","og_type":"article","og_title":"Mutterkarte f\u00fcr weite Distanzen","og_description":"Zeige deiner Mutter, wie viel sie dir bedeutet: Hebe einen die besonderen Orte hervor, die euch beide verbindet, auch wenn ihr meilenweit voneinander entfernt seid  Markiere genaue Adressen mit einem ausgew\u00e4hlten Symbol Passe dein Kunstwerk in 3 einfachen Schritten an F\u00fcge einen aussagekr\u00e4ftigen personalisierten Text hinzu Sieh das Ergebnis sofort \u2013 die interaktive Vorschau erm\u00f6glicht dir, jedes Detail direkt anzupassen","og_url":"https:\/\/positiveprints.com\/de-ch\/produkt\/mutterkarte-fur-weite-distanzen\/","og_site_name":"Positive Prints","article_publisher":"https:\/\/www.facebook.com\/positiveprintscom","article_modified_time":"2026-04-23T10:51:59+00:00","og_image":[{"width":1450,"height":1450,"url":"https:\/\/positiveprints.com\/wp-content\/uploads\/2025\/02\/Mutterkarte-fu\u0308r-weite-Distanzen-1.webp","type":"image\/webp"}],"twitter_card":"summary_large_image","twitter_misc":{"Gesch\u00e4tzte Lesezeit":"2\u00a0Minuten"},"schema":{"@context":"https:\/\/schema.org","@graph":[{"@type":["WebPage","ItemPage"],"@id":"https:\/\/positiveprints.com\/de-ch\/produkt\/mutterkarte-fur-weite-distanzen\/","url":"https:\/\/positiveprints.com\/de-ch\/produkt\/mutterkarte-fur-weite-distanzen\/","name":"Mutterkarte f\u00fcr weite Distanzen - Geschenke f\u00fcr Mama - Positive Prints","isPartOf":{"@id":"https:\/\/positiveprints.com\/de-ch\/#website"},"primaryImageOfPage":{"@id":"https:\/\/positiveprints.com\/de-ch\/produkt\/mutterkarte-fur-weite-distanzen\/#primaryimage"},"image":{"@id":"https:\/\/positiveprints.com\/de-ch\/produkt\/mutterkarte-fur-weite-distanzen\/#primaryimage"},"thumbnailUrl":"https:\/\/positiveprints.com\/wp-content\/uploads\/2025\/02\/Mutterkarte-fu\u0308r-weite-Distanzen-1.webp","datePublished":"2022-01-25T20:10:25+00:00","dateModified":"2026-04-23T10:51:59+00:00","description":"Erstelle eine Karte, auf der das aktuelle Zuhause jedes Kindes angezeigt wird, um die Entfernung zu verk\u00fcrzen.","breadcrumb":{"@id":"https:\/\/positiveprints.com\/de-ch\/produkt\/mutterkarte-fur-weite-distanzen\/#breadcrumb"},"inLanguage":"de-CH","potentialAction":[{"@type":"ReadAction","target":["https:\/\/positiveprints.com\/de-ch\/produkt\/mutterkarte-fur-weite-distanzen\/"]}]},{"@type":"ImageObject","inLanguage":"de-CH","@id":"https:\/\/positiveprints.com\/de-ch\/produkt\/mutterkarte-fur-weite-distanzen\/#primaryimage","url":"https:\/\/positiveprints.com\/wp-content\/uploads\/2025\/02\/Mutterkarte-fu\u0308r-weite-Distanzen-1.webp","contentUrl":"https:\/\/positiveprints.com\/wp-content\/uploads\/2025\/02\/Mutterkarte-fu\u0308r-weite-Distanzen-1.webp","width":1450,"height":1450,"caption":"Mutterkarte fu\u0308r weite Distanzen 1"},{"@type":"BreadcrumbList","@id":"https:\/\/positiveprints.com\/de-ch\/produkt\/mutterkarte-fur-weite-distanzen\/#breadcrumb","itemListElement":[{"@type":"ListItem","position":1,"name":"Home","item":"https:\/\/positiveprints.com\/de-ch\/"},{"@type":"ListItem","position":2,"name":"Produkte","item":"https:\/\/positiveprints.com\/de-ch\/shop\/"},{"@type":"ListItem","position":3,"name":"Mutterkarte f\u00fcr weite Distanzen"}]},{"@type":"WebSite","@id":"https:\/\/positiveprints.com\/de-ch\/#website","url":"https:\/\/positiveprints.com\/de-ch\/","name":"Positive Prints","description":"Amazing Custom Personalized Gifts","publisher":{"@id":"https:\/\/positiveprints.com\/de-ch\/#organization"},"potentialAction":[{"@type":"SearchAction","target":{"@type":"EntryPoint","urlTemplate":"https:\/\/positiveprints.com\/de-ch\/?s={search_term_string}"},"query-input":{"@type":"PropertyValueSpecification","valueRequired":true,"valueName":"search_term_string"}}],"inLanguage":"de-CH"},{"@type":"Organization","@id":"https:\/\/positiveprints.com\/de-ch\/#organization","name":"Positive Prints","alternateName":"Positive Prints","url":"https:\/\/positiveprints.com\/de-ch\/","logo":{"@type":"ImageObject","inLanguage":"de-CH","@id":"https:\/\/positiveprints.com\/de-ch\/#\/schema\/logo\/image\/","url":"https:\/\/positiveprints.com\/wp-content\/uploads\/2026\/03\/245815646_1337939713319158_5671353136411139666_n.png","contentUrl":"https:\/\/positiveprints.com\/wp-content\/uploads\/2026\/03\/245815646_1337939713319158_5671353136411139666_n.png","width":800,"height":800,"caption":"Positive Prints"},"image":{"@id":"https:\/\/positiveprints.com\/de-ch\/#\/schema\/logo\/image\/"},"sameAs":["https:\/\/www.facebook.com\/positiveprintscom","https:\/\/www.instagram.com\/positiveprintscom\/","https:\/\/www.tiktok.com\/@positiveprintscom","https:\/\/www.pinterest.com\/positiveprintscom\/"]}]}},"jetpack_sharing_enabled":true,"_links":{"self":[{"href":"https:\/\/positiveprints.com\/de-ch\/wp-json\/wp\/v2\/product\/244726","targetHints":{"allow":["GET"]}}],"collection":[{"href":"https:\/\/positiveprints.com\/de-ch\/wp-json\/wp\/v2\/product"}],"about":[{"href":"https:\/\/positiveprints.com\/de-ch\/wp-json\/wp\/v2\/types\/product"}],"wp:featuredmedia":[{"embeddable":true,"href":"https:\/\/positiveprints.com\/de-ch\/wp-json\/wp\/v2\/media\/1348104"}],"wp:attachment":[{"href":"https:\/\/positiveprints.com\/de-ch\/wp-json\/wp\/v2\/media?parent=244726"}],"wp:term":[{"taxonomy":"product_brand","embeddable":true,"href":"https:\/\/positiveprints.com\/de-ch\/wp-json\/wp\/v2\/product_brand?post=244726"},{"taxonomy":"product_cat","embeddable":true,"href":"https:\/\/positiveprints.com\/de-ch\/wp-json\/wp\/v2\/product_cat?post=244726"},{"taxonomy":"product_tag","embeddable":true,"href":"https:\/\/positiveprints.com\/de-ch\/wp-json\/wp\/v2\/product_tag?post=244726"}],"curies":[{"name":"wp","href":"https:\/\/api.w.org\/{rel}","templated":true}]}}