{"id":209996,"date":"2020-07-13T23:04:52","date_gmt":"2020-07-13T22:04:52","guid":{"rendered":"https:\/\/positiveprints.com\/product\/sternenhimmel-poster\/"},"modified":"2026-04-18T09:14:45","modified_gmt":"2026-04-18T08:14:45","slug":"sternenhimmel-poster","status":"publish","type":"product","link":"https:\/\/positiveprints.com\/de-ch\/produkt\/sternenhimmel-poster\/","title":{"rendered":"Sternenhimmel Poster"},"content":{"rendered":"<p>Mit einem personalisierten Poster vom Sternenhimmel kannst du den Nachthimmel eines einzigartigen Moments deines Lebens nachbilden. Unser interaktiver Editor erm\u00f6glicht es, deine Sternenkarte mit jedem Datum und Ort zu erstellen.<\/p>\r\n\r\n<p style=\"margin-top: 1rem\">W\u00fcnschst du dir jemals, du k\u00f6nntest den Nachthimmel heimbringen? F\u00fcr viele wirkt ein Himmel voller Sterne beruhigend. Alt wie die Zeit selbst, war unser Himmel Zeuge unz\u00e4hliger magischer Momente, die zu wertvollen Erinnerungen werden. Und bei Positive Prints machen wir es dir einfach, den Nachthimmel auf eine Weise auf eine pers\u00f6nliche Reise mitzunehmen, die deine wertvollsten Momente festh\u00e4lt. Wir empfehlen dir, mit uns deine eigene Sternenkarte zu erstellen.<\/p>\r\n\r\n<p style=\"margin-top: 1rem\">Unsere personalisierten Sternenhimmel Poster sind eine sch\u00f6ne M\u00f6glichkeit, den Nachthimmel deiner besonderen Ereignisse nachzubilden. Von Hochzeitsn\u00e4chten \u00fcber Geburten bis hin zu Meilensteinen und mehr. Lass dich \u00fcberraschen.<\/p>\r\n\r\n<h2 class=\"grenB f24 cblue\" style=\"margin-top: 3rem\">Was ist eine personalisierte Sternenkarte?<\/h2>\r\n\r\n<p style=\"margin-top: 1rem\">Denke kurze an die magischen Momente zur\u00fcck, die deine Lebensgeschichte erz\u00e4hlen. Wie sah der Nachthimmel in diesen Augenblicken aus? Genau, wie die Erde, so entwickelt sich der Nachthimmel st\u00e4ndig weiter. Sterne und Planeten setzen ihre eigene Reise durch den Weltraum fort. Aus diesem Grund lieben es viele Menschen, personalisierte Sternenkartenplakate zu erstellen, um sich an ihre gesch\u00e4tzten Momente im Leben zu erinnern.<\/p>\r\n\r\n<p style=\"margin-top: 1rem\">Eine Sternenkarte ist eine Replikation des Nachthimmels an einem bestimmten Datum, einer bestimmten Uhrzeit und einem bestimmten Ort. Jede Sternenhimmelkarte ist personalisiert, da keine zwei Ereignisse im Leben gleich sind. Unser Sternenkartengenerator verwendet deine spezifischen Details, um ein perfektes Bild zu erstellen.<\/p>\r\n\r\n<h2 class=\"grenB f24 cblue\" style=\"margin-top: 3rem\">Wissenschaftlich genaue Poster vom Sternenhimmel<\/h2>\r\n\r\n<p style=\"margin-top: 1rem\">1989 startete die Europ\u00e4ische Weltraumorganisation den <a href=\"https:\/\/de.wikipedia.org\/wiki\/Hipparcos\">Satelliten Hipparcos<\/a>, um hochgenaue Messungen der Himmelsk\u00f6rper in unserem Nachthimmel durchzuf\u00fchren. Von Planeten und Sternen bis hin zu Sternbildern und Galaxien verwenden wir Daten von Hipparcos, um genaue Sternenkarten zu erstellen, mit denen der Himmel von jeder Nacht &#8211; Vergangenheit, Gegenwart oder Zukunft &#8211; pr\u00e4zise dargestellt werden kann! &#8211; von jeder Position auf der Welt.<\/p>\r\n\r\n<h2 class=\"grenB f24 cblue\" style=\"margin-top: 3rem\">Warum eigentlich ein Sternenkartenplakat verschenken?<\/h2>\r\n\r\n<p style=\"margin-top: 1rem\">Der Sternenhimmel-Poster-Editor macht dein Geschenk pers\u00f6nlich! Mit dem Sternenkarten-Editor kannst du den Nachthimmel so ausw\u00e4hlen, wie er an jedem Datum von \u00fcberall auf der Welt angezeigt wird. Jede Karte kann durch zus\u00e4tzliche Informationen zu Datum, Uhrzeit und Ort der Sternenkarte erg\u00e4nzt werden. Du kannst sogar eine <a href=\"https:\/\/positiveprints.com\/de\/sprueche-sternenhimmel\/\">personalisierte Nachricht hinzuf\u00fcgen<\/a>! Mit wenigen Klicks kannst du deinem Diagramm Beschreibungen hinzuf\u00fcgen, sowie Lieblingssterne, Planeten und Sternbilder.<\/p>\r\n\r\n<p style=\"margin-top: 1rem\">Wenn du nach einer einzigartigen Geschenkidee suchst, hinterl\u00e4sst ein benutzerdefiniertes Sternenhimmel Poster einen bleibenden Eindruck \u2013 garantiert. Niemand erwartet ein so einzigartiges, pers\u00f6nliches und bedeutungsvolles Geschenk. Der Beschenkte wird es f\u00fcr immer sch\u00e4tzen, weil es speziell f\u00fcr die Person angefertigt wurde.<\/p>\r\n\r\n<p style=\"margin-top: 1rem\">Unsere Sternenkarten sind das ultimative Andenken f\u00fcr jeden Anlass. Viele unserer Kunden verschenken sie f\u00fcr:<\/p>\r\n\r\n<ul>\r\n         <li>Hochzeiten<\/li>\r\n<li>Jahrestage<\/li>\r\n<li>Geburtstage<\/li>\r\n<li>Abschl\u00fcsse<\/li>\r\n<li>Ruhestandsfeiern<\/li>\r\n<li>Weihnachten<\/li>\r\n<li>Einweihungspartys<\/li>\r\n<li>und generell aller wichtigen Lebensmeilensteine.<\/li>\r\n<\/ul>\r\n\r\n<p style=\"margin-top: 1rem\">Und mit unserem benutzerfreundlichen Sternenkarten-Editor kannst du jetzt deine eigene Sternenkarte verschenken!<\/p>\r\n\r\n<h2 class=\"grenB f24 cblue\" style=\"margin-top: 3rem\">So erstellst du deine eigene Sternenhimmel Poster<\/h2>\r\n\r\n<p style=\"margin-top: 1rem\">Bei Positive Prints haben wir das R\u00e4tselraten bei der Erstellung wundersch\u00f6ner Sternenkarten, die deine unsch\u00e4tzbaren Momente widerspiegeln, vereinfacht. In unserem dreistufigen Prozess kannst du deine Karte basierend auf deinen spezifischen Daten, Orten und Zeiten anpassen. Du hast auch die Kontrolle \u00fcber die Farbschemata und Kartendetails wie Sterne, Sternbilder, Planeten und mehr. F\u00fcge benutzerdefinierte Textzeilen hinzu, um die Bedeutung deiner Sternenkarte hervorzuheben, damit jeder wei\u00df, warum diese Karte f\u00fcr dich etwas Besonderes ist!<\/p>\r\n\r\n<p style=\"margin-top: 1rem\">Wenn du ein gedrucktes Poster bestellst, kannst du aus mehreren Standardgr\u00f6\u00dfenoptionen ausw\u00e4hlen, die am besten zu deinem Platz und Budget passen. Jeder unserer Drucke wird in g\u00e4ngigen Gr\u00f6\u00dfen erstellt, damit du einen geeigneten Rahmen f\u00fcr dein Kunstwerk findest. Wir verwenden f\u00fcr unsere Drucke nur feinstes Kunstdruckpapier, das den Test der Zeit besteht und dem Ausbleichen, Abbl\u00e4ttern und Knacken widersteht. F\u00fcr jeden Hardcopy-Druck bieten wir weltweiten Versand an, egal ob du einen Druck oder 10 bestellst!<\/p>\r\n\r\n<p style=\"margin-top: 1rem\">Du kannst auch aus einem digitalen Download ausw\u00e4hlen. In dem Falle bekommst du einen Download-Link direkt an dein Posteingang gesendet. Nach Erhalt kannst du das Poster an einem Ort deiner Wahl ausdrucken. Dies ist eine bevorzugte Option, wenn du ein Last-Minute-Geschenk suchst oder nicht auf den Versand warten m\u00f6chten.<\/p>\r\n\r\n<p style=\"margin-top: 1rem\">Hier ist ein genauerer Blick freieren dreistufigen Online-Prozess:<\/p>\r\n\r\n<h3 class=\"grenB f18 cblue\" style=\"margin-top: 3rem\">Erster Schritt: W\u00e4hle dein Design<\/h3>\r\n\r\n<p style=\"margin-top: 1rem\">Unsere Sternenkarten-Designs sind in verschiedenen Stilen erh\u00e4ltlich, einschlie\u00dflich Kreis- und Herzformen in verschiedenen Farbschemata. Diese Farbschemata wurden ausgew\u00e4hlt, um den gr\u00f6\u00dften Kontrast zu erzielen, der den Design zum Leuchten bringt.<\/p>\r\n\r\n<p style=\"margin-top: 1rem\">Sobald du dein Design ausgew\u00e4hlt hast, kannst du den Detaillierungsgrad ausw\u00e4hlen, den du auf deiner Sternenhimmel Poster angezeigt haben m\u00f6chtest. Die grundlegendste Form ist das Layout der Sterne. Mit den Kippschaltern kannst du Planeten, Planetennamen, Sternbilder, Sternbildnamen, die Milchstra\u00dfe und \/ oder eine Ekliptik-Linie anwenden.<\/p>\r\n\r\n<p style=\"margin-top: 1rem\">Du kannst in deiner Beschreibung auch ein Symbol hinzuf\u00fcgen. Kopiere einfach eines der online verf\u00fcgbaren Symbole und f\u00fcge dieses ein.<\/p>\r\n\r\n<p style=\"margin-top: 1rem\">Jedes Mal, wenn du im Entwurfsprozess eine Auswahl triffst, kannst du die \u00c4nderungen in Echtzeit sehen. Wenn du mit deinen Ergebnissen zufrieden bist, klicke auf \u201cN\u00e4chster Schritt\u201d, um deine Personalisierungsdetails einzugeben.<\/p>\r\n\r\n<h3 class=\"grenB f18 cblue\" style=\"margin-top: 3rem\">Schritt zwei: Gebe deine Details ein<\/h3>\r\n\r\n<p style=\"margin-top: 1rem\">Gebe den Ort deines magischen Moments ein und beobachte, wie sich dein Sternenhimmel Poster verwandelt! Dies liegt daran, dass unser Sternenkarten-Editor anhand realer Daten bestimmt, wie der Himmel von einem bestimmten Ort deiner Wahl aus aussieht.<\/p>\r\n\r\n<p style=\"margin-top: 1rem\">Gebe wichtige Details wie Uhrzeit und Datum an. F\u00fcge deinem Poster eine benutzerdefinierte Nachricht hinzu, um den Anlass noch mehr zu w\u00fcrdigen. Wir bieten zwei Textzeilen (Haupt- und Untertitel) an, die beide in einer Standard- oder Skriptschrift gedruckt werden k\u00f6nnen.<\/p>\r\n\r\n<p style=\"margin-top: 1rem\">Wenn du deine Daten eingegeben hast, klicke auf \u201cN\u00e4chster Schritt\u201d, um die Erstellung deiner Sternenkarte abzuschlie\u00dfen.<\/p>\r\n\r\n<h3 class=\"grenB f18 cblue\" style=\"margin-top: 3rem\">Schritt drei: W\u00e4hle ein Format<\/h3>\r\n\r\n<p style=\"margin-top: 1rem\">Du kannst bei einem physischen Hardcopy-Druck zwischen drei Standardgr\u00f6\u00dfen w\u00e4hlen. Die Standardauswahl ist ein Ausdruck in einer Gr\u00f6\u00dfe von 50 x 70 cm. Du kannst auch eine andere Gr\u00f6\u00dfe ausw\u00e4hlen, die sowohl in Zentimetern als auch in Zoll angezeigt wird.<\/p>\r\n\r\n<p style=\"margin-top: 1rem\">Du kannst ebenfalls auf den sofortigen digitalen Download klicken. Wenn dein Druck fertig ist, bekommst du einen Download-Link per E-Mail zugesendet.<\/p>\r\n\r\n<p style=\"margin-top: 1rem\">Dies ist der letzte Schritt, bevor du deine benutzerdefinierte Sternenkarte in den Warenkorb legst. Schlie\u00dfe von dort aus den Kaufvorgang ab, bezahle und mache dich f\u00fcr ein gro\u00dfes L\u00e4cheln bereit! Dann sind wir an der Reihe \u263a<\/p>\r\n\r\n<h2 class=\"grenB f24 cblue\" style=\"margin-top: 3rem\">Erstelle deine Sternenkarte noch heute!<\/h2>\r\n\r\n<p style=\"margin-top: 1rem\">Verwende unseren benutzerfreundlichen Sternenkarten-Editor und staune, wie einfach und lohnenswert es ist, jemanden mit einem Geschenk zu \u00fcberraschen, das er ein Leben lang sch\u00e4tzen wird!<\/p>","protected":false},"excerpt":{"rendered":"<ul class=\"check-list\">\n<li>F\u00fcge Planeten, Sternbilder und die Milchstra\u00dfe hinzu<\/li>\n<li>Passe dein Kunstwerk in 3 einfachen Schritten an<\/li>\n<li>F\u00fcge einen aussagekr\u00e4ftigen personalisierten Text hinzu<\/li>\n<li>Sieh das Ergebnis sofort \u2013 die interaktive Vorschau erm\u00f6glicht dir, jedes Detail direkt anzupassen<\/li>\n<\/ul>\n","protected":false},"featured_media":1220064,"template":"","meta":[],"product_brand":[],"product_cat":[15852,15117,8251,4799,4763,4764],"product_tag":[14819,15545,16442],"class_list":{"0":"post-209996","1":"product","2":"type-product","3":"status-publish","4":"has-post-thumbnail","6":"product_cat-shop-bestsellers-de-ch","7":"product_cat-bestsellers-menu-de-ch","8":"product_cat-digital-products-de-ch","9":"product_cat-bestsellers-de-ch-2","10":"product_cat-creators-de-ch-2","11":"product_cat-star-de-ch-2","12":"product_tag-creators-de-ch-2","13":"product_tag-nachthimmel","14":"product_tag-stern-de-ch","16":"first","17":"instock","18":"sale","19":"taxable","20":"shipping-taxable","21":"purchasable","22":"product-type-variable","23":"has-default-attributes"},"yoast_head":"<!-- This site is optimized with the Yoast SEO Premium plugin v27.2 (Yoast SEO v27.2) - https:\/\/yoast.com\/product\/yoast-seo-premium-wordpress\/ -->\n<title>Sternenhimmel Poster - Personalisierte Sternenkarte - Positive Prints<\/title>\n<meta name=\"description\" content=\"Erstelle ein personalisiertes Poster vom Sternenhimmel. Mit dem Sternenkarte-Editor kannst du ein einzigartiges Geschenk kreieren.\" \/>\n<meta name=\"robots\" content=\"index, follow, max-snippet:-1, max-image-preview:large, max-video-preview:-1\" \/>\n<link rel=\"canonical\" href=\"https:\/\/positiveprints.com\/de-ch\/produkt\/sternenhimmel-poster\/\" \/>\n<meta property=\"og:locale\" content=\"de_DE\" \/>\n<meta property=\"og:type\" content=\"article\" \/>\n<meta property=\"og:title\" content=\"Sternenhimmel Poster\" \/>\n<meta property=\"og:description\" content=\"F\u00fcge Planeten, Sternbilder und die Milchstra\u00dfe hinzu    Passe dein Kunstwerk in 3 einfachen Schritten an    F\u00fcge einen aussagekr\u00e4ftigen personalisierten Text hinzu    Sieh das Ergebnis sofort \u2013 die interaktive Vorschau erm\u00f6glicht dir, jedes Detail direkt anzupassen\" \/>\n<meta property=\"og:url\" content=\"https:\/\/positiveprints.com\/de-ch\/produkt\/sternenhimmel-poster\/\" \/>\n<meta property=\"og:site_name\" content=\"Positive Prints\" \/>\n<meta property=\"article:publisher\" content=\"https:\/\/www.facebook.com\/positiveprintscom\" \/>\n<meta property=\"article:modified_time\" content=\"2026-04-18T08:14:45+00:00\" \/>\n<meta property=\"og:image\" content=\"https:\/\/positiveprints.com\/wp-content\/uploads\/2024\/10\/Packshot_DE_custom-star-map-product-image.webp\" \/>\n\t<meta property=\"og:image:width\" content=\"1450\" \/>\n\t<meta property=\"og:image:height\" content=\"1450\" \/>\n\t<meta property=\"og:image:type\" content=\"image\/webp\" \/>\n<meta name=\"twitter:card\" content=\"summary_large_image\" \/>\n<meta name=\"twitter:label1\" content=\"Gesch\u00e4tzte Lesezeit\" \/>\n\t<meta name=\"twitter:data1\" content=\"5\u00a0Minuten\" \/>\n<!-- \/ Yoast SEO Premium plugin. -->","yoast_head_json":{"title":"Sternenhimmel Poster - Personalisierte Sternenkarte - Positive Prints","description":"Erstelle ein personalisiertes Poster vom Sternenhimmel. Mit dem Sternenkarte-Editor kannst du ein einzigartiges Geschenk kreieren.","robots":{"index":"index","follow":"follow","max-snippet":"max-snippet:-1","max-image-preview":"max-image-preview:large","max-video-preview":"max-video-preview:-1"},"canonical":"https:\/\/positiveprints.com\/de-ch\/produkt\/sternenhimmel-poster\/","og_locale":"de_DE","og_type":"article","og_title":"Sternenhimmel Poster","og_description":"F\u00fcge Planeten, Sternbilder und die Milchstra\u00dfe hinzu    Passe dein Kunstwerk in 3 einfachen Schritten an    F\u00fcge einen aussagekr\u00e4ftigen personalisierten Text hinzu    Sieh das Ergebnis sofort \u2013 die interaktive Vorschau erm\u00f6glicht dir, jedes Detail direkt anzupassen","og_url":"https:\/\/positiveprints.com\/de-ch\/produkt\/sternenhimmel-poster\/","og_site_name":"Positive Prints","article_publisher":"https:\/\/www.facebook.com\/positiveprintscom","article_modified_time":"2026-04-18T08:14:45+00:00","og_image":[{"width":1450,"height":1450,"url":"https:\/\/positiveprints.com\/wp-content\/uploads\/2024\/10\/Packshot_DE_custom-star-map-product-image.webp","type":"image\/webp"}],"twitter_card":"summary_large_image","twitter_misc":{"Gesch\u00e4tzte Lesezeit":"5\u00a0Minuten"},"schema":{"@context":"https:\/\/schema.org","@graph":[{"@type":["WebPage","ItemPage"],"@id":"https:\/\/positiveprints.com\/de-ch\/produkt\/sternenhimmel-poster\/","url":"https:\/\/positiveprints.com\/de-ch\/produkt\/sternenhimmel-poster\/","name":"Sternenhimmel Poster - Personalisierte Sternenkarte - Positive Prints","isPartOf":{"@id":"https:\/\/positiveprints.com\/de-ch\/#website"},"primaryImageOfPage":{"@id":"https:\/\/positiveprints.com\/de-ch\/produkt\/sternenhimmel-poster\/#primaryimage"},"image":{"@id":"https:\/\/positiveprints.com\/de-ch\/produkt\/sternenhimmel-poster\/#primaryimage"},"thumbnailUrl":"https:\/\/positiveprints.com\/wp-content\/uploads\/2024\/10\/Packshot_DE_custom-star-map-product-image.webp","datePublished":"2020-07-13T22:04:52+00:00","dateModified":"2026-04-18T08:14:45+00:00","description":"Erstelle ein personalisiertes Poster vom Sternenhimmel. Mit dem Sternenkarte-Editor kannst du ein einzigartiges Geschenk kreieren.","breadcrumb":{"@id":"https:\/\/positiveprints.com\/de-ch\/produkt\/sternenhimmel-poster\/#breadcrumb"},"inLanguage":"de-CH","potentialAction":[{"@type":"ReadAction","target":["https:\/\/positiveprints.com\/de-ch\/produkt\/sternenhimmel-poster\/"]}]},{"@type":"ImageObject","inLanguage":"de-CH","@id":"https:\/\/positiveprints.com\/de-ch\/produkt\/sternenhimmel-poster\/#primaryimage","url":"https:\/\/positiveprints.com\/wp-content\/uploads\/2024\/10\/Packshot_DE_custom-star-map-product-image.webp","contentUrl":"https:\/\/positiveprints.com\/wp-content\/uploads\/2024\/10\/Packshot_DE_custom-star-map-product-image.webp","width":1450,"height":1450},{"@type":"BreadcrumbList","@id":"https:\/\/positiveprints.com\/de-ch\/produkt\/sternenhimmel-poster\/#breadcrumb","itemListElement":[{"@type":"ListItem","position":1,"name":"Home","item":"https:\/\/positiveprints.com\/de-ch\/"},{"@type":"ListItem","position":2,"name":"Produkte","item":"https:\/\/positiveprints.com\/de-ch\/shop\/"},{"@type":"ListItem","position":3,"name":"Sternenhimmel Poster"}]},{"@type":"WebSite","@id":"https:\/\/positiveprints.com\/de-ch\/#website","url":"https:\/\/positiveprints.com\/de-ch\/","name":"Positive Prints","description":"Amazing Custom Personalized Gifts","publisher":{"@id":"https:\/\/positiveprints.com\/de-ch\/#organization"},"potentialAction":[{"@type":"SearchAction","target":{"@type":"EntryPoint","urlTemplate":"https:\/\/positiveprints.com\/de-ch\/?s={search_term_string}"},"query-input":{"@type":"PropertyValueSpecification","valueRequired":true,"valueName":"search_term_string"}}],"inLanguage":"de-CH"},{"@type":"Organization","@id":"https:\/\/positiveprints.com\/de-ch\/#organization","name":"Positive Prints","alternateName":"Positive Prints","url":"https:\/\/positiveprints.com\/de-ch\/","logo":{"@type":"ImageObject","inLanguage":"de-CH","@id":"https:\/\/positiveprints.com\/de-ch\/#\/schema\/logo\/image\/","url":"https:\/\/positiveprints.com\/wp-content\/uploads\/2026\/03\/245815646_1337939713319158_5671353136411139666_n.png","contentUrl":"https:\/\/positiveprints.com\/wp-content\/uploads\/2026\/03\/245815646_1337939713319158_5671353136411139666_n.png","width":800,"height":800,"caption":"Positive Prints"},"image":{"@id":"https:\/\/positiveprints.com\/de-ch\/#\/schema\/logo\/image\/"},"sameAs":["https:\/\/www.facebook.com\/positiveprintscom","https:\/\/www.instagram.com\/positiveprintscom\/","https:\/\/www.tiktok.com\/@positiveprintscom","https:\/\/www.pinterest.com\/positiveprintscom\/"]}]}},"jetpack_sharing_enabled":true,"_links":{"self":[{"href":"https:\/\/positiveprints.com\/de-ch\/wp-json\/wp\/v2\/product\/209996","targetHints":{"allow":["GET"]}}],"collection":[{"href":"https:\/\/positiveprints.com\/de-ch\/wp-json\/wp\/v2\/product"}],"about":[{"href":"https:\/\/positiveprints.com\/de-ch\/wp-json\/wp\/v2\/types\/product"}],"wp:featuredmedia":[{"embeddable":true,"href":"https:\/\/positiveprints.com\/de-ch\/wp-json\/wp\/v2\/media\/1220064"}],"wp:attachment":[{"href":"https:\/\/positiveprints.com\/de-ch\/wp-json\/wp\/v2\/media?parent=209996"}],"wp:term":[{"taxonomy":"product_brand","embeddable":true,"href":"https:\/\/positiveprints.com\/de-ch\/wp-json\/wp\/v2\/product_brand?post=209996"},{"taxonomy":"product_cat","embeddable":true,"href":"https:\/\/positiveprints.com\/de-ch\/wp-json\/wp\/v2\/product_cat?post=209996"},{"taxonomy":"product_tag","embeddable":true,"href":"https:\/\/positiveprints.com\/de-ch\/wp-json\/wp\/v2\/product_tag?post=209996"}],"curies":[{"name":"wp","href":"https:\/\/api.w.org\/{rel}","templated":true}]}}