{"id":209943,"date":"2021-09-06T13:05:07","date_gmt":"2021-09-06T12:05:07","guid":{"rendered":"https:\/\/positiveprints.com\/product\/hallo-willst-du-ja-ich-will\/"},"modified":"2026-04-18T08:04:51","modified_gmt":"2026-04-18T07:04:51","slug":"hallo-willst-du-ich-will","status":"publish","type":"product","link":"https:\/\/positiveprints.com\/de-ch\/produkt\/hallo-willst-du-ich-will\/","title":{"rendered":"Hallo. Willst Du? Ja, Ich Will!"},"content":{"rendered":"<p>Das beste Hochzeitsgeschenk ist eines, das das Herz anspricht und dich daran erinnert, wie besonders es ist, deinen Seelenverwandten gefunden zu haben. Feiere die Momente, die euch hierher gebracht haben, mit einer \u201eJa, ich will\u201c-Karte.<\/p>\r\n\r\n<h2 class=\"grenB f24 cblue\" style=\"margin-top: 3rem\">Was ist eine \u201cJa, ich will\u201c-Karte?<\/h2>\r\n\r\n<p style=\"margin-top: 1rem\">Ihr habt euch zum ersten Mal kennengelernt und euer Leben war nie mehr dasselbe. Dann habt ihr entschieden, dass ihr einfach nicht ohne einander leben k\u00f6nnt. Und dann, nach Wochen, Monaten oder sogar Jahren der Planung, seid ihr endlich den Gang entlang gegangen und habt Ja gesagt.<\/p>\r\n\r\n<p style=\"margin-top: 1rem\">Jeder dieser sch\u00f6nen Meilensteine hatte seine eigene Zeit und seinen eigenen Ort. Egal wo oder wann die Magie geschah, eine \u201eJa, ich will\u201c-Karte hilft euch dabei, diese geliebten Ereignisse festzuhalten und ein Leben lang zu genie\u00dfen.\r\n<\/p>\r\n\r\n<p style=\"margin-top: 1rem\">Jede Karte ist eigentlich eine Reihe von drei separaten Karten: eine, die den Ort eures ersten Dates oder den Ort, <a href=\"https:\/\/positiveprints.com\/de-ch\/produkt\/wo-alles-begann-karte\/\">an dem ihr euch zum ersten Mal getroffen habt<\/a>, hervorhebt; eine, die den Ort eurer Hochzeit zeigt. Jeder dieser Orte wird f\u00fcr immer einen besonderen Platz in eurem Herzen einnehmen, und es gibt keinen besseren Weg, um Tribut zu zollen, als eure Erinnerungen in ein wundersch\u00f6nes St\u00fcck Kartenkunst zu verwandeln.<\/p>\r\n\r\n<h2 class=\"grenB f24 cblue\" style=\"margin-top: 3rem\">So machst du ein individuelles Hochzeitsgeschenk<\/h2>\r\n\r\n<p style=\"margin-top: 1rem\">Eine \u201eJa, ich will\u201c-Karte ist ein beliebtes Hochzeitsgeschenk f\u00fcr Paare. Kreiere deine mit unseren vielen Tools &#8211; Positive Prints macht es m\u00f6glich, ein individuelles Geschenk zu erstellen.<\/p>\r\n\r\n<h3 class=\"grenB f18 cblue\" style=\"margin-top: 3rem\">Schritt 1: W\u00e4hlen dein Design aus<\/h3>\r\n\r\n<p style=\"margin-top: 1rem\">Jede unserer \u201eJa, ich will\u201c-Karte ist in mehreren Designoptionen erh\u00e4ltlich, einschlie\u00dflich verschiedener Kartenformen und Farbschemata. W\u00e4hle diejenige aus, die eure Liebesgeschichte am besten erz\u00e4hlt.<\/p>\r\n\r\n<h3 class=\"grenB f18 cblue\" style=\"margin-top: 3rem\">Schritt 2: Lege Wert auf feine Details<\/h3>\r\n\r\n<p style=\"margin-top: 1rem\">Um deine Karte wirklich individuell zu gestalten, kannst duTextzeilen (z. B. einen Liedtext, ein Zitat oder einen Lieblingsspruch) sowie den Ort f\u00fcr jeden deiner entscheidenden Momente hinzuf\u00fcgen. F\u00fcge eine Kartenmarkierung hinzu und lasse den besonderen Ort erstrahlen!<\/p>\r\n\r\n<h3 class=\"grenB f18 cblue\" style=\"margin-top: 3rem\">Schritt 3: W\u00e4hle deine Liefermethode<\/h3>\r\n\r\n<p style=\"margin-top: 1rem\">Positive Prints bietet mehrere M\u00f6glichkeiten, deine Karte zu liefern. Genie\u00dfe schnellen weltweiten Versand f\u00fcr alle unsere gedruckten Drucke, einschlie\u00dflich Poster, gerahmte Poster und Leinwand. W\u00e4hle f\u00fcr eine schnellere Bearbeitung die Option \u201eDigitaler Download\u201c und lasse deine Karte lokal drucken. Alle unsere Gr\u00f6\u00dfen sind Standardgr\u00f6\u00dfen, damit du dein Kartengeschenk leicht einrahmen kannst.<\/p>\r\n\r\n<h2 class=\"grenB f24 cblue\" style=\"margin-top: 3rem\">M\u00f6glichkeiten, meine \u201eJa, ich will\u201c-Karte vorab zu sehen?<\/h2>\r\n\r\n<p style=\"margin-top: 1rem\">Viele unserer Kunden verwenden ihre \u201eJa, ich will\u201c-Karte zum Verschenken und wollen diese auch schon vorher sehen. Da kannst du auch \u2013 und unser Sofortvorschau. Passe sie an &#038; spiele mit den Tools rum. Teile eure Geschichte.<\/p>\r\n\r\n<h2 class=\"grenB f24 cblue\" style=\"margin-top: 3rem\">Erstelle noch heute deinen benutzerdefinierten Kartendruck!<\/h2>\r\n\r\n<p style=\"margin-top: 1rem\">Bist du bereit, deine Karte zu erstellen? Positive Prints macht es einfach! Lege noch heute los und \u00fcberrasche deine Liebsten mit einer \u201eJa, ich will\u201c-Karte, die nur f\u00fcr sie gemacht wurde!<\/p>","protected":false},"excerpt":{"rendered":"<ul class=\"check-list\">\n<li>Markiere genaue Adressen mit einem ausgew\u00e4hlten Symbol<\/li>\n<li>Passe dein Kunstwerk in 3 einfachen Schritten an<\/li>\n<li>F\u00fcge einen aussagekr\u00e4ftigen personalisierten Text hinzu<\/li>\n<li>Sieh das Ergebnis sofort \u2013 die interaktive Vorschau erm\u00f6glicht dir, jedes Detail direkt anzupassen<\/li>\n<\/ul>\n","protected":false},"featured_media":1240720,"template":"","meta":[],"product_brand":[],"product_cat":[15852,9282,8199,8203,9768,5336,11171,11165,11168,5309,7935,5275,11351,11353,11371,11357,8015,7648,7695,7759,7807,7227,5320,11235,11238],"product_tag":[15737,15739,15749,15744,15516,8487],"class_list":{"0":"post-209943","1":"product","2":"type-product","3":"status-publish","4":"has-post-thumbnail","6":"product_cat-shop-bestsellers-de-ch","7":"product_cat-bestsellers-label-ch","8":"product_cat-fur-sie-de-ch","9":"product_cat-fur-ihn","10":"product_cat-trending-label-de-ch","11":"product_cat-jubilaumsgeschenke-de-ch","12":"product_cat-jahrestag-geschenk-fur-paare-de-ch","13":"product_cat-jahrestag-geschenke-fur-sie-de-ch","14":"product_cat-jahrestag-geschenk-fur-ihn-de-ch","15":"product_cat-hochzeitsgeschenke-de-ch","16":"product_cat-brautduschen-geschenke-de-ch","17":"product_cat-weihnachtsgeschenke-de-ch","18":"product_cat-weihnachtsgeschenke-fur-frauen-de-ch","19":"product_cat-weihnachtsgeschenke-fur-manner-de-ch","20":"product_cat-weihnachtsgeschenke-fur-die-frau-de-ch","21":"product_cat-weihnachtsgeschenke-fur-den-ehemann-de-ch","22":"product_cat-geschenke-fur-manner-de-ch","23":"product_cat-geschenke-fur-deinen-ehemann","24":"product_cat-geschenke-fur-wichtige-frauen-in-deinem-leben-de-ch","25":"product_cat-geschenke-fur-deine-ehefrau-de-ch","26":"product_cat-geschenke-fur-paare-de-ch","27":"product_cat-triple-maps-de-ch","28":"product_cat-geschenke-zum-valentinstag-de-ch","29":"product_cat-valentinstagsgeschenke-fur-frauen-de-ch","30":"product_cat-valentinstagsgeschenke-fur-manner-de-ch","31":"product_tag-regali-di-natale-per-il-marito-de-ch","32":"product_tag-regali-di-natale-per-la-moglie-de-ch","33":"product_tag-regali-di-natale-per-lei-de-ch","34":"product_tag-regali-di-natale-per-lui-de-ch","35":"product_tag-unsere-liebesgeschichte","36":"product_tag-wedding-de-ch","38":"first","39":"instock","40":"sale","41":"taxable","42":"shipping-taxable","43":"purchasable","44":"product-type-variable"},"yoast_head":"<!-- This site is optimized with the Yoast SEO Premium plugin v27.2 (Yoast SEO v27.2) - https:\/\/yoast.com\/product\/yoast-seo-premium-wordpress\/ -->\n<title>Hallo. Willst Du? Ja, Ich Will! - Positive Prints<\/title>\n<meta name=\"description\" content=\"Das beste Hochzeitsgeschenk ist eines, das das Herz anspricht und dich daran erinnert, wie besonders es ist, deinen Seelenverwandten gefunden zu haben. Feiere die Momente, die euch hierher gebracht haben, mit einer \u201eJa, ich will\u201c-Karte.\" \/>\n<meta name=\"robots\" content=\"index, follow, max-snippet:-1, max-image-preview:large, max-video-preview:-1\" \/>\n<link rel=\"canonical\" href=\"https:\/\/positiveprints.com\/de-ch\/produkt\/hallo-willst-du-ich-will\/\" \/>\n<meta property=\"og:locale\" content=\"de_DE\" \/>\n<meta property=\"og:type\" content=\"article\" \/>\n<meta property=\"og:title\" content=\"Hallo. Willst Du? Ja, Ich Will!\" \/>\n<meta property=\"og:description\" content=\"Markiere genaue Adressen mit einem ausgew\u00e4hlten Symbol Passe dein Kunstwerk in 3 einfachen Schritten an F\u00fcge einen aussagekr\u00e4ftigen personalisierten Text hinzu Sieh das Ergebnis sofort \u2013 die interaktive Vorschau erm\u00f6glicht dir, jedes Detail direkt anzupassen\" \/>\n<meta property=\"og:url\" content=\"https:\/\/positiveprints.com\/de-ch\/produkt\/hallo-willst-du-ich-will\/\" \/>\n<meta property=\"og:site_name\" content=\"Positive Prints\" \/>\n<meta property=\"article:publisher\" content=\"https:\/\/www.facebook.com\/positiveprintscom\" \/>\n<meta property=\"article:modified_time\" content=\"2026-04-18T07:04:51+00:00\" \/>\n<meta property=\"og:image\" content=\"https:\/\/positiveprints.com\/wp-content\/uploads\/2024\/10\/Packshot_DE_Hello-WIll-you-I-do-product-image.webp\" \/>\n\t<meta property=\"og:image:width\" content=\"1450\" \/>\n\t<meta property=\"og:image:height\" content=\"1450\" \/>\n\t<meta property=\"og:image:type\" content=\"image\/webp\" \/>\n<meta name=\"twitter:card\" content=\"summary_large_image\" \/>\n<meta name=\"twitter:label1\" content=\"Gesch\u00e4tzte Lesezeit\" \/>\n\t<meta name=\"twitter:data1\" content=\"3\u00a0Minuten\" \/>\n<!-- \/ Yoast SEO Premium plugin. -->","yoast_head_json":{"title":"Hallo. Willst Du? Ja, Ich Will! - Positive Prints","description":"Das beste Hochzeitsgeschenk ist eines, das das Herz anspricht und dich daran erinnert, wie besonders es ist, deinen Seelenverwandten gefunden zu haben. Feiere die Momente, die euch hierher gebracht haben, mit einer \u201eJa, ich will\u201c-Karte.","robots":{"index":"index","follow":"follow","max-snippet":"max-snippet:-1","max-image-preview":"max-image-preview:large","max-video-preview":"max-video-preview:-1"},"canonical":"https:\/\/positiveprints.com\/de-ch\/produkt\/hallo-willst-du-ich-will\/","og_locale":"de_DE","og_type":"article","og_title":"Hallo. Willst Du? Ja, Ich Will!","og_description":"Markiere genaue Adressen mit einem ausgew\u00e4hlten Symbol Passe dein Kunstwerk in 3 einfachen Schritten an F\u00fcge einen aussagekr\u00e4ftigen personalisierten Text hinzu Sieh das Ergebnis sofort \u2013 die interaktive Vorschau erm\u00f6glicht dir, jedes Detail direkt anzupassen","og_url":"https:\/\/positiveprints.com\/de-ch\/produkt\/hallo-willst-du-ich-will\/","og_site_name":"Positive Prints","article_publisher":"https:\/\/www.facebook.com\/positiveprintscom","article_modified_time":"2026-04-18T07:04:51+00:00","og_image":[{"width":1450,"height":1450,"url":"https:\/\/positiveprints.com\/wp-content\/uploads\/2024\/10\/Packshot_DE_Hello-WIll-you-I-do-product-image.webp","type":"image\/webp"}],"twitter_card":"summary_large_image","twitter_misc":{"Gesch\u00e4tzte Lesezeit":"3\u00a0Minuten"},"schema":{"@context":"https:\/\/schema.org","@graph":[{"@type":["WebPage","ItemPage"],"@id":"https:\/\/positiveprints.com\/de-ch\/produkt\/hallo-willst-du-ich-will\/","url":"https:\/\/positiveprints.com\/de-ch\/produkt\/hallo-willst-du-ich-will\/","name":"Hallo. Willst Du? Ja, Ich Will! - Positive Prints","isPartOf":{"@id":"https:\/\/positiveprints.com\/de-ch\/#website"},"primaryImageOfPage":{"@id":"https:\/\/positiveprints.com\/de-ch\/produkt\/hallo-willst-du-ich-will\/#primaryimage"},"image":{"@id":"https:\/\/positiveprints.com\/de-ch\/produkt\/hallo-willst-du-ich-will\/#primaryimage"},"thumbnailUrl":"https:\/\/positiveprints.com\/wp-content\/uploads\/2024\/10\/Packshot_DE_Hello-WIll-you-I-do-product-image.webp","datePublished":"2021-09-06T12:05:07+00:00","dateModified":"2026-04-18T07:04:51+00:00","description":"Das beste Hochzeitsgeschenk ist eines, das das Herz anspricht und dich daran erinnert, wie besonders es ist, deinen Seelenverwandten gefunden zu haben. Feiere die Momente, die euch hierher gebracht haben, mit einer \u201eJa, ich will\u201c-Karte.","breadcrumb":{"@id":"https:\/\/positiveprints.com\/de-ch\/produkt\/hallo-willst-du-ich-will\/#breadcrumb"},"inLanguage":"de-CH","potentialAction":[{"@type":"ReadAction","target":["https:\/\/positiveprints.com\/de-ch\/produkt\/hallo-willst-du-ich-will\/"]}]},{"@type":"ImageObject","inLanguage":"de-CH","@id":"https:\/\/positiveprints.com\/de-ch\/produkt\/hallo-willst-du-ich-will\/#primaryimage","url":"https:\/\/positiveprints.com\/wp-content\/uploads\/2024\/10\/Packshot_DE_Hello-WIll-you-I-do-product-image.webp","contentUrl":"https:\/\/positiveprints.com\/wp-content\/uploads\/2024\/10\/Packshot_DE_Hello-WIll-you-I-do-product-image.webp","width":1450,"height":1450},{"@type":"BreadcrumbList","@id":"https:\/\/positiveprints.com\/de-ch\/produkt\/hallo-willst-du-ich-will\/#breadcrumb","itemListElement":[{"@type":"ListItem","position":1,"name":"Home","item":"https:\/\/positiveprints.com\/de-ch\/"},{"@type":"ListItem","position":2,"name":"Produkte","item":"https:\/\/positiveprints.com\/de-ch\/shop\/"},{"@type":"ListItem","position":3,"name":"Hallo. Willst Du? Ja, Ich Will!"}]},{"@type":"WebSite","@id":"https:\/\/positiveprints.com\/de-ch\/#website","url":"https:\/\/positiveprints.com\/de-ch\/","name":"Positive Prints","description":"Amazing Custom Personalized Gifts","publisher":{"@id":"https:\/\/positiveprints.com\/de-ch\/#organization"},"potentialAction":[{"@type":"SearchAction","target":{"@type":"EntryPoint","urlTemplate":"https:\/\/positiveprints.com\/de-ch\/?s={search_term_string}"},"query-input":{"@type":"PropertyValueSpecification","valueRequired":true,"valueName":"search_term_string"}}],"inLanguage":"de-CH"},{"@type":"Organization","@id":"https:\/\/positiveprints.com\/de-ch\/#organization","name":"Positive Prints","alternateName":"Positive Prints","url":"https:\/\/positiveprints.com\/de-ch\/","logo":{"@type":"ImageObject","inLanguage":"de-CH","@id":"https:\/\/positiveprints.com\/de-ch\/#\/schema\/logo\/image\/","url":"https:\/\/positiveprints.com\/wp-content\/uploads\/2026\/03\/245815646_1337939713319158_5671353136411139666_n.png","contentUrl":"https:\/\/positiveprints.com\/wp-content\/uploads\/2026\/03\/245815646_1337939713319158_5671353136411139666_n.png","width":800,"height":800,"caption":"Positive Prints"},"image":{"@id":"https:\/\/positiveprints.com\/de-ch\/#\/schema\/logo\/image\/"},"sameAs":["https:\/\/www.facebook.com\/positiveprintscom","https:\/\/www.instagram.com\/positiveprintscom\/","https:\/\/www.tiktok.com\/@positiveprintscom","https:\/\/www.pinterest.com\/positiveprintscom\/"]}]}},"jetpack_sharing_enabled":true,"_links":{"self":[{"href":"https:\/\/positiveprints.com\/de-ch\/wp-json\/wp\/v2\/product\/209943","targetHints":{"allow":["GET"]}}],"collection":[{"href":"https:\/\/positiveprints.com\/de-ch\/wp-json\/wp\/v2\/product"}],"about":[{"href":"https:\/\/positiveprints.com\/de-ch\/wp-json\/wp\/v2\/types\/product"}],"wp:featuredmedia":[{"embeddable":true,"href":"https:\/\/positiveprints.com\/de-ch\/wp-json\/wp\/v2\/media\/1240720"}],"wp:attachment":[{"href":"https:\/\/positiveprints.com\/de-ch\/wp-json\/wp\/v2\/media?parent=209943"}],"wp:term":[{"taxonomy":"product_brand","embeddable":true,"href":"https:\/\/positiveprints.com\/de-ch\/wp-json\/wp\/v2\/product_brand?post=209943"},{"taxonomy":"product_cat","embeddable":true,"href":"https:\/\/positiveprints.com\/de-ch\/wp-json\/wp\/v2\/product_cat?post=209943"},{"taxonomy":"product_tag","embeddable":true,"href":"https:\/\/positiveprints.com\/de-ch\/wp-json\/wp\/v2\/product_tag?post=209943"}],"curies":[{"name":"wp","href":"https:\/\/api.w.org\/{rel}","templated":true}]}}