{"id":165606,"date":"2021-07-05T12:33:17","date_gmt":"2021-07-05T11:33:17","guid":{"rendered":"https:\/\/positiveprints.com\/product\/unser-erstes-zuhause\/"},"modified":"2026-04-18T08:41:50","modified_gmt":"2026-04-18T07:41:50","slug":"unser-erstes-zuhause","status":"publish","type":"product","link":"https:\/\/positiveprints.com\/de-ch\/produkt\/unser-erstes-zuhause\/","title":{"rendered":"Unser erstes Zuhause"},"content":{"rendered":"<p>Zuhause ist, wo das Herz ist, und es gibt keinen besseren Weg, die Erinnerung an dein erstes Zuhause oder als Paar zu bewahren, als mit einer individuellen \u201eUNSER ERSTES ZUHAUSE-Karte\u201c<\/p>\r\n\r\n<h2 class=\"grenB f24 cblue\" style=\"margin-top: 3rem\">Was ist unsere \u201eUnser erstes Zuhause-Karte\u201c?<\/h2>\r\n\r\n<p style=\"margin-top: 1rem\">Jede Karte erz\u00e4hlt eine Geschichte. Wenn es um eine \u201eUnser erstes Zuhause-Karte\u201c geht, ist diese Geschichte eine einzigartige. Die Karte zeigt den genauen Standort des Hauses, an dem du und dein Partner eure gemeinsame Lebensreise begonnen habt. <\/p>\r\n\r\n<p style=\"margin-top: 1rem\">Das Leben, wie wir es kennen, ist arbeitsreich und wir passieren viele Meilensteine auf dem Weg. F\u00fcr die meisten Menschen sticht das erste Mal heraus, dass sie ein Haus gekauft haben oder das erste Haus, das sie mit ihrem geliebten Menschen teilten. F\u00fcr viele ist dies auch der Ort, an dem sie eine Familie gr\u00fcnden. Es ist ein Ort, an dem Erinnerungen wachsen und wo auch viele der Premieren des Lebens stattfinden. <\/p>\r\n\r\n<p style=\"margin-top: 1rem\">Aus diesen Gr\u00fcnden ist die Wahl einer \u201eUnser erstes Zuhause-Karte\u201c eine einfache Entscheidung. Es ist zu gleichen Teilen Kunstwerk und Nostalgie und erweckt jedes Mal deine sch\u00f6nsten Erinnerungen. <\/p>\r\n\r\n<h2 class=\"grenB f24 cblue\" style=\"margin-top: 3rem\">Kann ich \u201eUnser erstes Zuhause-Karte\u201c anpassen?<\/h2>\r\n\r\n<p style=\"margin-top: 1rem\">Der Einzug in dein erstes Eigenheim ist ein Erlebnis wie kein anderes. Vom Aussehen bis zum Standort ist alles an deinem neuen Zuhause einzigartig f\u00fcr dich. Deshalb ist auch unser Einweihungsgeschenk f\u00fcr das neue Zuhause einzigartig. Jedes Detail ist individuell auf dich zugeschnitten, von der Form und den Farben der Karte bis hin zum auf der Karte angezeigten Standort. <\/p>\r\n\r\n<p style=\"margin-top: 1rem\">Wir machen es dir leicht, dein Einweihungsgeschenk individuell zu gestalten. <\/p>\r\n\r\n<p style=\"margin-top: 1rem\"><em>Schritt 1:<\/em> W\u00e4hle dein <a href=\"https:\/\/positiveprints.com\/de-ch\/produkt\/stadtplan-poster\/\">benutzerdefiniertes Kartendesign<\/a> aus. Keine zwei \u201eUnser erstes Zuhause-Karte\u201c sind je gleich. Du hast viel freiraum dar\u00fcber, wie deine Karte aussieht, einschlie\u00dflich der Form der Karte und des Farbschemas. Wir haben mehrere voreingestellte Auswahlm\u00f6glichkeiten f\u00fcr dich, und du kannst in unserem Kartenersteller herumklicken, um deine \u00c4nderungen in Echtzeit zu sehen und die perfekte \u00c4sthetik zu erzielen.<\/p>\r\n\r\n<p style=\"margin-top: 1rem\"><em>Schritt 2:<\/em> Gebe die Details ein, die deine Karte zu etwas Besonderem machen. Ein Teil dessen, was ein Einweihungsgeschenk einzigartig macht, ist die M\u00fche, die du  in die feinen Details investierst. Wir machen es dir leicht, deine Karte mit benutzerdefinierten Textzeilen zu personalisieren. Du kannst beispielsweise die genaue Adresse des Hauses, das Datum deines Einzugs, die Stadt oder weitere Details angeben, die dir beim Erz\u00e4hlen deiner Geschichte helfen.<\/p>\r\n\r\n<p style=\"margin-top: 1rem\"><em>Schritt 3:<\/em> W\u00e4hle aus, wie deine Karte geliefert werden soll. Wir k\u00f6nnen deine <a href=\"https:\/\/positiveprints.com\/de-ch\/produkt\/stadtplan-poster\/\">individuelle Karte<\/a> hier im Positive Prints Studio auf feines Papier oder Leinwand drucken und an dich versenden. W\u00e4hle aus einer Vielzahl an Standardgr\u00f6\u00dfen, die sich perfekt zum Einrahmen eignen. Oder w\u00e4hle eine digitale Download-Option, wenn du deine Karte schnell ben\u00f6tigst. Du kannst es in deine lokalen Druckerei drucken lassen und nach deinem Zeitplan verschenken.<\/p>\r\n\r\n<h2 class=\"grenB f24 cblue\" style=\"margin-top: 3rem\">Die perfekte Einweihungsgeschenk<\/h2>\r\n\r\n<p style=\"margin-top: 1rem\">Viele unserer Kunden w\u00e4hlen eine \u201eUnser erstes Zuhause-Karte\u201c als einzigartige Geschenkidee f\u00fcr einen geliebten Menschen. Vielleicht m\u00f6chtest du ein frisch verheiratetes Paar \u00fcberraschen, wenn es seine Reise in ein neues Zuhause beginnt. Oder vielleicht zieht dein erwachsenes Kind zum ersten Mal aus dem Haus und in seine ganz eigene Wohnung. Ein erstes Zuhause ist ein Meilenstein f\u00fcr jeden in jedem Alter und sicherlich etwas zum Feiern und Erinnern. <\/p>\r\n\r\n<p style=\"margin-top: 1rem\">Unsere \u201eUnser erstes Zuhause-Karten\u201c eignen sich hervorragend als Geschenk f\u00fcr:<\/p>\r\n\r\n<ul>\r\n<li>Hochzeiten<\/li>\r\n<li>Einweihungsfeiern<\/li>\r\n<li>Jubil\u00e4en<\/li>\r\n<li>oder einfach so!<\/li>\r\n<\/ul>\r\n\r\n<p>Unsere \u201eUnser erstes Zuhause-Karten\u201c sind ein perfektes  Heimgeschenk, das der Beschenkte nie erwarten w\u00fcrde und du kannst stolz darauf sein werden, es an en W\u00e4nden zu pr\u00e4sentieren. Selbst wenn du dich entscheidest, von deinem allerersten Zuhause wegzuziehen, kannst du deine Kartengrafik stolz mitnehmen, um ein besonderes Kapitel in deiner Lebensgeschichte zu markieren.<\/p>\r\n\r\n<h2 class=\"grenB f24 cblue\" style=\"margin-top: 3rem\">Erstelle eine benutzerdefinierte \u201eUnser erstes Zuhause-Karte\u201c!<\/h2>\r\n\r\n<p style=\"margin-top: 1rem\"><a href=\"https:\/\/positiveprints.com\/de-ch\/produkt\/stadtplan-poster\/\">Benutzerdefinierte Karten<\/a> sind k\u00fcnstlerisch gestaltet, und Positive Prints hat es jedem leicht gemacht, eine Karte zu erstellen, die es wert ist, in einem Zuhause einzurahmen und anzuzeigen. Unser dreistufiger Kartenersteller f\u00fchrt dich Schritt f\u00fcr Schritt durch einen kurzen Anpassungsprozess, in dem du sehen kannst, wie deine Auswahl zum Leben erweckt wird. <\/p>\r\n\r\n<p style=\"margin-top: 1rem\">Du hast auch die Wahl zwischen einem digitalen Download, der zum sofortigen Drucken an dein Posteingang gesendet wird, oder \u00fcberlasse einfach uns den Druck! Wir bieten weltweiten Versand f\u00fcr alle unsere Drucke und verwenden nur das hochwertigste Papier, um eine makelloses Vollendung zu gew\u00e4hrleisten. Jeder Druck kommt an deine T\u00fcr so an: bereit zum Einrahmen und Verschenken.<\/p>\r\n\r\n\r\n<p style=\"margin-top: 1rem\">Fange an, dein Einweihungsgeschenk zu kreieren, das ein Leben lang h\u00e4lt! <\/p>\r\n\r\n<br><br>","protected":false},"excerpt":{"rendered":"<ul class=\"check-list\">\n<li>Markiere eine besondere Stelle mit einem ausgew\u00e4hlten Symbol<\/li>\n<li>Passe dein Kunstwerk in 3 einfachen Schritten an<\/li>\n<li>F\u00fcge einen aussagekr\u00e4ftigen personalisierten Text hinzu<\/li>\n<li>Sieh das Ergebnis sofort \u2013 die interaktive Vorschau erm\u00f6glicht dir, jedes Detail direkt anzupassen<\/li>\n<\/ul>\n","protected":false},"featured_media":1694676,"template":"","meta":[],"product_brand":[],"product_cat":[5298,8203,8015,7695,7199,9768],"product_tag":[9080],"class_list":{"0":"post-165606","1":"product","2":"type-product","3":"status-publish","4":"has-post-thumbnail","6":"product_cat-einzugsgeschenke-de-ch","7":"product_cat-fur-ihn","8":"product_cat-geschenke-fur-manner-de-ch","9":"product_cat-geschenke-fur-wichtige-frauen-in-deinem-leben-de-ch","10":"product_cat-map-de-ch","11":"product_cat-trending-label-de-ch","12":"product_tag-housewarming-de-ch-2","14":"first","15":"instock","16":"sale","17":"taxable","18":"shipping-taxable","19":"purchasable","20":"product-type-variable"},"yoast_head":"<!-- This site is optimized with the Yoast SEO Premium plugin v27.2 (Yoast SEO v27.2) - https:\/\/yoast.com\/product\/yoast-seo-premium-wordpress\/ -->\n<title>Unser erstes Zuhause - Positive Prints<\/title>\n<meta name=\"description\" content=\"Einzigartige Geschenke wie ein Unser erstes Zuhause werden ein Leben lang gesch\u00e4tzt. So erstellst du eine benutzerdefinierte Karte, die dein erstes Zuhause hervorhebt.\" \/>\n<meta name=\"robots\" content=\"index, follow, max-snippet:-1, max-image-preview:large, max-video-preview:-1\" \/>\n<link rel=\"canonical\" href=\"https:\/\/positiveprints.com\/de-ch\/produkt\/unser-erstes-zuhause\/\" \/>\n<meta property=\"og:locale\" content=\"de_DE\" \/>\n<meta property=\"og:type\" content=\"article\" \/>\n<meta property=\"og:title\" content=\"Unser erstes Zuhause\" \/>\n<meta property=\"og:description\" content=\"Markiere eine besondere Stelle mit einem ausgew\u00e4hlten Symbol    Passe dein Kunstwerk in 3 einfachen Schritten an    F\u00fcge einen aussagekr\u00e4ftigen personalisierten Text hinzu    Sieh das Ergebnis sofort \u2013 die interaktive Vorschau erm\u00f6glicht dir, jedes Detail direkt anzupassen\" \/>\n<meta property=\"og:url\" content=\"https:\/\/positiveprints.com\/de-ch\/produkt\/unser-erstes-zuhause\/\" \/>\n<meta property=\"og:site_name\" content=\"Positive Prints\" \/>\n<meta property=\"article:publisher\" content=\"https:\/\/www.facebook.com\/positiveprintscom\" \/>\n<meta property=\"article:modified_time\" content=\"2026-04-18T07:41:50+00:00\" \/>\n<meta property=\"og:image\" content=\"https:\/\/positiveprints.com\/wp-content\/uploads\/2024\/10\/Packshot_DE_our-first-home-map-product-image.webp\" \/>\n\t<meta property=\"og:image:width\" content=\"1450\" \/>\n\t<meta property=\"og:image:height\" content=\"1450\" \/>\n\t<meta property=\"og:image:type\" content=\"image\/webp\" \/>\n<meta name=\"twitter:card\" content=\"summary_large_image\" \/>\n<meta name=\"twitter:label1\" content=\"Gesch\u00e4tzte Lesezeit\" \/>\n\t<meta name=\"twitter:data1\" content=\"4\u00a0Minuten\" \/>\n<!-- \/ Yoast SEO Premium plugin. -->","yoast_head_json":{"title":"Unser erstes Zuhause - Positive Prints","description":"Einzigartige Geschenke wie ein Unser erstes Zuhause werden ein Leben lang gesch\u00e4tzt. So erstellst du eine benutzerdefinierte Karte, die dein erstes Zuhause hervorhebt.","robots":{"index":"index","follow":"follow","max-snippet":"max-snippet:-1","max-image-preview":"max-image-preview:large","max-video-preview":"max-video-preview:-1"},"canonical":"https:\/\/positiveprints.com\/de-ch\/produkt\/unser-erstes-zuhause\/","og_locale":"de_DE","og_type":"article","og_title":"Unser erstes Zuhause","og_description":"Markiere eine besondere Stelle mit einem ausgew\u00e4hlten Symbol    Passe dein Kunstwerk in 3 einfachen Schritten an    F\u00fcge einen aussagekr\u00e4ftigen personalisierten Text hinzu    Sieh das Ergebnis sofort \u2013 die interaktive Vorschau erm\u00f6glicht dir, jedes Detail direkt anzupassen","og_url":"https:\/\/positiveprints.com\/de-ch\/produkt\/unser-erstes-zuhause\/","og_site_name":"Positive Prints","article_publisher":"https:\/\/www.facebook.com\/positiveprintscom","article_modified_time":"2026-04-18T07:41:50+00:00","og_image":[{"width":1450,"height":1450,"url":"https:\/\/positiveprints.com\/wp-content\/uploads\/2024\/10\/Packshot_DE_our-first-home-map-product-image.webp","type":"image\/webp"}],"twitter_card":"summary_large_image","twitter_misc":{"Gesch\u00e4tzte Lesezeit":"4\u00a0Minuten"},"schema":{"@context":"https:\/\/schema.org","@graph":[{"@type":["WebPage","ItemPage"],"@id":"https:\/\/positiveprints.com\/de-ch\/produkt\/unser-erstes-zuhause\/","url":"https:\/\/positiveprints.com\/de-ch\/produkt\/unser-erstes-zuhause\/","name":"Unser erstes Zuhause - Positive Prints","isPartOf":{"@id":"https:\/\/positiveprints.com\/de-ch\/#website"},"primaryImageOfPage":{"@id":"https:\/\/positiveprints.com\/de-ch\/produkt\/unser-erstes-zuhause\/#primaryimage"},"image":{"@id":"https:\/\/positiveprints.com\/de-ch\/produkt\/unser-erstes-zuhause\/#primaryimage"},"thumbnailUrl":"https:\/\/positiveprints.com\/wp-content\/uploads\/2026\/04\/Packshot_DE_XX-Unser-erstes-Zuhause.webp","datePublished":"2021-07-05T11:33:17+00:00","dateModified":"2026-04-18T07:41:50+00:00","description":"Einzigartige Geschenke wie ein Unser erstes Zuhause werden ein Leben lang gesch\u00e4tzt. So erstellst du eine benutzerdefinierte Karte, die dein erstes Zuhause hervorhebt.","breadcrumb":{"@id":"https:\/\/positiveprints.com\/de-ch\/produkt\/unser-erstes-zuhause\/#breadcrumb"},"inLanguage":"de-CH","potentialAction":[{"@type":"ReadAction","target":["https:\/\/positiveprints.com\/de-ch\/produkt\/unser-erstes-zuhause\/"]}]},{"@type":"ImageObject","inLanguage":"de-CH","@id":"https:\/\/positiveprints.com\/de-ch\/produkt\/unser-erstes-zuhause\/#primaryimage","url":"https:\/\/positiveprints.com\/wp-content\/uploads\/2026\/04\/Packshot_DE_XX-Unser-erstes-Zuhause.webp","contentUrl":"https:\/\/positiveprints.com\/wp-content\/uploads\/2026\/04\/Packshot_DE_XX-Unser-erstes-Zuhause.webp","width":1450,"height":1450},{"@type":"BreadcrumbList","@id":"https:\/\/positiveprints.com\/de-ch\/produkt\/unser-erstes-zuhause\/#breadcrumb","itemListElement":[{"@type":"ListItem","position":1,"name":"Home","item":"https:\/\/positiveprints.com\/de-ch\/"},{"@type":"ListItem","position":2,"name":"Produkte","item":"https:\/\/positiveprints.com\/de-ch\/shop\/"},{"@type":"ListItem","position":3,"name":"Unser erstes Zuhause"}]},{"@type":"WebSite","@id":"https:\/\/positiveprints.com\/de-ch\/#website","url":"https:\/\/positiveprints.com\/de-ch\/","name":"Positive Prints","description":"Amazing Custom Personalized Gifts","publisher":{"@id":"https:\/\/positiveprints.com\/de-ch\/#organization"},"potentialAction":[{"@type":"SearchAction","target":{"@type":"EntryPoint","urlTemplate":"https:\/\/positiveprints.com\/de-ch\/?s={search_term_string}"},"query-input":{"@type":"PropertyValueSpecification","valueRequired":true,"valueName":"search_term_string"}}],"inLanguage":"de-CH"},{"@type":"Organization","@id":"https:\/\/positiveprints.com\/de-ch\/#organization","name":"Positive Prints","alternateName":"Positive Prints","url":"https:\/\/positiveprints.com\/de-ch\/","logo":{"@type":"ImageObject","inLanguage":"de-CH","@id":"https:\/\/positiveprints.com\/de-ch\/#\/schema\/logo\/image\/","url":"https:\/\/positiveprints.com\/wp-content\/uploads\/2026\/03\/245815646_1337939713319158_5671353136411139666_n.png","contentUrl":"https:\/\/positiveprints.com\/wp-content\/uploads\/2026\/03\/245815646_1337939713319158_5671353136411139666_n.png","width":800,"height":800,"caption":"Positive Prints"},"image":{"@id":"https:\/\/positiveprints.com\/de-ch\/#\/schema\/logo\/image\/"},"sameAs":["https:\/\/www.facebook.com\/positiveprintscom","https:\/\/www.instagram.com\/positiveprintscom\/","https:\/\/www.tiktok.com\/@positiveprintscom","https:\/\/www.pinterest.com\/positiveprintscom\/"]}]}},"jetpack_sharing_enabled":true,"_links":{"self":[{"href":"https:\/\/positiveprints.com\/de-ch\/wp-json\/wp\/v2\/product\/165606","targetHints":{"allow":["GET"]}}],"collection":[{"href":"https:\/\/positiveprints.com\/de-ch\/wp-json\/wp\/v2\/product"}],"about":[{"href":"https:\/\/positiveprints.com\/de-ch\/wp-json\/wp\/v2\/types\/product"}],"wp:featuredmedia":[{"embeddable":true,"href":"https:\/\/positiveprints.com\/de-ch\/wp-json\/wp\/v2\/media\/1694676"}],"wp:attachment":[{"href":"https:\/\/positiveprints.com\/de-ch\/wp-json\/wp\/v2\/media?parent=165606"}],"wp:term":[{"taxonomy":"product_brand","embeddable":true,"href":"https:\/\/positiveprints.com\/de-ch\/wp-json\/wp\/v2\/product_brand?post=165606"},{"taxonomy":"product_cat","embeddable":true,"href":"https:\/\/positiveprints.com\/de-ch\/wp-json\/wp\/v2\/product_cat?post=165606"},{"taxonomy":"product_tag","embeddable":true,"href":"https:\/\/positiveprints.com\/de-ch\/wp-json\/wp\/v2\/product_tag?post=165606"}],"curies":[{"name":"wp","href":"https:\/\/api.w.org\/{rel}","templated":true}]}}