{"id":165578,"date":"2021-09-06T13:15:13","date_gmt":"2021-09-06T12:15:13","guid":{"rendered":"https:\/\/positiveprints.com\/product\/ich-liebe-dich-bis-zum-mond-und-zuruck\/"},"modified":"2026-04-18T08:04:47","modified_gmt":"2026-04-18T07:04:47","slug":"ich-liebe-dich-bis-zum-mond-und-zuruck","status":"publish","type":"product","link":"https:\/\/positiveprints.com\/de-ch\/produkt\/ich-liebe-dich-bis-zum-mond-und-zuruck\/","title":{"rendered":"Ich liebe dich bis zum Mond und zur\u00fcck"},"content":{"rendered":"<p>Wenn jemand, den du liebst, vom Mond fasziniert ist, ist ein Mondphasen-Poster ein gesch\u00e4tztes Geschenk f\u00fcrs Leben, besonders wenn du es pers\u00f6nlich gestalten m\u00e4chtest.<\/p>\r\n\r\n\r\n<h2 class=\"grenB f24 cblue\" style=\"margin-top: 3rem\">Was ist ein \u201eIch liebe dich bis zum Mond und zur\u00fcck\u201c-Poster?<\/h2>\r\n\r\n<p style=\"margin-top: 1rem\">Mondliebhaber werden diesen Spruch schon oft geh\u00f6rt haben: Ich liebe dich bis zum Mond und zur\u00fcck. Es ist ein ber\u00fchrendes Gef\u00fchl, das zeigt, dass die Liebe einer Person wirklich keine Grenzen hat. Es muss nicht praktisch sein, auch wenn eine Reise zum Mond f\u00fcr den Durchschnittsmenschen v\u00f6llig unm\u00f6glich ist. Und eine solche Reise ist teuer, gef\u00e4hrlich und einfach unrealistisch \u2013 aber diese Dinge sind Kleinigkeiten, wenn es um die Liebe zu einem besonderen Menschen in Ihrem Leben geht.<\/p>\r\n\r\n<p style=\"margin-top: 1rem\">Ein \u201eIch liebe dich bis zum Mond und zur\u00fcck\u201c-Poster ist eine sch\u00f6ne M\u00f6glichkeit, diesen besonderen Satz einzufangen und mit jemandem zu teilen, den du liebst. Es ist eine beliebte Textzeile feeren benutzerdefinierten <a href=\"https:\/\/positiveprints.com\/de-ch\/produkt\/mond-poster\/\">Mondphasen-Postern<\/a>, die ein Datum und einen Ort deiner Wahl verwendest, um zu zeigen, wie der Mond in einem besonderen Moment aussah. Es k\u00f6nnte die Nacht sein, in der dein Sohn oder deine Tochter zur Welt gekommen ist, die Nacht, in der ihr geheiratet habt, oder sogar, als du die Uni abgeschlossen hast. Der Mond ist die Grenze!<\/p>\r\n\r\n<h2 class=\"grenB f24 cblue\" style=\"margin-top: 3rem\">Ich liebe dich bis zum Mond und zur\u00fcck \u2013 mit einer pers\u00f6nlichen Note<\/h2>\r\n\r\n<p style=\"margin-top: 1rem\">Individuelle Geschenke wie unser \u201eIch liebe dich bis zum Mond und zur\u00fcck\u201c-Poster sind etwas Besonderes, da jedes ein Unikat ist. Der Mond sieht von Nacht zu Nacht nie ganz gleich aus, und wir ber\u00fccksichtigen dein gew\u00fcnschtes Datum und den Ort deiner Wahl, wenn wir den Mond am Nachthimmel f\u00fcr dein Posterdruck nachbilden.<\/p>\r\n<p>Dar\u00fcber hinaus annst du deinem Geschenk weitere individuelle Textzeilen hinzuf\u00fcgen und es f\u00fcr deinen Empf\u00e4nger noch pers\u00f6nlicher gestalten. Dies kann ein Zitat, ein Datum, ein Liedtext, ein besonderer Spruch oder sogar ein Spitzname sein, den ihr f\u00fcreinander habt.<\/p>\r\n\r\n<h2 class=\"grenB f24 cblue\" style=\"margin-top: 3rem\">So erstellst du individuelles Mond-Kunstwerk<\/h2>\r\n\r\n<p style=\"margin-top: 1rem\">Positive Prints hat die meiste Arbeit f\u00fcr dich  bei der Erstellung von benutzerdefinierten Mondgrafiken erledigt. Folge unserem einfachen dreistufigen Prozess und verwandee deine Ideen in Kunst, die du lieben wirst:<\/p>\r\n\r\n<h3 class=\"grenB f18 cblue\" style=\"margin-top: 3rem\">Schritt 1: W\u00e4hle dein Design aus<\/h3>\r\n\r\n<p style=\"margin-top: 1rem\">Unsere K\u00fcnstler haben hart gearbeitet, um eine Reihe von Mondphasen-Posterdesigns vorzubereiten, die es dir leicht machen, individuelle Geschenke zu erstellen. W\u00e4hle aus mehreren sch\u00f6nen Hintergr\u00fcnden und Farbschemata, um die Pers\u00f6nlichkeit deines Empf\u00e4ngers widerzuspiegeln.<\/p>\r\n\r\n<h3 class=\"grenB f18 cblue\" style=\"margin-top: 3rem\">Schritt 2: Gebe die wichtigen Details ein<\/h3>\r\n\r\n<p style=\"margin-top: 1rem\">Du w\u00e4hlst Zeit und Ort, und wir stellen den Mond in dieser besonderen Nacht nach. Versch\u00f6nere deinen Posterdruck mit benutzerdefinierten Textzeilen wie \u201eIch liebe dich bis zum Mond und zur\u00fcck\u201c oder anderen au\u00dfergew\u00f6hnlichen Gef\u00fchlen.<\/p>\r\n\r\n<h3 class=\"grenB f18 cblue\" style=\"margin-top: 3rem\">Schritt 3: Lasse dein Kunstwerk liefern<\/h3>\r\n\r\n<p style=\"margin-top: 1rem\">Positive Prints bietet Versand f\u00fcr alle unsere gedruckten Poster sowie digitale Downloadoptionen zum sofortigen Drucken und Verschenken.<\/p>\r\n\r\n<h2 class=\"grenB f24 cblue\" style=\"margin-top: 3rem\">Passe \u201eIch liebe dich an den Mond\u201c-Poster an<\/h2>\r\n\r\n<p style=\"margin-top: 1rem\">Bringe den Nachthimmel f\u00fcr deine Liebsten ins Haus. Beginne noch heute mit einem \u201eIch liebe dich bis zum Mond und zur\u00fcck\u201c-Poster!<\/p>","protected":false},"excerpt":{"rendered":"<ul class=\"check-list\">\n<li>F\u00fcge den einzigartigen Schatten des Mondes hinzu<\/li>\n<li>Passe dein Kunstwerk in 3 einfachen Schritten an<\/li>\n<li>W\u00e4hle aus einer Vielzahl atemberaubender Designs<\/li>\n<li>Sieh das Ergebnis sofort \u2013 die interaktive Vorschau erm\u00f6glicht dir, jedes Detail direkt anzupassen<\/li>\n<\/ul>\n","protected":false},"featured_media":1459387,"template":"","meta":[],"product_brand":[],"product_cat":[7214,7967,5275,11366,8015,7695,7855],"product_tag":[8452],"class_list":{"0":"post-165578","1":"product","2":"type-product","3":"status-publish","4":"has-post-thumbnail","6":"product_cat-moon-de-ch","7":"product_cat-geschenke-fur-baby-shower-de-ch","8":"product_cat-weihnachtsgeschenke-de-ch","9":"product_cat-weihnachtsgeschenke-fur-die-eltern-de-ch","10":"product_cat-geschenke-fur-manner-de-ch","11":"product_cat-geschenke-fur-wichtige-frauen-in-deinem-leben-de-ch","12":"product_cat-geschenke-fur-deine-familie-de-ch","13":"product_tag-new-parents-de-ch","15":"first","16":"instock","17":"sale","18":"taxable","19":"shipping-taxable","20":"purchasable","21":"product-type-variable"},"yoast_head":"<!-- This site is optimized with the Yoast SEO Premium plugin v27.2 (Yoast SEO v27.2) - https:\/\/yoast.com\/product\/yoast-seo-premium-wordpress\/ -->\n<title>Ich liebe dich bis zum Mond und zur\u00fcck - Positive Prints<\/title>\n<meta name=\"description\" content=\"Wenn jemand, den du liebst, vom Mond fasziniert ist, ist ein Mondphasen-Poster ein gesch\u00e4tztes Geschenk f\u00fcrs Leben, besonders wenn du es pers\u00f6nlich gestalten m\u00e4chtest.\" \/>\n<meta name=\"robots\" content=\"index, follow, max-snippet:-1, max-image-preview:large, max-video-preview:-1\" \/>\n<link rel=\"canonical\" href=\"https:\/\/positiveprints.com\/de-ch\/produkt\/ich-liebe-dich-bis-zum-mond-und-zuruck\/\" \/>\n<meta property=\"og:locale\" content=\"de_DE\" \/>\n<meta property=\"og:type\" content=\"article\" \/>\n<meta property=\"og:title\" content=\"Ich liebe dich bis zum Mond und zur\u00fcck\" \/>\n<meta property=\"og:description\" content=\"F\u00fcge den einzigartigen Schatten des Mondes hinzu  Passe dein Kunstwerk in 3 einfachen Schritten an  W\u00e4hle aus einer Vielzahl atemberaubender Designs  Sieh das Ergebnis sofort \u2013 die interaktive Vorschau erm\u00f6glicht dir, jedes Detail direkt anzupassen\" \/>\n<meta property=\"og:url\" content=\"https:\/\/positiveprints.com\/de-ch\/produkt\/ich-liebe-dich-bis-zum-mond-und-zuruck\/\" \/>\n<meta property=\"og:site_name\" content=\"Positive Prints\" \/>\n<meta property=\"article:publisher\" content=\"https:\/\/www.facebook.com\/positiveprintscom\" \/>\n<meta property=\"article:modified_time\" content=\"2026-04-18T07:04:47+00:00\" \/>\n<meta property=\"og:image\" content=\"https:\/\/positiveprints.com\/wp-content\/uploads\/2021\/09\/Packshot_DE_Ich-liebe-dich-bis-zum-Mond-und-zuru\u0308ck.webp\" \/>\n\t<meta property=\"og:image:width\" content=\"1450\" \/>\n\t<meta property=\"og:image:height\" content=\"1450\" \/>\n\t<meta property=\"og:image:type\" content=\"image\/webp\" \/>\n<meta name=\"twitter:card\" content=\"summary_large_image\" \/>\n<meta name=\"twitter:label1\" content=\"Gesch\u00e4tzte Lesezeit\" \/>\n\t<meta name=\"twitter:data1\" content=\"3\u00a0Minuten\" \/>\n<!-- \/ Yoast SEO Premium plugin. -->","yoast_head_json":{"title":"Ich liebe dich bis zum Mond und zur\u00fcck - Positive Prints","description":"Wenn jemand, den du liebst, vom Mond fasziniert ist, ist ein Mondphasen-Poster ein gesch\u00e4tztes Geschenk f\u00fcrs Leben, besonders wenn du es pers\u00f6nlich gestalten m\u00e4chtest.","robots":{"index":"index","follow":"follow","max-snippet":"max-snippet:-1","max-image-preview":"max-image-preview:large","max-video-preview":"max-video-preview:-1"},"canonical":"https:\/\/positiveprints.com\/de-ch\/produkt\/ich-liebe-dich-bis-zum-mond-und-zuruck\/","og_locale":"de_DE","og_type":"article","og_title":"Ich liebe dich bis zum Mond und zur\u00fcck","og_description":"F\u00fcge den einzigartigen Schatten des Mondes hinzu  Passe dein Kunstwerk in 3 einfachen Schritten an  W\u00e4hle aus einer Vielzahl atemberaubender Designs  Sieh das Ergebnis sofort \u2013 die interaktive Vorschau erm\u00f6glicht dir, jedes Detail direkt anzupassen","og_url":"https:\/\/positiveprints.com\/de-ch\/produkt\/ich-liebe-dich-bis-zum-mond-und-zuruck\/","og_site_name":"Positive Prints","article_publisher":"https:\/\/www.facebook.com\/positiveprintscom","article_modified_time":"2026-04-18T07:04:47+00:00","og_image":[{"width":1450,"height":1450,"url":"https:\/\/positiveprints.com\/wp-content\/uploads\/2021\/09\/Packshot_DE_Ich-liebe-dich-bis-zum-Mond-und-zuru\u0308ck.webp","type":"image\/webp"}],"twitter_card":"summary_large_image","twitter_misc":{"Gesch\u00e4tzte Lesezeit":"3\u00a0Minuten"},"schema":{"@context":"https:\/\/schema.org","@graph":[{"@type":["WebPage","ItemPage"],"@id":"https:\/\/positiveprints.com\/de-ch\/produkt\/ich-liebe-dich-bis-zum-mond-und-zuruck\/","url":"https:\/\/positiveprints.com\/de-ch\/produkt\/ich-liebe-dich-bis-zum-mond-und-zuruck\/","name":"Ich liebe dich bis zum Mond und zur\u00fcck - Positive Prints","isPartOf":{"@id":"https:\/\/positiveprints.com\/de-ch\/#website"},"primaryImageOfPage":{"@id":"https:\/\/positiveprints.com\/de-ch\/produkt\/ich-liebe-dich-bis-zum-mond-und-zuruck\/#primaryimage"},"image":{"@id":"https:\/\/positiveprints.com\/de-ch\/produkt\/ich-liebe-dich-bis-zum-mond-und-zuruck\/#primaryimage"},"thumbnailUrl":"https:\/\/positiveprints.com\/wp-content\/uploads\/2021\/09\/Packshot_DE_Ich-liebe-dich-bis-zum-Mond-und-zuru\u0308ck.webp","datePublished":"2021-09-06T12:15:13+00:00","dateModified":"2026-04-18T07:04:47+00:00","description":"Wenn jemand, den du liebst, vom Mond fasziniert ist, ist ein Mondphasen-Poster ein gesch\u00e4tztes Geschenk f\u00fcrs Leben, besonders wenn du es pers\u00f6nlich gestalten m\u00e4chtest.","breadcrumb":{"@id":"https:\/\/positiveprints.com\/de-ch\/produkt\/ich-liebe-dich-bis-zum-mond-und-zuruck\/#breadcrumb"},"inLanguage":"de-CH","potentialAction":[{"@type":"ReadAction","target":["https:\/\/positiveprints.com\/de-ch\/produkt\/ich-liebe-dich-bis-zum-mond-und-zuruck\/"]}]},{"@type":"ImageObject","inLanguage":"de-CH","@id":"https:\/\/positiveprints.com\/de-ch\/produkt\/ich-liebe-dich-bis-zum-mond-und-zuruck\/#primaryimage","url":"https:\/\/positiveprints.com\/wp-content\/uploads\/2021\/09\/Packshot_DE_Ich-liebe-dich-bis-zum-Mond-und-zuru\u0308ck.webp","contentUrl":"https:\/\/positiveprints.com\/wp-content\/uploads\/2021\/09\/Packshot_DE_Ich-liebe-dich-bis-zum-Mond-und-zuru\u0308ck.webp","width":1450,"height":1450,"caption":"Packshot_DE_Ich liebe dich bis zum Mond und zuru\u0308ck"},{"@type":"BreadcrumbList","@id":"https:\/\/positiveprints.com\/de-ch\/produkt\/ich-liebe-dich-bis-zum-mond-und-zuruck\/#breadcrumb","itemListElement":[{"@type":"ListItem","position":1,"name":"Home","item":"https:\/\/positiveprints.com\/de-ch\/"},{"@type":"ListItem","position":2,"name":"Produkte","item":"https:\/\/positiveprints.com\/de-ch\/shop\/"},{"@type":"ListItem","position":3,"name":"Ich liebe dich bis zum Mond und zur\u00fcck"}]},{"@type":"WebSite","@id":"https:\/\/positiveprints.com\/de-ch\/#website","url":"https:\/\/positiveprints.com\/de-ch\/","name":"Positive Prints","description":"Amazing Custom Personalized Gifts","publisher":{"@id":"https:\/\/positiveprints.com\/de-ch\/#organization"},"potentialAction":[{"@type":"SearchAction","target":{"@type":"EntryPoint","urlTemplate":"https:\/\/positiveprints.com\/de-ch\/?s={search_term_string}"},"query-input":{"@type":"PropertyValueSpecification","valueRequired":true,"valueName":"search_term_string"}}],"inLanguage":"de-CH"},{"@type":"Organization","@id":"https:\/\/positiveprints.com\/de-ch\/#organization","name":"Positive Prints","alternateName":"Positive Prints","url":"https:\/\/positiveprints.com\/de-ch\/","logo":{"@type":"ImageObject","inLanguage":"de-CH","@id":"https:\/\/positiveprints.com\/de-ch\/#\/schema\/logo\/image\/","url":"https:\/\/positiveprints.com\/wp-content\/uploads\/2026\/03\/245815646_1337939713319158_5671353136411139666_n.png","contentUrl":"https:\/\/positiveprints.com\/wp-content\/uploads\/2026\/03\/245815646_1337939713319158_5671353136411139666_n.png","width":800,"height":800,"caption":"Positive Prints"},"image":{"@id":"https:\/\/positiveprints.com\/de-ch\/#\/schema\/logo\/image\/"},"sameAs":["https:\/\/www.facebook.com\/positiveprintscom","https:\/\/www.instagram.com\/positiveprintscom\/","https:\/\/www.tiktok.com\/@positiveprintscom","https:\/\/www.pinterest.com\/positiveprintscom\/"]}]}},"jetpack_sharing_enabled":true,"_links":{"self":[{"href":"https:\/\/positiveprints.com\/de-ch\/wp-json\/wp\/v2\/product\/165578","targetHints":{"allow":["GET"]}}],"collection":[{"href":"https:\/\/positiveprints.com\/de-ch\/wp-json\/wp\/v2\/product"}],"about":[{"href":"https:\/\/positiveprints.com\/de-ch\/wp-json\/wp\/v2\/types\/product"}],"wp:featuredmedia":[{"embeddable":true,"href":"https:\/\/positiveprints.com\/de-ch\/wp-json\/wp\/v2\/media\/1459387"}],"wp:attachment":[{"href":"https:\/\/positiveprints.com\/de-ch\/wp-json\/wp\/v2\/media?parent=165578"}],"wp:term":[{"taxonomy":"product_brand","embeddable":true,"href":"https:\/\/positiveprints.com\/de-ch\/wp-json\/wp\/v2\/product_brand?post=165578"},{"taxonomy":"product_cat","embeddable":true,"href":"https:\/\/positiveprints.com\/de-ch\/wp-json\/wp\/v2\/product_cat?post=165578"},{"taxonomy":"product_tag","embeddable":true,"href":"https:\/\/positiveprints.com\/de-ch\/wp-json\/wp\/v2\/product_tag?post=165578"}],"curies":[{"name":"wp","href":"https:\/\/api.w.org\/{rel}","templated":true}]}}