{"id":163244,"date":"2021-03-23T08:59:16","date_gmt":"2021-03-23T07:59:16","guid":{"rendered":"https:\/\/positiveprints.com\/product\/sternenhimmel-zum-jahrestag\/"},"modified":"2026-04-28T15:15:34","modified_gmt":"2026-04-28T14:15:34","slug":"sternenhimmel-zum-jahrestag","status":"publish","type":"product","link":"https:\/\/positiveprints.com\/de-ch\/produkt\/sternenhimmel-zum-jahrestag\/","title":{"rendered":"Die Nacht, in der alles begann"},"content":{"rendered":"<p>Wenn du an diesem ganz besonderen Tag nicht zuf\u00e4llig in den Sternenhimmel geschaut hast, um zu sehen, wie sich das Universum f\u00fcr dich ausrichtet, kann ein Poster von Sternbild deiner Geburtsnacht die L\u00fccken ausf\u00fcllen.<\/p>\r\n\r\n<h2 class=\"grenB f24 cblue\" style=\"margin-top: 3rem\">Magischer Moment, eingefangen vom Sternenhimmel<\/h2>\r\n\r\n<p style=\"margin-top: 1rem\">Magischer Moment, eingefangen vom Sternenhimmel\r\nDenke einfach an diesen Moment zur\u00fcck, als du deinen Seelenverwandten getroffen hast. Denke an all die Entscheidungen, die ihr beide in eurem Leben getroffen habt, und die Wege, die ihr beide eingeschlagen habt, die zu diesem einzigen Moment f\u00fchren w\u00fcrden. Manche m\u00f6gen es Schicksal nennen. Andere nennen es Leben. Egal, wie du es ausdr\u00fccken m\u00f6chtest, es ist ein magischer Moment, der von den Sternen und dem Himmel eingefangen wird. Deshalb ist ein Sternenhimmel zum Jahrestag ein so gesch\u00e4tztes Geschenk.<\/p>\r\n\r\n<p style=\"margin-top: 1rem\">Bedenke Folgendes: Viele von uns wissen nicht, dass wir \u201eden Einen\u201c bei diesem ersten Treffen getroffen haben. Vielleicht ist es eine zuf\u00e4llige Begegnung, bei der sich eure Wege kreuzen. Oder vielleicht hat dich ein Freund zu einem Blind Date verabredet und du wusstest nicht, was dich erwartet. W\u00e4hrend die Suche nach diesem besonderen Menschen sich wie ein sofortiger Liebesblitz anf\u00fchlt, kann es auch einige Zeit dauern, bis man erkennt, dass dieses Gef\u00fchl nicht nur Verliebtheit ist. Deshalb denken wir nicht immer bewusst an all die Ereignisse, die zu dieser zuf\u00e4lligen Begegnung gef\u00fchrt haben.<\/p>\r\n\r\n<h2 class=\"grenB f24 cblue\" style=\"margin-top: 3rem\">Was ist ein Sternenhimmel zum Jahrestag?<\/h2>\r\n\r\n<p style=\"margin-top: 1rem\">Der Nachthimmel ist ein sich st\u00e4ndig weiterentwickelnder Teppich aus Sternen, Planeten, Konstellationen und anderen Himmelsk\u00f6rpern. Der Himmel, den du in Spanien bewunderst, sieht anders aus als der Himmel bzw. Sternenhimmel in Australien, selbst wenn zwei Personen am selben Tag gleichzeitig in den Himmel schauen. Selbst vom gleichen Punkt der Erde aus wird der Himmel nicht von Nacht zu Nacht genau gleich aussehen. Das macht unsere Sternenhimmel zum Jahrestag so einzigartig.<\/p>\r\n\r\n<p style=\"margin-top: 1rem\">Mit unserer Technologie und unserem benutzerdefinierten Sternbild-Ersteller kannst du von jedem Ort der Welt aus nachstellen, wie der Nachthimmel an einem Datum deiner Wahl aussah. Dies gibt dir mehr Flexibilit\u00e4t und Anpassungsf\u00e4higkeit f\u00fcr dein Poster, damit du die Momente genie\u00dfen kannst, die dir am wichtigsten sind.<\/p>\r\n\r\n<p style=\"margin-top: 1rem\">Stelle dir vor, du holst den Sternenhimmel direkt in dein Wohnzimmer oder Schlafzimmer. Dein Poster wird eine st\u00e4ndige Erinnerung an diese eine Nacht sein, die euer Leben f\u00fcr immer ver\u00e4ndert hat.<\/p>\r\n\r\n<h2 class=\"grenB f24 cblue\" style=\"margin-top: 3rem\">Warum solltest du einen Sternenhimmel zum Jahrestag erstellen?<\/h2>\r\n\r\n<p style=\"margin-top: 1rem\">Viele unserer Kunden verlassen sich auf Positive Prints als einzige Quelle f\u00fcr personalisierte Geschenke. Die meisten unserer Sternenhimmel-Poster sind zum Verschenken gedacht. Wir haben unsere Plakate so gestaltet, dass sie einfach angepasst werden k\u00f6nnen und deinen Liebsten zeigen, dass du zus\u00e4tzliche Zeit und Gedanken in ihr Geschenk investiert hast.<\/p>\r\n\r\n<p style=\"margin-top: 1rem\">Jedes Poster mit dem Sternenhimmel wird auf professionellem Material in Posterqualit\u00e4t gedruckt, das zum Einrahmen bereit ist. Ebenso bieten wir auch Drucke auf Leinwand an und k\u00f6nnen sogar einen Rahmen f\u00fcr dein Kunstwerk bereitstellen. Die \u00fcberlegene Qualit\u00e4t unserer Drucke wird deinen anderen gerahmten Kunstwerken in deinem Zuhause oder B\u00fcro die Show stehlen und dir ein Gef\u00fchl geben, auf das du stolz sein kannst.<\/p>\r\n\r\n<p style=\"margin-top: 1rem\">Unsere Sternenbilder sind das perfekte Geschenk f\u00fcr jeden Anlass f\u00fcr ihn oder sie, einschlie\u00dflich:<\/p>\r\n\r\n<ul>\r\n<li>Geburtstagen,<\/li>\r\n<li>Verlobungen,<\/li>\r\n<li>Hochzeitstagen,<\/li>\r\n<li>Weihnachten,<\/li>\r\n<li>Valentinstagen,<\/li>\r\n<li>Chanukka,<\/li>\r\n<li>oder einfach ganz ohne Grund! <\/li>\r\n<\/ul>\r\n\r\n<p style=\"margin-top: 1rem\">Es gibt nie einen falschen Zeitpunkt, um deinem Seelenverwandten zu zeigen, wie sehr du ihn liebst und wie dankbar du f\u00fcr den Tag bist, an dem du diesen getroffen hast.<\/p>\r\n\r\n\r\n<h2 class=\"grenB f24 cblue\" style=\"margin-top: 3rem\">Wie man einen Sternenhimmel in ein Poster verwandelt<\/h2>\r\n\r\n<p style=\"margin-top: 1rem\">Unsere benutzerdefinierten Sternenhimmel zum Jahrestag sind k\u00fcnstlerisch gestaltet und wundersch\u00f6n, aber du musst kein K\u00fcnstler sein, um diese Ergebnisse zu erzielen. Unser einfaches, dreistufiges Tool erm\u00f6glicht es jedem, sein eigenes individuelles Poster zu gestalten und einen sch\u00f6nen Druck zu erhalten.<\/p>\r\n\r\n<p style=\"margin-top: 1rem\">Mit unserem Sternenhimmel Kreator kannst du die Gr\u00f6\u00dfe deines Drucks und die Form deiner Karte ausw\u00e4hlen. Du kannst auch ausw\u00e4hlen, wie viele Details auf deiner Karte angezeigt werden: Planeten und Planetennamen, Sterne, Konstellationen und die Milchstra\u00dfe zum Beispiel.<\/p>\r\n\r\n<p style=\"margin-top: 1rem\">Du kannst auch den genauen Ort Ihres ersten Treffens zusammen mit Datum und Uhrzeit ausw\u00e4hlen. Dadurch wird sichergestellt, dass du die genaueste Darstellung des Nachthimmels erhalten wirst.<\/p>\r\n\r\n<p style=\"margin-top: 1rem\">F\u00fcge deinem Liebsten eine individuelle Nachricht oder Details zu dem besonderen Tag hinzu, damit jeder, der dein Kunstdruck sieht, seine Bedeutung erkennt.<\/p>\r\n\r\n<p style=\"margin-top: 1rem\">Bei jeder \u00c4nderung, die du im benutzerdefinierten Bearbeitungstool vornehmen wirst, kannst du direkt sehen, wie diese \u00c4nderungen in Echtzeit zum Leben erweckt werden. Dann sieht dein Kunstwerk genauso aus, wie du es m\u00f6chtest.<\/p>\r\n\r\n<h2 class=\"grenB f24 cblue\" style=\"margin-top: 3rem\">\u00dcberrasche deine Liebsten mit einem Sternenhimmel zum Jahrestag Geschenk!<\/h2>\r\n\r\n<p style=\"margin-top: 1rem\">Das personalisierte <a href=\"https:\/\/positiveprints.com\/de-ch\/produkt\/sternenhimmel-poster\/\">Sternenhimmel-Poster<\/a> ist einzigartig und wirklich ein unerwartetes Geschenk, das du f\u00fcr immer sch\u00e4tzen wirst. Es ist einfach zu erstellen und sieht so aus, als h\u00e4ttest du Stunden damit verbracht, sich ein Geschenk auszudenken, das deine Liebsten begeistern wird.<\/p>\r\n\r\n<p style=\"margin-top: 1rem\">Erz\u00e4hle deine Liebesgeschichte mit einem Sternenhimmel zum Jahrestag \u2013 fange direkt an dieses zu gestalten!<\/p>","protected":false},"excerpt":{"rendered":"<ul class=\"check-list\">\n<li>F\u00fcge Planeten, Sternbilder und die Milchstra\u00dfe hinzu<\/li>\n<li>Passe dein Kunstwerk in 3 einfachen Schritten an<\/li>\n<li>F\u00fcge einen aussagekr\u00e4ftigen personalisierten Text hinzu<\/li>\n<li>Sieh das Ergebnis sofort \u2013 die interaktive Vorschau erm\u00f6glicht dir, jedes Detail direkt anzupassen<\/li>\n<\/ul>\n","protected":false},"featured_media":1424855,"template":"","meta":[],"product_brand":[],"product_cat":[9282,7791,7680,11330,11371,11348,11351,8203,11353,8015,7807,8199,7695,11168,11171,11165,5336,4764,9768,5320,11238,5275,11357],"product_tag":[14821,15449,15742,15738,15737,15740,15739,15749,15744,15746],"class_list":{"0":"post-163244","1":"product","2":"type-product","3":"status-publish","4":"has-post-thumbnail","6":"product_cat-bestsellers-label-ch","7":"product_cat-geschenke-fur-deine-freundin-de-ch","8":"product_cat-geschenke-fur-deinen-freund-de-ch","9":"product_cat-weihnachtsgeschenke-fur-den-freund-de-ch","10":"product_cat-weihnachtsgeschenke-fur-die-frau-de-ch","11":"product_cat-weihnachtsgeschenke-fur-die-freundin-de-ch","12":"product_cat-weihnachtsgeschenke-fur-frauen-de-ch","13":"product_cat-fur-ihn","14":"product_cat-weihnachtsgeschenke-fur-manner-de-ch","15":"product_cat-geschenke-fur-manner-de-ch","16":"product_cat-geschenke-fur-paare-de-ch","17":"product_cat-fur-sie-de-ch","18":"product_cat-geschenke-fur-wichtige-frauen-in-deinem-leben-de-ch","19":"product_cat-jahrestag-geschenk-fur-ihn-de-ch","20":"product_cat-jahrestag-geschenk-fur-paare-de-ch","21":"product_cat-jahrestag-geschenke-fur-sie-de-ch","22":"product_cat-jubilaumsgeschenke-de-ch","23":"product_cat-star-de-ch-2","24":"product_cat-trending-label-de-ch","25":"product_cat-geschenke-zum-valentinstag-de-ch","26":"product_cat-valentinstagsgeschenke-fur-manner-de-ch","27":"product_cat-weihnachtsgeschenke-de-ch","28":"product_cat-weihnachtsgeschenke-fur-den-ehemann-de-ch","29":"product_tag-anniversary-de-ch","30":"product_tag-der-himmel-unter-dem-wir-uns-trafen","31":"product_tag-regali-di-natale-per-donne-de-ch","32":"product_tag-regali-di-natale-per-il-fidanzato-de-ch","33":"product_tag-regali-di-natale-per-il-marito-de-ch","34":"product_tag-regali-di-natale-per-la-fidanzata-de-ch","35":"product_tag-regali-di-natale-per-la-moglie-de-ch","36":"product_tag-regali-di-natale-per-lei-de-ch","37":"product_tag-regali-di-natale-per-lui-de-ch","38":"product_tag-regali-di-natale-per-uomini-de-ch","40":"first","41":"instock","42":"sale","43":"taxable","44":"shipping-taxable","45":"purchasable","46":"product-type-variable"},"yoast_head":"<!-- This site is optimized with the Yoast SEO Premium plugin v27.2 (Yoast SEO v27.2) - https:\/\/yoast.com\/product\/yoast-seo-premium-wordpress\/ -->\n<title>Die Nacht, in der alles begann - Positive Prints<\/title>\n<meta name=\"description\" content=\"Erz\u00e4hle deine Liebesgeschichte mit einem Sternenhimmel zum Jahrestag \u2013 fange direkt an dieses zu gestalten!\" \/>\n<meta name=\"robots\" content=\"index, follow, max-snippet:-1, max-image-preview:large, max-video-preview:-1\" \/>\n<link rel=\"canonical\" href=\"https:\/\/positiveprints.com\/de-ch\/produkt\/sternenhimmel-zum-jahrestag\/\" \/>\n<meta property=\"og:locale\" content=\"de_DE\" \/>\n<meta property=\"og:type\" content=\"article\" \/>\n<meta property=\"og:title\" content=\"Die Nacht, in der alles begann\" \/>\n<meta property=\"og:description\" content=\"F\u00fcge Planeten, Sternbilder und die Milchstra\u00dfe hinzu  Passe dein Kunstwerk in 3 einfachen Schritten an  F\u00fcge einen aussagekr\u00e4ftigen personalisierten Text hinzu  Sieh das Ergebnis sofort \u2013 die interaktive Vorschau erm\u00f6glicht dir, jedes Detail direkt anzupassen\" \/>\n<meta property=\"og:url\" content=\"https:\/\/positiveprints.com\/de-ch\/produkt\/sternenhimmel-zum-jahrestag\/\" \/>\n<meta property=\"og:site_name\" content=\"Positive Prints\" \/>\n<meta property=\"article:publisher\" content=\"https:\/\/www.facebook.com\/positiveprintscom\" \/>\n<meta property=\"article:modified_time\" content=\"2026-04-28T14:15:34+00:00\" \/>\n<meta property=\"og:image\" content=\"https:\/\/positiveprints.com\/wp-content\/uploads\/2025\/05\/Sternenhimmel-zum-Jahrestag-1.webp\" \/>\n\t<meta property=\"og:image:width\" content=\"1450\" \/>\n\t<meta property=\"og:image:height\" content=\"1450\" \/>\n\t<meta property=\"og:image:type\" content=\"image\/webp\" \/>\n<meta name=\"twitter:card\" content=\"summary_large_image\" \/>\n<!-- \/ Yoast SEO Premium plugin. -->","yoast_head_json":{"title":"Die Nacht, in der alles begann - Positive Prints","description":"Erz\u00e4hle deine Liebesgeschichte mit einem Sternenhimmel zum Jahrestag \u2013 fange direkt an dieses zu gestalten!","robots":{"index":"index","follow":"follow","max-snippet":"max-snippet:-1","max-image-preview":"max-image-preview:large","max-video-preview":"max-video-preview:-1"},"canonical":"https:\/\/positiveprints.com\/de-ch\/produkt\/sternenhimmel-zum-jahrestag\/","og_locale":"de_DE","og_type":"article","og_title":"Die Nacht, in der alles begann","og_description":"F\u00fcge Planeten, Sternbilder und die Milchstra\u00dfe hinzu  Passe dein Kunstwerk in 3 einfachen Schritten an  F\u00fcge einen aussagekr\u00e4ftigen personalisierten Text hinzu  Sieh das Ergebnis sofort \u2013 die interaktive Vorschau erm\u00f6glicht dir, jedes Detail direkt anzupassen","og_url":"https:\/\/positiveprints.com\/de-ch\/produkt\/sternenhimmel-zum-jahrestag\/","og_site_name":"Positive Prints","article_publisher":"https:\/\/www.facebook.com\/positiveprintscom","article_modified_time":"2026-04-28T14:15:34+00:00","og_image":[{"width":1450,"height":1450,"url":"https:\/\/positiveprints.com\/wp-content\/uploads\/2025\/05\/Sternenhimmel-zum-Jahrestag-1.webp","type":"image\/webp"}],"twitter_card":"summary_large_image","schema":{"@context":"https:\/\/schema.org","@graph":[{"@type":["WebPage","ItemPage"],"@id":"https:\/\/positiveprints.com\/de-ch\/produkt\/sternenhimmel-zum-jahrestag\/","url":"https:\/\/positiveprints.com\/de-ch\/produkt\/sternenhimmel-zum-jahrestag\/","name":"Die Nacht, in der alles begann - Positive Prints","isPartOf":{"@id":"https:\/\/positiveprints.com\/de-ch\/#website"},"primaryImageOfPage":{"@id":"https:\/\/positiveprints.com\/de-ch\/produkt\/sternenhimmel-zum-jahrestag\/#primaryimage"},"image":{"@id":"https:\/\/positiveprints.com\/de-ch\/produkt\/sternenhimmel-zum-jahrestag\/#primaryimage"},"thumbnailUrl":"https:\/\/positiveprints.com\/wp-content\/uploads\/2025\/05\/Sternenhimmel-zum-Jahrestag-1.webp","datePublished":"2021-03-23T07:59:16+00:00","dateModified":"2026-04-28T14:15:34+00:00","description":"Erz\u00e4hle deine Liebesgeschichte mit einem Sternenhimmel zum Jahrestag \u2013 fange direkt an dieses zu gestalten!","breadcrumb":{"@id":"https:\/\/positiveprints.com\/de-ch\/produkt\/sternenhimmel-zum-jahrestag\/#breadcrumb"},"inLanguage":"de-CH","potentialAction":[{"@type":"ReadAction","target":["https:\/\/positiveprints.com\/de-ch\/produkt\/sternenhimmel-zum-jahrestag\/"]}]},{"@type":"ImageObject","inLanguage":"de-CH","@id":"https:\/\/positiveprints.com\/de-ch\/produkt\/sternenhimmel-zum-jahrestag\/#primaryimage","url":"https:\/\/positiveprints.com\/wp-content\/uploads\/2025\/05\/Sternenhimmel-zum-Jahrestag-1.webp","contentUrl":"https:\/\/positiveprints.com\/wp-content\/uploads\/2025\/05\/Sternenhimmel-zum-Jahrestag-1.webp","width":1450,"height":1450},{"@type":"BreadcrumbList","@id":"https:\/\/positiveprints.com\/de-ch\/produkt\/sternenhimmel-zum-jahrestag\/#breadcrumb","itemListElement":[{"@type":"ListItem","position":1,"name":"Home","item":"https:\/\/positiveprints.com\/de-ch\/"},{"@type":"ListItem","position":2,"name":"Produkte","item":"https:\/\/positiveprints.com\/de-ch\/shop\/"},{"@type":"ListItem","position":3,"name":"Die Nacht, in der alles begann"}]},{"@type":"WebSite","@id":"https:\/\/positiveprints.com\/de-ch\/#website","url":"https:\/\/positiveprints.com\/de-ch\/","name":"Positive Prints","description":"Amazing Custom Personalized Gifts","publisher":{"@id":"https:\/\/positiveprints.com\/de-ch\/#organization"},"potentialAction":[{"@type":"SearchAction","target":{"@type":"EntryPoint","urlTemplate":"https:\/\/positiveprints.com\/de-ch\/?s={search_term_string}"},"query-input":{"@type":"PropertyValueSpecification","valueRequired":true,"valueName":"search_term_string"}}],"inLanguage":"de-CH"},{"@type":"Organization","@id":"https:\/\/positiveprints.com\/de-ch\/#organization","name":"Positive Prints","alternateName":"Positive Prints","url":"https:\/\/positiveprints.com\/de-ch\/","logo":{"@type":"ImageObject","inLanguage":"de-CH","@id":"https:\/\/positiveprints.com\/de-ch\/#\/schema\/logo\/image\/","url":"https:\/\/positiveprints.com\/wp-content\/uploads\/2026\/03\/245815646_1337939713319158_5671353136411139666_n.png","contentUrl":"https:\/\/positiveprints.com\/wp-content\/uploads\/2026\/03\/245815646_1337939713319158_5671353136411139666_n.png","width":800,"height":800,"caption":"Positive Prints"},"image":{"@id":"https:\/\/positiveprints.com\/de-ch\/#\/schema\/logo\/image\/"},"sameAs":["https:\/\/www.facebook.com\/positiveprintscom","https:\/\/www.instagram.com\/positiveprintscom\/","https:\/\/www.tiktok.com\/@positiveprintscom","https:\/\/www.pinterest.com\/positiveprintscom\/"]}]}},"jetpack_sharing_enabled":true,"_links":{"self":[{"href":"https:\/\/positiveprints.com\/de-ch\/wp-json\/wp\/v2\/product\/163244","targetHints":{"allow":["GET"]}}],"collection":[{"href":"https:\/\/positiveprints.com\/de-ch\/wp-json\/wp\/v2\/product"}],"about":[{"href":"https:\/\/positiveprints.com\/de-ch\/wp-json\/wp\/v2\/types\/product"}],"wp:featuredmedia":[{"embeddable":true,"href":"https:\/\/positiveprints.com\/de-ch\/wp-json\/wp\/v2\/media\/1424855"}],"wp:attachment":[{"href":"https:\/\/positiveprints.com\/de-ch\/wp-json\/wp\/v2\/media?parent=163244"}],"wp:term":[{"taxonomy":"product_brand","embeddable":true,"href":"https:\/\/positiveprints.com\/de-ch\/wp-json\/wp\/v2\/product_brand?post=163244"},{"taxonomy":"product_cat","embeddable":true,"href":"https:\/\/positiveprints.com\/de-ch\/wp-json\/wp\/v2\/product_cat?post=163244"},{"taxonomy":"product_tag","embeddable":true,"href":"https:\/\/positiveprints.com\/de-ch\/wp-json\/wp\/v2\/product_tag?post=163244"}],"curies":[{"name":"wp","href":"https:\/\/api.w.org\/{rel}","templated":true}]}}