{"id":152638,"date":"2021-07-22T16:35:42","date_gmt":"2021-07-22T15:35:42","guid":{"rendered":"https:\/\/positiveprints.com\/product\/koordinaten-poster\/"},"modified":"2026-04-18T08:37:07","modified_gmt":"2026-04-18T07:37:07","slug":"koordinaten-poster","status":"publish","type":"product","link":"https:\/\/positiveprints.com\/de-ch\/produkt\/koordinaten-poster\/","title":{"rendered":"Koordinaten Poster"},"content":{"rendered":"<p>F\u00fcr die Orte, die dir am wichtigsten sind, sind unsere Koordinaten Poster eine sch\u00f6ne M\u00f6glichkeit, Tribut zu zollen und deine Erinnerungen in sch\u00f6ne Andenken zu verwandeln. Erstelle jetzt.<\/p>\r\n\r\n<h2 class=\"grenB f24 cblue\" style=\"margin-top: 3rem\">Verwandle deine Erinnerungen in koordinierte Poster<\/h2>\r\n\r\n<p style=\"margin-top: 1rem\">Egal, wo die besten Momente des Lebens stattgefunden haben, du kannst sie mit lustigen, kreativen Koordinaten Poster f\u00fcr immer in deinem Herzen behalten. Jeder Quadratzentimeter auf diesem gro\u00dfen, sch\u00f6nen Planeten hat eine Reihe von Koordinaten, die seine genaue Position bestimmen. Diese Koordinaten sind Zahlen, die den <a href=\"https:\/\/de.wikipedia.org\/wiki\/Geographische_Koordinaten\">L\u00e4ngen- und Breitengrad<\/a> darstellen. Sie sind in jeder Sprache gleich und \u00e4ndern sich nie. Egal woher du kommst oder wohin du gehst, die Koordinaten zu deinen denkw\u00fcrdigsten Orten sind immer gleich. <\/p>\r\n\r\n<p style=\"margin-top: 1rem\">Unsere Koordinaten Poster bringen die Koordinaten zu deinen Lieblingspl\u00e4tzen und verwandelt sie in einen visuell k\u00fcnstlerischen Wanddruck. Unsere Drucke werden auf Bestellung individuell angefertigt und sind wirklich einzigartig, da sie die Koordinaten der f\u00fcr dich wichtigen Orte widerspiegeln. Jeder Druck ist zum Einrahmen geeignet und auf hochwertigem Papier gedruckt, das seine Farbe beh\u00e4lt und jahrelang sch\u00f6n aussieht.<\/p>\r\n\r\n<p style=\"margin-top: 1rem\">Poster Koordinaten sind die perfekte Erg\u00e4nzung f\u00fcr Wohnzimmer, Schlafzimmer, B\u00fcros, Familienzimmer oder \u00fcberall dort, wo es einen Farbtupfer verdient.<\/p>\r\n\r\n<h2 class=\"grenB f24 cblue\" style=\"margin-top: 3rem\">Was ist das Besondere an Koordinaten Postern?<\/h2>\r\n\r\n<p style=\"margin-top: 1rem\">Jede Wand beginnt als leere Leinwand, die darauf wartet, dass du ihr Bedeutung verleihst. F\u00fcr manche Leute bedeutet dies, massenproduzierte Drucke hinzuzuf\u00fcgen, die in jedem Haushaltswarengesch\u00e4ft zu finden sind. Aber wer seinem Wohnraum eine pers\u00f6nliche Note verleihen m\u00f6chte, der m\u00f6chte eine Wandkunst, die f\u00fcr ihn etwas Besonderes bedeutet, etwas, das so einzigartig ist, dass es keine vergleichbaren Drucke gibt. <\/p>\r\n\r\n<p style=\"margin-top: 1rem\">Das ist die Magie der Koordinaten Poster. Jeder Druck wird von Personen erstellt, die Spa\u00df, kreative und unverwechselbare Kunst sch\u00e4tzen. Unsere benutzerfreundlichen und personalisierten Wandkunst-Tools versetzen dich in die Rolle eines Designers. <\/p>\r\n\r\n<p style=\"margin-top: 1rem\">Das Ergebnis sieht so aus, als h\u00e4ttest du Stunden gebraucht, um die Koordinaten zu recherchieren und deinen Druck zu entwerfen. Aber in Wirklichkeit dauert der Vorgang nur wenige Minuten und sieht so sch\u00f6n wie einzigartig aus.<\/p>\r\n\r\n<p style=\"margin-top: 1rem\">Wir finden die Koordinaten zu deinem Hochzeitsort, <a href=\"https:\/\/positiveprints.com\/de-ch\/produkt\/unser-erstes-zuhause\/\">euren ersten Zuhause<\/a>, deinem ersten Job, deine Universit\u00e4t, deinem Elternhaus oder \u00fcberall, was f\u00fcr dich eine besondere Bedeutung hat. Verwandele dein Koordinaten in Poster, um die wertvollsten Momente festzuhalten.<\/p>\r\n\r\n<h2 class=\"grenB f24 cblue\" style=\"margin-top: 3rem\">Mache sch\u00f6ne Geschenke mit Koordinaten<\/h2>\r\n\r\n<p style=\"margin-top: 1rem\">Geschenke mit Koordinaten werden zu einer beliebten Option f\u00fcr diejenigen, die kreative, unerwartete \u00dcberraschungen lieben. Darum geht es bei Geschenken \u2013 jemandem etwas zu schenken, das er liebt und sch\u00e4tzt, aber noch nicht hat und vielleicht nie f\u00fcr sich selbst kaufen wird!<br><br>\r\nUnsere sch\u00f6nen Geschenke mit Koordinaten sind:<\/p>\r\n\r\n<ul>\r\n<li>einzigartig und kreativ,<\/li>\r\n<li>unikat,<\/li>\r\n<li>personalisiert,<\/li>\r\n<li>besonders.<\/li>\r\n<\/ul>\r\n\r\n<p style=\"margin-top: 1rem\">Ein Koordinaten Poster als personalisiertes Geschenk ist einzigartig und nicht so, als w\u00fcrde man in ein Gesch\u00e4ft gehen und etwas aus den Regalen holen. Es erfordert mehr Nachdenken und Liebe zum Detail, und diese Dinge werden nicht unbemerkt bleiben. Dein Empf\u00e4nger wird es lieben, dass du dir die zus\u00e4tzliche Zeit und M\u00fche gemacht hast, etwas nur f\u00fcr ihn zu erstellen. <\/p>\r\n\r\n<p style=\"margin-top: 1rem\">Poster mit Koordinaten ist das perfekte Geschenk f\u00fcr: Jubil\u00e4en, Hochzeiten, Verlobungen, Geburtstage, Feiertage, Abschlussfeiern, neue Jobs, neues Zuhause, Ruhestand und alle gr\u00f6\u00dften Meilensteinmomente des Lebens. Jeder, der viel gereist ist oder eine besondere Verbindung zu einem bestimmten Ort hat, wird es lieben, seine Erinnerungen an diesen Ort auf unterhaltsame und k\u00fcnstlerische Weise darzustellen.<\/p>\r\n\r\n<p style=\"margin-top: 1rem\">Jedes unserer Wandkunstposter wird auf hochwertigem Papier gedruckt, das die Farben bereichert und dem Ausbleichen standh\u00e4lt. Die Drucke kommen fertig zum Einrahmen an, damit du deinen Liebsten das Gesamtpaket geben kannst. F\u00fcr Last-Minute-Geschenke kannst du auch unsere digitale Download-Option w\u00e4hlen. Dein Druck ist innerhalb von Minuten fertig und wird dir in einer digitalen Datei per E-Mail zugesendet, die zum schnellen Drucken und sofortigen Verschenken fertig ist.<\/p>\r\n\r\n\r\n<h2 class=\"grenB f24 cblue\" style=\"margin-top: 3rem\">Wie erstellst du deine Koordinaten Poster?<\/h2>\r\n\r\n<p style=\"margin-top: 1rem\">Wir bei <a href=\"https:\/\/positiveprints.com\/de-ch\/\">Positive Prints<\/a> glauben, dass jeder sch\u00f6ne Kunstwerke in Reichweite haben sollte. Deshalb haben wir unseren Prozess so benutzerfreundlich wie m\u00f6glich gestaltet \u2013 erstelle in nur drei schnellen Schritten dein Koordinaten Poster!<\/p>\r\n\r\n<p style=\"margin-top: 1rem\">W\u00e4hlen deinen Standort und unsere Technologie wird die genauen Koordinaten deines Lieblingsortes finden. Du kannst auch aus einer Reihe vordefinierter Farbschemata ausw\u00e4hlen oder deine eigenen anpassen. F\u00fcge benutzerdefinierte Textzeilen hinzu, um mitzuteilen, was deinen Standort besonders macht. Denke daran, deine Kunst kann deine Geschichte erz\u00e4hlen.<\/p>\r\n\r\n<p style=\"margin-top: 1rem\">Wenn du in unserem dreistufigen Prozess \u00c4nderungen vornehmen m\u00f6chtest, sehe diese sofort in Echtzeit. Unsere Poster sind in verschiedenen Standardgr\u00f6\u00dfen f\u00fcr eine einfache Gestaltung erh\u00e4ltlich.<\/p>\r\n\r\n<p style=\"margin-top: 1rem\">Sobald du mit dem Design zufrieden bist, bekommst du dein Poster geliefert oder per Email zugesendet.<\/p>\r\n\r\n<h2 class=\"grenB f24 cblue\" style=\"margin-top: 3rem\">Erstelle benutzerdefinierte Koordinaten Postern: Beginne jetzt<\/h2>\r\n\r\n<p style=\"margin-top: 1rem\">Egal, ob du dein Zuhause mit einer k\u00fcnstlerischen Darstellung deiner Lebensgeschichte dekorierst oder ein sch\u00f6nes, aber unerwartetes Geschenk f\u00fcr jemanden in deinem Leben erschaffen m\u00f6chtest, unsere personalisierte geschenke koordinaten sind ein ausgezeichnetes Geschenk.<\/p>\r\n\r\n<p style=\"margin-top: 1rem\">Bereit, dein besonderes Reiseziel in ein Kunstwerk zu verwandeln? Beginne mit unserem dreistufigen Tool und erstelle noch heute deine Kunst aus Koordinaten! <\/p>","protected":false},"excerpt":{"rendered":"<ul class=\"check-list\">\n<li>Erstelle einzigartige Wandbilder mit GPS-Koordinaten eines besonderen Ortes<\/li>\n<li>F\u00fcge einen aussagekr\u00e4ftigen personalisierten Text hinzu<\/li>\n<li>Passe dein Kunstwerk in 3 einfachen Schritten an<\/li>\n<li>W\u00e4hle eine Vorlage oder werde kreativ<\/li>\n<li>Sieh das Ergebnis sofort \u2013 die interaktive Vorschau erm\u00f6glicht dir, jedes Detail direkt anzupassen<\/li>\n<\/ul>\n","protected":false},"featured_media":1477779,"template":"","meta":[],"product_brand":[],"product_cat":[8251,7179,4763],"product_tag":[14819],"class_list":{"0":"post-152638","1":"product","2":"type-product","3":"status-publish","4":"has-post-thumbnail","6":"product_cat-digital-products-de-ch","7":"product_cat-coordinates-de-ch","8":"product_cat-creators-de-ch-2","9":"product_tag-creators-de-ch-2","11":"first","12":"instock","13":"sale","14":"taxable","15":"shipping-taxable","16":"purchasable","17":"product-type-variable"},"yoast_head":"<!-- This site is optimized with the Yoast SEO Premium plugin v27.2 (Yoast SEO v27.2) - https:\/\/yoast.com\/product\/yoast-seo-premium-wordpress\/ -->\n<title>Koordinaten Poster - Geschenk mit Koordinaten - Positive Prints<\/title>\n<meta name=\"description\" content=\"Erstelle deine Koordinaten Poster deines besonderen Ortes. Schneller Versand in die Schweiz.\" \/>\n<meta name=\"robots\" content=\"index, follow, max-snippet:-1, max-image-preview:large, max-video-preview:-1\" \/>\n<link rel=\"canonical\" href=\"https:\/\/positiveprints.com\/de-ch\/produkt\/koordinaten-poster\/\" \/>\n<meta property=\"og:locale\" content=\"de_DE\" \/>\n<meta property=\"og:type\" content=\"article\" \/>\n<meta property=\"og:title\" content=\"Koordinaten Poster\" \/>\n<meta property=\"og:description\" content=\"Erstelle einzigartige Wandbilder mit GPS-Koordinaten eines besonderen Ortes F\u00fcge einen aussagekr\u00e4ftigen personalisierten Text hinzu Passe dein Kunstwerk in 3 einfachen Schritten an W\u00e4hle eine Vorlage oder werde kreativ Sieh das Ergebnis sofort \u2013 die interaktive Vorschau erm\u00f6glicht dir, jedes Detail direkt anzupassen\" \/>\n<meta property=\"og:url\" content=\"https:\/\/positiveprints.com\/de-ch\/produkt\/koordinaten-poster\/\" \/>\n<meta property=\"og:site_name\" content=\"Positive Prints\" \/>\n<meta property=\"article:publisher\" content=\"https:\/\/www.facebook.com\/positiveprintscom\" \/>\n<meta property=\"article:modified_time\" content=\"2026-04-18T07:37:07+00:00\" \/>\n<meta property=\"og:image\" content=\"https:\/\/positiveprints.com\/wp-content\/uploads\/2021\/07\/koordinaten-poster-1.jpg\" \/>\n\t<meta property=\"og:image:width\" content=\"1080\" \/>\n\t<meta property=\"og:image:height\" content=\"1080\" \/>\n\t<meta property=\"og:image:type\" content=\"image\/jpeg\" \/>\n<meta name=\"twitter:card\" content=\"summary_large_image\" \/>\n<meta name=\"twitter:label1\" content=\"Gesch\u00e4tzte Lesezeit\" \/>\n\t<meta name=\"twitter:data1\" content=\"4\u00a0Minuten\" \/>\n<!-- \/ Yoast SEO Premium plugin. -->","yoast_head_json":{"title":"Koordinaten Poster - Geschenk mit Koordinaten - Positive Prints","description":"Erstelle deine Koordinaten Poster deines besonderen Ortes. Schneller Versand in die Schweiz.","robots":{"index":"index","follow":"follow","max-snippet":"max-snippet:-1","max-image-preview":"max-image-preview:large","max-video-preview":"max-video-preview:-1"},"canonical":"https:\/\/positiveprints.com\/de-ch\/produkt\/koordinaten-poster\/","og_locale":"de_DE","og_type":"article","og_title":"Koordinaten Poster","og_description":"Erstelle einzigartige Wandbilder mit GPS-Koordinaten eines besonderen Ortes F\u00fcge einen aussagekr\u00e4ftigen personalisierten Text hinzu Passe dein Kunstwerk in 3 einfachen Schritten an W\u00e4hle eine Vorlage oder werde kreativ Sieh das Ergebnis sofort \u2013 die interaktive Vorschau erm\u00f6glicht dir, jedes Detail direkt anzupassen","og_url":"https:\/\/positiveprints.com\/de-ch\/produkt\/koordinaten-poster\/","og_site_name":"Positive Prints","article_publisher":"https:\/\/www.facebook.com\/positiveprintscom","article_modified_time":"2026-04-18T07:37:07+00:00","og_image":[{"width":1080,"height":1080,"url":"https:\/\/positiveprints.com\/wp-content\/uploads\/2021\/07\/koordinaten-poster-1.jpg","type":"image\/jpeg"}],"twitter_card":"summary_large_image","twitter_misc":{"Gesch\u00e4tzte Lesezeit":"4\u00a0Minuten"},"schema":{"@context":"https:\/\/schema.org","@graph":[{"@type":["WebPage","ItemPage"],"@id":"https:\/\/positiveprints.com\/de-ch\/produkt\/koordinaten-poster\/","url":"https:\/\/positiveprints.com\/de-ch\/produkt\/koordinaten-poster\/","name":"Koordinaten Poster - Geschenk mit Koordinaten - Positive Prints","isPartOf":{"@id":"https:\/\/positiveprints.com\/de-ch\/#website"},"primaryImageOfPage":{"@id":"https:\/\/positiveprints.com\/de-ch\/produkt\/koordinaten-poster\/#primaryimage"},"image":{"@id":"https:\/\/positiveprints.com\/de-ch\/produkt\/koordinaten-poster\/#primaryimage"},"thumbnailUrl":"https:\/\/positiveprints.com\/wp-content\/uploads\/2025\/07\/Packshot_DE_Koordinaten-Poster.webp","datePublished":"2021-07-22T15:35:42+00:00","dateModified":"2026-04-18T07:37:07+00:00","description":"Erstelle deine Koordinaten Poster deines besonderen Ortes. Schneller Versand in die Schweiz.","breadcrumb":{"@id":"https:\/\/positiveprints.com\/de-ch\/produkt\/koordinaten-poster\/#breadcrumb"},"inLanguage":"de-CH","potentialAction":[{"@type":"ReadAction","target":["https:\/\/positiveprints.com\/de-ch\/produkt\/koordinaten-poster\/"]}]},{"@type":"ImageObject","inLanguage":"de-CH","@id":"https:\/\/positiveprints.com\/de-ch\/produkt\/koordinaten-poster\/#primaryimage","url":"https:\/\/positiveprints.com\/wp-content\/uploads\/2025\/07\/Packshot_DE_Koordinaten-Poster.webp","contentUrl":"https:\/\/positiveprints.com\/wp-content\/uploads\/2025\/07\/Packshot_DE_Koordinaten-Poster.webp","width":1450,"height":1450},{"@type":"BreadcrumbList","@id":"https:\/\/positiveprints.com\/de-ch\/produkt\/koordinaten-poster\/#breadcrumb","itemListElement":[{"@type":"ListItem","position":1,"name":"Home","item":"https:\/\/positiveprints.com\/de-ch\/"},{"@type":"ListItem","position":2,"name":"Produkte","item":"https:\/\/positiveprints.com\/de-ch\/shop\/"},{"@type":"ListItem","position":3,"name":"Koordinaten Poster"}]},{"@type":"WebSite","@id":"https:\/\/positiveprints.com\/de-ch\/#website","url":"https:\/\/positiveprints.com\/de-ch\/","name":"Positive Prints","description":"Amazing Custom Personalized Gifts","publisher":{"@id":"https:\/\/positiveprints.com\/de-ch\/#organization"},"potentialAction":[{"@type":"SearchAction","target":{"@type":"EntryPoint","urlTemplate":"https:\/\/positiveprints.com\/de-ch\/?s={search_term_string}"},"query-input":{"@type":"PropertyValueSpecification","valueRequired":true,"valueName":"search_term_string"}}],"inLanguage":"de-CH"},{"@type":"Organization","@id":"https:\/\/positiveprints.com\/de-ch\/#organization","name":"Positive Prints","alternateName":"Positive Prints","url":"https:\/\/positiveprints.com\/de-ch\/","logo":{"@type":"ImageObject","inLanguage":"de-CH","@id":"https:\/\/positiveprints.com\/de-ch\/#\/schema\/logo\/image\/","url":"https:\/\/positiveprints.com\/wp-content\/uploads\/2026\/03\/245815646_1337939713319158_5671353136411139666_n.png","contentUrl":"https:\/\/positiveprints.com\/wp-content\/uploads\/2026\/03\/245815646_1337939713319158_5671353136411139666_n.png","width":800,"height":800,"caption":"Positive Prints"},"image":{"@id":"https:\/\/positiveprints.com\/de-ch\/#\/schema\/logo\/image\/"},"sameAs":["https:\/\/www.facebook.com\/positiveprintscom","https:\/\/www.instagram.com\/positiveprintscom\/","https:\/\/www.tiktok.com\/@positiveprintscom","https:\/\/www.pinterest.com\/positiveprintscom\/"]}]}},"jetpack_sharing_enabled":true,"_links":{"self":[{"href":"https:\/\/positiveprints.com\/de-ch\/wp-json\/wp\/v2\/product\/152638","targetHints":{"allow":["GET"]}}],"collection":[{"href":"https:\/\/positiveprints.com\/de-ch\/wp-json\/wp\/v2\/product"}],"about":[{"href":"https:\/\/positiveprints.com\/de-ch\/wp-json\/wp\/v2\/types\/product"}],"wp:featuredmedia":[{"embeddable":true,"href":"https:\/\/positiveprints.com\/de-ch\/wp-json\/wp\/v2\/media\/1477779"}],"wp:attachment":[{"href":"https:\/\/positiveprints.com\/de-ch\/wp-json\/wp\/v2\/media?parent=152638"}],"wp:term":[{"taxonomy":"product_brand","embeddable":true,"href":"https:\/\/positiveprints.com\/de-ch\/wp-json\/wp\/v2\/product_brand?post=152638"},{"taxonomy":"product_cat","embeddable":true,"href":"https:\/\/positiveprints.com\/de-ch\/wp-json\/wp\/v2\/product_cat?post=152638"},{"taxonomy":"product_tag","embeddable":true,"href":"https:\/\/positiveprints.com\/de-ch\/wp-json\/wp\/v2\/product_tag?post=152638"}],"curies":[{"name":"wp","href":"https:\/\/api.w.org\/{rel}","templated":true}]}}