{"id":1517737,"date":"2025-09-16T10:54:04","date_gmt":"2025-09-16T08:54:04","guid":{"rendered":"https:\/\/positiveprints.com\/?post_type=product&#038;p=1517737"},"modified":"2026-04-03T02:22:08","modified_gmt":"2026-04-03T01:22:08","slug":"personalisierte-aquarellzeichnung-des-hochzeitsorts","status":"publish","type":"product","link":"https:\/\/positiveprints.com\/de-ch\/produkt\/personalisierte-aquarellzeichnung-des-hochzeitsorts\/","title":{"rendered":"Personalisierte Aquarellzeichnung des Hochzeitsorts"},"content":{"rendered":"","protected":false},"excerpt":{"rendered":"<ul class=\"check-list\">\n<li>Lade das Hochzeitsfoto hoch<\/li>\n<li>2 Revisionen auf deinen Wunsch verf\u00fcgbar<\/li>\n<li>Entspanne dich, w\u00e4hrend unsere K\u00fcnstler dein pers\u00f6nliches Kunstwerk gestalten<\/li>\n<li>Du bekommst einen Korrekturabzug innerhalb von 2\u20133 Werktagen<\/li>\n<li>Verschiedene Druckgr\u00f6\u00dfen zur Auswahl<\/li>\n<\/ul>\n","protected":false},"featured_media":1518174,"template":"","meta":[],"product_brand":[],"product_cat":[9768,13587,4905,5309,7935,7759],"product_tag":[14815,16521,14151,16304,16307,8487],"class_list":{"0":"post-1517737","1":"product","2":"type-product","3":"status-publish","4":"has-post-thumbnail","6":"product_cat-trending-label-de-ch","7":"product_cat-aquarell-de-ch","8":"product_cat-alle-produkte-de-ch","9":"product_cat-hochzeitsgeschenke-de-ch","10":"product_cat-brautduschen-geschenke-de-ch","11":"product_cat-geschenke-fur-deine-ehefrau-de-ch","12":"product_tag-couple-gift-de-ch","13":"product_tag-geschenk-fuer-frischvermaehlte-de-ch","14":"product_tag-geschenk-fur-paare-de-ch-2","15":"product_tag-hochzeitsgeschenk-de-ch","16":"product_tag-hochzeitsgeschenke-de-ch","17":"product_tag-wedding-de-ch","19":"first","20":"instock","21":"sale","22":"taxable","23":"shipping-taxable","24":"purchasable","25":"product-type-variable"},"yoast_head":"<!-- This site is optimized with the Yoast SEO Premium plugin v27.2 (Yoast SEO v27.2) - https:\/\/yoast.com\/product\/yoast-seo-premium-wordpress\/ -->\n<title>Personalisierte Aquarellzeichnung des Hochzeitsorts - Positive Prints<\/title>\n<meta name=\"description\" content=\"Ein einzigartiges und pers\u00f6nliches Hochzeitsgeschenk \u2013 verwandele ein Foto des Veranstaltungsortes in einen wundersch\u00f6nen Aquarelldruck, den das frisch verm\u00e4hlte Paar jahrelang sch\u00e4tzen wird..\" \/>\n<meta name=\"robots\" content=\"index, follow, max-snippet:-1, max-image-preview:large, max-video-preview:-1\" \/>\n<link rel=\"canonical\" href=\"https:\/\/positiveprints.com\/de-ch\/produkt\/personalisierte-aquarellzeichnung-des-hochzeitsorts\/\" \/>\n<meta property=\"og:locale\" content=\"de_DE\" \/>\n<meta property=\"og:type\" content=\"article\" \/>\n<meta property=\"og:title\" content=\"Personalisierte Aquarellzeichnung des Hochzeitsorts\" \/>\n<meta property=\"og:description\" content=\"Lade das Hochzeitsfoto hoch 2 Revisionen auf deinen Wunsch verf\u00fcgbar Entspanne dich, w\u00e4hrend unsere K\u00fcnstler dein pers\u00f6nliches Kunstwerk gestalten Du bekommst einen Korrekturabzug innerhalb von 2\u20133 Werktagen Verschiedene Druckgr\u00f6\u00dfen zur Auswahl\" \/>\n<meta property=\"og:url\" content=\"https:\/\/positiveprints.com\/de-ch\/produkt\/personalisierte-aquarellzeichnung-des-hochzeitsorts\/\" \/>\n<meta property=\"og:site_name\" content=\"Positive Prints\" \/>\n<meta property=\"article:publisher\" content=\"https:\/\/www.facebook.com\/positiveprintscom\" \/>\n<meta property=\"article:modified_time\" content=\"2026-04-03T01:22:08+00:00\" \/>\n<meta property=\"og:image\" content=\"https:\/\/positiveprints.com\/wp-content\/uploads\/2025\/09\/Personalisierte-Aquarellzeichnung-des-Hochzeitsorts-Packshot_DE_XX.webp\" \/>\n\t<meta property=\"og:image:width\" content=\"1450\" \/>\n\t<meta property=\"og:image:height\" content=\"1450\" \/>\n\t<meta property=\"og:image:type\" content=\"image\/webp\" \/>\n<meta name=\"twitter:card\" content=\"summary_large_image\" \/>\n<meta name=\"twitter:label1\" content=\"Gesch\u00e4tzte Lesezeit\" \/>\n\t<meta name=\"twitter:data1\" content=\"1\u00a0Minute\" \/>\n<!-- \/ Yoast SEO Premium plugin. -->","yoast_head_json":{"title":"Personalisierte Aquarellzeichnung des Hochzeitsorts - Positive Prints","description":"Ein einzigartiges und pers\u00f6nliches Hochzeitsgeschenk \u2013 verwandele ein Foto des Veranstaltungsortes in einen wundersch\u00f6nen Aquarelldruck, den das frisch verm\u00e4hlte Paar jahrelang sch\u00e4tzen wird..","robots":{"index":"index","follow":"follow","max-snippet":"max-snippet:-1","max-image-preview":"max-image-preview:large","max-video-preview":"max-video-preview:-1"},"canonical":"https:\/\/positiveprints.com\/de-ch\/produkt\/personalisierte-aquarellzeichnung-des-hochzeitsorts\/","og_locale":"de_DE","og_type":"article","og_title":"Personalisierte Aquarellzeichnung des Hochzeitsorts","og_description":"Lade das Hochzeitsfoto hoch 2 Revisionen auf deinen Wunsch verf\u00fcgbar Entspanne dich, w\u00e4hrend unsere K\u00fcnstler dein pers\u00f6nliches Kunstwerk gestalten Du bekommst einen Korrekturabzug innerhalb von 2\u20133 Werktagen Verschiedene Druckgr\u00f6\u00dfen zur Auswahl","og_url":"https:\/\/positiveprints.com\/de-ch\/produkt\/personalisierte-aquarellzeichnung-des-hochzeitsorts\/","og_site_name":"Positive Prints","article_publisher":"https:\/\/www.facebook.com\/positiveprintscom","article_modified_time":"2026-04-03T01:22:08+00:00","og_image":[{"width":1450,"height":1450,"url":"https:\/\/positiveprints.com\/wp-content\/uploads\/2025\/09\/Personalisierte-Aquarellzeichnung-des-Hochzeitsorts-Packshot_DE_XX.webp","type":"image\/webp"}],"twitter_card":"summary_large_image","twitter_misc":{"Gesch\u00e4tzte Lesezeit":"1\u00a0Minute"},"schema":{"@context":"https:\/\/schema.org","@graph":[{"@type":["WebPage","ItemPage"],"@id":"https:\/\/positiveprints.com\/de-ch\/produkt\/personalisierte-aquarellzeichnung-des-hochzeitsorts\/","url":"https:\/\/positiveprints.com\/de-ch\/produkt\/personalisierte-aquarellzeichnung-des-hochzeitsorts\/","name":"Personalisierte Aquarellzeichnung des Hochzeitsorts - Positive Prints","isPartOf":{"@id":"https:\/\/positiveprints.com\/de-ch\/#website"},"primaryImageOfPage":{"@id":"https:\/\/positiveprints.com\/de-ch\/produkt\/personalisierte-aquarellzeichnung-des-hochzeitsorts\/#primaryimage"},"image":{"@id":"https:\/\/positiveprints.com\/de-ch\/produkt\/personalisierte-aquarellzeichnung-des-hochzeitsorts\/#primaryimage"},"thumbnailUrl":"https:\/\/positiveprints.com\/wp-content\/uploads\/2025\/09\/Personalisierte-Aquarellzeichnung-des-Hochzeitsorts-Packshot_DE_XX.webp","datePublished":"2025-09-16T08:54:04+00:00","dateModified":"2026-04-03T01:22:08+00:00","description":"Ein einzigartiges und pers\u00f6nliches Hochzeitsgeschenk \u2013 verwandele ein Foto des Veranstaltungsortes in einen wundersch\u00f6nen Aquarelldruck, den das frisch verm\u00e4hlte Paar jahrelang sch\u00e4tzen wird..","breadcrumb":{"@id":"https:\/\/positiveprints.com\/de-ch\/produkt\/personalisierte-aquarellzeichnung-des-hochzeitsorts\/#breadcrumb"},"inLanguage":"de-CH","potentialAction":[{"@type":"ReadAction","target":["https:\/\/positiveprints.com\/de-ch\/produkt\/personalisierte-aquarellzeichnung-des-hochzeitsorts\/"]}]},{"@type":"ImageObject","inLanguage":"de-CH","@id":"https:\/\/positiveprints.com\/de-ch\/produkt\/personalisierte-aquarellzeichnung-des-hochzeitsorts\/#primaryimage","url":"https:\/\/positiveprints.com\/wp-content\/uploads\/2025\/09\/Personalisierte-Aquarellzeichnung-des-Hochzeitsorts-Packshot_DE_XX.webp","contentUrl":"https:\/\/positiveprints.com\/wp-content\/uploads\/2025\/09\/Personalisierte-Aquarellzeichnung-des-Hochzeitsorts-Packshot_DE_XX.webp","width":1450,"height":1450,"caption":"Personalisierte Aquarellzeichnung des Hochzeitsorts"},{"@type":"BreadcrumbList","@id":"https:\/\/positiveprints.com\/de-ch\/produkt\/personalisierte-aquarellzeichnung-des-hochzeitsorts\/#breadcrumb","itemListElement":[{"@type":"ListItem","position":1,"name":"Home","item":"https:\/\/positiveprints.com\/de-ch\/"},{"@type":"ListItem","position":2,"name":"Produkte","item":"https:\/\/positiveprints.com\/de-ch\/shop\/"},{"@type":"ListItem","position":3,"name":"Personalisierte Aquarellzeichnung des Hochzeitsorts"}]},{"@type":"WebSite","@id":"https:\/\/positiveprints.com\/de-ch\/#website","url":"https:\/\/positiveprints.com\/de-ch\/","name":"Positive Prints","description":"Amazing Custom Personalized Gifts","publisher":{"@id":"https:\/\/positiveprints.com\/de-ch\/#organization"},"potentialAction":[{"@type":"SearchAction","target":{"@type":"EntryPoint","urlTemplate":"https:\/\/positiveprints.com\/de-ch\/?s={search_term_string}"},"query-input":{"@type":"PropertyValueSpecification","valueRequired":true,"valueName":"search_term_string"}}],"inLanguage":"de-CH"},{"@type":"Organization","@id":"https:\/\/positiveprints.com\/de-ch\/#organization","name":"Positive Prints","alternateName":"Positive Prints","url":"https:\/\/positiveprints.com\/de-ch\/","logo":{"@type":"ImageObject","inLanguage":"de-CH","@id":"https:\/\/positiveprints.com\/de-ch\/#\/schema\/logo\/image\/","url":"https:\/\/positiveprints.com\/wp-content\/uploads\/2026\/03\/245815646_1337939713319158_5671353136411139666_n.png","contentUrl":"https:\/\/positiveprints.com\/wp-content\/uploads\/2026\/03\/245815646_1337939713319158_5671353136411139666_n.png","width":800,"height":800,"caption":"Positive Prints"},"image":{"@id":"https:\/\/positiveprints.com\/de-ch\/#\/schema\/logo\/image\/"},"sameAs":["https:\/\/www.facebook.com\/positiveprintscom","https:\/\/www.instagram.com\/positiveprintscom\/","https:\/\/www.tiktok.com\/@positiveprintscom","https:\/\/www.pinterest.com\/positiveprintscom\/"]}]}},"jetpack_sharing_enabled":true,"_links":{"self":[{"href":"https:\/\/positiveprints.com\/de-ch\/wp-json\/wp\/v2\/product\/1517737","targetHints":{"allow":["GET"]}}],"collection":[{"href":"https:\/\/positiveprints.com\/de-ch\/wp-json\/wp\/v2\/product"}],"about":[{"href":"https:\/\/positiveprints.com\/de-ch\/wp-json\/wp\/v2\/types\/product"}],"wp:featuredmedia":[{"embeddable":true,"href":"https:\/\/positiveprints.com\/de-ch\/wp-json\/wp\/v2\/media\/1518174"}],"wp:attachment":[{"href":"https:\/\/positiveprints.com\/de-ch\/wp-json\/wp\/v2\/media?parent=1517737"}],"wp:term":[{"taxonomy":"product_brand","embeddable":true,"href":"https:\/\/positiveprints.com\/de-ch\/wp-json\/wp\/v2\/product_brand?post=1517737"},{"taxonomy":"product_cat","embeddable":true,"href":"https:\/\/positiveprints.com\/de-ch\/wp-json\/wp\/v2\/product_cat?post=1517737"},{"taxonomy":"product_tag","embeddable":true,"href":"https:\/\/positiveprints.com\/de-ch\/wp-json\/wp\/v2\/product_tag?post=1517737"}],"curies":[{"name":"wp","href":"https:\/\/api.w.org\/{rel}","templated":true}]}}