{"id":1499941,"date":"2025-08-20T11:55:12","date_gmt":"2025-08-20T09:55:12","guid":{"rendered":"https:\/\/positiveprints.com\/product\/koenigliches-hundeportraet\/"},"modified":"2026-04-03T02:23:32","modified_gmt":"2026-04-03T01:23:32","slug":"koenigliches-hundeportraet","status":"publish","type":"product","link":"https:\/\/positiveprints.com\/de-ch\/produkt\/koenigliches-hundeportraet\/","title":{"rendered":"K\u00f6nigliches Hundeportr\u00e4t"},"content":{"rendered":"","protected":false},"excerpt":{"rendered":"<ul class=\"check-list\">\n<li>Lade dein Lieblingsfoto hoch<\/li>\n<li>2 Revisionen auf deinen Wunsch verf\u00fcgbar<\/li>\n<li>Entspanne dich, w\u00e4hrend unsere K\u00fcnstler das Meisterwerk deines Haustiers gestalten<\/li>\n<li>Erhalte deinen Korrekturabzug innerhalb von 2\u20133 Werktagen<\/li>\n<li>Mehrere Druckgr\u00f6\u00dfen zur Auswahl<\/li>\n<\/ul>\n","protected":false},"featured_media":1499919,"template":"","meta":[],"product_brand":[],"product_cat":[4905,13587,7903],"product_tag":[15630,13897,13888,13891,13882,13894,13879],"class_list":{"0":"post-1499941","1":"product","2":"type-product","3":"status-publish","4":"has-post-thumbnail","6":"product_cat-alle-produkte-de-ch","7":"product_cat-aquarell-de-ch","8":"product_cat-geschenke-fur-hundeliebhaber-de-ch","9":"product_tag-animals-de-ch","10":"product_tag-geschenke-fur-hundebesitzer-de-ch","11":"product_tag-geschenke-fur-hundeliebhaber-de-ch","12":"product_tag-geschenke-fur-hundemamas-de-ch","13":"product_tag-geschenke-fur-hundevater-de-ch","14":"product_tag-hundebesitzer-de-ch","15":"product_tag-personalisierte-hundegeschenke-de-ch","17":"first","18":"instock","19":"sale","20":"taxable","21":"shipping-taxable","22":"purchasable","23":"product-type-variable"},"yoast_head":"<!-- This site is optimized with the Yoast SEO Premium plugin v27.2 (Yoast SEO v27.2) - https:\/\/yoast.com\/product\/yoast-seo-premium-wordpress\/ -->\n<title>K\u00f6nigliches Hundeportr\u00e4t - Positive Prints<\/title>\n<meta name=\"description\" content=\"Verw\u00f6hne deine Welpen mit einem lustigen, individuellen Portr\u00e4t in edlem Gewand. Ein witziges und charmantes Geschenk f\u00fcr Hundeliebhaber, die ihren pelzigen K\u00f6nig oder ihre pelzige K\u00f6nigin lieben.\" \/>\n<meta name=\"robots\" content=\"index, follow, max-snippet:-1, max-image-preview:large, max-video-preview:-1\" \/>\n<link rel=\"canonical\" href=\"https:\/\/positiveprints.com\/de-ch\/produkt\/koenigliches-hundeportraet\/\" \/>\n<meta property=\"og:locale\" content=\"de_DE\" \/>\n<meta property=\"og:type\" content=\"article\" \/>\n<meta property=\"og:title\" content=\"K\u00f6nigliches Hundeportr\u00e4t\" \/>\n<meta property=\"og:description\" content=\"Lade dein Lieblingsfoto hoch 2 Revisionen auf deinen Wunsch verf\u00fcgbar Entspanne dich, w\u00e4hrend unsere K\u00fcnstler das Meisterwerk deines Haustiers gestalten Erhalte deinen Korrekturabzug innerhalb von 2\u20133 Werktagen Mehrere Druckgr\u00f6\u00dfen zur Auswahl\" \/>\n<meta property=\"og:url\" content=\"https:\/\/positiveprints.com\/de-ch\/produkt\/koenigliches-hundeportraet\/\" \/>\n<meta property=\"og:site_name\" content=\"Positive Prints\" \/>\n<meta property=\"article:publisher\" content=\"https:\/\/www.facebook.com\/positiveprintscom\" \/>\n<meta property=\"article:modified_time\" content=\"2026-04-03T01:23:32+00:00\" \/>\n<meta property=\"og:image\" content=\"https:\/\/positiveprints.com\/wp-content\/uploads\/2025\/08\/Packshot_DE_Ko\u0308nigliches-Hundeportra\u0308t.webp\" \/>\n\t<meta property=\"og:image:width\" content=\"1450\" \/>\n\t<meta property=\"og:image:height\" content=\"1450\" \/>\n\t<meta property=\"og:image:type\" content=\"image\/webp\" \/>\n<meta name=\"twitter:card\" content=\"summary_large_image\" \/>\n<meta name=\"twitter:label1\" content=\"Gesch\u00e4tzte Lesezeit\" \/>\n\t<meta name=\"twitter:data1\" content=\"1\u00a0Minute\" \/>\n<!-- \/ Yoast SEO Premium plugin. -->","yoast_head_json":{"title":"K\u00f6nigliches Hundeportr\u00e4t - Positive Prints","description":"Verw\u00f6hne deine Welpen mit einem lustigen, individuellen Portr\u00e4t in edlem Gewand. Ein witziges und charmantes Geschenk f\u00fcr Hundeliebhaber, die ihren pelzigen K\u00f6nig oder ihre pelzige K\u00f6nigin lieben.","robots":{"index":"index","follow":"follow","max-snippet":"max-snippet:-1","max-image-preview":"max-image-preview:large","max-video-preview":"max-video-preview:-1"},"canonical":"https:\/\/positiveprints.com\/de-ch\/produkt\/koenigliches-hundeportraet\/","og_locale":"de_DE","og_type":"article","og_title":"K\u00f6nigliches Hundeportr\u00e4t","og_description":"Lade dein Lieblingsfoto hoch 2 Revisionen auf deinen Wunsch verf\u00fcgbar Entspanne dich, w\u00e4hrend unsere K\u00fcnstler das Meisterwerk deines Haustiers gestalten Erhalte deinen Korrekturabzug innerhalb von 2\u20133 Werktagen Mehrere Druckgr\u00f6\u00dfen zur Auswahl","og_url":"https:\/\/positiveprints.com\/de-ch\/produkt\/koenigliches-hundeportraet\/","og_site_name":"Positive Prints","article_publisher":"https:\/\/www.facebook.com\/positiveprintscom","article_modified_time":"2026-04-03T01:23:32+00:00","og_image":[{"width":1450,"height":1450,"url":"https:\/\/positiveprints.com\/wp-content\/uploads\/2025\/08\/Packshot_DE_Ko\u0308nigliches-Hundeportra\u0308t.webp","type":"image\/webp"}],"twitter_card":"summary_large_image","twitter_misc":{"Gesch\u00e4tzte Lesezeit":"1\u00a0Minute"},"schema":{"@context":"https:\/\/schema.org","@graph":[{"@type":["WebPage","ItemPage"],"@id":"https:\/\/positiveprints.com\/de-ch\/produkt\/koenigliches-hundeportraet\/","url":"https:\/\/positiveprints.com\/de-ch\/produkt\/koenigliches-hundeportraet\/","name":"K\u00f6nigliches Hundeportr\u00e4t - Positive Prints","isPartOf":{"@id":"https:\/\/positiveprints.com\/de-ch\/#website"},"primaryImageOfPage":{"@id":"https:\/\/positiveprints.com\/de-ch\/produkt\/koenigliches-hundeportraet\/#primaryimage"},"image":{"@id":"https:\/\/positiveprints.com\/de-ch\/produkt\/koenigliches-hundeportraet\/#primaryimage"},"thumbnailUrl":"https:\/\/positiveprints.com\/wp-content\/uploads\/2025\/08\/Packshot_DE_Ko\u0308nigliches-Hundeportra\u0308t.webp","datePublished":"2025-08-20T09:55:12+00:00","dateModified":"2026-04-03T01:23:32+00:00","description":"Verw\u00f6hne deine Welpen mit einem lustigen, individuellen Portr\u00e4t in edlem Gewand. Ein witziges und charmantes Geschenk f\u00fcr Hundeliebhaber, die ihren pelzigen K\u00f6nig oder ihre pelzige K\u00f6nigin lieben.","breadcrumb":{"@id":"https:\/\/positiveprints.com\/de-ch\/produkt\/koenigliches-hundeportraet\/#breadcrumb"},"inLanguage":"de-CH","potentialAction":[{"@type":"ReadAction","target":["https:\/\/positiveprints.com\/de-ch\/produkt\/koenigliches-hundeportraet\/"]}]},{"@type":"ImageObject","inLanguage":"de-CH","@id":"https:\/\/positiveprints.com\/de-ch\/produkt\/koenigliches-hundeportraet\/#primaryimage","url":"https:\/\/positiveprints.com\/wp-content\/uploads\/2025\/08\/Packshot_DE_Ko\u0308nigliches-Hundeportra\u0308t.webp","contentUrl":"https:\/\/positiveprints.com\/wp-content\/uploads\/2025\/08\/Packshot_DE_Ko\u0308nigliches-Hundeportra\u0308t.webp","width":1450,"height":1450,"caption":"K\u00f6nigliches Hundeportr\u00e4t"},{"@type":"BreadcrumbList","@id":"https:\/\/positiveprints.com\/de-ch\/produkt\/koenigliches-hundeportraet\/#breadcrumb","itemListElement":[{"@type":"ListItem","position":1,"name":"Home","item":"https:\/\/positiveprints.com\/de-ch\/"},{"@type":"ListItem","position":2,"name":"Produkte","item":"https:\/\/positiveprints.com\/de-ch\/shop\/"},{"@type":"ListItem","position":3,"name":"K\u00f6nigliches Hundeportr\u00e4t"}]},{"@type":"WebSite","@id":"https:\/\/positiveprints.com\/de-ch\/#website","url":"https:\/\/positiveprints.com\/de-ch\/","name":"Positive Prints","description":"Amazing Custom Personalized Gifts","publisher":{"@id":"https:\/\/positiveprints.com\/de-ch\/#organization"},"potentialAction":[{"@type":"SearchAction","target":{"@type":"EntryPoint","urlTemplate":"https:\/\/positiveprints.com\/de-ch\/?s={search_term_string}"},"query-input":{"@type":"PropertyValueSpecification","valueRequired":true,"valueName":"search_term_string"}}],"inLanguage":"de-CH"},{"@type":"Organization","@id":"https:\/\/positiveprints.com\/de-ch\/#organization","name":"Positive Prints","alternateName":"Positive Prints","url":"https:\/\/positiveprints.com\/de-ch\/","logo":{"@type":"ImageObject","inLanguage":"de-CH","@id":"https:\/\/positiveprints.com\/de-ch\/#\/schema\/logo\/image\/","url":"https:\/\/positiveprints.com\/wp-content\/uploads\/2026\/03\/245815646_1337939713319158_5671353136411139666_n.png","contentUrl":"https:\/\/positiveprints.com\/wp-content\/uploads\/2026\/03\/245815646_1337939713319158_5671353136411139666_n.png","width":800,"height":800,"caption":"Positive Prints"},"image":{"@id":"https:\/\/positiveprints.com\/de-ch\/#\/schema\/logo\/image\/"},"sameAs":["https:\/\/www.facebook.com\/positiveprintscom","https:\/\/www.instagram.com\/positiveprintscom\/","https:\/\/www.tiktok.com\/@positiveprintscom","https:\/\/www.pinterest.com\/positiveprintscom\/"]}]}},"jetpack_sharing_enabled":true,"_links":{"self":[{"href":"https:\/\/positiveprints.com\/de-ch\/wp-json\/wp\/v2\/product\/1499941","targetHints":{"allow":["GET"]}}],"collection":[{"href":"https:\/\/positiveprints.com\/de-ch\/wp-json\/wp\/v2\/product"}],"about":[{"href":"https:\/\/positiveprints.com\/de-ch\/wp-json\/wp\/v2\/types\/product"}],"wp:featuredmedia":[{"embeddable":true,"href":"https:\/\/positiveprints.com\/de-ch\/wp-json\/wp\/v2\/media\/1499919"}],"wp:attachment":[{"href":"https:\/\/positiveprints.com\/de-ch\/wp-json\/wp\/v2\/media?parent=1499941"}],"wp:term":[{"taxonomy":"product_brand","embeddable":true,"href":"https:\/\/positiveprints.com\/de-ch\/wp-json\/wp\/v2\/product_brand?post=1499941"},{"taxonomy":"product_cat","embeddable":true,"href":"https:\/\/positiveprints.com\/de-ch\/wp-json\/wp\/v2\/product_cat?post=1499941"},{"taxonomy":"product_tag","embeddable":true,"href":"https:\/\/positiveprints.com\/de-ch\/wp-json\/wp\/v2\/product_tag?post=1499941"}],"curies":[{"name":"wp","href":"https:\/\/api.w.org\/{rel}","templated":true}]}}